{"id":281191,"date":"2021-11-11T15:53:47","date_gmt":"2021-11-11T14:53:47","guid":{"rendered":"https:\/\/miomiorun.com\/prodotto\/la-sportiva-odissey-gtx-jkt-uomo\/"},"modified":"2026-05-08T21:18:09","modified_gmt":"2026-05-08T19:18:09","slug":"la-sportiva-odissey-gtx-jkt-hobre","status":"publish","type":"product","link":"https:\/\/www.miomiorun.com\/es\/producto\/la-sportiva-odissey-gtx-jkt-hobre\/","title":{"rendered":"Odissey Gtx Jkt hombre"},"content":{"rendered":"<p>La chaqueta <strong>Odissey Gtx<\/strong> para hombre est\u00e1 confeccionada con la membrana Gore-Tex Active Shell\u2122 m\u00e1s ligera de \u00faltima generaci\u00f3n; la Odyssey GTX jkt ofrece el m\u00e1ximo nivel de protecci\u00f3n contra la lluvia y el viento con un peso incre\u00edblemente reducido.<\/p>\n<h3><strong>Informaci\u00f3n t\u00e9cnica:<\/strong><\/h3>\n<p><img loading=\"lazy\" decoding=\"async\" class=\"lazyloaded\" src=\"https:\/\/www.lasportiva.com\/media\/techinfo_icons\/traspirabilita.png\" alt=\"La Sportiva\" width=\"75\" height=\"75\" data-src=\"https:\/\/www.lasportiva.com\/media\/techinfo_icons\/traspirabilita.png\" \/><\/p>\n<p><strong>Transpirabilidad:<\/strong><br \/>\nProductos altamente transpirables para un confort clim\u00e1tico \u00f3ptimo.<\/p>\n<p>&nbsp;<\/p>\n<p><img loading=\"lazy\" decoding=\"async\" class=\"lazyloaded\" src=\"https:\/\/www.lasportiva.com\/media\/techinfo_icons\/comfort-fit.png\" alt=\"La Sportiva\" width=\"75\" height=\"75\" data-src=\"https:\/\/www.lasportiva.com\/media\/techinfo_icons\/comfort-fit.png\" \/><\/p>\n<p><strong>Ajuste c\u00f3modo:<\/strong><\/p>\n<p>Corte holgado, tejidos suaves.<\/p>\n<p>&nbsp;<\/p>\n<p><img decoding=\"async\" class=\"img-responsive margin-bottom-sm\" src=\"https:\/\/www.lasportiva.com\/media\/techinfo_icons\/Durability_75x75.png\" \/><\/p>\n<p><strong>Durabilidad:<\/strong><br \/>\nProductos de alta resistencia al desgaste.<\/p>\n<p>&nbsp;<\/p>\n<p><img loading=\"lazy\" decoding=\"async\" class=\"lazyloaded\" src=\"https:\/\/www.lasportiva.com\/media\/techinfo_icons\/i\/d\/idrorepellenza_1.png\" alt=\"La Sportiva\" width=\"75\" height=\"75\" data-src=\"https:\/\/www.lasportiva.com\/media\/techinfo_icons\/i\/d\/idrorepellenza_1.png\" \/><\/p>\n<p><strong>Resistente al agua:<\/strong><br \/>\nPara su uso en condiciones de lluvia intensa, viento o nieve<\/p>\n<p>&nbsp;<\/p>\n<p><img loading=\"lazy\" decoding=\"async\" class=\"lazyloaded\" src=\"https:\/\/www.lasportiva.com\/media\/techinfo_icons\/wind-stop.png\" alt=\"La Sportiva\" width=\"75\" height=\"75\" data-src=\"https:\/\/www.lasportiva.com\/media\/techinfo_icons\/wind-stop.png\" \/><\/p>\n<p><strong>Cortavientos:<\/strong><br \/>\nPrendas confeccionadas con tejidos cortavientos<\/p>\n<p>&nbsp;<\/p>\n<p><img decoding=\"async\" class=\"img-responsive margin-bottom-sm\" src=\"https:\/\/www.lasportiva.com\/media\/techinfo_icons\/Bluesign-product_2.075x75.png\" \/><\/p>\n<p>\u00bfQU\u00c9 ES EL SISTEMA BLUESIGN? &#8211; El sistema de certificaci\u00f3n \u00abbluesign\u00ae system\u00bb certifica la sostenibilidad de toda la cadena de producci\u00f3n textil. Elimina las sustancias peligrosas para las personas y el medio ambiente desde el inicio del proceso de producci\u00f3n, estableciendo y controlando los est\u00e1ndares socioambientales y de eco-compatibilidad de todos los procesos productivos implicados a lo largo de la cadena de valor, garantizando al consumidor la compra de productos sostenibles. La Sportiva es miembro oficial de bluesign\u00ae desde 2012: esto certifica que toda la cadena de producci\u00f3n textil cumple los criterios socioambientales promovidos por bluesign\u00ae. Desde 2014\/15, La Sportiva fabrica adem\u00e1s productos totalmente certificados por bluesign\u00ae en los que se aplica la etiqueta oficial de bluesign\u00ae product. \u00bfQU\u00c9 SIGNIFICA UN PRODUCTO CERTIFICADO BLUESIGN? &#8211; Un producto certificado bluesign\u00ae garantiza el m\u00e1ximo nivel de seguridad para el consumidor en t\u00e9rminos de respeto socioambiental y certifica que el producto se ha obtenido con el menor impacto posible sobre el planeta y las personas, respetando los est\u00e1ndares de calidad aprobados por bluesign\u00ae y utilizando recursos sostenibles a lo largo de toda la cadena de producci\u00f3n. Un producto bluesign\u00ae es la prueba del compromiso de la empresa con la sostenibilidad del planeta.<\/p>\n<p>&nbsp;<\/p>\n<p><img loading=\"lazy\" decoding=\"async\" class=\"lazyloaded\" src=\"https:\/\/www.lasportiva.com\/media\/techinfo_icons\/L5.png\" alt=\"La Sportiva\" width=\"75\" height=\"75\" data-src=\"https:\/\/www.lasportiva.com\/media\/techinfo_icons\/L5.png\" \/><\/p>\n<p><strong>L5 &#8211; HARD SHELL<\/strong><br \/>\nCapa exterior de protecci\u00f3n contra el viento, la lluvia y la nieve. Una aut\u00e9ntica barrera contra los elementos que, al mismo tiempo, favorece la transpiraci\u00f3n gracias a los materiales y las membranas utilizados.<\/p>\n<p>&nbsp;<\/p>\n<p><img loading=\"lazy\" decoding=\"async\" class=\"lazyloaded\" src=\"https:\/\/www.lasportiva.com\/media\/techinfo_icons\/g\/o\/goretex_icona_75x75_13.png\" alt=\"La Sportiva\" width=\"75\" height=\"75\" data-src=\"https:\/\/www.lasportiva.com\/media\/techinfo_icons\/g\/o\/goretex_icona_75x75_13.png\" \/><\/p>\n<p><strong>GORE-TEX\u00ae ACTIVE SHELL:<br \/>\n<\/strong>Las prendas dise\u00f1adas con la nueva tecnolog\u00eda GORE-TEX\u00ae Active son ligeras, suaves, c\u00f3modas y extremadamente transpirables. Un tejido vers\u00e1til para todas las estaciones, ideal para aventuras din\u00e1micas.<\/p>\n<p>\u2022 Mayor suavidad y comodidad sobre la piel.<br \/>\n\u2022 M\u00e1s c\u00f3modo y ligero.<br \/>\n\u2022 Extremadamente transpirable.<br \/>\n\u2022 Impermeable y cortavientos a largo plazo.<br \/>\n\u2022 Dise\u00f1ado espec\u00edficamente para actividades de alto gasto energ\u00e9tico<\/p>\n<p><img loading=\"lazy\" decoding=\"async\" src=\"https:\/\/www.lasportiva.com\/media\/GORETEXactive_pop-up.png\" alt=\"\" width=\"674\" height=\"257\" \/><\/p>\n<p>&nbsp;<\/p>\n<p>&nbsp;<\/p>\n<p>&nbsp;<\/p>\n","protected":false},"excerpt":{"rendered":"<p>La chaqueta Odissey Gtx para hombre est\u00e1 confeccionada con la membrana Gore-Tex Active Shell\u2122 m\u00e1s ligera de \u00faltima generaci\u00f3n; la Odyssey GTX jkt ofrece el m\u00e1ximo nivel de protecci\u00f3n contra la lluvia y el viento con un peso incre\u00edblemente reducido. Informaci\u00f3n t\u00e9cnica: Transpirabilidad: Productos altamente transpirables para un confort clim\u00e1tico \u00f3ptimo. &nbsp; Ajuste c\u00f3modo: Corte &hellip; <a href=\"https:\/\/www.miomiorun.com\/es\/producto\/la-sportiva-odissey-gtx-jkt-hobre\/\">Continued<\/a><\/p>\n","protected":false},"featured_media":234400,"template":"","meta":{"_acf_changed":false,"inline_featured_image":false},"product_brand":[],"product_cat":[24460,24463,24464],"product_tag":[23598,23600],"class_list":{"0":"post-281191","1":"product","2":"type-product","3":"status-publish","4":"has-post-thumbnail","6":"product_cat-chaquetas-es-2","7":"product_cat-ropa-de-hombre-es","8":"product_cat-hombre","9":"product_tag-la-sportiva-es","10":"product_tag-la-sportiva-hombre","11":"pa_attivita-caminar","12":"pa_attivita-outdoor-es","13":"pa_attivita-trail-es","14":"pa_colore-odyssey-gtx-jkt-black-es","15":"pa_marca-la-sportiva-es","16":"pa_sesso-hombre","17":"pa_size-small-es","18":"pa_size-large-es","20":"first","21":"instock","22":"taxable","23":"shipping-taxable","24":"purchasable","25":"product-type-variable","26":"wvs-archive-product-wrapper"},"acf":[],"yoast_head":"<!-- This site is optimized with the Yoast SEO plugin v26.8 - https:\/\/yoast.com\/product\/yoast-seo-wordpress\/ -->\n<title>La Sportiva Odissey Gtx Jkt hombre - Chaqueta para correr- MioMioRun.com<\/title>\n<meta name=\"description\" content=\"La chaqueta Odissey Gtx para hombre est\u00e1 confeccionada con la membrana Gore-Tex Active Shell\u2122 m\u00e1s ligera de \u00faltima generaci\u00f3n.\" \/>\n<meta name=\"robots\" content=\"index, follow, max-snippet:-1, max-image-preview:large, max-video-preview:-1\" \/>\n<link rel=\"canonical\" href=\"https:\/\/www.miomiorun.com\/es\/producto\/la-sportiva-odissey-gtx-jkt-hobre\/\" \/>\n<meta property=\"og:locale\" content=\"es_ES\" \/>\n<meta property=\"og:type\" content=\"article\" \/>\n<meta property=\"og:title\" content=\"La Sportiva Odissey Gtx Jkt hombre - Chaqueta para correr- MioMioRun.com\" \/>\n<meta property=\"og:description\" content=\"La chaqueta Odissey Gtx para hombre est\u00e1 confeccionada con la membrana Gore-Tex Active Shell\u2122 m\u00e1s ligera de \u00faltima generaci\u00f3n.\" \/>\n<meta property=\"og:url\" content=\"https:\/\/www.miomiorun.com\/es\/producto\/la-sportiva-odissey-gtx-jkt-hobre\/\" \/>\n<meta property=\"og:site_name\" content=\"MioMioRun\" \/>\n<meta property=\"article:publisher\" content=\"https:\/\/www.facebook.com\/miomiorun\/\" \/>\n<meta property=\"article:modified_time\" content=\"2026-05-08T19:18:09+00:00\" \/>\n<meta property=\"og:image\" content=\"https:\/\/www.miomiorun.com\/app\/uploads\/2021\/11\/la-sportiva-odyssey-GTX-jkt-L01999999.jpg\" \/>\n\t<meta property=\"og:image:width\" content=\"600\" \/>\n\t<meta property=\"og:image:height\" content=\"600\" \/>\n\t<meta property=\"og:image:type\" content=\"image\/jpeg\" \/>\n<meta name=\"twitter:card\" content=\"summary_large_image\" \/>\n<meta name=\"twitter:label1\" content=\"Est. reading time\" \/>\n\t<meta name=\"twitter:data1\" content=\"2 minutes\" \/>\n<script type=\"application\/ld+json\" class=\"yoast-schema-graph\">{\"@context\":\"https:\/\/schema.org\",\"@graph\":[{\"@type\":\"WebPage\",\"@id\":\"https:\/\/www.miomiorun.com\/es\/producto\/la-sportiva-odissey-gtx-jkt-hobre\/\",\"url\":\"https:\/\/www.miomiorun.com\/es\/producto\/la-sportiva-odissey-gtx-jkt-hobre\/\",\"name\":\"La Sportiva Odissey Gtx Jkt hombre - Chaqueta para correr- MioMioRun.com\",\"isPartOf\":{\"@id\":\"https:\/\/www.miomiorun.com\/es\/#website\"},\"primaryImageOfPage\":{\"@id\":\"https:\/\/www.miomiorun.com\/es\/producto\/la-sportiva-odissey-gtx-jkt-hobre\/#primaryimage\"},\"image\":{\"@id\":\"https:\/\/www.miomiorun.com\/es\/producto\/la-sportiva-odissey-gtx-jkt-hobre\/#primaryimage\"},\"thumbnailUrl\":\"https:\/\/www.miomiorun.com\/app\/uploads\/2021\/11\/la-sportiva-odyssey-GTX-jkt-L01999999.jpg\",\"datePublished\":\"2021-11-11T14:53:47+00:00\",\"dateModified\":\"2026-05-08T19:18:09+00:00\",\"description\":\"La chaqueta Odissey Gtx para hombre est\u00e1 confeccionada con la membrana Gore-Tex Active Shell\u2122 m\u00e1s ligera de \u00faltima generaci\u00f3n.\",\"breadcrumb\":{\"@id\":\"https:\/\/www.miomiorun.com\/es\/producto\/la-sportiva-odissey-gtx-jkt-hobre\/#breadcrumb\"},\"inLanguage\":\"es-ES\",\"potentialAction\":[{\"@type\":\"ReadAction\",\"target\":[\"https:\/\/www.miomiorun.com\/es\/producto\/la-sportiva-odissey-gtx-jkt-hobre\/\"]}]},{\"@type\":\"ImageObject\",\"inLanguage\":\"es-ES\",\"@id\":\"https:\/\/www.miomiorun.com\/es\/producto\/la-sportiva-odissey-gtx-jkt-hobre\/#primaryimage\",\"url\":\"https:\/\/www.miomiorun.com\/app\/uploads\/2021\/11\/la-sportiva-odyssey-GTX-jkt-L01999999.jpg\",\"contentUrl\":\"https:\/\/www.miomiorun.com\/app\/uploads\/2021\/11\/la-sportiva-odyssey-GTX-jkt-L01999999.jpg\",\"width\":600,\"height\":600,\"caption\":\"la sportiva odyssey gtx jkt\"},{\"@type\":\"BreadcrumbList\",\"@id\":\"https:\/\/www.miomiorun.com\/es\/producto\/la-sportiva-odissey-gtx-jkt-hobre\/#breadcrumb\",\"itemListElement\":[{\"@type\":\"ListItem\",\"position\":1,\"name\":\"Home\",\"item\":\"https:\/\/www.miomiorun.com\/es\/\"},{\"@type\":\"ListItem\",\"position\":2,\"name\":\"Shop\",\"item\":\"https:\/\/www.miomiorun.com\/shop\/\"},{\"@type\":\"ListItem\",\"position\":3,\"name\":\"Odissey Gtx Jkt hombre\"}]},{\"@type\":\"WebSite\",\"@id\":\"https:\/\/www.miomiorun.com\/es\/#website\",\"url\":\"https:\/\/www.miomiorun.com\/es\/\",\"name\":\"MioMioRun\",\"description\":\"Tienda 100% running y trail\",\"publisher\":{\"@id\":\"https:\/\/www.miomiorun.com\/es\/#organization\"},\"potentialAction\":[{\"@type\":\"SearchAction\",\"target\":{\"@type\":\"EntryPoint\",\"urlTemplate\":\"https:\/\/www.miomiorun.com\/es\/?s={search_term_string}\"},\"query-input\":{\"@type\":\"PropertyValueSpecification\",\"valueRequired\":true,\"valueName\":\"search_term_string\"}}],\"inLanguage\":\"es-ES\"},{\"@type\":\"Organization\",\"@id\":\"https:\/\/www.miomiorun.com\/es\/#organization\",\"name\":\"MioMio Run\",\"url\":\"https:\/\/www.miomiorun.com\/es\/\",\"logo\":{\"@type\":\"ImageObject\",\"inLanguage\":\"es-ES\",\"@id\":\"https:\/\/www.miomiorun.com\/es\/#\/schema\/logo\/image\/\",\"url\":\"https:\/\/www.miomiorun.com\/app\/uploads\/2019\/12\/logomio.png\",\"contentUrl\":\"https:\/\/www.miomiorun.com\/app\/uploads\/2019\/12\/logomio.png\",\"width\":115,\"height\":82,\"caption\":\"MioMio Run\"},\"image\":{\"@id\":\"https:\/\/www.miomiorun.com\/es\/#\/schema\/logo\/image\/\"},\"sameAs\":[\"https:\/\/www.facebook.com\/miomiorun\/\",\"https:\/\/www.instagram.com\/miomiorun\/\"]}]}<\/script>\n<!-- \/ Yoast SEO plugin. -->","yoast_head_json":{"title":"La Sportiva Odissey Gtx Jkt hombre - Chaqueta para correr- MioMioRun.com","description":"La chaqueta Odissey Gtx para hombre est\u00e1 confeccionada con la membrana Gore-Tex Active Shell\u2122 m\u00e1s ligera de \u00faltima generaci\u00f3n.","robots":{"index":"index","follow":"follow","max-snippet":"max-snippet:-1","max-image-preview":"max-image-preview:large","max-video-preview":"max-video-preview:-1"},"canonical":"https:\/\/www.miomiorun.com\/es\/producto\/la-sportiva-odissey-gtx-jkt-hobre\/","og_locale":"es_ES","og_type":"article","og_title":"La Sportiva Odissey Gtx Jkt hombre - Chaqueta para correr- MioMioRun.com","og_description":"La chaqueta Odissey Gtx para hombre est\u00e1 confeccionada con la membrana Gore-Tex Active Shell\u2122 m\u00e1s ligera de \u00faltima generaci\u00f3n.","og_url":"https:\/\/www.miomiorun.com\/es\/producto\/la-sportiva-odissey-gtx-jkt-hobre\/","og_site_name":"MioMioRun","article_publisher":"https:\/\/www.facebook.com\/miomiorun\/","article_modified_time":"2026-05-08T19:18:09+00:00","og_image":[{"width":600,"height":600,"url":"https:\/\/www.miomiorun.com\/app\/uploads\/2021\/11\/la-sportiva-odyssey-GTX-jkt-L01999999.jpg","type":"image\/jpeg"}],"twitter_card":"summary_large_image","twitter_misc":{"Est. reading time":"2 minutes"},"schema":{"@context":"https:\/\/schema.org","@graph":[{"@type":"WebPage","@id":"https:\/\/www.miomiorun.com\/es\/producto\/la-sportiva-odissey-gtx-jkt-hobre\/","url":"https:\/\/www.miomiorun.com\/es\/producto\/la-sportiva-odissey-gtx-jkt-hobre\/","name":"La Sportiva Odissey Gtx Jkt hombre - Chaqueta para correr- MioMioRun.com","isPartOf":{"@id":"https:\/\/www.miomiorun.com\/es\/#website"},"primaryImageOfPage":{"@id":"https:\/\/www.miomiorun.com\/es\/producto\/la-sportiva-odissey-gtx-jkt-hobre\/#primaryimage"},"image":{"@id":"https:\/\/www.miomiorun.com\/es\/producto\/la-sportiva-odissey-gtx-jkt-hobre\/#primaryimage"},"thumbnailUrl":"https:\/\/www.miomiorun.com\/app\/uploads\/2021\/11\/la-sportiva-odyssey-GTX-jkt-L01999999.jpg","datePublished":"2021-11-11T14:53:47+00:00","dateModified":"2026-05-08T19:18:09+00:00","description":"La chaqueta Odissey Gtx para hombre est\u00e1 confeccionada con la membrana Gore-Tex Active Shell\u2122 m\u00e1s ligera de \u00faltima generaci\u00f3n.","breadcrumb":{"@id":"https:\/\/www.miomiorun.com\/es\/producto\/la-sportiva-odissey-gtx-jkt-hobre\/#breadcrumb"},"inLanguage":"es-ES","potentialAction":[{"@type":"ReadAction","target":["https:\/\/www.miomiorun.com\/es\/producto\/la-sportiva-odissey-gtx-jkt-hobre\/"]}]},{"@type":"ImageObject","inLanguage":"es-ES","@id":"https:\/\/www.miomiorun.com\/es\/producto\/la-sportiva-odissey-gtx-jkt-hobre\/#primaryimage","url":"https:\/\/www.miomiorun.com\/app\/uploads\/2021\/11\/la-sportiva-odyssey-GTX-jkt-L01999999.jpg","contentUrl":"https:\/\/www.miomiorun.com\/app\/uploads\/2021\/11\/la-sportiva-odyssey-GTX-jkt-L01999999.jpg","width":600,"height":600,"caption":"la sportiva odyssey gtx jkt"},{"@type":"BreadcrumbList","@id":"https:\/\/www.miomiorun.com\/es\/producto\/la-sportiva-odissey-gtx-jkt-hobre\/#breadcrumb","itemListElement":[{"@type":"ListItem","position":1,"name":"Home","item":"https:\/\/www.miomiorun.com\/es\/"},{"@type":"ListItem","position":2,"name":"Shop","item":"https:\/\/www.miomiorun.com\/shop\/"},{"@type":"ListItem","position":3,"name":"Odissey Gtx Jkt hombre"}]},{"@type":"WebSite","@id":"https:\/\/www.miomiorun.com\/es\/#website","url":"https:\/\/www.miomiorun.com\/es\/","name":"MioMioRun","description":"Tienda 100% running y trail","publisher":{"@id":"https:\/\/www.miomiorun.com\/es\/#organization"},"potentialAction":[{"@type":"SearchAction","target":{"@type":"EntryPoint","urlTemplate":"https:\/\/www.miomiorun.com\/es\/?s={search_term_string}"},"query-input":{"@type":"PropertyValueSpecification","valueRequired":true,"valueName":"search_term_string"}}],"inLanguage":"es-ES"},{"@type":"Organization","@id":"https:\/\/www.miomiorun.com\/es\/#organization","name":"MioMio Run","url":"https:\/\/www.miomiorun.com\/es\/","logo":{"@type":"ImageObject","inLanguage":"es-ES","@id":"https:\/\/www.miomiorun.com\/es\/#\/schema\/logo\/image\/","url":"https:\/\/www.miomiorun.com\/app\/uploads\/2019\/12\/logomio.png","contentUrl":"https:\/\/www.miomiorun.com\/app\/uploads\/2019\/12\/logomio.png","width":115,"height":82,"caption":"MioMio Run"},"image":{"@id":"https:\/\/www.miomiorun.com\/es\/#\/schema\/logo\/image\/"},"sameAs":["https:\/\/www.facebook.com\/miomiorun\/","https:\/\/www.instagram.com\/miomiorun\/"]}]}},"_links":{"self":[{"href":"https:\/\/www.miomiorun.com\/es\/wp-json\/wp\/v2\/product\/281191","targetHints":{"allow":["GET"]}}],"collection":[{"href":"https:\/\/www.miomiorun.com\/es\/wp-json\/wp\/v2\/product"}],"about":[{"href":"https:\/\/www.miomiorun.com\/es\/wp-json\/wp\/v2\/types\/product"}],"wp:featuredmedia":[{"embeddable":true,"href":"https:\/\/www.miomiorun.com\/es\/wp-json\/wp\/v2\/media\/234400"}],"wp:attachment":[{"href":"https:\/\/www.miomiorun.com\/es\/wp-json\/wp\/v2\/media?parent=281191"}],"wp:term":[{"taxonomy":"product_brand","embeddable":true,"href":"https:\/\/www.miomiorun.com\/es\/wp-json\/wp\/v2\/product_brand?post=281191"},{"taxonomy":"product_cat","embeddable":true,"href":"https:\/\/www.miomiorun.com\/es\/wp-json\/wp\/v2\/product_cat?post=281191"},{"taxonomy":"product_tag","embeddable":true,"href":"https:\/\/www.miomiorun.com\/es\/wp-json\/wp\/v2\/product_tag?post=281191"}],"curies":[{"name":"wp","href":"https:\/\/api.w.org\/{rel}","templated":true}]}}