{"id":281126,"date":"2021-12-17T10:59:47","date_gmt":"2021-12-17T09:59:47","guid":{"rendered":"https:\/\/miomiorun.com\/prodotto\/craft-pro-wool-extreme-x-ls-donna\/"},"modified":"2026-05-04T18:53:55","modified_gmt":"2026-05-04T16:53:55","slug":"craft-pro-wool-extreme-x-ls-mujer","status":"publish","type":"product","link":"https:\/\/www.miomiorun.com\/es\/producto\/craft-pro-wool-extreme-x-ls-mujer\/","title":{"rendered":"Pro Wool Extreme X LS mujer"},"content":{"rendered":"<p id=\"tw-target-text\" class=\"tw-data-text tw-text-large tw-ta\" dir=\"ltr\" data-placeholder=\"Traduzione\"><span class=\"Y2IQFc\" lang=\"it\"><strong>PRO Wool Extreme X LS<\/strong> para mujer es una camiseta ajustada de manga larga de calidad profesional con un 20 % de lana que te mantiene seca y abrigada durante los entrenamientos de alta intensidad en condiciones de fr\u00edo intenso.<\/span><\/p>\n<p class=\"tw-data-text tw-text-large tw-ta\" dir=\"ltr\" data-placeholder=\"Traduzione\"><span class=\"Y2IQFc\" lang=\"it\">Esta prenda interior de alta tecnolog\u00eda est\u00e1 confeccionada con una suave mezcla de poliamida y lana merina que ofrece una excelente evacuaci\u00f3n de la humedad y, al mismo tiempo, proporciona el calor justo para un confort \u00f3ptimo en los fr\u00edos d\u00edas de invierno en las pistas de esqu\u00ed de fondo y lugares similares. Adem\u00e1s, el tejido fino y funcional de la prenda la convierte en una excelente opci\u00f3n tambi\u00e9n para excursiones o senderismo en las fr\u00edas salidas de primavera y oto\u00f1o. <\/span><\/p>\n<h3 dir=\"ltr\" data-placeholder=\"Traduzione\">Caracter\u00edsticas:<\/h3>\n<ul>\n<li><span class=\"Y2IQFc\" lang=\"it\">Tejido de poliamida y lana, fino y muy funcional.<\/span><\/li>\n<li><span class=\"Y2IQFc\" lang=\"it\">20 % de lana merina.<\/span><\/li>\n<li><span class=\"Y2IQFc\" lang=\"it\">Sin zuecos.<\/span><\/li>\n<li><span class=\"Y2IQFc\" lang=\"it\">Te mantiene caliente y seco incluso cuando est\u00e1 mojado.<\/span><\/li>\n<li><span class=\"Y2IQFc\" lang=\"it\">Inodoro por naturaleza.<\/span><\/li>\n<li><span class=\"Y2IQFc\" lang=\"it\">Adherente.<\/span><\/li>\n<\/ul>\n<p>&nbsp;<\/p>\n<p>&nbsp;<\/p>\n<p>&nbsp;<\/p>\n","protected":false},"excerpt":{"rendered":"<p>PRO Wool Extreme X LS para mujer es una camiseta ajustada de manga larga de calidad profesional con un 20 % de lana que te mantiene seca y abrigada durante los entrenamientos de alta intensidad en condiciones de fr\u00edo intenso. Esta prenda interior de alta tecnolog\u00eda est\u00e1 confeccionada con una suave mezcla de poliamida y &hellip; <a href=\"https:\/\/www.miomiorun.com\/es\/producto\/craft-pro-wool-extreme-x-ls-mujer\/\">Continued<\/a><\/p>\n","protected":false},"featured_media":234470,"template":"","meta":{"_acf_changed":false,"inline_featured_image":false},"product_brand":[],"product_cat":[24401,24397,24402],"product_tag":[23553,23659],"class_list":{"0":"post-281126","1":"product","2":"type-product","3":"status-publish","4":"has-post-thumbnail","6":"product_cat-ropa-de-mujer","7":"product_cat-ropa-interior","8":"product_cat-mujer","9":"product_tag-craft-es","10":"product_tag-craft-mujer","11":"pa_attivita-caminar","12":"pa_attivita-outdoor-es","13":"pa_attivita-running-es","14":"pa_attivita-trail-es","15":"pa_marca-craft-es","16":"pa_sesso-mujer","17":"pa_size-extra-small-es","18":"pa_size-small-es","19":"pa_size-medium-es","20":"pa_size-large-es","22":"first","23":"instock","24":"sale","25":"taxable","26":"shipping-taxable","27":"purchasable","28":"product-type-variable","29":"wvs-archive-product-wrapper"},"acf":[],"yoast_head":"<!-- This site is optimized with the Yoast SEO plugin v26.8 - https:\/\/yoast.com\/product\/yoast-seo-wordpress\/ -->\n<title>Craft Pro Wool Extreme X LS mujer - Camiseta t\u00e9rmica - MioMioRun.com<\/title>\n<meta name=\"description\" content=\"La PRO Wool Extreme X LS para mujer es una camiseta ajustada de manga larga de calidad profesional con un 20 % de lana.\" \/>\n<meta name=\"robots\" content=\"index, follow, max-snippet:-1, max-image-preview:large, max-video-preview:-1\" \/>\n<link rel=\"canonical\" href=\"https:\/\/www.miomiorun.com\/es\/producto\/craft-pro-wool-extreme-x-ls-mujer\/\" \/>\n<meta property=\"og:locale\" content=\"es_ES\" \/>\n<meta property=\"og:type\" content=\"article\" \/>\n<meta property=\"og:title\" content=\"Craft Pro Wool Extreme X LS mujer - Camiseta t\u00e9rmica - MioMioRun.com\" \/>\n<meta property=\"og:description\" content=\"La PRO Wool Extreme X LS para mujer es una camiseta ajustada de manga larga de calidad profesional con un 20 % de lana.\" \/>\n<meta property=\"og:url\" content=\"https:\/\/www.miomiorun.com\/es\/producto\/craft-pro-wool-extreme-x-ls-mujer\/\" \/>\n<meta property=\"og:site_name\" content=\"MioMioRun\" \/>\n<meta property=\"article:publisher\" content=\"https:\/\/www.facebook.com\/miomiorun\/\" \/>\n<meta property=\"article:modified_time\" content=\"2026-05-04T16:53:55+00:00\" \/>\n<meta property=\"og:image\" content=\"https:\/\/www.miomiorun.com\/app\/uploads\/2021\/12\/craft-PRO-wool-extreme-X-LS-1911154-999000.jpg\" \/>\n\t<meta property=\"og:image:width\" content=\"600\" \/>\n\t<meta property=\"og:image:height\" content=\"600\" \/>\n\t<meta property=\"og:image:type\" content=\"image\/jpeg\" \/>\n<meta name=\"twitter:card\" content=\"summary_large_image\" \/>\n<meta name=\"twitter:label1\" content=\"Est. reading time\" \/>\n\t<meta name=\"twitter:data1\" content=\"1 minute\" \/>\n<script type=\"application\/ld+json\" class=\"yoast-schema-graph\">{\"@context\":\"https:\/\/schema.org\",\"@graph\":[{\"@type\":\"WebPage\",\"@id\":\"https:\/\/www.miomiorun.com\/es\/producto\/craft-pro-wool-extreme-x-ls-mujer\/\",\"url\":\"https:\/\/www.miomiorun.com\/es\/producto\/craft-pro-wool-extreme-x-ls-mujer\/\",\"name\":\"Craft Pro Wool Extreme X LS mujer - Camiseta t\u00e9rmica - MioMioRun.com\",\"isPartOf\":{\"@id\":\"https:\/\/www.miomiorun.com\/es\/#website\"},\"primaryImageOfPage\":{\"@id\":\"https:\/\/www.miomiorun.com\/es\/producto\/craft-pro-wool-extreme-x-ls-mujer\/#primaryimage\"},\"image\":{\"@id\":\"https:\/\/www.miomiorun.com\/es\/producto\/craft-pro-wool-extreme-x-ls-mujer\/#primaryimage\"},\"thumbnailUrl\":\"https:\/\/www.miomiorun.com\/app\/uploads\/2021\/12\/craft-PRO-wool-extreme-X-LS-1911154-999000.jpg\",\"datePublished\":\"2021-12-17T09:59:47+00:00\",\"dateModified\":\"2026-05-04T16:53:55+00:00\",\"description\":\"La PRO Wool Extreme X LS para mujer es una camiseta ajustada de manga larga de calidad profesional con un 20 % de lana.\",\"breadcrumb\":{\"@id\":\"https:\/\/www.miomiorun.com\/es\/producto\/craft-pro-wool-extreme-x-ls-mujer\/#breadcrumb\"},\"inLanguage\":\"es-ES\",\"potentialAction\":[{\"@type\":\"ReadAction\",\"target\":[\"https:\/\/www.miomiorun.com\/es\/producto\/craft-pro-wool-extreme-x-ls-mujer\/\"]}]},{\"@type\":\"ImageObject\",\"inLanguage\":\"es-ES\",\"@id\":\"https:\/\/www.miomiorun.com\/es\/producto\/craft-pro-wool-extreme-x-ls-mujer\/#primaryimage\",\"url\":\"https:\/\/www.miomiorun.com\/app\/uploads\/2021\/12\/craft-PRO-wool-extreme-X-LS-1911154-999000.jpg\",\"contentUrl\":\"https:\/\/www.miomiorun.com\/app\/uploads\/2021\/12\/craft-PRO-wool-extreme-X-LS-1911154-999000.jpg\",\"width\":600,\"height\":600,\"caption\":\"craft-PRO-wool-extreme-X-LS-1911154-999000\"},{\"@type\":\"BreadcrumbList\",\"@id\":\"https:\/\/www.miomiorun.com\/es\/producto\/craft-pro-wool-extreme-x-ls-mujer\/#breadcrumb\",\"itemListElement\":[{\"@type\":\"ListItem\",\"position\":1,\"name\":\"Home\",\"item\":\"https:\/\/www.miomiorun.com\/es\/\"},{\"@type\":\"ListItem\",\"position\":2,\"name\":\"Shop\",\"item\":\"https:\/\/www.miomiorun.com\/shop\/\"},{\"@type\":\"ListItem\",\"position\":3,\"name\":\"Pro Wool Extreme X LS mujer\"}]},{\"@type\":\"WebSite\",\"@id\":\"https:\/\/www.miomiorun.com\/es\/#website\",\"url\":\"https:\/\/www.miomiorun.com\/es\/\",\"name\":\"MioMioRun\",\"description\":\"Tienda 100% running y trail\",\"publisher\":{\"@id\":\"https:\/\/www.miomiorun.com\/es\/#organization\"},\"potentialAction\":[{\"@type\":\"SearchAction\",\"target\":{\"@type\":\"EntryPoint\",\"urlTemplate\":\"https:\/\/www.miomiorun.com\/es\/?s={search_term_string}\"},\"query-input\":{\"@type\":\"PropertyValueSpecification\",\"valueRequired\":true,\"valueName\":\"search_term_string\"}}],\"inLanguage\":\"es-ES\"},{\"@type\":\"Organization\",\"@id\":\"https:\/\/www.miomiorun.com\/es\/#organization\",\"name\":\"MioMio Run\",\"url\":\"https:\/\/www.miomiorun.com\/es\/\",\"logo\":{\"@type\":\"ImageObject\",\"inLanguage\":\"es-ES\",\"@id\":\"https:\/\/www.miomiorun.com\/es\/#\/schema\/logo\/image\/\",\"url\":\"https:\/\/www.miomiorun.com\/app\/uploads\/2019\/12\/logomio.png\",\"contentUrl\":\"https:\/\/www.miomiorun.com\/app\/uploads\/2019\/12\/logomio.png\",\"width\":115,\"height\":82,\"caption\":\"MioMio Run\"},\"image\":{\"@id\":\"https:\/\/www.miomiorun.com\/es\/#\/schema\/logo\/image\/\"},\"sameAs\":[\"https:\/\/www.facebook.com\/miomiorun\/\",\"https:\/\/www.instagram.com\/miomiorun\/\"]}]}<\/script>\n<!-- \/ Yoast SEO plugin. -->","yoast_head_json":{"title":"Craft Pro Wool Extreme X LS mujer - Camiseta t\u00e9rmica - MioMioRun.com","description":"La PRO Wool Extreme X LS para mujer es una camiseta ajustada de manga larga de calidad profesional con un 20 % de lana.","robots":{"index":"index","follow":"follow","max-snippet":"max-snippet:-1","max-image-preview":"max-image-preview:large","max-video-preview":"max-video-preview:-1"},"canonical":"https:\/\/www.miomiorun.com\/es\/producto\/craft-pro-wool-extreme-x-ls-mujer\/","og_locale":"es_ES","og_type":"article","og_title":"Craft Pro Wool Extreme X LS mujer - Camiseta t\u00e9rmica - MioMioRun.com","og_description":"La PRO Wool Extreme X LS para mujer es una camiseta ajustada de manga larga de calidad profesional con un 20 % de lana.","og_url":"https:\/\/www.miomiorun.com\/es\/producto\/craft-pro-wool-extreme-x-ls-mujer\/","og_site_name":"MioMioRun","article_publisher":"https:\/\/www.facebook.com\/miomiorun\/","article_modified_time":"2026-05-04T16:53:55+00:00","og_image":[{"width":600,"height":600,"url":"https:\/\/www.miomiorun.com\/app\/uploads\/2021\/12\/craft-PRO-wool-extreme-X-LS-1911154-999000.jpg","type":"image\/jpeg"}],"twitter_card":"summary_large_image","twitter_misc":{"Est. reading time":"1 minute"},"schema":{"@context":"https:\/\/schema.org","@graph":[{"@type":"WebPage","@id":"https:\/\/www.miomiorun.com\/es\/producto\/craft-pro-wool-extreme-x-ls-mujer\/","url":"https:\/\/www.miomiorun.com\/es\/producto\/craft-pro-wool-extreme-x-ls-mujer\/","name":"Craft Pro Wool Extreme X LS mujer - Camiseta t\u00e9rmica - MioMioRun.com","isPartOf":{"@id":"https:\/\/www.miomiorun.com\/es\/#website"},"primaryImageOfPage":{"@id":"https:\/\/www.miomiorun.com\/es\/producto\/craft-pro-wool-extreme-x-ls-mujer\/#primaryimage"},"image":{"@id":"https:\/\/www.miomiorun.com\/es\/producto\/craft-pro-wool-extreme-x-ls-mujer\/#primaryimage"},"thumbnailUrl":"https:\/\/www.miomiorun.com\/app\/uploads\/2021\/12\/craft-PRO-wool-extreme-X-LS-1911154-999000.jpg","datePublished":"2021-12-17T09:59:47+00:00","dateModified":"2026-05-04T16:53:55+00:00","description":"La PRO Wool Extreme X LS para mujer es una camiseta ajustada de manga larga de calidad profesional con un 20 % de lana.","breadcrumb":{"@id":"https:\/\/www.miomiorun.com\/es\/producto\/craft-pro-wool-extreme-x-ls-mujer\/#breadcrumb"},"inLanguage":"es-ES","potentialAction":[{"@type":"ReadAction","target":["https:\/\/www.miomiorun.com\/es\/producto\/craft-pro-wool-extreme-x-ls-mujer\/"]}]},{"@type":"ImageObject","inLanguage":"es-ES","@id":"https:\/\/www.miomiorun.com\/es\/producto\/craft-pro-wool-extreme-x-ls-mujer\/#primaryimage","url":"https:\/\/www.miomiorun.com\/app\/uploads\/2021\/12\/craft-PRO-wool-extreme-X-LS-1911154-999000.jpg","contentUrl":"https:\/\/www.miomiorun.com\/app\/uploads\/2021\/12\/craft-PRO-wool-extreme-X-LS-1911154-999000.jpg","width":600,"height":600,"caption":"craft-PRO-wool-extreme-X-LS-1911154-999000"},{"@type":"BreadcrumbList","@id":"https:\/\/www.miomiorun.com\/es\/producto\/craft-pro-wool-extreme-x-ls-mujer\/#breadcrumb","itemListElement":[{"@type":"ListItem","position":1,"name":"Home","item":"https:\/\/www.miomiorun.com\/es\/"},{"@type":"ListItem","position":2,"name":"Shop","item":"https:\/\/www.miomiorun.com\/shop\/"},{"@type":"ListItem","position":3,"name":"Pro Wool Extreme X LS mujer"}]},{"@type":"WebSite","@id":"https:\/\/www.miomiorun.com\/es\/#website","url":"https:\/\/www.miomiorun.com\/es\/","name":"MioMioRun","description":"Tienda 100% running y trail","publisher":{"@id":"https:\/\/www.miomiorun.com\/es\/#organization"},"potentialAction":[{"@type":"SearchAction","target":{"@type":"EntryPoint","urlTemplate":"https:\/\/www.miomiorun.com\/es\/?s={search_term_string}"},"query-input":{"@type":"PropertyValueSpecification","valueRequired":true,"valueName":"search_term_string"}}],"inLanguage":"es-ES"},{"@type":"Organization","@id":"https:\/\/www.miomiorun.com\/es\/#organization","name":"MioMio Run","url":"https:\/\/www.miomiorun.com\/es\/","logo":{"@type":"ImageObject","inLanguage":"es-ES","@id":"https:\/\/www.miomiorun.com\/es\/#\/schema\/logo\/image\/","url":"https:\/\/www.miomiorun.com\/app\/uploads\/2019\/12\/logomio.png","contentUrl":"https:\/\/www.miomiorun.com\/app\/uploads\/2019\/12\/logomio.png","width":115,"height":82,"caption":"MioMio Run"},"image":{"@id":"https:\/\/www.miomiorun.com\/es\/#\/schema\/logo\/image\/"},"sameAs":["https:\/\/www.facebook.com\/miomiorun\/","https:\/\/www.instagram.com\/miomiorun\/"]}]}},"_links":{"self":[{"href":"https:\/\/www.miomiorun.com\/es\/wp-json\/wp\/v2\/product\/281126","targetHints":{"allow":["GET"]}}],"collection":[{"href":"https:\/\/www.miomiorun.com\/es\/wp-json\/wp\/v2\/product"}],"about":[{"href":"https:\/\/www.miomiorun.com\/es\/wp-json\/wp\/v2\/types\/product"}],"wp:featuredmedia":[{"embeddable":true,"href":"https:\/\/www.miomiorun.com\/es\/wp-json\/wp\/v2\/media\/234470"}],"wp:attachment":[{"href":"https:\/\/www.miomiorun.com\/es\/wp-json\/wp\/v2\/media?parent=281126"}],"wp:term":[{"taxonomy":"product_brand","embeddable":true,"href":"https:\/\/www.miomiorun.com\/es\/wp-json\/wp\/v2\/product_brand?post=281126"},{"taxonomy":"product_cat","embeddable":true,"href":"https:\/\/www.miomiorun.com\/es\/wp-json\/wp\/v2\/product_cat?post=281126"},{"taxonomy":"product_tag","embeddable":true,"href":"https:\/\/www.miomiorun.com\/es\/wp-json\/wp\/v2\/product_tag?post=281126"}],"curies":[{"name":"wp","href":"https:\/\/api.w.org\/{rel}","templated":true}]}}