{"id":281039,"date":"2022-02-03T10:30:06","date_gmt":"2022-02-03T09:30:06","guid":{"rendered":"https:\/\/miomiorun.com\/prodotto\/la-sportiva-mutant-uomo\/"},"modified":"2026-03-05T10:08:53","modified_gmt":"2026-03-05T09:08:53","slug":"la-sportiva-mutant-hombre","status":"publish","type":"product","link":"https:\/\/www.miomiorun.com\/es\/producto\/la-sportiva-mutant-hombre\/","title":{"rendered":"Mutant hombre"},"content":{"rendered":"<div class=\"vc-row container\"><div class=\"vc-column\"><div class=\"vc-column-text\"><\/p>\n<p><strong>Especificaciones t\u00e9cnicas<\/strong><\/p>\n<p>Categor\u00eda: amortiguaci\u00f3n superior<br \/>\nDesnivel: 10 mm<br \/>\nPeso: 320 g<br \/>\nIdeal para: amantes del running y el senderismo de monta\u00f1a que buscan un modelo vers\u00e1til capaz de garantizar tracci\u00f3n, protecci\u00f3n y comodidad, tanto en distancias largas como medias.<br \/>\nPeso del atleta: 70-80 kg<br \/>\nRitmo de carrera: medio-lento (por encima de 5,00 min\/km)<br \/>\n<a href=\"https:\/\/miomiorun.com\/es\/guia-especifica\/\">Gu\u00eda de especificaciones t\u00e9cnicas<\/a><\/p>\n<p><\/div><\/div><div class=\"vc-column\"> <div class=\"vc-column-text\">Las zapatillas deportivas Mutant para hombre son unas zapatillas de trail running muy estables y vers\u00e1tiles, perfectas para correr por la monta\u00f1a, skyraces y trails todoterreno en diferentes tipos de terreno.<br \/>\nLa suela ultradherente permite afrontar mejor las superficies resbaladizas y mantener el agarre en terrenos blandos y fangosos gracias a sus tacos pronunciados. El sistema de cierre SpyralTongue\u2122 combina las ventajas de la rapidez de ajuste de un calzado con leng\u00fceta tradicional con las ventajas protectoras de una construcci\u00f3n tipo polaina, evitando la entrada de piedras y barro durante la carrera. El sistema de cordones est\u00e1 integrado en la estructura de la tomaia gracias a la tecnolog\u00eda FusionGate\u2122 con refuerzos de alta frecuencia aplicados por fusi\u00f3n: esta soluci\u00f3n permite ajustar el volumen y el nivel de adherencia del calzado al pie para una carrera precisa y estable incluso en traves\u00edas. Un concentrado de soluciones t\u00e9cnicas que evolucionan la forma de correr en off-road: \u00a1esto es Mutant!<\/p>\n<p><b>Parte superior<\/b>:<br \/>\nMalla transpirable \u00fanica resistente a la abrasi\u00f3n + polaina integrada<br \/>\n<b> Forro<\/b>:<br \/>\nMalla antideslizante<br \/>\n<b> Entresuela<\/b>:<br \/>\nMEMlex eva inyectada con inserto estabilizador<br \/>\n<b>Plantilla<\/b>:<br \/>\nOrtholite Mountain Running Ergonomic 4 mm<br \/>\n<b>Suela<\/b>:<br \/>\nMezcla FriXion XF ultra adherente<\/div><\/div><\/div>\n","protected":false},"excerpt":{"rendered":"<ul>\n<li>Excelente equilibrio entre protecci\u00f3n, ligereza y amortiguaci\u00f3n<\/li>\n<li>Vers\u00e1til y sorprendentemente c\u00f3moda<\/li>\n<li>Tracci\u00f3n y agarre incluso en los terrenos m\u00e1s accidentados<\/li>\n<\/ul>\n","protected":false},"featured_media":235217,"template":"","meta":{"_acf_changed":false,"inline_featured_image":false},"product_brand":[],"product_cat":[24454,24451],"product_tag":[23598,23600],"class_list":{"0":"post-281039","1":"product","2":"type-product","3":"status-publish","4":"has-post-thumbnail","6":"product_cat-calzado-para-hombre","7":"product_cat-trail-es-3","8":"product_tag-la-sportiva-es","9":"product_tag-la-sportiva-hombre","10":"pa_attivita-outdoor-es","11":"pa_attivita-trail-es","12":"pa_colore-mutant-black-yellow-es","13":"pa_colore-mutant-night-sky-savana-es","14":"pa_marca-la-sportiva-es","15":"pa_sesso-hombre","16":"pa_size-41-5-es","17":"pa_size-42-es","18":"pa_size-42-5-es","19":"pa_size-43-es","20":"pa_size-43-5-es","21":"pa_size-44-es","22":"pa_size-44-5-es","23":"pa_size-45-es","24":"pa_size-45-5-es","25":"pa_size-46-es","26":"pa_size-46-5-es","28":"first","29":"instock","30":"sale","31":"taxable","32":"shipping-taxable","33":"purchasable","34":"product-type-variable","35":"wvs-archive-product-wrapper"},"acf":[],"yoast_head":"<!-- This site is optimized with the Yoast SEO plugin v26.8 - https:\/\/yoast.com\/product\/yoast-seo-wordpress\/ -->\n<title>La Sportiva Mutant hombre -zapatillas de trail para hombre - MioMioRun .com<\/title>\n<meta name=\"description\" content=\"Descubre La Sportiva Mutant para hombre, una zapatilla de trail running muy estable y vers\u00e1til, perfecta para correr por diferentes tipos de terreno.\" \/>\n<meta name=\"robots\" content=\"index, follow, max-snippet:-1, max-image-preview:large, max-video-preview:-1\" \/>\n<link rel=\"canonical\" href=\"https:\/\/www.miomiorun.com\/es\/producto\/la-sportiva-mutant-hombre\/\" \/>\n<meta property=\"og:locale\" content=\"es_ES\" \/>\n<meta property=\"og:type\" content=\"article\" \/>\n<meta property=\"og:title\" content=\"La Sportiva Mutant hombre -zapatillas de trail para hombre - MioMioRun .com\" \/>\n<meta property=\"og:description\" content=\"Descubre La Sportiva Mutant para hombre, una zapatilla de trail running muy estable y vers\u00e1til, perfecta para correr por diferentes tipos de terreno.\" \/>\n<meta property=\"og:url\" content=\"https:\/\/www.miomiorun.com\/es\/producto\/la-sportiva-mutant-hombre\/\" \/>\n<meta property=\"og:site_name\" content=\"MioMioRun\" \/>\n<meta property=\"article:publisher\" content=\"https:\/\/www.facebook.com\/miomiorun\/\" \/>\n<meta property=\"article:modified_time\" content=\"2026-03-05T09:08:53+00:00\" \/>\n<meta property=\"og:image\" content=\"https:\/\/www.miomiorun.com\/app\/uploads\/2022\/02\/la-sportiva-mutant-26W705900.jpg\" \/>\n\t<meta property=\"og:image:width\" content=\"600\" \/>\n\t<meta property=\"og:image:height\" content=\"600\" \/>\n\t<meta property=\"og:image:type\" content=\"image\/jpeg\" \/>\n<meta name=\"twitter:card\" content=\"summary_large_image\" \/>\n<meta name=\"twitter:label1\" content=\"Est. reading time\" \/>\n\t<meta name=\"twitter:data1\" content=\"2 minutes\" \/>\n<script type=\"application\/ld+json\" class=\"yoast-schema-graph\">{\"@context\":\"https:\/\/schema.org\",\"@graph\":[{\"@type\":\"WebPage\",\"@id\":\"https:\/\/www.miomiorun.com\/es\/producto\/la-sportiva-mutant-hombre\/\",\"url\":\"https:\/\/www.miomiorun.com\/es\/producto\/la-sportiva-mutant-hombre\/\",\"name\":\"La Sportiva Mutant hombre -zapatillas de trail para hombre - MioMioRun .com\",\"isPartOf\":{\"@id\":\"https:\/\/www.miomiorun.com\/es\/#website\"},\"primaryImageOfPage\":{\"@id\":\"https:\/\/www.miomiorun.com\/es\/producto\/la-sportiva-mutant-hombre\/#primaryimage\"},\"image\":{\"@id\":\"https:\/\/www.miomiorun.com\/es\/producto\/la-sportiva-mutant-hombre\/#primaryimage\"},\"thumbnailUrl\":\"https:\/\/www.miomiorun.com\/app\/uploads\/2022\/02\/la-sportiva-mutant-26W705900.jpg\",\"datePublished\":\"2022-02-03T09:30:06+00:00\",\"dateModified\":\"2026-03-05T09:08:53+00:00\",\"description\":\"Descubre La Sportiva Mutant para hombre, una zapatilla de trail running muy estable y vers\u00e1til, perfecta para correr por diferentes tipos de terreno.\",\"breadcrumb\":{\"@id\":\"https:\/\/www.miomiorun.com\/es\/producto\/la-sportiva-mutant-hombre\/#breadcrumb\"},\"inLanguage\":\"es-ES\",\"potentialAction\":[{\"@type\":\"ReadAction\",\"target\":[\"https:\/\/www.miomiorun.com\/es\/producto\/la-sportiva-mutant-hombre\/\"]}]},{\"@type\":\"ImageObject\",\"inLanguage\":\"es-ES\",\"@id\":\"https:\/\/www.miomiorun.com\/es\/producto\/la-sportiva-mutant-hombre\/#primaryimage\",\"url\":\"https:\/\/www.miomiorun.com\/app\/uploads\/2022\/02\/la-sportiva-mutant-26W705900.jpg\",\"contentUrl\":\"https:\/\/www.miomiorun.com\/app\/uploads\/2022\/02\/la-sportiva-mutant-26W705900.jpg\",\"width\":600,\"height\":600,\"caption\":\"la-sportiva-mutant-26W705900\"},{\"@type\":\"BreadcrumbList\",\"@id\":\"https:\/\/www.miomiorun.com\/es\/producto\/la-sportiva-mutant-hombre\/#breadcrumb\",\"itemListElement\":[{\"@type\":\"ListItem\",\"position\":1,\"name\":\"Home\",\"item\":\"https:\/\/www.miomiorun.com\/es\/\"},{\"@type\":\"ListItem\",\"position\":2,\"name\":\"Shop\",\"item\":\"https:\/\/www.miomiorun.com\/shop\/\"},{\"@type\":\"ListItem\",\"position\":3,\"name\":\"Mutant hombre\"}]},{\"@type\":\"WebSite\",\"@id\":\"https:\/\/www.miomiorun.com\/es\/#website\",\"url\":\"https:\/\/www.miomiorun.com\/es\/\",\"name\":\"MioMioRun\",\"description\":\"Tienda 100% running y trail\",\"publisher\":{\"@id\":\"https:\/\/www.miomiorun.com\/es\/#organization\"},\"potentialAction\":[{\"@type\":\"SearchAction\",\"target\":{\"@type\":\"EntryPoint\",\"urlTemplate\":\"https:\/\/www.miomiorun.com\/es\/?s={search_term_string}\"},\"query-input\":{\"@type\":\"PropertyValueSpecification\",\"valueRequired\":true,\"valueName\":\"search_term_string\"}}],\"inLanguage\":\"es-ES\"},{\"@type\":\"Organization\",\"@id\":\"https:\/\/www.miomiorun.com\/es\/#organization\",\"name\":\"MioMio Run\",\"url\":\"https:\/\/www.miomiorun.com\/es\/\",\"logo\":{\"@type\":\"ImageObject\",\"inLanguage\":\"es-ES\",\"@id\":\"https:\/\/www.miomiorun.com\/es\/#\/schema\/logo\/image\/\",\"url\":\"https:\/\/www.miomiorun.com\/app\/uploads\/2019\/12\/logomio.png\",\"contentUrl\":\"https:\/\/www.miomiorun.com\/app\/uploads\/2019\/12\/logomio.png\",\"width\":115,\"height\":82,\"caption\":\"MioMio Run\"},\"image\":{\"@id\":\"https:\/\/www.miomiorun.com\/es\/#\/schema\/logo\/image\/\"},\"sameAs\":[\"https:\/\/www.facebook.com\/miomiorun\/\",\"https:\/\/www.instagram.com\/miomiorun\/\"]}]}<\/script>\n<!-- \/ Yoast SEO plugin. -->","yoast_head_json":{"title":"La Sportiva Mutant hombre -zapatillas de trail para hombre - MioMioRun .com","description":"Descubre La Sportiva Mutant para hombre, una zapatilla de trail running muy estable y vers\u00e1til, perfecta para correr por diferentes tipos de terreno.","robots":{"index":"index","follow":"follow","max-snippet":"max-snippet:-1","max-image-preview":"max-image-preview:large","max-video-preview":"max-video-preview:-1"},"canonical":"https:\/\/www.miomiorun.com\/es\/producto\/la-sportiva-mutant-hombre\/","og_locale":"es_ES","og_type":"article","og_title":"La Sportiva Mutant hombre -zapatillas de trail para hombre - MioMioRun .com","og_description":"Descubre La Sportiva Mutant para hombre, una zapatilla de trail running muy estable y vers\u00e1til, perfecta para correr por diferentes tipos de terreno.","og_url":"https:\/\/www.miomiorun.com\/es\/producto\/la-sportiva-mutant-hombre\/","og_site_name":"MioMioRun","article_publisher":"https:\/\/www.facebook.com\/miomiorun\/","article_modified_time":"2026-03-05T09:08:53+00:00","og_image":[{"width":600,"height":600,"url":"https:\/\/www.miomiorun.com\/app\/uploads\/2022\/02\/la-sportiva-mutant-26W705900.jpg","type":"image\/jpeg"}],"twitter_card":"summary_large_image","twitter_misc":{"Est. reading time":"2 minutes"},"schema":{"@context":"https:\/\/schema.org","@graph":[{"@type":"WebPage","@id":"https:\/\/www.miomiorun.com\/es\/producto\/la-sportiva-mutant-hombre\/","url":"https:\/\/www.miomiorun.com\/es\/producto\/la-sportiva-mutant-hombre\/","name":"La Sportiva Mutant hombre -zapatillas de trail para hombre - MioMioRun .com","isPartOf":{"@id":"https:\/\/www.miomiorun.com\/es\/#website"},"primaryImageOfPage":{"@id":"https:\/\/www.miomiorun.com\/es\/producto\/la-sportiva-mutant-hombre\/#primaryimage"},"image":{"@id":"https:\/\/www.miomiorun.com\/es\/producto\/la-sportiva-mutant-hombre\/#primaryimage"},"thumbnailUrl":"https:\/\/www.miomiorun.com\/app\/uploads\/2022\/02\/la-sportiva-mutant-26W705900.jpg","datePublished":"2022-02-03T09:30:06+00:00","dateModified":"2026-03-05T09:08:53+00:00","description":"Descubre La Sportiva Mutant para hombre, una zapatilla de trail running muy estable y vers\u00e1til, perfecta para correr por diferentes tipos de terreno.","breadcrumb":{"@id":"https:\/\/www.miomiorun.com\/es\/producto\/la-sportiva-mutant-hombre\/#breadcrumb"},"inLanguage":"es-ES","potentialAction":[{"@type":"ReadAction","target":["https:\/\/www.miomiorun.com\/es\/producto\/la-sportiva-mutant-hombre\/"]}]},{"@type":"ImageObject","inLanguage":"es-ES","@id":"https:\/\/www.miomiorun.com\/es\/producto\/la-sportiva-mutant-hombre\/#primaryimage","url":"https:\/\/www.miomiorun.com\/app\/uploads\/2022\/02\/la-sportiva-mutant-26W705900.jpg","contentUrl":"https:\/\/www.miomiorun.com\/app\/uploads\/2022\/02\/la-sportiva-mutant-26W705900.jpg","width":600,"height":600,"caption":"la-sportiva-mutant-26W705900"},{"@type":"BreadcrumbList","@id":"https:\/\/www.miomiorun.com\/es\/producto\/la-sportiva-mutant-hombre\/#breadcrumb","itemListElement":[{"@type":"ListItem","position":1,"name":"Home","item":"https:\/\/www.miomiorun.com\/es\/"},{"@type":"ListItem","position":2,"name":"Shop","item":"https:\/\/www.miomiorun.com\/shop\/"},{"@type":"ListItem","position":3,"name":"Mutant hombre"}]},{"@type":"WebSite","@id":"https:\/\/www.miomiorun.com\/es\/#website","url":"https:\/\/www.miomiorun.com\/es\/","name":"MioMioRun","description":"Tienda 100% running y trail","publisher":{"@id":"https:\/\/www.miomiorun.com\/es\/#organization"},"potentialAction":[{"@type":"SearchAction","target":{"@type":"EntryPoint","urlTemplate":"https:\/\/www.miomiorun.com\/es\/?s={search_term_string}"},"query-input":{"@type":"PropertyValueSpecification","valueRequired":true,"valueName":"search_term_string"}}],"inLanguage":"es-ES"},{"@type":"Organization","@id":"https:\/\/www.miomiorun.com\/es\/#organization","name":"MioMio Run","url":"https:\/\/www.miomiorun.com\/es\/","logo":{"@type":"ImageObject","inLanguage":"es-ES","@id":"https:\/\/www.miomiorun.com\/es\/#\/schema\/logo\/image\/","url":"https:\/\/www.miomiorun.com\/app\/uploads\/2019\/12\/logomio.png","contentUrl":"https:\/\/www.miomiorun.com\/app\/uploads\/2019\/12\/logomio.png","width":115,"height":82,"caption":"MioMio Run"},"image":{"@id":"https:\/\/www.miomiorun.com\/es\/#\/schema\/logo\/image\/"},"sameAs":["https:\/\/www.facebook.com\/miomiorun\/","https:\/\/www.instagram.com\/miomiorun\/"]}]}},"_links":{"self":[{"href":"https:\/\/www.miomiorun.com\/es\/wp-json\/wp\/v2\/product\/281039","targetHints":{"allow":["GET"]}}],"collection":[{"href":"https:\/\/www.miomiorun.com\/es\/wp-json\/wp\/v2\/product"}],"about":[{"href":"https:\/\/www.miomiorun.com\/es\/wp-json\/wp\/v2\/types\/product"}],"wp:featuredmedia":[{"embeddable":true,"href":"https:\/\/www.miomiorun.com\/es\/wp-json\/wp\/v2\/media\/235217"}],"wp:attachment":[{"href":"https:\/\/www.miomiorun.com\/es\/wp-json\/wp\/v2\/media?parent=281039"}],"wp:term":[{"taxonomy":"product_brand","embeddable":true,"href":"https:\/\/www.miomiorun.com\/es\/wp-json\/wp\/v2\/product_brand?post=281039"},{"taxonomy":"product_cat","embeddable":true,"href":"https:\/\/www.miomiorun.com\/es\/wp-json\/wp\/v2\/product_cat?post=281039"},{"taxonomy":"product_tag","embeddable":true,"href":"https:\/\/www.miomiorun.com\/es\/wp-json\/wp\/v2\/product_tag?post=281039"}],"curies":[{"name":"wp","href":"https:\/\/api.w.org\/{rel}","templated":true}]}}