{"id":281030,"date":"2021-12-17T16:44:09","date_gmt":"2021-12-17T15:44:09","guid":{"rendered":"https:\/\/miomiorun.com\/prodotto\/craft-core-essence-thermal-headband\/"},"modified":"2026-05-04T18:58:20","modified_gmt":"2026-05-04T16:58:20","slug":"craft-core-essence-thermal-headband","status":"publish","type":"product","link":"https:\/\/www.miomiorun.com\/es\/producto\/craft-core-essence-thermal-headband\/","title":{"rendered":"Core Essence Thermal Headband"},"content":{"rendered":"<p id=\"tw-target-text\" class=\"tw-data-text tw-text-large tw-ta\" dir=\"ltr\" data-placeholder=\"Traduzione\"><span class=\"Y2IQFc\" lang=\"it\"><strong>Core Essence Thermal Headband<\/strong> es una cinta ligera y el\u00e1stica confeccionada en jersey t\u00e9rmico cepillado reciclado para ofrecer una calidez y una comodidad \u00f3ptimas. <\/span><\/p>\n<h3 class=\"tw-data-text tw-text-large tw-ta\" dir=\"ltr\" data-placeholder=\"Traduzione\"><strong><span class=\"Y2IQFc\" lang=\"it\">Tejido ecol\u00f3gico<\/span><\/strong><\/h3>\n<p class=\"tw-data-text tw-text-large tw-ta\" dir=\"ltr\" data-placeholder=\"Traduzione\"><span class=\"Y2IQFc\" lang=\"it\">La camiseta t\u00e9rmica <strong>Core Essence<\/strong> est\u00e1 fabricada con poli\u00e9ster reciclado y forma parte de nuestro compromiso por aumentar el porcentaje de materiales sostenibles en nuestros productos y alcanzar el objetivo de asumir la plena responsabilidad de toda la cadena de valor. El poli\u00e9ster reciclado no solo es ecol\u00f3gico, sino que tambi\u00e9n ofrece una excelente evacuaci\u00f3n de la humedad y ventilaci\u00f3n. <\/span><\/p>\n<h3 dir=\"ltr\" data-placeholder=\"Traduzione\">Caracter\u00edsticas:<\/h3>\n<ul>\n<li class=\"tw-data-text tw-text-large tw-ta\" dir=\"ltr\" data-placeholder=\"Traduzione\"><span class=\"Y2IQFc\" lang=\"it\">Fabricado en poli\u00e9ster reciclado.<\/span><\/li>\n<li class=\"tw-data-text tw-text-large tw-ta\" dir=\"ltr\" data-placeholder=\"Traduzione\"><span class=\"Y2IQFc\" lang=\"it\">Jersey t\u00e9rmico suave y afelpado para una calidez y una comodidad \u00f3ptimas.<\/span><\/li>\n<li class=\"tw-data-text tw-text-large tw-ta\" dir=\"ltr\" data-placeholder=\"Traduzione\"><span class=\"Y2IQFc\" lang=\"it\">Tejido ligero, el\u00e1stico y transpirable.<\/span><\/li>\n<\/ul>\n<p>Composici\u00f3n: 88 % poli\u00e9ster reciclado, 12 % elastano.<\/p>\n","protected":false},"excerpt":{"rendered":"<p>Core Essence Thermal Headband es una cinta ligera y el\u00e1stica confeccionada en jersey t\u00e9rmico cepillado reciclado para ofrecer una calidez y una comodidad \u00f3ptimas. Tejido ecol\u00f3gico La camiseta t\u00e9rmica Core Essence est\u00e1 fabricada con poli\u00e9ster reciclado y forma parte de nuestro compromiso por aumentar el porcentaje de materiales sostenibles en nuestros productos y alcanzar el &hellip; <a href=\"https:\/\/www.miomiorun.com\/es\/producto\/craft-core-essence-thermal-headband\/\">Continued<\/a><\/p>\n","protected":false},"featured_media":234522,"template":"","meta":{"_acf_changed":false,"inline_featured_image":false},"product_brand":[],"product_cat":[24205,24221,24222],"product_tag":[23553,23663,23659],"class_list":{"0":"post-281030","1":"product","2":"type-product","3":"status-publish","4":"has-post-thumbnail","6":"product_cat-accesorios","7":"product_cat-calefaccion","8":"product_cat-sombreros-gorras","9":"product_tag-craft-es","10":"product_tag-craft-hombre","11":"product_tag-craft-mujer","12":"pa_attivita-caminar","13":"pa_attivita-running-es","14":"pa_colore-core-essence-thermal-headband-astro-es","15":"pa_colore-core-essence-thermal-headband-blaze-es","16":"pa_colore-core-essence-thermal-headband-cosmo-es","17":"pa_colore-core-essence-thermal-headband-dark-clay-es","18":"pa_colore-core-essence-thermal-headband-flumino-es","19":"pa_colore-core-essence-thermal-headband-grey-es","20":"pa_colore-core-essence-thermal-headband-grum-es","21":"pa_marca-craft-es","22":"pa_sesso-hombre","23":"pa_sesso-mujer","24":"pa_size-small-es","25":"pa_size-large-es","27":"first","28":"instock","29":"sale","30":"taxable","31":"shipping-taxable","32":"purchasable","33":"product-type-variable","34":"wvs-archive-product-wrapper"},"acf":[],"yoast_head":"<!-- This site is optimized with the Yoast SEO plugin v26.8 - https:\/\/yoast.com\/product\/yoast-seo-wordpress\/ -->\n<title>Craft Core Essence Thermal Headband - Headband - MioMioRun.com<\/title>\n<meta name=\"description\" content=\"La Core Essence Thermal Headband es una cinta ligera y el\u00e1stica confeccionada en jersey t\u00e9rmico cepillado reciclado.\" \/>\n<meta name=\"robots\" content=\"index, follow, max-snippet:-1, max-image-preview:large, max-video-preview:-1\" \/>\n<link rel=\"canonical\" href=\"https:\/\/www.miomiorun.com\/es\/producto\/craft-core-essence-thermal-headband\/\" \/>\n<meta property=\"og:locale\" content=\"es_ES\" \/>\n<meta property=\"og:type\" content=\"article\" \/>\n<meta property=\"og:title\" content=\"Craft Core Essence Thermal Headband - Headband - MioMioRun.com\" \/>\n<meta property=\"og:description\" content=\"La Core Essence Thermal Headband es una cinta ligera y el\u00e1stica confeccionada en jersey t\u00e9rmico cepillado reciclado.\" \/>\n<meta property=\"og:url\" content=\"https:\/\/www.miomiorun.com\/es\/producto\/craft-core-essence-thermal-headband\/\" \/>\n<meta property=\"og:site_name\" content=\"MioMioRun\" \/>\n<meta property=\"article:publisher\" content=\"https:\/\/www.facebook.com\/miomiorun\/\" \/>\n<meta property=\"article:modified_time\" content=\"2026-05-04T16:58:20+00:00\" \/>\n<meta property=\"og:image\" content=\"https:\/\/www.miomiorun.com\/app\/uploads\/2021\/12\/craft-core-essence-thermal-headband-1909933-975000.jpg\" \/>\n\t<meta property=\"og:image:width\" content=\"600\" \/>\n\t<meta property=\"og:image:height\" content=\"600\" \/>\n\t<meta property=\"og:image:type\" content=\"image\/jpeg\" \/>\n<meta name=\"twitter:card\" content=\"summary_large_image\" \/>\n<meta name=\"twitter:label1\" content=\"Est. reading time\" \/>\n\t<meta name=\"twitter:data1\" content=\"1 minute\" \/>\n<script type=\"application\/ld+json\" class=\"yoast-schema-graph\">{\"@context\":\"https:\/\/schema.org\",\"@graph\":[{\"@type\":\"WebPage\",\"@id\":\"https:\/\/www.miomiorun.com\/es\/producto\/craft-core-essence-thermal-headband\/\",\"url\":\"https:\/\/www.miomiorun.com\/es\/producto\/craft-core-essence-thermal-headband\/\",\"name\":\"Craft Core Essence Thermal Headband - Headband - MioMioRun.com\",\"isPartOf\":{\"@id\":\"https:\/\/www.miomiorun.com\/es\/#website\"},\"primaryImageOfPage\":{\"@id\":\"https:\/\/www.miomiorun.com\/es\/producto\/craft-core-essence-thermal-headband\/#primaryimage\"},\"image\":{\"@id\":\"https:\/\/www.miomiorun.com\/es\/producto\/craft-core-essence-thermal-headband\/#primaryimage\"},\"thumbnailUrl\":\"https:\/\/www.miomiorun.com\/app\/uploads\/2021\/12\/craft-core-essence-thermal-headband-1909933-975000.jpg\",\"datePublished\":\"2021-12-17T15:44:09+00:00\",\"dateModified\":\"2026-05-04T16:58:20+00:00\",\"description\":\"La Core Essence Thermal Headband es una cinta ligera y el\u00e1stica confeccionada en jersey t\u00e9rmico cepillado reciclado.\",\"breadcrumb\":{\"@id\":\"https:\/\/www.miomiorun.com\/es\/producto\/craft-core-essence-thermal-headband\/#breadcrumb\"},\"inLanguage\":\"es-ES\",\"potentialAction\":[{\"@type\":\"ReadAction\",\"target\":[\"https:\/\/www.miomiorun.com\/es\/producto\/craft-core-essence-thermal-headband\/\"]}]},{\"@type\":\"ImageObject\",\"inLanguage\":\"es-ES\",\"@id\":\"https:\/\/www.miomiorun.com\/es\/producto\/craft-core-essence-thermal-headband\/#primaryimage\",\"url\":\"https:\/\/www.miomiorun.com\/app\/uploads\/2021\/12\/craft-core-essence-thermal-headband-1909933-975000.jpg\",\"contentUrl\":\"https:\/\/www.miomiorun.com\/app\/uploads\/2021\/12\/craft-core-essence-thermal-headband-1909933-975000.jpg\",\"width\":600,\"height\":600,\"caption\":\"craft-core-essence-thermal-headband-1909933-975000\"},{\"@type\":\"BreadcrumbList\",\"@id\":\"https:\/\/www.miomiorun.com\/es\/producto\/craft-core-essence-thermal-headband\/#breadcrumb\",\"itemListElement\":[{\"@type\":\"ListItem\",\"position\":1,\"name\":\"Home\",\"item\":\"https:\/\/www.miomiorun.com\/es\/\"},{\"@type\":\"ListItem\",\"position\":2,\"name\":\"Shop\",\"item\":\"https:\/\/www.miomiorun.com\/shop\/\"},{\"@type\":\"ListItem\",\"position\":3,\"name\":\"Core Essence Thermal Headband\"}]},{\"@type\":\"WebSite\",\"@id\":\"https:\/\/www.miomiorun.com\/es\/#website\",\"url\":\"https:\/\/www.miomiorun.com\/es\/\",\"name\":\"MioMioRun\",\"description\":\"Tienda 100% running y trail\",\"publisher\":{\"@id\":\"https:\/\/www.miomiorun.com\/es\/#organization\"},\"potentialAction\":[{\"@type\":\"SearchAction\",\"target\":{\"@type\":\"EntryPoint\",\"urlTemplate\":\"https:\/\/www.miomiorun.com\/es\/?s={search_term_string}\"},\"query-input\":{\"@type\":\"PropertyValueSpecification\",\"valueRequired\":true,\"valueName\":\"search_term_string\"}}],\"inLanguage\":\"es-ES\"},{\"@type\":\"Organization\",\"@id\":\"https:\/\/www.miomiorun.com\/es\/#organization\",\"name\":\"MioMio Run\",\"url\":\"https:\/\/www.miomiorun.com\/es\/\",\"logo\":{\"@type\":\"ImageObject\",\"inLanguage\":\"es-ES\",\"@id\":\"https:\/\/www.miomiorun.com\/es\/#\/schema\/logo\/image\/\",\"url\":\"https:\/\/www.miomiorun.com\/app\/uploads\/2019\/12\/logomio.png\",\"contentUrl\":\"https:\/\/www.miomiorun.com\/app\/uploads\/2019\/12\/logomio.png\",\"width\":115,\"height\":82,\"caption\":\"MioMio Run\"},\"image\":{\"@id\":\"https:\/\/www.miomiorun.com\/es\/#\/schema\/logo\/image\/\"},\"sameAs\":[\"https:\/\/www.facebook.com\/miomiorun\/\",\"https:\/\/www.instagram.com\/miomiorun\/\"]}]}<\/script>\n<!-- \/ Yoast SEO plugin. -->","yoast_head_json":{"title":"Craft Core Essence Thermal Headband - Headband - MioMioRun.com","description":"La Core Essence Thermal Headband es una cinta ligera y el\u00e1stica confeccionada en jersey t\u00e9rmico cepillado reciclado.","robots":{"index":"index","follow":"follow","max-snippet":"max-snippet:-1","max-image-preview":"max-image-preview:large","max-video-preview":"max-video-preview:-1"},"canonical":"https:\/\/www.miomiorun.com\/es\/producto\/craft-core-essence-thermal-headband\/","og_locale":"es_ES","og_type":"article","og_title":"Craft Core Essence Thermal Headband - Headband - MioMioRun.com","og_description":"La Core Essence Thermal Headband es una cinta ligera y el\u00e1stica confeccionada en jersey t\u00e9rmico cepillado reciclado.","og_url":"https:\/\/www.miomiorun.com\/es\/producto\/craft-core-essence-thermal-headband\/","og_site_name":"MioMioRun","article_publisher":"https:\/\/www.facebook.com\/miomiorun\/","article_modified_time":"2026-05-04T16:58:20+00:00","og_image":[{"width":600,"height":600,"url":"https:\/\/www.miomiorun.com\/app\/uploads\/2021\/12\/craft-core-essence-thermal-headband-1909933-975000.jpg","type":"image\/jpeg"}],"twitter_card":"summary_large_image","twitter_misc":{"Est. reading time":"1 minute"},"schema":{"@context":"https:\/\/schema.org","@graph":[{"@type":"WebPage","@id":"https:\/\/www.miomiorun.com\/es\/producto\/craft-core-essence-thermal-headband\/","url":"https:\/\/www.miomiorun.com\/es\/producto\/craft-core-essence-thermal-headband\/","name":"Craft Core Essence Thermal Headband - Headband - MioMioRun.com","isPartOf":{"@id":"https:\/\/www.miomiorun.com\/es\/#website"},"primaryImageOfPage":{"@id":"https:\/\/www.miomiorun.com\/es\/producto\/craft-core-essence-thermal-headband\/#primaryimage"},"image":{"@id":"https:\/\/www.miomiorun.com\/es\/producto\/craft-core-essence-thermal-headband\/#primaryimage"},"thumbnailUrl":"https:\/\/www.miomiorun.com\/app\/uploads\/2021\/12\/craft-core-essence-thermal-headband-1909933-975000.jpg","datePublished":"2021-12-17T15:44:09+00:00","dateModified":"2026-05-04T16:58:20+00:00","description":"La Core Essence Thermal Headband es una cinta ligera y el\u00e1stica confeccionada en jersey t\u00e9rmico cepillado reciclado.","breadcrumb":{"@id":"https:\/\/www.miomiorun.com\/es\/producto\/craft-core-essence-thermal-headband\/#breadcrumb"},"inLanguage":"es-ES","potentialAction":[{"@type":"ReadAction","target":["https:\/\/www.miomiorun.com\/es\/producto\/craft-core-essence-thermal-headband\/"]}]},{"@type":"ImageObject","inLanguage":"es-ES","@id":"https:\/\/www.miomiorun.com\/es\/producto\/craft-core-essence-thermal-headband\/#primaryimage","url":"https:\/\/www.miomiorun.com\/app\/uploads\/2021\/12\/craft-core-essence-thermal-headband-1909933-975000.jpg","contentUrl":"https:\/\/www.miomiorun.com\/app\/uploads\/2021\/12\/craft-core-essence-thermal-headband-1909933-975000.jpg","width":600,"height":600,"caption":"craft-core-essence-thermal-headband-1909933-975000"},{"@type":"BreadcrumbList","@id":"https:\/\/www.miomiorun.com\/es\/producto\/craft-core-essence-thermal-headband\/#breadcrumb","itemListElement":[{"@type":"ListItem","position":1,"name":"Home","item":"https:\/\/www.miomiorun.com\/es\/"},{"@type":"ListItem","position":2,"name":"Shop","item":"https:\/\/www.miomiorun.com\/shop\/"},{"@type":"ListItem","position":3,"name":"Core Essence Thermal Headband"}]},{"@type":"WebSite","@id":"https:\/\/www.miomiorun.com\/es\/#website","url":"https:\/\/www.miomiorun.com\/es\/","name":"MioMioRun","description":"Tienda 100% running y trail","publisher":{"@id":"https:\/\/www.miomiorun.com\/es\/#organization"},"potentialAction":[{"@type":"SearchAction","target":{"@type":"EntryPoint","urlTemplate":"https:\/\/www.miomiorun.com\/es\/?s={search_term_string}"},"query-input":{"@type":"PropertyValueSpecification","valueRequired":true,"valueName":"search_term_string"}}],"inLanguage":"es-ES"},{"@type":"Organization","@id":"https:\/\/www.miomiorun.com\/es\/#organization","name":"MioMio Run","url":"https:\/\/www.miomiorun.com\/es\/","logo":{"@type":"ImageObject","inLanguage":"es-ES","@id":"https:\/\/www.miomiorun.com\/es\/#\/schema\/logo\/image\/","url":"https:\/\/www.miomiorun.com\/app\/uploads\/2019\/12\/logomio.png","contentUrl":"https:\/\/www.miomiorun.com\/app\/uploads\/2019\/12\/logomio.png","width":115,"height":82,"caption":"MioMio Run"},"image":{"@id":"https:\/\/www.miomiorun.com\/es\/#\/schema\/logo\/image\/"},"sameAs":["https:\/\/www.facebook.com\/miomiorun\/","https:\/\/www.instagram.com\/miomiorun\/"]}]}},"_links":{"self":[{"href":"https:\/\/www.miomiorun.com\/es\/wp-json\/wp\/v2\/product\/281030","targetHints":{"allow":["GET"]}}],"collection":[{"href":"https:\/\/www.miomiorun.com\/es\/wp-json\/wp\/v2\/product"}],"about":[{"href":"https:\/\/www.miomiorun.com\/es\/wp-json\/wp\/v2\/types\/product"}],"wp:featuredmedia":[{"embeddable":true,"href":"https:\/\/www.miomiorun.com\/es\/wp-json\/wp\/v2\/media\/234522"}],"wp:attachment":[{"href":"https:\/\/www.miomiorun.com\/es\/wp-json\/wp\/v2\/media?parent=281030"}],"wp:term":[{"taxonomy":"product_brand","embeddable":true,"href":"https:\/\/www.miomiorun.com\/es\/wp-json\/wp\/v2\/product_brand?post=281030"},{"taxonomy":"product_cat","embeddable":true,"href":"https:\/\/www.miomiorun.com\/es\/wp-json\/wp\/v2\/product_cat?post=281030"},{"taxonomy":"product_tag","embeddable":true,"href":"https:\/\/www.miomiorun.com\/es\/wp-json\/wp\/v2\/product_tag?post=281030"}],"curies":[{"name":"wp","href":"https:\/\/api.w.org\/{rel}","templated":true}]}}