{"id":280887,"date":"2022-02-25T19:10:21","date_gmt":"2022-02-25T18:10:21","guid":{"rendered":"https:\/\/miomiorun.com\/prodotto\/bliz-vision\/"},"modified":"2026-05-04T19:02:06","modified_gmt":"2026-05-04T17:02:06","slug":"bliz-vision","status":"publish","type":"product","link":"https:\/\/www.miomiorun.com\/es\/producto\/bliz-vision\/","title":{"rendered":"Vision"},"content":{"rendered":"<p><div class=\"vc-row container\"><div class=\"vc-column\"><div class=\"vc-column-text\"><strong>Vision<\/strong>, dise\u00f1adas para adaptarse a rostros m\u00e1s anchos y al tipo de ajuste asi\u00e1tico. Son t\u00e9cnicamente avanzadas y cuentan con tecnolog\u00eda ligera y Jawbone. El puente nasal y las patillas se ajustan f\u00e1cilmente para ofrecer una comodidad inigualable. La gran lente cil\u00edndrica ofrece una alta calidad \u00f3ptica y maximiza el campo de visi\u00f3n. Vision cuenta con una lente Hydro Lens Tech, que te ofrece una visi\u00f3n n\u00edtida en cualquier condici\u00f3n meteorol\u00f3gica.<\/p>\n<p>Vision es la elecci\u00f3n perfecta para el ciclismo, el esqu\u00ed y otros deportes exigentes. \u00a1Una oportunidad para disfrutar de una visi\u00f3n \u00f3ptima que se adapta al 100 % a tus necesidades!<\/p>\n<h3>Caracter\u00edsticas generales<\/h3>\n<p>Una excelente opci\u00f3n tanto para deportistas aficionados como para profesionales. Dado que no hay dos pares de ojos iguales, Vision te permite utilizar un adaptador \u00f3ptico (se puede adquirir por separado). Este adaptador se puede ajustar para adaptarlo a la graduaci\u00f3n de tus gafas. El resultado es un modelo tan perfectamente adaptado a tus necesidades que siempre podr\u00e1s rendir al m\u00e1ximo nivel. Si deseas unas gafas que se adapten al 100 % a ti<\/p>\n<h3>Propiedades de las lentes<\/h3>\n<p>Vision cuenta con la tecnolog\u00eda Hydro Lens Technology\u2122. Una lente de X-PC con una alta calidad \u00f3ptica que garantiza una visi\u00f3n clara y n\u00edtida en diversas condiciones meteorol\u00f3gicas. La lente ofrece una protecci\u00f3n total contra los rayos UV, una refracci\u00f3n m\u00ednima, resistencia a los ara\u00f1azos y propiedades hidr\u00f3fobas. Vision tambi\u00e9n cuenta con un sistema de ventilaci\u00f3n inteligente que, junto con sus fant\u00e1sticas lentes, te brinda las mejores posibilidades de ganar la pr\u00f3xima carrera.<\/p>\n<h3>Materiales<\/h3>\n<p>Vision est\u00e1 fabricado en Grilamid TR90, un material de alta tecnolog\u00eda que ofrece una flexibilidad excepcional.<\/p>\n<h3>Posibilidad de ajuste<\/h3>\n<p>No dejes nada al azar. Las gafas Vision se adaptan f\u00e1cilmente a tus necesidades. Sin el puente montado durante la carrera matutina para disfrutar de la naturaleza con el m\u00e1ximo campo de visi\u00f3n. Y con el puente montado durante la accidentada ruta en bicicleta de monta\u00f1a de la tarde. Las gafas Vision est\u00e1n cuidadosamente dise\u00f1adas para adaptarse a diferentes tipos de rostros. Las patillas est\u00e1n fabricadas con un n\u00facleo de alambre met\u00e1lico que se puede ajustar para un ajuste \u00f3ptimo. El puente nasal es ajustable para que las gafas resulten lo m\u00e1s c\u00f3modas posible de llevar. La lente es extra\u00edble y se puede cambiar f\u00e1cilmente por diferentes colores de lentes y categor\u00edas de filtros (se venden por separado). El adaptador \u00f3ptico (se vende por separado) se puede adquirir para adaptarlo a la graduaci\u00f3n de tus gafas personales. La visi\u00f3n es el ajuste definitivo para un rendimiento m\u00e1ximo.<\/div><\/div><\/div><div class=\"vc-row container\"><div class=\"vc-column\"><div class=\"vc-column-text\"><\/p>\n<div class=\"col-20 col-m-33 col-s-100\">\n<div class=\"tech-item\">\n<div class=\"col-20 col-m-33 col-s-100\">\n<div class=\"tech-item\">\n<h3><img decoding=\"async\" class=\"lazyloaded\" src=\"https:\/\/www.bliz.com\/media\/2249\/100-uv.png\" data-src=\"\/media\/2249\/100-uv.png\" \/><strong>Protecci\u00f3n 100 % contra los rayos UV<\/strong><\/h3>\n<p>Las gafas Bliz Active protegen eficazmente tus ojos de los da\u00f1inos rayos UVA y UVB.<\/p>\n<\/div>\n<\/div>\n<\/div>\n<\/div>\n<p><\/div><\/div><div class=\"vc-column\"><div class=\"vc-column-text\"><\/p>\n<div class=\"col-20 col-m-33 col-s-100\">\n<div class=\"tech-item\">\n<p><img decoding=\"async\" class=\"lazyloaded\" src=\"https:\/\/www.bliz.com\/media\/2251\/ce-standard.png\" data-src=\"https:\/\/www.bliz.com\/media\/2251\/ce-standard.png\" \/><\/p>\n<h3>Norma CE<\/h3>\n<p>Todos los productos Bliz Active cuentan con el marcado CE, lo que significa que cumplimos los requisitos b\u00e1sicos de salud y seguridad establecidos en las directivas de la UE aplicables a esta gama de productos.<\/p>\n<\/div>\n<\/div>\n<p><\/div><\/div><div class=\"vc-column\"><div class=\"vc-column-text\"><img decoding=\"async\" class=\"lazyloaded\" src=\"https:\/\/www.bliz.com\/media\/2263\/hydro-lens.png\" data-src=\"\/media\/2263\/hydro-lens.png\" \/><\/p>\n<h3>Sistema Hydro Lens\u2122<\/h3>\n<p>Bliz Hydro Lens Technology\u2122: una lente que ofrece una curvatura perfecta, m\u00e1xima protecci\u00f3n contra los rayos UV, material X-PC irrompible, hidrof\u00f3bica, resistente a los ara\u00f1azos y, si se desea, con tratamiento multicapa o polarizada, todo ello en una sola lente de gran tama\u00f1o.<\/p>\n<p><\/div><\/div><div class=\"vc-column\"><div class=\"vc-column-text\"><\/p>\n<h3><img decoding=\"async\" class=\"lazyloaded\" src=\"https:\/\/www.bliz.com\/media\/2265\/optical-adapter.png\" data-src=\"\/media\/2265\/optical-adapter.png\" \/><\/h3>\n<h3>Apto para adaptador \u00f3ptico<\/h3>\n<p>El adaptador \u00f3ptico te permite llevar lentes graduadas integradas para una visi\u00f3n \u00f3ptima mientras practicas deporte. Disponible como accesorio.<\/p>\n<p><\/div><\/div><\/div><div class=\"vc-row container\"><div class=\"vc-column\"><div class=\"vc-column-text\"><\/p>\n<div class=\"col-20 col-m-33 col-s-100\">\n<div class=\"tech-item\">\n<div class=\"col-20 col-m-33 col-s-100\">\n<div class=\"tech-item\">\n<p><img decoding=\"async\" class=\"lazyloaded\" src=\"https:\/\/www.bliz.com\/media\/9712\/click-hinge.png\" data-src=\"\/media\/9712\/click-hinge.png\" \/><\/p>\n<h3>Haz clic en \u00abBisagra\u00bb<\/h3>\n<p>Aporta un tacto y una calidad de primera a tus gafas y te ayuda a prolongar la vida \u00fatil de las patillas.<\/p>\n<\/div>\n<\/div>\n<\/div>\n<\/div>\n<p><\/div><\/div><div class=\"vc-column\"><div class=\"vc-column-text\"><\/p>\n<h3><img decoding=\"async\" class=\"lazyloaded\" src=\"https:\/\/www.bliz.com\/media\/2250\/adjustable-nosepad.png\" data-src=\"\/media\/2250\/adjustable-nosepad.png\" \/><\/h3>\n<h3>Nose piece ajustable<\/h3>\n<p>La pieza nasal es ajustable para un ajuste m\u00e1s c\u00f3modo y \u00f3ptimo alrededor de la nariz.<\/p>\n<p><\/div><\/div><div class=\"vc-column\"><div class=\"vc-column-text\"><\/p>\n<h3><img decoding=\"async\" class=\"lazyloaded\" src=\"https:\/\/www.bliz.com\/media\/9564\/jawbone.png\" data-src=\"\/media\/9564\/jawbone.png\" \/><\/h3>\n<h3><strong>Tecnolog\u00eda del hueso maxilar<\/strong><\/h3>\n<p>La tecnolog\u00eda Jawbone te permite cambiar f\u00e1cilmente el aspecto con los distintos colores de Jawbone.<\/p>\n<p><\/div><\/div><div class=\"vc-column\"><div class=\"vc-column-text\"><\/p>\n<h3><img decoding=\"async\" class=\"lazyloaded\" src=\"https:\/\/www.bliz.com\/media\/2239\/temple-tips.png\" data-src=\"\/media\/2239\/temple-tips.png\" \/><\/h3>\n<h3>Puntas de goma de fricci\u00f3n para el cepillo<\/h3>\n<p>Estas gafas tienen las puntas de las patillas de goma antideslizante<\/p>\n<p><\/div><\/div><\/div><\/p>\n","protected":false},"excerpt":{"rendered":"<h6 class=\"section-head gray-color nm\">Productos incluidos<\/h6>\n<p><img decoding=\"async\" title=\"Hard Case or Box\" src=\"https:\/\/www.bliz.com\/media\/7655\/bliz_sunglasses_case.jpg?width=100\" alt=\"Hard Case or Box\" \/><img decoding=\"async\" title=\"Fusion Jawbone Black\" src=\"https:\/\/www.bliz.com\/media\/9567\/jawbone-black.jpg?width=100\" alt=\"Fusion Jawbone Black\" \/><img decoding=\"async\" title=\"Microfiber Pouch\" src=\"https:\/\/www.bliz.com\/media\/7654\/soft-microfiber-pouch-bliz.jpg?width=100\" alt=\"Microfiber Pouch\" \/><\/p>\n","protected":false},"featured_media":235401,"template":"","meta":{"_acf_changed":false,"inline_featured_image":false},"product_brand":[],"product_cat":[24205,24219],"product_tag":[23460],"class_list":{"0":"post-280887","1":"product","2":"type-product","3":"status-publish","4":"has-post-thumbnail","6":"product_cat-accesorios","7":"product_cat-gafas","8":"product_tag-bliz-es","9":"pa_attivita-caminar","10":"pa_attivita-outdoor-es","11":"pa_attivita-running-es","12":"pa_attivita-trail-es","13":"pa_colore-vision-pink-purple-multi-es","14":"pa_marca-bliz-es","15":"pa_sesso-hombre","16":"pa_sesso-mujer","18":"first","19":"instock","20":"taxable","21":"shipping-taxable","22":"purchasable","23":"product-type-variable","24":"wvs-archive-product-wrapper"},"acf":[],"yoast_head":"<!-- This site is optimized with the Yoast SEO plugin v26.8 - https:\/\/yoast.com\/product\/yoast-seo-wordpress\/ -->\n<title>Bliz Vision - gafas para correr - MioMioRun.com<\/title>\n<meta name=\"description\" content=\"Vision, dise\u00f1ados para adaptarse a rostros m\u00e1s anchos y al tipo de ajuste asi\u00e1tico. Son t\u00e9cnicamente avanzados y cuentan con tecnolog\u00eda ligera y Jawbone.\" \/>\n<meta name=\"robots\" content=\"index, follow, max-snippet:-1, max-image-preview:large, max-video-preview:-1\" \/>\n<link rel=\"canonical\" href=\"https:\/\/www.miomiorun.com\/es\/producto\/bliz-vision\/\" \/>\n<meta property=\"og:locale\" content=\"es_ES\" \/>\n<meta property=\"og:type\" content=\"article\" \/>\n<meta property=\"og:title\" content=\"Bliz Vision - gafas para correr - MioMioRun.com\" \/>\n<meta property=\"og:description\" content=\"Vision, dise\u00f1ados para adaptarse a rostros m\u00e1s anchos y al tipo de ajuste asi\u00e1tico. Son t\u00e9cnicamente avanzados y cuentan con tecnolog\u00eda ligera y Jawbone.\" \/>\n<meta property=\"og:url\" content=\"https:\/\/www.miomiorun.com\/es\/producto\/bliz-vision\/\" \/>\n<meta property=\"og:site_name\" content=\"MioMioRun\" \/>\n<meta property=\"article:publisher\" content=\"https:\/\/www.facebook.com\/miomiorun\/\" \/>\n<meta property=\"article:modified_time\" content=\"2026-05-04T17:02:06+00:00\" \/>\n<meta property=\"og:image\" content=\"https:\/\/www.miomiorun.com\/app\/uploads\/2022\/03\/bliz-Vision-black-red-multi-52001-14.jpg\" \/>\n\t<meta property=\"og:image:width\" content=\"600\" \/>\n\t<meta property=\"og:image:height\" content=\"600\" \/>\n\t<meta property=\"og:image:type\" content=\"image\/jpeg\" \/>\n<meta name=\"twitter:card\" content=\"summary_large_image\" \/>\n<meta name=\"twitter:label1\" content=\"Est. reading time\" \/>\n\t<meta name=\"twitter:data1\" content=\"4 minutes\" \/>\n<script type=\"application\/ld+json\" class=\"yoast-schema-graph\">{\"@context\":\"https:\/\/schema.org\",\"@graph\":[{\"@type\":\"WebPage\",\"@id\":\"https:\/\/www.miomiorun.com\/es\/producto\/bliz-vision\/\",\"url\":\"https:\/\/www.miomiorun.com\/es\/producto\/bliz-vision\/\",\"name\":\"Bliz Vision - gafas para correr - MioMioRun.com\",\"isPartOf\":{\"@id\":\"https:\/\/www.miomiorun.com\/es\/#website\"},\"primaryImageOfPage\":{\"@id\":\"https:\/\/www.miomiorun.com\/es\/producto\/bliz-vision\/#primaryimage\"},\"image\":{\"@id\":\"https:\/\/www.miomiorun.com\/es\/producto\/bliz-vision\/#primaryimage\"},\"thumbnailUrl\":\"https:\/\/www.miomiorun.com\/app\/uploads\/2022\/03\/bliz-Vision-black-red-multi-52001-14.jpg\",\"datePublished\":\"2022-02-25T18:10:21+00:00\",\"dateModified\":\"2026-05-04T17:02:06+00:00\",\"description\":\"Vision, dise\u00f1ados para adaptarse a rostros m\u00e1s anchos y al tipo de ajuste asi\u00e1tico. Son t\u00e9cnicamente avanzados y cuentan con tecnolog\u00eda ligera y Jawbone.\",\"breadcrumb\":{\"@id\":\"https:\/\/www.miomiorun.com\/es\/producto\/bliz-vision\/#breadcrumb\"},\"inLanguage\":\"es-ES\",\"potentialAction\":[{\"@type\":\"ReadAction\",\"target\":[\"https:\/\/www.miomiorun.com\/es\/producto\/bliz-vision\/\"]}]},{\"@type\":\"ImageObject\",\"inLanguage\":\"es-ES\",\"@id\":\"https:\/\/www.miomiorun.com\/es\/producto\/bliz-vision\/#primaryimage\",\"url\":\"https:\/\/www.miomiorun.com\/app\/uploads\/2022\/03\/bliz-Vision-black-red-multi-52001-14.jpg\",\"contentUrl\":\"https:\/\/www.miomiorun.com\/app\/uploads\/2022\/03\/bliz-Vision-black-red-multi-52001-14.jpg\",\"width\":600,\"height\":600,\"caption\":\"bliz-Vision-black-red-multi-52001-14\"},{\"@type\":\"BreadcrumbList\",\"@id\":\"https:\/\/www.miomiorun.com\/es\/producto\/bliz-vision\/#breadcrumb\",\"itemListElement\":[{\"@type\":\"ListItem\",\"position\":1,\"name\":\"Home\",\"item\":\"https:\/\/www.miomiorun.com\/es\/\"},{\"@type\":\"ListItem\",\"position\":2,\"name\":\"Shop\",\"item\":\"https:\/\/www.miomiorun.com\/shop\/\"},{\"@type\":\"ListItem\",\"position\":3,\"name\":\"Vision\"}]},{\"@type\":\"WebSite\",\"@id\":\"https:\/\/www.miomiorun.com\/es\/#website\",\"url\":\"https:\/\/www.miomiorun.com\/es\/\",\"name\":\"MioMioRun\",\"description\":\"Tienda 100% running y trail\",\"publisher\":{\"@id\":\"https:\/\/www.miomiorun.com\/es\/#organization\"},\"potentialAction\":[{\"@type\":\"SearchAction\",\"target\":{\"@type\":\"EntryPoint\",\"urlTemplate\":\"https:\/\/www.miomiorun.com\/es\/?s={search_term_string}\"},\"query-input\":{\"@type\":\"PropertyValueSpecification\",\"valueRequired\":true,\"valueName\":\"search_term_string\"}}],\"inLanguage\":\"es-ES\"},{\"@type\":\"Organization\",\"@id\":\"https:\/\/www.miomiorun.com\/es\/#organization\",\"name\":\"MioMio Run\",\"url\":\"https:\/\/www.miomiorun.com\/es\/\",\"logo\":{\"@type\":\"ImageObject\",\"inLanguage\":\"es-ES\",\"@id\":\"https:\/\/www.miomiorun.com\/es\/#\/schema\/logo\/image\/\",\"url\":\"https:\/\/www.miomiorun.com\/app\/uploads\/2019\/12\/logomio.png\",\"contentUrl\":\"https:\/\/www.miomiorun.com\/app\/uploads\/2019\/12\/logomio.png\",\"width\":115,\"height\":82,\"caption\":\"MioMio Run\"},\"image\":{\"@id\":\"https:\/\/www.miomiorun.com\/es\/#\/schema\/logo\/image\/\"},\"sameAs\":[\"https:\/\/www.facebook.com\/miomiorun\/\",\"https:\/\/www.instagram.com\/miomiorun\/\"]}]}<\/script>\n<!-- \/ Yoast SEO plugin. -->","yoast_head_json":{"title":"Bliz Vision - gafas para correr - MioMioRun.com","description":"Vision, dise\u00f1ados para adaptarse a rostros m\u00e1s anchos y al tipo de ajuste asi\u00e1tico. Son t\u00e9cnicamente avanzados y cuentan con tecnolog\u00eda ligera y Jawbone.","robots":{"index":"index","follow":"follow","max-snippet":"max-snippet:-1","max-image-preview":"max-image-preview:large","max-video-preview":"max-video-preview:-1"},"canonical":"https:\/\/www.miomiorun.com\/es\/producto\/bliz-vision\/","og_locale":"es_ES","og_type":"article","og_title":"Bliz Vision - gafas para correr - MioMioRun.com","og_description":"Vision, dise\u00f1ados para adaptarse a rostros m\u00e1s anchos y al tipo de ajuste asi\u00e1tico. Son t\u00e9cnicamente avanzados y cuentan con tecnolog\u00eda ligera y Jawbone.","og_url":"https:\/\/www.miomiorun.com\/es\/producto\/bliz-vision\/","og_site_name":"MioMioRun","article_publisher":"https:\/\/www.facebook.com\/miomiorun\/","article_modified_time":"2026-05-04T17:02:06+00:00","og_image":[{"width":600,"height":600,"url":"https:\/\/www.miomiorun.com\/app\/uploads\/2022\/03\/bliz-Vision-black-red-multi-52001-14.jpg","type":"image\/jpeg"}],"twitter_card":"summary_large_image","twitter_misc":{"Est. reading time":"4 minutes"},"schema":{"@context":"https:\/\/schema.org","@graph":[{"@type":"WebPage","@id":"https:\/\/www.miomiorun.com\/es\/producto\/bliz-vision\/","url":"https:\/\/www.miomiorun.com\/es\/producto\/bliz-vision\/","name":"Bliz Vision - gafas para correr - MioMioRun.com","isPartOf":{"@id":"https:\/\/www.miomiorun.com\/es\/#website"},"primaryImageOfPage":{"@id":"https:\/\/www.miomiorun.com\/es\/producto\/bliz-vision\/#primaryimage"},"image":{"@id":"https:\/\/www.miomiorun.com\/es\/producto\/bliz-vision\/#primaryimage"},"thumbnailUrl":"https:\/\/www.miomiorun.com\/app\/uploads\/2022\/03\/bliz-Vision-black-red-multi-52001-14.jpg","datePublished":"2022-02-25T18:10:21+00:00","dateModified":"2026-05-04T17:02:06+00:00","description":"Vision, dise\u00f1ados para adaptarse a rostros m\u00e1s anchos y al tipo de ajuste asi\u00e1tico. Son t\u00e9cnicamente avanzados y cuentan con tecnolog\u00eda ligera y Jawbone.","breadcrumb":{"@id":"https:\/\/www.miomiorun.com\/es\/producto\/bliz-vision\/#breadcrumb"},"inLanguage":"es-ES","potentialAction":[{"@type":"ReadAction","target":["https:\/\/www.miomiorun.com\/es\/producto\/bliz-vision\/"]}]},{"@type":"ImageObject","inLanguage":"es-ES","@id":"https:\/\/www.miomiorun.com\/es\/producto\/bliz-vision\/#primaryimage","url":"https:\/\/www.miomiorun.com\/app\/uploads\/2022\/03\/bliz-Vision-black-red-multi-52001-14.jpg","contentUrl":"https:\/\/www.miomiorun.com\/app\/uploads\/2022\/03\/bliz-Vision-black-red-multi-52001-14.jpg","width":600,"height":600,"caption":"bliz-Vision-black-red-multi-52001-14"},{"@type":"BreadcrumbList","@id":"https:\/\/www.miomiorun.com\/es\/producto\/bliz-vision\/#breadcrumb","itemListElement":[{"@type":"ListItem","position":1,"name":"Home","item":"https:\/\/www.miomiorun.com\/es\/"},{"@type":"ListItem","position":2,"name":"Shop","item":"https:\/\/www.miomiorun.com\/shop\/"},{"@type":"ListItem","position":3,"name":"Vision"}]},{"@type":"WebSite","@id":"https:\/\/www.miomiorun.com\/es\/#website","url":"https:\/\/www.miomiorun.com\/es\/","name":"MioMioRun","description":"Tienda 100% running y trail","publisher":{"@id":"https:\/\/www.miomiorun.com\/es\/#organization"},"potentialAction":[{"@type":"SearchAction","target":{"@type":"EntryPoint","urlTemplate":"https:\/\/www.miomiorun.com\/es\/?s={search_term_string}"},"query-input":{"@type":"PropertyValueSpecification","valueRequired":true,"valueName":"search_term_string"}}],"inLanguage":"es-ES"},{"@type":"Organization","@id":"https:\/\/www.miomiorun.com\/es\/#organization","name":"MioMio Run","url":"https:\/\/www.miomiorun.com\/es\/","logo":{"@type":"ImageObject","inLanguage":"es-ES","@id":"https:\/\/www.miomiorun.com\/es\/#\/schema\/logo\/image\/","url":"https:\/\/www.miomiorun.com\/app\/uploads\/2019\/12\/logomio.png","contentUrl":"https:\/\/www.miomiorun.com\/app\/uploads\/2019\/12\/logomio.png","width":115,"height":82,"caption":"MioMio Run"},"image":{"@id":"https:\/\/www.miomiorun.com\/es\/#\/schema\/logo\/image\/"},"sameAs":["https:\/\/www.facebook.com\/miomiorun\/","https:\/\/www.instagram.com\/miomiorun\/"]}]}},"_links":{"self":[{"href":"https:\/\/www.miomiorun.com\/es\/wp-json\/wp\/v2\/product\/280887","targetHints":{"allow":["GET"]}}],"collection":[{"href":"https:\/\/www.miomiorun.com\/es\/wp-json\/wp\/v2\/product"}],"about":[{"href":"https:\/\/www.miomiorun.com\/es\/wp-json\/wp\/v2\/types\/product"}],"wp:featuredmedia":[{"embeddable":true,"href":"https:\/\/www.miomiorun.com\/es\/wp-json\/wp\/v2\/media\/235401"}],"wp:attachment":[{"href":"https:\/\/www.miomiorun.com\/es\/wp-json\/wp\/v2\/media?parent=280887"}],"wp:term":[{"taxonomy":"product_brand","embeddable":true,"href":"https:\/\/www.miomiorun.com\/es\/wp-json\/wp\/v2\/product_brand?post=280887"},{"taxonomy":"product_cat","embeddable":true,"href":"https:\/\/www.miomiorun.com\/es\/wp-json\/wp\/v2\/product_cat?post=280887"},{"taxonomy":"product_tag","embeddable":true,"href":"https:\/\/www.miomiorun.com\/es\/wp-json\/wp\/v2\/product_tag?post=280887"}],"curies":[{"name":"wp","href":"https:\/\/api.w.org\/{rel}","templated":true}]}}