{"id":280825,"date":"2021-10-12T16:23:57","date_gmt":"2021-10-12T14:23:57","guid":{"rendered":"https:\/\/miomiorun.com\/prodotto\/la-sportiva-hera-jkt-donna\/"},"modified":"2026-04-30T17:24:29","modified_gmt":"2026-04-30T15:24:29","slug":"la-sportiva-hera-jkt-mujer","status":"publish","type":"product","link":"https:\/\/www.miomiorun.com\/es\/producto\/la-sportiva-hera-jkt-mujer\/","title":{"rendered":"Hera Jkt mujer"},"content":{"rendered":"<p>La Sportiva <strong>Hera Jkt<\/strong> para mujer es una prenda de segunda capa confeccionada con material reciclado que ofrece la calidez necesaria para las excursiones a bajas temperaturas, garantizando la transpirabilidad y una ventilaci\u00f3n total gracias a su cremallera completa.<\/p>\n<h3>Informaci\u00f3n t\u00e9cnica:<\/h3>\n<p><img decoding=\"async\" class=\"img-responsive margin-bottom-sm\" src=\"https:\/\/www.lasportiva.com\/media\/techinfo_icons\/Breathability_75x75.png\" \/><\/p>\n<p><strong>Transpirabilidad:<\/strong><br \/>\nProductos altamente transpirables para un confort clim\u00e1tico \u00f3ptimo.<\/p>\n<p><img decoding=\"async\" class=\"img-responsive margin-bottom-sm\" src=\"https:\/\/www.lasportiva.com\/media\/techinfo_icons\/Stretch_75x75.png\" \/><\/p>\n<p><strong>Elasticidad:<\/strong><br \/>\nPrendas c\u00f3modas y adaptables que garantizan la m\u00e1xima libertad de movimiento.<\/p>\n<p><img loading=\"lazy\" decoding=\"async\" class=\"lazyloaded\" src=\"https:\/\/www.lasportiva.com\/media\/techinfo_icons\/slim-fit.png\" alt=\"La Sportiva\" width=\"75\" height=\"75\" data-src=\"https:\/\/www.lasportiva.com\/media\/techinfo_icons\/slim-fit.png\" \/><\/p>\n<p><strong>Corte ajustado:<\/strong><br \/>\nCorte muy ce\u00f1ido para un rendimiento m\u00e1ximo en competici\u00f3n.<\/p>\n<p><img decoding=\"async\" class=\"img-responsive margin-bottom-sm\" src=\"https:\/\/www.lasportiva.com\/media\/techinfo_icons\/Lightweight_75x75.png\" \/><\/p>\n<p><strong>Ligereza:<\/strong><br \/>\nProductos que mantienen el peso al m\u00ednimo.<\/p>\n<p><img decoding=\"async\" class=\"img-responsive margin-bottom-sm\" src=\"https:\/\/www.lasportiva.com\/media\/techinfo_icons\/Insulation_75x75.png\" \/><\/p>\n<p><strong>Aislamiento t\u00e9rmico:<\/strong><br \/>\nProductos aptos para su uso en condiciones de bajas temperaturas.<\/p>\n<p><img loading=\"lazy\" decoding=\"async\" src=\"https:\/\/www.lasportiva.com\/media\/icone_aggiornamenti\/125x75_TechstretchPRO.png\" alt=\"\" width=\"137\" height=\"82\" \/><\/p>\n<p>TechStretch\u2122 Storm es un tejido ecol\u00f3gico fabricado con hilo de poli\u00e9ster con certificaci\u00f3n GRS a partir de fibras recicladas (de la marca Perpetual) obtenidas de la reutilizaci\u00f3n de botellas de pl\u00e1stico.<br \/>\nEl tratamiento antibacteriano con iones de plata, sus excelentes propiedades de transpirabilidad y su resistencia a la abrasi\u00f3n, gracias al tratamiento externo del tejido, lo convierten en un material extremadamente vers\u00e1til y adecuado para m\u00faltiples usos deportivos. Fabricado por Pontetorto\u00ae.<\/p>\n<p><img decoding=\"async\" class=\"img-responsive margin-bottom-sm\" src=\"https:\/\/www.lasportiva.com\/media\/techinfo_icons\/Pontetorto_00.png\" \/><\/p>\n<p><strong>LaSpo EKS Technology de Pontetorto:<\/strong><br \/>\nLa caracter\u00edstica principal de EKS es su capacidad para generar calor durante la actividad f\u00edsica, aprovechando el calor latente del sudor que se libera de forma natural al pasar del estado l\u00edquido al gaseoso.<\/p>\n<p><img loading=\"lazy\" decoding=\"async\" class=\"lazyloaded\" src=\"https:\/\/www.lasportiva.com\/media\/techinfo_icons\/polygiene.png\" alt=\"La Sportiva\" width=\"75\" height=\"75\" data-src=\"https:\/\/www.lasportiva.com\/media\/techinfo_icons\/polygiene.png\" \/><\/p>\n<p>La tecnolog\u00eda antibacteriana y antiolor Polygiene\u00ae es un tratamiento duradero, eficaz y sostenible que utiliza sales de plata para impedir la formaci\u00f3n de las bacterias que causan los malos olores. \u00bfEl resultado? <strong>Las prendas se pueden llevar puestas durante m\u00e1s tiempo sin necesidad de lavarlas.<\/strong><\/p>\n<p><img decoding=\"async\" class=\"img-responsive margin-bottom-sm\" src=\"https:\/\/www.lasportiva.com\/media\/techinfo_icons\/L2_75x75.png\" \/><\/p>\n<p><strong>L2 &#8211; CAPA INTERMEDIA Y CAPA T\u00c9RMICA<\/strong><br \/>\nProporciona un mayor aislamiento t\u00e9rmico y favorece la evacuaci\u00f3n del sudor gracias a su elevada transpirabilidad.<\/p>\n<p><img loading=\"lazy\" decoding=\"async\" class=\"img-responsive margin-bottom-sm\" src=\"https:\/\/www.lasportiva.com\/media\/Recycled_FABRIC_INSULATION_Icona_75x75.png\" width=\"75\" height=\"75\" \/><\/p>\n<p>La Sportiva introduce fibras y acolchados obtenidos a partir de la reutilizaci\u00f3n de poli\u00e9ster reciclado y certificado <strong>RePET<\/strong>\u00ae, procedente del reciclaje de botellas de pl\u00e1stico al final de su vida \u00fatil. Las prendas que llevan la etiqueta \u00abRECYCLED FABRIC &amp; INSULATION\u00bb garantizan que:<\/p>\n<ul>\n<li>Todos los derivados petroqu\u00edmicos se han sustituido por <strong>fibras obtenidas a partir de poli\u00e9ster reciclado<\/strong><\/li>\n<li>Este producto contribuye a <strong>reducir el impacto sobre el planeta<\/strong><\/li>\n<li><strong>Durabilidad y calidad<\/strong> a lo largo del tiempo<\/li>\n<li>Una reducci\u00f3n de las emisiones de <strong>CO2 (aproximadamente un 54 % menos que en la producci\u00f3n de fibras tradicionales)<\/strong> en el proceso de fabricaci\u00f3n de fibras de poli\u00e9ster reciclado<\/li>\n<\/ul>\n<p>&nbsp;<\/p>\n","protected":false},"excerpt":{"rendered":"<p>La Sportiva Hera Jkt para mujer es una prenda de segunda capa confeccionada con material reciclado que ofrece la calidez necesaria para las excursiones a bajas temperaturas, garantizando la transpirabilidad y una ventilaci\u00f3n total gracias a su cremallera completa. Informaci\u00f3n t\u00e9cnica: Transpirabilidad: Productos altamente transpirables para un confort clim\u00e1tico \u00f3ptimo. Elasticidad: Prendas c\u00f3modas y adaptables &hellip; <a href=\"https:\/\/www.miomiorun.com\/es\/producto\/la-sportiva-hera-jkt-mujer\/\">Continued<\/a><\/p>\n","protected":false},"featured_media":233896,"template":"","meta":{"_acf_changed":false,"inline_featured_image":false},"product_brand":[],"product_cat":[24418,24420],"product_tag":[23598,23640],"class_list":{"0":"post-280825","1":"product","2":"type-product","3":"status-publish","4":"has-post-thumbnail","6":"product_cat-chaquetas-es","7":"product_cat-ropa-de-mujer-es","8":"product_tag-la-sportiva-es","9":"product_tag-la-sportiva-mujer","10":"pa_attivita-caminar","11":"pa_attivita-outdoor-es","12":"pa_colore-hera-jkt-w-aquarelle-atlantic-es","13":"pa_marca-la-sportiva-es","14":"pa_sesso-mujer","15":"pa_size-extra-small-es","16":"pa_size-small-es","17":"pa_size-medium-es","18":"pa_size-large-es","20":"first","21":"instock","22":"sale","23":"taxable","24":"shipping-taxable","25":"purchasable","26":"product-type-variable","27":"wvs-archive-product-wrapper"},"acf":[],"yoast_head":"<!-- This site is optimized with the Yoast SEO plugin v26.8 - https:\/\/yoast.com\/product\/yoast-seo-wordpress\/ -->\n<title>La Sportiva Hera Jkt mujer -Chaqueta para correr- MioMioRun.com<\/title>\n<meta name=\"description\" content=\"La Sportiva Hera Jkt para mujer es una prenda de segunda capa fabricada con material reciclado que ofrece la calidez necesaria para las excursiones.\" \/>\n<meta name=\"robots\" content=\"index, follow, max-snippet:-1, max-image-preview:large, max-video-preview:-1\" \/>\n<link rel=\"canonical\" href=\"https:\/\/www.miomiorun.com\/es\/producto\/la-sportiva-hera-jkt-mujer\/\" \/>\n<meta property=\"og:locale\" content=\"es_ES\" \/>\n<meta property=\"og:type\" content=\"article\" \/>\n<meta property=\"og:title\" content=\"La Sportiva Hera Jkt mujer -Chaqueta para correr- MioMioRun.com\" \/>\n<meta property=\"og:description\" content=\"La Sportiva Hera Jkt para mujer es una prenda de segunda capa fabricada con material reciclado que ofrece la calidez necesaria para las excursiones.\" \/>\n<meta property=\"og:url\" content=\"https:\/\/www.miomiorun.com\/es\/producto\/la-sportiva-hera-jkt-mujer\/\" \/>\n<meta property=\"og:site_name\" content=\"MioMioRun\" \/>\n<meta property=\"article:publisher\" content=\"https:\/\/www.facebook.com\/miomiorun\/\" \/>\n<meta property=\"article:modified_time\" content=\"2026-04-30T15:24:29+00:00\" \/>\n<meta property=\"og:image\" content=\"https:\/\/www.miomiorun.com\/app\/uploads\/2021\/10\/la-sportiva-Hera-JKT-M05631630.jpg\" \/>\n\t<meta property=\"og:image:width\" content=\"600\" \/>\n\t<meta property=\"og:image:height\" content=\"600\" \/>\n\t<meta property=\"og:image:type\" content=\"image\/jpeg\" \/>\n<meta name=\"twitter:card\" content=\"summary_large_image\" \/>\n<meta name=\"twitter:label1\" content=\"Est. reading time\" \/>\n\t<meta name=\"twitter:data1\" content=\"2 minutes\" \/>\n<script type=\"application\/ld+json\" class=\"yoast-schema-graph\">{\"@context\":\"https:\/\/schema.org\",\"@graph\":[{\"@type\":\"WebPage\",\"@id\":\"https:\/\/www.miomiorun.com\/es\/producto\/la-sportiva-hera-jkt-mujer\/\",\"url\":\"https:\/\/www.miomiorun.com\/es\/producto\/la-sportiva-hera-jkt-mujer\/\",\"name\":\"La Sportiva Hera Jkt mujer -Chaqueta para correr- MioMioRun.com\",\"isPartOf\":{\"@id\":\"https:\/\/www.miomiorun.com\/es\/#website\"},\"primaryImageOfPage\":{\"@id\":\"https:\/\/www.miomiorun.com\/es\/producto\/la-sportiva-hera-jkt-mujer\/#primaryimage\"},\"image\":{\"@id\":\"https:\/\/www.miomiorun.com\/es\/producto\/la-sportiva-hera-jkt-mujer\/#primaryimage\"},\"thumbnailUrl\":\"https:\/\/www.miomiorun.com\/app\/uploads\/2021\/10\/la-sportiva-Hera-JKT-M05631630.jpg\",\"datePublished\":\"2021-10-12T14:23:57+00:00\",\"dateModified\":\"2026-04-30T15:24:29+00:00\",\"description\":\"La Sportiva Hera Jkt para mujer es una prenda de segunda capa fabricada con material reciclado que ofrece la calidez necesaria para las excursiones.\",\"breadcrumb\":{\"@id\":\"https:\/\/www.miomiorun.com\/es\/producto\/la-sportiva-hera-jkt-mujer\/#breadcrumb\"},\"inLanguage\":\"es-ES\",\"potentialAction\":[{\"@type\":\"ReadAction\",\"target\":[\"https:\/\/www.miomiorun.com\/es\/producto\/la-sportiva-hera-jkt-mujer\/\"]}]},{\"@type\":\"ImageObject\",\"inLanguage\":\"es-ES\",\"@id\":\"https:\/\/www.miomiorun.com\/es\/producto\/la-sportiva-hera-jkt-mujer\/#primaryimage\",\"url\":\"https:\/\/www.miomiorun.com\/app\/uploads\/2021\/10\/la-sportiva-Hera-JKT-M05631630.jpg\",\"contentUrl\":\"https:\/\/www.miomiorun.com\/app\/uploads\/2021\/10\/la-sportiva-Hera-JKT-M05631630.jpg\",\"width\":600,\"height\":600,\"caption\":\"la sportiva hera jkt\"},{\"@type\":\"BreadcrumbList\",\"@id\":\"https:\/\/www.miomiorun.com\/es\/producto\/la-sportiva-hera-jkt-mujer\/#breadcrumb\",\"itemListElement\":[{\"@type\":\"ListItem\",\"position\":1,\"name\":\"Home\",\"item\":\"https:\/\/www.miomiorun.com\/es\/\"},{\"@type\":\"ListItem\",\"position\":2,\"name\":\"Shop\",\"item\":\"https:\/\/www.miomiorun.com\/shop\/\"},{\"@type\":\"ListItem\",\"position\":3,\"name\":\"Hera Jkt mujer\"}]},{\"@type\":\"WebSite\",\"@id\":\"https:\/\/www.miomiorun.com\/es\/#website\",\"url\":\"https:\/\/www.miomiorun.com\/es\/\",\"name\":\"MioMioRun\",\"description\":\"Tienda 100% running y trail\",\"publisher\":{\"@id\":\"https:\/\/www.miomiorun.com\/es\/#organization\"},\"potentialAction\":[{\"@type\":\"SearchAction\",\"target\":{\"@type\":\"EntryPoint\",\"urlTemplate\":\"https:\/\/www.miomiorun.com\/es\/?s={search_term_string}\"},\"query-input\":{\"@type\":\"PropertyValueSpecification\",\"valueRequired\":true,\"valueName\":\"search_term_string\"}}],\"inLanguage\":\"es-ES\"},{\"@type\":\"Organization\",\"@id\":\"https:\/\/www.miomiorun.com\/es\/#organization\",\"name\":\"MioMio Run\",\"url\":\"https:\/\/www.miomiorun.com\/es\/\",\"logo\":{\"@type\":\"ImageObject\",\"inLanguage\":\"es-ES\",\"@id\":\"https:\/\/www.miomiorun.com\/es\/#\/schema\/logo\/image\/\",\"url\":\"https:\/\/www.miomiorun.com\/app\/uploads\/2019\/12\/logomio.png\",\"contentUrl\":\"https:\/\/www.miomiorun.com\/app\/uploads\/2019\/12\/logomio.png\",\"width\":115,\"height\":82,\"caption\":\"MioMio Run\"},\"image\":{\"@id\":\"https:\/\/www.miomiorun.com\/es\/#\/schema\/logo\/image\/\"},\"sameAs\":[\"https:\/\/www.facebook.com\/miomiorun\/\",\"https:\/\/www.instagram.com\/miomiorun\/\"]}]}<\/script>\n<!-- \/ Yoast SEO plugin. -->","yoast_head_json":{"title":"La Sportiva Hera Jkt mujer -Chaqueta para correr- MioMioRun.com","description":"La Sportiva Hera Jkt para mujer es una prenda de segunda capa fabricada con material reciclado que ofrece la calidez necesaria para las excursiones.","robots":{"index":"index","follow":"follow","max-snippet":"max-snippet:-1","max-image-preview":"max-image-preview:large","max-video-preview":"max-video-preview:-1"},"canonical":"https:\/\/www.miomiorun.com\/es\/producto\/la-sportiva-hera-jkt-mujer\/","og_locale":"es_ES","og_type":"article","og_title":"La Sportiva Hera Jkt mujer -Chaqueta para correr- MioMioRun.com","og_description":"La Sportiva Hera Jkt para mujer es una prenda de segunda capa fabricada con material reciclado que ofrece la calidez necesaria para las excursiones.","og_url":"https:\/\/www.miomiorun.com\/es\/producto\/la-sportiva-hera-jkt-mujer\/","og_site_name":"MioMioRun","article_publisher":"https:\/\/www.facebook.com\/miomiorun\/","article_modified_time":"2026-04-30T15:24:29+00:00","og_image":[{"width":600,"height":600,"url":"https:\/\/www.miomiorun.com\/app\/uploads\/2021\/10\/la-sportiva-Hera-JKT-M05631630.jpg","type":"image\/jpeg"}],"twitter_card":"summary_large_image","twitter_misc":{"Est. reading time":"2 minutes"},"schema":{"@context":"https:\/\/schema.org","@graph":[{"@type":"WebPage","@id":"https:\/\/www.miomiorun.com\/es\/producto\/la-sportiva-hera-jkt-mujer\/","url":"https:\/\/www.miomiorun.com\/es\/producto\/la-sportiva-hera-jkt-mujer\/","name":"La Sportiva Hera Jkt mujer -Chaqueta para correr- MioMioRun.com","isPartOf":{"@id":"https:\/\/www.miomiorun.com\/es\/#website"},"primaryImageOfPage":{"@id":"https:\/\/www.miomiorun.com\/es\/producto\/la-sportiva-hera-jkt-mujer\/#primaryimage"},"image":{"@id":"https:\/\/www.miomiorun.com\/es\/producto\/la-sportiva-hera-jkt-mujer\/#primaryimage"},"thumbnailUrl":"https:\/\/www.miomiorun.com\/app\/uploads\/2021\/10\/la-sportiva-Hera-JKT-M05631630.jpg","datePublished":"2021-10-12T14:23:57+00:00","dateModified":"2026-04-30T15:24:29+00:00","description":"La Sportiva Hera Jkt para mujer es una prenda de segunda capa fabricada con material reciclado que ofrece la calidez necesaria para las excursiones.","breadcrumb":{"@id":"https:\/\/www.miomiorun.com\/es\/producto\/la-sportiva-hera-jkt-mujer\/#breadcrumb"},"inLanguage":"es-ES","potentialAction":[{"@type":"ReadAction","target":["https:\/\/www.miomiorun.com\/es\/producto\/la-sportiva-hera-jkt-mujer\/"]}]},{"@type":"ImageObject","inLanguage":"es-ES","@id":"https:\/\/www.miomiorun.com\/es\/producto\/la-sportiva-hera-jkt-mujer\/#primaryimage","url":"https:\/\/www.miomiorun.com\/app\/uploads\/2021\/10\/la-sportiva-Hera-JKT-M05631630.jpg","contentUrl":"https:\/\/www.miomiorun.com\/app\/uploads\/2021\/10\/la-sportiva-Hera-JKT-M05631630.jpg","width":600,"height":600,"caption":"la sportiva hera jkt"},{"@type":"BreadcrumbList","@id":"https:\/\/www.miomiorun.com\/es\/producto\/la-sportiva-hera-jkt-mujer\/#breadcrumb","itemListElement":[{"@type":"ListItem","position":1,"name":"Home","item":"https:\/\/www.miomiorun.com\/es\/"},{"@type":"ListItem","position":2,"name":"Shop","item":"https:\/\/www.miomiorun.com\/shop\/"},{"@type":"ListItem","position":3,"name":"Hera Jkt mujer"}]},{"@type":"WebSite","@id":"https:\/\/www.miomiorun.com\/es\/#website","url":"https:\/\/www.miomiorun.com\/es\/","name":"MioMioRun","description":"Tienda 100% running y trail","publisher":{"@id":"https:\/\/www.miomiorun.com\/es\/#organization"},"potentialAction":[{"@type":"SearchAction","target":{"@type":"EntryPoint","urlTemplate":"https:\/\/www.miomiorun.com\/es\/?s={search_term_string}"},"query-input":{"@type":"PropertyValueSpecification","valueRequired":true,"valueName":"search_term_string"}}],"inLanguage":"es-ES"},{"@type":"Organization","@id":"https:\/\/www.miomiorun.com\/es\/#organization","name":"MioMio Run","url":"https:\/\/www.miomiorun.com\/es\/","logo":{"@type":"ImageObject","inLanguage":"es-ES","@id":"https:\/\/www.miomiorun.com\/es\/#\/schema\/logo\/image\/","url":"https:\/\/www.miomiorun.com\/app\/uploads\/2019\/12\/logomio.png","contentUrl":"https:\/\/www.miomiorun.com\/app\/uploads\/2019\/12\/logomio.png","width":115,"height":82,"caption":"MioMio Run"},"image":{"@id":"https:\/\/www.miomiorun.com\/es\/#\/schema\/logo\/image\/"},"sameAs":["https:\/\/www.facebook.com\/miomiorun\/","https:\/\/www.instagram.com\/miomiorun\/"]}]}},"_links":{"self":[{"href":"https:\/\/www.miomiorun.com\/es\/wp-json\/wp\/v2\/product\/280825","targetHints":{"allow":["GET"]}}],"collection":[{"href":"https:\/\/www.miomiorun.com\/es\/wp-json\/wp\/v2\/product"}],"about":[{"href":"https:\/\/www.miomiorun.com\/es\/wp-json\/wp\/v2\/types\/product"}],"wp:featuredmedia":[{"embeddable":true,"href":"https:\/\/www.miomiorun.com\/es\/wp-json\/wp\/v2\/media\/233896"}],"wp:attachment":[{"href":"https:\/\/www.miomiorun.com\/es\/wp-json\/wp\/v2\/media?parent=280825"}],"wp:term":[{"taxonomy":"product_brand","embeddable":true,"href":"https:\/\/www.miomiorun.com\/es\/wp-json\/wp\/v2\/product_brand?post=280825"},{"taxonomy":"product_cat","embeddable":true,"href":"https:\/\/www.miomiorun.com\/es\/wp-json\/wp\/v2\/product_cat?post=280825"},{"taxonomy":"product_tag","embeddable":true,"href":"https:\/\/www.miomiorun.com\/es\/wp-json\/wp\/v2\/product_tag?post=280825"}],"curies":[{"name":"wp","href":"https:\/\/api.w.org\/{rel}","templated":true}]}}