{"id":280773,"date":"2021-10-12T18:51:57","date_gmt":"2021-10-12T16:51:57","guid":{"rendered":"https:\/\/miomiorun.com\/prodotto\/uyn-marathon-ow-shirt-donna\/"},"modified":"2026-05-04T17:34:10","modified_gmt":"2026-05-04T15:34:10","slug":"uyn-marathon-ow-shirt-mujer","status":"publish","type":"product","link":"https:\/\/www.miomiorun.com\/es\/producto\/uyn-marathon-ow-shirt-mujer\/","title":{"rendered":"Marathon OW shirt mujer"},"content":{"rendered":"<div class=\"tab-custom-inner-max content-wysiwyg\"><\/div>\n<div class=\"tab-custom-inner-max content-wysiwyg\">\n<div class=\"product-line\">\n<p><strong>Marathon de Uyn<\/strong> para mujer es una camiseta de running ligera y el\u00e1stica, con una ventilaci\u00f3n \u00f3ptima que evacua r\u00e1pidamente el sudor hacia el exterior y regula eficazmente la temperatura corporal para ofrecer una comodidad \u00f3ptima.<\/p>\n<p><strong>Caracter\u00edsticas:<\/strong><\/p>\n<ul>\n<li>Tecnolog\u00eda Coolvent para una correcta circulaci\u00f3n del aire<\/li>\n<li>tecnolog\u00eda Drylight que evacua la humedad hacia el exterior<\/li>\n<li>dise\u00f1o Hypermotion que favorece la postura corporal<\/li>\n<li>collar redondo<\/li>\n<li>mangas ragl\u00e1n para una movilidad \u00f3ptima<\/li>\n<li>extremos el\u00e1sticos<\/li>\n<li>Logotipo de Uyn de gran tama\u00f1o en la parte delantera y trasera<\/li>\n<\/ul>\n<h3>Tecnolog\u00edas<\/h3>\n<div id=\"tab-technology\" class=\"tab-pane active\" role=\"tabpanel\">\n<div class=\"tab-custom\">\n<div class=\"tab-items\">\n<div class=\"row\">\n<div class=\"col-xs-12 col-sm-4\">\n<div class=\"tab-item\">\n<div class=\"media media-md\">\n<div class=\"media-left\"><img loading=\"lazy\" decoding=\"async\" class=\"\" src=\"https:\/\/images.prismic.io\/uynsports\/558d27668629dc0d13a92787903add7452ef943d_coolvent.jpg?auto=compress,format\" alt=\"Coolvent\" width=\"88\" height=\"88\" \/><\/div>\n<div class=\"media-body\">\n<div class=\"title\"><strong>Coolvent<\/strong><\/div>\n<p>El concepto Coolvent es sin\u00f3nimo de confort absoluto. Se basa en la estructura abierta del tejido: la superficie interior est\u00e1 atravesada por canales que favorecen un flujo constante de aire. Absorbe r\u00e1pidamente el sudor, refresca el cuerpo durante la actividad f\u00edsica y mantiene la piel siempre seca.<\/p>\n<\/div>\n<\/div>\n<\/div>\n<\/div>\n<div class=\"col-xs-12 col-sm-4\">\n<div class=\"tab-item\">\n<div class=\"media media-md\">\n<div class=\"media-left\"><img loading=\"lazy\" decoding=\"async\" class=\"\" src=\"https:\/\/images.prismic.io\/uynsports\/527a70652da805d4a951d23b1d682161e9f97dcf_drylight.jpg?auto=compress,format\" alt=\"Drylight\" width=\"88\" height=\"88\" \/><\/div>\n<div class=\"media-body\">\n<div class=\"title\"><strong>Drylight<\/strong><\/div>\n<p>La tecnolog\u00eda Drylight de UYN\u00ae proporciona comodidad en todas las partes del cuerpo donde se acumula el sudor. Gracias a un tejido m\u00e1s transpirable y altamente absorbente, la humedad se expulsa r\u00e1pidamente hacia el exterior.<\/p>\n<\/div>\n<\/div>\n<\/div>\n<\/div>\n<div class=\"col-xs-12 col-sm-4\">\n<div class=\"tab-item\">\n<div class=\"media media-md\">\n<div class=\"media-left\"><img loading=\"lazy\" decoding=\"async\" class=\"\" src=\"https:\/\/images.prismic.io\/uynsports\/89800456c6e9adddef3efa4e70bf25dcbd6b6aab_hypermotion2.jpg?auto=compress,format\" alt=\"Hypermotion\u00b2\" width=\"88\" height=\"88\" \/><\/div>\n<div class=\"media-body\">\n<div class=\"title\"><strong>Hypermotion\u00b2<\/strong><\/div>\n<p>Hypermotion\u00b2 ofrece una libertad de movimiento a\u00fan mayor. No hay costuras verticales, ni en los hombros ni en el pecho. Nada que pueda limitar el movimiento de los brazos.<\/p>\n<\/div>\n<\/div>\n<\/div>\n<\/div>\n<div class=\"col-xs-12 col-sm-4\">\n<div class=\"tab-item\">\n<div class=\"media media-md\">\n<div class=\"media-left\"><strong><img loading=\"lazy\" decoding=\"async\" class=\"\" src=\"https:\/\/images.prismic.io\/uynsports\/1304e00edf5a78c715bdc0f15cac1cece3921fad_meta-ribs-top.jpg?auto=compress,format\" alt=\"Meta-Ribs\" width=\"88\" height=\"88\" \/><\/strong><\/div>\n<div class=\"media-body\">\n<div class=\"title\"><strong>Meta-Ribs<\/strong><\/div>\n<p>Gracias a las Meta-Ribs integradas y estabilizadoras, el sistema Hypermotion\u00b2 favorece una postura ideal, lo que permite que la caja tor\u00e1cica se expanda y facilite as\u00ed la respiraci\u00f3n.<\/p>\n<\/div>\n<\/div>\n<\/div>\n<\/div>\n<div class=\"col-xs-12 col-sm-4\">\n<div class=\"tab-item\">\n<div class=\"media media-md\">\n<div class=\"media-left\"><strong><img loading=\"lazy\" decoding=\"async\" class=\"\" src=\"https:\/\/images.prismic.io\/uynsports\/4aa9ee299293b2a0a42d8c38f2dd934260f726b5_t-hexagon.png?auto=compress,format\" alt=\"T-Hexagon\" width=\"88\" height=\"88\" \/><\/strong><\/div>\n<div class=\"media-body\">\n<div class=\"title\"><strong>T-Hex\u00e1gono<\/strong><\/div>\n<p>La estructura hexagonal tridimensional del tejido permite una regulaci\u00f3n perfecta de la temperatura corporal. En la zona abdominal, la estructura es m\u00e1s gruesa para garantizar un mejor aislamiento y estabilidad, mientras que se vuelve m\u00e1s fina en la zona del pecho para favorecer la transpiraci\u00f3n y la evaporaci\u00f3n del sudor.<\/p>\n<\/div>\n<\/div>\n<\/div>\n<\/div>\n<\/div>\n<\/div>\n<\/div>\n<\/div>\n<\/div>\n<\/div>\n","protected":false},"excerpt":{"rendered":"<p>Marathon de Uyn para mujer es una camiseta de running ligera y el\u00e1stica, con una ventilaci\u00f3n \u00f3ptima que evacua r\u00e1pidamente el sudor hacia el exterior y regula eficazmente la temperatura corporal para ofrecer una comodidad \u00f3ptima. Caracter\u00edsticas: Tecnolog\u00eda Coolvent para una correcta circulaci\u00f3n del aire tecnolog\u00eda Drylight que evacua la humedad hacia el exterior dise\u00f1o &hellip; <a href=\"https:\/\/www.miomiorun.com\/es\/producto\/uyn-marathon-ow-shirt-mujer\/\">Continued<\/a><\/p>\n","protected":false},"featured_media":233916,"template":"","meta":{"_acf_changed":false,"inline_featured_image":false},"product_brand":[],"product_cat":[24401,24397,24402],"product_tag":[23525,23621],"class_list":{"0":"post-280773","1":"product","2":"type-product","3":"status-publish","4":"has-post-thumbnail","6":"product_cat-ropa-de-mujer","7":"product_cat-ropa-interior","8":"product_cat-mujer","9":"product_tag-uyn-es","10":"product_tag-uyn-mujer","11":"pa_attivita-caminar","12":"pa_attivita-running-es","13":"pa_colore-lady-marathon-ow-shirt-blackboard-charcoal-white-es","14":"pa_colore-lady-marathon-ow-shirt-flamingo-flamingo-light-white-es","15":"pa_marca-uyn-es","16":"pa_sesso-mujer","17":"pa_size-s-m-es","18":"pa_size-l-xl-es","20":"first","21":"instock","22":"sale","23":"taxable","24":"shipping-taxable","25":"purchasable","26":"product-type-variable","27":"wvs-archive-product-wrapper"},"acf":[],"yoast_head":"<!-- This site is optimized with the Yoast SEO plugin v26.8 - https:\/\/yoast.com\/product\/yoast-seo-wordpress\/ -->\n<title>Uyn Marathon OW shirt mujer - Ropa interior t\u00e9rmica - MioMioRun.com<\/title>\n<meta name=\"description\" content=\"La camiseta Marathon de Uyn para mujer es una prenda de running ligera y el\u00e1stica, con una ventilaci\u00f3n \u00f3ptima que evacua el sudor hacia el exterior.\" \/>\n<meta name=\"robots\" content=\"index, follow, max-snippet:-1, max-image-preview:large, max-video-preview:-1\" \/>\n<link rel=\"canonical\" href=\"https:\/\/www.miomiorun.com\/es\/producto\/uyn-marathon-ow-shirt-mujer\/\" \/>\n<meta property=\"og:locale\" content=\"es_ES\" \/>\n<meta property=\"og:type\" content=\"article\" \/>\n<meta property=\"og:title\" content=\"Uyn Marathon OW shirt mujer - Ropa interior t\u00e9rmica - MioMioRun.com\" \/>\n<meta property=\"og:description\" content=\"La camiseta Marathon de Uyn para mujer es una prenda de running ligera y el\u00e1stica, con una ventilaci\u00f3n \u00f3ptima que evacua el sudor hacia el exterior.\" \/>\n<meta property=\"og:url\" content=\"https:\/\/www.miomiorun.com\/es\/producto\/uyn-marathon-ow-shirt-mujer\/\" \/>\n<meta property=\"og:site_name\" content=\"MioMioRun\" \/>\n<meta property=\"article:publisher\" content=\"https:\/\/www.facebook.com\/miomiorun\/\" \/>\n<meta property=\"article:modified_time\" content=\"2026-05-04T15:34:10+00:00\" \/>\n<meta property=\"og:image\" content=\"https:\/\/www.miomiorun.com\/app\/uploads\/2021\/10\/uyn-Lady-marathon-OW-shirt-O101950-93P370.jpg\" \/>\n\t<meta property=\"og:image:width\" content=\"600\" \/>\n\t<meta property=\"og:image:height\" content=\"600\" \/>\n\t<meta property=\"og:image:type\" content=\"image\/jpeg\" \/>\n<meta name=\"twitter:card\" content=\"summary_large_image\" \/>\n<meta name=\"twitter:label1\" content=\"Est. reading time\" \/>\n\t<meta name=\"twitter:data1\" content=\"2 minutes\" \/>\n<script type=\"application\/ld+json\" class=\"yoast-schema-graph\">{\"@context\":\"https:\/\/schema.org\",\"@graph\":[{\"@type\":\"WebPage\",\"@id\":\"https:\/\/www.miomiorun.com\/es\/producto\/uyn-marathon-ow-shirt-mujer\/\",\"url\":\"https:\/\/www.miomiorun.com\/es\/producto\/uyn-marathon-ow-shirt-mujer\/\",\"name\":\"Uyn Marathon OW shirt mujer - Ropa interior t\u00e9rmica - MioMioRun.com\",\"isPartOf\":{\"@id\":\"https:\/\/www.miomiorun.com\/es\/#website\"},\"primaryImageOfPage\":{\"@id\":\"https:\/\/www.miomiorun.com\/es\/producto\/uyn-marathon-ow-shirt-mujer\/#primaryimage\"},\"image\":{\"@id\":\"https:\/\/www.miomiorun.com\/es\/producto\/uyn-marathon-ow-shirt-mujer\/#primaryimage\"},\"thumbnailUrl\":\"https:\/\/www.miomiorun.com\/app\/uploads\/2021\/10\/uyn-Lady-marathon-OW-shirt-O101950-93P370.jpg\",\"datePublished\":\"2021-10-12T16:51:57+00:00\",\"dateModified\":\"2026-05-04T15:34:10+00:00\",\"description\":\"La camiseta Marathon de Uyn para mujer es una prenda de running ligera y el\u00e1stica, con una ventilaci\u00f3n \u00f3ptima que evacua el sudor hacia el exterior.\",\"breadcrumb\":{\"@id\":\"https:\/\/www.miomiorun.com\/es\/producto\/uyn-marathon-ow-shirt-mujer\/#breadcrumb\"},\"inLanguage\":\"es-ES\",\"potentialAction\":[{\"@type\":\"ReadAction\",\"target\":[\"https:\/\/www.miomiorun.com\/es\/producto\/uyn-marathon-ow-shirt-mujer\/\"]}]},{\"@type\":\"ImageObject\",\"inLanguage\":\"es-ES\",\"@id\":\"https:\/\/www.miomiorun.com\/es\/producto\/uyn-marathon-ow-shirt-mujer\/#primaryimage\",\"url\":\"https:\/\/www.miomiorun.com\/app\/uploads\/2021\/10\/uyn-Lady-marathon-OW-shirt-O101950-93P370.jpg\",\"contentUrl\":\"https:\/\/www.miomiorun.com\/app\/uploads\/2021\/10\/uyn-Lady-marathon-OW-shirt-O101950-93P370.jpg\",\"width\":600,\"height\":600,\"caption\":\"uyn lady marathon ow shirt\"},{\"@type\":\"BreadcrumbList\",\"@id\":\"https:\/\/www.miomiorun.com\/es\/producto\/uyn-marathon-ow-shirt-mujer\/#breadcrumb\",\"itemListElement\":[{\"@type\":\"ListItem\",\"position\":1,\"name\":\"Home\",\"item\":\"https:\/\/www.miomiorun.com\/es\/\"},{\"@type\":\"ListItem\",\"position\":2,\"name\":\"Shop\",\"item\":\"https:\/\/www.miomiorun.com\/shop\/\"},{\"@type\":\"ListItem\",\"position\":3,\"name\":\"Marathon OW shirt mujer\"}]},{\"@type\":\"WebSite\",\"@id\":\"https:\/\/www.miomiorun.com\/es\/#website\",\"url\":\"https:\/\/www.miomiorun.com\/es\/\",\"name\":\"MioMioRun\",\"description\":\"Tienda 100% running y trail\",\"publisher\":{\"@id\":\"https:\/\/www.miomiorun.com\/es\/#organization\"},\"potentialAction\":[{\"@type\":\"SearchAction\",\"target\":{\"@type\":\"EntryPoint\",\"urlTemplate\":\"https:\/\/www.miomiorun.com\/es\/?s={search_term_string}\"},\"query-input\":{\"@type\":\"PropertyValueSpecification\",\"valueRequired\":true,\"valueName\":\"search_term_string\"}}],\"inLanguage\":\"es-ES\"},{\"@type\":\"Organization\",\"@id\":\"https:\/\/www.miomiorun.com\/es\/#organization\",\"name\":\"MioMio Run\",\"url\":\"https:\/\/www.miomiorun.com\/es\/\",\"logo\":{\"@type\":\"ImageObject\",\"inLanguage\":\"es-ES\",\"@id\":\"https:\/\/www.miomiorun.com\/es\/#\/schema\/logo\/image\/\",\"url\":\"https:\/\/www.miomiorun.com\/app\/uploads\/2019\/12\/logomio.png\",\"contentUrl\":\"https:\/\/www.miomiorun.com\/app\/uploads\/2019\/12\/logomio.png\",\"width\":115,\"height\":82,\"caption\":\"MioMio Run\"},\"image\":{\"@id\":\"https:\/\/www.miomiorun.com\/es\/#\/schema\/logo\/image\/\"},\"sameAs\":[\"https:\/\/www.facebook.com\/miomiorun\/\",\"https:\/\/www.instagram.com\/miomiorun\/\"]}]}<\/script>\n<!-- \/ Yoast SEO plugin. -->","yoast_head_json":{"title":"Uyn Marathon OW shirt mujer - Ropa interior t\u00e9rmica - MioMioRun.com","description":"La camiseta Marathon de Uyn para mujer es una prenda de running ligera y el\u00e1stica, con una ventilaci\u00f3n \u00f3ptima que evacua el sudor hacia el exterior.","robots":{"index":"index","follow":"follow","max-snippet":"max-snippet:-1","max-image-preview":"max-image-preview:large","max-video-preview":"max-video-preview:-1"},"canonical":"https:\/\/www.miomiorun.com\/es\/producto\/uyn-marathon-ow-shirt-mujer\/","og_locale":"es_ES","og_type":"article","og_title":"Uyn Marathon OW shirt mujer - Ropa interior t\u00e9rmica - MioMioRun.com","og_description":"La camiseta Marathon de Uyn para mujer es una prenda de running ligera y el\u00e1stica, con una ventilaci\u00f3n \u00f3ptima que evacua el sudor hacia el exterior.","og_url":"https:\/\/www.miomiorun.com\/es\/producto\/uyn-marathon-ow-shirt-mujer\/","og_site_name":"MioMioRun","article_publisher":"https:\/\/www.facebook.com\/miomiorun\/","article_modified_time":"2026-05-04T15:34:10+00:00","og_image":[{"width":600,"height":600,"url":"https:\/\/www.miomiorun.com\/app\/uploads\/2021\/10\/uyn-Lady-marathon-OW-shirt-O101950-93P370.jpg","type":"image\/jpeg"}],"twitter_card":"summary_large_image","twitter_misc":{"Est. reading time":"2 minutes"},"schema":{"@context":"https:\/\/schema.org","@graph":[{"@type":"WebPage","@id":"https:\/\/www.miomiorun.com\/es\/producto\/uyn-marathon-ow-shirt-mujer\/","url":"https:\/\/www.miomiorun.com\/es\/producto\/uyn-marathon-ow-shirt-mujer\/","name":"Uyn Marathon OW shirt mujer - Ropa interior t\u00e9rmica - MioMioRun.com","isPartOf":{"@id":"https:\/\/www.miomiorun.com\/es\/#website"},"primaryImageOfPage":{"@id":"https:\/\/www.miomiorun.com\/es\/producto\/uyn-marathon-ow-shirt-mujer\/#primaryimage"},"image":{"@id":"https:\/\/www.miomiorun.com\/es\/producto\/uyn-marathon-ow-shirt-mujer\/#primaryimage"},"thumbnailUrl":"https:\/\/www.miomiorun.com\/app\/uploads\/2021\/10\/uyn-Lady-marathon-OW-shirt-O101950-93P370.jpg","datePublished":"2021-10-12T16:51:57+00:00","dateModified":"2026-05-04T15:34:10+00:00","description":"La camiseta Marathon de Uyn para mujer es una prenda de running ligera y el\u00e1stica, con una ventilaci\u00f3n \u00f3ptima que evacua el sudor hacia el exterior.","breadcrumb":{"@id":"https:\/\/www.miomiorun.com\/es\/producto\/uyn-marathon-ow-shirt-mujer\/#breadcrumb"},"inLanguage":"es-ES","potentialAction":[{"@type":"ReadAction","target":["https:\/\/www.miomiorun.com\/es\/producto\/uyn-marathon-ow-shirt-mujer\/"]}]},{"@type":"ImageObject","inLanguage":"es-ES","@id":"https:\/\/www.miomiorun.com\/es\/producto\/uyn-marathon-ow-shirt-mujer\/#primaryimage","url":"https:\/\/www.miomiorun.com\/app\/uploads\/2021\/10\/uyn-Lady-marathon-OW-shirt-O101950-93P370.jpg","contentUrl":"https:\/\/www.miomiorun.com\/app\/uploads\/2021\/10\/uyn-Lady-marathon-OW-shirt-O101950-93P370.jpg","width":600,"height":600,"caption":"uyn lady marathon ow shirt"},{"@type":"BreadcrumbList","@id":"https:\/\/www.miomiorun.com\/es\/producto\/uyn-marathon-ow-shirt-mujer\/#breadcrumb","itemListElement":[{"@type":"ListItem","position":1,"name":"Home","item":"https:\/\/www.miomiorun.com\/es\/"},{"@type":"ListItem","position":2,"name":"Shop","item":"https:\/\/www.miomiorun.com\/shop\/"},{"@type":"ListItem","position":3,"name":"Marathon OW shirt mujer"}]},{"@type":"WebSite","@id":"https:\/\/www.miomiorun.com\/es\/#website","url":"https:\/\/www.miomiorun.com\/es\/","name":"MioMioRun","description":"Tienda 100% running y trail","publisher":{"@id":"https:\/\/www.miomiorun.com\/es\/#organization"},"potentialAction":[{"@type":"SearchAction","target":{"@type":"EntryPoint","urlTemplate":"https:\/\/www.miomiorun.com\/es\/?s={search_term_string}"},"query-input":{"@type":"PropertyValueSpecification","valueRequired":true,"valueName":"search_term_string"}}],"inLanguage":"es-ES"},{"@type":"Organization","@id":"https:\/\/www.miomiorun.com\/es\/#organization","name":"MioMio Run","url":"https:\/\/www.miomiorun.com\/es\/","logo":{"@type":"ImageObject","inLanguage":"es-ES","@id":"https:\/\/www.miomiorun.com\/es\/#\/schema\/logo\/image\/","url":"https:\/\/www.miomiorun.com\/app\/uploads\/2019\/12\/logomio.png","contentUrl":"https:\/\/www.miomiorun.com\/app\/uploads\/2019\/12\/logomio.png","width":115,"height":82,"caption":"MioMio Run"},"image":{"@id":"https:\/\/www.miomiorun.com\/es\/#\/schema\/logo\/image\/"},"sameAs":["https:\/\/www.facebook.com\/miomiorun\/","https:\/\/www.instagram.com\/miomiorun\/"]}]}},"_links":{"self":[{"href":"https:\/\/www.miomiorun.com\/es\/wp-json\/wp\/v2\/product\/280773","targetHints":{"allow":["GET"]}}],"collection":[{"href":"https:\/\/www.miomiorun.com\/es\/wp-json\/wp\/v2\/product"}],"about":[{"href":"https:\/\/www.miomiorun.com\/es\/wp-json\/wp\/v2\/types\/product"}],"wp:featuredmedia":[{"embeddable":true,"href":"https:\/\/www.miomiorun.com\/es\/wp-json\/wp\/v2\/media\/233916"}],"wp:attachment":[{"href":"https:\/\/www.miomiorun.com\/es\/wp-json\/wp\/v2\/media?parent=280773"}],"wp:term":[{"taxonomy":"product_brand","embeddable":true,"href":"https:\/\/www.miomiorun.com\/es\/wp-json\/wp\/v2\/product_brand?post=280773"},{"taxonomy":"product_cat","embeddable":true,"href":"https:\/\/www.miomiorun.com\/es\/wp-json\/wp\/v2\/product_cat?post=280773"},{"taxonomy":"product_tag","embeddable":true,"href":"https:\/\/www.miomiorun.com\/es\/wp-json\/wp\/v2\/product_tag?post=280773"}],"curies":[{"name":"wp","href":"https:\/\/api.w.org\/{rel}","templated":true}]}}