{"id":280769,"date":"2021-10-12T18:43:01","date_gmt":"2021-10-12T16:43:01","guid":{"rendered":"https:\/\/miomiorun.com\/prodotto\/uyn-energyon-uw-shirt-ls-uomo\/"},"modified":"2026-04-30T19:31:02","modified_gmt":"2026-04-30T17:31:02","slug":"uyn-energyon-uw-shirt-ls-hombre","status":"publish","type":"product","link":"https:\/\/www.miomiorun.com\/es\/producto\/uyn-energyon-uw-shirt-ls-hombre\/","title":{"rendered":"Energyon UW shirt LS hombre"},"content":{"rendered":"<div id=\"tab-description\" class=\"tab-pane active\" role=\"tabpanel\"><strong>Energyon UW<\/strong> para hombre es un jersey t\u00e9rmico de manga larga perfecto para actividades de alta intensidad y sudoraci\u00f3n que, al mismo tiempo, requieren un mayor nivel de calor en la zona de los brazos, como el esqu\u00ed de fondo y el esqu\u00ed de traves\u00eda.<\/div>\n<div class=\"tab-pane active\" role=\"tabpanel\">Esta versi\u00f3n del maillot Energyon combina mangas largas, anat\u00f3micas y muy el\u00e1sticas con la tecnolog\u00eda exclusiva <strong>Flowtunnels<\/strong> para ofrecer la m\u00e1xima ventilaci\u00f3n.<\/div>\n<div class=\"tab-pane active\" role=\"tabpanel\">En la zona de las axilas, el pecho y la espalda, la presencia de <strong>microperforaciones<\/strong> combinadas con canales tridimensionales crea una corriente de aire sobre la piel que a\u00edsla y refresca.<\/div>\n<div class=\"tab-pane active\" role=\"tabpanel\">\n<p>De este modo, la temperatura corporal y el bienestar del deportista se mantienen constantes durante toda la actividad.<\/p>\n<div role=\"tabpanel\"><strong>Caracter\u00edsticas:<\/strong><\/div>\n<\/div>\n<div role=\"tabpanel\">\n<ul>\n<li>De Natex, una fibra 100 % natural, extraligera y de secado r\u00e1pido.<\/li>\n<li>Tejido fabricado con material org\u00e1nico y con efecto bacteriost\u00e1tico.<\/li>\n<li>Confecci\u00f3n Hypermotion: la prenda est\u00e1 confeccionada a partir de una sola pieza de tela para reducir al m\u00ednimo las costuras y las molestias.<\/li>\n<li>Tecnolog\u00eda Flowtunnels con perforaciones estrat\u00e9gicas para una ventilaci\u00f3n \u00f3ptima.<\/li>\n<li>Collar redondo cl\u00e1sico con borde reforzado extra suave.<\/li>\n<li>Corte ajustado para una m\u00e1xima libertad de movimiento.<\/li>\n<li>elementos distintivos de UYN en contraste.<\/li>\n<\/ul>\n<\/div>\n<div role=\"tabpanel\">\n<\/div>\n","protected":false},"excerpt":{"rendered":"<p>Energyon UW para hombre es un jersey t\u00e9rmico de manga larga perfecto para actividades de alta intensidad y sudoraci\u00f3n que, al mismo tiempo, requieren un mayor nivel de calor en la zona de los brazos, como el esqu\u00ed de fondo y el esqu\u00ed de traves\u00eda. Esta versi\u00f3n del maillot Energyon combina mangas largas, anat\u00f3micas y &hellip; <a href=\"https:\/\/www.miomiorun.com\/es\/producto\/uyn-energyon-uw-shirt-ls-hombre\/\">Continued<\/a><\/p>\n","protected":false},"featured_media":233910,"template":"","meta":{"_acf_changed":false,"inline_featured_image":false},"product_brand":[],"product_cat":[24463,24459,24464],"product_tag":[23525,23572],"class_list":{"0":"post-280769","1":"product","2":"type-product","3":"status-publish","4":"has-post-thumbnail","6":"product_cat-ropa-de-hombre-es","7":"product_cat-ropa-interior-es-2","8":"product_cat-hombre","9":"product_tag-uyn-es","10":"product_tag-uyn-hombre","11":"pa_attivita-caminar","12":"pa_attivita-outdoor-es","13":"pa_attivita-running-es","14":"pa_attivita-trail-es","15":"pa_colore-energyon-uw-shirt-long-sl-m-white-es","16":"pa_marca-uyn-es","17":"pa_sesso-hombre","18":"pa_size-l-xl-es","19":"pa_size-xxl-es","21":"first","22":"instock","23":"sale","24":"taxable","25":"shipping-taxable","26":"purchasable","27":"product-type-variable","28":"wvs-archive-product-wrapper"},"acf":[],"yoast_head":"<!-- This site is optimized with the Yoast SEO plugin v26.8 - https:\/\/yoast.com\/product\/yoast-seo-wordpress\/ -->\n<title>Uyn Energyon UW shirt LS hombre - Ropa interior t\u00e9rmica - MioMioRun.com<\/title>\n<meta name=\"description\" content=\"Energyon UW para hombre es una camiseta t\u00e9rmica de manga larga perfecta para actividades de alta intensidad y sudoraci\u00f3n, que proporciona una mayor retenci\u00f3n del calor\" \/>\n<meta name=\"robots\" content=\"index, follow, max-snippet:-1, max-image-preview:large, max-video-preview:-1\" \/>\n<link rel=\"canonical\" href=\"https:\/\/www.miomiorun.com\/es\/producto\/uyn-energyon-uw-shirt-ls-hombre\/\" \/>\n<meta property=\"og:locale\" content=\"es_ES\" \/>\n<meta property=\"og:type\" content=\"article\" \/>\n<meta property=\"og:title\" content=\"Uyn Energyon UW shirt LS hombre - Ropa interior t\u00e9rmica - MioMioRun.com\" \/>\n<meta property=\"og:description\" content=\"Energyon UW para hombre es una camiseta t\u00e9rmica de manga larga perfecta para actividades de alta intensidad y sudoraci\u00f3n, que proporciona una mayor retenci\u00f3n del calor\" \/>\n<meta property=\"og:url\" content=\"https:\/\/www.miomiorun.com\/es\/producto\/uyn-energyon-uw-shirt-ls-hombre\/\" \/>\n<meta property=\"og:site_name\" content=\"MioMioRun\" \/>\n<meta property=\"article:publisher\" content=\"https:\/\/www.facebook.com\/miomiorun\/\" \/>\n<meta property=\"article:modified_time\" content=\"2026-04-30T17:31:02+00:00\" \/>\n<meta property=\"og:image\" content=\"https:\/\/www.miomiorun.com\/app\/uploads\/2021\/10\/uyn-Energyon-UW-shirt-long-sl-U100218-W000.jpg\" \/>\n\t<meta property=\"og:image:width\" content=\"600\" \/>\n\t<meta property=\"og:image:height\" content=\"600\" \/>\n\t<meta property=\"og:image:type\" content=\"image\/jpeg\" \/>\n<meta name=\"twitter:card\" content=\"summary_large_image\" \/>\n<meta name=\"twitter:label1\" content=\"Est. reading time\" \/>\n\t<meta name=\"twitter:data1\" content=\"1 minute\" \/>\n<script type=\"application\/ld+json\" class=\"yoast-schema-graph\">{\"@context\":\"https:\/\/schema.org\",\"@graph\":[{\"@type\":\"WebPage\",\"@id\":\"https:\/\/www.miomiorun.com\/es\/producto\/uyn-energyon-uw-shirt-ls-hombre\/\",\"url\":\"https:\/\/www.miomiorun.com\/es\/producto\/uyn-energyon-uw-shirt-ls-hombre\/\",\"name\":\"Uyn Energyon UW shirt LS hombre - Ropa interior t\u00e9rmica - MioMioRun.com\",\"isPartOf\":{\"@id\":\"https:\/\/www.miomiorun.com\/es\/#website\"},\"primaryImageOfPage\":{\"@id\":\"https:\/\/www.miomiorun.com\/es\/producto\/uyn-energyon-uw-shirt-ls-hombre\/#primaryimage\"},\"image\":{\"@id\":\"https:\/\/www.miomiorun.com\/es\/producto\/uyn-energyon-uw-shirt-ls-hombre\/#primaryimage\"},\"thumbnailUrl\":\"https:\/\/www.miomiorun.com\/app\/uploads\/2021\/10\/uyn-Energyon-UW-shirt-long-sl-U100218-W000.jpg\",\"datePublished\":\"2021-10-12T16:43:01+00:00\",\"dateModified\":\"2026-04-30T17:31:02+00:00\",\"description\":\"Energyon UW para hombre es una camiseta t\u00e9rmica de manga larga perfecta para actividades de alta intensidad y sudoraci\u00f3n, que proporciona una mayor retenci\u00f3n del calor\",\"breadcrumb\":{\"@id\":\"https:\/\/www.miomiorun.com\/es\/producto\/uyn-energyon-uw-shirt-ls-hombre\/#breadcrumb\"},\"inLanguage\":\"es-ES\",\"potentialAction\":[{\"@type\":\"ReadAction\",\"target\":[\"https:\/\/www.miomiorun.com\/es\/producto\/uyn-energyon-uw-shirt-ls-hombre\/\"]}]},{\"@type\":\"ImageObject\",\"inLanguage\":\"es-ES\",\"@id\":\"https:\/\/www.miomiorun.com\/es\/producto\/uyn-energyon-uw-shirt-ls-hombre\/#primaryimage\",\"url\":\"https:\/\/www.miomiorun.com\/app\/uploads\/2021\/10\/uyn-Energyon-UW-shirt-long-sl-U100218-W000.jpg\",\"contentUrl\":\"https:\/\/www.miomiorun.com\/app\/uploads\/2021\/10\/uyn-Energyon-UW-shirt-long-sl-U100218-W000.jpg\",\"width\":600,\"height\":600,\"caption\":\"uyn energyon uw shirt long sl fronte\"},{\"@type\":\"BreadcrumbList\",\"@id\":\"https:\/\/www.miomiorun.com\/es\/producto\/uyn-energyon-uw-shirt-ls-hombre\/#breadcrumb\",\"itemListElement\":[{\"@type\":\"ListItem\",\"position\":1,\"name\":\"Home\",\"item\":\"https:\/\/www.miomiorun.com\/es\/\"},{\"@type\":\"ListItem\",\"position\":2,\"name\":\"Shop\",\"item\":\"https:\/\/www.miomiorun.com\/shop\/\"},{\"@type\":\"ListItem\",\"position\":3,\"name\":\"Energyon UW shirt LS hombre\"}]},{\"@type\":\"WebSite\",\"@id\":\"https:\/\/www.miomiorun.com\/es\/#website\",\"url\":\"https:\/\/www.miomiorun.com\/es\/\",\"name\":\"MioMioRun\",\"description\":\"Tienda 100% running y trail\",\"publisher\":{\"@id\":\"https:\/\/www.miomiorun.com\/es\/#organization\"},\"potentialAction\":[{\"@type\":\"SearchAction\",\"target\":{\"@type\":\"EntryPoint\",\"urlTemplate\":\"https:\/\/www.miomiorun.com\/es\/?s={search_term_string}\"},\"query-input\":{\"@type\":\"PropertyValueSpecification\",\"valueRequired\":true,\"valueName\":\"search_term_string\"}}],\"inLanguage\":\"es-ES\"},{\"@type\":\"Organization\",\"@id\":\"https:\/\/www.miomiorun.com\/es\/#organization\",\"name\":\"MioMio Run\",\"url\":\"https:\/\/www.miomiorun.com\/es\/\",\"logo\":{\"@type\":\"ImageObject\",\"inLanguage\":\"es-ES\",\"@id\":\"https:\/\/www.miomiorun.com\/es\/#\/schema\/logo\/image\/\",\"url\":\"https:\/\/www.miomiorun.com\/app\/uploads\/2019\/12\/logomio.png\",\"contentUrl\":\"https:\/\/www.miomiorun.com\/app\/uploads\/2019\/12\/logomio.png\",\"width\":115,\"height\":82,\"caption\":\"MioMio Run\"},\"image\":{\"@id\":\"https:\/\/www.miomiorun.com\/es\/#\/schema\/logo\/image\/\"},\"sameAs\":[\"https:\/\/www.facebook.com\/miomiorun\/\",\"https:\/\/www.instagram.com\/miomiorun\/\"]}]}<\/script>\n<!-- \/ Yoast SEO plugin. -->","yoast_head_json":{"title":"Uyn Energyon UW shirt LS hombre - Ropa interior t\u00e9rmica - MioMioRun.com","description":"Energyon UW para hombre es una camiseta t\u00e9rmica de manga larga perfecta para actividades de alta intensidad y sudoraci\u00f3n, que proporciona una mayor retenci\u00f3n del calor","robots":{"index":"index","follow":"follow","max-snippet":"max-snippet:-1","max-image-preview":"max-image-preview:large","max-video-preview":"max-video-preview:-1"},"canonical":"https:\/\/www.miomiorun.com\/es\/producto\/uyn-energyon-uw-shirt-ls-hombre\/","og_locale":"es_ES","og_type":"article","og_title":"Uyn Energyon UW shirt LS hombre - Ropa interior t\u00e9rmica - MioMioRun.com","og_description":"Energyon UW para hombre es una camiseta t\u00e9rmica de manga larga perfecta para actividades de alta intensidad y sudoraci\u00f3n, que proporciona una mayor retenci\u00f3n del calor","og_url":"https:\/\/www.miomiorun.com\/es\/producto\/uyn-energyon-uw-shirt-ls-hombre\/","og_site_name":"MioMioRun","article_publisher":"https:\/\/www.facebook.com\/miomiorun\/","article_modified_time":"2026-04-30T17:31:02+00:00","og_image":[{"width":600,"height":600,"url":"https:\/\/www.miomiorun.com\/app\/uploads\/2021\/10\/uyn-Energyon-UW-shirt-long-sl-U100218-W000.jpg","type":"image\/jpeg"}],"twitter_card":"summary_large_image","twitter_misc":{"Est. reading time":"1 minute"},"schema":{"@context":"https:\/\/schema.org","@graph":[{"@type":"WebPage","@id":"https:\/\/www.miomiorun.com\/es\/producto\/uyn-energyon-uw-shirt-ls-hombre\/","url":"https:\/\/www.miomiorun.com\/es\/producto\/uyn-energyon-uw-shirt-ls-hombre\/","name":"Uyn Energyon UW shirt LS hombre - Ropa interior t\u00e9rmica - MioMioRun.com","isPartOf":{"@id":"https:\/\/www.miomiorun.com\/es\/#website"},"primaryImageOfPage":{"@id":"https:\/\/www.miomiorun.com\/es\/producto\/uyn-energyon-uw-shirt-ls-hombre\/#primaryimage"},"image":{"@id":"https:\/\/www.miomiorun.com\/es\/producto\/uyn-energyon-uw-shirt-ls-hombre\/#primaryimage"},"thumbnailUrl":"https:\/\/www.miomiorun.com\/app\/uploads\/2021\/10\/uyn-Energyon-UW-shirt-long-sl-U100218-W000.jpg","datePublished":"2021-10-12T16:43:01+00:00","dateModified":"2026-04-30T17:31:02+00:00","description":"Energyon UW para hombre es una camiseta t\u00e9rmica de manga larga perfecta para actividades de alta intensidad y sudoraci\u00f3n, que proporciona una mayor retenci\u00f3n del calor","breadcrumb":{"@id":"https:\/\/www.miomiorun.com\/es\/producto\/uyn-energyon-uw-shirt-ls-hombre\/#breadcrumb"},"inLanguage":"es-ES","potentialAction":[{"@type":"ReadAction","target":["https:\/\/www.miomiorun.com\/es\/producto\/uyn-energyon-uw-shirt-ls-hombre\/"]}]},{"@type":"ImageObject","inLanguage":"es-ES","@id":"https:\/\/www.miomiorun.com\/es\/producto\/uyn-energyon-uw-shirt-ls-hombre\/#primaryimage","url":"https:\/\/www.miomiorun.com\/app\/uploads\/2021\/10\/uyn-Energyon-UW-shirt-long-sl-U100218-W000.jpg","contentUrl":"https:\/\/www.miomiorun.com\/app\/uploads\/2021\/10\/uyn-Energyon-UW-shirt-long-sl-U100218-W000.jpg","width":600,"height":600,"caption":"uyn energyon uw shirt long sl fronte"},{"@type":"BreadcrumbList","@id":"https:\/\/www.miomiorun.com\/es\/producto\/uyn-energyon-uw-shirt-ls-hombre\/#breadcrumb","itemListElement":[{"@type":"ListItem","position":1,"name":"Home","item":"https:\/\/www.miomiorun.com\/es\/"},{"@type":"ListItem","position":2,"name":"Shop","item":"https:\/\/www.miomiorun.com\/shop\/"},{"@type":"ListItem","position":3,"name":"Energyon UW shirt LS hombre"}]},{"@type":"WebSite","@id":"https:\/\/www.miomiorun.com\/es\/#website","url":"https:\/\/www.miomiorun.com\/es\/","name":"MioMioRun","description":"Tienda 100% running y trail","publisher":{"@id":"https:\/\/www.miomiorun.com\/es\/#organization"},"potentialAction":[{"@type":"SearchAction","target":{"@type":"EntryPoint","urlTemplate":"https:\/\/www.miomiorun.com\/es\/?s={search_term_string}"},"query-input":{"@type":"PropertyValueSpecification","valueRequired":true,"valueName":"search_term_string"}}],"inLanguage":"es-ES"},{"@type":"Organization","@id":"https:\/\/www.miomiorun.com\/es\/#organization","name":"MioMio Run","url":"https:\/\/www.miomiorun.com\/es\/","logo":{"@type":"ImageObject","inLanguage":"es-ES","@id":"https:\/\/www.miomiorun.com\/es\/#\/schema\/logo\/image\/","url":"https:\/\/www.miomiorun.com\/app\/uploads\/2019\/12\/logomio.png","contentUrl":"https:\/\/www.miomiorun.com\/app\/uploads\/2019\/12\/logomio.png","width":115,"height":82,"caption":"MioMio Run"},"image":{"@id":"https:\/\/www.miomiorun.com\/es\/#\/schema\/logo\/image\/"},"sameAs":["https:\/\/www.facebook.com\/miomiorun\/","https:\/\/www.instagram.com\/miomiorun\/"]}]}},"_links":{"self":[{"href":"https:\/\/www.miomiorun.com\/es\/wp-json\/wp\/v2\/product\/280769","targetHints":{"allow":["GET"]}}],"collection":[{"href":"https:\/\/www.miomiorun.com\/es\/wp-json\/wp\/v2\/product"}],"about":[{"href":"https:\/\/www.miomiorun.com\/es\/wp-json\/wp\/v2\/types\/product"}],"wp:featuredmedia":[{"embeddable":true,"href":"https:\/\/www.miomiorun.com\/es\/wp-json\/wp\/v2\/media\/233910"}],"wp:attachment":[{"href":"https:\/\/www.miomiorun.com\/es\/wp-json\/wp\/v2\/media?parent=280769"}],"wp:term":[{"taxonomy":"product_brand","embeddable":true,"href":"https:\/\/www.miomiorun.com\/es\/wp-json\/wp\/v2\/product_brand?post=280769"},{"taxonomy":"product_cat","embeddable":true,"href":"https:\/\/www.miomiorun.com\/es\/wp-json\/wp\/v2\/product_cat?post=280769"},{"taxonomy":"product_tag","embeddable":true,"href":"https:\/\/www.miomiorun.com\/es\/wp-json\/wp\/v2\/product_tag?post=280769"}],"curies":[{"name":"wp","href":"https:\/\/api.w.org\/{rel}","templated":true}]}}