{"id":280759,"date":"2021-10-12T17:32:10","date_gmt":"2021-10-12T15:32:10","guid":{"rendered":"https:\/\/miomiorun.com\/prodotto\/craft-adv-subz-vest-2-uomo\/"},"modified":"2026-04-30T19:27:56","modified_gmt":"2026-04-30T17:27:56","slug":"craft-adv-subz-vest-2-hombre","status":"publish","type":"product","link":"https:\/\/www.miomiorun.com\/es\/producto\/craft-adv-subz-vest-2-hombre\/","title":{"rendered":"Adv Subz Vest 2 hombre"},"content":{"rendered":"<p id=\"tw-target-text\" class=\"tw-data-text tw-text-large XcVN5d tw-ta\" dir=\"ltr\" data-placeholder=\"Traduzione\"><span class=\"Y2IQFc\" lang=\"it\"><strong>ADV SubZ Vest 2<\/strong> para hombre es un chaleco de running altamente funcional con un acolchado ligero que te mantiene abrigado durante los entrenamientos intensos en condiciones invernales fr\u00edas. Este chaleco avanzado para el fr\u00edo cuenta con una parte delantera Ventair\u00ae cortavientos con un acolchado ligero en un dise\u00f1o de 3 capas laminadas. Adem\u00e1s, el tejido de poli\u00e9ster reciclado cepillado y elast\u00e1n de la parte trasera garantiza una eficaz evacuaci\u00f3n de la humedad y una mayor libertad de movimiento.<\/span><\/p>\n<p class=\"tw-data-text tw-text-large XcVN5d tw-ta\" dir=\"ltr\" data-placeholder=\"Traduzione\"><strong><span class=\"Y2IQFc\" lang=\"it\">Caracter\u00edsticas:<\/span><\/strong><\/p>\n<ul>\n<li class=\"tw-data-text tw-text-large XcVN5d tw-ta\" dir=\"ltr\" data-placeholder=\"Traduzione\"><span class=\"Y2IQFc\" lang=\"it\">\u00a0Ventair\u00ae cortavientos y ligero acolchado en la parte delantera.<\/span><\/li>\n<li class=\"tw-data-text tw-text-large XcVN5d tw-ta\" dir=\"ltr\" data-placeholder=\"Traduzione\"><span class=\"Y2IQFc\" lang=\"it\">Jersey reciclado, con acabado felpudo y el\u00e1stico en la espalda.<\/span><\/li>\n<li class=\"tw-data-text tw-text-large XcVN5d tw-ta\" dir=\"ltr\" data-placeholder=\"Traduzione\"><span class=\"Y2IQFc\" lang=\"it\">Bolsillo con cremallera oculta en el pecho.<\/span><\/li>\n<li class=\"tw-data-text tw-text-large XcVN5d tw-ta\" dir=\"ltr\" data-placeholder=\"Traduzione\"><span class=\"Y2IQFc\" lang=\"it\">Detalles reflectantes.<\/span><\/li>\n<\/ul>\n<p><strong>Material:<\/strong> Parte delantera: 100 % poli\u00e9ster. Parte trasera: 88 % poli\u00e9ster reciclado, 12 % elastano.<\/p>\n<p>&nbsp;<\/p>\n","protected":false},"excerpt":{"rendered":"<p>ADV SubZ Vest 2 para hombre es un chaleco de running altamente funcional con un acolchado ligero que te mantiene abrigado durante los entrenamientos intensos en condiciones invernales fr\u00edas. Este chaleco avanzado para el fr\u00edo cuenta con una parte delantera Ventair\u00ae cortavientos con un acolchado ligero en un dise\u00f1o de 3 capas laminadas. Adem\u00e1s, el &hellip; <a href=\"https:\/\/www.miomiorun.com\/es\/producto\/craft-adv-subz-vest-2-hombre\/\">Continued<\/a><\/p>\n","protected":false},"featured_media":233958,"template":"","meta":{"_acf_changed":false,"inline_featured_image":false},"product_brand":[],"product_cat":[24460,24463,24464],"product_tag":[23553,23663],"class_list":{"0":"post-280759","1":"product","2":"type-product","3":"status-publish","4":"has-post-thumbnail","6":"product_cat-chaquetas-es-2","7":"product_cat-ropa-de-hombre-es","8":"product_cat-hombre","9":"product_tag-craft-es","10":"product_tag-craft-hombre","11":"pa_attivita-caminar","12":"pa_attivita-lifestyle-es","13":"pa_attivita-running-es","14":"pa_colore-adv-subz-vest-2-black-es","15":"pa_marca-craft-es","16":"pa_sesso-hombre","17":"pa_size-small-es","19":"first","20":"instock","21":"sale","22":"taxable","23":"shipping-taxable","24":"purchasable","25":"product-type-variable","26":"wvs-archive-product-wrapper"},"acf":[],"yoast_head":"<!-- This site is optimized with the Yoast SEO plugin v26.8 - https:\/\/yoast.com\/product\/yoast-seo-wordpress\/ -->\n<title>Craft Adv Subz Vest 2 hombre -Chaleco para correr - MioMioRun.com<\/title>\n<meta name=\"description\" content=\"El ADV SubZ Vest 2 para hombre es un chaleco de running muy funcional con un acolchado ligero que te mantiene abrigado durante los entrenamientos.\" \/>\n<meta name=\"robots\" content=\"index, follow, max-snippet:-1, max-image-preview:large, max-video-preview:-1\" \/>\n<link rel=\"canonical\" href=\"https:\/\/www.miomiorun.com\/es\/producto\/craft-adv-subz-vest-2-hombre\/\" \/>\n<meta property=\"og:locale\" content=\"es_ES\" \/>\n<meta property=\"og:type\" content=\"article\" \/>\n<meta property=\"og:title\" content=\"Craft Adv Subz Vest 2 hombre -Chaleco para correr - MioMioRun.com\" \/>\n<meta property=\"og:description\" content=\"El ADV SubZ Vest 2 para hombre es un chaleco de running muy funcional con un acolchado ligero que te mantiene abrigado durante los entrenamientos.\" \/>\n<meta property=\"og:url\" content=\"https:\/\/www.miomiorun.com\/es\/producto\/craft-adv-subz-vest-2-hombre\/\" \/>\n<meta property=\"og:site_name\" content=\"MioMioRun\" \/>\n<meta property=\"article:publisher\" content=\"https:\/\/www.facebook.com\/miomiorun\/\" \/>\n<meta property=\"article:modified_time\" content=\"2026-04-30T17:27:56+00:00\" \/>\n<meta property=\"og:image\" content=\"https:\/\/www.miomiorun.com\/app\/uploads\/2021\/10\/craft-adv-subz-vest-2-1911333-999000.jpg\" \/>\n\t<meta property=\"og:image:width\" content=\"600\" \/>\n\t<meta property=\"og:image:height\" content=\"600\" \/>\n\t<meta property=\"og:image:type\" content=\"image\/jpeg\" \/>\n<meta name=\"twitter:card\" content=\"summary_large_image\" \/>\n<meta name=\"twitter:label1\" content=\"Est. reading time\" \/>\n\t<meta name=\"twitter:data1\" content=\"1 minute\" \/>\n<script type=\"application\/ld+json\" class=\"yoast-schema-graph\">{\"@context\":\"https:\/\/schema.org\",\"@graph\":[{\"@type\":\"WebPage\",\"@id\":\"https:\/\/www.miomiorun.com\/es\/producto\/craft-adv-subz-vest-2-hombre\/\",\"url\":\"https:\/\/www.miomiorun.com\/es\/producto\/craft-adv-subz-vest-2-hombre\/\",\"name\":\"Craft Adv Subz Vest 2 hombre -Chaleco para correr - MioMioRun.com\",\"isPartOf\":{\"@id\":\"https:\/\/www.miomiorun.com\/es\/#website\"},\"primaryImageOfPage\":{\"@id\":\"https:\/\/www.miomiorun.com\/es\/producto\/craft-adv-subz-vest-2-hombre\/#primaryimage\"},\"image\":{\"@id\":\"https:\/\/www.miomiorun.com\/es\/producto\/craft-adv-subz-vest-2-hombre\/#primaryimage\"},\"thumbnailUrl\":\"https:\/\/www.miomiorun.com\/app\/uploads\/2021\/10\/craft-adv-subz-vest-2-1911333-999000.jpg\",\"datePublished\":\"2021-10-12T15:32:10+00:00\",\"dateModified\":\"2026-04-30T17:27:56+00:00\",\"description\":\"El ADV SubZ Vest 2 para hombre es un chaleco de running muy funcional con un acolchado ligero que te mantiene abrigado durante los entrenamientos.\",\"breadcrumb\":{\"@id\":\"https:\/\/www.miomiorun.com\/es\/producto\/craft-adv-subz-vest-2-hombre\/#breadcrumb\"},\"inLanguage\":\"es-ES\",\"potentialAction\":[{\"@type\":\"ReadAction\",\"target\":[\"https:\/\/www.miomiorun.com\/es\/producto\/craft-adv-subz-vest-2-hombre\/\"]}]},{\"@type\":\"ImageObject\",\"inLanguage\":\"es-ES\",\"@id\":\"https:\/\/www.miomiorun.com\/es\/producto\/craft-adv-subz-vest-2-hombre\/#primaryimage\",\"url\":\"https:\/\/www.miomiorun.com\/app\/uploads\/2021\/10\/craft-adv-subz-vest-2-1911333-999000.jpg\",\"contentUrl\":\"https:\/\/www.miomiorun.com\/app\/uploads\/2021\/10\/craft-adv-subz-vest-2-1911333-999000.jpg\",\"width\":600,\"height\":600,\"caption\":\"craft adv subz vest\"},{\"@type\":\"BreadcrumbList\",\"@id\":\"https:\/\/www.miomiorun.com\/es\/producto\/craft-adv-subz-vest-2-hombre\/#breadcrumb\",\"itemListElement\":[{\"@type\":\"ListItem\",\"position\":1,\"name\":\"Home\",\"item\":\"https:\/\/www.miomiorun.com\/es\/\"},{\"@type\":\"ListItem\",\"position\":2,\"name\":\"Shop\",\"item\":\"https:\/\/www.miomiorun.com\/shop\/\"},{\"@type\":\"ListItem\",\"position\":3,\"name\":\"Adv Subz Vest 2 hombre\"}]},{\"@type\":\"WebSite\",\"@id\":\"https:\/\/www.miomiorun.com\/es\/#website\",\"url\":\"https:\/\/www.miomiorun.com\/es\/\",\"name\":\"MioMioRun\",\"description\":\"Tienda 100% running y trail\",\"publisher\":{\"@id\":\"https:\/\/www.miomiorun.com\/es\/#organization\"},\"potentialAction\":[{\"@type\":\"SearchAction\",\"target\":{\"@type\":\"EntryPoint\",\"urlTemplate\":\"https:\/\/www.miomiorun.com\/es\/?s={search_term_string}\"},\"query-input\":{\"@type\":\"PropertyValueSpecification\",\"valueRequired\":true,\"valueName\":\"search_term_string\"}}],\"inLanguage\":\"es-ES\"},{\"@type\":\"Organization\",\"@id\":\"https:\/\/www.miomiorun.com\/es\/#organization\",\"name\":\"MioMio Run\",\"url\":\"https:\/\/www.miomiorun.com\/es\/\",\"logo\":{\"@type\":\"ImageObject\",\"inLanguage\":\"es-ES\",\"@id\":\"https:\/\/www.miomiorun.com\/es\/#\/schema\/logo\/image\/\",\"url\":\"https:\/\/www.miomiorun.com\/app\/uploads\/2019\/12\/logomio.png\",\"contentUrl\":\"https:\/\/www.miomiorun.com\/app\/uploads\/2019\/12\/logomio.png\",\"width\":115,\"height\":82,\"caption\":\"MioMio Run\"},\"image\":{\"@id\":\"https:\/\/www.miomiorun.com\/es\/#\/schema\/logo\/image\/\"},\"sameAs\":[\"https:\/\/www.facebook.com\/miomiorun\/\",\"https:\/\/www.instagram.com\/miomiorun\/\"]}]}<\/script>\n<!-- \/ Yoast SEO plugin. -->","yoast_head_json":{"title":"Craft Adv Subz Vest 2 hombre -Chaleco para correr - MioMioRun.com","description":"El ADV SubZ Vest 2 para hombre es un chaleco de running muy funcional con un acolchado ligero que te mantiene abrigado durante los entrenamientos.","robots":{"index":"index","follow":"follow","max-snippet":"max-snippet:-1","max-image-preview":"max-image-preview:large","max-video-preview":"max-video-preview:-1"},"canonical":"https:\/\/www.miomiorun.com\/es\/producto\/craft-adv-subz-vest-2-hombre\/","og_locale":"es_ES","og_type":"article","og_title":"Craft Adv Subz Vest 2 hombre -Chaleco para correr - MioMioRun.com","og_description":"El ADV SubZ Vest 2 para hombre es un chaleco de running muy funcional con un acolchado ligero que te mantiene abrigado durante los entrenamientos.","og_url":"https:\/\/www.miomiorun.com\/es\/producto\/craft-adv-subz-vest-2-hombre\/","og_site_name":"MioMioRun","article_publisher":"https:\/\/www.facebook.com\/miomiorun\/","article_modified_time":"2026-04-30T17:27:56+00:00","og_image":[{"width":600,"height":600,"url":"https:\/\/www.miomiorun.com\/app\/uploads\/2021\/10\/craft-adv-subz-vest-2-1911333-999000.jpg","type":"image\/jpeg"}],"twitter_card":"summary_large_image","twitter_misc":{"Est. reading time":"1 minute"},"schema":{"@context":"https:\/\/schema.org","@graph":[{"@type":"WebPage","@id":"https:\/\/www.miomiorun.com\/es\/producto\/craft-adv-subz-vest-2-hombre\/","url":"https:\/\/www.miomiorun.com\/es\/producto\/craft-adv-subz-vest-2-hombre\/","name":"Craft Adv Subz Vest 2 hombre -Chaleco para correr - MioMioRun.com","isPartOf":{"@id":"https:\/\/www.miomiorun.com\/es\/#website"},"primaryImageOfPage":{"@id":"https:\/\/www.miomiorun.com\/es\/producto\/craft-adv-subz-vest-2-hombre\/#primaryimage"},"image":{"@id":"https:\/\/www.miomiorun.com\/es\/producto\/craft-adv-subz-vest-2-hombre\/#primaryimage"},"thumbnailUrl":"https:\/\/www.miomiorun.com\/app\/uploads\/2021\/10\/craft-adv-subz-vest-2-1911333-999000.jpg","datePublished":"2021-10-12T15:32:10+00:00","dateModified":"2026-04-30T17:27:56+00:00","description":"El ADV SubZ Vest 2 para hombre es un chaleco de running muy funcional con un acolchado ligero que te mantiene abrigado durante los entrenamientos.","breadcrumb":{"@id":"https:\/\/www.miomiorun.com\/es\/producto\/craft-adv-subz-vest-2-hombre\/#breadcrumb"},"inLanguage":"es-ES","potentialAction":[{"@type":"ReadAction","target":["https:\/\/www.miomiorun.com\/es\/producto\/craft-adv-subz-vest-2-hombre\/"]}]},{"@type":"ImageObject","inLanguage":"es-ES","@id":"https:\/\/www.miomiorun.com\/es\/producto\/craft-adv-subz-vest-2-hombre\/#primaryimage","url":"https:\/\/www.miomiorun.com\/app\/uploads\/2021\/10\/craft-adv-subz-vest-2-1911333-999000.jpg","contentUrl":"https:\/\/www.miomiorun.com\/app\/uploads\/2021\/10\/craft-adv-subz-vest-2-1911333-999000.jpg","width":600,"height":600,"caption":"craft adv subz vest"},{"@type":"BreadcrumbList","@id":"https:\/\/www.miomiorun.com\/es\/producto\/craft-adv-subz-vest-2-hombre\/#breadcrumb","itemListElement":[{"@type":"ListItem","position":1,"name":"Home","item":"https:\/\/www.miomiorun.com\/es\/"},{"@type":"ListItem","position":2,"name":"Shop","item":"https:\/\/www.miomiorun.com\/shop\/"},{"@type":"ListItem","position":3,"name":"Adv Subz Vest 2 hombre"}]},{"@type":"WebSite","@id":"https:\/\/www.miomiorun.com\/es\/#website","url":"https:\/\/www.miomiorun.com\/es\/","name":"MioMioRun","description":"Tienda 100% running y trail","publisher":{"@id":"https:\/\/www.miomiorun.com\/es\/#organization"},"potentialAction":[{"@type":"SearchAction","target":{"@type":"EntryPoint","urlTemplate":"https:\/\/www.miomiorun.com\/es\/?s={search_term_string}"},"query-input":{"@type":"PropertyValueSpecification","valueRequired":true,"valueName":"search_term_string"}}],"inLanguage":"es-ES"},{"@type":"Organization","@id":"https:\/\/www.miomiorun.com\/es\/#organization","name":"MioMio Run","url":"https:\/\/www.miomiorun.com\/es\/","logo":{"@type":"ImageObject","inLanguage":"es-ES","@id":"https:\/\/www.miomiorun.com\/es\/#\/schema\/logo\/image\/","url":"https:\/\/www.miomiorun.com\/app\/uploads\/2019\/12\/logomio.png","contentUrl":"https:\/\/www.miomiorun.com\/app\/uploads\/2019\/12\/logomio.png","width":115,"height":82,"caption":"MioMio Run"},"image":{"@id":"https:\/\/www.miomiorun.com\/es\/#\/schema\/logo\/image\/"},"sameAs":["https:\/\/www.facebook.com\/miomiorun\/","https:\/\/www.instagram.com\/miomiorun\/"]}]}},"_links":{"self":[{"href":"https:\/\/www.miomiorun.com\/es\/wp-json\/wp\/v2\/product\/280759","targetHints":{"allow":["GET"]}}],"collection":[{"href":"https:\/\/www.miomiorun.com\/es\/wp-json\/wp\/v2\/product"}],"about":[{"href":"https:\/\/www.miomiorun.com\/es\/wp-json\/wp\/v2\/types\/product"}],"wp:featuredmedia":[{"embeddable":true,"href":"https:\/\/www.miomiorun.com\/es\/wp-json\/wp\/v2\/media\/233958"}],"wp:attachment":[{"href":"https:\/\/www.miomiorun.com\/es\/wp-json\/wp\/v2\/media?parent=280759"}],"wp:term":[{"taxonomy":"product_brand","embeddable":true,"href":"https:\/\/www.miomiorun.com\/es\/wp-json\/wp\/v2\/product_brand?post=280759"},{"taxonomy":"product_cat","embeddable":true,"href":"https:\/\/www.miomiorun.com\/es\/wp-json\/wp\/v2\/product_cat?post=280759"},{"taxonomy":"product_tag","embeddable":true,"href":"https:\/\/www.miomiorun.com\/es\/wp-json\/wp\/v2\/product_tag?post=280759"}],"curies":[{"name":"wp","href":"https:\/\/api.w.org\/{rel}","templated":true}]}}