{"id":280750,"date":"2021-10-12T18:29:11","date_gmt":"2021-10-12T16:29:11","guid":{"rendered":"https:\/\/miomiorun.com\/prodotto\/uyn-alpha-ow-pants-long-donna\/"},"modified":"2026-04-30T19:29:48","modified_gmt":"2026-04-30T17:29:48","slug":"uyn-alpha-ow-pants-long-mujer","status":"publish","type":"product","link":"https:\/\/www.miomiorun.com\/es\/producto\/uyn-alpha-ow-pants-long-mujer\/","title":{"rendered":"Alpha OW Pants Long mujer"},"content":{"rendered":"<div id=\"tab-description\" class=\"tab-pane active\" role=\"tabpanel\">\n<div class=\"tab-custom\">\n<div class=\"tab-content\">\n<div id=\"tab-description\" class=\"tab-pane active\" role=\"tabpanel\">\n<div class=\"tab-custom\">\n<div class=\"tab-content\">\n<div id=\"tab-description\" class=\"tab-pane active\" role=\"tabpanel\">\n<div class=\"tab-custom\">\n<div class=\"tab-custom-inner-max content-wysiwyg\">\n<p><strong>Pantalones largos UYN Running Alpha OW<\/strong> para apoyar a los corredores en cada paso. La compresi\u00f3n incorporada estabiliza los m\u00fasculos del muslo y hace que se cansen menos r\u00e1pidamente. Sin costuras internas, los pantalones se ajustan perfectamente al cuerpo. Tambi\u00e9n protegen del fr\u00edo, tanto antes como despu\u00e9s del esfuerzo f\u00edsico. Esto significa que los atletas siempre est\u00e1n listos para rendir al m\u00e1ximo, incluso en los d\u00edas fr\u00edos.<\/p>\n<\/div>\n<div class=\"tab-custom-inner-max content-wysiwyg\">\n<div class=\"product-line\">\n<h3>EL IMPULSO FR\u00cdO PARA TU RENDIMIENTO<\/h3>\n<p>Frescor. Es la sensaci\u00f3n que tu cuerpo necesita antes de cualquier esfuerzo f\u00edsico a altas temperaturas. La que te prepara para los esfuerzos m\u00e1s intensos. La que sientes nada m\u00e1s ponerte las prendas de la l\u00ednea Alpha Coolboost. Las hemos confeccionado con el innovador tejido Freshcore Yarn para darte una ventaja inicial. Las hemos dise\u00f1ado estudiando cada m\u00ednimo movimiento de tus m\u00fasculos y analizando cient\u00edficamente la dispersi\u00f3n del calor corporal. Mant\u00e9n la sangre fr\u00eda: libera tu energ\u00eda.<\/p>\n<\/div>\n<\/div>\n<\/div>\n<\/div>\n<\/div>\n<\/div>\n<\/div>\n<\/div>\n<\/div>\n<\/div>\n<p>&nbsp;<\/p>\n<div class=\"tab-custom-inner-max content-wysiwyg\">\n<div class=\"product-line\">\n<div id=\"tab-technology\" class=\"tab-pane active\" role=\"tabpanel\">\n<div class=\"tab-custom\">\n<div class=\"tab-items\">\n<div class=\"row\">\n<div class=\"col-xs-12 col-sm-4\">\n<div class=\"tab-item\">\n<div class=\"media media-md\">\n<div class=\"media-left\"><img loading=\"lazy\" decoding=\"async\" class=\"\" src=\"https:\/\/images.prismic.io\/uynsports\/4aa9ee299293b2a0a42d8c38f2dd934260f726b5_t-hexagon.png?auto=compress,format\" alt=\"T-Hexagon\" width=\"88\" height=\"88\" \/><\/div>\n<div class=\"media-body\">\n<div class=\"title\">T-Hex\u00e1gono<\/div>\n<p>La estructura hexagonal tridimensional del tejido permite una regulaci\u00f3n perfecta de la temperatura corporal. En la zona abdominal, la estructura es m\u00e1s gruesa para garantizar un mejor aislamiento y estabilidad, mientras que se vuelve m\u00e1s fina en la zona del pecho para favorecer la transpiraci\u00f3n y la evaporaci\u00f3n del sudor.<\/p>\n<div class=\"col-xs-12 col-sm-4\">\n<div class=\"tab-item\">\n<div class=\"media media-md\">\n<div class=\"media-left\"><img loading=\"lazy\" decoding=\"async\" class=\"\" src=\"https:\/\/images.prismic.io\/uynsports\/13fc4115884309b60b3b431df95b71da6726097c_meta-ribs-bottom.png?auto=compress,format\" alt=\"Meta-Ribs\" width=\"88\" height=\"88\" \/><\/div>\n<div class=\"media-body\">\n<div class=\"title\">Meta-Ribs<\/div>\n<p>En las zonas correspondientes a los m\u00fasculos, las META-RIBS estabilizadoras integradas contribuyen a mantener una postura correcta durante la actividad f\u00edsica. Al mismo tiempo, ejercen una presi\u00f3n que estabiliza el m\u00fasculo y favorece la circulaci\u00f3n sangu\u00ednea. El resultado es un mayor bienestar f\u00edsico y una mayor concentraci\u00f3n.<\/p>\n<div class=\"col-xs-12 col-sm-4\">\n<div class=\"tab-item\">\n<div class=\"media media-md\">\n<div class=\"media-left\"><img loading=\"lazy\" decoding=\"async\" class=\"\" src=\"https:\/\/images.prismic.io\/uynsports\/b31939ddcff17e639e984b5ec487fc90f2f10db8_ultramotion.png?auto=compress,format\" alt=\"Ultramotion\" width=\"89\" height=\"89\" \/><\/div>\n<div class=\"media-body\">\n<div class=\"title\">Ultramotion<\/div>\n<p>En la zona de los costados, la forma curvada del sistema UYN\u00ae ULTRAMOTION proporciona mayor estabilidad al torso y a la zona lumbar. Al igual que con la tecnolog\u00eda Hypermotion, los pantalones tambi\u00e9n est\u00e1n confeccionados en una sola pieza. Esta estructura especial ofrece una libertad de movimiento ilimitada.<\/p>\n<\/div>\n<\/div>\n<\/div>\n<\/div>\n<\/div>\n<\/div>\n<\/div>\n<\/div>\n<div class=\"media-body\">\n<p class=\"title\">MATERIAL: <span class=\"cyc-color-text_secondary\">49 % poliamida, 47 % poli\u00e9ster, 3 % elastano, 1 % polipropileno<\/span><\/p>\n<\/div>\n<\/div>\n<\/div>\n<\/div>\n<\/div>\n<\/div>\n<\/div>\n<\/div>\n<\/div>\n<\/div>\n<\/div>\n","protected":false},"excerpt":{"rendered":"<p>Pantalones largos UYN Running Alpha OW para apoyar a los corredores en cada paso. La compresi\u00f3n incorporada estabiliza los m\u00fasculos del muslo y hace que se cansen menos r\u00e1pidamente. Sin costuras internas, los pantalones se ajustan perfectamente al cuerpo. Tambi\u00e9n protegen del fr\u00edo, tanto antes como despu\u00e9s del esfuerzo f\u00edsico. Esto significa que los atletas &hellip; <a href=\"https:\/\/www.miomiorun.com\/es\/producto\/uyn-alpha-ow-pants-long-mujer\/\">Continued<\/a><\/p>\n","protected":false},"featured_media":233902,"template":"","meta":{"_acf_changed":false,"inline_featured_image":false},"product_brand":[],"product_cat":[24225,24401,24397,24402],"product_tag":[23525,23621],"class_list":{"0":"post-280750","1":"product","2":"type-product","3":"status-publish","4":"has-post-thumbnail","6":"product_cat-pantalones-largos","7":"product_cat-ropa-de-mujer","8":"product_cat-ropa-interior","9":"product_cat-mujer","10":"product_tag-uyn-es","11":"product_tag-uyn-mujer","12":"pa_attivita-caminar","13":"pa_attivita-outdoor-es","14":"pa_attivita-running-es","15":"pa_attivita-trail-es","16":"pa_marca-uyn-es","17":"pa_sesso-mujer","18":"pa_size-medium-es","19":"pa_size-large-es","21":"first","22":"instock","23":"sale","24":"taxable","25":"shipping-taxable","26":"purchasable","27":"product-type-variable","28":"wvs-archive-product-wrapper"},"acf":[],"yoast_head":"<!-- This site is optimized with the Yoast SEO plugin v26.8 - https:\/\/yoast.com\/product\/yoast-seo-wordpress\/ -->\n<title>Uyn Alpha OW Pants Long mujer - Pantal\u00f3n t\u00e9rmico - MioMioRun<\/title>\n<meta name=\"description\" content=\"Los pantalones largos UYN Running Alpha OW ofrecen sujeci\u00f3n a los corredores en cada paso, y la compresi\u00f3n integrada estabiliza los m\u00fasculos del muslo.\" \/>\n<meta name=\"robots\" content=\"index, follow, max-snippet:-1, max-image-preview:large, max-video-preview:-1\" \/>\n<link rel=\"canonical\" href=\"https:\/\/www.miomiorun.com\/es\/producto\/uyn-alpha-ow-pants-long-mujer\/\" \/>\n<meta property=\"og:locale\" content=\"es_ES\" \/>\n<meta property=\"og:type\" content=\"article\" \/>\n<meta property=\"og:title\" content=\"Uyn Alpha OW Pants Long mujer - Pantal\u00f3n t\u00e9rmico - MioMioRun\" \/>\n<meta property=\"og:description\" content=\"Los pantalones largos UYN Running Alpha OW ofrecen sujeci\u00f3n a los corredores en cada paso, y la compresi\u00f3n integrada estabiliza los m\u00fasculos del muslo.\" \/>\n<meta property=\"og:url\" content=\"https:\/\/www.miomiorun.com\/es\/producto\/uyn-alpha-ow-pants-long-mujer\/\" \/>\n<meta property=\"og:site_name\" content=\"MioMioRun\" \/>\n<meta property=\"article:publisher\" content=\"https:\/\/www.facebook.com\/miomiorun\/\" \/>\n<meta property=\"article:modified_time\" content=\"2026-04-30T17:29:48+00:00\" \/>\n<meta property=\"og:image\" content=\"https:\/\/www.miomiorun.com\/app\/uploads\/2021\/10\/uyn-Running-Alpha-OW-pants-long-O101436-G080.jpg\" \/>\n\t<meta property=\"og:image:width\" content=\"600\" \/>\n\t<meta property=\"og:image:height\" content=\"600\" \/>\n\t<meta property=\"og:image:type\" content=\"image\/jpeg\" \/>\n<meta name=\"twitter:card\" content=\"summary_large_image\" \/>\n<meta name=\"twitter:label1\" content=\"Est. reading time\" \/>\n\t<meta name=\"twitter:data1\" content=\"2 minutes\" \/>\n<script type=\"application\/ld+json\" class=\"yoast-schema-graph\">{\"@context\":\"https:\/\/schema.org\",\"@graph\":[{\"@type\":\"WebPage\",\"@id\":\"https:\/\/www.miomiorun.com\/es\/producto\/uyn-alpha-ow-pants-long-mujer\/\",\"url\":\"https:\/\/www.miomiorun.com\/es\/producto\/uyn-alpha-ow-pants-long-mujer\/\",\"name\":\"Uyn Alpha OW Pants Long mujer - Pantal\u00f3n t\u00e9rmico - MioMioRun\",\"isPartOf\":{\"@id\":\"https:\/\/www.miomiorun.com\/es\/#website\"},\"primaryImageOfPage\":{\"@id\":\"https:\/\/www.miomiorun.com\/es\/producto\/uyn-alpha-ow-pants-long-mujer\/#primaryimage\"},\"image\":{\"@id\":\"https:\/\/www.miomiorun.com\/es\/producto\/uyn-alpha-ow-pants-long-mujer\/#primaryimage\"},\"thumbnailUrl\":\"https:\/\/www.miomiorun.com\/app\/uploads\/2021\/10\/uyn-Running-Alpha-OW-pants-long-O101436-G080.jpg\",\"datePublished\":\"2021-10-12T16:29:11+00:00\",\"dateModified\":\"2026-04-30T17:29:48+00:00\",\"description\":\"Los pantalones largos UYN Running Alpha OW ofrecen sujeci\u00f3n a los corredores en cada paso, y la compresi\u00f3n integrada estabiliza los m\u00fasculos del muslo.\",\"breadcrumb\":{\"@id\":\"https:\/\/www.miomiorun.com\/es\/producto\/uyn-alpha-ow-pants-long-mujer\/#breadcrumb\"},\"inLanguage\":\"es-ES\",\"potentialAction\":[{\"@type\":\"ReadAction\",\"target\":[\"https:\/\/www.miomiorun.com\/es\/producto\/uyn-alpha-ow-pants-long-mujer\/\"]}]},{\"@type\":\"ImageObject\",\"inLanguage\":\"es-ES\",\"@id\":\"https:\/\/www.miomiorun.com\/es\/producto\/uyn-alpha-ow-pants-long-mujer\/#primaryimage\",\"url\":\"https:\/\/www.miomiorun.com\/app\/uploads\/2021\/10\/uyn-Running-Alpha-OW-pants-long-O101436-G080.jpg\",\"contentUrl\":\"https:\/\/www.miomiorun.com\/app\/uploads\/2021\/10\/uyn-Running-Alpha-OW-pants-long-O101436-G080.jpg\",\"width\":600,\"height\":600,\"caption\":\"uyn running alpha ow pants long\"},{\"@type\":\"BreadcrumbList\",\"@id\":\"https:\/\/www.miomiorun.com\/es\/producto\/uyn-alpha-ow-pants-long-mujer\/#breadcrumb\",\"itemListElement\":[{\"@type\":\"ListItem\",\"position\":1,\"name\":\"Home\",\"item\":\"https:\/\/www.miomiorun.com\/es\/\"},{\"@type\":\"ListItem\",\"position\":2,\"name\":\"Shop\",\"item\":\"https:\/\/www.miomiorun.com\/shop\/\"},{\"@type\":\"ListItem\",\"position\":3,\"name\":\"Alpha OW Pants Long mujer\"}]},{\"@type\":\"WebSite\",\"@id\":\"https:\/\/www.miomiorun.com\/es\/#website\",\"url\":\"https:\/\/www.miomiorun.com\/es\/\",\"name\":\"MioMioRun\",\"description\":\"Tienda 100% running y trail\",\"publisher\":{\"@id\":\"https:\/\/www.miomiorun.com\/es\/#organization\"},\"potentialAction\":[{\"@type\":\"SearchAction\",\"target\":{\"@type\":\"EntryPoint\",\"urlTemplate\":\"https:\/\/www.miomiorun.com\/es\/?s={search_term_string}\"},\"query-input\":{\"@type\":\"PropertyValueSpecification\",\"valueRequired\":true,\"valueName\":\"search_term_string\"}}],\"inLanguage\":\"es-ES\"},{\"@type\":\"Organization\",\"@id\":\"https:\/\/www.miomiorun.com\/es\/#organization\",\"name\":\"MioMio Run\",\"url\":\"https:\/\/www.miomiorun.com\/es\/\",\"logo\":{\"@type\":\"ImageObject\",\"inLanguage\":\"es-ES\",\"@id\":\"https:\/\/www.miomiorun.com\/es\/#\/schema\/logo\/image\/\",\"url\":\"https:\/\/www.miomiorun.com\/app\/uploads\/2019\/12\/logomio.png\",\"contentUrl\":\"https:\/\/www.miomiorun.com\/app\/uploads\/2019\/12\/logomio.png\",\"width\":115,\"height\":82,\"caption\":\"MioMio Run\"},\"image\":{\"@id\":\"https:\/\/www.miomiorun.com\/es\/#\/schema\/logo\/image\/\"},\"sameAs\":[\"https:\/\/www.facebook.com\/miomiorun\/\",\"https:\/\/www.instagram.com\/miomiorun\/\"]}]}<\/script>\n<!-- \/ Yoast SEO plugin. -->","yoast_head_json":{"title":"Uyn Alpha OW Pants Long mujer - Pantal\u00f3n t\u00e9rmico - MioMioRun","description":"Los pantalones largos UYN Running Alpha OW ofrecen sujeci\u00f3n a los corredores en cada paso, y la compresi\u00f3n integrada estabiliza los m\u00fasculos del muslo.","robots":{"index":"index","follow":"follow","max-snippet":"max-snippet:-1","max-image-preview":"max-image-preview:large","max-video-preview":"max-video-preview:-1"},"canonical":"https:\/\/www.miomiorun.com\/es\/producto\/uyn-alpha-ow-pants-long-mujer\/","og_locale":"es_ES","og_type":"article","og_title":"Uyn Alpha OW Pants Long mujer - Pantal\u00f3n t\u00e9rmico - MioMioRun","og_description":"Los pantalones largos UYN Running Alpha OW ofrecen sujeci\u00f3n a los corredores en cada paso, y la compresi\u00f3n integrada estabiliza los m\u00fasculos del muslo.","og_url":"https:\/\/www.miomiorun.com\/es\/producto\/uyn-alpha-ow-pants-long-mujer\/","og_site_name":"MioMioRun","article_publisher":"https:\/\/www.facebook.com\/miomiorun\/","article_modified_time":"2026-04-30T17:29:48+00:00","og_image":[{"width":600,"height":600,"url":"https:\/\/www.miomiorun.com\/app\/uploads\/2021\/10\/uyn-Running-Alpha-OW-pants-long-O101436-G080.jpg","type":"image\/jpeg"}],"twitter_card":"summary_large_image","twitter_misc":{"Est. reading time":"2 minutes"},"schema":{"@context":"https:\/\/schema.org","@graph":[{"@type":"WebPage","@id":"https:\/\/www.miomiorun.com\/es\/producto\/uyn-alpha-ow-pants-long-mujer\/","url":"https:\/\/www.miomiorun.com\/es\/producto\/uyn-alpha-ow-pants-long-mujer\/","name":"Uyn Alpha OW Pants Long mujer - Pantal\u00f3n t\u00e9rmico - MioMioRun","isPartOf":{"@id":"https:\/\/www.miomiorun.com\/es\/#website"},"primaryImageOfPage":{"@id":"https:\/\/www.miomiorun.com\/es\/producto\/uyn-alpha-ow-pants-long-mujer\/#primaryimage"},"image":{"@id":"https:\/\/www.miomiorun.com\/es\/producto\/uyn-alpha-ow-pants-long-mujer\/#primaryimage"},"thumbnailUrl":"https:\/\/www.miomiorun.com\/app\/uploads\/2021\/10\/uyn-Running-Alpha-OW-pants-long-O101436-G080.jpg","datePublished":"2021-10-12T16:29:11+00:00","dateModified":"2026-04-30T17:29:48+00:00","description":"Los pantalones largos UYN Running Alpha OW ofrecen sujeci\u00f3n a los corredores en cada paso, y la compresi\u00f3n integrada estabiliza los m\u00fasculos del muslo.","breadcrumb":{"@id":"https:\/\/www.miomiorun.com\/es\/producto\/uyn-alpha-ow-pants-long-mujer\/#breadcrumb"},"inLanguage":"es-ES","potentialAction":[{"@type":"ReadAction","target":["https:\/\/www.miomiorun.com\/es\/producto\/uyn-alpha-ow-pants-long-mujer\/"]}]},{"@type":"ImageObject","inLanguage":"es-ES","@id":"https:\/\/www.miomiorun.com\/es\/producto\/uyn-alpha-ow-pants-long-mujer\/#primaryimage","url":"https:\/\/www.miomiorun.com\/app\/uploads\/2021\/10\/uyn-Running-Alpha-OW-pants-long-O101436-G080.jpg","contentUrl":"https:\/\/www.miomiorun.com\/app\/uploads\/2021\/10\/uyn-Running-Alpha-OW-pants-long-O101436-G080.jpg","width":600,"height":600,"caption":"uyn running alpha ow pants long"},{"@type":"BreadcrumbList","@id":"https:\/\/www.miomiorun.com\/es\/producto\/uyn-alpha-ow-pants-long-mujer\/#breadcrumb","itemListElement":[{"@type":"ListItem","position":1,"name":"Home","item":"https:\/\/www.miomiorun.com\/es\/"},{"@type":"ListItem","position":2,"name":"Shop","item":"https:\/\/www.miomiorun.com\/shop\/"},{"@type":"ListItem","position":3,"name":"Alpha OW Pants Long mujer"}]},{"@type":"WebSite","@id":"https:\/\/www.miomiorun.com\/es\/#website","url":"https:\/\/www.miomiorun.com\/es\/","name":"MioMioRun","description":"Tienda 100% running y trail","publisher":{"@id":"https:\/\/www.miomiorun.com\/es\/#organization"},"potentialAction":[{"@type":"SearchAction","target":{"@type":"EntryPoint","urlTemplate":"https:\/\/www.miomiorun.com\/es\/?s={search_term_string}"},"query-input":{"@type":"PropertyValueSpecification","valueRequired":true,"valueName":"search_term_string"}}],"inLanguage":"es-ES"},{"@type":"Organization","@id":"https:\/\/www.miomiorun.com\/es\/#organization","name":"MioMio Run","url":"https:\/\/www.miomiorun.com\/es\/","logo":{"@type":"ImageObject","inLanguage":"es-ES","@id":"https:\/\/www.miomiorun.com\/es\/#\/schema\/logo\/image\/","url":"https:\/\/www.miomiorun.com\/app\/uploads\/2019\/12\/logomio.png","contentUrl":"https:\/\/www.miomiorun.com\/app\/uploads\/2019\/12\/logomio.png","width":115,"height":82,"caption":"MioMio Run"},"image":{"@id":"https:\/\/www.miomiorun.com\/es\/#\/schema\/logo\/image\/"},"sameAs":["https:\/\/www.facebook.com\/miomiorun\/","https:\/\/www.instagram.com\/miomiorun\/"]}]}},"_links":{"self":[{"href":"https:\/\/www.miomiorun.com\/es\/wp-json\/wp\/v2\/product\/280750","targetHints":{"allow":["GET"]}}],"collection":[{"href":"https:\/\/www.miomiorun.com\/es\/wp-json\/wp\/v2\/product"}],"about":[{"href":"https:\/\/www.miomiorun.com\/es\/wp-json\/wp\/v2\/types\/product"}],"wp:featuredmedia":[{"embeddable":true,"href":"https:\/\/www.miomiorun.com\/es\/wp-json\/wp\/v2\/media\/233902"}],"wp:attachment":[{"href":"https:\/\/www.miomiorun.com\/es\/wp-json\/wp\/v2\/media?parent=280750"}],"wp:term":[{"taxonomy":"product_brand","embeddable":true,"href":"https:\/\/www.miomiorun.com\/es\/wp-json\/wp\/v2\/product_brand?post=280750"},{"taxonomy":"product_cat","embeddable":true,"href":"https:\/\/www.miomiorun.com\/es\/wp-json\/wp\/v2\/product_cat?post=280750"},{"taxonomy":"product_tag","embeddable":true,"href":"https:\/\/www.miomiorun.com\/es\/wp-json\/wp\/v2\/product_tag?post=280750"}],"curies":[{"name":"wp","href":"https:\/\/api.w.org\/{rel}","templated":true}]}}