{"id":280456,"date":"2021-10-13T11:50:55","date_gmt":"2021-10-13T09:50:55","guid":{"rendered":"https:\/\/miomiorun.com\/prodotto\/falke-ru4-wool-uomo\/"},"modified":"2026-05-04T17:39:08","modified_gmt":"2026-05-04T15:39:08","slug":"falke-ru4-wool-hombre","status":"publish","type":"product","link":"https:\/\/www.miomiorun.com\/es\/producto\/falke-ru4-wool-hombre\/","title":{"rendered":"RU4 Wool hombre"},"content":{"rendered":"<p><div class=\"vc-row container\"><div class=\"vc-column\"><div class=\"vc-column-text\"><\/p>\n<div class=\"product-section product-detailed-page__section product-detailed-page__section--details\">\n<p>Gracias a su acolchado medio, el calcet\u00edn para hombre <strong>RU4 Wool<\/strong> es nuestro calcet\u00edn para todo uso. <strong>RU4 Wool<\/strong> garantiza una protecci\u00f3n adecuada gracias a su amortiguaci\u00f3n media y a un buen contacto con el calzado. Adem\u00e1s, el acolchado protege contra la aparici\u00f3n de ampollas, ya que reduce las zonas de presi\u00f3n, mientras que el porcentaje de lana merina proporciona un excelente aislamiento t\u00e9rmico. La eficaz evacuaci\u00f3n de la humedad y el ajuste perfecto garantizan agradables jornadas de footing.<\/p>\n<\/div>\n<h3><strong>Caracter\u00edsticas:<\/strong><\/h3>\n<ul>\n<li>Unas zapatillas de running vers\u00e1tiles con un acolchado medio que ofrece una protecci\u00f3n adecuada y una transmisi\u00f3n directa de la energ\u00eda.<\/li>\n<li>Amortiguaci\u00f3n media y buen contacto con la zapatilla.<\/li>\n<li>Estructura de tres capas de lana merina para un excelente aislamiento t\u00e9rmico.<\/li>\n<li>Previene la aparici\u00f3n de ampollas al reducir las zonas de presi\u00f3n.<\/li>\n<li>Ajuste perfecto gracias al acolchado en ambos lados y al dise\u00f1o anat\u00f3mico de los dedos.<\/li>\n<\/ul>\n<p><strong>Informaci\u00f3n<\/strong><\/p>\n<p><span class=\"asymetric-images__extra-text | html-teaser\"><strong>RU4 &#8211;<\/strong> Unas mallas de running vers\u00e1tiles con acolchado medio que ofrecen una protecci\u00f3n adecuada y una transmisi\u00f3n directa de la energ\u00eda.<br \/>\n<\/span><\/div><\/div><\/div><div class=\"vc-row container\"><div class=\"vc-column\"><div class=\"vc-column-text\"><\/p>\n<div class=\"product-functional-symbols__image-container\"><img decoding=\"async\" class=\"product-functional-symbols__image aligncenter\" src=\"https:\/\/www.falke.com\/it_it\/9dd393d722265eb755772abd698b837041098075\/assets\/base\/staticImages\/functionalsymbols\/icon_feuchtigkeitsregulierend.svg\" \/><\/div>\n<div class=\"product-functional-symbols__name\" style=\"text-align: center\">Regula la humedad<\/div>\n<p><\/div><\/div><div class=\"vc-column\"><div class=\"vc-column-text\"><img decoding=\"async\" class=\"product-functional-symbols__image\" src=\"https:\/\/www.falke.com\/it_it\/c5c163f4c436a6d5cac26cfd6ed02ad465473f2a\/assets\/base\/staticImages\/functionalsymbols\/icon_waermende-wirkung.svg\" \/><\/p>\n<p>Efecto calor\u00edfico<\/div><\/div><div class=\"vc-column\"><div class=\"vc-column-text\"><\/p>\n<div class=\"product-functional-symbols__image-container\"><img decoding=\"async\" class=\"product-functional-symbols__image aligncenter\" src=\"https:\/\/www.falke.com\/it_it\/9dd393d722265eb755772abd698b837041098075\/assets\/base\/staticImages\/functionalsymbols\/icon_schnellste_ruecktrocknung.svg\" \/><\/div>\n<div class=\"product-functional-symbols__name\" style=\"text-align: center\">Secado m\u00e1s r\u00e1pido<\/div>\n<p><\/div><\/div><div class=\"vc-column\"><div class=\"vc-column-text\"><img decoding=\"async\" class=\"product-functional-symbols__image\" src=\"https:\/\/www.falke.com\/it_it\/c5c163f4c436a6d5cac26cfd6ed02ad465473f2a\/assets\/base\/staticImages\/functionalsymbols\/icon_daempfende-wirkung.svg\" \/><\/p>\n<p>Efecto amortiguador<\/div><\/div><\/div><div class=\"vc-row container\"><div class=\"vc-column\"><div class=\"vc-column-text\"><strong>Material<\/strong> 38 % polipropileno, 35 % lana de esquila, 27 % poliamida<\/p>\n<p><strong>Longitud de la pierna<\/strong>: Pantorrilla<\/p>\n<p><strong>Relleno<\/strong>: Medio-grueso<\/p>\n<p><strong>Ajuste<\/strong> :\u00a0Anat\u00f3mico<\/p>\n<p><strong>Suela<\/strong>: Normal<\/p>\n<p><strong>Estilo<\/strong> : Deportivo<\/div><\/div><\/div><\/p>\n","protected":false},"excerpt":{"rendered":"","protected":false},"featured_media":234024,"template":"","meta":{"_acf_changed":false,"inline_featured_image":false},"product_brand":[],"product_cat":[24462,24463,24464],"product_tag":[23483,23607],"class_list":{"0":"post-280456","1":"product","2":"type-product","3":"status-publish","4":"has-post-thumbnail","6":"product_cat-calcetines-es-2","7":"product_cat-ropa-de-hombre-es","8":"product_cat-hombre","9":"product_tag-falke-es","10":"product_tag-falke-hombre","11":"pa_attivita-caminar","12":"pa_attivita-outdoor-es","13":"pa_attivita-running-es","14":"pa_marca-falke-es","15":"pa_sesso-hombre","16":"pa_size-39-41-es","17":"pa_size-42-43-es","18":"pa_size-44-45-es","19":"pa_size-46-48-es","21":"first","22":"instock","23":"sale","24":"taxable","25":"shipping-taxable","26":"purchasable","27":"product-type-variable","28":"wvs-archive-product-wrapper"},"acf":[],"yoast_head":"<!-- This site is optimized with the Yoast SEO plugin v26.8 - https:\/\/yoast.com\/product\/yoast-seo-wordpress\/ -->\n<title>Falke RU4 Wool hombre -Calcetines para correr - MioMioRun.com<\/title>\n<meta name=\"description\" content=\"Gracias a su acolchado medio, el calcet\u00edn para hombre RU4 Wool es nuestro calcet\u00edn para todo uso. El RU4 Wool garantiza una protecci\u00f3n adecuada.\" \/>\n<meta name=\"robots\" content=\"index, follow, max-snippet:-1, max-image-preview:large, max-video-preview:-1\" \/>\n<link rel=\"canonical\" href=\"https:\/\/www.miomiorun.com\/es\/producto\/falke-ru4-wool-hombre\/\" \/>\n<meta property=\"og:locale\" content=\"es_ES\" \/>\n<meta property=\"og:type\" content=\"article\" \/>\n<meta property=\"og:title\" content=\"Falke RU4 Wool hombre -Calcetines para correr - MioMioRun.com\" \/>\n<meta property=\"og:description\" content=\"Gracias a su acolchado medio, el calcet\u00edn para hombre RU4 Wool es nuestro calcet\u00edn para todo uso. El RU4 Wool garantiza una protecci\u00f3n adecuada.\" \/>\n<meta property=\"og:url\" content=\"https:\/\/www.miomiorun.com\/es\/producto\/falke-ru4-wool-hombre\/\" \/>\n<meta property=\"og:site_name\" content=\"MioMioRun\" \/>\n<meta property=\"article:publisher\" content=\"https:\/\/www.facebook.com\/miomiorun\/\" \/>\n<meta property=\"article:modified_time\" content=\"2026-05-04T15:39:08+00:00\" \/>\n<meta property=\"og:image\" content=\"https:\/\/www.miomiorun.com\/app\/uploads\/2021\/10\/falke-RU4-Wool-16396-3010.jpg\" \/>\n\t<meta property=\"og:image:width\" content=\"600\" \/>\n\t<meta property=\"og:image:height\" content=\"600\" \/>\n\t<meta property=\"og:image:type\" content=\"image\/jpeg\" \/>\n<meta name=\"twitter:card\" content=\"summary_large_image\" \/>\n<meta name=\"twitter:label1\" content=\"Est. reading time\" \/>\n\t<meta name=\"twitter:data1\" content=\"2 minutes\" \/>\n<script type=\"application\/ld+json\" class=\"yoast-schema-graph\">{\"@context\":\"https:\/\/schema.org\",\"@graph\":[{\"@type\":\"WebPage\",\"@id\":\"https:\/\/www.miomiorun.com\/es\/producto\/falke-ru4-wool-hombre\/\",\"url\":\"https:\/\/www.miomiorun.com\/es\/producto\/falke-ru4-wool-hombre\/\",\"name\":\"Falke RU4 Wool hombre -Calcetines para correr - MioMioRun.com\",\"isPartOf\":{\"@id\":\"https:\/\/www.miomiorun.com\/es\/#website\"},\"primaryImageOfPage\":{\"@id\":\"https:\/\/www.miomiorun.com\/es\/producto\/falke-ru4-wool-hombre\/#primaryimage\"},\"image\":{\"@id\":\"https:\/\/www.miomiorun.com\/es\/producto\/falke-ru4-wool-hombre\/#primaryimage\"},\"thumbnailUrl\":\"https:\/\/www.miomiorun.com\/app\/uploads\/2021\/10\/falke-RU4-Wool-16396-3010.jpg\",\"datePublished\":\"2021-10-13T09:50:55+00:00\",\"dateModified\":\"2026-05-04T15:39:08+00:00\",\"description\":\"Gracias a su acolchado medio, el calcet\u00edn para hombre RU4 Wool es nuestro calcet\u00edn para todo uso. El RU4 Wool garantiza una protecci\u00f3n adecuada.\",\"breadcrumb\":{\"@id\":\"https:\/\/www.miomiorun.com\/es\/producto\/falke-ru4-wool-hombre\/#breadcrumb\"},\"inLanguage\":\"es-ES\",\"potentialAction\":[{\"@type\":\"ReadAction\",\"target\":[\"https:\/\/www.miomiorun.com\/es\/producto\/falke-ru4-wool-hombre\/\"]}]},{\"@type\":\"ImageObject\",\"inLanguage\":\"es-ES\",\"@id\":\"https:\/\/www.miomiorun.com\/es\/producto\/falke-ru4-wool-hombre\/#primaryimage\",\"url\":\"https:\/\/www.miomiorun.com\/app\/uploads\/2021\/10\/falke-RU4-Wool-16396-3010.jpg\",\"contentUrl\":\"https:\/\/www.miomiorun.com\/app\/uploads\/2021\/10\/falke-RU4-Wool-16396-3010.jpg\",\"width\":600,\"height\":600,\"caption\":\"falke ru4 wool calzini\"},{\"@type\":\"BreadcrumbList\",\"@id\":\"https:\/\/www.miomiorun.com\/es\/producto\/falke-ru4-wool-hombre\/#breadcrumb\",\"itemListElement\":[{\"@type\":\"ListItem\",\"position\":1,\"name\":\"Home\",\"item\":\"https:\/\/www.miomiorun.com\/es\/\"},{\"@type\":\"ListItem\",\"position\":2,\"name\":\"Shop\",\"item\":\"https:\/\/www.miomiorun.com\/shop\/\"},{\"@type\":\"ListItem\",\"position\":3,\"name\":\"RU4 Wool hombre\"}]},{\"@type\":\"WebSite\",\"@id\":\"https:\/\/www.miomiorun.com\/es\/#website\",\"url\":\"https:\/\/www.miomiorun.com\/es\/\",\"name\":\"MioMioRun\",\"description\":\"Tienda 100% running y trail\",\"publisher\":{\"@id\":\"https:\/\/www.miomiorun.com\/es\/#organization\"},\"potentialAction\":[{\"@type\":\"SearchAction\",\"target\":{\"@type\":\"EntryPoint\",\"urlTemplate\":\"https:\/\/www.miomiorun.com\/es\/?s={search_term_string}\"},\"query-input\":{\"@type\":\"PropertyValueSpecification\",\"valueRequired\":true,\"valueName\":\"search_term_string\"}}],\"inLanguage\":\"es-ES\"},{\"@type\":\"Organization\",\"@id\":\"https:\/\/www.miomiorun.com\/es\/#organization\",\"name\":\"MioMio Run\",\"url\":\"https:\/\/www.miomiorun.com\/es\/\",\"logo\":{\"@type\":\"ImageObject\",\"inLanguage\":\"es-ES\",\"@id\":\"https:\/\/www.miomiorun.com\/es\/#\/schema\/logo\/image\/\",\"url\":\"https:\/\/www.miomiorun.com\/app\/uploads\/2019\/12\/logomio.png\",\"contentUrl\":\"https:\/\/www.miomiorun.com\/app\/uploads\/2019\/12\/logomio.png\",\"width\":115,\"height\":82,\"caption\":\"MioMio Run\"},\"image\":{\"@id\":\"https:\/\/www.miomiorun.com\/es\/#\/schema\/logo\/image\/\"},\"sameAs\":[\"https:\/\/www.facebook.com\/miomiorun\/\",\"https:\/\/www.instagram.com\/miomiorun\/\"]}]}<\/script>\n<!-- \/ Yoast SEO plugin. -->","yoast_head_json":{"title":"Falke RU4 Wool hombre -Calcetines para correr - MioMioRun.com","description":"Gracias a su acolchado medio, el calcet\u00edn para hombre RU4 Wool es nuestro calcet\u00edn para todo uso. El RU4 Wool garantiza una protecci\u00f3n adecuada.","robots":{"index":"index","follow":"follow","max-snippet":"max-snippet:-1","max-image-preview":"max-image-preview:large","max-video-preview":"max-video-preview:-1"},"canonical":"https:\/\/www.miomiorun.com\/es\/producto\/falke-ru4-wool-hombre\/","og_locale":"es_ES","og_type":"article","og_title":"Falke RU4 Wool hombre -Calcetines para correr - MioMioRun.com","og_description":"Gracias a su acolchado medio, el calcet\u00edn para hombre RU4 Wool es nuestro calcet\u00edn para todo uso. El RU4 Wool garantiza una protecci\u00f3n adecuada.","og_url":"https:\/\/www.miomiorun.com\/es\/producto\/falke-ru4-wool-hombre\/","og_site_name":"MioMioRun","article_publisher":"https:\/\/www.facebook.com\/miomiorun\/","article_modified_time":"2026-05-04T15:39:08+00:00","og_image":[{"width":600,"height":600,"url":"https:\/\/www.miomiorun.com\/app\/uploads\/2021\/10\/falke-RU4-Wool-16396-3010.jpg","type":"image\/jpeg"}],"twitter_card":"summary_large_image","twitter_misc":{"Est. reading time":"2 minutes"},"schema":{"@context":"https:\/\/schema.org","@graph":[{"@type":"WebPage","@id":"https:\/\/www.miomiorun.com\/es\/producto\/falke-ru4-wool-hombre\/","url":"https:\/\/www.miomiorun.com\/es\/producto\/falke-ru4-wool-hombre\/","name":"Falke RU4 Wool hombre -Calcetines para correr - MioMioRun.com","isPartOf":{"@id":"https:\/\/www.miomiorun.com\/es\/#website"},"primaryImageOfPage":{"@id":"https:\/\/www.miomiorun.com\/es\/producto\/falke-ru4-wool-hombre\/#primaryimage"},"image":{"@id":"https:\/\/www.miomiorun.com\/es\/producto\/falke-ru4-wool-hombre\/#primaryimage"},"thumbnailUrl":"https:\/\/www.miomiorun.com\/app\/uploads\/2021\/10\/falke-RU4-Wool-16396-3010.jpg","datePublished":"2021-10-13T09:50:55+00:00","dateModified":"2026-05-04T15:39:08+00:00","description":"Gracias a su acolchado medio, el calcet\u00edn para hombre RU4 Wool es nuestro calcet\u00edn para todo uso. El RU4 Wool garantiza una protecci\u00f3n adecuada.","breadcrumb":{"@id":"https:\/\/www.miomiorun.com\/es\/producto\/falke-ru4-wool-hombre\/#breadcrumb"},"inLanguage":"es-ES","potentialAction":[{"@type":"ReadAction","target":["https:\/\/www.miomiorun.com\/es\/producto\/falke-ru4-wool-hombre\/"]}]},{"@type":"ImageObject","inLanguage":"es-ES","@id":"https:\/\/www.miomiorun.com\/es\/producto\/falke-ru4-wool-hombre\/#primaryimage","url":"https:\/\/www.miomiorun.com\/app\/uploads\/2021\/10\/falke-RU4-Wool-16396-3010.jpg","contentUrl":"https:\/\/www.miomiorun.com\/app\/uploads\/2021\/10\/falke-RU4-Wool-16396-3010.jpg","width":600,"height":600,"caption":"falke ru4 wool calzini"},{"@type":"BreadcrumbList","@id":"https:\/\/www.miomiorun.com\/es\/producto\/falke-ru4-wool-hombre\/#breadcrumb","itemListElement":[{"@type":"ListItem","position":1,"name":"Home","item":"https:\/\/www.miomiorun.com\/es\/"},{"@type":"ListItem","position":2,"name":"Shop","item":"https:\/\/www.miomiorun.com\/shop\/"},{"@type":"ListItem","position":3,"name":"RU4 Wool hombre"}]},{"@type":"WebSite","@id":"https:\/\/www.miomiorun.com\/es\/#website","url":"https:\/\/www.miomiorun.com\/es\/","name":"MioMioRun","description":"Tienda 100% running y trail","publisher":{"@id":"https:\/\/www.miomiorun.com\/es\/#organization"},"potentialAction":[{"@type":"SearchAction","target":{"@type":"EntryPoint","urlTemplate":"https:\/\/www.miomiorun.com\/es\/?s={search_term_string}"},"query-input":{"@type":"PropertyValueSpecification","valueRequired":true,"valueName":"search_term_string"}}],"inLanguage":"es-ES"},{"@type":"Organization","@id":"https:\/\/www.miomiorun.com\/es\/#organization","name":"MioMio Run","url":"https:\/\/www.miomiorun.com\/es\/","logo":{"@type":"ImageObject","inLanguage":"es-ES","@id":"https:\/\/www.miomiorun.com\/es\/#\/schema\/logo\/image\/","url":"https:\/\/www.miomiorun.com\/app\/uploads\/2019\/12\/logomio.png","contentUrl":"https:\/\/www.miomiorun.com\/app\/uploads\/2019\/12\/logomio.png","width":115,"height":82,"caption":"MioMio Run"},"image":{"@id":"https:\/\/www.miomiorun.com\/es\/#\/schema\/logo\/image\/"},"sameAs":["https:\/\/www.facebook.com\/miomiorun\/","https:\/\/www.instagram.com\/miomiorun\/"]}]}},"_links":{"self":[{"href":"https:\/\/www.miomiorun.com\/es\/wp-json\/wp\/v2\/product\/280456","targetHints":{"allow":["GET"]}}],"collection":[{"href":"https:\/\/www.miomiorun.com\/es\/wp-json\/wp\/v2\/product"}],"about":[{"href":"https:\/\/www.miomiorun.com\/es\/wp-json\/wp\/v2\/types\/product"}],"wp:featuredmedia":[{"embeddable":true,"href":"https:\/\/www.miomiorun.com\/es\/wp-json\/wp\/v2\/media\/234024"}],"wp:attachment":[{"href":"https:\/\/www.miomiorun.com\/es\/wp-json\/wp\/v2\/media?parent=280456"}],"wp:term":[{"taxonomy":"product_brand","embeddable":true,"href":"https:\/\/www.miomiorun.com\/es\/wp-json\/wp\/v2\/product_brand?post=280456"},{"taxonomy":"product_cat","embeddable":true,"href":"https:\/\/www.miomiorun.com\/es\/wp-json\/wp\/v2\/product_cat?post=280456"},{"taxonomy":"product_tag","embeddable":true,"href":"https:\/\/www.miomiorun.com\/es\/wp-json\/wp\/v2\/product_tag?post=280456"}],"curies":[{"name":"wp","href":"https:\/\/api.w.org\/{rel}","templated":true}]}}