{"id":280415,"date":"2021-10-13T12:15:59","date_gmt":"2021-10-13T10:15:59","guid":{"rendered":"https:\/\/miomiorun.com\/prodotto\/falke-ru4-short-uomo-2\/"},"modified":"2026-05-04T17:41:46","modified_gmt":"2026-05-04T15:41:46","slug":"falke-ru4-short-hombre-2","status":"publish","type":"product","link":"https:\/\/www.miomiorun.com\/es\/producto\/falke-ru4-short-hombre-2\/","title":{"rendered":"RU4 Short hombre"},"content":{"rendered":"<p><div class=\"vc-row container\"><div class=\"vc-column\"><div class=\"vc-column-text\"><\/p>\n<div class=\"product-section product-detailed-page__section product-detailed-page__section--details\">\n<p>Gracias a su acolchado medio, el <strong>RU4 Short<\/strong> para hombre es nuestro calcet\u00edn tobillero m\u00e1s vers\u00e1til y garantiza una protecci\u00f3n adecuada con amortiguaci\u00f3n media y un buen contacto con la zapatilla. Adem\u00e1s, el acolchado previene la aparici\u00f3n de ampollas, ya que reduce las zonas de presi\u00f3n. La eficaz evacuaci\u00f3n de la humedad y el ajuste perfecto garantizan momentos deportivos agradables dedicados al footing.<\/p>\n<\/div>\n<h3><strong>Caracter\u00edsticas:<\/strong><\/h3>\n<ul>\n<li>Unas zapatillas de running vers\u00e1tiles con amortiguaci\u00f3n media que ofrecen una protecci\u00f3n adecuada y una transmisi\u00f3n directa de la energ\u00eda.<\/li>\n<li>Amortiguaci\u00f3n media y buen contacto con la zapatilla.<\/li>\n<li>Mayor absorci\u00f3n de la humedad y secado m\u00e1s r\u00e1pido gracias a su estructura de tres capas con algod\u00f3n.<\/li>\n<li>Prevenci\u00f3n de ampollas mediante la reducci\u00f3n de las zonas de presi\u00f3n.<\/li>\n<li>Ajuste perfecto gracias al acolchado en ambos lados y al dise\u00f1o anat\u00f3mico de los dedos.<\/li>\n<\/ul>\n<p><strong>Informaci\u00f3n<\/strong><\/p>\n<p><span class=\"asymetric-images__extra-text | html-teaser\"><strong>RU4 &#8211;<\/strong> Unas mallas de running vers\u00e1tiles con acolchado medio que ofrecen una protecci\u00f3n adecuada y una transmisi\u00f3n directa de la energ\u00eda.<br \/>\n<\/span><\/div><\/div><\/div><div class=\"vc-row container\"><div class=\"vc-column\"><div class=\"vc-column-text\"><\/p>\n<div class=\"product-functional-symbols__image-container\"><img decoding=\"async\" class=\"product-functional-symbols__image aligncenter\" src=\"https:\/\/www.falke.com\/it_it\/9dd393d722265eb755772abd698b837041098075\/assets\/base\/staticImages\/functionalsymbols\/icon_feuchtigkeitsregulierend.svg\" \/><\/div>\n<div class=\"product-functional-symbols__name\" style=\"text-align: center\">Regula la humedad<\/div>\n<p><\/div><\/div><div class=\"vc-column\"><div class=\"vc-column-text\"><img loading=\"lazy\" decoding=\"async\" class=\"product-functional-symbols__image\" src=\"https:\/\/www.falke.com\/it_it\/c5c163f4c436a6d5cac26cfd6ed02ad465473f2a\/assets\/base\/staticImages\/functionalsymbols\/icon_daempfende-wirkung.svg\" width=\"78\" height=\"78\" \/><\/p>\n<p>Efecto amortiguador<\/div><\/div><div class=\"vc-column\"><div class=\"vc-column-text\"><\/p>\n<div class=\"product-functional-symbols__image-container\"><img decoding=\"async\" class=\"product-functional-symbols__image aligncenter\" src=\"https:\/\/www.falke.com\/it_it\/9dd393d722265eb755772abd698b837041098075\/assets\/base\/staticImages\/functionalsymbols\/icon_schnellste_ruecktrocknung.svg\" \/><\/div>\n<div class=\"product-functional-symbols__name\" style=\"text-align: center\">Secado m\u00e1s r\u00e1pido<\/div>\n<p><\/div><\/div><div class=\"vc-column\"><\/div><\/div><div class=\"vc-row container\"><div class=\"vc-column\"><div class=\"vc-column-text\"><strong>Composici\u00f3n<\/strong> 56 % lyocell, 24 % poli\u00e9ster, 19 % poliamida, 1 % elastano<\/p>\n<p><strong>Longitud de la pierna<\/strong>: Hasta el tobillo<\/p>\n<p><strong>Relleno:<\/strong> Medio<\/p>\n<p><strong>Ajuste:<\/strong> Anat\u00f3mico<\/p>\n<p><strong>Suela<\/strong>: Termorreguladora<\/p>\n<p><strong>Estilo<\/strong> : Deportivo<\/div><\/div><\/div><\/p>\n","protected":false},"excerpt":{"rendered":"","protected":false},"featured_media":234036,"template":"","meta":{"_acf_changed":false,"inline_featured_image":false},"product_brand":[],"product_cat":[24462,24463],"product_tag":[23483,23607],"class_list":{"0":"post-280415","1":"product","2":"type-product","3":"status-publish","4":"has-post-thumbnail","6":"product_cat-calcetines-es-2","7":"product_cat-ropa-de-hombre-es","8":"product_tag-falke-es","9":"product_tag-falke-hombre","10":"pa_attivita-caminar","11":"pa_attivita-fitness-es","12":"pa_attivita-lifestyle-es","13":"pa_attivita-running-es","14":"pa_colore-ru4-endur-short-m-black","15":"pa_colore-ru4-endur-short-m-sulfur","16":"pa_colore-ru4-short-black-es-2","17":"pa_colore-ru4-short-blue-es","18":"pa_colore-ru4-short-blue-orange-es","19":"pa_colore-ru4-short-lightgrey-es","20":"pa_colore-ru4-short-sulphur-es","21":"pa_colore-ru4-short-black-2","22":"pa_marca-falke-es","23":"pa_sesso-hombre","24":"pa_size-39-41-es","25":"pa_size-42-43-es","26":"pa_size-44-45-es","27":"pa_size-46-48-es","29":"first","30":"instock","31":"sale","32":"taxable","33":"shipping-taxable","34":"purchasable","35":"product-type-variable","36":"wvs-archive-product-wrapper"},"acf":[],"yoast_head":"<!-- This site is optimized with the Yoast SEO plugin v26.8 - https:\/\/yoast.com\/product\/yoast-seo-wordpress\/ -->\n<title>Falke RU4 Short hombre - Calcetines para correr- MioMioRun.com<\/title>\n<meta name=\"description\" content=\"Gracias a su acolchado medio, el modelo RU4 Short para hombre es nuestro calcet\u00edn tobillero m\u00e1s vers\u00e1til y garantiza una protecci\u00f3n adecuada.\" \/>\n<meta name=\"robots\" content=\"index, follow, max-snippet:-1, max-image-preview:large, max-video-preview:-1\" \/>\n<link rel=\"canonical\" href=\"https:\/\/www.miomiorun.com\/es\/producto\/falke-ru4-short-hombre-2\/\" \/>\n<meta property=\"og:locale\" content=\"es_ES\" \/>\n<meta property=\"og:type\" content=\"article\" \/>\n<meta property=\"og:title\" content=\"Falke RU4 Short hombre - Calcetines para correr- MioMioRun.com\" \/>\n<meta property=\"og:description\" content=\"Gracias a su acolchado medio, el modelo RU4 Short para hombre es nuestro calcet\u00edn tobillero m\u00e1s vers\u00e1til y garantiza una protecci\u00f3n adecuada.\" \/>\n<meta property=\"og:url\" content=\"https:\/\/www.miomiorun.com\/es\/producto\/falke-ru4-short-hombre-2\/\" \/>\n<meta property=\"og:site_name\" content=\"MioMioRun\" \/>\n<meta property=\"article:publisher\" content=\"https:\/\/www.facebook.com\/miomiorun\/\" \/>\n<meta property=\"article:modified_time\" content=\"2026-05-04T15:41:46+00:00\" \/>\n<meta property=\"og:image\" content=\"https:\/\/www.miomiorun.com\/app\/uploads\/2021\/10\/falke-RU4-Short-16705-6451.jpg\" \/>\n\t<meta property=\"og:image:width\" content=\"600\" \/>\n\t<meta property=\"og:image:height\" content=\"600\" \/>\n\t<meta property=\"og:image:type\" content=\"image\/jpeg\" \/>\n<meta name=\"twitter:card\" content=\"summary_large_image\" \/>\n<meta name=\"twitter:label1\" content=\"Est. reading time\" \/>\n\t<meta name=\"twitter:data1\" content=\"1 minute\" \/>\n<script type=\"application\/ld+json\" class=\"yoast-schema-graph\">{\"@context\":\"https:\/\/schema.org\",\"@graph\":[{\"@type\":\"WebPage\",\"@id\":\"https:\/\/www.miomiorun.com\/es\/producto\/falke-ru4-short-hombre-2\/\",\"url\":\"https:\/\/www.miomiorun.com\/es\/producto\/falke-ru4-short-hombre-2\/\",\"name\":\"Falke RU4 Short hombre - Calcetines para correr- MioMioRun.com\",\"isPartOf\":{\"@id\":\"https:\/\/www.miomiorun.com\/es\/#website\"},\"primaryImageOfPage\":{\"@id\":\"https:\/\/www.miomiorun.com\/es\/producto\/falke-ru4-short-hombre-2\/#primaryimage\"},\"image\":{\"@id\":\"https:\/\/www.miomiorun.com\/es\/producto\/falke-ru4-short-hombre-2\/#primaryimage\"},\"thumbnailUrl\":\"https:\/\/www.miomiorun.com\/app\/uploads\/2021\/10\/falke-RU4-Short-16705-6451.jpg\",\"datePublished\":\"2021-10-13T10:15:59+00:00\",\"dateModified\":\"2026-05-04T15:41:46+00:00\",\"description\":\"Gracias a su acolchado medio, el modelo RU4 Short para hombre es nuestro calcet\u00edn tobillero m\u00e1s vers\u00e1til y garantiza una protecci\u00f3n adecuada.\",\"breadcrumb\":{\"@id\":\"https:\/\/www.miomiorun.com\/es\/producto\/falke-ru4-short-hombre-2\/#breadcrumb\"},\"inLanguage\":\"es-ES\",\"potentialAction\":[{\"@type\":\"ReadAction\",\"target\":[\"https:\/\/www.miomiorun.com\/es\/producto\/falke-ru4-short-hombre-2\/\"]}]},{\"@type\":\"ImageObject\",\"inLanguage\":\"es-ES\",\"@id\":\"https:\/\/www.miomiorun.com\/es\/producto\/falke-ru4-short-hombre-2\/#primaryimage\",\"url\":\"https:\/\/www.miomiorun.com\/app\/uploads\/2021\/10\/falke-RU4-Short-16705-6451.jpg\",\"contentUrl\":\"https:\/\/www.miomiorun.com\/app\/uploads\/2021\/10\/falke-RU4-Short-16705-6451.jpg\",\"width\":600,\"height\":600,\"caption\":\"falke ru4 short\"},{\"@type\":\"BreadcrumbList\",\"@id\":\"https:\/\/www.miomiorun.com\/es\/producto\/falke-ru4-short-hombre-2\/#breadcrumb\",\"itemListElement\":[{\"@type\":\"ListItem\",\"position\":1,\"name\":\"Home\",\"item\":\"https:\/\/www.miomiorun.com\/es\/\"},{\"@type\":\"ListItem\",\"position\":2,\"name\":\"Shop\",\"item\":\"https:\/\/www.miomiorun.com\/shop\/\"},{\"@type\":\"ListItem\",\"position\":3,\"name\":\"RU4 Short hombre\"}]},{\"@type\":\"WebSite\",\"@id\":\"https:\/\/www.miomiorun.com\/es\/#website\",\"url\":\"https:\/\/www.miomiorun.com\/es\/\",\"name\":\"MioMioRun\",\"description\":\"Tienda 100% running y trail\",\"publisher\":{\"@id\":\"https:\/\/www.miomiorun.com\/es\/#organization\"},\"potentialAction\":[{\"@type\":\"SearchAction\",\"target\":{\"@type\":\"EntryPoint\",\"urlTemplate\":\"https:\/\/www.miomiorun.com\/es\/?s={search_term_string}\"},\"query-input\":{\"@type\":\"PropertyValueSpecification\",\"valueRequired\":true,\"valueName\":\"search_term_string\"}}],\"inLanguage\":\"es-ES\"},{\"@type\":\"Organization\",\"@id\":\"https:\/\/www.miomiorun.com\/es\/#organization\",\"name\":\"MioMio Run\",\"url\":\"https:\/\/www.miomiorun.com\/es\/\",\"logo\":{\"@type\":\"ImageObject\",\"inLanguage\":\"es-ES\",\"@id\":\"https:\/\/www.miomiorun.com\/es\/#\/schema\/logo\/image\/\",\"url\":\"https:\/\/www.miomiorun.com\/app\/uploads\/2019\/12\/logomio.png\",\"contentUrl\":\"https:\/\/www.miomiorun.com\/app\/uploads\/2019\/12\/logomio.png\",\"width\":115,\"height\":82,\"caption\":\"MioMio Run\"},\"image\":{\"@id\":\"https:\/\/www.miomiorun.com\/es\/#\/schema\/logo\/image\/\"},\"sameAs\":[\"https:\/\/www.facebook.com\/miomiorun\/\",\"https:\/\/www.instagram.com\/miomiorun\/\"]}]}<\/script>\n<!-- \/ Yoast SEO plugin. -->","yoast_head_json":{"title":"Falke RU4 Short hombre - Calcetines para correr- MioMioRun.com","description":"Gracias a su acolchado medio, el modelo RU4 Short para hombre es nuestro calcet\u00edn tobillero m\u00e1s vers\u00e1til y garantiza una protecci\u00f3n adecuada.","robots":{"index":"index","follow":"follow","max-snippet":"max-snippet:-1","max-image-preview":"max-image-preview:large","max-video-preview":"max-video-preview:-1"},"canonical":"https:\/\/www.miomiorun.com\/es\/producto\/falke-ru4-short-hombre-2\/","og_locale":"es_ES","og_type":"article","og_title":"Falke RU4 Short hombre - Calcetines para correr- MioMioRun.com","og_description":"Gracias a su acolchado medio, el modelo RU4 Short para hombre es nuestro calcet\u00edn tobillero m\u00e1s vers\u00e1til y garantiza una protecci\u00f3n adecuada.","og_url":"https:\/\/www.miomiorun.com\/es\/producto\/falke-ru4-short-hombre-2\/","og_site_name":"MioMioRun","article_publisher":"https:\/\/www.facebook.com\/miomiorun\/","article_modified_time":"2026-05-04T15:41:46+00:00","og_image":[{"width":600,"height":600,"url":"https:\/\/www.miomiorun.com\/app\/uploads\/2021\/10\/falke-RU4-Short-16705-6451.jpg","type":"image\/jpeg"}],"twitter_card":"summary_large_image","twitter_misc":{"Est. reading time":"1 minute"},"schema":{"@context":"https:\/\/schema.org","@graph":[{"@type":"WebPage","@id":"https:\/\/www.miomiorun.com\/es\/producto\/falke-ru4-short-hombre-2\/","url":"https:\/\/www.miomiorun.com\/es\/producto\/falke-ru4-short-hombre-2\/","name":"Falke RU4 Short hombre - Calcetines para correr- MioMioRun.com","isPartOf":{"@id":"https:\/\/www.miomiorun.com\/es\/#website"},"primaryImageOfPage":{"@id":"https:\/\/www.miomiorun.com\/es\/producto\/falke-ru4-short-hombre-2\/#primaryimage"},"image":{"@id":"https:\/\/www.miomiorun.com\/es\/producto\/falke-ru4-short-hombre-2\/#primaryimage"},"thumbnailUrl":"https:\/\/www.miomiorun.com\/app\/uploads\/2021\/10\/falke-RU4-Short-16705-6451.jpg","datePublished":"2021-10-13T10:15:59+00:00","dateModified":"2026-05-04T15:41:46+00:00","description":"Gracias a su acolchado medio, el modelo RU4 Short para hombre es nuestro calcet\u00edn tobillero m\u00e1s vers\u00e1til y garantiza una protecci\u00f3n adecuada.","breadcrumb":{"@id":"https:\/\/www.miomiorun.com\/es\/producto\/falke-ru4-short-hombre-2\/#breadcrumb"},"inLanguage":"es-ES","potentialAction":[{"@type":"ReadAction","target":["https:\/\/www.miomiorun.com\/es\/producto\/falke-ru4-short-hombre-2\/"]}]},{"@type":"ImageObject","inLanguage":"es-ES","@id":"https:\/\/www.miomiorun.com\/es\/producto\/falke-ru4-short-hombre-2\/#primaryimage","url":"https:\/\/www.miomiorun.com\/app\/uploads\/2021\/10\/falke-RU4-Short-16705-6451.jpg","contentUrl":"https:\/\/www.miomiorun.com\/app\/uploads\/2021\/10\/falke-RU4-Short-16705-6451.jpg","width":600,"height":600,"caption":"falke ru4 short"},{"@type":"BreadcrumbList","@id":"https:\/\/www.miomiorun.com\/es\/producto\/falke-ru4-short-hombre-2\/#breadcrumb","itemListElement":[{"@type":"ListItem","position":1,"name":"Home","item":"https:\/\/www.miomiorun.com\/es\/"},{"@type":"ListItem","position":2,"name":"Shop","item":"https:\/\/www.miomiorun.com\/shop\/"},{"@type":"ListItem","position":3,"name":"RU4 Short hombre"}]},{"@type":"WebSite","@id":"https:\/\/www.miomiorun.com\/es\/#website","url":"https:\/\/www.miomiorun.com\/es\/","name":"MioMioRun","description":"Tienda 100% running y trail","publisher":{"@id":"https:\/\/www.miomiorun.com\/es\/#organization"},"potentialAction":[{"@type":"SearchAction","target":{"@type":"EntryPoint","urlTemplate":"https:\/\/www.miomiorun.com\/es\/?s={search_term_string}"},"query-input":{"@type":"PropertyValueSpecification","valueRequired":true,"valueName":"search_term_string"}}],"inLanguage":"es-ES"},{"@type":"Organization","@id":"https:\/\/www.miomiorun.com\/es\/#organization","name":"MioMio Run","url":"https:\/\/www.miomiorun.com\/es\/","logo":{"@type":"ImageObject","inLanguage":"es-ES","@id":"https:\/\/www.miomiorun.com\/es\/#\/schema\/logo\/image\/","url":"https:\/\/www.miomiorun.com\/app\/uploads\/2019\/12\/logomio.png","contentUrl":"https:\/\/www.miomiorun.com\/app\/uploads\/2019\/12\/logomio.png","width":115,"height":82,"caption":"MioMio Run"},"image":{"@id":"https:\/\/www.miomiorun.com\/es\/#\/schema\/logo\/image\/"},"sameAs":["https:\/\/www.facebook.com\/miomiorun\/","https:\/\/www.instagram.com\/miomiorun\/"]}]}},"_links":{"self":[{"href":"https:\/\/www.miomiorun.com\/es\/wp-json\/wp\/v2\/product\/280415","targetHints":{"allow":["GET"]}}],"collection":[{"href":"https:\/\/www.miomiorun.com\/es\/wp-json\/wp\/v2\/product"}],"about":[{"href":"https:\/\/www.miomiorun.com\/es\/wp-json\/wp\/v2\/types\/product"}],"wp:featuredmedia":[{"embeddable":true,"href":"https:\/\/www.miomiorun.com\/es\/wp-json\/wp\/v2\/media\/234036"}],"wp:attachment":[{"href":"https:\/\/www.miomiorun.com\/es\/wp-json\/wp\/v2\/media?parent=280415"}],"wp:term":[{"taxonomy":"product_brand","embeddable":true,"href":"https:\/\/www.miomiorun.com\/es\/wp-json\/wp\/v2\/product_brand?post=280415"},{"taxonomy":"product_cat","embeddable":true,"href":"https:\/\/www.miomiorun.com\/es\/wp-json\/wp\/v2\/product_cat?post=280415"},{"taxonomy":"product_tag","embeddable":true,"href":"https:\/\/www.miomiorun.com\/es\/wp-json\/wp\/v2\/product_tag?post=280415"}],"curies":[{"name":"wp","href":"https:\/\/api.w.org\/{rel}","templated":true}]}}