{"id":280410,"date":"2021-10-14T18:21:21","date_gmt":"2021-10-14T16:21:21","guid":{"rendered":"https:\/\/miomiorun.com\/prodotto\/stance-infiknit-light-crew\/"},"modified":"2026-04-23T16:38:35","modified_gmt":"2026-04-23T14:38:35","slug":"stance-infiknit-light-crew","status":"publish","type":"product","link":"https:\/\/www.miomiorun.com\/es\/producto\/stance-infiknit-light-crew\/","title":{"rendered":"Infiknit Light Crew"},"content":{"rendered":"<p><span style=\"font-weight: 400\">\u00bfTe has marcado unos grandes objetivos para estar m\u00e1s activo? Las zapatillas Stance Performance est\u00e1n repletas de prestaciones como Feel 360\u2122 e Infiknit\u2122 para potenciar cada carrera o entrenamiento. Desde comodidad durante todo el d\u00eda hasta una garant\u00eda de por vida, mant\u00e9n tus objetivos en el buen camino, empezando desde cero.<\/span><\/p>\n<p>Una buena opci\u00f3n para un ajuste ce\u00f1ido, estos calcetines ligeros ofrecen una barrera transpirable y menos voluminosa entre el pie y el calzado.<\/p>\n<h2>Caracter\u00edsticas<\/h2>\n<ul>\n<li>Nuestra tecnolog\u00eda Infiknit\u2122 nunca se rompe. Dise\u00f1ada para durar.<\/li>\n<li>El soporte para el arco de dise\u00f1o t\u00e9cnico estabiliza tu swing con estilo.<\/li>\n<li>Logotipo reflectante para una mayor visibilidad.<\/li>\n<li>Puntera sin costuras para un acabado antideslizante que a tus pies les encantar\u00e1.<\/li>\n<li>El tejido Performance Mesh te mantiene fresco gracias a su m\u00e1xima ventilaci\u00f3n y transpirabilidad.<\/li>\n<\/ul>\n<h2>Amortiguaci\u00f3n ligera<\/h2>\n<p>Estos calcetines ligeros ofrecen una barrera transpirable entre el pie y el calzado, con una amortiguaci\u00f3n selectiva.<\/p>\n<h2>Tripulaci\u00f3n<\/h2>\n<p>Una altura cl\u00e1sica de calcet\u00edn que llega hasta la mitad de la parte inferior de la pierna.<\/p>\n<h2>Cuidado del producto<\/h2>\n<ul>\n<li style=\"font-weight: 400\"><span style=\"font-weight: 400\">Lavar a m\u00e1quina a 40 \u00b0C<\/span><\/li>\n<li style=\"font-weight: 400\"><span style=\"font-weight: 400\">Evita el blanqueo o el alisado<\/span><\/li>\n<li style=\"font-weight: 400\"><span style=\"font-weight: 400\">Los calcetines durar\u00e1n m\u00e1s si no los metes en la secadora<\/span><\/li>\n<\/ul>\n","protected":false},"excerpt":{"rendered":"<p>Elige la talla y el color para descubrir las caracter\u00edsticas de los distintos modelos disponibles<\/p>\n","protected":false},"featured_media":236774,"template":"","meta":{"_acf_changed":false,"inline_featured_image":false},"product_brand":[],"product_cat":[24400,24462,24463,24401,24402],"product_tag":[23537,23576,23616],"class_list":{"0":"post-280410","1":"product","2":"type-product","3":"status-publish","4":"has-post-thumbnail","6":"product_cat-calcetines","7":"product_cat-calcetines-es-2","8":"product_cat-ropa-de-hombre-es","9":"product_cat-ropa-de-mujer","10":"product_cat-mujer","11":"product_tag-stance-es","12":"product_tag-stance-hombre","13":"product_tag-stance-mujer","14":"pa_attivita-caminar","15":"pa_attivita-fitness-es","16":"pa_attivita-lifestyle-es","17":"pa_attivita-running-es","18":"pa_colore-4x400-crew-black-es","19":"pa_colore-cheatz-crew-mint-es","20":"pa_colore-cliele-camo-black-es","21":"pa_colore-divided-lines-crew-blue-es","22":"pa_colore-earnie-light-crew-seablue-es","23":"pa_colore-flower-beds-light-es","24":"pa_colore-hieroflyphics-es","25":"pa_colore-intensity-crew-es","26":"pa_colore-keep-it-movin-crew-es","27":"pa_colore-light-wool-crew-blackred-es","28":"pa_colore-light-wool-crew-cobaltblue-es","29":"pa_colore-maliboo-light-es","30":"pa_colore-marled-light-crew-oatmeal","31":"pa_colore-milo-light-crew-blue-es","32":"pa_colore-modul-crew-darkgrey-es","33":"pa_colore-open-fields-natural-es","34":"pa_colore-powder-split-light-crew-mango","35":"pa_colore-quadrilateral-light-wool-crew-black-es","36":"pa_colore-rebuild-crew-es","37":"pa_colore-run-lt-crew-3-pack-multi-es","38":"pa_colore-so-sporty-light-crew-blue-es","39":"pa_colore-spice-force-five-es","40":"pa_colore-start-es","41":"pa_colore-tether-es","42":"pa_colore-torque-light-crew-black-es","43":"pa_colore-trippy-trop-crew-multi-es","44":"pa_colore-varied-light-crew-teal","45":"pa_marca-stance-es","46":"pa_sesso-hombre","47":"pa_sesso-mujer","48":"pa_size-35-37-es","49":"pa_size-38-42-es","50":"pa_size-43-46-es","52":"first","53":"instock","54":"sale","55":"taxable","56":"shipping-taxable","57":"purchasable","58":"product-type-variable","59":"wvs-archive-product-wrapper"},"acf":[],"yoast_head":"<!-- This site is optimized with the Yoast SEO plugin v26.8 - https:\/\/yoast.com\/product\/yoast-seo-wordpress\/ -->\n<title>Stance Infiknit Light Crew - Calzini Running - MioMioRun.com<\/title>\n<meta name=\"description\" content=\"Desde la comodidad durante todo el d\u00eda hasta la garant\u00eda de por vida, mant\u00e9n tus objetivos en el buen camino, empezando desde cero.\" \/>\n<meta name=\"robots\" content=\"index, follow, max-snippet:-1, max-image-preview:large, max-video-preview:-1\" \/>\n<link rel=\"canonical\" href=\"https:\/\/www.miomiorun.com\/es\/producto\/stance-infiknit-light-crew\/\" \/>\n<meta property=\"og:locale\" content=\"es_ES\" \/>\n<meta property=\"og:type\" content=\"article\" \/>\n<meta property=\"og:title\" content=\"Stance Infiknit Light Crew - Calzini Running - MioMioRun.com\" \/>\n<meta property=\"og:description\" content=\"Desde la comodidad durante todo el d\u00eda hasta la garant\u00eda de por vida, mant\u00e9n tus objetivos en el buen camino, empezando desde cero.\" \/>\n<meta property=\"og:url\" content=\"https:\/\/www.miomiorun.com\/es\/producto\/stance-infiknit-light-crew\/\" \/>\n<meta property=\"og:site_name\" content=\"MioMioRun\" \/>\n<meta property=\"article:publisher\" content=\"https:\/\/www.facebook.com\/miomiorun\/\" \/>\n<meta property=\"article:modified_time\" content=\"2026-04-23T14:38:35+00:00\" \/>\n<meta property=\"og:image\" content=\"https:\/\/www.miomiorun.com\/app\/uploads\/2022\/05\/stance-rate.jpg\" \/>\n\t<meta property=\"og:image:width\" content=\"600\" \/>\n\t<meta property=\"og:image:height\" content=\"600\" \/>\n\t<meta property=\"og:image:type\" content=\"image\/jpeg\" \/>\n<meta name=\"twitter:card\" content=\"summary_large_image\" \/>\n<meta name=\"twitter:label1\" content=\"Est. reading time\" \/>\n\t<meta name=\"twitter:data1\" content=\"1 minute\" \/>\n<script type=\"application\/ld+json\" class=\"yoast-schema-graph\">{\"@context\":\"https:\/\/schema.org\",\"@graph\":[{\"@type\":\"WebPage\",\"@id\":\"https:\/\/www.miomiorun.com\/es\/producto\/stance-infiknit-light-crew\/\",\"url\":\"https:\/\/www.miomiorun.com\/es\/producto\/stance-infiknit-light-crew\/\",\"name\":\"Stance Infiknit Light Crew - Calzini Running - MioMioRun.com\",\"isPartOf\":{\"@id\":\"https:\/\/www.miomiorun.com\/es\/#website\"},\"primaryImageOfPage\":{\"@id\":\"https:\/\/www.miomiorun.com\/es\/producto\/stance-infiknit-light-crew\/#primaryimage\"},\"image\":{\"@id\":\"https:\/\/www.miomiorun.com\/es\/producto\/stance-infiknit-light-crew\/#primaryimage\"},\"thumbnailUrl\":\"https:\/\/www.miomiorun.com\/app\/uploads\/2022\/05\/stance-rate.jpg\",\"datePublished\":\"2021-10-14T16:21:21+00:00\",\"dateModified\":\"2026-04-23T14:38:35+00:00\",\"description\":\"Desde la comodidad durante todo el d\u00eda hasta la garant\u00eda de por vida, mant\u00e9n tus objetivos en el buen camino, empezando desde cero.\",\"breadcrumb\":{\"@id\":\"https:\/\/www.miomiorun.com\/es\/producto\/stance-infiknit-light-crew\/#breadcrumb\"},\"inLanguage\":\"es-ES\",\"potentialAction\":[{\"@type\":\"ReadAction\",\"target\":[\"https:\/\/www.miomiorun.com\/es\/producto\/stance-infiknit-light-crew\/\"]}]},{\"@type\":\"ImageObject\",\"inLanguage\":\"es-ES\",\"@id\":\"https:\/\/www.miomiorun.com\/es\/producto\/stance-infiknit-light-crew\/#primaryimage\",\"url\":\"https:\/\/www.miomiorun.com\/app\/uploads\/2022\/05\/stance-rate.jpg\",\"contentUrl\":\"https:\/\/www.miomiorun.com\/app\/uploads\/2022\/05\/stance-rate.jpg\",\"width\":600,\"height\":600,\"caption\":\"stance-rate\"},{\"@type\":\"BreadcrumbList\",\"@id\":\"https:\/\/www.miomiorun.com\/es\/producto\/stance-infiknit-light-crew\/#breadcrumb\",\"itemListElement\":[{\"@type\":\"ListItem\",\"position\":1,\"name\":\"Home\",\"item\":\"https:\/\/www.miomiorun.com\/es\/\"},{\"@type\":\"ListItem\",\"position\":2,\"name\":\"Shop\",\"item\":\"https:\/\/www.miomiorun.com\/shop\/\"},{\"@type\":\"ListItem\",\"position\":3,\"name\":\"Infiknit Light Crew\"}]},{\"@type\":\"WebSite\",\"@id\":\"https:\/\/www.miomiorun.com\/es\/#website\",\"url\":\"https:\/\/www.miomiorun.com\/es\/\",\"name\":\"MioMioRun\",\"description\":\"Tienda 100% running y trail\",\"publisher\":{\"@id\":\"https:\/\/www.miomiorun.com\/es\/#organization\"},\"potentialAction\":[{\"@type\":\"SearchAction\",\"target\":{\"@type\":\"EntryPoint\",\"urlTemplate\":\"https:\/\/www.miomiorun.com\/es\/?s={search_term_string}\"},\"query-input\":{\"@type\":\"PropertyValueSpecification\",\"valueRequired\":true,\"valueName\":\"search_term_string\"}}],\"inLanguage\":\"es-ES\"},{\"@type\":\"Organization\",\"@id\":\"https:\/\/www.miomiorun.com\/es\/#organization\",\"name\":\"MioMio Run\",\"url\":\"https:\/\/www.miomiorun.com\/es\/\",\"logo\":{\"@type\":\"ImageObject\",\"inLanguage\":\"es-ES\",\"@id\":\"https:\/\/www.miomiorun.com\/es\/#\/schema\/logo\/image\/\",\"url\":\"https:\/\/www.miomiorun.com\/app\/uploads\/2019\/12\/logomio.png\",\"contentUrl\":\"https:\/\/www.miomiorun.com\/app\/uploads\/2019\/12\/logomio.png\",\"width\":115,\"height\":82,\"caption\":\"MioMio Run\"},\"image\":{\"@id\":\"https:\/\/www.miomiorun.com\/es\/#\/schema\/logo\/image\/\"},\"sameAs\":[\"https:\/\/www.facebook.com\/miomiorun\/\",\"https:\/\/www.instagram.com\/miomiorun\/\"]}]}<\/script>\n<!-- \/ Yoast SEO plugin. -->","yoast_head_json":{"title":"Stance Infiknit Light Crew - Calzini Running - MioMioRun.com","description":"Desde la comodidad durante todo el d\u00eda hasta la garant\u00eda de por vida, mant\u00e9n tus objetivos en el buen camino, empezando desde cero.","robots":{"index":"index","follow":"follow","max-snippet":"max-snippet:-1","max-image-preview":"max-image-preview:large","max-video-preview":"max-video-preview:-1"},"canonical":"https:\/\/www.miomiorun.com\/es\/producto\/stance-infiknit-light-crew\/","og_locale":"es_ES","og_type":"article","og_title":"Stance Infiknit Light Crew - Calzini Running - MioMioRun.com","og_description":"Desde la comodidad durante todo el d\u00eda hasta la garant\u00eda de por vida, mant\u00e9n tus objetivos en el buen camino, empezando desde cero.","og_url":"https:\/\/www.miomiorun.com\/es\/producto\/stance-infiknit-light-crew\/","og_site_name":"MioMioRun","article_publisher":"https:\/\/www.facebook.com\/miomiorun\/","article_modified_time":"2026-04-23T14:38:35+00:00","og_image":[{"width":600,"height":600,"url":"https:\/\/www.miomiorun.com\/app\/uploads\/2022\/05\/stance-rate.jpg","type":"image\/jpeg"}],"twitter_card":"summary_large_image","twitter_misc":{"Est. reading time":"1 minute"},"schema":{"@context":"https:\/\/schema.org","@graph":[{"@type":"WebPage","@id":"https:\/\/www.miomiorun.com\/es\/producto\/stance-infiknit-light-crew\/","url":"https:\/\/www.miomiorun.com\/es\/producto\/stance-infiknit-light-crew\/","name":"Stance Infiknit Light Crew - Calzini Running - MioMioRun.com","isPartOf":{"@id":"https:\/\/www.miomiorun.com\/es\/#website"},"primaryImageOfPage":{"@id":"https:\/\/www.miomiorun.com\/es\/producto\/stance-infiknit-light-crew\/#primaryimage"},"image":{"@id":"https:\/\/www.miomiorun.com\/es\/producto\/stance-infiknit-light-crew\/#primaryimage"},"thumbnailUrl":"https:\/\/www.miomiorun.com\/app\/uploads\/2022\/05\/stance-rate.jpg","datePublished":"2021-10-14T16:21:21+00:00","dateModified":"2026-04-23T14:38:35+00:00","description":"Desde la comodidad durante todo el d\u00eda hasta la garant\u00eda de por vida, mant\u00e9n tus objetivos en el buen camino, empezando desde cero.","breadcrumb":{"@id":"https:\/\/www.miomiorun.com\/es\/producto\/stance-infiknit-light-crew\/#breadcrumb"},"inLanguage":"es-ES","potentialAction":[{"@type":"ReadAction","target":["https:\/\/www.miomiorun.com\/es\/producto\/stance-infiknit-light-crew\/"]}]},{"@type":"ImageObject","inLanguage":"es-ES","@id":"https:\/\/www.miomiorun.com\/es\/producto\/stance-infiknit-light-crew\/#primaryimage","url":"https:\/\/www.miomiorun.com\/app\/uploads\/2022\/05\/stance-rate.jpg","contentUrl":"https:\/\/www.miomiorun.com\/app\/uploads\/2022\/05\/stance-rate.jpg","width":600,"height":600,"caption":"stance-rate"},{"@type":"BreadcrumbList","@id":"https:\/\/www.miomiorun.com\/es\/producto\/stance-infiknit-light-crew\/#breadcrumb","itemListElement":[{"@type":"ListItem","position":1,"name":"Home","item":"https:\/\/www.miomiorun.com\/es\/"},{"@type":"ListItem","position":2,"name":"Shop","item":"https:\/\/www.miomiorun.com\/shop\/"},{"@type":"ListItem","position":3,"name":"Infiknit Light Crew"}]},{"@type":"WebSite","@id":"https:\/\/www.miomiorun.com\/es\/#website","url":"https:\/\/www.miomiorun.com\/es\/","name":"MioMioRun","description":"Tienda 100% running y trail","publisher":{"@id":"https:\/\/www.miomiorun.com\/es\/#organization"},"potentialAction":[{"@type":"SearchAction","target":{"@type":"EntryPoint","urlTemplate":"https:\/\/www.miomiorun.com\/es\/?s={search_term_string}"},"query-input":{"@type":"PropertyValueSpecification","valueRequired":true,"valueName":"search_term_string"}}],"inLanguage":"es-ES"},{"@type":"Organization","@id":"https:\/\/www.miomiorun.com\/es\/#organization","name":"MioMio Run","url":"https:\/\/www.miomiorun.com\/es\/","logo":{"@type":"ImageObject","inLanguage":"es-ES","@id":"https:\/\/www.miomiorun.com\/es\/#\/schema\/logo\/image\/","url":"https:\/\/www.miomiorun.com\/app\/uploads\/2019\/12\/logomio.png","contentUrl":"https:\/\/www.miomiorun.com\/app\/uploads\/2019\/12\/logomio.png","width":115,"height":82,"caption":"MioMio Run"},"image":{"@id":"https:\/\/www.miomiorun.com\/es\/#\/schema\/logo\/image\/"},"sameAs":["https:\/\/www.facebook.com\/miomiorun\/","https:\/\/www.instagram.com\/miomiorun\/"]}]}},"_links":{"self":[{"href":"https:\/\/www.miomiorun.com\/es\/wp-json\/wp\/v2\/product\/280410","targetHints":{"allow":["GET"]}}],"collection":[{"href":"https:\/\/www.miomiorun.com\/es\/wp-json\/wp\/v2\/product"}],"about":[{"href":"https:\/\/www.miomiorun.com\/es\/wp-json\/wp\/v2\/types\/product"}],"wp:featuredmedia":[{"embeddable":true,"href":"https:\/\/www.miomiorun.com\/es\/wp-json\/wp\/v2\/media\/236774"}],"wp:attachment":[{"href":"https:\/\/www.miomiorun.com\/es\/wp-json\/wp\/v2\/media?parent=280410"}],"wp:term":[{"taxonomy":"product_brand","embeddable":true,"href":"https:\/\/www.miomiorun.com\/es\/wp-json\/wp\/v2\/product_brand?post=280410"},{"taxonomy":"product_cat","embeddable":true,"href":"https:\/\/www.miomiorun.com\/es\/wp-json\/wp\/v2\/product_cat?post=280410"},{"taxonomy":"product_tag","embeddable":true,"href":"https:\/\/www.miomiorun.com\/es\/wp-json\/wp\/v2\/product_tag?post=280410"}],"curies":[{"name":"wp","href":"https:\/\/api.w.org\/{rel}","templated":true}]}}