{"id":280405,"date":"2021-10-14T18:39:49","date_gmt":"2021-10-14T16:39:49","guid":{"rendered":"https:\/\/miomiorun.com\/prodotto\/stance-infiknit-light-tab\/"},"modified":"2026-05-04T17:43:42","modified_gmt":"2026-05-04T15:43:42","slug":"stance-infiknit-light-tab","status":"publish","type":"product","link":"https:\/\/www.miomiorun.com\/es\/producto\/stance-infiknit-light-tab\/","title":{"rendered":"Infiknit Light Tab"},"content":{"rendered":"<p>\u00bfTe has marcado unos grandes objetivos para estar m\u00e1s activo? Las zapatillas Stance Performance est\u00e1n repletas de prestaciones como Feel 360\u2122 e Infiknit\u2122 para potenciar cada carrera o entrenamiento. Desde comodidad durante todo el d\u00eda hasta una garant\u00eda de por vida, mant\u00e9n tus objetivos en el buen camino, empezando desde cero.<\/p>\n<p>Una buena opci\u00f3n para un ajuste ce\u00f1ido, estos calcetines ligeros ofrecen una barrera transpirable y menos voluminosa entre el pie y el calzado.<\/p>\n<h2>Caracter\u00edsticas<\/h2>\n<ul>\n<li><span style=\"font-weight: 400\">Nuestra tecnolog\u00eda Infiknit\u2122 nunca se rompe. Dise\u00f1ada para durar.<br \/>\n<\/span><\/li>\n<li><span style=\"font-weight: 400\">El soporte para arco de dise\u00f1o t\u00e9cnico estabiliza tu swing con estilo.<\/span><\/li>\n<li><span style=\"font-weight: 400\">Logotipo reflectante para una mayor visibilidad.<\/span><\/li>\n<li><span style=\"font-weight: 400\">Puntera sin costuras para un acabado antideslizante que a tus pies les encantar\u00e1.<\/span><\/li>\n<li><span style=\"font-weight: 400\">El tejido Performance Mesh te mantiene fresco gracias a su m\u00e1xima ventilaci\u00f3n y transpirabilidad.<\/span><\/li>\n<\/ul>\n<h2>Amortiguaci\u00f3n ligera<\/h2>\n<p>Estos calcetines ligeros ofrecen una barrera transpirable entre el pie y el calzado, con una amortiguaci\u00f3n selectiva.<\/p>\n<h2>Pesta\u00f1a<\/h2>\n<p>Un ligero realce por encima del cuello del zapato, que termina justo por debajo del tobillo con una leng\u00fceta.<\/p>\n<h2>Cuidado del producto<\/h2>\n<ul>\n<li style=\"font-weight: 400\"><span style=\"font-weight: 400\">Lavar a m\u00e1quina a 40 \u00b0C<\/span><\/li>\n<li style=\"font-weight: 400\"><span style=\"font-weight: 400\">Evitar el blanqueo o el alisado<\/span><\/li>\n<li style=\"font-weight: 400\"><span style=\"font-weight: 400\">Los calcetines durar\u00e1n m\u00e1s si no los metes en la secadora<\/span><\/li>\n<\/ul>\n","protected":false},"excerpt":{"rendered":"<p>Elige la talla y el color para descubrir las caracter\u00edsticas de los distintos modelos disponibles<\/p>\n","protected":false},"featured_media":234140,"template":"","meta":{"_acf_changed":false,"inline_featured_image":false},"product_brand":[],"product_cat":[24400,24462,24463,24401,24402],"product_tag":[23537,23576,23616],"class_list":{"0":"post-280405","1":"product","2":"type-product","3":"status-publish","4":"has-post-thumbnail","6":"product_cat-calcetines","7":"product_cat-calcetines-es-2","8":"product_cat-ropa-de-hombre-es","9":"product_cat-ropa-de-mujer","10":"product_cat-mujer","11":"product_tag-stance-es","12":"product_tag-stance-hombre","13":"product_tag-stance-mujer","14":"pa_attivita-caminar","15":"pa_attivita-fitness-es","16":"pa_attivita-lifestyle-es","17":"pa_attivita-running-es","18":"pa_colore-4x400-mint-es","19":"pa_colore-all-set-3-pack-es","20":"pa_colore-all-time-es","21":"pa_colore-cape-es","22":"pa_colore-caught-up-tab-olive-es","23":"pa_colore-curren-light-tab-olive-es","24":"pa_colore-field-tab-multi-es","25":"pa_colore-flat-out-ok-light-tab-3-pack-teal-es","26":"pa_colore-flounder-tab-es","27":"pa_colore-fused-royal-es","28":"pa_colore-interim-tab-es","29":"pa_colore-island-interval-es","30":"pa_colore-keep-it-movin-es","31":"pa_colore-make-a-break-es","32":"pa_colore-maxed-tab-neonyellow-es","33":"pa_colore-modul-tab-black-es","34":"pa_colore-run-tab-st-black-es","35":"pa_colore-run-tab-st-white-es","36":"pa_colore-scanner-light-tab-mango","37":"pa_colore-scanner-light-tab-mint","38":"pa_colore-sloan-3-pack-es","39":"pa_colore-some-who-like-tab-pink-es","40":"pa_colore-stance-intensity-tab-es","41":"pa_colore-start-finish-tab-blue-es","42":"pa_colore-stride-stripe-es","43":"pa_colore-sun-dust-tab-blackbrown-es","44":"pa_colore-trippy-trop-multi-es","45":"pa_colore-variety-3-pack-es","46":"pa_marca-stance-es","47":"pa_sesso-hombre","48":"pa_sesso-mujer","49":"pa_size-35-37-es","50":"pa_size-38-42-es","51":"pa_size-43-46-es","53":"first","54":"instock","55":"sale","56":"taxable","57":"shipping-taxable","58":"purchasable","59":"product-type-variable","60":"wvs-archive-product-wrapper"},"acf":[],"yoast_head":"<!-- This site is optimized with the Yoast SEO plugin v26.8 - https:\/\/yoast.com\/product\/yoast-seo-wordpress\/ -->\n<title>Stance Infiknit Light Tab - Calcetines para correr- MioMioRun.com<\/title>\n<meta name=\"description\" content=\"Los calcetines Stance Light Tab llegan justo por debajo del tobillo; son de grosor ligero, ajustados y ligeros, transpirables y menos voluminosos.\" \/>\n<meta name=\"robots\" content=\"index, follow, max-snippet:-1, max-image-preview:large, max-video-preview:-1\" \/>\n<link rel=\"canonical\" href=\"https:\/\/www.miomiorun.com\/es\/producto\/stance-infiknit-light-tab\/\" \/>\n<meta property=\"og:locale\" content=\"es_ES\" \/>\n<meta property=\"og:type\" content=\"article\" \/>\n<meta property=\"og:title\" content=\"Stance Infiknit Light Tab - Calcetines para correr- MioMioRun.com\" \/>\n<meta property=\"og:description\" content=\"Los calcetines Stance Light Tab llegan justo por debajo del tobillo; son de grosor ligero, ajustados y ligeros, transpirables y menos voluminosos.\" \/>\n<meta property=\"og:url\" content=\"https:\/\/www.miomiorun.com\/es\/producto\/stance-infiknit-light-tab\/\" \/>\n<meta property=\"og:site_name\" content=\"MioMioRun\" \/>\n<meta property=\"article:publisher\" content=\"https:\/\/www.facebook.com\/miomiorun\/\" \/>\n<meta property=\"article:modified_time\" content=\"2026-05-04T15:43:42+00:00\" \/>\n<meta property=\"og:image\" content=\"https:\/\/www.miomiorun.com\/app\/uploads\/2021\/10\/stance-run-tab-ST-black.jpg\" \/>\n\t<meta property=\"og:image:width\" content=\"600\" \/>\n\t<meta property=\"og:image:height\" content=\"600\" \/>\n\t<meta property=\"og:image:type\" content=\"image\/jpeg\" \/>\n<meta name=\"twitter:card\" content=\"summary_large_image\" \/>\n<meta name=\"twitter:label1\" content=\"Est. reading time\" \/>\n\t<meta name=\"twitter:data1\" content=\"1 minute\" \/>\n<script type=\"application\/ld+json\" class=\"yoast-schema-graph\">{\"@context\":\"https:\/\/schema.org\",\"@graph\":[{\"@type\":\"WebPage\",\"@id\":\"https:\/\/www.miomiorun.com\/es\/producto\/stance-infiknit-light-tab\/\",\"url\":\"https:\/\/www.miomiorun.com\/es\/producto\/stance-infiknit-light-tab\/\",\"name\":\"Stance Infiknit Light Tab - Calcetines para correr- MioMioRun.com\",\"isPartOf\":{\"@id\":\"https:\/\/www.miomiorun.com\/es\/#website\"},\"primaryImageOfPage\":{\"@id\":\"https:\/\/www.miomiorun.com\/es\/producto\/stance-infiknit-light-tab\/#primaryimage\"},\"image\":{\"@id\":\"https:\/\/www.miomiorun.com\/es\/producto\/stance-infiknit-light-tab\/#primaryimage\"},\"thumbnailUrl\":\"https:\/\/www.miomiorun.com\/app\/uploads\/2021\/10\/stance-run-tab-ST-black.jpg\",\"datePublished\":\"2021-10-14T16:39:49+00:00\",\"dateModified\":\"2026-05-04T15:43:42+00:00\",\"description\":\"Los calcetines Stance Light Tab llegan justo por debajo del tobillo; son de grosor ligero, ajustados y ligeros, transpirables y menos voluminosos.\",\"breadcrumb\":{\"@id\":\"https:\/\/www.miomiorun.com\/es\/producto\/stance-infiknit-light-tab\/#breadcrumb\"},\"inLanguage\":\"es-ES\",\"potentialAction\":[{\"@type\":\"ReadAction\",\"target\":[\"https:\/\/www.miomiorun.com\/es\/producto\/stance-infiknit-light-tab\/\"]}]},{\"@type\":\"ImageObject\",\"inLanguage\":\"es-ES\",\"@id\":\"https:\/\/www.miomiorun.com\/es\/producto\/stance-infiknit-light-tab\/#primaryimage\",\"url\":\"https:\/\/www.miomiorun.com\/app\/uploads\/2021\/10\/stance-run-tab-ST-black.jpg\",\"contentUrl\":\"https:\/\/www.miomiorun.com\/app\/uploads\/2021\/10\/stance-run-tab-ST-black.jpg\",\"width\":600,\"height\":600,\"caption\":\"stance run tab st\"},{\"@type\":\"BreadcrumbList\",\"@id\":\"https:\/\/www.miomiorun.com\/es\/producto\/stance-infiknit-light-tab\/#breadcrumb\",\"itemListElement\":[{\"@type\":\"ListItem\",\"position\":1,\"name\":\"Home\",\"item\":\"https:\/\/www.miomiorun.com\/es\/\"},{\"@type\":\"ListItem\",\"position\":2,\"name\":\"Shop\",\"item\":\"https:\/\/www.miomiorun.com\/shop\/\"},{\"@type\":\"ListItem\",\"position\":3,\"name\":\"Infiknit Light Tab\"}]},{\"@type\":\"WebSite\",\"@id\":\"https:\/\/www.miomiorun.com\/es\/#website\",\"url\":\"https:\/\/www.miomiorun.com\/es\/\",\"name\":\"MioMioRun\",\"description\":\"Tienda 100% running y trail\",\"publisher\":{\"@id\":\"https:\/\/www.miomiorun.com\/es\/#organization\"},\"potentialAction\":[{\"@type\":\"SearchAction\",\"target\":{\"@type\":\"EntryPoint\",\"urlTemplate\":\"https:\/\/www.miomiorun.com\/es\/?s={search_term_string}\"},\"query-input\":{\"@type\":\"PropertyValueSpecification\",\"valueRequired\":true,\"valueName\":\"search_term_string\"}}],\"inLanguage\":\"es-ES\"},{\"@type\":\"Organization\",\"@id\":\"https:\/\/www.miomiorun.com\/es\/#organization\",\"name\":\"MioMio Run\",\"url\":\"https:\/\/www.miomiorun.com\/es\/\",\"logo\":{\"@type\":\"ImageObject\",\"inLanguage\":\"es-ES\",\"@id\":\"https:\/\/www.miomiorun.com\/es\/#\/schema\/logo\/image\/\",\"url\":\"https:\/\/www.miomiorun.com\/app\/uploads\/2019\/12\/logomio.png\",\"contentUrl\":\"https:\/\/www.miomiorun.com\/app\/uploads\/2019\/12\/logomio.png\",\"width\":115,\"height\":82,\"caption\":\"MioMio Run\"},\"image\":{\"@id\":\"https:\/\/www.miomiorun.com\/es\/#\/schema\/logo\/image\/\"},\"sameAs\":[\"https:\/\/www.facebook.com\/miomiorun\/\",\"https:\/\/www.instagram.com\/miomiorun\/\"]}]}<\/script>\n<!-- \/ Yoast SEO plugin. -->","yoast_head_json":{"title":"Stance Infiknit Light Tab - Calcetines para correr- MioMioRun.com","description":"Los calcetines Stance Light Tab llegan justo por debajo del tobillo; son de grosor ligero, ajustados y ligeros, transpirables y menos voluminosos.","robots":{"index":"index","follow":"follow","max-snippet":"max-snippet:-1","max-image-preview":"max-image-preview:large","max-video-preview":"max-video-preview:-1"},"canonical":"https:\/\/www.miomiorun.com\/es\/producto\/stance-infiknit-light-tab\/","og_locale":"es_ES","og_type":"article","og_title":"Stance Infiknit Light Tab - Calcetines para correr- MioMioRun.com","og_description":"Los calcetines Stance Light Tab llegan justo por debajo del tobillo; son de grosor ligero, ajustados y ligeros, transpirables y menos voluminosos.","og_url":"https:\/\/www.miomiorun.com\/es\/producto\/stance-infiknit-light-tab\/","og_site_name":"MioMioRun","article_publisher":"https:\/\/www.facebook.com\/miomiorun\/","article_modified_time":"2026-05-04T15:43:42+00:00","og_image":[{"width":600,"height":600,"url":"https:\/\/www.miomiorun.com\/app\/uploads\/2021\/10\/stance-run-tab-ST-black.jpg","type":"image\/jpeg"}],"twitter_card":"summary_large_image","twitter_misc":{"Est. reading time":"1 minute"},"schema":{"@context":"https:\/\/schema.org","@graph":[{"@type":"WebPage","@id":"https:\/\/www.miomiorun.com\/es\/producto\/stance-infiknit-light-tab\/","url":"https:\/\/www.miomiorun.com\/es\/producto\/stance-infiknit-light-tab\/","name":"Stance Infiknit Light Tab - Calcetines para correr- MioMioRun.com","isPartOf":{"@id":"https:\/\/www.miomiorun.com\/es\/#website"},"primaryImageOfPage":{"@id":"https:\/\/www.miomiorun.com\/es\/producto\/stance-infiknit-light-tab\/#primaryimage"},"image":{"@id":"https:\/\/www.miomiorun.com\/es\/producto\/stance-infiknit-light-tab\/#primaryimage"},"thumbnailUrl":"https:\/\/www.miomiorun.com\/app\/uploads\/2021\/10\/stance-run-tab-ST-black.jpg","datePublished":"2021-10-14T16:39:49+00:00","dateModified":"2026-05-04T15:43:42+00:00","description":"Los calcetines Stance Light Tab llegan justo por debajo del tobillo; son de grosor ligero, ajustados y ligeros, transpirables y menos voluminosos.","breadcrumb":{"@id":"https:\/\/www.miomiorun.com\/es\/producto\/stance-infiknit-light-tab\/#breadcrumb"},"inLanguage":"es-ES","potentialAction":[{"@type":"ReadAction","target":["https:\/\/www.miomiorun.com\/es\/producto\/stance-infiknit-light-tab\/"]}]},{"@type":"ImageObject","inLanguage":"es-ES","@id":"https:\/\/www.miomiorun.com\/es\/producto\/stance-infiknit-light-tab\/#primaryimage","url":"https:\/\/www.miomiorun.com\/app\/uploads\/2021\/10\/stance-run-tab-ST-black.jpg","contentUrl":"https:\/\/www.miomiorun.com\/app\/uploads\/2021\/10\/stance-run-tab-ST-black.jpg","width":600,"height":600,"caption":"stance run tab st"},{"@type":"BreadcrumbList","@id":"https:\/\/www.miomiorun.com\/es\/producto\/stance-infiknit-light-tab\/#breadcrumb","itemListElement":[{"@type":"ListItem","position":1,"name":"Home","item":"https:\/\/www.miomiorun.com\/es\/"},{"@type":"ListItem","position":2,"name":"Shop","item":"https:\/\/www.miomiorun.com\/shop\/"},{"@type":"ListItem","position":3,"name":"Infiknit Light Tab"}]},{"@type":"WebSite","@id":"https:\/\/www.miomiorun.com\/es\/#website","url":"https:\/\/www.miomiorun.com\/es\/","name":"MioMioRun","description":"Tienda 100% running y trail","publisher":{"@id":"https:\/\/www.miomiorun.com\/es\/#organization"},"potentialAction":[{"@type":"SearchAction","target":{"@type":"EntryPoint","urlTemplate":"https:\/\/www.miomiorun.com\/es\/?s={search_term_string}"},"query-input":{"@type":"PropertyValueSpecification","valueRequired":true,"valueName":"search_term_string"}}],"inLanguage":"es-ES"},{"@type":"Organization","@id":"https:\/\/www.miomiorun.com\/es\/#organization","name":"MioMio Run","url":"https:\/\/www.miomiorun.com\/es\/","logo":{"@type":"ImageObject","inLanguage":"es-ES","@id":"https:\/\/www.miomiorun.com\/es\/#\/schema\/logo\/image\/","url":"https:\/\/www.miomiorun.com\/app\/uploads\/2019\/12\/logomio.png","contentUrl":"https:\/\/www.miomiorun.com\/app\/uploads\/2019\/12\/logomio.png","width":115,"height":82,"caption":"MioMio Run"},"image":{"@id":"https:\/\/www.miomiorun.com\/es\/#\/schema\/logo\/image\/"},"sameAs":["https:\/\/www.facebook.com\/miomiorun\/","https:\/\/www.instagram.com\/miomiorun\/"]}]}},"_links":{"self":[{"href":"https:\/\/www.miomiorun.com\/es\/wp-json\/wp\/v2\/product\/280405","targetHints":{"allow":["GET"]}}],"collection":[{"href":"https:\/\/www.miomiorun.com\/es\/wp-json\/wp\/v2\/product"}],"about":[{"href":"https:\/\/www.miomiorun.com\/es\/wp-json\/wp\/v2\/types\/product"}],"wp:featuredmedia":[{"embeddable":true,"href":"https:\/\/www.miomiorun.com\/es\/wp-json\/wp\/v2\/media\/234140"}],"wp:attachment":[{"href":"https:\/\/www.miomiorun.com\/es\/wp-json\/wp\/v2\/media?parent=280405"}],"wp:term":[{"taxonomy":"product_brand","embeddable":true,"href":"https:\/\/www.miomiorun.com\/es\/wp-json\/wp\/v2\/product_brand?post=280405"},{"taxonomy":"product_cat","embeddable":true,"href":"https:\/\/www.miomiorun.com\/es\/wp-json\/wp\/v2\/product_cat?post=280405"},{"taxonomy":"product_tag","embeddable":true,"href":"https:\/\/www.miomiorun.com\/es\/wp-json\/wp\/v2\/product_tag?post=280405"}],"curies":[{"name":"wp","href":"https:\/\/api.w.org\/{rel}","templated":true}]}}