{"id":280126,"date":"2021-10-19T18:21:14","date_gmt":"2021-10-19T16:21:14","guid":{"rendered":"https:\/\/miomiorun.com\/prodotto\/uyn-run-fit-ow-shirt-long-sleeves-uomo\/"},"modified":"2026-05-04T17:52:24","modified_gmt":"2026-05-04T15:52:24","slug":"uyn-run-fit-ow-shirt-long-sleeves-hombre","status":"publish","type":"product","link":"https:\/\/www.miomiorun.com\/es\/producto\/uyn-run-fit-ow-shirt-long-sleeves-hombre\/","title":{"rendered":"Run Fit Ow Shirt Long Sleeves hombre"},"content":{"rendered":"<div class=\"tab-custom-inner-max content-wysiwyg\">\n<div class=\"product-line\">\n<p>El maillot de manga larga UYN <strong>RUN FIT<\/strong> para hombre es m\u00e1s que una simple capa: \u00a1es una capa y media! Gracias a su estructura especial, puedes llevarlo solo y disfrutar del nivel adecuado de calor en las estaciones de entretiempo. El sistema COOLVENT bajo las axilas y las zonas de mayor transpirabilidad en la espalda permiten que la humedad se elimine y favorecen un clima corporal \u00f3ptimo. Hemos creado un jersey con un corte Comfort Fit, pero optimizado para adaptarse a la forma de tu cuerpo. Y todo ello con una sola costura, para no limitar la elasticidad del tejido y evitar rozaduras en la piel. Lo hemos conseguido gracias a nuestra tecnolog\u00eda tridimensional HALOFLEX, que hace que la prenda se ajuste perfectamente y le confiere un estilo \u00fanico.<\/p>\n<p><strong>Caracter\u00edsticas:<\/strong><\/p>\n<ul>\n<li class=\"mb-2\">Fabricado con hilo NATEX 100 % de origen biol\u00f3gico: un 25 % m\u00e1s ligero y un 50 % m\u00e1s r\u00e1pido de secar que el nailon tradicional. NATEX es muy el\u00e1stico y tiene un efecto bacteriost\u00e1tico que reduce la formaci\u00f3n de olores.<\/li>\n<li class=\"mb-2\">Tejido con tecnolog\u00eda tridimensional HALOFLEX para un ajuste perfecto.<\/li>\n<li class=\"mb-2\">El sistema COOLVENT en las axilas favorece.<\/li>\n<li class=\"mb-2\">M\u00e1s zonas transpirables en la espalda para eliminar el exceso de sudor.<\/li>\n<\/ul>\n<h3>Tecnolog\u00edas:<\/h3>\n<div class=\"py-2\">\n<h4 class=\"uppercase my-1 text-black\">Semirr\u00edgido<\/h4>\n<div>Calienta durante los periodos de descanso: las c\u00e1maras de aire aislantes de la tecnolog\u00eda Haloflex Knit protegen el cuerpo del enfriamiento. Esto es especialmente importante cuando los m\u00fasculos se enfr\u00edan tras la actividad. Tu cuerpo se mantiene siempre caliente y eficiente. Refresca durante la actividad: Haloflex Knit se basa en la estructura abierta del tejido: la superficie interior canalizada permite crear un flujo de aire constante. Absorbe r\u00e1pidamente el sudor, refresca durante la actividad y mantiene la piel agradablemente seca.<\/div>\n<\/div>\n<div class=\"py-2\">\n<h4 class=\"uppercase my-1 text-black\">HIPERMOCI\u00d3N<\/h4>\n<div>Un tejido, una costura, sin l\u00edmites. La zona de los hombros est\u00e1 confeccionada a partir de una sola pieza de tejido, sin costuras verticales. Mayor libertad de movimiento, mayor soporte para la musculatura y la postura corporal.<\/div>\n<\/div>\n<div class=\"py-2\">\n<h4 class=\"uppercase my-1 text-black\">COOLTUNE<\/h4>\n<div>Una muestra de su capacidad de refrigeraci\u00f3n: la estructura de punto 3D del tejido nos ha permitido crear zonas de alta transpirabilidad para potenciar la ventilaci\u00f3n.<\/div>\n<\/div>\n<div class=\"py-2\">\n<h4 class=\"uppercase my-1 text-black\">NATEX<\/h4>\n<div>Con el hilo especial NATEX, UYN pone la naturaleza al servicio de tu bienestar. NATEX es especialmente ligero y reduce el peso de la prenda en un 25 %. Las prendas confeccionadas con NATEX se secan hasta un 50 % m\u00e1s r\u00e1pido que las prendas de nailon del mismo tipo. La fibra 100 % org\u00e1nica natural es m\u00e1s el\u00e1stica y su efecto bacteriost\u00e1tico minimiza los olores.<\/div>\n<\/div>\n<\/div>\n<\/div>\n","protected":false},"excerpt":{"rendered":"<p>El maillot de manga larga UYN RUN FIT para hombre es m\u00e1s que una simple capa: \u00a1es una capa y media! Gracias a su estructura especial, puedes llevarlo solo y disfrutar del nivel adecuado de calor en las estaciones de entretiempo. El sistema COOLVENT bajo las axilas y las zonas de mayor transpirabilidad en la &hellip; <a href=\"https:\/\/www.miomiorun.com\/es\/producto\/uyn-run-fit-ow-shirt-long-sleeves-hombre\/\">Continued<\/a><\/p>\n","protected":false},"featured_media":234152,"template":"","meta":{"_acf_changed":false,"inline_featured_image":false},"product_brand":[],"product_cat":[24458,24463,24464],"product_tag":[23525,23572],"class_list":{"0":"post-280126","1":"product","2":"type-product","3":"status-publish","4":"has-post-thumbnail","6":"product_cat-camisetas-es-2","7":"product_cat-ropa-de-hombre-es","8":"product_cat-hombre","9":"product_tag-uyn-es","10":"product_tag-uyn-hombre","11":"pa_attivita-caminar","12":"pa_attivita-outdoor-es","13":"pa_attivita-running-es","14":"pa_attivita-trail-es","15":"pa_marca-uyn-es","16":"pa_sesso-hombre","17":"pa_size-small-es","18":"pa_size-medium-es","19":"pa_size-large-es","21":"first","22":"instock","23":"sale","24":"taxable","25":"shipping-taxable","26":"purchasable","27":"product-type-variable","28":"wvs-archive-product-wrapper"},"acf":[],"yoast_head":"<!-- This site is optimized with the Yoast SEO plugin v26.8 - https:\/\/yoast.com\/product\/yoast-seo-wordpress\/ -->\n<title>Uyn Run Fit Ow Shirt Long Sleeves hombre - Camiseta t\u00e9rmica - MioMioRun<\/title>\n<meta name=\"description\" content=\"La camiseta de manga larga UYN RUN FIT para hombre cuenta con una estructura especial que proporciona el nivel adecuado de calor en las estaciones de entretiempo.\" \/>\n<meta name=\"robots\" content=\"index, follow, max-snippet:-1, max-image-preview:large, max-video-preview:-1\" \/>\n<link rel=\"canonical\" href=\"https:\/\/www.miomiorun.com\/es\/producto\/uyn-run-fit-ow-shirt-long-sleeves-hombre\/\" \/>\n<meta property=\"og:locale\" content=\"es_ES\" \/>\n<meta property=\"og:type\" content=\"article\" \/>\n<meta property=\"og:title\" content=\"Uyn Run Fit Ow Shirt Long Sleeves hombre - Camiseta t\u00e9rmica - MioMioRun\" \/>\n<meta property=\"og:description\" content=\"La camiseta de manga larga UYN RUN FIT para hombre cuenta con una estructura especial que proporciona el nivel adecuado de calor en las estaciones de entretiempo.\" \/>\n<meta property=\"og:url\" content=\"https:\/\/www.miomiorun.com\/es\/producto\/uyn-run-fit-ow-shirt-long-sleeves-hombre\/\" \/>\n<meta property=\"og:site_name\" content=\"MioMioRun\" \/>\n<meta property=\"article:publisher\" content=\"https:\/\/www.facebook.com\/miomiorun\/\" \/>\n<meta property=\"article:modified_time\" content=\"2026-05-04T15:52:24+00:00\" \/>\n<meta property=\"og:image\" content=\"https:\/\/www.miomiorun.com\/app\/uploads\/2021\/10\/uyn-man-run-fit-ow-shirt-long-sl-O102093-93B464.jpg\" \/>\n\t<meta property=\"og:image:width\" content=\"600\" \/>\n\t<meta property=\"og:image:height\" content=\"600\" \/>\n\t<meta property=\"og:image:type\" content=\"image\/jpeg\" \/>\n<meta name=\"twitter:card\" content=\"summary_large_image\" \/>\n<meta name=\"twitter:label1\" content=\"Est. reading time\" \/>\n\t<meta name=\"twitter:data1\" content=\"2 minutes\" \/>\n<script type=\"application\/ld+json\" class=\"yoast-schema-graph\">{\"@context\":\"https:\/\/schema.org\",\"@graph\":[{\"@type\":\"WebPage\",\"@id\":\"https:\/\/www.miomiorun.com\/es\/producto\/uyn-run-fit-ow-shirt-long-sleeves-hombre\/\",\"url\":\"https:\/\/www.miomiorun.com\/es\/producto\/uyn-run-fit-ow-shirt-long-sleeves-hombre\/\",\"name\":\"Uyn Run Fit Ow Shirt Long Sleeves hombre - Camiseta t\u00e9rmica - MioMioRun\",\"isPartOf\":{\"@id\":\"https:\/\/www.miomiorun.com\/es\/#website\"},\"primaryImageOfPage\":{\"@id\":\"https:\/\/www.miomiorun.com\/es\/producto\/uyn-run-fit-ow-shirt-long-sleeves-hombre\/#primaryimage\"},\"image\":{\"@id\":\"https:\/\/www.miomiorun.com\/es\/producto\/uyn-run-fit-ow-shirt-long-sleeves-hombre\/#primaryimage\"},\"thumbnailUrl\":\"https:\/\/www.miomiorun.com\/app\/uploads\/2021\/10\/uyn-man-run-fit-ow-shirt-long-sl-O102093-93B464.jpg\",\"datePublished\":\"2021-10-19T16:21:14+00:00\",\"dateModified\":\"2026-05-04T15:52:24+00:00\",\"description\":\"La camiseta de manga larga UYN RUN FIT para hombre cuenta con una estructura especial que proporciona el nivel adecuado de calor en las estaciones de entretiempo.\",\"breadcrumb\":{\"@id\":\"https:\/\/www.miomiorun.com\/es\/producto\/uyn-run-fit-ow-shirt-long-sleeves-hombre\/#breadcrumb\"},\"inLanguage\":\"es-ES\",\"potentialAction\":[{\"@type\":\"ReadAction\",\"target\":[\"https:\/\/www.miomiorun.com\/es\/producto\/uyn-run-fit-ow-shirt-long-sleeves-hombre\/\"]}]},{\"@type\":\"ImageObject\",\"inLanguage\":\"es-ES\",\"@id\":\"https:\/\/www.miomiorun.com\/es\/producto\/uyn-run-fit-ow-shirt-long-sleeves-hombre\/#primaryimage\",\"url\":\"https:\/\/www.miomiorun.com\/app\/uploads\/2021\/10\/uyn-man-run-fit-ow-shirt-long-sl-O102093-93B464.jpg\",\"contentUrl\":\"https:\/\/www.miomiorun.com\/app\/uploads\/2021\/10\/uyn-man-run-fit-ow-shirt-long-sl-O102093-93B464.jpg\",\"width\":600,\"height\":600,\"caption\":\"uyn run fit ow shirt long sleeves\"},{\"@type\":\"BreadcrumbList\",\"@id\":\"https:\/\/www.miomiorun.com\/es\/producto\/uyn-run-fit-ow-shirt-long-sleeves-hombre\/#breadcrumb\",\"itemListElement\":[{\"@type\":\"ListItem\",\"position\":1,\"name\":\"Home\",\"item\":\"https:\/\/www.miomiorun.com\/es\/\"},{\"@type\":\"ListItem\",\"position\":2,\"name\":\"Shop\",\"item\":\"https:\/\/www.miomiorun.com\/shop\/\"},{\"@type\":\"ListItem\",\"position\":3,\"name\":\"Run Fit Ow Shirt Long Sleeves hombre\"}]},{\"@type\":\"WebSite\",\"@id\":\"https:\/\/www.miomiorun.com\/es\/#website\",\"url\":\"https:\/\/www.miomiorun.com\/es\/\",\"name\":\"MioMioRun\",\"description\":\"Tienda 100% running y trail\",\"publisher\":{\"@id\":\"https:\/\/www.miomiorun.com\/es\/#organization\"},\"potentialAction\":[{\"@type\":\"SearchAction\",\"target\":{\"@type\":\"EntryPoint\",\"urlTemplate\":\"https:\/\/www.miomiorun.com\/es\/?s={search_term_string}\"},\"query-input\":{\"@type\":\"PropertyValueSpecification\",\"valueRequired\":true,\"valueName\":\"search_term_string\"}}],\"inLanguage\":\"es-ES\"},{\"@type\":\"Organization\",\"@id\":\"https:\/\/www.miomiorun.com\/es\/#organization\",\"name\":\"MioMio Run\",\"url\":\"https:\/\/www.miomiorun.com\/es\/\",\"logo\":{\"@type\":\"ImageObject\",\"inLanguage\":\"es-ES\",\"@id\":\"https:\/\/www.miomiorun.com\/es\/#\/schema\/logo\/image\/\",\"url\":\"https:\/\/www.miomiorun.com\/app\/uploads\/2019\/12\/logomio.png\",\"contentUrl\":\"https:\/\/www.miomiorun.com\/app\/uploads\/2019\/12\/logomio.png\",\"width\":115,\"height\":82,\"caption\":\"MioMio Run\"},\"image\":{\"@id\":\"https:\/\/www.miomiorun.com\/es\/#\/schema\/logo\/image\/\"},\"sameAs\":[\"https:\/\/www.facebook.com\/miomiorun\/\",\"https:\/\/www.instagram.com\/miomiorun\/\"]}]}<\/script>\n<!-- \/ Yoast SEO plugin. -->","yoast_head_json":{"title":"Uyn Run Fit Ow Shirt Long Sleeves hombre - Camiseta t\u00e9rmica - MioMioRun","description":"La camiseta de manga larga UYN RUN FIT para hombre cuenta con una estructura especial que proporciona el nivel adecuado de calor en las estaciones de entretiempo.","robots":{"index":"index","follow":"follow","max-snippet":"max-snippet:-1","max-image-preview":"max-image-preview:large","max-video-preview":"max-video-preview:-1"},"canonical":"https:\/\/www.miomiorun.com\/es\/producto\/uyn-run-fit-ow-shirt-long-sleeves-hombre\/","og_locale":"es_ES","og_type":"article","og_title":"Uyn Run Fit Ow Shirt Long Sleeves hombre - Camiseta t\u00e9rmica - MioMioRun","og_description":"La camiseta de manga larga UYN RUN FIT para hombre cuenta con una estructura especial que proporciona el nivel adecuado de calor en las estaciones de entretiempo.","og_url":"https:\/\/www.miomiorun.com\/es\/producto\/uyn-run-fit-ow-shirt-long-sleeves-hombre\/","og_site_name":"MioMioRun","article_publisher":"https:\/\/www.facebook.com\/miomiorun\/","article_modified_time":"2026-05-04T15:52:24+00:00","og_image":[{"width":600,"height":600,"url":"https:\/\/www.miomiorun.com\/app\/uploads\/2021\/10\/uyn-man-run-fit-ow-shirt-long-sl-O102093-93B464.jpg","type":"image\/jpeg"}],"twitter_card":"summary_large_image","twitter_misc":{"Est. reading time":"2 minutes"},"schema":{"@context":"https:\/\/schema.org","@graph":[{"@type":"WebPage","@id":"https:\/\/www.miomiorun.com\/es\/producto\/uyn-run-fit-ow-shirt-long-sleeves-hombre\/","url":"https:\/\/www.miomiorun.com\/es\/producto\/uyn-run-fit-ow-shirt-long-sleeves-hombre\/","name":"Uyn Run Fit Ow Shirt Long Sleeves hombre - Camiseta t\u00e9rmica - MioMioRun","isPartOf":{"@id":"https:\/\/www.miomiorun.com\/es\/#website"},"primaryImageOfPage":{"@id":"https:\/\/www.miomiorun.com\/es\/producto\/uyn-run-fit-ow-shirt-long-sleeves-hombre\/#primaryimage"},"image":{"@id":"https:\/\/www.miomiorun.com\/es\/producto\/uyn-run-fit-ow-shirt-long-sleeves-hombre\/#primaryimage"},"thumbnailUrl":"https:\/\/www.miomiorun.com\/app\/uploads\/2021\/10\/uyn-man-run-fit-ow-shirt-long-sl-O102093-93B464.jpg","datePublished":"2021-10-19T16:21:14+00:00","dateModified":"2026-05-04T15:52:24+00:00","description":"La camiseta de manga larga UYN RUN FIT para hombre cuenta con una estructura especial que proporciona el nivel adecuado de calor en las estaciones de entretiempo.","breadcrumb":{"@id":"https:\/\/www.miomiorun.com\/es\/producto\/uyn-run-fit-ow-shirt-long-sleeves-hombre\/#breadcrumb"},"inLanguage":"es-ES","potentialAction":[{"@type":"ReadAction","target":["https:\/\/www.miomiorun.com\/es\/producto\/uyn-run-fit-ow-shirt-long-sleeves-hombre\/"]}]},{"@type":"ImageObject","inLanguage":"es-ES","@id":"https:\/\/www.miomiorun.com\/es\/producto\/uyn-run-fit-ow-shirt-long-sleeves-hombre\/#primaryimage","url":"https:\/\/www.miomiorun.com\/app\/uploads\/2021\/10\/uyn-man-run-fit-ow-shirt-long-sl-O102093-93B464.jpg","contentUrl":"https:\/\/www.miomiorun.com\/app\/uploads\/2021\/10\/uyn-man-run-fit-ow-shirt-long-sl-O102093-93B464.jpg","width":600,"height":600,"caption":"uyn run fit ow shirt long sleeves"},{"@type":"BreadcrumbList","@id":"https:\/\/www.miomiorun.com\/es\/producto\/uyn-run-fit-ow-shirt-long-sleeves-hombre\/#breadcrumb","itemListElement":[{"@type":"ListItem","position":1,"name":"Home","item":"https:\/\/www.miomiorun.com\/es\/"},{"@type":"ListItem","position":2,"name":"Shop","item":"https:\/\/www.miomiorun.com\/shop\/"},{"@type":"ListItem","position":3,"name":"Run Fit Ow Shirt Long Sleeves hombre"}]},{"@type":"WebSite","@id":"https:\/\/www.miomiorun.com\/es\/#website","url":"https:\/\/www.miomiorun.com\/es\/","name":"MioMioRun","description":"Tienda 100% running y trail","publisher":{"@id":"https:\/\/www.miomiorun.com\/es\/#organization"},"potentialAction":[{"@type":"SearchAction","target":{"@type":"EntryPoint","urlTemplate":"https:\/\/www.miomiorun.com\/es\/?s={search_term_string}"},"query-input":{"@type":"PropertyValueSpecification","valueRequired":true,"valueName":"search_term_string"}}],"inLanguage":"es-ES"},{"@type":"Organization","@id":"https:\/\/www.miomiorun.com\/es\/#organization","name":"MioMio Run","url":"https:\/\/www.miomiorun.com\/es\/","logo":{"@type":"ImageObject","inLanguage":"es-ES","@id":"https:\/\/www.miomiorun.com\/es\/#\/schema\/logo\/image\/","url":"https:\/\/www.miomiorun.com\/app\/uploads\/2019\/12\/logomio.png","contentUrl":"https:\/\/www.miomiorun.com\/app\/uploads\/2019\/12\/logomio.png","width":115,"height":82,"caption":"MioMio Run"},"image":{"@id":"https:\/\/www.miomiorun.com\/es\/#\/schema\/logo\/image\/"},"sameAs":["https:\/\/www.facebook.com\/miomiorun\/","https:\/\/www.instagram.com\/miomiorun\/"]}]}},"_links":{"self":[{"href":"https:\/\/www.miomiorun.com\/es\/wp-json\/wp\/v2\/product\/280126","targetHints":{"allow":["GET"]}}],"collection":[{"href":"https:\/\/www.miomiorun.com\/es\/wp-json\/wp\/v2\/product"}],"about":[{"href":"https:\/\/www.miomiorun.com\/es\/wp-json\/wp\/v2\/types\/product"}],"wp:featuredmedia":[{"embeddable":true,"href":"https:\/\/www.miomiorun.com\/es\/wp-json\/wp\/v2\/media\/234152"}],"wp:attachment":[{"href":"https:\/\/www.miomiorun.com\/es\/wp-json\/wp\/v2\/media?parent=280126"}],"wp:term":[{"taxonomy":"product_brand","embeddable":true,"href":"https:\/\/www.miomiorun.com\/es\/wp-json\/wp\/v2\/product_brand?post=280126"},{"taxonomy":"product_cat","embeddable":true,"href":"https:\/\/www.miomiorun.com\/es\/wp-json\/wp\/v2\/product_cat?post=280126"},{"taxonomy":"product_tag","embeddable":true,"href":"https:\/\/www.miomiorun.com\/es\/wp-json\/wp\/v2\/product_tag?post=280126"}],"curies":[{"name":"wp","href":"https:\/\/api.w.org\/{rel}","templated":true}]}}