{"id":280097,"date":"2021-10-20T10:22:49","date_gmt":"2021-10-20T08:22:49","guid":{"rendered":"https:\/\/miomiorun.com\/prodotto\/uyn-evolutyon-underwear-shirt-longsleeve-donna\/"},"modified":"2026-05-04T17:55:33","modified_gmt":"2026-05-04T15:55:33","slug":"uyn-evolutyon-underwear-shirt-longsleeve-mujer","status":"publish","type":"product","link":"https:\/\/www.miomiorun.com\/es\/producto\/uyn-evolutyon-underwear-shirt-longsleeve-mujer\/","title":{"rendered":"Evolutyon Underwear Shirt LongSleeve mujer"},"content":{"rendered":"<p>Transpirable, ergon\u00f3mica y c\u00f3moda: estas son las caracter\u00edsticas de la camiseta interior UYN\u00ae <strong>EVOLUTYON UNDERWEAR SHIRT LONGSLEEVE MELANGE<\/strong> para mujer, confeccionada en Natex, una fibra de nailon 100 % biol\u00f3gica que permite una termorregulaci\u00f3n ideal. Gracias a la canalizaci\u00f3n de la superficie interior, Coolvent permite una circulaci\u00f3n constante del aire. De este modo, la camiseta interior absorbe el sudor y refresca durante el movimiento. Con su estructura innovadora, confeccionada en una sola pieza y, por lo tanto, sin costuras en la zona de los brazos y los hombros, Hypermotion garantiza adem\u00e1s la m\u00e1xima libertad de movimiento y favorece una postura correcta. La camiseta interior de manga larga es ideal para sesiones intensas y exigentes, especialmente en oto\u00f1o y en los d\u00edas m\u00e1s c\u00e1lidos del invierno. Con su aspecto jaspeado, tambi\u00e9n convence plenamente en cuanto a estilo.<\/p>\n<h3>Tecnolog\u00edas:<\/h3>\n<div class=\"tab-custom-inner-max content-wysiwyg\">\n<div class=\"product-line\">\n<div class=\"py-2\">\n<h4 class=\"uppercase my-1 text-black\">HYPERMOTION<\/h4>\n<div>Un tejido, una costura, sin l\u00edmites. La zona de los hombros est\u00e1 confeccionada a partir de una sola pieza de tejido, sin costuras verticales. Mayor libertad de movimiento y mejor soporte para la musculatura y la postura corporal.<\/div>\n<\/div>\n<div class=\"py-2\">\n<h4 class=\"uppercase my-1 text-black\">HEATMEMORY<\/h4>\n<div>Combinar potencia y comodidad no es precisamente una tarea f\u00e1cil, pero se puede lograr. Gracias a las capas aislantes HEATMEMORY, tu cuerpo estar\u00e1 siempre protegido del fr\u00edo.<\/div>\n<\/div>\n<div class=\"py-2\">\n<h4 class=\"uppercase my-1 text-black\">COOLVENT<\/h4>\n<div>La superficie interior acanalada genera un flujo de aire constante. Absorbe r\u00e1pidamente el sudor, refresca el cuerpo durante la actividad y mantiene la piel seca.<\/div>\n<\/div>\n<div class=\"py-2\">\n<h4 class=\"uppercase my-1 text-black\">DRYLIGHT<\/h4>\n<div>Evacua el sudor hacia el exterior gracias a una tecnolog\u00eda de tejido de punto m\u00e1s ligero y extremadamente absorbente.<\/div>\n<\/div>\n<div class=\"py-2\">\n<h4 class=\"uppercase my-1 text-black\">FEELINES<\/h4>\n<div>Las l\u00edneas de contorno din\u00e1micas conectan a la perfecci\u00f3n las distintas zonas funcionales y garantizan un mayor confort y una mayor libertad de movimiento.<\/div>\n<\/div>\n<div class=\"py-2\">\n<h4 class=\"uppercase my-1 text-black\">NATEX<\/h4>\n<div>Con el hilo especial NATEX, UYN pone la naturaleza al servicio de tu bienestar. NATEX es especialmente ligero y reduce el peso de la prenda en un 25 %. Las prendas confeccionadas con NATEX se secan hasta un 50 % m\u00e1s r\u00e1pido que las prendas de nailon del mismo tipo. La fibra 100 % org\u00e1nica natural es m\u00e1s el\u00e1stica y su efecto bacteriost\u00e1tico minimiza los olores.<\/div>\n<\/div>\n<\/div>\n<\/div>\n","protected":false},"excerpt":{"rendered":"<p>Transpirable, ergon\u00f3mica y c\u00f3moda: estas son las caracter\u00edsticas de la camiseta interior UYN\u00ae EVOLUTYON UNDERWEAR SHIRT LONGSLEEVE MELANGE para mujer, confeccionada en Natex, una fibra de nailon 100 % biol\u00f3gica que permite una termorregulaci\u00f3n ideal. Gracias a la canalizaci\u00f3n de la superficie interior, Coolvent permite una circulaci\u00f3n constante del aire. De este modo, la camiseta &hellip; <a href=\"https:\/\/www.miomiorun.com\/es\/producto\/uyn-evolutyon-underwear-shirt-longsleeve-mujer\/\">Continued<\/a><\/p>\n","protected":false},"featured_media":234354,"template":"","meta":{"_acf_changed":false,"inline_featured_image":false},"product_brand":[],"product_cat":[24401,24397],"product_tag":[23525,23621],"class_list":{"0":"post-280097","1":"product","2":"type-product","3":"status-publish","4":"has-post-thumbnail","6":"product_cat-ropa-de-mujer","7":"product_cat-ropa-interior","8":"product_tag-uyn-es","9":"product_tag-uyn-mujer","10":"pa_attivita-caminar","11":"pa_attivita-outdoor-es","12":"pa_attivita-running-es","13":"pa_attivita-trail-es","14":"pa_colore-evolution-uw-shirt-lg_sl-melange-w-anthr-es","15":"pa_colore-evolution-uw-shirt-lg_sl-w-blackboard-an-es","16":"pa_marca-uyn-es","17":"pa_sesso-mujer","18":"pa_size-extra-small-es","19":"pa_size-l-xl-es","21":"first","22":"instock","23":"sale","24":"taxable","25":"shipping-taxable","26":"purchasable","27":"product-type-variable","28":"wvs-archive-product-wrapper"},"acf":[],"yoast_head":"<!-- This site is optimized with the Yoast SEO plugin v26.8 - https:\/\/yoast.com\/product\/yoast-seo-wordpress\/ -->\n<title>Uyn Evolutyon Underwear Shirt LongSleeve mujer - Camiseta t\u00e9rmica -<\/title>\n<meta name=\"description\" content=\"Transpirable, ergon\u00f3mica y c\u00f3moda: estas son las caracter\u00edsticas de la camiseta interior UYN EVOLUTYON UNDERWEAR SHIRT LONGSLEEVE MELANGE para mujer, confeccionada en Natex\" \/>\n<meta name=\"robots\" content=\"index, follow, max-snippet:-1, max-image-preview:large, max-video-preview:-1\" \/>\n<link rel=\"canonical\" href=\"https:\/\/www.miomiorun.com\/es\/producto\/uyn-evolutyon-underwear-shirt-longsleeve-mujer\/\" \/>\n<meta property=\"og:locale\" content=\"es_ES\" \/>\n<meta property=\"og:type\" content=\"article\" \/>\n<meta property=\"og:title\" content=\"Uyn Evolutyon Underwear Shirt LongSleeve mujer - Camiseta t\u00e9rmica -\" \/>\n<meta property=\"og:description\" content=\"Transpirable, ergon\u00f3mica y c\u00f3moda: estas son las caracter\u00edsticas de la camiseta interior UYN EVOLUTYON UNDERWEAR SHIRT LONGSLEEVE MELANGE para mujer, confeccionada en Natex\" \/>\n<meta property=\"og:url\" content=\"https:\/\/www.miomiorun.com\/es\/producto\/uyn-evolutyon-underwear-shirt-longsleeve-mujer\/\" \/>\n<meta property=\"og:site_name\" content=\"MioMioRun\" \/>\n<meta property=\"article:publisher\" content=\"https:\/\/www.facebook.com\/miomiorun\/\" \/>\n<meta property=\"article:modified_time\" content=\"2026-05-04T15:55:33+00:00\" \/>\n<meta property=\"og:image\" content=\"https:\/\/www.miomiorun.com\/app\/uploads\/2021\/11\/uyn-evolution-uw-shirt-lg_sl-melange-U100019-93G980.jpg\" \/>\n\t<meta property=\"og:image:width\" content=\"600\" \/>\n\t<meta property=\"og:image:height\" content=\"600\" \/>\n\t<meta property=\"og:image:type\" content=\"image\/jpeg\" \/>\n<meta name=\"twitter:card\" content=\"summary_large_image\" \/>\n<meta name=\"twitter:label1\" content=\"Est. reading time\" \/>\n\t<meta name=\"twitter:data1\" content=\"2 minutes\" \/>\n<script type=\"application\/ld+json\" class=\"yoast-schema-graph\">{\"@context\":\"https:\/\/schema.org\",\"@graph\":[{\"@type\":\"WebPage\",\"@id\":\"https:\/\/www.miomiorun.com\/es\/producto\/uyn-evolutyon-underwear-shirt-longsleeve-mujer\/\",\"url\":\"https:\/\/www.miomiorun.com\/es\/producto\/uyn-evolutyon-underwear-shirt-longsleeve-mujer\/\",\"name\":\"Uyn Evolutyon Underwear Shirt LongSleeve mujer - Camiseta t\u00e9rmica -\",\"isPartOf\":{\"@id\":\"https:\/\/www.miomiorun.com\/es\/#website\"},\"primaryImageOfPage\":{\"@id\":\"https:\/\/www.miomiorun.com\/es\/producto\/uyn-evolutyon-underwear-shirt-longsleeve-mujer\/#primaryimage\"},\"image\":{\"@id\":\"https:\/\/www.miomiorun.com\/es\/producto\/uyn-evolutyon-underwear-shirt-longsleeve-mujer\/#primaryimage\"},\"thumbnailUrl\":\"https:\/\/www.miomiorun.com\/app\/uploads\/2021\/11\/uyn-evolution-uw-shirt-lg_sl-melange-U100019-93G980.jpg\",\"datePublished\":\"2021-10-20T08:22:49+00:00\",\"dateModified\":\"2026-05-04T15:55:33+00:00\",\"description\":\"Transpirable, ergon\u00f3mica y c\u00f3moda: estas son las caracter\u00edsticas de la camiseta interior UYN EVOLUTYON UNDERWEAR SHIRT LONGSLEEVE MELANGE para mujer, confeccionada en Natex\",\"breadcrumb\":{\"@id\":\"https:\/\/www.miomiorun.com\/es\/producto\/uyn-evolutyon-underwear-shirt-longsleeve-mujer\/#breadcrumb\"},\"inLanguage\":\"es-ES\",\"potentialAction\":[{\"@type\":\"ReadAction\",\"target\":[\"https:\/\/www.miomiorun.com\/es\/producto\/uyn-evolutyon-underwear-shirt-longsleeve-mujer\/\"]}]},{\"@type\":\"ImageObject\",\"inLanguage\":\"es-ES\",\"@id\":\"https:\/\/www.miomiorun.com\/es\/producto\/uyn-evolutyon-underwear-shirt-longsleeve-mujer\/#primaryimage\",\"url\":\"https:\/\/www.miomiorun.com\/app\/uploads\/2021\/11\/uyn-evolution-uw-shirt-lg_sl-melange-U100019-93G980.jpg\",\"contentUrl\":\"https:\/\/www.miomiorun.com\/app\/uploads\/2021\/11\/uyn-evolution-uw-shirt-lg_sl-melange-U100019-93G980.jpg\",\"width\":600,\"height\":600,\"caption\":\"uyn evolution uw shirt lg-sl\"},{\"@type\":\"BreadcrumbList\",\"@id\":\"https:\/\/www.miomiorun.com\/es\/producto\/uyn-evolutyon-underwear-shirt-longsleeve-mujer\/#breadcrumb\",\"itemListElement\":[{\"@type\":\"ListItem\",\"position\":1,\"name\":\"Home\",\"item\":\"https:\/\/www.miomiorun.com\/es\/\"},{\"@type\":\"ListItem\",\"position\":2,\"name\":\"Shop\",\"item\":\"https:\/\/www.miomiorun.com\/shop\/\"},{\"@type\":\"ListItem\",\"position\":3,\"name\":\"Evolutyon Underwear Shirt LongSleeve mujer\"}]},{\"@type\":\"WebSite\",\"@id\":\"https:\/\/www.miomiorun.com\/es\/#website\",\"url\":\"https:\/\/www.miomiorun.com\/es\/\",\"name\":\"MioMioRun\",\"description\":\"Tienda 100% running y trail\",\"publisher\":{\"@id\":\"https:\/\/www.miomiorun.com\/es\/#organization\"},\"potentialAction\":[{\"@type\":\"SearchAction\",\"target\":{\"@type\":\"EntryPoint\",\"urlTemplate\":\"https:\/\/www.miomiorun.com\/es\/?s={search_term_string}\"},\"query-input\":{\"@type\":\"PropertyValueSpecification\",\"valueRequired\":true,\"valueName\":\"search_term_string\"}}],\"inLanguage\":\"es-ES\"},{\"@type\":\"Organization\",\"@id\":\"https:\/\/www.miomiorun.com\/es\/#organization\",\"name\":\"MioMio Run\",\"url\":\"https:\/\/www.miomiorun.com\/es\/\",\"logo\":{\"@type\":\"ImageObject\",\"inLanguage\":\"es-ES\",\"@id\":\"https:\/\/www.miomiorun.com\/es\/#\/schema\/logo\/image\/\",\"url\":\"https:\/\/www.miomiorun.com\/app\/uploads\/2019\/12\/logomio.png\",\"contentUrl\":\"https:\/\/www.miomiorun.com\/app\/uploads\/2019\/12\/logomio.png\",\"width\":115,\"height\":82,\"caption\":\"MioMio Run\"},\"image\":{\"@id\":\"https:\/\/www.miomiorun.com\/es\/#\/schema\/logo\/image\/\"},\"sameAs\":[\"https:\/\/www.facebook.com\/miomiorun\/\",\"https:\/\/www.instagram.com\/miomiorun\/\"]}]}<\/script>\n<!-- \/ Yoast SEO plugin. -->","yoast_head_json":{"title":"Uyn Evolutyon Underwear Shirt LongSleeve mujer - Camiseta t\u00e9rmica -","description":"Transpirable, ergon\u00f3mica y c\u00f3moda: estas son las caracter\u00edsticas de la camiseta interior UYN EVOLUTYON UNDERWEAR SHIRT LONGSLEEVE MELANGE para mujer, confeccionada en Natex","robots":{"index":"index","follow":"follow","max-snippet":"max-snippet:-1","max-image-preview":"max-image-preview:large","max-video-preview":"max-video-preview:-1"},"canonical":"https:\/\/www.miomiorun.com\/es\/producto\/uyn-evolutyon-underwear-shirt-longsleeve-mujer\/","og_locale":"es_ES","og_type":"article","og_title":"Uyn Evolutyon Underwear Shirt LongSleeve mujer - Camiseta t\u00e9rmica -","og_description":"Transpirable, ergon\u00f3mica y c\u00f3moda: estas son las caracter\u00edsticas de la camiseta interior UYN EVOLUTYON UNDERWEAR SHIRT LONGSLEEVE MELANGE para mujer, confeccionada en Natex","og_url":"https:\/\/www.miomiorun.com\/es\/producto\/uyn-evolutyon-underwear-shirt-longsleeve-mujer\/","og_site_name":"MioMioRun","article_publisher":"https:\/\/www.facebook.com\/miomiorun\/","article_modified_time":"2026-05-04T15:55:33+00:00","og_image":[{"width":600,"height":600,"url":"https:\/\/www.miomiorun.com\/app\/uploads\/2021\/11\/uyn-evolution-uw-shirt-lg_sl-melange-U100019-93G980.jpg","type":"image\/jpeg"}],"twitter_card":"summary_large_image","twitter_misc":{"Est. reading time":"2 minutes"},"schema":{"@context":"https:\/\/schema.org","@graph":[{"@type":"WebPage","@id":"https:\/\/www.miomiorun.com\/es\/producto\/uyn-evolutyon-underwear-shirt-longsleeve-mujer\/","url":"https:\/\/www.miomiorun.com\/es\/producto\/uyn-evolutyon-underwear-shirt-longsleeve-mujer\/","name":"Uyn Evolutyon Underwear Shirt LongSleeve mujer - Camiseta t\u00e9rmica -","isPartOf":{"@id":"https:\/\/www.miomiorun.com\/es\/#website"},"primaryImageOfPage":{"@id":"https:\/\/www.miomiorun.com\/es\/producto\/uyn-evolutyon-underwear-shirt-longsleeve-mujer\/#primaryimage"},"image":{"@id":"https:\/\/www.miomiorun.com\/es\/producto\/uyn-evolutyon-underwear-shirt-longsleeve-mujer\/#primaryimage"},"thumbnailUrl":"https:\/\/www.miomiorun.com\/app\/uploads\/2021\/11\/uyn-evolution-uw-shirt-lg_sl-melange-U100019-93G980.jpg","datePublished":"2021-10-20T08:22:49+00:00","dateModified":"2026-05-04T15:55:33+00:00","description":"Transpirable, ergon\u00f3mica y c\u00f3moda: estas son las caracter\u00edsticas de la camiseta interior UYN EVOLUTYON UNDERWEAR SHIRT LONGSLEEVE MELANGE para mujer, confeccionada en Natex","breadcrumb":{"@id":"https:\/\/www.miomiorun.com\/es\/producto\/uyn-evolutyon-underwear-shirt-longsleeve-mujer\/#breadcrumb"},"inLanguage":"es-ES","potentialAction":[{"@type":"ReadAction","target":["https:\/\/www.miomiorun.com\/es\/producto\/uyn-evolutyon-underwear-shirt-longsleeve-mujer\/"]}]},{"@type":"ImageObject","inLanguage":"es-ES","@id":"https:\/\/www.miomiorun.com\/es\/producto\/uyn-evolutyon-underwear-shirt-longsleeve-mujer\/#primaryimage","url":"https:\/\/www.miomiorun.com\/app\/uploads\/2021\/11\/uyn-evolution-uw-shirt-lg_sl-melange-U100019-93G980.jpg","contentUrl":"https:\/\/www.miomiorun.com\/app\/uploads\/2021\/11\/uyn-evolution-uw-shirt-lg_sl-melange-U100019-93G980.jpg","width":600,"height":600,"caption":"uyn evolution uw shirt lg-sl"},{"@type":"BreadcrumbList","@id":"https:\/\/www.miomiorun.com\/es\/producto\/uyn-evolutyon-underwear-shirt-longsleeve-mujer\/#breadcrumb","itemListElement":[{"@type":"ListItem","position":1,"name":"Home","item":"https:\/\/www.miomiorun.com\/es\/"},{"@type":"ListItem","position":2,"name":"Shop","item":"https:\/\/www.miomiorun.com\/shop\/"},{"@type":"ListItem","position":3,"name":"Evolutyon Underwear Shirt LongSleeve mujer"}]},{"@type":"WebSite","@id":"https:\/\/www.miomiorun.com\/es\/#website","url":"https:\/\/www.miomiorun.com\/es\/","name":"MioMioRun","description":"Tienda 100% running y trail","publisher":{"@id":"https:\/\/www.miomiorun.com\/es\/#organization"},"potentialAction":[{"@type":"SearchAction","target":{"@type":"EntryPoint","urlTemplate":"https:\/\/www.miomiorun.com\/es\/?s={search_term_string}"},"query-input":{"@type":"PropertyValueSpecification","valueRequired":true,"valueName":"search_term_string"}}],"inLanguage":"es-ES"},{"@type":"Organization","@id":"https:\/\/www.miomiorun.com\/es\/#organization","name":"MioMio Run","url":"https:\/\/www.miomiorun.com\/es\/","logo":{"@type":"ImageObject","inLanguage":"es-ES","@id":"https:\/\/www.miomiorun.com\/es\/#\/schema\/logo\/image\/","url":"https:\/\/www.miomiorun.com\/app\/uploads\/2019\/12\/logomio.png","contentUrl":"https:\/\/www.miomiorun.com\/app\/uploads\/2019\/12\/logomio.png","width":115,"height":82,"caption":"MioMio Run"},"image":{"@id":"https:\/\/www.miomiorun.com\/es\/#\/schema\/logo\/image\/"},"sameAs":["https:\/\/www.facebook.com\/miomiorun\/","https:\/\/www.instagram.com\/miomiorun\/"]}]}},"_links":{"self":[{"href":"https:\/\/www.miomiorun.com\/es\/wp-json\/wp\/v2\/product\/280097","targetHints":{"allow":["GET"]}}],"collection":[{"href":"https:\/\/www.miomiorun.com\/es\/wp-json\/wp\/v2\/product"}],"about":[{"href":"https:\/\/www.miomiorun.com\/es\/wp-json\/wp\/v2\/types\/product"}],"wp:featuredmedia":[{"embeddable":true,"href":"https:\/\/www.miomiorun.com\/es\/wp-json\/wp\/v2\/media\/234354"}],"wp:attachment":[{"href":"https:\/\/www.miomiorun.com\/es\/wp-json\/wp\/v2\/media?parent=280097"}],"wp:term":[{"taxonomy":"product_brand","embeddable":true,"href":"https:\/\/www.miomiorun.com\/es\/wp-json\/wp\/v2\/product_brand?post=280097"},{"taxonomy":"product_cat","embeddable":true,"href":"https:\/\/www.miomiorun.com\/es\/wp-json\/wp\/v2\/product_cat?post=280097"},{"taxonomy":"product_tag","embeddable":true,"href":"https:\/\/www.miomiorun.com\/es\/wp-json\/wp\/v2\/product_tag?post=280097"}],"curies":[{"name":"wp","href":"https:\/\/api.w.org\/{rel}","templated":true}]}}