{"id":280008,"date":"2021-09-18T18:02:58","date_gmt":"2021-09-18T16:02:58","guid":{"rendered":"https:\/\/miomiorun.com\/prodotto\/garmin-fanale-anteriore-smart-varia-ut800\/"},"modified":"2026-04-30T17:01:16","modified_gmt":"2026-04-30T15:01:16","slug":"garmin-luz-delantera-smart-varia-ut800","status":"publish","type":"product","link":"https:\/\/www.miomiorun.com\/es\/producto\/garmin-luz-delantera-smart-varia-ut800\/","title":{"rendered":"Smart Varia UT800"},"content":{"rendered":"<p><div class=\"vc-row container\"><div class=\"vc-column\"><div class=\"vc-column-text\"><\/p>\n<h2>SE ILUMINA M\u00c1S Y DURANTE M\u00c1S TIEMPO<\/h2>\n<p>Tanto en la ciudad como por los senderos, puedes seguir pedaleando incluso cuando se pone el sol.<\/p>\n<p><\/div><\/div><\/div><div class=\"vc-row container\"><div class=\"vc-column\"><div class=\"vc-column-text\"><\/p>\n<div class=\"app__feature__card\">\n<div class=\"app__feature__card\">\n<p><img decoding=\"async\" class=\"app__feature__card__image\" src=\"https:\/\/static.garmincdn.com\/gdc\/Product_Pages\/ICONS\/Driver-Awareness.svg\" alt=\"\" \/><\/p>\n<h3 class=\"app__feature__card__title light left\" data-v-5b9e0d04=\"\" data-test=\"gc__heading\"><\/h3>\n<p class=\"app__feature__card__description\">Vayas donde vayas en bicicleta, aseg\u00farate de que te vean gracias a la luz diurna, visible desde m\u00e1s de un kil\u00f3metro y medio de distancia.<\/p>\n<\/div>\n<\/div>\n<p><\/div><\/div><div class=\"vc-column\"><div class=\"vc-column-text\"><\/p>\n<div class=\"app__feature__card\">\n<div class=\"app__feature__card\">\n<p><img decoding=\"async\" class=\"app__feature__card__image\" src=\"https:\/\/static.garmincdn.com\/gdc\/Product_Pages\/ICONS\/AMOLED_Display.svg\" alt=\"\" \/><\/p>\n<h3 class=\"app__feature__card__title light left\" data-v-5b9e0d04=\"\" data-test=\"gc__heading\"><\/h3>\n<p class=\"app__feature__card__description\">Proyecta un haz de luz de 800 l\u00famenes con una autonom\u00eda de 1,5 horas.<\/p>\n<\/div>\n<\/div>\n<p><\/div><\/div><div class=\"vc-column\"><div class=\"vc-column-text\"><\/p>\n<div class=\"app__feature__card\">\n<div class=\"app__feature__card\">\n<p><img decoding=\"async\" class=\"app__feature__card__image\" src=\"https:\/\/static.garmincdn.com\/gdc\/Product_Pages\/ICONS\/Auto-Brightness.svg\" alt=\"\" \/><\/p>\n<h3 class=\"app__feature__card__title light left\" data-v-5b9e0d04=\"\" data-test=\"gc__heading\"><\/h3>\n<p class=\"app__feature__card__description\">Es tan inteligente que puede ajustar la luz ambiental y la velocidad para ahorrar bater\u00eda.<\/p>\n<\/div>\n<\/div>\n<p><\/div><\/div><div class=\"vc-column\"><div class=\"vc-column-text\"><\/p>\n<div class=\"app__feature__card\">\n<div class=\"app__feature__card\">\n<p><img decoding=\"async\" class=\"app__feature__card__image\" src=\"https:\/\/static.garmincdn.com\/gdc\/Product_Pages\/ICONS\/ANT_Wireless.svg\" alt=\"\" \/><\/p>\n<h3 class=\"app__feature__card__title light left\" data-v-5b9e0d04=\"\" data-test=\"gc__heading\"><\/h3>\n<p class=\"app__feature__card__description\">Esta luz funciona bien por s\u00ed sola o combinada con el ciclocomputador Edge<sup>\u00ae<\/sup>.<\/p>\n<\/div>\n<\/div>\n<p><\/div><\/div><div class=\"vc-column\"><div class=\"vc-column-text\"><\/p>\n<div class=\"app__feature__card\">\n<div class=\"app__feature__card\">\n<p><img decoding=\"async\" class=\"app__feature__card__image\" src=\"https:\/\/static.garmincdn.com\/gdc\/Product_Pages\/ICONS\/Mounting-Options.svg\" alt=\"\" \/><\/p>\n<h3 class=\"app__feature__card__title light left\" data-v-5b9e0d04=\"\" data-test=\"gc__heading\"><\/h3>\n<p class=\"app__feature__card__description\">T\u00fa decides si lo colocas en el manillar o en el casco.<\/p>\n<\/div>\n<\/div>\n<p><\/div><\/div><div class=\"vc-column\"><div class=\"vc-column-text\"><\/p>\n<div class=\"app__feature__card\">\n<p><img decoding=\"async\" class=\"app__feature__card__image\" src=\"https:\/\/static.garmincdn.com\/gdc\/Product_Pages\/ICONS\/Variable-Modes.svg\" alt=\"\" \/><\/p>\n<h3 class=\"app__feature__card__title light left\" data-v-5b9e0d04=\"\" data-test=\"gc__heading\"><\/h3>\n<p class=\"app__feature__card__description\">Elige entre 5 modos de iluminaci\u00f3n, independientemente de las condiciones.<\/p>\n<\/div>\n<p><\/div><\/div><\/div><div class=\"vc-row container\"><div class=\"vc-column\"><div style=\"height:32px\" class=\"vc-empty-space\"><\/div><\/div><\/div><div class=\"vc-row container\"><div class=\"vc-column\"><div class=\"vc-column-text\"><\/p>\n<h3>FUNCIONA DE FORMA INDEPENDIENTE O EN COMBINACI\u00d3N CON EDGE<\/h3>\n<p>Si se conecta al ciclocomputador, el faro se ajusta autom\u00e1ticamente en funci\u00f3n de la velocidad y el ritmo de pedaleo. Puedes controlar las luces con un simple toque.<\/p>\n<p><\/div><\/div><div class=\"vc-column\"><div class=\"vc-column-text\"><\/p>\n<h3>CONTROL AUTOM\u00c1TICO DE LA LUMINOSIDAD<\/h3>\n<p>Algunos ciclocomputadores Edge son capaces de detectar las condiciones de luz ambiental y ajustar autom\u00e1ticamente el brillo de la luz para prolongar la duraci\u00f3n de la bater\u00eda.<\/p>\n<p><\/div><\/div><div class=\"vc-column\"><div class=\"vc-column-text\"><\/p>\n<h3>VISIBILIDAD SUPERIOR<\/h3>\n<p>En su nivel m\u00e1ximo, la Varia UT800 proyecta un haz estable de 800 l\u00famenes, lo que te hace visible a plena luz del d\u00eda desde m\u00e1s de un kil\u00f3metro y medio de distancia.<\/p>\n<p><\/div><\/div><\/div><div class=\"vc-row container\"><div class=\"vc-column\"><div style=\"height:32px\" class=\"vc-empty-space\"><\/div><\/div><\/div><div class=\"vc-row container\"><div class=\"vc-column\"><div class=\"vc-column-text\"><\/p>\n<h3>MODALIDADES VARIABLES<\/h3>\n<p>Personaliza el haz de luz seg\u00fan las condiciones con 5 modos de iluminaci\u00f3n, entre los que se incluyen alto (800 l\u00famenes), medio (400 l\u00famenes), bajo (200 l\u00famenes), destello nocturno y destello diurno.<\/p>\n<p><\/div><\/div><div class=\"vc-column\"><div class=\"vc-column-text\"><\/p>\n<h3>DURACI\u00d3N DE LA BATER\u00cdA<\/h3>\n<p>Los distintos modos permiten optimizar la duraci\u00f3n de la bater\u00eda. Tendr\u00e1s 1,5 horas en modo alto, 3 horas en modo medio, 6 horas en modo bajo, 25 horas en modo flash diurno y 6 horas en modo flash nocturno.<\/p>\n<p><\/div><\/div><div class=\"vc-column\"><div class=\"vc-column-text\"><\/p>\n<h3>M\u00daLTIPLES OPCIONES DE MONTAJE<\/h3>\n<p>Gracias a su dise\u00f1o ligero y de perfil bajo (140 g), el Varia UT800 se puede montar en el manillar con un soporte frontal externo o en el casco con un soporte para casco o de sujeci\u00f3n por fricci\u00f3n.<\/p>\n<p><\/div><\/div><\/div><\/p>\n","protected":false},"excerpt":{"rendered":"<ul>\n<li>visibilidad de m\u00e1s de 1,5 km, 800 l\u00famenes<\/li>\n<li>control autom\u00e1tico de brillo<\/li>\n<li>Autonom\u00eda de la bater\u00eda de hasta 25 horas, 5 modos de iluminaci\u00f3n<\/li>\n<\/ul>\n","protected":false},"featured_media":233390,"template":"","meta":{"_acf_changed":false,"inline_featured_image":false},"product_brand":[],"product_cat":[24208,24209,22536],"product_tag":[23481],"class_list":{"0":"post-280008","1":"product","2":"type-product","3":"status-publish","4":"has-post-thumbnail","6":"product_cat-accesorios-es","7":"product_cat-ciclismo","8":"product_cat-garmin-es","9":"product_tag-garmin-es","10":"pa_marca-garmin-es","11":"pa_sesso-hombre","12":"pa_sesso-mujer","14":"first","15":"instock","16":"sale","17":"taxable","18":"shipping-taxable","19":"purchasable","20":"product-type-simple"},"acf":[],"yoast_head":"<!-- This site is optimized with the Yoast SEO plugin v26.8 - https:\/\/yoast.com\/product\/yoast-seo-wordpress\/ -->\n<title>Garmin Smart Varia UT800 - luz delantera de bicicleta - MioMioRun<\/title>\n<meta name=\"description\" content=\"Con la luz inteligente Garmin Varia UT800, tanto en la ciudad como por los senderos, podr\u00e1s seguir pedaleando incluso cuando se ponga el sol.\" \/>\n<meta name=\"robots\" content=\"index, follow, max-snippet:-1, max-image-preview:large, max-video-preview:-1\" \/>\n<link rel=\"canonical\" href=\"https:\/\/www.miomiorun.com\/es\/producto\/garmin-luz-delantera-smart-varia-ut800\/\" \/>\n<meta property=\"og:locale\" content=\"es_ES\" \/>\n<meta property=\"og:type\" content=\"article\" \/>\n<meta property=\"og:title\" content=\"Garmin Smart Varia UT800 - luz delantera de bicicleta - MioMioRun\" \/>\n<meta property=\"og:description\" content=\"Con la luz inteligente Garmin Varia UT800, tanto en la ciudad como por los senderos, podr\u00e1s seguir pedaleando incluso cuando se ponga el sol.\" \/>\n<meta property=\"og:url\" content=\"https:\/\/www.miomiorun.com\/es\/producto\/garmin-luz-delantera-smart-varia-ut800\/\" \/>\n<meta property=\"og:site_name\" content=\"MioMioRun\" \/>\n<meta property=\"article:publisher\" content=\"https:\/\/www.facebook.com\/miomiorun\/\" \/>\n<meta property=\"article:modified_time\" content=\"2026-04-30T15:01:16+00:00\" \/>\n<meta property=\"og:image\" content=\"https:\/\/www.miomiorun.com\/app\/uploads\/2021\/09\/garmin-ut800-010-01673-00.jpg\" \/>\n\t<meta property=\"og:image:width\" content=\"600\" \/>\n\t<meta property=\"og:image:height\" content=\"600\" \/>\n\t<meta property=\"og:image:type\" content=\"image\/jpeg\" \/>\n<meta name=\"twitter:card\" content=\"summary_large_image\" \/>\n<meta name=\"twitter:label1\" content=\"Est. reading time\" \/>\n\t<meta name=\"twitter:data1\" content=\"3 minutes\" \/>\n<script type=\"application\/ld+json\" class=\"yoast-schema-graph\">{\"@context\":\"https:\/\/schema.org\",\"@graph\":[{\"@type\":\"WebPage\",\"@id\":\"https:\/\/www.miomiorun.com\/es\/producto\/garmin-luz-delantera-smart-varia-ut800\/\",\"url\":\"https:\/\/www.miomiorun.com\/es\/producto\/garmin-luz-delantera-smart-varia-ut800\/\",\"name\":\"Garmin Smart Varia UT800 - luz delantera de bicicleta - MioMioRun\",\"isPartOf\":{\"@id\":\"https:\/\/www.miomiorun.com\/es\/#website\"},\"primaryImageOfPage\":{\"@id\":\"https:\/\/www.miomiorun.com\/es\/producto\/garmin-luz-delantera-smart-varia-ut800\/#primaryimage\"},\"image\":{\"@id\":\"https:\/\/www.miomiorun.com\/es\/producto\/garmin-luz-delantera-smart-varia-ut800\/#primaryimage\"},\"thumbnailUrl\":\"https:\/\/www.miomiorun.com\/app\/uploads\/2021\/09\/garmin-ut800-010-01673-00.jpg\",\"datePublished\":\"2021-09-18T16:02:58+00:00\",\"dateModified\":\"2026-04-30T15:01:16+00:00\",\"description\":\"Con la luz inteligente Garmin Varia UT800, tanto en la ciudad como por los senderos, podr\u00e1s seguir pedaleando incluso cuando se ponga el sol.\",\"breadcrumb\":{\"@id\":\"https:\/\/www.miomiorun.com\/es\/producto\/garmin-luz-delantera-smart-varia-ut800\/#breadcrumb\"},\"inLanguage\":\"es-ES\",\"potentialAction\":[{\"@type\":\"ReadAction\",\"target\":[\"https:\/\/www.miomiorun.com\/es\/producto\/garmin-luz-delantera-smart-varia-ut800\/\"]}]},{\"@type\":\"ImageObject\",\"inLanguage\":\"es-ES\",\"@id\":\"https:\/\/www.miomiorun.com\/es\/producto\/garmin-luz-delantera-smart-varia-ut800\/#primaryimage\",\"url\":\"https:\/\/www.miomiorun.com\/app\/uploads\/2021\/09\/garmin-ut800-010-01673-00.jpg\",\"contentUrl\":\"https:\/\/www.miomiorun.com\/app\/uploads\/2021\/09\/garmin-ut800-010-01673-00.jpg\",\"width\":600,\"height\":600,\"caption\":\"garmin-ut800-010-01673-00\"},{\"@type\":\"BreadcrumbList\",\"@id\":\"https:\/\/www.miomiorun.com\/es\/producto\/garmin-luz-delantera-smart-varia-ut800\/#breadcrumb\",\"itemListElement\":[{\"@type\":\"ListItem\",\"position\":1,\"name\":\"Home\",\"item\":\"https:\/\/www.miomiorun.com\/es\/\"},{\"@type\":\"ListItem\",\"position\":2,\"name\":\"Shop\",\"item\":\"https:\/\/www.miomiorun.com\/shop\/\"},{\"@type\":\"ListItem\",\"position\":3,\"name\":\"Smart Varia UT800\"}]},{\"@type\":\"WebSite\",\"@id\":\"https:\/\/www.miomiorun.com\/es\/#website\",\"url\":\"https:\/\/www.miomiorun.com\/es\/\",\"name\":\"MioMioRun\",\"description\":\"Tienda 100% running y trail\",\"publisher\":{\"@id\":\"https:\/\/www.miomiorun.com\/es\/#organization\"},\"potentialAction\":[{\"@type\":\"SearchAction\",\"target\":{\"@type\":\"EntryPoint\",\"urlTemplate\":\"https:\/\/www.miomiorun.com\/es\/?s={search_term_string}\"},\"query-input\":{\"@type\":\"PropertyValueSpecification\",\"valueRequired\":true,\"valueName\":\"search_term_string\"}}],\"inLanguage\":\"es-ES\"},{\"@type\":\"Organization\",\"@id\":\"https:\/\/www.miomiorun.com\/es\/#organization\",\"name\":\"MioMio Run\",\"url\":\"https:\/\/www.miomiorun.com\/es\/\",\"logo\":{\"@type\":\"ImageObject\",\"inLanguage\":\"es-ES\",\"@id\":\"https:\/\/www.miomiorun.com\/es\/#\/schema\/logo\/image\/\",\"url\":\"https:\/\/www.miomiorun.com\/app\/uploads\/2019\/12\/logomio.png\",\"contentUrl\":\"https:\/\/www.miomiorun.com\/app\/uploads\/2019\/12\/logomio.png\",\"width\":115,\"height\":82,\"caption\":\"MioMio Run\"},\"image\":{\"@id\":\"https:\/\/www.miomiorun.com\/es\/#\/schema\/logo\/image\/\"},\"sameAs\":[\"https:\/\/www.facebook.com\/miomiorun\/\",\"https:\/\/www.instagram.com\/miomiorun\/\"]}]}<\/script>\n<!-- \/ Yoast SEO plugin. -->","yoast_head_json":{"title":"Garmin Smart Varia UT800 - luz delantera de bicicleta - MioMioRun","description":"Con la luz inteligente Garmin Varia UT800, tanto en la ciudad como por los senderos, podr\u00e1s seguir pedaleando incluso cuando se ponga el sol.","robots":{"index":"index","follow":"follow","max-snippet":"max-snippet:-1","max-image-preview":"max-image-preview:large","max-video-preview":"max-video-preview:-1"},"canonical":"https:\/\/www.miomiorun.com\/es\/producto\/garmin-luz-delantera-smart-varia-ut800\/","og_locale":"es_ES","og_type":"article","og_title":"Garmin Smart Varia UT800 - luz delantera de bicicleta - MioMioRun","og_description":"Con la luz inteligente Garmin Varia UT800, tanto en la ciudad como por los senderos, podr\u00e1s seguir pedaleando incluso cuando se ponga el sol.","og_url":"https:\/\/www.miomiorun.com\/es\/producto\/garmin-luz-delantera-smart-varia-ut800\/","og_site_name":"MioMioRun","article_publisher":"https:\/\/www.facebook.com\/miomiorun\/","article_modified_time":"2026-04-30T15:01:16+00:00","og_image":[{"width":600,"height":600,"url":"https:\/\/www.miomiorun.com\/app\/uploads\/2021\/09\/garmin-ut800-010-01673-00.jpg","type":"image\/jpeg"}],"twitter_card":"summary_large_image","twitter_misc":{"Est. reading time":"3 minutes"},"schema":{"@context":"https:\/\/schema.org","@graph":[{"@type":"WebPage","@id":"https:\/\/www.miomiorun.com\/es\/producto\/garmin-luz-delantera-smart-varia-ut800\/","url":"https:\/\/www.miomiorun.com\/es\/producto\/garmin-luz-delantera-smart-varia-ut800\/","name":"Garmin Smart Varia UT800 - luz delantera de bicicleta - MioMioRun","isPartOf":{"@id":"https:\/\/www.miomiorun.com\/es\/#website"},"primaryImageOfPage":{"@id":"https:\/\/www.miomiorun.com\/es\/producto\/garmin-luz-delantera-smart-varia-ut800\/#primaryimage"},"image":{"@id":"https:\/\/www.miomiorun.com\/es\/producto\/garmin-luz-delantera-smart-varia-ut800\/#primaryimage"},"thumbnailUrl":"https:\/\/www.miomiorun.com\/app\/uploads\/2021\/09\/garmin-ut800-010-01673-00.jpg","datePublished":"2021-09-18T16:02:58+00:00","dateModified":"2026-04-30T15:01:16+00:00","description":"Con la luz inteligente Garmin Varia UT800, tanto en la ciudad como por los senderos, podr\u00e1s seguir pedaleando incluso cuando se ponga el sol.","breadcrumb":{"@id":"https:\/\/www.miomiorun.com\/es\/producto\/garmin-luz-delantera-smart-varia-ut800\/#breadcrumb"},"inLanguage":"es-ES","potentialAction":[{"@type":"ReadAction","target":["https:\/\/www.miomiorun.com\/es\/producto\/garmin-luz-delantera-smart-varia-ut800\/"]}]},{"@type":"ImageObject","inLanguage":"es-ES","@id":"https:\/\/www.miomiorun.com\/es\/producto\/garmin-luz-delantera-smart-varia-ut800\/#primaryimage","url":"https:\/\/www.miomiorun.com\/app\/uploads\/2021\/09\/garmin-ut800-010-01673-00.jpg","contentUrl":"https:\/\/www.miomiorun.com\/app\/uploads\/2021\/09\/garmin-ut800-010-01673-00.jpg","width":600,"height":600,"caption":"garmin-ut800-010-01673-00"},{"@type":"BreadcrumbList","@id":"https:\/\/www.miomiorun.com\/es\/producto\/garmin-luz-delantera-smart-varia-ut800\/#breadcrumb","itemListElement":[{"@type":"ListItem","position":1,"name":"Home","item":"https:\/\/www.miomiorun.com\/es\/"},{"@type":"ListItem","position":2,"name":"Shop","item":"https:\/\/www.miomiorun.com\/shop\/"},{"@type":"ListItem","position":3,"name":"Smart Varia UT800"}]},{"@type":"WebSite","@id":"https:\/\/www.miomiorun.com\/es\/#website","url":"https:\/\/www.miomiorun.com\/es\/","name":"MioMioRun","description":"Tienda 100% running y trail","publisher":{"@id":"https:\/\/www.miomiorun.com\/es\/#organization"},"potentialAction":[{"@type":"SearchAction","target":{"@type":"EntryPoint","urlTemplate":"https:\/\/www.miomiorun.com\/es\/?s={search_term_string}"},"query-input":{"@type":"PropertyValueSpecification","valueRequired":true,"valueName":"search_term_string"}}],"inLanguage":"es-ES"},{"@type":"Organization","@id":"https:\/\/www.miomiorun.com\/es\/#organization","name":"MioMio Run","url":"https:\/\/www.miomiorun.com\/es\/","logo":{"@type":"ImageObject","inLanguage":"es-ES","@id":"https:\/\/www.miomiorun.com\/es\/#\/schema\/logo\/image\/","url":"https:\/\/www.miomiorun.com\/app\/uploads\/2019\/12\/logomio.png","contentUrl":"https:\/\/www.miomiorun.com\/app\/uploads\/2019\/12\/logomio.png","width":115,"height":82,"caption":"MioMio Run"},"image":{"@id":"https:\/\/www.miomiorun.com\/es\/#\/schema\/logo\/image\/"},"sameAs":["https:\/\/www.facebook.com\/miomiorun\/","https:\/\/www.instagram.com\/miomiorun\/"]}]}},"_links":{"self":[{"href":"https:\/\/www.miomiorun.com\/es\/wp-json\/wp\/v2\/product\/280008","targetHints":{"allow":["GET"]}}],"collection":[{"href":"https:\/\/www.miomiorun.com\/es\/wp-json\/wp\/v2\/product"}],"about":[{"href":"https:\/\/www.miomiorun.com\/es\/wp-json\/wp\/v2\/types\/product"}],"wp:featuredmedia":[{"embeddable":true,"href":"https:\/\/www.miomiorun.com\/es\/wp-json\/wp\/v2\/media\/233390"}],"wp:attachment":[{"href":"https:\/\/www.miomiorun.com\/es\/wp-json\/wp\/v2\/media?parent=280008"}],"wp:term":[{"taxonomy":"product_brand","embeddable":true,"href":"https:\/\/www.miomiorun.com\/es\/wp-json\/wp\/v2\/product_brand?post=280008"},{"taxonomy":"product_cat","embeddable":true,"href":"https:\/\/www.miomiorun.com\/es\/wp-json\/wp\/v2\/product_cat?post=280008"},{"taxonomy":"product_tag","embeddable":true,"href":"https:\/\/www.miomiorun.com\/es\/wp-json\/wp\/v2\/product_tag?post=280008"}],"curies":[{"name":"wp","href":"https:\/\/api.w.org\/{rel}","templated":true}]}}