{"id":280004,"date":"2021-09-21T16:07:43","date_gmt":"2021-09-21T14:07:43","guid":{"rendered":"https:\/\/miomiorun.com\/prodotto\/la-sportiva-tour-long-sleeve-uomo\/"},"modified":"2026-04-30T16:44:38","modified_gmt":"2026-04-30T14:44:38","slug":"la-sportiva-tour-long-sleeve-hombre","status":"publish","type":"product","link":"https:\/\/www.miomiorun.com\/es\/producto\/la-sportiva-tour-long-sleeve-hombre\/","title":{"rendered":"Tour Long Sleeve hombre"},"content":{"rendered":"<p><strong>La camiseta de manga larga Tour<\/strong> para hombre es una prenda interior t\u00e9rmica y transpirable con tratamiento antibacteriano y antiolor <strong>Polygiene\u00ae<\/strong>, lo que permite usarla durante varios d\u00edas sin necesidad de lavarla.<\/p>\n<p>La Sportiva siempre ha tenido como objetivo ofrecer los mejores productos para quienes disfrutan de la monta\u00f1a en cualquier situaci\u00f3n. Para cada necesidad hay un producto con caracter\u00edsticas t\u00e9cnicas espec\u00edficas.<br \/>\n<strong>Tour\u00a0 Long Sleeve <\/strong>es una prenda que se caracteriza por:<\/p>\n<ul>\n<li><strong>Transpirabilidad: <\/strong>Productos altamente transpirables para un confort clim\u00e1tico \u00f3ptimo.<\/li>\n<li><strong>Elasticidad: <\/strong>Prendas c\u00f3modas y adaptables que garantizan la m\u00e1xima libertad de movimiento.<\/li>\n<li><strong>Slim Fit: <\/strong>Corte muy ajustado para un rendimiento m\u00e1ximo en competici\u00f3n.<\/li>\n<li><strong>Ligereza: <\/strong>Productos que mantienen el peso al m\u00ednimo.<\/li>\n<\/ul>\n<h3>Tecnolog\u00edas utilizadas:<\/h3>\n<ul>\n<li><strong>\u00a0Polygiene: <\/strong>La tecnolog\u00eda antibacteriana y antiolor Polygiene\u00ae es un tratamiento duradero, eficaz y sostenible que utiliza sales de plata para impedir la formaci\u00f3n de las bacterias que causan los malos olores. \u00bfEl resultado? Las prendas se pueden llevar puestas durante m\u00e1s tiempo sin necesidad de lavarlas.<\/li>\n<li><strong>L1 &#8211; Capa base: <\/strong>Capa que est\u00e1 en contacto directo con la piel. Favorece la evacuaci\u00f3n del sudor para proporcionar una mayor comodidad t\u00e9rmica durante la actividad f\u00edsica.<\/li>\n<li><strong>Reciclado: <\/strong>La Sportiva incorpora fibras y acolchados obtenidos a partir de la reutilizaci\u00f3n de poli\u00e9ster reciclado y certificado RePET\u00ae, procedente del reciclaje de botellas de pl\u00e1stico al final de su vida \u00fatil.<\/li>\n<\/ul>\n<p>&nbsp;<\/p>\n<p>&nbsp;<\/p>\n<p>&nbsp;<\/p>\n","protected":false},"excerpt":{"rendered":"<p>La camiseta de manga larga Tour para hombre es una prenda interior t\u00e9rmica y transpirable con tratamiento antibacteriano y antiolor Polygiene\u00ae, lo que permite usarla durante varios d\u00edas sin necesidad de lavarla. La Sportiva siempre ha tenido como objetivo ofrecer los mejores productos para quienes disfrutan de la monta\u00f1a en cualquier situaci\u00f3n. Para cada necesidad &hellip; <a href=\"https:\/\/www.miomiorun.com\/es\/producto\/la-sportiva-tour-long-sleeve-hombre\/\">Continued<\/a><\/p>\n","protected":false},"featured_media":233452,"template":"","meta":{"_acf_changed":false,"inline_featured_image":false},"product_brand":[],"product_cat":[24458,24463,24464],"product_tag":[23598,23600],"class_list":{"0":"post-280004","1":"product","2":"type-product","3":"status-publish","4":"has-post-thumbnail","6":"product_cat-camisetas-es-2","7":"product_cat-ropa-de-hombre-es","8":"product_cat-hombre","9":"product_tag-la-sportiva-es","10":"product_tag-la-sportiva-hombre","11":"pa_attivita-caminar","12":"pa_attivita-outdoor-es","13":"pa_attivita-trail-es","14":"pa_colore-tour-long-sleeve-m-atlantic-night-blue-es","15":"pa_colore-tour-long-sleeve-m-night-blue-es","16":"pa_marca-la-sportiva-es","17":"pa_sesso-hombre","18":"pa_size-medium-es","19":"pa_size-extra-large-es","21":"first","22":"instock","23":"sale","24":"taxable","25":"shipping-taxable","26":"purchasable","27":"product-type-variable","28":"wvs-archive-product-wrapper"},"acf":[],"yoast_head":"<!-- This site is optimized with the Yoast SEO plugin v26.8 - https:\/\/yoast.com\/product\/yoast-seo-wordpress\/ -->\n<title>La Sportiva Tour Long Sleeve hombre -Camiseta para correr- MioMioRun<\/title>\n<meta name=\"description\" content=\"La camiseta de manga larga Tour para hombre es una prenda interior t\u00e9rmica y transpirable con tratamiento antibacteriano y antiolor Polygiene\u00ae.\" \/>\n<meta name=\"robots\" content=\"index, follow, max-snippet:-1, max-image-preview:large, max-video-preview:-1\" \/>\n<link rel=\"canonical\" href=\"https:\/\/www.miomiorun.com\/es\/producto\/la-sportiva-tour-long-sleeve-hombre\/\" \/>\n<meta property=\"og:locale\" content=\"es_ES\" \/>\n<meta property=\"og:type\" content=\"article\" \/>\n<meta property=\"og:title\" content=\"La Sportiva Tour Long Sleeve hombre -Camiseta para correr- MioMioRun\" \/>\n<meta property=\"og:description\" content=\"La camiseta de manga larga Tour para hombre es una prenda interior t\u00e9rmica y transpirable con tratamiento antibacteriano y antiolor Polygiene\u00ae.\" \/>\n<meta property=\"og:url\" content=\"https:\/\/www.miomiorun.com\/es\/producto\/la-sportiva-tour-long-sleeve-hombre\/\" \/>\n<meta property=\"og:site_name\" content=\"MioMioRun\" \/>\n<meta property=\"article:publisher\" content=\"https:\/\/www.facebook.com\/miomiorun\/\" \/>\n<meta property=\"article:modified_time\" content=\"2026-04-30T14:44:38+00:00\" \/>\n<meta property=\"og:image\" content=\"https:\/\/www.miomiorun.com\/app\/uploads\/2021\/09\/la-sportiva-Tour-long-sleeve-L13630629.jpg\" \/>\n\t<meta property=\"og:image:width\" content=\"600\" \/>\n\t<meta property=\"og:image:height\" content=\"600\" \/>\n\t<meta property=\"og:image:type\" content=\"image\/jpeg\" \/>\n<meta name=\"twitter:card\" content=\"summary_large_image\" \/>\n<meta name=\"twitter:label1\" content=\"Est. reading time\" \/>\n\t<meta name=\"twitter:data1\" content=\"1 minute\" \/>\n<script type=\"application\/ld+json\" class=\"yoast-schema-graph\">{\"@context\":\"https:\/\/schema.org\",\"@graph\":[{\"@type\":\"WebPage\",\"@id\":\"https:\/\/www.miomiorun.com\/es\/producto\/la-sportiva-tour-long-sleeve-hombre\/\",\"url\":\"https:\/\/www.miomiorun.com\/es\/producto\/la-sportiva-tour-long-sleeve-hombre\/\",\"name\":\"La Sportiva Tour Long Sleeve hombre -Camiseta para correr- MioMioRun\",\"isPartOf\":{\"@id\":\"https:\/\/www.miomiorun.com\/es\/#website\"},\"primaryImageOfPage\":{\"@id\":\"https:\/\/www.miomiorun.com\/es\/producto\/la-sportiva-tour-long-sleeve-hombre\/#primaryimage\"},\"image\":{\"@id\":\"https:\/\/www.miomiorun.com\/es\/producto\/la-sportiva-tour-long-sleeve-hombre\/#primaryimage\"},\"thumbnailUrl\":\"https:\/\/www.miomiorun.com\/app\/uploads\/2021\/09\/la-sportiva-Tour-long-sleeve-L13630629.jpg\",\"datePublished\":\"2021-09-21T14:07:43+00:00\",\"dateModified\":\"2026-04-30T14:44:38+00:00\",\"description\":\"La camiseta de manga larga Tour para hombre es una prenda interior t\u00e9rmica y transpirable con tratamiento antibacteriano y antiolor Polygiene\u00ae.\",\"breadcrumb\":{\"@id\":\"https:\/\/www.miomiorun.com\/es\/producto\/la-sportiva-tour-long-sleeve-hombre\/#breadcrumb\"},\"inLanguage\":\"es-ES\",\"potentialAction\":[{\"@type\":\"ReadAction\",\"target\":[\"https:\/\/www.miomiorun.com\/es\/producto\/la-sportiva-tour-long-sleeve-hombre\/\"]}]},{\"@type\":\"ImageObject\",\"inLanguage\":\"es-ES\",\"@id\":\"https:\/\/www.miomiorun.com\/es\/producto\/la-sportiva-tour-long-sleeve-hombre\/#primaryimage\",\"url\":\"https:\/\/www.miomiorun.com\/app\/uploads\/2021\/09\/la-sportiva-Tour-long-sleeve-L13630629.jpg\",\"contentUrl\":\"https:\/\/www.miomiorun.com\/app\/uploads\/2021\/09\/la-sportiva-Tour-long-sleeve-L13630629.jpg\",\"width\":600,\"height\":600,\"caption\":\"la sportiva Tour long sleeve\"},{\"@type\":\"BreadcrumbList\",\"@id\":\"https:\/\/www.miomiorun.com\/es\/producto\/la-sportiva-tour-long-sleeve-hombre\/#breadcrumb\",\"itemListElement\":[{\"@type\":\"ListItem\",\"position\":1,\"name\":\"Home\",\"item\":\"https:\/\/www.miomiorun.com\/es\/\"},{\"@type\":\"ListItem\",\"position\":2,\"name\":\"Shop\",\"item\":\"https:\/\/www.miomiorun.com\/shop\/\"},{\"@type\":\"ListItem\",\"position\":3,\"name\":\"Tour Long Sleeve hombre\"}]},{\"@type\":\"WebSite\",\"@id\":\"https:\/\/www.miomiorun.com\/es\/#website\",\"url\":\"https:\/\/www.miomiorun.com\/es\/\",\"name\":\"MioMioRun\",\"description\":\"Tienda 100% running y trail\",\"publisher\":{\"@id\":\"https:\/\/www.miomiorun.com\/es\/#organization\"},\"potentialAction\":[{\"@type\":\"SearchAction\",\"target\":{\"@type\":\"EntryPoint\",\"urlTemplate\":\"https:\/\/www.miomiorun.com\/es\/?s={search_term_string}\"},\"query-input\":{\"@type\":\"PropertyValueSpecification\",\"valueRequired\":true,\"valueName\":\"search_term_string\"}}],\"inLanguage\":\"es-ES\"},{\"@type\":\"Organization\",\"@id\":\"https:\/\/www.miomiorun.com\/es\/#organization\",\"name\":\"MioMio Run\",\"url\":\"https:\/\/www.miomiorun.com\/es\/\",\"logo\":{\"@type\":\"ImageObject\",\"inLanguage\":\"es-ES\",\"@id\":\"https:\/\/www.miomiorun.com\/es\/#\/schema\/logo\/image\/\",\"url\":\"https:\/\/www.miomiorun.com\/app\/uploads\/2019\/12\/logomio.png\",\"contentUrl\":\"https:\/\/www.miomiorun.com\/app\/uploads\/2019\/12\/logomio.png\",\"width\":115,\"height\":82,\"caption\":\"MioMio Run\"},\"image\":{\"@id\":\"https:\/\/www.miomiorun.com\/es\/#\/schema\/logo\/image\/\"},\"sameAs\":[\"https:\/\/www.facebook.com\/miomiorun\/\",\"https:\/\/www.instagram.com\/miomiorun\/\"]}]}<\/script>\n<!-- \/ Yoast SEO plugin. -->","yoast_head_json":{"title":"La Sportiva Tour Long Sleeve hombre -Camiseta para correr- MioMioRun","description":"La camiseta de manga larga Tour para hombre es una prenda interior t\u00e9rmica y transpirable con tratamiento antibacteriano y antiolor Polygiene\u00ae.","robots":{"index":"index","follow":"follow","max-snippet":"max-snippet:-1","max-image-preview":"max-image-preview:large","max-video-preview":"max-video-preview:-1"},"canonical":"https:\/\/www.miomiorun.com\/es\/producto\/la-sportiva-tour-long-sleeve-hombre\/","og_locale":"es_ES","og_type":"article","og_title":"La Sportiva Tour Long Sleeve hombre -Camiseta para correr- MioMioRun","og_description":"La camiseta de manga larga Tour para hombre es una prenda interior t\u00e9rmica y transpirable con tratamiento antibacteriano y antiolor Polygiene\u00ae.","og_url":"https:\/\/www.miomiorun.com\/es\/producto\/la-sportiva-tour-long-sleeve-hombre\/","og_site_name":"MioMioRun","article_publisher":"https:\/\/www.facebook.com\/miomiorun\/","article_modified_time":"2026-04-30T14:44:38+00:00","og_image":[{"width":600,"height":600,"url":"https:\/\/www.miomiorun.com\/app\/uploads\/2021\/09\/la-sportiva-Tour-long-sleeve-L13630629.jpg","type":"image\/jpeg"}],"twitter_card":"summary_large_image","twitter_misc":{"Est. reading time":"1 minute"},"schema":{"@context":"https:\/\/schema.org","@graph":[{"@type":"WebPage","@id":"https:\/\/www.miomiorun.com\/es\/producto\/la-sportiva-tour-long-sleeve-hombre\/","url":"https:\/\/www.miomiorun.com\/es\/producto\/la-sportiva-tour-long-sleeve-hombre\/","name":"La Sportiva Tour Long Sleeve hombre -Camiseta para correr- MioMioRun","isPartOf":{"@id":"https:\/\/www.miomiorun.com\/es\/#website"},"primaryImageOfPage":{"@id":"https:\/\/www.miomiorun.com\/es\/producto\/la-sportiva-tour-long-sleeve-hombre\/#primaryimage"},"image":{"@id":"https:\/\/www.miomiorun.com\/es\/producto\/la-sportiva-tour-long-sleeve-hombre\/#primaryimage"},"thumbnailUrl":"https:\/\/www.miomiorun.com\/app\/uploads\/2021\/09\/la-sportiva-Tour-long-sleeve-L13630629.jpg","datePublished":"2021-09-21T14:07:43+00:00","dateModified":"2026-04-30T14:44:38+00:00","description":"La camiseta de manga larga Tour para hombre es una prenda interior t\u00e9rmica y transpirable con tratamiento antibacteriano y antiolor Polygiene\u00ae.","breadcrumb":{"@id":"https:\/\/www.miomiorun.com\/es\/producto\/la-sportiva-tour-long-sleeve-hombre\/#breadcrumb"},"inLanguage":"es-ES","potentialAction":[{"@type":"ReadAction","target":["https:\/\/www.miomiorun.com\/es\/producto\/la-sportiva-tour-long-sleeve-hombre\/"]}]},{"@type":"ImageObject","inLanguage":"es-ES","@id":"https:\/\/www.miomiorun.com\/es\/producto\/la-sportiva-tour-long-sleeve-hombre\/#primaryimage","url":"https:\/\/www.miomiorun.com\/app\/uploads\/2021\/09\/la-sportiva-Tour-long-sleeve-L13630629.jpg","contentUrl":"https:\/\/www.miomiorun.com\/app\/uploads\/2021\/09\/la-sportiva-Tour-long-sleeve-L13630629.jpg","width":600,"height":600,"caption":"la sportiva Tour long sleeve"},{"@type":"BreadcrumbList","@id":"https:\/\/www.miomiorun.com\/es\/producto\/la-sportiva-tour-long-sleeve-hombre\/#breadcrumb","itemListElement":[{"@type":"ListItem","position":1,"name":"Home","item":"https:\/\/www.miomiorun.com\/es\/"},{"@type":"ListItem","position":2,"name":"Shop","item":"https:\/\/www.miomiorun.com\/shop\/"},{"@type":"ListItem","position":3,"name":"Tour Long Sleeve hombre"}]},{"@type":"WebSite","@id":"https:\/\/www.miomiorun.com\/es\/#website","url":"https:\/\/www.miomiorun.com\/es\/","name":"MioMioRun","description":"Tienda 100% running y trail","publisher":{"@id":"https:\/\/www.miomiorun.com\/es\/#organization"},"potentialAction":[{"@type":"SearchAction","target":{"@type":"EntryPoint","urlTemplate":"https:\/\/www.miomiorun.com\/es\/?s={search_term_string}"},"query-input":{"@type":"PropertyValueSpecification","valueRequired":true,"valueName":"search_term_string"}}],"inLanguage":"es-ES"},{"@type":"Organization","@id":"https:\/\/www.miomiorun.com\/es\/#organization","name":"MioMio Run","url":"https:\/\/www.miomiorun.com\/es\/","logo":{"@type":"ImageObject","inLanguage":"es-ES","@id":"https:\/\/www.miomiorun.com\/es\/#\/schema\/logo\/image\/","url":"https:\/\/www.miomiorun.com\/app\/uploads\/2019\/12\/logomio.png","contentUrl":"https:\/\/www.miomiorun.com\/app\/uploads\/2019\/12\/logomio.png","width":115,"height":82,"caption":"MioMio Run"},"image":{"@id":"https:\/\/www.miomiorun.com\/es\/#\/schema\/logo\/image\/"},"sameAs":["https:\/\/www.facebook.com\/miomiorun\/","https:\/\/www.instagram.com\/miomiorun\/"]}]}},"_links":{"self":[{"href":"https:\/\/www.miomiorun.com\/es\/wp-json\/wp\/v2\/product\/280004","targetHints":{"allow":["GET"]}}],"collection":[{"href":"https:\/\/www.miomiorun.com\/es\/wp-json\/wp\/v2\/product"}],"about":[{"href":"https:\/\/www.miomiorun.com\/es\/wp-json\/wp\/v2\/types\/product"}],"wp:featuredmedia":[{"embeddable":true,"href":"https:\/\/www.miomiorun.com\/es\/wp-json\/wp\/v2\/media\/233452"}],"wp:attachment":[{"href":"https:\/\/www.miomiorun.com\/es\/wp-json\/wp\/v2\/media?parent=280004"}],"wp:term":[{"taxonomy":"product_brand","embeddable":true,"href":"https:\/\/www.miomiorun.com\/es\/wp-json\/wp\/v2\/product_brand?post=280004"},{"taxonomy":"product_cat","embeddable":true,"href":"https:\/\/www.miomiorun.com\/es\/wp-json\/wp\/v2\/product_cat?post=280004"},{"taxonomy":"product_tag","embeddable":true,"href":"https:\/\/www.miomiorun.com\/es\/wp-json\/wp\/v2\/product_tag?post=280004"}],"curies":[{"name":"wp","href":"https:\/\/api.w.org\/{rel}","templated":true}]}}