{"id":279994,"date":"2021-09-21T17:15:43","date_gmt":"2021-09-21T15:15:43","guid":{"rendered":"https:\/\/miomiorun.com\/prodotto\/compressport-fast-cup\/"},"modified":"2026-04-30T16:46:03","modified_gmt":"2026-04-30T14:46:03","slug":"compressport-fast-cup","status":"publish","type":"product","link":"https:\/\/www.miomiorun.com\/es\/producto\/compressport-fast-cup\/","title":{"rendered":"Fast Cup"},"content":{"rendered":"<p>Se acabaron los tiempos en los que los vasos de pl\u00e1stico acababan esparcidos por la monta\u00f1a tras pasar por los avituallamientos. El vaso plegable <strong>Fast Cup<\/strong> figura como obligatorio en las listas de equipamiento para ultra trail con el fin de reducir los residuos y la contaminaci\u00f3n asociada.<\/p>\n<p>Este vaso flexible para trail, que pesa solo 7 gramos, es ligero y extremadamente resistente, y tiene una capacidad total de 200 ml. El borde r\u00edgido y el orificio ergon\u00f3mico para el pulgar ofrecen una mayor estabilidad, lo que facilita el llenado y permite beber mientras se corre sin que el l\u00edquido se balancee. Resistente al calor, el vaso est\u00e1 dise\u00f1ado para contener tanto bebidas fr\u00edas como calientes y se puede lavar f\u00e1cilmente en el lavavajillas.<\/p>\n<p>Est\u00e1 garantizado al 100 % libre de BPA y PVC, por lo que puedes reutilizarlo con total seguridad carrera tras carrera. Solo tienes que engancharlo a la mochila para cogerlo f\u00e1cilmente o doblarlo y guardarlo en una chaqueta o en el bolsillo del cintur\u00f3n. Independientemente de la prueba que hayas elegido, el Fast Cup es un compa\u00f1ero pr\u00e1ctico y duradero para una hidrataci\u00f3n ecol\u00f3gica all\u00e1 donde vayas a competir.<\/p>\n<div class=\"tab-pane fade in active\" role=\"tabpanel\">\n<p><strong>100 % libre de BPA y PVC<\/strong><\/p>\n<\/div>\n<div class=\"tab-pane fade in active\" role=\"tabpanel\">\n<h3 id=\"techno_278\" class=\"col-lg-4 col-12 collapse show\" data-parent=\"#feat_table_10\" data-bck-image=\"https:\/\/www.compressport.com\/it\/img\/feature_values\/2_278.png\">Peso neto del producto<\/h3>\n<\/div>\n<div>\n<section class=\"product-additional-info pt-4 pb-4\">\n<div class=\"d-flex mt-5 pt-4 pb-md-4 pb-3 text-center box-additional-info align-items-center flex-wrap\">\n<div class=\"col-lg-3 col-md-6 col-12 data-sheet\">\n<p>8,00 g<\/p>\n<\/div>\n<div class=\"data-sheet col-lg-3 col-md-6 col-12 feature_1\">\n<h3>Composiciones<\/h3>\n<p>TPU<\/p>\n<\/div>\n<div class=\"col-lg-3 col-md-6 col-12 data-sheet\">\n<h3>Instrucciones de lavado y cuidado<\/h3>\n<p><img decoding=\"async\" class=\"img-fluid\" src=\"https:\/\/www.compressport.com\/img\/cms\/icons\/picto_wash.png\" \/><\/p>\n<\/div>\n<div class=\"col-lg-3 col-md-6 col-12 data-sheet data-sheet-developed\"><img decoding=\"async\" class=\"img-fluid\" src=\"https:\/\/www.compressport.com\/img\/cms\/icons\/developed_swiss.png\" \/><\/div>\n<\/div>\n<\/section>\n<\/div>\n","protected":false},"excerpt":{"rendered":"<p>Se acabaron los tiempos en los que los vasos de pl\u00e1stico acababan esparcidos por la monta\u00f1a tras pasar por los avituallamientos. El vaso plegable Fast Cup figura como obligatorio en las listas de equipamiento para ultra trail con el fin de reducir los residuos y la contaminaci\u00f3n asociada. Este vaso flexible para trail, que pesa &hellip; <a href=\"https:\/\/www.miomiorun.com\/es\/producto\/compressport-fast-cup\/\">Continued<\/a><\/p>\n","protected":false},"featured_media":233428,"template":"","meta":{"_acf_changed":false,"inline_featured_image":false},"product_brand":[],"product_cat":[24205,24217,24216],"product_tag":[23471],"class_list":{"0":"post-279994","1":"product","2":"type-product","3":"status-publish","4":"has-post-thumbnail","6":"product_cat-accesorios","7":"product_cat-frascos","8":"product_cat-hidratacion","9":"product_tag-compressport-es","10":"pa_attivita-outdoor-es","11":"pa_attivita-trail-es","12":"pa_marca-compressport-es","13":"pa_sesso-hombre","14":"pa_sesso-mujer","16":"first","17":"instock","18":"taxable","19":"shipping-taxable","20":"purchasable","21":"product-type-simple"},"acf":[],"yoast_head":"<!-- This site is optimized with the Yoast SEO plugin v26.8 - https:\/\/yoast.com\/product\/yoast-seo-wordpress\/ -->\n<title>Compressport Fast Cup - Copa corriendo - MioMioRun<\/title>\n<meta name=\"description\" content=\"Se acabaron los tiempos en los que los vasos de pl\u00e1stico quedaban tirados por la monta\u00f1a tras pasar por los avituallamientos.\" \/>\n<meta name=\"robots\" content=\"index, follow, max-snippet:-1, max-image-preview:large, max-video-preview:-1\" \/>\n<link rel=\"canonical\" href=\"https:\/\/www.miomiorun.com\/es\/producto\/compressport-fast-cup\/\" \/>\n<meta property=\"og:locale\" content=\"es_ES\" \/>\n<meta property=\"og:type\" content=\"article\" \/>\n<meta property=\"og:title\" content=\"Compressport Fast Cup - Copa corriendo - MioMioRun\" \/>\n<meta property=\"og:description\" content=\"Se acabaron los tiempos en los que los vasos de pl\u00e1stico quedaban tirados por la monta\u00f1a tras pasar por los avituallamientos.\" \/>\n<meta property=\"og:url\" content=\"https:\/\/www.miomiorun.com\/es\/producto\/compressport-fast-cup\/\" \/>\n<meta property=\"og:site_name\" content=\"MioMioRun\" \/>\n<meta property=\"article:publisher\" content=\"https:\/\/www.facebook.com\/miomiorun\/\" \/>\n<meta property=\"article:modified_time\" content=\"2026-04-30T14:46:03+00:00\" \/>\n<meta property=\"og:image\" content=\"https:\/\/www.miomiorun.com\/app\/uploads\/2021\/09\/compressport-Fast-cup-CU00018B-RED.jpg\" \/>\n\t<meta property=\"og:image:width\" content=\"600\" \/>\n\t<meta property=\"og:image:height\" content=\"600\" \/>\n\t<meta property=\"og:image:type\" content=\"image\/jpeg\" \/>\n<meta name=\"twitter:card\" content=\"summary_large_image\" \/>\n<meta name=\"twitter:label1\" content=\"Est. reading time\" \/>\n\t<meta name=\"twitter:data1\" content=\"1 minute\" \/>\n<script type=\"application\/ld+json\" class=\"yoast-schema-graph\">{\"@context\":\"https:\/\/schema.org\",\"@graph\":[{\"@type\":\"WebPage\",\"@id\":\"https:\/\/www.miomiorun.com\/es\/producto\/compressport-fast-cup\/\",\"url\":\"https:\/\/www.miomiorun.com\/es\/producto\/compressport-fast-cup\/\",\"name\":\"Compressport Fast Cup - Copa corriendo - MioMioRun\",\"isPartOf\":{\"@id\":\"https:\/\/www.miomiorun.com\/es\/#website\"},\"primaryImageOfPage\":{\"@id\":\"https:\/\/www.miomiorun.com\/es\/producto\/compressport-fast-cup\/#primaryimage\"},\"image\":{\"@id\":\"https:\/\/www.miomiorun.com\/es\/producto\/compressport-fast-cup\/#primaryimage\"},\"thumbnailUrl\":\"https:\/\/www.miomiorun.com\/app\/uploads\/2021\/09\/compressport-Fast-cup-CU00018B-RED.jpg\",\"datePublished\":\"2021-09-21T15:15:43+00:00\",\"dateModified\":\"2026-04-30T14:46:03+00:00\",\"description\":\"Se acabaron los tiempos en los que los vasos de pl\u00e1stico quedaban tirados por la monta\u00f1a tras pasar por los avituallamientos.\",\"breadcrumb\":{\"@id\":\"https:\/\/www.miomiorun.com\/es\/producto\/compressport-fast-cup\/#breadcrumb\"},\"inLanguage\":\"es-ES\",\"potentialAction\":[{\"@type\":\"ReadAction\",\"target\":[\"https:\/\/www.miomiorun.com\/es\/producto\/compressport-fast-cup\/\"]}]},{\"@type\":\"ImageObject\",\"inLanguage\":\"es-ES\",\"@id\":\"https:\/\/www.miomiorun.com\/es\/producto\/compressport-fast-cup\/#primaryimage\",\"url\":\"https:\/\/www.miomiorun.com\/app\/uploads\/2021\/09\/compressport-Fast-cup-CU00018B-RED.jpg\",\"contentUrl\":\"https:\/\/www.miomiorun.com\/app\/uploads\/2021\/09\/compressport-Fast-cup-CU00018B-RED.jpg\",\"width\":600,\"height\":600,\"caption\":\"compressport-Fast-cup-CU00018B-RED\"},{\"@type\":\"BreadcrumbList\",\"@id\":\"https:\/\/www.miomiorun.com\/es\/producto\/compressport-fast-cup\/#breadcrumb\",\"itemListElement\":[{\"@type\":\"ListItem\",\"position\":1,\"name\":\"Home\",\"item\":\"https:\/\/www.miomiorun.com\/es\/\"},{\"@type\":\"ListItem\",\"position\":2,\"name\":\"Shop\",\"item\":\"https:\/\/www.miomiorun.com\/shop\/\"},{\"@type\":\"ListItem\",\"position\":3,\"name\":\"Fast Cup\"}]},{\"@type\":\"WebSite\",\"@id\":\"https:\/\/www.miomiorun.com\/es\/#website\",\"url\":\"https:\/\/www.miomiorun.com\/es\/\",\"name\":\"MioMioRun\",\"description\":\"Tienda 100% running y trail\",\"publisher\":{\"@id\":\"https:\/\/www.miomiorun.com\/es\/#organization\"},\"potentialAction\":[{\"@type\":\"SearchAction\",\"target\":{\"@type\":\"EntryPoint\",\"urlTemplate\":\"https:\/\/www.miomiorun.com\/es\/?s={search_term_string}\"},\"query-input\":{\"@type\":\"PropertyValueSpecification\",\"valueRequired\":true,\"valueName\":\"search_term_string\"}}],\"inLanguage\":\"es-ES\"},{\"@type\":\"Organization\",\"@id\":\"https:\/\/www.miomiorun.com\/es\/#organization\",\"name\":\"MioMio Run\",\"url\":\"https:\/\/www.miomiorun.com\/es\/\",\"logo\":{\"@type\":\"ImageObject\",\"inLanguage\":\"es-ES\",\"@id\":\"https:\/\/www.miomiorun.com\/es\/#\/schema\/logo\/image\/\",\"url\":\"https:\/\/www.miomiorun.com\/app\/uploads\/2019\/12\/logomio.png\",\"contentUrl\":\"https:\/\/www.miomiorun.com\/app\/uploads\/2019\/12\/logomio.png\",\"width\":115,\"height\":82,\"caption\":\"MioMio Run\"},\"image\":{\"@id\":\"https:\/\/www.miomiorun.com\/es\/#\/schema\/logo\/image\/\"},\"sameAs\":[\"https:\/\/www.facebook.com\/miomiorun\/\",\"https:\/\/www.instagram.com\/miomiorun\/\"]}]}<\/script>\n<!-- \/ Yoast SEO plugin. -->","yoast_head_json":{"title":"Compressport Fast Cup - Copa corriendo - MioMioRun","description":"Se acabaron los tiempos en los que los vasos de pl\u00e1stico quedaban tirados por la monta\u00f1a tras pasar por los avituallamientos.","robots":{"index":"index","follow":"follow","max-snippet":"max-snippet:-1","max-image-preview":"max-image-preview:large","max-video-preview":"max-video-preview:-1"},"canonical":"https:\/\/www.miomiorun.com\/es\/producto\/compressport-fast-cup\/","og_locale":"es_ES","og_type":"article","og_title":"Compressport Fast Cup - Copa corriendo - MioMioRun","og_description":"Se acabaron los tiempos en los que los vasos de pl\u00e1stico quedaban tirados por la monta\u00f1a tras pasar por los avituallamientos.","og_url":"https:\/\/www.miomiorun.com\/es\/producto\/compressport-fast-cup\/","og_site_name":"MioMioRun","article_publisher":"https:\/\/www.facebook.com\/miomiorun\/","article_modified_time":"2026-04-30T14:46:03+00:00","og_image":[{"width":600,"height":600,"url":"https:\/\/www.miomiorun.com\/app\/uploads\/2021\/09\/compressport-Fast-cup-CU00018B-RED.jpg","type":"image\/jpeg"}],"twitter_card":"summary_large_image","twitter_misc":{"Est. reading time":"1 minute"},"schema":{"@context":"https:\/\/schema.org","@graph":[{"@type":"WebPage","@id":"https:\/\/www.miomiorun.com\/es\/producto\/compressport-fast-cup\/","url":"https:\/\/www.miomiorun.com\/es\/producto\/compressport-fast-cup\/","name":"Compressport Fast Cup - Copa corriendo - MioMioRun","isPartOf":{"@id":"https:\/\/www.miomiorun.com\/es\/#website"},"primaryImageOfPage":{"@id":"https:\/\/www.miomiorun.com\/es\/producto\/compressport-fast-cup\/#primaryimage"},"image":{"@id":"https:\/\/www.miomiorun.com\/es\/producto\/compressport-fast-cup\/#primaryimage"},"thumbnailUrl":"https:\/\/www.miomiorun.com\/app\/uploads\/2021\/09\/compressport-Fast-cup-CU00018B-RED.jpg","datePublished":"2021-09-21T15:15:43+00:00","dateModified":"2026-04-30T14:46:03+00:00","description":"Se acabaron los tiempos en los que los vasos de pl\u00e1stico quedaban tirados por la monta\u00f1a tras pasar por los avituallamientos.","breadcrumb":{"@id":"https:\/\/www.miomiorun.com\/es\/producto\/compressport-fast-cup\/#breadcrumb"},"inLanguage":"es-ES","potentialAction":[{"@type":"ReadAction","target":["https:\/\/www.miomiorun.com\/es\/producto\/compressport-fast-cup\/"]}]},{"@type":"ImageObject","inLanguage":"es-ES","@id":"https:\/\/www.miomiorun.com\/es\/producto\/compressport-fast-cup\/#primaryimage","url":"https:\/\/www.miomiorun.com\/app\/uploads\/2021\/09\/compressport-Fast-cup-CU00018B-RED.jpg","contentUrl":"https:\/\/www.miomiorun.com\/app\/uploads\/2021\/09\/compressport-Fast-cup-CU00018B-RED.jpg","width":600,"height":600,"caption":"compressport-Fast-cup-CU00018B-RED"},{"@type":"BreadcrumbList","@id":"https:\/\/www.miomiorun.com\/es\/producto\/compressport-fast-cup\/#breadcrumb","itemListElement":[{"@type":"ListItem","position":1,"name":"Home","item":"https:\/\/www.miomiorun.com\/es\/"},{"@type":"ListItem","position":2,"name":"Shop","item":"https:\/\/www.miomiorun.com\/shop\/"},{"@type":"ListItem","position":3,"name":"Fast Cup"}]},{"@type":"WebSite","@id":"https:\/\/www.miomiorun.com\/es\/#website","url":"https:\/\/www.miomiorun.com\/es\/","name":"MioMioRun","description":"Tienda 100% running y trail","publisher":{"@id":"https:\/\/www.miomiorun.com\/es\/#organization"},"potentialAction":[{"@type":"SearchAction","target":{"@type":"EntryPoint","urlTemplate":"https:\/\/www.miomiorun.com\/es\/?s={search_term_string}"},"query-input":{"@type":"PropertyValueSpecification","valueRequired":true,"valueName":"search_term_string"}}],"inLanguage":"es-ES"},{"@type":"Organization","@id":"https:\/\/www.miomiorun.com\/es\/#organization","name":"MioMio Run","url":"https:\/\/www.miomiorun.com\/es\/","logo":{"@type":"ImageObject","inLanguage":"es-ES","@id":"https:\/\/www.miomiorun.com\/es\/#\/schema\/logo\/image\/","url":"https:\/\/www.miomiorun.com\/app\/uploads\/2019\/12\/logomio.png","contentUrl":"https:\/\/www.miomiorun.com\/app\/uploads\/2019\/12\/logomio.png","width":115,"height":82,"caption":"MioMio Run"},"image":{"@id":"https:\/\/www.miomiorun.com\/es\/#\/schema\/logo\/image\/"},"sameAs":["https:\/\/www.facebook.com\/miomiorun\/","https:\/\/www.instagram.com\/miomiorun\/"]}]}},"_links":{"self":[{"href":"https:\/\/www.miomiorun.com\/es\/wp-json\/wp\/v2\/product\/279994","targetHints":{"allow":["GET"]}}],"collection":[{"href":"https:\/\/www.miomiorun.com\/es\/wp-json\/wp\/v2\/product"}],"about":[{"href":"https:\/\/www.miomiorun.com\/es\/wp-json\/wp\/v2\/types\/product"}],"wp:featuredmedia":[{"embeddable":true,"href":"https:\/\/www.miomiorun.com\/es\/wp-json\/wp\/v2\/media\/233428"}],"wp:attachment":[{"href":"https:\/\/www.miomiorun.com\/es\/wp-json\/wp\/v2\/media?parent=279994"}],"wp:term":[{"taxonomy":"product_brand","embeddable":true,"href":"https:\/\/www.miomiorun.com\/es\/wp-json\/wp\/v2\/product_brand?post=279994"},{"taxonomy":"product_cat","embeddable":true,"href":"https:\/\/www.miomiorun.com\/es\/wp-json\/wp\/v2\/product_cat?post=279994"},{"taxonomy":"product_tag","embeddable":true,"href":"https:\/\/www.miomiorun.com\/es\/wp-json\/wp\/v2\/product_tag?post=279994"}],"curies":[{"name":"wp","href":"https:\/\/api.w.org\/{rel}","templated":true}]}}