{"id":279892,"date":"2021-10-02T10:04:01","date_gmt":"2021-10-02T08:04:01","guid":{"rendered":"https:\/\/miomiorun.com\/prodotto\/cep-animal-mid-cut-uomo\/"},"modified":"2026-04-30T16:48:41","modified_gmt":"2026-04-30T14:48:41","slug":"cep-animal-mid-cut-hombre","status":"publish","type":"product","link":"https:\/\/www.miomiorun.com\/es\/producto\/cep-animal-mid-cut-hombre\/","title":{"rendered":"Animal Mid Cut hombre"},"content":{"rendered":"<p>\u00a1Alcanza tus objetivos de carrera con la flexibilidad de un felino! Con la moderna tecnolog\u00eda de los calcetines de compresi\u00f3n Animal Compression Mid Cut para hombre, tus nuevas marcas personales est\u00e1n al alcance de la mano. El <strong>efecto activador de la compresi\u00f3n<\/strong> se combina con un ajuste \u00f3ptimo en cualquier situaci\u00f3n. Podr\u00e1s disfrutar de una sensaci\u00f3n agradable y mejorar tu rendimiento. Estos calcetines de compresi\u00f3n son lo m\u00e1s gracias a su dise\u00f1o de leopardo, muy a la moda y que no pasa desapercibido.<\/p>\n<h3>Las interrupciones indeseadas causadas por ampollas son cosa del pasado<\/h3>\n<p>\u00bfAlguna vez has tenido que dejar de entrenar por culpa de las ampollas? Con estos calcetines de compresi\u00f3n para mujer, eso ya no volver\u00e1 a pasar. Gracias a su <strong>ajuste ce\u00f1ido<\/strong> y a su <strong>reconocida combinaci\u00f3n de materiales<\/strong>, se mantienen fijos en el pie sin resbalar. Esto <strong>previene la aparici\u00f3n de ampollas<\/strong>, ya que estas se forman principalmente por la fricci\u00f3n.<\/p>\n<h3>Menor riesgo de lesiones gracias a la estimulaci\u00f3n profunda<\/h3>\n<p>La compresi\u00f3n media garantiza una estimulaci\u00f3n profunda y <strong>estabiliza las articulaciones<\/strong>. Al mismo tiempo, <strong>aumenta tu propiocepci\u00f3n<\/strong> durante el movimiento. Por eso, los calcetines Animal Compression Mid Cut para hombre contribuyen a un entrenamiento m\u00e1s seguro: se reduce la probabilidad de sufrir esguinces y lesiones.<\/p>\n<h3>Disfruta de la m\u00e1xima comodidad gracias a una amortiguaci\u00f3n adicional<\/h3>\n<p>Las medias de compresi\u00f3n para hombre optimizan la amortiguaci\u00f3n de tus zapatillas de running. Por eso cuentan con zonas acolchadas integradas en la planta del pie y son fant\u00e1sticas: protegen tu <strong>aparato locomotor y optimizan el ajuste del pie dentro de la zapatilla de running.<\/strong><\/p>\n","protected":false},"excerpt":{"rendered":"<p>\u00a1Alcanza tus objetivos de carrera con la flexibilidad de un felino! Con la moderna tecnolog\u00eda de los calcetines de compresi\u00f3n Animal Compression Mid Cut para hombre, tus nuevas marcas personales est\u00e1n al alcance de la mano. El efecto activador de la compresi\u00f3n se combina con un ajuste \u00f3ptimo en cualquier situaci\u00f3n. Podr\u00e1s disfrutar de una &hellip; <a href=\"https:\/\/www.miomiorun.com\/es\/producto\/cep-animal-mid-cut-hombre\/\">Continued<\/a><\/p>\n","protected":false},"featured_media":233594,"template":"","meta":{"_acf_changed":false,"inline_featured_image":false},"product_brand":[],"product_cat":[24462,24463,24464],"product_tag":[23468,23665],"class_list":{"0":"post-279892","1":"product","2":"type-product","3":"status-publish","4":"has-post-thumbnail","6":"product_cat-calcetines-es-2","7":"product_cat-ropa-de-hombre-es","8":"product_cat-hombre","9":"product_tag-cep-es","10":"product_tag-cep-hombre","11":"pa_attivita-caminar","12":"pa_attivita-running-es","13":"pa_colore-animal-mid-cut-socks-black-white-es","14":"pa_marca-cep-es","15":"pa_sesso-hombre","16":"pa_size-45-48-es","18":"first","19":"instock","20":"sale","21":"taxable","22":"shipping-taxable","23":"purchasable","24":"product-type-variable","25":"wvs-archive-product-wrapper"},"acf":[],"yoast_head":"<!-- This site is optimized with the Yoast SEO plugin v26.8 - https:\/\/yoast.com\/product\/yoast-seo-wordpress\/ -->\n<title>Cep Animal Mid Cut hombre - Calce corriendo- MioMioRun.com<\/title>\n<meta name=\"description\" content=\"Gracias a la moderna tecnolog\u00eda de los calcetines Animal Compression Mid Cut para hombre, tus nuevas marcas personales est\u00e1n al alcance de la mano.\" \/>\n<meta name=\"robots\" content=\"index, follow, max-snippet:-1, max-image-preview:large, max-video-preview:-1\" \/>\n<link rel=\"canonical\" href=\"https:\/\/www.miomiorun.com\/es\/producto\/cep-animal-mid-cut-hombre\/\" \/>\n<meta property=\"og:locale\" content=\"es_ES\" \/>\n<meta property=\"og:type\" content=\"article\" \/>\n<meta property=\"og:title\" content=\"Cep Animal Mid Cut hombre - Calce corriendo- MioMioRun.com\" \/>\n<meta property=\"og:description\" content=\"Gracias a la moderna tecnolog\u00eda de los calcetines Animal Compression Mid Cut para hombre, tus nuevas marcas personales est\u00e1n al alcance de la mano.\" \/>\n<meta property=\"og:url\" content=\"https:\/\/www.miomiorun.com\/es\/producto\/cep-animal-mid-cut-hombre\/\" \/>\n<meta property=\"og:site_name\" content=\"MioMioRun\" \/>\n<meta property=\"article:publisher\" content=\"https:\/\/www.facebook.com\/miomiorun\/\" \/>\n<meta property=\"article:modified_time\" content=\"2026-04-30T14:48:41+00:00\" \/>\n<meta property=\"og:image\" content=\"https:\/\/www.miomiorun.com\/app\/uploads\/2021\/10\/cep-Animal-mid-cut-WP3CBD.jpg\" \/>\n\t<meta property=\"og:image:width\" content=\"600\" \/>\n\t<meta property=\"og:image:height\" content=\"600\" \/>\n\t<meta property=\"og:image:type\" content=\"image\/jpeg\" \/>\n<meta name=\"twitter:card\" content=\"summary_large_image\" \/>\n<meta name=\"twitter:label1\" content=\"Est. reading time\" \/>\n\t<meta name=\"twitter:data1\" content=\"1 minute\" \/>\n<script type=\"application\/ld+json\" class=\"yoast-schema-graph\">{\"@context\":\"https:\/\/schema.org\",\"@graph\":[{\"@type\":\"WebPage\",\"@id\":\"https:\/\/www.miomiorun.com\/es\/producto\/cep-animal-mid-cut-hombre\/\",\"url\":\"https:\/\/www.miomiorun.com\/es\/producto\/cep-animal-mid-cut-hombre\/\",\"name\":\"Cep Animal Mid Cut hombre - Calce corriendo- MioMioRun.com\",\"isPartOf\":{\"@id\":\"https:\/\/www.miomiorun.com\/es\/#website\"},\"primaryImageOfPage\":{\"@id\":\"https:\/\/www.miomiorun.com\/es\/producto\/cep-animal-mid-cut-hombre\/#primaryimage\"},\"image\":{\"@id\":\"https:\/\/www.miomiorun.com\/es\/producto\/cep-animal-mid-cut-hombre\/#primaryimage\"},\"thumbnailUrl\":\"https:\/\/www.miomiorun.com\/app\/uploads\/2021\/10\/cep-Animal-mid-cut-WP3CBD.jpg\",\"datePublished\":\"2021-10-02T08:04:01+00:00\",\"dateModified\":\"2026-04-30T14:48:41+00:00\",\"description\":\"Gracias a la moderna tecnolog\u00eda de los calcetines Animal Compression Mid Cut para hombre, tus nuevas marcas personales est\u00e1n al alcance de la mano.\",\"breadcrumb\":{\"@id\":\"https:\/\/www.miomiorun.com\/es\/producto\/cep-animal-mid-cut-hombre\/#breadcrumb\"},\"inLanguage\":\"es-ES\",\"potentialAction\":[{\"@type\":\"ReadAction\",\"target\":[\"https:\/\/www.miomiorun.com\/es\/producto\/cep-animal-mid-cut-hombre\/\"]}]},{\"@type\":\"ImageObject\",\"inLanguage\":\"es-ES\",\"@id\":\"https:\/\/www.miomiorun.com\/es\/producto\/cep-animal-mid-cut-hombre\/#primaryimage\",\"url\":\"https:\/\/www.miomiorun.com\/app\/uploads\/2021\/10\/cep-Animal-mid-cut-WP3CBD.jpg\",\"contentUrl\":\"https:\/\/www.miomiorun.com\/app\/uploads\/2021\/10\/cep-Animal-mid-cut-WP3CBD.jpg\",\"width\":600,\"height\":600,\"caption\":\"cep-Animal-mid-cut-WP3CBD\"},{\"@type\":\"BreadcrumbList\",\"@id\":\"https:\/\/www.miomiorun.com\/es\/producto\/cep-animal-mid-cut-hombre\/#breadcrumb\",\"itemListElement\":[{\"@type\":\"ListItem\",\"position\":1,\"name\":\"Home\",\"item\":\"https:\/\/www.miomiorun.com\/es\/\"},{\"@type\":\"ListItem\",\"position\":2,\"name\":\"Shop\",\"item\":\"https:\/\/www.miomiorun.com\/shop\/\"},{\"@type\":\"ListItem\",\"position\":3,\"name\":\"Animal Mid Cut hombre\"}]},{\"@type\":\"WebSite\",\"@id\":\"https:\/\/www.miomiorun.com\/es\/#website\",\"url\":\"https:\/\/www.miomiorun.com\/es\/\",\"name\":\"MioMioRun\",\"description\":\"Tienda 100% running y trail\",\"publisher\":{\"@id\":\"https:\/\/www.miomiorun.com\/es\/#organization\"},\"potentialAction\":[{\"@type\":\"SearchAction\",\"target\":{\"@type\":\"EntryPoint\",\"urlTemplate\":\"https:\/\/www.miomiorun.com\/es\/?s={search_term_string}\"},\"query-input\":{\"@type\":\"PropertyValueSpecification\",\"valueRequired\":true,\"valueName\":\"search_term_string\"}}],\"inLanguage\":\"es-ES\"},{\"@type\":\"Organization\",\"@id\":\"https:\/\/www.miomiorun.com\/es\/#organization\",\"name\":\"MioMio Run\",\"url\":\"https:\/\/www.miomiorun.com\/es\/\",\"logo\":{\"@type\":\"ImageObject\",\"inLanguage\":\"es-ES\",\"@id\":\"https:\/\/www.miomiorun.com\/es\/#\/schema\/logo\/image\/\",\"url\":\"https:\/\/www.miomiorun.com\/app\/uploads\/2019\/12\/logomio.png\",\"contentUrl\":\"https:\/\/www.miomiorun.com\/app\/uploads\/2019\/12\/logomio.png\",\"width\":115,\"height\":82,\"caption\":\"MioMio Run\"},\"image\":{\"@id\":\"https:\/\/www.miomiorun.com\/es\/#\/schema\/logo\/image\/\"},\"sameAs\":[\"https:\/\/www.facebook.com\/miomiorun\/\",\"https:\/\/www.instagram.com\/miomiorun\/\"]}]}<\/script>\n<!-- \/ Yoast SEO plugin. -->","yoast_head_json":{"title":"Cep Animal Mid Cut hombre - Calce corriendo- MioMioRun.com","description":"Gracias a la moderna tecnolog\u00eda de los calcetines Animal Compression Mid Cut para hombre, tus nuevas marcas personales est\u00e1n al alcance de la mano.","robots":{"index":"index","follow":"follow","max-snippet":"max-snippet:-1","max-image-preview":"max-image-preview:large","max-video-preview":"max-video-preview:-1"},"canonical":"https:\/\/www.miomiorun.com\/es\/producto\/cep-animal-mid-cut-hombre\/","og_locale":"es_ES","og_type":"article","og_title":"Cep Animal Mid Cut hombre - Calce corriendo- MioMioRun.com","og_description":"Gracias a la moderna tecnolog\u00eda de los calcetines Animal Compression Mid Cut para hombre, tus nuevas marcas personales est\u00e1n al alcance de la mano.","og_url":"https:\/\/www.miomiorun.com\/es\/producto\/cep-animal-mid-cut-hombre\/","og_site_name":"MioMioRun","article_publisher":"https:\/\/www.facebook.com\/miomiorun\/","article_modified_time":"2026-04-30T14:48:41+00:00","og_image":[{"width":600,"height":600,"url":"https:\/\/www.miomiorun.com\/app\/uploads\/2021\/10\/cep-Animal-mid-cut-WP3CBD.jpg","type":"image\/jpeg"}],"twitter_card":"summary_large_image","twitter_misc":{"Est. reading time":"1 minute"},"schema":{"@context":"https:\/\/schema.org","@graph":[{"@type":"WebPage","@id":"https:\/\/www.miomiorun.com\/es\/producto\/cep-animal-mid-cut-hombre\/","url":"https:\/\/www.miomiorun.com\/es\/producto\/cep-animal-mid-cut-hombre\/","name":"Cep Animal Mid Cut hombre - Calce corriendo- MioMioRun.com","isPartOf":{"@id":"https:\/\/www.miomiorun.com\/es\/#website"},"primaryImageOfPage":{"@id":"https:\/\/www.miomiorun.com\/es\/producto\/cep-animal-mid-cut-hombre\/#primaryimage"},"image":{"@id":"https:\/\/www.miomiorun.com\/es\/producto\/cep-animal-mid-cut-hombre\/#primaryimage"},"thumbnailUrl":"https:\/\/www.miomiorun.com\/app\/uploads\/2021\/10\/cep-Animal-mid-cut-WP3CBD.jpg","datePublished":"2021-10-02T08:04:01+00:00","dateModified":"2026-04-30T14:48:41+00:00","description":"Gracias a la moderna tecnolog\u00eda de los calcetines Animal Compression Mid Cut para hombre, tus nuevas marcas personales est\u00e1n al alcance de la mano.","breadcrumb":{"@id":"https:\/\/www.miomiorun.com\/es\/producto\/cep-animal-mid-cut-hombre\/#breadcrumb"},"inLanguage":"es-ES","potentialAction":[{"@type":"ReadAction","target":["https:\/\/www.miomiorun.com\/es\/producto\/cep-animal-mid-cut-hombre\/"]}]},{"@type":"ImageObject","inLanguage":"es-ES","@id":"https:\/\/www.miomiorun.com\/es\/producto\/cep-animal-mid-cut-hombre\/#primaryimage","url":"https:\/\/www.miomiorun.com\/app\/uploads\/2021\/10\/cep-Animal-mid-cut-WP3CBD.jpg","contentUrl":"https:\/\/www.miomiorun.com\/app\/uploads\/2021\/10\/cep-Animal-mid-cut-WP3CBD.jpg","width":600,"height":600,"caption":"cep-Animal-mid-cut-WP3CBD"},{"@type":"BreadcrumbList","@id":"https:\/\/www.miomiorun.com\/es\/producto\/cep-animal-mid-cut-hombre\/#breadcrumb","itemListElement":[{"@type":"ListItem","position":1,"name":"Home","item":"https:\/\/www.miomiorun.com\/es\/"},{"@type":"ListItem","position":2,"name":"Shop","item":"https:\/\/www.miomiorun.com\/shop\/"},{"@type":"ListItem","position":3,"name":"Animal Mid Cut hombre"}]},{"@type":"WebSite","@id":"https:\/\/www.miomiorun.com\/es\/#website","url":"https:\/\/www.miomiorun.com\/es\/","name":"MioMioRun","description":"Tienda 100% running y trail","publisher":{"@id":"https:\/\/www.miomiorun.com\/es\/#organization"},"potentialAction":[{"@type":"SearchAction","target":{"@type":"EntryPoint","urlTemplate":"https:\/\/www.miomiorun.com\/es\/?s={search_term_string}"},"query-input":{"@type":"PropertyValueSpecification","valueRequired":true,"valueName":"search_term_string"}}],"inLanguage":"es-ES"},{"@type":"Organization","@id":"https:\/\/www.miomiorun.com\/es\/#organization","name":"MioMio Run","url":"https:\/\/www.miomiorun.com\/es\/","logo":{"@type":"ImageObject","inLanguage":"es-ES","@id":"https:\/\/www.miomiorun.com\/es\/#\/schema\/logo\/image\/","url":"https:\/\/www.miomiorun.com\/app\/uploads\/2019\/12\/logomio.png","contentUrl":"https:\/\/www.miomiorun.com\/app\/uploads\/2019\/12\/logomio.png","width":115,"height":82,"caption":"MioMio Run"},"image":{"@id":"https:\/\/www.miomiorun.com\/es\/#\/schema\/logo\/image\/"},"sameAs":["https:\/\/www.facebook.com\/miomiorun\/","https:\/\/www.instagram.com\/miomiorun\/"]}]}},"_links":{"self":[{"href":"https:\/\/www.miomiorun.com\/es\/wp-json\/wp\/v2\/product\/279892","targetHints":{"allow":["GET"]}}],"collection":[{"href":"https:\/\/www.miomiorun.com\/es\/wp-json\/wp\/v2\/product"}],"about":[{"href":"https:\/\/www.miomiorun.com\/es\/wp-json\/wp\/v2\/types\/product"}],"wp:featuredmedia":[{"embeddable":true,"href":"https:\/\/www.miomiorun.com\/es\/wp-json\/wp\/v2\/media\/233594"}],"wp:attachment":[{"href":"https:\/\/www.miomiorun.com\/es\/wp-json\/wp\/v2\/media?parent=279892"}],"wp:term":[{"taxonomy":"product_brand","embeddable":true,"href":"https:\/\/www.miomiorun.com\/es\/wp-json\/wp\/v2\/product_brand?post=279892"},{"taxonomy":"product_cat","embeddable":true,"href":"https:\/\/www.miomiorun.com\/es\/wp-json\/wp\/v2\/product_cat?post=279892"},{"taxonomy":"product_tag","embeddable":true,"href":"https:\/\/www.miomiorun.com\/es\/wp-json\/wp\/v2\/product_tag?post=279892"}],"curies":[{"name":"wp","href":"https:\/\/api.w.org\/{rel}","templated":true}]}}