{"id":279830,"date":"2021-10-08T17:57:25","date_gmt":"2021-10-08T15:57:25","guid":{"rendered":"https:\/\/miomiorun.com\/prodotto\/montura-sporty-winter-pants-donna\/"},"modified":"2026-04-30T17:04:02","modified_gmt":"2026-04-30T15:04:02","slug":"montura-sporty-winter-pants-mujer","status":"publish","type":"product","link":"https:\/\/www.miomiorun.com\/es\/producto\/montura-sporty-winter-pants-mujer\/","title":{"rendered":"Sporty Winter Pants mujer"},"content":{"rendered":"<div class=\"product-attribute-season\">\n<p><strong>Los pantalones Sporty Winter Pants<\/strong> son unos pantalones de invierno para mujer perfectos para llevar durante la temporada invernal y para las salidas a la monta\u00f1a. Confeccionados en tejido de jersey de nailon y licra el\u00e1stica, son una prenda ideal tanto para hacer ejercicio como para el tiempo libre.<\/p>\n<h3>Caracter\u00edsticas:<\/h3>\n<p>\u2022 Pantal\u00f3n largo para mujer<br \/>\n\u2022 Tejido de nailon el\u00e1stico con tratamiento DWR y felpa en el rev\u00e9s<br \/>\n\u2022 Cintura con el\u00e1stico<br \/>\n\u2022 Prenda ideal para diversas actividades al aire libre y de ocio en climas fr\u00edos<\/p>\n<\/div>\n<p>&nbsp;<\/p>\n<div class=\"product-attribute-season\">\n<p class=\"product-weight\">Peso: 0,19 kg<\/p>\n<div class=\"product-attribute-season\"><img loading=\"lazy\" decoding=\"async\" class=\"\" src=\"https:\/\/www.montura.it\/pub\/media\/amasty\/shopby\/option_images\/slider\/climate_2.svg\" alt=\"Caldo\/Freddo\" width=\"82\" height=\"109\" \/><img loading=\"lazy\" decoding=\"async\" class=\"\" src=\"https:\/\/www.montura.it\/pub\/media\/amasty\/shopby\/option_images\/slider\/breathable_1.svg\" alt=\"breathable\" width=\"108\" height=\"101\" \/><img loading=\"lazy\" decoding=\"async\" class=\"\" src=\"https:\/\/www.montura.it\/pub\/media\/amasty\/shopby\/option_images\/slider\/water_repellent_1_1.svg\" alt=\"waterrepellent\" width=\"144\" height=\"101\" \/><\/div>\n<div class=\"product-attribute product-attribute-passion\">\n<h3 class=\"attribute-label\">Actividades<\/h3>\n<p><img decoding=\"async\" src=\"https:\/\/www.montura.it\/pub\/media\/amasty\/shopby\/option_images\/slider\/ICM103.svg\" alt=\"ICM103\" \/><\/p>\n<\/div>\n<\/div>\n","protected":false},"excerpt":{"rendered":"<p>Los pantalones Sporty Winter Pants son unos pantalones de invierno para mujer perfectos para llevar durante la temporada invernal y para las salidas a la monta\u00f1a. Confeccionados en tejido de jersey de nailon y licra el\u00e1stica, son una prenda ideal tanto para hacer ejercicio como para el tiempo libre. Caracter\u00edsticas: \u2022 Pantal\u00f3n largo para mujer &hellip; <a href=\"https:\/\/www.miomiorun.com\/es\/producto\/montura-sporty-winter-pants-mujer\/\">Continued<\/a><\/p>\n","protected":false},"featured_media":238685,"template":"","meta":{"_acf_changed":false,"inline_featured_image":false},"product_brand":[],"product_cat":[24225,24401,24402],"product_tag":[23513,23631],"class_list":{"0":"post-279830","1":"product","2":"type-product","3":"status-publish","4":"has-post-thumbnail","6":"product_cat-pantalones-largos","7":"product_cat-ropa-de-mujer","8":"product_cat-mujer","9":"product_tag-montura-es","10":"product_tag-montura-mujer","11":"pa_attivita-caminar","12":"pa_attivita-outdoor-es","13":"pa_colore-sporty-winter-pants-w-nero-es","14":"pa_marca-montura-es","15":"pa_sesso-mujer","16":"pa_size-small-es","17":"pa_size-large-es","19":"first","20":"instock","21":"taxable","22":"shipping-taxable","23":"purchasable","24":"product-type-variable","25":"wvs-archive-product-wrapper"},"acf":[],"yoast_head":"<!-- This site is optimized with the Yoast SEO plugin v26.8 - https:\/\/yoast.com\/product\/yoast-seo-wordpress\/ -->\n<title>Montura Sporty Winter Pants mujer - pantalones de invierno - MioMioRun<\/title>\n<meta name=\"description\" content=\"Los pantalones Sporty Winter Pants son unos pantalones de invierno para mujer perfectos para llevar durante la temporada de invierno.\" \/>\n<meta name=\"robots\" content=\"index, follow, max-snippet:-1, max-image-preview:large, max-video-preview:-1\" \/>\n<link rel=\"canonical\" href=\"https:\/\/www.miomiorun.com\/es\/producto\/montura-sporty-winter-pants-mujer\/\" \/>\n<meta property=\"og:locale\" content=\"es_ES\" \/>\n<meta property=\"og:type\" content=\"article\" \/>\n<meta property=\"og:title\" content=\"Montura Sporty Winter Pants mujer - pantalones de invierno - MioMioRun\" \/>\n<meta property=\"og:description\" content=\"Los pantalones Sporty Winter Pants son unos pantalones de invierno para mujer perfectos para llevar durante la temporada de invierno.\" \/>\n<meta property=\"og:url\" content=\"https:\/\/www.miomiorun.com\/es\/producto\/montura-sporty-winter-pants-mujer\/\" \/>\n<meta property=\"og:site_name\" content=\"MioMioRun\" \/>\n<meta property=\"article:publisher\" content=\"https:\/\/www.facebook.com\/miomiorun\/\" \/>\n<meta property=\"article:modified_time\" content=\"2026-04-30T15:04:02+00:00\" \/>\n<meta property=\"og:image\" content=\"https:\/\/www.miomiorun.com\/app\/uploads\/2022\/12\/montura-sporty-winter-pants-W-nero-MPLR40W.90.jpg\" \/>\n\t<meta property=\"og:image:width\" content=\"600\" \/>\n\t<meta property=\"og:image:height\" content=\"600\" \/>\n\t<meta property=\"og:image:type\" content=\"image\/jpeg\" \/>\n<meta name=\"twitter:card\" content=\"summary_large_image\" \/>\n<script type=\"application\/ld+json\" class=\"yoast-schema-graph\">{\"@context\":\"https:\/\/schema.org\",\"@graph\":[{\"@type\":\"WebPage\",\"@id\":\"https:\/\/www.miomiorun.com\/es\/producto\/montura-sporty-winter-pants-mujer\/\",\"url\":\"https:\/\/www.miomiorun.com\/es\/producto\/montura-sporty-winter-pants-mujer\/\",\"name\":\"Montura Sporty Winter Pants mujer - pantalones de invierno - MioMioRun\",\"isPartOf\":{\"@id\":\"https:\/\/www.miomiorun.com\/es\/#website\"},\"primaryImageOfPage\":{\"@id\":\"https:\/\/www.miomiorun.com\/es\/producto\/montura-sporty-winter-pants-mujer\/#primaryimage\"},\"image\":{\"@id\":\"https:\/\/www.miomiorun.com\/es\/producto\/montura-sporty-winter-pants-mujer\/#primaryimage\"},\"thumbnailUrl\":\"https:\/\/www.miomiorun.com\/app\/uploads\/2022\/12\/montura-sporty-winter-pants-W-nero-MPLR40W.90.jpg\",\"datePublished\":\"2021-10-08T15:57:25+00:00\",\"dateModified\":\"2026-04-30T15:04:02+00:00\",\"description\":\"Los pantalones Sporty Winter Pants son unos pantalones de invierno para mujer perfectos para llevar durante la temporada de invierno.\",\"breadcrumb\":{\"@id\":\"https:\/\/www.miomiorun.com\/es\/producto\/montura-sporty-winter-pants-mujer\/#breadcrumb\"},\"inLanguage\":\"es-ES\",\"potentialAction\":[{\"@type\":\"ReadAction\",\"target\":[\"https:\/\/www.miomiorun.com\/es\/producto\/montura-sporty-winter-pants-mujer\/\"]}]},{\"@type\":\"ImageObject\",\"inLanguage\":\"es-ES\",\"@id\":\"https:\/\/www.miomiorun.com\/es\/producto\/montura-sporty-winter-pants-mujer\/#primaryimage\",\"url\":\"https:\/\/www.miomiorun.com\/app\/uploads\/2022\/12\/montura-sporty-winter-pants-W-nero-MPLR40W.90.jpg\",\"contentUrl\":\"https:\/\/www.miomiorun.com\/app\/uploads\/2022\/12\/montura-sporty-winter-pants-W-nero-MPLR40W.90.jpg\",\"width\":600,\"height\":600,\"caption\":\"montura-sporty-winter-pants-W-nero-MPLR40W.90\"},{\"@type\":\"BreadcrumbList\",\"@id\":\"https:\/\/www.miomiorun.com\/es\/producto\/montura-sporty-winter-pants-mujer\/#breadcrumb\",\"itemListElement\":[{\"@type\":\"ListItem\",\"position\":1,\"name\":\"Home\",\"item\":\"https:\/\/www.miomiorun.com\/es\/\"},{\"@type\":\"ListItem\",\"position\":2,\"name\":\"Shop\",\"item\":\"https:\/\/www.miomiorun.com\/shop\/\"},{\"@type\":\"ListItem\",\"position\":3,\"name\":\"Sporty Winter Pants mujer\"}]},{\"@type\":\"WebSite\",\"@id\":\"https:\/\/www.miomiorun.com\/es\/#website\",\"url\":\"https:\/\/www.miomiorun.com\/es\/\",\"name\":\"MioMioRun\",\"description\":\"Tienda 100% running y trail\",\"publisher\":{\"@id\":\"https:\/\/www.miomiorun.com\/es\/#organization\"},\"potentialAction\":[{\"@type\":\"SearchAction\",\"target\":{\"@type\":\"EntryPoint\",\"urlTemplate\":\"https:\/\/www.miomiorun.com\/es\/?s={search_term_string}\"},\"query-input\":{\"@type\":\"PropertyValueSpecification\",\"valueRequired\":true,\"valueName\":\"search_term_string\"}}],\"inLanguage\":\"es-ES\"},{\"@type\":\"Organization\",\"@id\":\"https:\/\/www.miomiorun.com\/es\/#organization\",\"name\":\"MioMio Run\",\"url\":\"https:\/\/www.miomiorun.com\/es\/\",\"logo\":{\"@type\":\"ImageObject\",\"inLanguage\":\"es-ES\",\"@id\":\"https:\/\/www.miomiorun.com\/es\/#\/schema\/logo\/image\/\",\"url\":\"https:\/\/www.miomiorun.com\/app\/uploads\/2019\/12\/logomio.png\",\"contentUrl\":\"https:\/\/www.miomiorun.com\/app\/uploads\/2019\/12\/logomio.png\",\"width\":115,\"height\":82,\"caption\":\"MioMio Run\"},\"image\":{\"@id\":\"https:\/\/www.miomiorun.com\/es\/#\/schema\/logo\/image\/\"},\"sameAs\":[\"https:\/\/www.facebook.com\/miomiorun\/\",\"https:\/\/www.instagram.com\/miomiorun\/\"]}]}<\/script>\n<!-- \/ Yoast SEO plugin. -->","yoast_head_json":{"title":"Montura Sporty Winter Pants mujer - pantalones de invierno - MioMioRun","description":"Los pantalones Sporty Winter Pants son unos pantalones de invierno para mujer perfectos para llevar durante la temporada de invierno.","robots":{"index":"index","follow":"follow","max-snippet":"max-snippet:-1","max-image-preview":"max-image-preview:large","max-video-preview":"max-video-preview:-1"},"canonical":"https:\/\/www.miomiorun.com\/es\/producto\/montura-sporty-winter-pants-mujer\/","og_locale":"es_ES","og_type":"article","og_title":"Montura Sporty Winter Pants mujer - pantalones de invierno - MioMioRun","og_description":"Los pantalones Sporty Winter Pants son unos pantalones de invierno para mujer perfectos para llevar durante la temporada de invierno.","og_url":"https:\/\/www.miomiorun.com\/es\/producto\/montura-sporty-winter-pants-mujer\/","og_site_name":"MioMioRun","article_publisher":"https:\/\/www.facebook.com\/miomiorun\/","article_modified_time":"2026-04-30T15:04:02+00:00","og_image":[{"width":600,"height":600,"url":"https:\/\/www.miomiorun.com\/app\/uploads\/2022\/12\/montura-sporty-winter-pants-W-nero-MPLR40W.90.jpg","type":"image\/jpeg"}],"twitter_card":"summary_large_image","schema":{"@context":"https:\/\/schema.org","@graph":[{"@type":"WebPage","@id":"https:\/\/www.miomiorun.com\/es\/producto\/montura-sporty-winter-pants-mujer\/","url":"https:\/\/www.miomiorun.com\/es\/producto\/montura-sporty-winter-pants-mujer\/","name":"Montura Sporty Winter Pants mujer - pantalones de invierno - MioMioRun","isPartOf":{"@id":"https:\/\/www.miomiorun.com\/es\/#website"},"primaryImageOfPage":{"@id":"https:\/\/www.miomiorun.com\/es\/producto\/montura-sporty-winter-pants-mujer\/#primaryimage"},"image":{"@id":"https:\/\/www.miomiorun.com\/es\/producto\/montura-sporty-winter-pants-mujer\/#primaryimage"},"thumbnailUrl":"https:\/\/www.miomiorun.com\/app\/uploads\/2022\/12\/montura-sporty-winter-pants-W-nero-MPLR40W.90.jpg","datePublished":"2021-10-08T15:57:25+00:00","dateModified":"2026-04-30T15:04:02+00:00","description":"Los pantalones Sporty Winter Pants son unos pantalones de invierno para mujer perfectos para llevar durante la temporada de invierno.","breadcrumb":{"@id":"https:\/\/www.miomiorun.com\/es\/producto\/montura-sporty-winter-pants-mujer\/#breadcrumb"},"inLanguage":"es-ES","potentialAction":[{"@type":"ReadAction","target":["https:\/\/www.miomiorun.com\/es\/producto\/montura-sporty-winter-pants-mujer\/"]}]},{"@type":"ImageObject","inLanguage":"es-ES","@id":"https:\/\/www.miomiorun.com\/es\/producto\/montura-sporty-winter-pants-mujer\/#primaryimage","url":"https:\/\/www.miomiorun.com\/app\/uploads\/2022\/12\/montura-sporty-winter-pants-W-nero-MPLR40W.90.jpg","contentUrl":"https:\/\/www.miomiorun.com\/app\/uploads\/2022\/12\/montura-sporty-winter-pants-W-nero-MPLR40W.90.jpg","width":600,"height":600,"caption":"montura-sporty-winter-pants-W-nero-MPLR40W.90"},{"@type":"BreadcrumbList","@id":"https:\/\/www.miomiorun.com\/es\/producto\/montura-sporty-winter-pants-mujer\/#breadcrumb","itemListElement":[{"@type":"ListItem","position":1,"name":"Home","item":"https:\/\/www.miomiorun.com\/es\/"},{"@type":"ListItem","position":2,"name":"Shop","item":"https:\/\/www.miomiorun.com\/shop\/"},{"@type":"ListItem","position":3,"name":"Sporty Winter Pants mujer"}]},{"@type":"WebSite","@id":"https:\/\/www.miomiorun.com\/es\/#website","url":"https:\/\/www.miomiorun.com\/es\/","name":"MioMioRun","description":"Tienda 100% running y trail","publisher":{"@id":"https:\/\/www.miomiorun.com\/es\/#organization"},"potentialAction":[{"@type":"SearchAction","target":{"@type":"EntryPoint","urlTemplate":"https:\/\/www.miomiorun.com\/es\/?s={search_term_string}"},"query-input":{"@type":"PropertyValueSpecification","valueRequired":true,"valueName":"search_term_string"}}],"inLanguage":"es-ES"},{"@type":"Organization","@id":"https:\/\/www.miomiorun.com\/es\/#organization","name":"MioMio Run","url":"https:\/\/www.miomiorun.com\/es\/","logo":{"@type":"ImageObject","inLanguage":"es-ES","@id":"https:\/\/www.miomiorun.com\/es\/#\/schema\/logo\/image\/","url":"https:\/\/www.miomiorun.com\/app\/uploads\/2019\/12\/logomio.png","contentUrl":"https:\/\/www.miomiorun.com\/app\/uploads\/2019\/12\/logomio.png","width":115,"height":82,"caption":"MioMio Run"},"image":{"@id":"https:\/\/www.miomiorun.com\/es\/#\/schema\/logo\/image\/"},"sameAs":["https:\/\/www.facebook.com\/miomiorun\/","https:\/\/www.instagram.com\/miomiorun\/"]}]}},"_links":{"self":[{"href":"https:\/\/www.miomiorun.com\/es\/wp-json\/wp\/v2\/product\/279830","targetHints":{"allow":["GET"]}}],"collection":[{"href":"https:\/\/www.miomiorun.com\/es\/wp-json\/wp\/v2\/product"}],"about":[{"href":"https:\/\/www.miomiorun.com\/es\/wp-json\/wp\/v2\/types\/product"}],"wp:featuredmedia":[{"embeddable":true,"href":"https:\/\/www.miomiorun.com\/es\/wp-json\/wp\/v2\/media\/238685"}],"wp:attachment":[{"href":"https:\/\/www.miomiorun.com\/es\/wp-json\/wp\/v2\/media?parent=279830"}],"wp:term":[{"taxonomy":"product_brand","embeddable":true,"href":"https:\/\/www.miomiorun.com\/es\/wp-json\/wp\/v2\/product_brand?post=279830"},{"taxonomy":"product_cat","embeddable":true,"href":"https:\/\/www.miomiorun.com\/es\/wp-json\/wp\/v2\/product_cat?post=279830"},{"taxonomy":"product_tag","embeddable":true,"href":"https:\/\/www.miomiorun.com\/es\/wp-json\/wp\/v2\/product_tag?post=279830"}],"curies":[{"name":"wp","href":"https:\/\/api.w.org\/{rel}","templated":true}]}}