{"id":279765,"date":"2021-10-08T19:00:53","date_gmt":"2021-10-08T17:00:53","guid":{"rendered":"https:\/\/miomiorun.com\/prodotto\/montura-renon-pants-uomo\/"},"modified":"2026-04-30T17:08:28","modified_gmt":"2026-04-30T15:08:28","slug":"montura-renon-pants-hombre","status":"publish","type":"product","link":"https:\/\/www.miomiorun.com\/es\/producto\/montura-renon-pants-hombre\/","title":{"rendered":"Renon Pants hombre"},"content":{"rendered":"<div class=\"product-attribute product-attribute-featured-materials\">\n<p><strong>Los pantalones Renon<\/strong> para hombre son unos pantalones largos confeccionados en tejido de nailon el\u00e1stico con tratamiento DWR y felpa en el rev\u00e9s, con cintura el\u00e1stica. Ideales para senderismo, marcha n\u00f3rdica y actividades al aire libre.<\/p>\n<h3 class=\"product-weight\">Caracter\u00edsticas:<\/h3>\n<p>\u2022 Pantal\u00f3n largo para hombre<br \/>\n\u2022 Tejido de nailon con tratamiento DWR sin PFC y elasticidad en 4 direcciones, con el rev\u00e9s cepillado<br \/>\n\u2022 Cintura el\u00e1stica con presillas, cierre con bot\u00f3n y cremallera<br \/>\n\u2022 Bolsillos laterales con cremallera, bolsillo trasero con cremallera<br \/>\n\u2022 Ideal para senderismo, marcha n\u00f3rdica y actividades al aire libre<\/p>\n<p class=\"product-weight\">Peso: 0,43 kg<\/p>\n<div class=\"attribute-label\"><img decoding=\"async\" src=\"https:\/\/www.montura.it\/pub\/media\/amasty\/shopby\/option_images\/slider\/breathable_1.svg\" alt=\"breathable\" \/><img decoding=\"async\" src=\"https:\/\/www.montura.it\/pub\/media\/amasty\/shopby\/option_images\/slider\/water_repellent_1_1.svg\" alt=\"waterrepellent\" \/><img decoding=\"async\" src=\"https:\/\/www.montura.it\/pub\/media\/amasty\/shopby\/option_images\/slider\/wind_blocker_1.svg\" alt=\"windblocker\" \/><img decoding=\"async\" src=\"https:\/\/www.montura.it\/pub\/media\/amasty\/shopby\/option_images\/slider\/climate.svg\" alt=\"Freddo\" \/><\/div>\n<h3 class=\"attribute-label\">Actividades<\/h3>\n<p><img decoding=\"async\" src=\"https:\/\/www.montura.it\/pub\/media\/amasty\/shopby\/option_images\/slider\/ICM85.svg\" alt=\"ICM85\" \/><\/p>\n<\/div>\n","protected":false},"excerpt":{"rendered":"<p>Los pantalones Renon para hombre son unos pantalones largos confeccionados en tejido de nailon el\u00e1stico con tratamiento DWR y felpa en el rev\u00e9s, con cintura el\u00e1stica. Ideales para senderismo, marcha n\u00f3rdica y actividades al aire libre. Caracter\u00edsticas: \u2022 Pantal\u00f3n largo para hombre \u2022 Tejido de nailon con tratamiento DWR sin PFC y elasticidad en 4 &hellip; <a href=\"https:\/\/www.miomiorun.com\/es\/producto\/montura-renon-pants-hombre\/\">Continued<\/a><\/p>\n","protected":false},"featured_media":233766,"template":"","meta":{"_acf_changed":false,"inline_featured_image":false},"product_brand":[],"product_cat":[24456,24463,24464],"product_tag":[23513,23592],"class_list":{"0":"post-279765","1":"product","2":"type-product","3":"status-publish","4":"has-post-thumbnail","6":"product_cat-pantalones-largos-es-2","7":"product_cat-ropa-de-hombre-es","8":"product_cat-hombre","9":"product_tag-montura-es","10":"product_tag-montura-hombre","11":"pa_attivita-caminar","12":"pa_attivita-outdoor-es","13":"pa_colore-renon-pants-nero-es","14":"pa_colore-renon-pants-nero-verde-lime-es","15":"pa_marca-montura-es","16":"pa_sesso-hombre","17":"pa_size-small-es","18":"pa_size-large-es","20":"first","21":"instock","22":"sale","23":"taxable","24":"shipping-taxable","25":"purchasable","26":"product-type-variable","27":"wvs-archive-product-wrapper"},"acf":[],"yoast_head":"<!-- This site is optimized with the Yoast SEO plugin v26.8 - https:\/\/yoast.com\/product\/yoast-seo-wordpress\/ -->\n<title>Montura Renon Pants hombre - Pantalones largos - MioMioRun<\/title>\n<meta name=\"description\" content=\"Los pantalones Renon para hombre son unos pantalones largos confeccionados en tejido de nailon el\u00e1stico con tratamiento DWR y felpa en el rev\u00e9s, con cintura el\u00e1stica. Ideales para el senderismo.\" \/>\n<meta name=\"robots\" content=\"index, follow, max-snippet:-1, max-image-preview:large, max-video-preview:-1\" \/>\n<link rel=\"canonical\" href=\"https:\/\/www.miomiorun.com\/es\/producto\/montura-renon-pants-hombre\/\" \/>\n<meta property=\"og:locale\" content=\"es_ES\" \/>\n<meta property=\"og:type\" content=\"article\" \/>\n<meta property=\"og:title\" content=\"Montura Renon Pants hombre - Pantalones largos - MioMioRun\" \/>\n<meta property=\"og:description\" content=\"Los pantalones Renon para hombre son unos pantalones largos confeccionados en tejido de nailon el\u00e1stico con tratamiento DWR y felpa en el rev\u00e9s, con cintura el\u00e1stica. Ideales para el senderismo.\" \/>\n<meta property=\"og:url\" content=\"https:\/\/www.miomiorun.com\/es\/producto\/montura-renon-pants-hombre\/\" \/>\n<meta property=\"og:site_name\" content=\"MioMioRun\" \/>\n<meta property=\"article:publisher\" content=\"https:\/\/www.facebook.com\/miomiorun\/\" \/>\n<meta property=\"article:modified_time\" content=\"2026-04-30T15:08:28+00:00\" \/>\n<meta property=\"og:image\" content=\"https:\/\/www.miomiorun.com\/app\/uploads\/2021\/10\/montura-renon-pants-MPLA59X.9047.jpg\" \/>\n\t<meta property=\"og:image:width\" content=\"600\" \/>\n\t<meta property=\"og:image:height\" content=\"600\" \/>\n\t<meta property=\"og:image:type\" content=\"image\/jpeg\" \/>\n<meta name=\"twitter:card\" content=\"summary_large_image\" \/>\n<script type=\"application\/ld+json\" class=\"yoast-schema-graph\">{\"@context\":\"https:\/\/schema.org\",\"@graph\":[{\"@type\":\"WebPage\",\"@id\":\"https:\/\/www.miomiorun.com\/es\/producto\/montura-renon-pants-hombre\/\",\"url\":\"https:\/\/www.miomiorun.com\/es\/producto\/montura-renon-pants-hombre\/\",\"name\":\"Montura Renon Pants hombre - Pantalones largos - MioMioRun\",\"isPartOf\":{\"@id\":\"https:\/\/www.miomiorun.com\/es\/#website\"},\"primaryImageOfPage\":{\"@id\":\"https:\/\/www.miomiorun.com\/es\/producto\/montura-renon-pants-hombre\/#primaryimage\"},\"image\":{\"@id\":\"https:\/\/www.miomiorun.com\/es\/producto\/montura-renon-pants-hombre\/#primaryimage\"},\"thumbnailUrl\":\"https:\/\/www.miomiorun.com\/app\/uploads\/2021\/10\/montura-renon-pants-MPLA59X.9047.jpg\",\"datePublished\":\"2021-10-08T17:00:53+00:00\",\"dateModified\":\"2026-04-30T15:08:28+00:00\",\"description\":\"Los pantalones Renon para hombre son unos pantalones largos confeccionados en tejido de nailon el\u00e1stico con tratamiento DWR y felpa en el rev\u00e9s, con cintura el\u00e1stica. Ideales para el senderismo.\",\"breadcrumb\":{\"@id\":\"https:\/\/www.miomiorun.com\/es\/producto\/montura-renon-pants-hombre\/#breadcrumb\"},\"inLanguage\":\"es-ES\",\"potentialAction\":[{\"@type\":\"ReadAction\",\"target\":[\"https:\/\/www.miomiorun.com\/es\/producto\/montura-renon-pants-hombre\/\"]}]},{\"@type\":\"ImageObject\",\"inLanguage\":\"es-ES\",\"@id\":\"https:\/\/www.miomiorun.com\/es\/producto\/montura-renon-pants-hombre\/#primaryimage\",\"url\":\"https:\/\/www.miomiorun.com\/app\/uploads\/2021\/10\/montura-renon-pants-MPLA59X.9047.jpg\",\"contentUrl\":\"https:\/\/www.miomiorun.com\/app\/uploads\/2021\/10\/montura-renon-pants-MPLA59X.9047.jpg\",\"width\":600,\"height\":600,\"caption\":\"montura renon pants\"},{\"@type\":\"BreadcrumbList\",\"@id\":\"https:\/\/www.miomiorun.com\/es\/producto\/montura-renon-pants-hombre\/#breadcrumb\",\"itemListElement\":[{\"@type\":\"ListItem\",\"position\":1,\"name\":\"Home\",\"item\":\"https:\/\/www.miomiorun.com\/es\/\"},{\"@type\":\"ListItem\",\"position\":2,\"name\":\"Shop\",\"item\":\"https:\/\/www.miomiorun.com\/shop\/\"},{\"@type\":\"ListItem\",\"position\":3,\"name\":\"Renon Pants hombre\"}]},{\"@type\":\"WebSite\",\"@id\":\"https:\/\/www.miomiorun.com\/es\/#website\",\"url\":\"https:\/\/www.miomiorun.com\/es\/\",\"name\":\"MioMioRun\",\"description\":\"Tienda 100% running y trail\",\"publisher\":{\"@id\":\"https:\/\/www.miomiorun.com\/es\/#organization\"},\"potentialAction\":[{\"@type\":\"SearchAction\",\"target\":{\"@type\":\"EntryPoint\",\"urlTemplate\":\"https:\/\/www.miomiorun.com\/es\/?s={search_term_string}\"},\"query-input\":{\"@type\":\"PropertyValueSpecification\",\"valueRequired\":true,\"valueName\":\"search_term_string\"}}],\"inLanguage\":\"es-ES\"},{\"@type\":\"Organization\",\"@id\":\"https:\/\/www.miomiorun.com\/es\/#organization\",\"name\":\"MioMio Run\",\"url\":\"https:\/\/www.miomiorun.com\/es\/\",\"logo\":{\"@type\":\"ImageObject\",\"inLanguage\":\"es-ES\",\"@id\":\"https:\/\/www.miomiorun.com\/es\/#\/schema\/logo\/image\/\",\"url\":\"https:\/\/www.miomiorun.com\/app\/uploads\/2019\/12\/logomio.png\",\"contentUrl\":\"https:\/\/www.miomiorun.com\/app\/uploads\/2019\/12\/logomio.png\",\"width\":115,\"height\":82,\"caption\":\"MioMio Run\"},\"image\":{\"@id\":\"https:\/\/www.miomiorun.com\/es\/#\/schema\/logo\/image\/\"},\"sameAs\":[\"https:\/\/www.facebook.com\/miomiorun\/\",\"https:\/\/www.instagram.com\/miomiorun\/\"]}]}<\/script>\n<!-- \/ Yoast SEO plugin. -->","yoast_head_json":{"title":"Montura Renon Pants hombre - Pantalones largos - MioMioRun","description":"Los pantalones Renon para hombre son unos pantalones largos confeccionados en tejido de nailon el\u00e1stico con tratamiento DWR y felpa en el rev\u00e9s, con cintura el\u00e1stica. Ideales para el senderismo.","robots":{"index":"index","follow":"follow","max-snippet":"max-snippet:-1","max-image-preview":"max-image-preview:large","max-video-preview":"max-video-preview:-1"},"canonical":"https:\/\/www.miomiorun.com\/es\/producto\/montura-renon-pants-hombre\/","og_locale":"es_ES","og_type":"article","og_title":"Montura Renon Pants hombre - Pantalones largos - MioMioRun","og_description":"Los pantalones Renon para hombre son unos pantalones largos confeccionados en tejido de nailon el\u00e1stico con tratamiento DWR y felpa en el rev\u00e9s, con cintura el\u00e1stica. Ideales para el senderismo.","og_url":"https:\/\/www.miomiorun.com\/es\/producto\/montura-renon-pants-hombre\/","og_site_name":"MioMioRun","article_publisher":"https:\/\/www.facebook.com\/miomiorun\/","article_modified_time":"2026-04-30T15:08:28+00:00","og_image":[{"width":600,"height":600,"url":"https:\/\/www.miomiorun.com\/app\/uploads\/2021\/10\/montura-renon-pants-MPLA59X.9047.jpg","type":"image\/jpeg"}],"twitter_card":"summary_large_image","schema":{"@context":"https:\/\/schema.org","@graph":[{"@type":"WebPage","@id":"https:\/\/www.miomiorun.com\/es\/producto\/montura-renon-pants-hombre\/","url":"https:\/\/www.miomiorun.com\/es\/producto\/montura-renon-pants-hombre\/","name":"Montura Renon Pants hombre - Pantalones largos - MioMioRun","isPartOf":{"@id":"https:\/\/www.miomiorun.com\/es\/#website"},"primaryImageOfPage":{"@id":"https:\/\/www.miomiorun.com\/es\/producto\/montura-renon-pants-hombre\/#primaryimage"},"image":{"@id":"https:\/\/www.miomiorun.com\/es\/producto\/montura-renon-pants-hombre\/#primaryimage"},"thumbnailUrl":"https:\/\/www.miomiorun.com\/app\/uploads\/2021\/10\/montura-renon-pants-MPLA59X.9047.jpg","datePublished":"2021-10-08T17:00:53+00:00","dateModified":"2026-04-30T15:08:28+00:00","description":"Los pantalones Renon para hombre son unos pantalones largos confeccionados en tejido de nailon el\u00e1stico con tratamiento DWR y felpa en el rev\u00e9s, con cintura el\u00e1stica. Ideales para el senderismo.","breadcrumb":{"@id":"https:\/\/www.miomiorun.com\/es\/producto\/montura-renon-pants-hombre\/#breadcrumb"},"inLanguage":"es-ES","potentialAction":[{"@type":"ReadAction","target":["https:\/\/www.miomiorun.com\/es\/producto\/montura-renon-pants-hombre\/"]}]},{"@type":"ImageObject","inLanguage":"es-ES","@id":"https:\/\/www.miomiorun.com\/es\/producto\/montura-renon-pants-hombre\/#primaryimage","url":"https:\/\/www.miomiorun.com\/app\/uploads\/2021\/10\/montura-renon-pants-MPLA59X.9047.jpg","contentUrl":"https:\/\/www.miomiorun.com\/app\/uploads\/2021\/10\/montura-renon-pants-MPLA59X.9047.jpg","width":600,"height":600,"caption":"montura renon pants"},{"@type":"BreadcrumbList","@id":"https:\/\/www.miomiorun.com\/es\/producto\/montura-renon-pants-hombre\/#breadcrumb","itemListElement":[{"@type":"ListItem","position":1,"name":"Home","item":"https:\/\/www.miomiorun.com\/es\/"},{"@type":"ListItem","position":2,"name":"Shop","item":"https:\/\/www.miomiorun.com\/shop\/"},{"@type":"ListItem","position":3,"name":"Renon Pants hombre"}]},{"@type":"WebSite","@id":"https:\/\/www.miomiorun.com\/es\/#website","url":"https:\/\/www.miomiorun.com\/es\/","name":"MioMioRun","description":"Tienda 100% running y trail","publisher":{"@id":"https:\/\/www.miomiorun.com\/es\/#organization"},"potentialAction":[{"@type":"SearchAction","target":{"@type":"EntryPoint","urlTemplate":"https:\/\/www.miomiorun.com\/es\/?s={search_term_string}"},"query-input":{"@type":"PropertyValueSpecification","valueRequired":true,"valueName":"search_term_string"}}],"inLanguage":"es-ES"},{"@type":"Organization","@id":"https:\/\/www.miomiorun.com\/es\/#organization","name":"MioMio Run","url":"https:\/\/www.miomiorun.com\/es\/","logo":{"@type":"ImageObject","inLanguage":"es-ES","@id":"https:\/\/www.miomiorun.com\/es\/#\/schema\/logo\/image\/","url":"https:\/\/www.miomiorun.com\/app\/uploads\/2019\/12\/logomio.png","contentUrl":"https:\/\/www.miomiorun.com\/app\/uploads\/2019\/12\/logomio.png","width":115,"height":82,"caption":"MioMio Run"},"image":{"@id":"https:\/\/www.miomiorun.com\/es\/#\/schema\/logo\/image\/"},"sameAs":["https:\/\/www.facebook.com\/miomiorun\/","https:\/\/www.instagram.com\/miomiorun\/"]}]}},"_links":{"self":[{"href":"https:\/\/www.miomiorun.com\/es\/wp-json\/wp\/v2\/product\/279765","targetHints":{"allow":["GET"]}}],"collection":[{"href":"https:\/\/www.miomiorun.com\/es\/wp-json\/wp\/v2\/product"}],"about":[{"href":"https:\/\/www.miomiorun.com\/es\/wp-json\/wp\/v2\/types\/product"}],"wp:featuredmedia":[{"embeddable":true,"href":"https:\/\/www.miomiorun.com\/es\/wp-json\/wp\/v2\/media\/233766"}],"wp:attachment":[{"href":"https:\/\/www.miomiorun.com\/es\/wp-json\/wp\/v2\/media?parent=279765"}],"wp:term":[{"taxonomy":"product_brand","embeddable":true,"href":"https:\/\/www.miomiorun.com\/es\/wp-json\/wp\/v2\/product_brand?post=279765"},{"taxonomy":"product_cat","embeddable":true,"href":"https:\/\/www.miomiorun.com\/es\/wp-json\/wp\/v2\/product_cat?post=279765"},{"taxonomy":"product_tag","embeddable":true,"href":"https:\/\/www.miomiorun.com\/es\/wp-json\/wp\/v2\/product_tag?post=279765"}],"curies":[{"name":"wp","href":"https:\/\/api.w.org\/{rel}","templated":true}]}}