{"id":279674,"date":"2021-10-11T18:45:19","date_gmt":"2021-10-11T16:45:19","guid":{"rendered":"https:\/\/miomiorun.com\/prodotto\/cep-reflective-socks-donna\/"},"modified":"2026-04-30T17:12:07","modified_gmt":"2026-04-30T15:12:07","slug":"cep-reflective-socks-mujer","status":"publish","type":"product","link":"https:\/\/www.miomiorun.com\/es\/producto\/cep-reflective-socks-mujer\/","title":{"rendered":"Reflective Socks mujer"},"content":{"rendered":"<div class=\"tab-description\">\n<p>\u00a1Corre para batir tus nuevas marcas personales con una seguridad total! Los calcetines de compresi\u00f3n reflectantes de CEP destacan tanto por su rendimiento como por su dise\u00f1o. <strong>Al efecto de compresi\u00f3n se suma una ventaja en materia de seguridad: el innovador hilo reflectante, \u00fanico en su g\u00e9nero.<\/strong><\/p>\n<h3>Mayor seguridad gracias a los innovadores detalles reflectantes<\/h3>\n<p>Visibilidad de 360 grados para carreras nocturnas llenas de energ\u00eda. El dise\u00f1o reflectante en forma de anillos, confeccionado con un hilo innovador y dotado de la <strong>tecnolog\u00eda SMART REFLECTIVE<\/strong>, ofrece una seguridad total incluso en condiciones de poca luz.<\/p>\n<h3>Aporte nutricional optimizado para un mayor rendimiento<\/h3>\n<p>Las pantorrillas y los pies se ven sometidos a un gran esfuerzo durante los entrenamientos y las competiciones intensas. Los calcetines de compresi\u00f3n Reflective son la soluci\u00f3n: la compresi\u00f3n medi <strong>aumenta la circulaci\u00f3n sangu\u00ednea<\/strong> y el ox\u00edgeno llega al m\u00fasculo m\u00e1s r\u00e1pidamente, mientras que el \u00e1cido l\u00e1ctico se elimina. Adem\u00e1s, <strong>se reducen las agotadoras vibraciones musculares.<\/strong> El resultado: tus piernas disfrutan de una sensaci\u00f3n agradable y t\u00fa puedes aprovechar m\u00e1s energ\u00eda para ganar velocidad y recorrer distancias m\u00e1s largas.<\/p>\n<h3>Un proceso de fabricaci\u00f3n dise\u00f1ado para reducir la aparici\u00f3n de ampollas<\/h3>\n<p>El ajuste ce\u00f1ido de los calcetines de running garantiza una <strong>sujeci\u00f3n antideslizante<\/strong>, mientras que la combinaci\u00f3n de materiales de alta tecnolog\u00eda evacua<strong> la humedad hacia el exterior.<\/strong> De este modo, se reduce la aparici\u00f3n de ampollas provocadas por la fricci\u00f3n. No se trata solo de comodidad, sino que tambi\u00e9n se reduce el riesgo de tener que abandonar el entrenamiento.<\/p>\n<p>\u00a1Aprovecha las ventajas de la compresi\u00f3n de los calcetines Reflective Compression Socks para mujer y disfruta de una mayor seguridad durante tus carreras nocturnas!<\/p>\n<\/div>\n<p>&nbsp;<\/p>\n<h3>Caracter\u00edsticas del producto:<\/h3>\n<ul class=\"selling-points\">\n<li>El innovador hilo reflectante con tecnolog\u00eda SMART REFLECTIVE garantiza una excelente visibilidad en condiciones de poca luz.<\/li>\n<li>La compresi\u00f3n media proporciona una sensaci\u00f3n de bienestar, gracias a un mejor aporte de nutrientes a la musculatura.<\/li>\n<li>Las ampollas son cosa del pasado, gracias a la reconocida combinaci\u00f3n de materiales y al ajuste ce\u00f1ido y anat\u00f3mico.<\/li>\n<\/ul>\n<p><strong>Materiales:<\/strong>83 % poliamida, 17 % elastano<\/p>\n","protected":false},"excerpt":{"rendered":"<p>\u00a1Corre para batir tus nuevas marcas personales con una seguridad total! Los calcetines de compresi\u00f3n reflectantes de CEP destacan tanto por su rendimiento como por su dise\u00f1o. Al efecto de compresi\u00f3n se suma una ventaja en materia de seguridad: el innovador hilo reflectante, \u00fanico en su g\u00e9nero. Mayor seguridad gracias a los innovadores detalles reflectantes &hellip; <a href=\"https:\/\/www.miomiorun.com\/es\/producto\/cep-reflective-socks-mujer\/\">Continued<\/a><\/p>\n","protected":false},"featured_media":233820,"template":"","meta":{"_acf_changed":false,"inline_featured_image":false},"product_brand":[],"product_cat":[24400,24401,24402],"product_tag":[23468,23665],"class_list":{"0":"post-279674","1":"product","2":"type-product","3":"status-publish","4":"has-post-thumbnail","6":"product_cat-calcetines","7":"product_cat-ropa-de-mujer","8":"product_cat-mujer","9":"product_tag-cep-es","10":"product_tag-cep-hombre","11":"pa_attivita-caminar","12":"pa_attivita-running-es","13":"pa_circonferenza-polpaccio-24-31-es","14":"pa_circonferenza-polpaccio-32-38-es","15":"pa_circonferenza-polpaccio-39-44-es","16":"pa_colore-reflective-compres-socks-w-rose-es","17":"pa_colore-reflective-socks-w-black-es","18":"pa_marca-cep-es","19":"pa_sesso-mujer","21":"first","22":"instock","23":"sale","24":"taxable","25":"shipping-taxable","26":"purchasable","27":"product-type-variable","28":"wvs-archive-product-wrapper"},"acf":[],"yoast_head":"<!-- This site is optimized with the Yoast SEO plugin v26.8 - https:\/\/yoast.com\/product\/yoast-seo-wordpress\/ -->\n<title>Cep Reflective Socks mujer - Calcetines Running mujer- MioMioRun .com<\/title>\n<meta name=\"description\" content=\"Los calcetines de compresi\u00f3n reflectantes de CEP ofrecen un gran rendimiento y seguridad gracias a un hilo innovador y reflectante\" \/>\n<meta name=\"robots\" content=\"index, follow, max-snippet:-1, max-image-preview:large, max-video-preview:-1\" \/>\n<link rel=\"canonical\" href=\"https:\/\/www.miomiorun.com\/es\/producto\/cep-reflective-socks-mujer\/\" \/>\n<meta property=\"og:locale\" content=\"es_ES\" \/>\n<meta property=\"og:type\" content=\"article\" \/>\n<meta property=\"og:title\" content=\"Cep Reflective Socks mujer - Calcetines Running mujer- MioMioRun .com\" \/>\n<meta property=\"og:description\" content=\"Los calcetines de compresi\u00f3n reflectantes de CEP ofrecen un gran rendimiento y seguridad gracias a un hilo innovador y reflectante\" \/>\n<meta property=\"og:url\" content=\"https:\/\/www.miomiorun.com\/es\/producto\/cep-reflective-socks-mujer\/\" \/>\n<meta property=\"og:site_name\" content=\"MioMioRun\" \/>\n<meta property=\"article:publisher\" content=\"https:\/\/www.facebook.com\/miomiorun\/\" \/>\n<meta property=\"article:modified_time\" content=\"2026-04-30T15:12:07+00:00\" \/>\n<meta property=\"og:image\" content=\"https:\/\/www.miomiorun.com\/app\/uploads\/2021\/10\/cep-reflective-comp-socks-WP401Z.jpg\" \/>\n\t<meta property=\"og:image:width\" content=\"600\" \/>\n\t<meta property=\"og:image:height\" content=\"600\" \/>\n\t<meta property=\"og:image:type\" content=\"image\/jpeg\" \/>\n<meta name=\"twitter:card\" content=\"summary_large_image\" \/>\n<meta name=\"twitter:label1\" content=\"Est. reading time\" \/>\n\t<meta name=\"twitter:data1\" content=\"2 minutes\" \/>\n<script type=\"application\/ld+json\" class=\"yoast-schema-graph\">{\"@context\":\"https:\/\/schema.org\",\"@graph\":[{\"@type\":\"WebPage\",\"@id\":\"https:\/\/www.miomiorun.com\/es\/producto\/cep-reflective-socks-mujer\/\",\"url\":\"https:\/\/www.miomiorun.com\/es\/producto\/cep-reflective-socks-mujer\/\",\"name\":\"Cep Reflective Socks mujer - Calcetines Running mujer- MioMioRun .com\",\"isPartOf\":{\"@id\":\"https:\/\/www.miomiorun.com\/es\/#website\"},\"primaryImageOfPage\":{\"@id\":\"https:\/\/www.miomiorun.com\/es\/producto\/cep-reflective-socks-mujer\/#primaryimage\"},\"image\":{\"@id\":\"https:\/\/www.miomiorun.com\/es\/producto\/cep-reflective-socks-mujer\/#primaryimage\"},\"thumbnailUrl\":\"https:\/\/www.miomiorun.com\/app\/uploads\/2021\/10\/cep-reflective-comp-socks-WP401Z.jpg\",\"datePublished\":\"2021-10-11T16:45:19+00:00\",\"dateModified\":\"2026-04-30T15:12:07+00:00\",\"description\":\"Los calcetines de compresi\u00f3n reflectantes de CEP ofrecen un gran rendimiento y seguridad gracias a un hilo innovador y reflectante\",\"breadcrumb\":{\"@id\":\"https:\/\/www.miomiorun.com\/es\/producto\/cep-reflective-socks-mujer\/#breadcrumb\"},\"inLanguage\":\"es-ES\",\"potentialAction\":[{\"@type\":\"ReadAction\",\"target\":[\"https:\/\/www.miomiorun.com\/es\/producto\/cep-reflective-socks-mujer\/\"]}]},{\"@type\":\"ImageObject\",\"inLanguage\":\"es-ES\",\"@id\":\"https:\/\/www.miomiorun.com\/es\/producto\/cep-reflective-socks-mujer\/#primaryimage\",\"url\":\"https:\/\/www.miomiorun.com\/app\/uploads\/2021\/10\/cep-reflective-comp-socks-WP401Z.jpg\",\"contentUrl\":\"https:\/\/www.miomiorun.com\/app\/uploads\/2021\/10\/cep-reflective-comp-socks-WP401Z.jpg\",\"width\":600,\"height\":600,\"caption\":\"cep reflective comp socks\"},{\"@type\":\"BreadcrumbList\",\"@id\":\"https:\/\/www.miomiorun.com\/es\/producto\/cep-reflective-socks-mujer\/#breadcrumb\",\"itemListElement\":[{\"@type\":\"ListItem\",\"position\":1,\"name\":\"Home\",\"item\":\"https:\/\/www.miomiorun.com\/es\/\"},{\"@type\":\"ListItem\",\"position\":2,\"name\":\"Shop\",\"item\":\"https:\/\/www.miomiorun.com\/shop\/\"},{\"@type\":\"ListItem\",\"position\":3,\"name\":\"Reflective Socks mujer\"}]},{\"@type\":\"WebSite\",\"@id\":\"https:\/\/www.miomiorun.com\/es\/#website\",\"url\":\"https:\/\/www.miomiorun.com\/es\/\",\"name\":\"MioMioRun\",\"description\":\"Tienda 100% running y trail\",\"publisher\":{\"@id\":\"https:\/\/www.miomiorun.com\/es\/#organization\"},\"potentialAction\":[{\"@type\":\"SearchAction\",\"target\":{\"@type\":\"EntryPoint\",\"urlTemplate\":\"https:\/\/www.miomiorun.com\/es\/?s={search_term_string}\"},\"query-input\":{\"@type\":\"PropertyValueSpecification\",\"valueRequired\":true,\"valueName\":\"search_term_string\"}}],\"inLanguage\":\"es-ES\"},{\"@type\":\"Organization\",\"@id\":\"https:\/\/www.miomiorun.com\/es\/#organization\",\"name\":\"MioMio Run\",\"url\":\"https:\/\/www.miomiorun.com\/es\/\",\"logo\":{\"@type\":\"ImageObject\",\"inLanguage\":\"es-ES\",\"@id\":\"https:\/\/www.miomiorun.com\/es\/#\/schema\/logo\/image\/\",\"url\":\"https:\/\/www.miomiorun.com\/app\/uploads\/2019\/12\/logomio.png\",\"contentUrl\":\"https:\/\/www.miomiorun.com\/app\/uploads\/2019\/12\/logomio.png\",\"width\":115,\"height\":82,\"caption\":\"MioMio Run\"},\"image\":{\"@id\":\"https:\/\/www.miomiorun.com\/es\/#\/schema\/logo\/image\/\"},\"sameAs\":[\"https:\/\/www.facebook.com\/miomiorun\/\",\"https:\/\/www.instagram.com\/miomiorun\/\"]}]}<\/script>\n<!-- \/ Yoast SEO plugin. -->","yoast_head_json":{"title":"Cep Reflective Socks mujer - Calcetines Running mujer- MioMioRun .com","description":"Los calcetines de compresi\u00f3n reflectantes de CEP ofrecen un gran rendimiento y seguridad gracias a un hilo innovador y reflectante","robots":{"index":"index","follow":"follow","max-snippet":"max-snippet:-1","max-image-preview":"max-image-preview:large","max-video-preview":"max-video-preview:-1"},"canonical":"https:\/\/www.miomiorun.com\/es\/producto\/cep-reflective-socks-mujer\/","og_locale":"es_ES","og_type":"article","og_title":"Cep Reflective Socks mujer - Calcetines Running mujer- MioMioRun .com","og_description":"Los calcetines de compresi\u00f3n reflectantes de CEP ofrecen un gran rendimiento y seguridad gracias a un hilo innovador y reflectante","og_url":"https:\/\/www.miomiorun.com\/es\/producto\/cep-reflective-socks-mujer\/","og_site_name":"MioMioRun","article_publisher":"https:\/\/www.facebook.com\/miomiorun\/","article_modified_time":"2026-04-30T15:12:07+00:00","og_image":[{"width":600,"height":600,"url":"https:\/\/www.miomiorun.com\/app\/uploads\/2021\/10\/cep-reflective-comp-socks-WP401Z.jpg","type":"image\/jpeg"}],"twitter_card":"summary_large_image","twitter_misc":{"Est. reading time":"2 minutes"},"schema":{"@context":"https:\/\/schema.org","@graph":[{"@type":"WebPage","@id":"https:\/\/www.miomiorun.com\/es\/producto\/cep-reflective-socks-mujer\/","url":"https:\/\/www.miomiorun.com\/es\/producto\/cep-reflective-socks-mujer\/","name":"Cep Reflective Socks mujer - Calcetines Running mujer- MioMioRun .com","isPartOf":{"@id":"https:\/\/www.miomiorun.com\/es\/#website"},"primaryImageOfPage":{"@id":"https:\/\/www.miomiorun.com\/es\/producto\/cep-reflective-socks-mujer\/#primaryimage"},"image":{"@id":"https:\/\/www.miomiorun.com\/es\/producto\/cep-reflective-socks-mujer\/#primaryimage"},"thumbnailUrl":"https:\/\/www.miomiorun.com\/app\/uploads\/2021\/10\/cep-reflective-comp-socks-WP401Z.jpg","datePublished":"2021-10-11T16:45:19+00:00","dateModified":"2026-04-30T15:12:07+00:00","description":"Los calcetines de compresi\u00f3n reflectantes de CEP ofrecen un gran rendimiento y seguridad gracias a un hilo innovador y reflectante","breadcrumb":{"@id":"https:\/\/www.miomiorun.com\/es\/producto\/cep-reflective-socks-mujer\/#breadcrumb"},"inLanguage":"es-ES","potentialAction":[{"@type":"ReadAction","target":["https:\/\/www.miomiorun.com\/es\/producto\/cep-reflective-socks-mujer\/"]}]},{"@type":"ImageObject","inLanguage":"es-ES","@id":"https:\/\/www.miomiorun.com\/es\/producto\/cep-reflective-socks-mujer\/#primaryimage","url":"https:\/\/www.miomiorun.com\/app\/uploads\/2021\/10\/cep-reflective-comp-socks-WP401Z.jpg","contentUrl":"https:\/\/www.miomiorun.com\/app\/uploads\/2021\/10\/cep-reflective-comp-socks-WP401Z.jpg","width":600,"height":600,"caption":"cep reflective comp socks"},{"@type":"BreadcrumbList","@id":"https:\/\/www.miomiorun.com\/es\/producto\/cep-reflective-socks-mujer\/#breadcrumb","itemListElement":[{"@type":"ListItem","position":1,"name":"Home","item":"https:\/\/www.miomiorun.com\/es\/"},{"@type":"ListItem","position":2,"name":"Shop","item":"https:\/\/www.miomiorun.com\/shop\/"},{"@type":"ListItem","position":3,"name":"Reflective Socks mujer"}]},{"@type":"WebSite","@id":"https:\/\/www.miomiorun.com\/es\/#website","url":"https:\/\/www.miomiorun.com\/es\/","name":"MioMioRun","description":"Tienda 100% running y trail","publisher":{"@id":"https:\/\/www.miomiorun.com\/es\/#organization"},"potentialAction":[{"@type":"SearchAction","target":{"@type":"EntryPoint","urlTemplate":"https:\/\/www.miomiorun.com\/es\/?s={search_term_string}"},"query-input":{"@type":"PropertyValueSpecification","valueRequired":true,"valueName":"search_term_string"}}],"inLanguage":"es-ES"},{"@type":"Organization","@id":"https:\/\/www.miomiorun.com\/es\/#organization","name":"MioMio Run","url":"https:\/\/www.miomiorun.com\/es\/","logo":{"@type":"ImageObject","inLanguage":"es-ES","@id":"https:\/\/www.miomiorun.com\/es\/#\/schema\/logo\/image\/","url":"https:\/\/www.miomiorun.com\/app\/uploads\/2019\/12\/logomio.png","contentUrl":"https:\/\/www.miomiorun.com\/app\/uploads\/2019\/12\/logomio.png","width":115,"height":82,"caption":"MioMio Run"},"image":{"@id":"https:\/\/www.miomiorun.com\/es\/#\/schema\/logo\/image\/"},"sameAs":["https:\/\/www.facebook.com\/miomiorun\/","https:\/\/www.instagram.com\/miomiorun\/"]}]}},"_links":{"self":[{"href":"https:\/\/www.miomiorun.com\/es\/wp-json\/wp\/v2\/product\/279674","targetHints":{"allow":["GET"]}}],"collection":[{"href":"https:\/\/www.miomiorun.com\/es\/wp-json\/wp\/v2\/product"}],"about":[{"href":"https:\/\/www.miomiorun.com\/es\/wp-json\/wp\/v2\/types\/product"}],"wp:featuredmedia":[{"embeddable":true,"href":"https:\/\/www.miomiorun.com\/es\/wp-json\/wp\/v2\/media\/233820"}],"wp:attachment":[{"href":"https:\/\/www.miomiorun.com\/es\/wp-json\/wp\/v2\/media?parent=279674"}],"wp:term":[{"taxonomy":"product_brand","embeddable":true,"href":"https:\/\/www.miomiorun.com\/es\/wp-json\/wp\/v2\/product_brand?post=279674"},{"taxonomy":"product_cat","embeddable":true,"href":"https:\/\/www.miomiorun.com\/es\/wp-json\/wp\/v2\/product_cat?post=279674"},{"taxonomy":"product_tag","embeddable":true,"href":"https:\/\/www.miomiorun.com\/es\/wp-json\/wp\/v2\/product_tag?post=279674"}],"curies":[{"name":"wp","href":"https:\/\/api.w.org\/{rel}","templated":true}]}}