{"id":279574,"date":"2021-10-12T12:22:13","date_gmt":"2021-10-12T10:22:13","guid":{"rendered":"https:\/\/miomiorun.com\/prodotto\/la-sportiva-primal-pant-donna\/"},"modified":"2026-04-30T17:20:55","modified_gmt":"2026-04-30T15:20:55","slug":"la-sportiva-primal-pant-mujer","status":"publish","type":"product","link":"https:\/\/www.miomiorun.com\/es\/producto\/la-sportiva-primal-pant-mujer\/","title":{"rendered":"Primal Pant mujer"},"content":{"rendered":"<p>Los pantalones de running de invierno <strong>Primal Pant<\/strong> para mujer, con un mont\u00f3n de detalles, cuentan con protecci\u00f3n adicional contra el viento y el barro para acompa\u00f1arte en tus salidas m\u00e1s fr\u00edas sin renunciar a la comodidad ni a la libertad de movimiento.<\/p>\n<h3>Informaci\u00f3n t\u00e9cnica:<\/h3>\n<p><img loading=\"lazy\" decoding=\"async\" class=\"ls-is-cached lazyloaded\" src=\"https:\/\/www.lasportiva.com\/media\/techinfo_icons\/elasticita.png\" alt=\"La Sportiva\" width=\"75\" height=\"75\" data-src=\"https:\/\/www.lasportiva.com\/media\/techinfo_icons\/elasticita.png\" \/><\/p>\n<p><strong>Elasticidad:<\/strong><br \/>\nPrendas c\u00f3modas y adaptables que garantizan la m\u00e1xima libertad de movimiento.<\/p>\n<p><img loading=\"lazy\" decoding=\"async\" class=\"ls-is-cached lazyloaded\" src=\"https:\/\/www.lasportiva.com\/media\/techinfo_icons\/slim-fit.png\" alt=\"La Sportiva\" width=\"75\" height=\"75\" data-src=\"https:\/\/www.lasportiva.com\/media\/techinfo_icons\/slim-fit.png\" \/><\/p>\n<p><strong>Corte ajustado:<\/strong><br \/>\nCorte muy ce\u00f1ido para un rendimiento m\u00e1ximo en competici\u00f3n.<\/p>\n<p><img loading=\"lazy\" decoding=\"async\" class=\"lazyloaded\" src=\"https:\/\/www.lasportiva.com\/media\/techinfo_icons\/L2.png\" alt=\"La Sportiva\" width=\"75\" height=\"75\" data-src=\"https:\/\/www.lasportiva.com\/media\/techinfo_icons\/L2.png\" \/><\/p>\n<p><strong>L2 &#8211; Capa intermedia y capa t\u00e9rmica:<\/strong><br \/>\nProporciona un mayor aislamiento t\u00e9rmico y favorece la evacuaci\u00f3n del sudor gracias a su elevada transpirabilidad.<\/p>\n<p><img loading=\"lazy\" decoding=\"async\" class=\"lazyloaded\" src=\"https:\/\/www.lasportiva.com\/media\/techinfo_icons\/r\/e\/recycled_fabric_icona_75x75_1.png\" alt=\"La Sportiva\" width=\"75\" height=\"75\" data-src=\"https:\/\/www.lasportiva.com\/media\/techinfo_icons\/r\/e\/recycled_fabric_icona_75x75_1.png\" \/><\/p>\n<p>La Sportiva introduce fibras y acolchados obtenidos a partir de la reutilizaci\u00f3n de poli\u00e9ster reciclado y certificado <strong>RePET<\/strong>\u00ae, procedente del reciclaje de botellas de pl\u00e1stico al final de su vida \u00fatil. Las prendas que llevan la etiqueta \u00abRECYCLED FABRIC\u00bb garantizan que:<\/p>\n<ul>\n<li>Todos los derivados petroqu\u00edmicos se han sustituido por <strong>fibras obtenidas a partir de poli\u00e9ster reciclado.<\/strong><\/li>\n<li>Esta prenda ayuda a <strong>reducir el impacto sobre el planeta.<\/strong><\/li>\n<li><strong>Durabilidad y calidad<\/strong> a lo largo del tiempo.<\/li>\n<li>Una reducci\u00f3n de las emisiones de <strong>CO2 (aproximadamente un 54 % menos que en la producci\u00f3n de fibras tradicionales)<\/strong> en el proceso de fabricaci\u00f3n de fibras de poli\u00e9ster reciclado.<\/li>\n<\/ul>\n<p>&nbsp;<\/p>\n<p><strong>Materiales:<\/strong>Primer tejido: (KSH09) 83 % poli\u00e9ster reciclado, 17 % elastano &#8211; Inserto: (WSM06) 85 % poliamida reciclada, 15 % elastano &#8211; Bolsillo: (SSM01) Parte exterior: 100 % poli\u00e9ster reciclado, membrana: 100 % poliuretano, forro: 100 % poli\u00e9ster.<\/p>\n<p><strong>Peso:<\/strong> 280 g (L) .<\/p>\n","protected":false},"excerpt":{"rendered":"<p>Los pantalones de running de invierno Primal Pant para mujer, con un mont\u00f3n de detalles, cuentan con protecci\u00f3n adicional contra el viento y el barro para acompa\u00f1arte en tus salidas m\u00e1s fr\u00edas sin renunciar a la comodidad ni a la libertad de movimiento. Informaci\u00f3n t\u00e9cnica: Elasticidad: Prendas c\u00f3modas y adaptables que garantizan la m\u00e1xima libertad &hellip; <a href=\"https:\/\/www.miomiorun.com\/es\/producto\/la-sportiva-primal-pant-mujer\/\">Continued<\/a><\/p>\n","protected":false},"featured_media":237967,"template":"","meta":{"_acf_changed":false,"inline_featured_image":false},"product_brand":[],"product_cat":[24225,24401,24402],"product_tag":[23598,23640],"class_list":{"0":"post-279574","1":"product","2":"type-product","3":"status-publish","4":"has-post-thumbnail","6":"product_cat-pantalones-largos","7":"product_cat-ropa-de-mujer","8":"product_cat-mujer","9":"product_tag-la-sportiva-es","10":"product_tag-la-sportiva-mujer","11":"pa_attivita-caminar","12":"pa_attivita-outdoor-es","13":"pa_attivita-trail-es","14":"pa_colore-primal-pant-w-black-aquarelle-es","15":"pa_colore-primal-pant-w-black-cerise-es","16":"pa_colore-primal-pant-w-black-cherry-tomato-es","17":"pa_colore-primal-pant-w-black-turquoise-es","18":"pa_marca-la-sportiva-es","19":"pa_sesso-mujer","20":"pa_size-extra-small-es","21":"pa_size-small-es","22":"pa_size-medium-es","23":"pa_size-large-es","25":"first","26":"instock","27":"sale","28":"taxable","29":"shipping-taxable","30":"purchasable","31":"product-type-variable","32":"wvs-archive-product-wrapper"},"acf":[],"yoast_head":"<!-- This site is optimized with the Yoast SEO plugin v26.8 - https:\/\/yoast.com\/product\/yoast-seo-wordpress\/ -->\n<title>La Sportiva Primal Pant mujer - Pantalones largos - MioMioRun<\/title>\n<meta name=\"description\" content=\"Los pantalones de running de invierno Primal Pant para mujer, con un mont\u00f3n de detalles, cuentan con protecci\u00f3n adicional contra el viento y el barro.\" \/>\n<meta name=\"robots\" content=\"index, follow, max-snippet:-1, max-image-preview:large, max-video-preview:-1\" \/>\n<link rel=\"canonical\" href=\"https:\/\/www.miomiorun.com\/es\/producto\/la-sportiva-primal-pant-mujer\/\" \/>\n<meta property=\"og:locale\" content=\"es_ES\" \/>\n<meta property=\"og:type\" content=\"article\" \/>\n<meta property=\"og:title\" content=\"La Sportiva Primal Pant mujer - Pantalones largos - MioMioRun\" \/>\n<meta property=\"og:description\" content=\"Los pantalones de running de invierno Primal Pant para mujer, con un mont\u00f3n de detalles, cuentan con protecci\u00f3n adicional contra el viento y el barro.\" \/>\n<meta property=\"og:url\" content=\"https:\/\/www.miomiorun.com\/es\/producto\/la-sportiva-primal-pant-mujer\/\" \/>\n<meta property=\"og:site_name\" content=\"MioMioRun\" \/>\n<meta property=\"article:publisher\" content=\"https:\/\/www.facebook.com\/miomiorun\/\" \/>\n<meta property=\"article:modified_time\" content=\"2026-04-30T15:20:55+00:00\" \/>\n<meta property=\"og:image\" content=\"https:\/\/www.miomiorun.com\/app\/uploads\/2022\/09\/la-sportiva-primal-pant-W-black-cerise-Q21999409.jpg\" \/>\n\t<meta property=\"og:image:width\" content=\"600\" \/>\n\t<meta property=\"og:image:height\" content=\"600\" \/>\n\t<meta property=\"og:image:type\" content=\"image\/jpeg\" \/>\n<meta name=\"twitter:card\" content=\"summary_large_image\" \/>\n<meta name=\"twitter:label1\" content=\"Est. reading time\" \/>\n\t<meta name=\"twitter:data1\" content=\"1 minute\" \/>\n<script type=\"application\/ld+json\" class=\"yoast-schema-graph\">{\"@context\":\"https:\/\/schema.org\",\"@graph\":[{\"@type\":\"WebPage\",\"@id\":\"https:\/\/www.miomiorun.com\/es\/producto\/la-sportiva-primal-pant-mujer\/\",\"url\":\"https:\/\/www.miomiorun.com\/es\/producto\/la-sportiva-primal-pant-mujer\/\",\"name\":\"La Sportiva Primal Pant mujer - Pantalones largos - MioMioRun\",\"isPartOf\":{\"@id\":\"https:\/\/www.miomiorun.com\/es\/#website\"},\"primaryImageOfPage\":{\"@id\":\"https:\/\/www.miomiorun.com\/es\/producto\/la-sportiva-primal-pant-mujer\/#primaryimage\"},\"image\":{\"@id\":\"https:\/\/www.miomiorun.com\/es\/producto\/la-sportiva-primal-pant-mujer\/#primaryimage\"},\"thumbnailUrl\":\"https:\/\/www.miomiorun.com\/app\/uploads\/2022\/09\/la-sportiva-primal-pant-W-black-cerise-Q21999409.jpg\",\"datePublished\":\"2021-10-12T10:22:13+00:00\",\"dateModified\":\"2026-04-30T15:20:55+00:00\",\"description\":\"Los pantalones de running de invierno Primal Pant para mujer, con un mont\u00f3n de detalles, cuentan con protecci\u00f3n adicional contra el viento y el barro.\",\"breadcrumb\":{\"@id\":\"https:\/\/www.miomiorun.com\/es\/producto\/la-sportiva-primal-pant-mujer\/#breadcrumb\"},\"inLanguage\":\"es-ES\",\"potentialAction\":[{\"@type\":\"ReadAction\",\"target\":[\"https:\/\/www.miomiorun.com\/es\/producto\/la-sportiva-primal-pant-mujer\/\"]}]},{\"@type\":\"ImageObject\",\"inLanguage\":\"es-ES\",\"@id\":\"https:\/\/www.miomiorun.com\/es\/producto\/la-sportiva-primal-pant-mujer\/#primaryimage\",\"url\":\"https:\/\/www.miomiorun.com\/app\/uploads\/2022\/09\/la-sportiva-primal-pant-W-black-cerise-Q21999409.jpg\",\"contentUrl\":\"https:\/\/www.miomiorun.com\/app\/uploads\/2022\/09\/la-sportiva-primal-pant-W-black-cerise-Q21999409.jpg\",\"width\":600,\"height\":600,\"caption\":\"la-sportiva-primal-pant-W-black-cerise-Q21999409\"},{\"@type\":\"BreadcrumbList\",\"@id\":\"https:\/\/www.miomiorun.com\/es\/producto\/la-sportiva-primal-pant-mujer\/#breadcrumb\",\"itemListElement\":[{\"@type\":\"ListItem\",\"position\":1,\"name\":\"Home\",\"item\":\"https:\/\/www.miomiorun.com\/es\/\"},{\"@type\":\"ListItem\",\"position\":2,\"name\":\"Shop\",\"item\":\"https:\/\/www.miomiorun.com\/shop\/\"},{\"@type\":\"ListItem\",\"position\":3,\"name\":\"Primal Pant mujer\"}]},{\"@type\":\"WebSite\",\"@id\":\"https:\/\/www.miomiorun.com\/es\/#website\",\"url\":\"https:\/\/www.miomiorun.com\/es\/\",\"name\":\"MioMioRun\",\"description\":\"Tienda 100% running y trail\",\"publisher\":{\"@id\":\"https:\/\/www.miomiorun.com\/es\/#organization\"},\"potentialAction\":[{\"@type\":\"SearchAction\",\"target\":{\"@type\":\"EntryPoint\",\"urlTemplate\":\"https:\/\/www.miomiorun.com\/es\/?s={search_term_string}\"},\"query-input\":{\"@type\":\"PropertyValueSpecification\",\"valueRequired\":true,\"valueName\":\"search_term_string\"}}],\"inLanguage\":\"es-ES\"},{\"@type\":\"Organization\",\"@id\":\"https:\/\/www.miomiorun.com\/es\/#organization\",\"name\":\"MioMio Run\",\"url\":\"https:\/\/www.miomiorun.com\/es\/\",\"logo\":{\"@type\":\"ImageObject\",\"inLanguage\":\"es-ES\",\"@id\":\"https:\/\/www.miomiorun.com\/es\/#\/schema\/logo\/image\/\",\"url\":\"https:\/\/www.miomiorun.com\/app\/uploads\/2019\/12\/logomio.png\",\"contentUrl\":\"https:\/\/www.miomiorun.com\/app\/uploads\/2019\/12\/logomio.png\",\"width\":115,\"height\":82,\"caption\":\"MioMio Run\"},\"image\":{\"@id\":\"https:\/\/www.miomiorun.com\/es\/#\/schema\/logo\/image\/\"},\"sameAs\":[\"https:\/\/www.facebook.com\/miomiorun\/\",\"https:\/\/www.instagram.com\/miomiorun\/\"]}]}<\/script>\n<!-- \/ Yoast SEO plugin. -->","yoast_head_json":{"title":"La Sportiva Primal Pant mujer - Pantalones largos - MioMioRun","description":"Los pantalones de running de invierno Primal Pant para mujer, con un mont\u00f3n de detalles, cuentan con protecci\u00f3n adicional contra el viento y el barro.","robots":{"index":"index","follow":"follow","max-snippet":"max-snippet:-1","max-image-preview":"max-image-preview:large","max-video-preview":"max-video-preview:-1"},"canonical":"https:\/\/www.miomiorun.com\/es\/producto\/la-sportiva-primal-pant-mujer\/","og_locale":"es_ES","og_type":"article","og_title":"La Sportiva Primal Pant mujer - Pantalones largos - MioMioRun","og_description":"Los pantalones de running de invierno Primal Pant para mujer, con un mont\u00f3n de detalles, cuentan con protecci\u00f3n adicional contra el viento y el barro.","og_url":"https:\/\/www.miomiorun.com\/es\/producto\/la-sportiva-primal-pant-mujer\/","og_site_name":"MioMioRun","article_publisher":"https:\/\/www.facebook.com\/miomiorun\/","article_modified_time":"2026-04-30T15:20:55+00:00","og_image":[{"width":600,"height":600,"url":"https:\/\/www.miomiorun.com\/app\/uploads\/2022\/09\/la-sportiva-primal-pant-W-black-cerise-Q21999409.jpg","type":"image\/jpeg"}],"twitter_card":"summary_large_image","twitter_misc":{"Est. reading time":"1 minute"},"schema":{"@context":"https:\/\/schema.org","@graph":[{"@type":"WebPage","@id":"https:\/\/www.miomiorun.com\/es\/producto\/la-sportiva-primal-pant-mujer\/","url":"https:\/\/www.miomiorun.com\/es\/producto\/la-sportiva-primal-pant-mujer\/","name":"La Sportiva Primal Pant mujer - Pantalones largos - MioMioRun","isPartOf":{"@id":"https:\/\/www.miomiorun.com\/es\/#website"},"primaryImageOfPage":{"@id":"https:\/\/www.miomiorun.com\/es\/producto\/la-sportiva-primal-pant-mujer\/#primaryimage"},"image":{"@id":"https:\/\/www.miomiorun.com\/es\/producto\/la-sportiva-primal-pant-mujer\/#primaryimage"},"thumbnailUrl":"https:\/\/www.miomiorun.com\/app\/uploads\/2022\/09\/la-sportiva-primal-pant-W-black-cerise-Q21999409.jpg","datePublished":"2021-10-12T10:22:13+00:00","dateModified":"2026-04-30T15:20:55+00:00","description":"Los pantalones de running de invierno Primal Pant para mujer, con un mont\u00f3n de detalles, cuentan con protecci\u00f3n adicional contra el viento y el barro.","breadcrumb":{"@id":"https:\/\/www.miomiorun.com\/es\/producto\/la-sportiva-primal-pant-mujer\/#breadcrumb"},"inLanguage":"es-ES","potentialAction":[{"@type":"ReadAction","target":["https:\/\/www.miomiorun.com\/es\/producto\/la-sportiva-primal-pant-mujer\/"]}]},{"@type":"ImageObject","inLanguage":"es-ES","@id":"https:\/\/www.miomiorun.com\/es\/producto\/la-sportiva-primal-pant-mujer\/#primaryimage","url":"https:\/\/www.miomiorun.com\/app\/uploads\/2022\/09\/la-sportiva-primal-pant-W-black-cerise-Q21999409.jpg","contentUrl":"https:\/\/www.miomiorun.com\/app\/uploads\/2022\/09\/la-sportiva-primal-pant-W-black-cerise-Q21999409.jpg","width":600,"height":600,"caption":"la-sportiva-primal-pant-W-black-cerise-Q21999409"},{"@type":"BreadcrumbList","@id":"https:\/\/www.miomiorun.com\/es\/producto\/la-sportiva-primal-pant-mujer\/#breadcrumb","itemListElement":[{"@type":"ListItem","position":1,"name":"Home","item":"https:\/\/www.miomiorun.com\/es\/"},{"@type":"ListItem","position":2,"name":"Shop","item":"https:\/\/www.miomiorun.com\/shop\/"},{"@type":"ListItem","position":3,"name":"Primal Pant mujer"}]},{"@type":"WebSite","@id":"https:\/\/www.miomiorun.com\/es\/#website","url":"https:\/\/www.miomiorun.com\/es\/","name":"MioMioRun","description":"Tienda 100% running y trail","publisher":{"@id":"https:\/\/www.miomiorun.com\/es\/#organization"},"potentialAction":[{"@type":"SearchAction","target":{"@type":"EntryPoint","urlTemplate":"https:\/\/www.miomiorun.com\/es\/?s={search_term_string}"},"query-input":{"@type":"PropertyValueSpecification","valueRequired":true,"valueName":"search_term_string"}}],"inLanguage":"es-ES"},{"@type":"Organization","@id":"https:\/\/www.miomiorun.com\/es\/#organization","name":"MioMio Run","url":"https:\/\/www.miomiorun.com\/es\/","logo":{"@type":"ImageObject","inLanguage":"es-ES","@id":"https:\/\/www.miomiorun.com\/es\/#\/schema\/logo\/image\/","url":"https:\/\/www.miomiorun.com\/app\/uploads\/2019\/12\/logomio.png","contentUrl":"https:\/\/www.miomiorun.com\/app\/uploads\/2019\/12\/logomio.png","width":115,"height":82,"caption":"MioMio Run"},"image":{"@id":"https:\/\/www.miomiorun.com\/es\/#\/schema\/logo\/image\/"},"sameAs":["https:\/\/www.facebook.com\/miomiorun\/","https:\/\/www.instagram.com\/miomiorun\/"]}]}},"_links":{"self":[{"href":"https:\/\/www.miomiorun.com\/es\/wp-json\/wp\/v2\/product\/279574","targetHints":{"allow":["GET"]}}],"collection":[{"href":"https:\/\/www.miomiorun.com\/es\/wp-json\/wp\/v2\/product"}],"about":[{"href":"https:\/\/www.miomiorun.com\/es\/wp-json\/wp\/v2\/types\/product"}],"wp:featuredmedia":[{"embeddable":true,"href":"https:\/\/www.miomiorun.com\/es\/wp-json\/wp\/v2\/media\/237967"}],"wp:attachment":[{"href":"https:\/\/www.miomiorun.com\/es\/wp-json\/wp\/v2\/media?parent=279574"}],"wp:term":[{"taxonomy":"product_brand","embeddable":true,"href":"https:\/\/www.miomiorun.com\/es\/wp-json\/wp\/v2\/product_brand?post=279574"},{"taxonomy":"product_cat","embeddable":true,"href":"https:\/\/www.miomiorun.com\/es\/wp-json\/wp\/v2\/product_cat?post=279574"},{"taxonomy":"product_tag","embeddable":true,"href":"https:\/\/www.miomiorun.com\/es\/wp-json\/wp\/v2\/product_tag?post=279574"}],"curies":[{"name":"wp","href":"https:\/\/api.w.org\/{rel}","templated":true}]}}