{"id":279537,"date":"2021-09-02T19:12:31","date_gmt":"2021-09-02T17:12:31","guid":{"rendered":"https:\/\/miomiorun.com\/prodotto\/la-sportiva-cyklon-donna\/"},"modified":"2026-04-23T19:09:57","modified_gmt":"2026-04-23T17:09:57","slug":"la-sportiva-cyklon-mujer","status":"publish","type":"product","link":"https:\/\/www.miomiorun.com\/es\/producto\/la-sportiva-cyklon-mujer\/","title":{"rendered":"Cyklon mujer"},"content":{"rendered":"<div class=\"vc-row container\"><div class=\"vc-column\"><div class=\"vc-column-text\"><\/p>\n<p><strong>Especificaciones t\u00e9cnicas<\/strong><\/p>\n<p>Categor\u00eda: amortiguaci\u00f3n intermedia<br \/>\nDiferencial: 7 mm<br \/>\nPeso: 260 g<br \/>\nIdeal para: amantes del trail running en terrenos t\u00e9cnicos en distancias medias y para carreras de monta\u00f1a.<br \/>\nPeso del atleta: 60-70 kg<br \/>\nRitmo de carrera: medio-r\u00e1pido (por debajo de 5,00 min\/km)<br \/>\n<a href=\"https:\/\/miomiorun.com\/guida-alle-specifiche-tecniche\/\">Gu\u00eda de especificaciones t\u00e9cnicas<\/a><\/p>\n<p><\/div><\/div><div class=\"vc-column\"><div class=\"vc-column-text\">La Cyklon para mujer es una zapatilla de alto rendimiento ideal para carreras de monta\u00f1a y carreras todoterreno en terrenos t\u00e9cnicos de media distancia. Fruto del trabajo de investigaci\u00f3n y desarrollo entre La Sportiva y BOA\u00ae, es un producto que garantiza estabilidad, precisi\u00f3n y un ajuste perfecto gracias al nuevo sistema de cierre Dynamic Cage\u2122 con BOA\u00ae Fit System integrado, que trabaja en sinergia con tres elementos diferentes de la parte superior para lograr un ajuste perfecto y la estabilidad del pie, lo que permite una carrera en descenso segura y precisa. El coraz\u00f3n del sistema de ajuste es el Dynamic Flap\u2122 interno, que envuelve el calzado y permite el ajuste din\u00e1mico de la tensi\u00f3n actuando directamente sobre el BOA\u00ae Fit System con un movimiento de una sola mano. La puntera protectora de TPU y el panel lateral multicapa y termoadhesivo aportan una estructura adicional y garantizan la m\u00e1xima estabilidad. La suela para terrenos fangosos, ideal para su uso en terrenos blandos y embarrados, est\u00e1 fabricada con la mezcla La Sportiva FriXion\u00ae White de gran adherencia y ofrece la posibilidad de integrar clavos AT Grip Spike en caso de uso sobre terrenos helados. La entresuela de EVA de doble densidad con inserto estabilizador contribuye a la estabilidad general del calzado y reduce el peso. Cyklon: flota como una mariposa, corre como el viento.<\/p>\n<p><strong>Caracter\u00edsticas:<\/strong><\/p>\n<ul>\n<li>Empeine de malla transpirable y resistente a la abrasi\u00f3n, con refuerzos de TPU termoadhesivos en las zonas m\u00e1s expuestas a la abrasi\u00f3n<\/li>\n<li>Punta protectora de TPU resistente a los golpes<\/li>\n<li>Suela de la mezcla FriXion\u00ae White, de gran adherencia, con dibujo \u00abmud-ground\u00bb para su uso en terrenos blandos y embarrados<\/li>\n<li>Spyral Tongue\u2122 Evo: leng\u00fceta superenvolvente con fuelle integrado para un ajuste perfecto entre el cuello y el tobillo: evita la entrada de elementos externos y se adapta din\u00e1micamente a los movimientos del corredor<\/li>\n<li>Construcci\u00f3n Dynamic Cage\u2122: el sistema BOA\u00ae Fit System funciona en sinergia con tres elementos diferentes de la parte superior para proporcionar un ajuste perfecto y estabilidad al pie, lo que permite una carrera cuesta abajo segura y precisa.<\/li>\n<li>Panel lateral multicapa y termoadhesivo: aporta estructura y estabilidad<\/li>\n<li>\u00a0Entresuela de Memlex EVA de doble densidad, ligera y con inserto estabilizador, ideal para su uso en traves\u00edas<\/li>\n<\/ul>\n<p><\/div><\/div><\/div>\n","protected":false},"excerpt":{"rendered":"","protected":false},"featured_media":233090,"template":"","meta":{"_acf_changed":false,"inline_featured_image":false},"product_brand":[],"product_cat":[24227,24230],"product_tag":[23598,23640],"class_list":{"0":"post-279537","1":"product","2":"type-product","3":"status-publish","4":"has-post-thumbnail","6":"product_cat-calzado-femenino","7":"product_cat-trail-es","8":"product_tag-la-sportiva-es","9":"product_tag-la-sportiva-mujer","10":"pa_attivita-outdoor-es","11":"pa_attivita-trail-es","12":"pa_colore-cyklon-w-hibiscus-malibu-blue-es","13":"pa_colore-cyklon-w-mineral-ink-es-2","14":"pa_marca-la-sportiva-es","15":"pa_sesso-mujer","16":"pa_size-37-5-es","17":"pa_size-38-es","18":"pa_size-38-5-es","19":"pa_size-39-es","20":"pa_size-39-5-es","21":"pa_size-40-es","22":"pa_size-40-5-es","23":"pa_size-41-es","25":"first","26":"instock","27":"sale","28":"taxable","29":"shipping-taxable","30":"purchasable","31":"product-type-variable","32":"wvs-archive-product-wrapper"},"acf":[],"yoast_head":"<!-- This site is optimized with the Yoast SEO plugin v26.8 - https:\/\/yoast.com\/product\/yoast-seo-wordpress\/ -->\n<title>La sportiva Cyklon mujer - Zapatillas de trail para mujer - MioMioRun .com<\/title>\n<meta name=\"description\" content=\"Las Cyklon para mujer son unas zapatillas de alto rendimiento ideales para carreras de monta\u00f1a y carreras todoterreno en terrenos t\u00e9cnicos de media distancia\" \/>\n<meta name=\"robots\" content=\"index, follow, max-snippet:-1, max-image-preview:large, max-video-preview:-1\" \/>\n<link rel=\"canonical\" href=\"https:\/\/www.miomiorun.com\/es\/producto\/la-sportiva-cyklon-mujer\/\" \/>\n<meta property=\"og:locale\" content=\"es_ES\" \/>\n<meta property=\"og:type\" content=\"article\" \/>\n<meta property=\"og:title\" content=\"La sportiva Cyklon mujer - Zapatillas de trail para mujer - MioMioRun .com\" \/>\n<meta property=\"og:description\" content=\"Las Cyklon para mujer son unas zapatillas de alto rendimiento ideales para carreras de monta\u00f1a y carreras todoterreno en terrenos t\u00e9cnicos de media distancia\" \/>\n<meta property=\"og:url\" content=\"https:\/\/www.miomiorun.com\/es\/producto\/la-sportiva-cyklon-mujer\/\" \/>\n<meta property=\"og:site_name\" content=\"MioMioRun\" \/>\n<meta property=\"article:publisher\" content=\"https:\/\/www.facebook.com\/miomiorun\/\" \/>\n<meta property=\"article:modified_time\" content=\"2026-04-23T17:09:57+00:00\" \/>\n<meta property=\"og:image\" content=\"https:\/\/www.miomiorun.com\/app\/uploads\/2021\/09\/la-sportiva-cyklon-46X911627.jpg\" \/>\n\t<meta property=\"og:image:width\" content=\"600\" \/>\n\t<meta property=\"og:image:height\" content=\"600\" \/>\n\t<meta property=\"og:image:type\" content=\"image\/jpeg\" \/>\n<meta name=\"twitter:card\" content=\"summary_large_image\" \/>\n<meta name=\"twitter:label1\" content=\"Est. reading time\" \/>\n\t<meta name=\"twitter:data1\" content=\"2 minutes\" \/>\n<script type=\"application\/ld+json\" class=\"yoast-schema-graph\">{\"@context\":\"https:\/\/schema.org\",\"@graph\":[{\"@type\":\"WebPage\",\"@id\":\"https:\/\/www.miomiorun.com\/es\/producto\/la-sportiva-cyklon-mujer\/\",\"url\":\"https:\/\/www.miomiorun.com\/es\/producto\/la-sportiva-cyklon-mujer\/\",\"name\":\"La sportiva Cyklon mujer - Zapatillas de trail para mujer - MioMioRun .com\",\"isPartOf\":{\"@id\":\"https:\/\/www.miomiorun.com\/es\/#website\"},\"primaryImageOfPage\":{\"@id\":\"https:\/\/www.miomiorun.com\/es\/producto\/la-sportiva-cyklon-mujer\/#primaryimage\"},\"image\":{\"@id\":\"https:\/\/www.miomiorun.com\/es\/producto\/la-sportiva-cyklon-mujer\/#primaryimage\"},\"thumbnailUrl\":\"https:\/\/www.miomiorun.com\/app\/uploads\/2021\/09\/la-sportiva-cyklon-46X911627.jpg\",\"datePublished\":\"2021-09-02T17:12:31+00:00\",\"dateModified\":\"2026-04-23T17:09:57+00:00\",\"description\":\"Las Cyklon para mujer son unas zapatillas de alto rendimiento ideales para carreras de monta\u00f1a y carreras todoterreno en terrenos t\u00e9cnicos de media distancia\",\"breadcrumb\":{\"@id\":\"https:\/\/www.miomiorun.com\/es\/producto\/la-sportiva-cyklon-mujer\/#breadcrumb\"},\"inLanguage\":\"es-ES\",\"potentialAction\":[{\"@type\":\"ReadAction\",\"target\":[\"https:\/\/www.miomiorun.com\/es\/producto\/la-sportiva-cyklon-mujer\/\"]}]},{\"@type\":\"ImageObject\",\"inLanguage\":\"es-ES\",\"@id\":\"https:\/\/www.miomiorun.com\/es\/producto\/la-sportiva-cyklon-mujer\/#primaryimage\",\"url\":\"https:\/\/www.miomiorun.com\/app\/uploads\/2021\/09\/la-sportiva-cyklon-46X911627.jpg\",\"contentUrl\":\"https:\/\/www.miomiorun.com\/app\/uploads\/2021\/09\/la-sportiva-cyklon-46X911627.jpg\",\"width\":600,\"height\":600,\"caption\":\"la sportiva cyklon\"},{\"@type\":\"BreadcrumbList\",\"@id\":\"https:\/\/www.miomiorun.com\/es\/producto\/la-sportiva-cyklon-mujer\/#breadcrumb\",\"itemListElement\":[{\"@type\":\"ListItem\",\"position\":1,\"name\":\"Home\",\"item\":\"https:\/\/www.miomiorun.com\/es\/\"},{\"@type\":\"ListItem\",\"position\":2,\"name\":\"Shop\",\"item\":\"https:\/\/www.miomiorun.com\/shop\/\"},{\"@type\":\"ListItem\",\"position\":3,\"name\":\"Cyklon mujer\"}]},{\"@type\":\"WebSite\",\"@id\":\"https:\/\/www.miomiorun.com\/es\/#website\",\"url\":\"https:\/\/www.miomiorun.com\/es\/\",\"name\":\"MioMioRun\",\"description\":\"Tienda 100% running y trail\",\"publisher\":{\"@id\":\"https:\/\/www.miomiorun.com\/es\/#organization\"},\"potentialAction\":[{\"@type\":\"SearchAction\",\"target\":{\"@type\":\"EntryPoint\",\"urlTemplate\":\"https:\/\/www.miomiorun.com\/es\/?s={search_term_string}\"},\"query-input\":{\"@type\":\"PropertyValueSpecification\",\"valueRequired\":true,\"valueName\":\"search_term_string\"}}],\"inLanguage\":\"es-ES\"},{\"@type\":\"Organization\",\"@id\":\"https:\/\/www.miomiorun.com\/es\/#organization\",\"name\":\"MioMio Run\",\"url\":\"https:\/\/www.miomiorun.com\/es\/\",\"logo\":{\"@type\":\"ImageObject\",\"inLanguage\":\"es-ES\",\"@id\":\"https:\/\/www.miomiorun.com\/es\/#\/schema\/logo\/image\/\",\"url\":\"https:\/\/www.miomiorun.com\/app\/uploads\/2019\/12\/logomio.png\",\"contentUrl\":\"https:\/\/www.miomiorun.com\/app\/uploads\/2019\/12\/logomio.png\",\"width\":115,\"height\":82,\"caption\":\"MioMio Run\"},\"image\":{\"@id\":\"https:\/\/www.miomiorun.com\/es\/#\/schema\/logo\/image\/\"},\"sameAs\":[\"https:\/\/www.facebook.com\/miomiorun\/\",\"https:\/\/www.instagram.com\/miomiorun\/\"]}]}<\/script>\n<!-- \/ Yoast SEO plugin. -->","yoast_head_json":{"title":"La sportiva Cyklon mujer - Zapatillas de trail para mujer - MioMioRun .com","description":"Las Cyklon para mujer son unas zapatillas de alto rendimiento ideales para carreras de monta\u00f1a y carreras todoterreno en terrenos t\u00e9cnicos de media distancia","robots":{"index":"index","follow":"follow","max-snippet":"max-snippet:-1","max-image-preview":"max-image-preview:large","max-video-preview":"max-video-preview:-1"},"canonical":"https:\/\/www.miomiorun.com\/es\/producto\/la-sportiva-cyklon-mujer\/","og_locale":"es_ES","og_type":"article","og_title":"La sportiva Cyklon mujer - Zapatillas de trail para mujer - MioMioRun .com","og_description":"Las Cyklon para mujer son unas zapatillas de alto rendimiento ideales para carreras de monta\u00f1a y carreras todoterreno en terrenos t\u00e9cnicos de media distancia","og_url":"https:\/\/www.miomiorun.com\/es\/producto\/la-sportiva-cyklon-mujer\/","og_site_name":"MioMioRun","article_publisher":"https:\/\/www.facebook.com\/miomiorun\/","article_modified_time":"2026-04-23T17:09:57+00:00","og_image":[{"width":600,"height":600,"url":"https:\/\/www.miomiorun.com\/app\/uploads\/2021\/09\/la-sportiva-cyklon-46X911627.jpg","type":"image\/jpeg"}],"twitter_card":"summary_large_image","twitter_misc":{"Est. reading time":"2 minutes"},"schema":{"@context":"https:\/\/schema.org","@graph":[{"@type":"WebPage","@id":"https:\/\/www.miomiorun.com\/es\/producto\/la-sportiva-cyklon-mujer\/","url":"https:\/\/www.miomiorun.com\/es\/producto\/la-sportiva-cyklon-mujer\/","name":"La sportiva Cyklon mujer - Zapatillas de trail para mujer - MioMioRun .com","isPartOf":{"@id":"https:\/\/www.miomiorun.com\/es\/#website"},"primaryImageOfPage":{"@id":"https:\/\/www.miomiorun.com\/es\/producto\/la-sportiva-cyklon-mujer\/#primaryimage"},"image":{"@id":"https:\/\/www.miomiorun.com\/es\/producto\/la-sportiva-cyklon-mujer\/#primaryimage"},"thumbnailUrl":"https:\/\/www.miomiorun.com\/app\/uploads\/2021\/09\/la-sportiva-cyklon-46X911627.jpg","datePublished":"2021-09-02T17:12:31+00:00","dateModified":"2026-04-23T17:09:57+00:00","description":"Las Cyklon para mujer son unas zapatillas de alto rendimiento ideales para carreras de monta\u00f1a y carreras todoterreno en terrenos t\u00e9cnicos de media distancia","breadcrumb":{"@id":"https:\/\/www.miomiorun.com\/es\/producto\/la-sportiva-cyklon-mujer\/#breadcrumb"},"inLanguage":"es-ES","potentialAction":[{"@type":"ReadAction","target":["https:\/\/www.miomiorun.com\/es\/producto\/la-sportiva-cyklon-mujer\/"]}]},{"@type":"ImageObject","inLanguage":"es-ES","@id":"https:\/\/www.miomiorun.com\/es\/producto\/la-sportiva-cyklon-mujer\/#primaryimage","url":"https:\/\/www.miomiorun.com\/app\/uploads\/2021\/09\/la-sportiva-cyklon-46X911627.jpg","contentUrl":"https:\/\/www.miomiorun.com\/app\/uploads\/2021\/09\/la-sportiva-cyklon-46X911627.jpg","width":600,"height":600,"caption":"la sportiva cyklon"},{"@type":"BreadcrumbList","@id":"https:\/\/www.miomiorun.com\/es\/producto\/la-sportiva-cyklon-mujer\/#breadcrumb","itemListElement":[{"@type":"ListItem","position":1,"name":"Home","item":"https:\/\/www.miomiorun.com\/es\/"},{"@type":"ListItem","position":2,"name":"Shop","item":"https:\/\/www.miomiorun.com\/shop\/"},{"@type":"ListItem","position":3,"name":"Cyklon mujer"}]},{"@type":"WebSite","@id":"https:\/\/www.miomiorun.com\/es\/#website","url":"https:\/\/www.miomiorun.com\/es\/","name":"MioMioRun","description":"Tienda 100% running y trail","publisher":{"@id":"https:\/\/www.miomiorun.com\/es\/#organization"},"potentialAction":[{"@type":"SearchAction","target":{"@type":"EntryPoint","urlTemplate":"https:\/\/www.miomiorun.com\/es\/?s={search_term_string}"},"query-input":{"@type":"PropertyValueSpecification","valueRequired":true,"valueName":"search_term_string"}}],"inLanguage":"es-ES"},{"@type":"Organization","@id":"https:\/\/www.miomiorun.com\/es\/#organization","name":"MioMio Run","url":"https:\/\/www.miomiorun.com\/es\/","logo":{"@type":"ImageObject","inLanguage":"es-ES","@id":"https:\/\/www.miomiorun.com\/es\/#\/schema\/logo\/image\/","url":"https:\/\/www.miomiorun.com\/app\/uploads\/2019\/12\/logomio.png","contentUrl":"https:\/\/www.miomiorun.com\/app\/uploads\/2019\/12\/logomio.png","width":115,"height":82,"caption":"MioMio Run"},"image":{"@id":"https:\/\/www.miomiorun.com\/es\/#\/schema\/logo\/image\/"},"sameAs":["https:\/\/www.facebook.com\/miomiorun\/","https:\/\/www.instagram.com\/miomiorun\/"]}]}},"_links":{"self":[{"href":"https:\/\/www.miomiorun.com\/es\/wp-json\/wp\/v2\/product\/279537","targetHints":{"allow":["GET"]}}],"collection":[{"href":"https:\/\/www.miomiorun.com\/es\/wp-json\/wp\/v2\/product"}],"about":[{"href":"https:\/\/www.miomiorun.com\/es\/wp-json\/wp\/v2\/types\/product"}],"wp:featuredmedia":[{"embeddable":true,"href":"https:\/\/www.miomiorun.com\/es\/wp-json\/wp\/v2\/media\/233090"}],"wp:attachment":[{"href":"https:\/\/www.miomiorun.com\/es\/wp-json\/wp\/v2\/media?parent=279537"}],"wp:term":[{"taxonomy":"product_brand","embeddable":true,"href":"https:\/\/www.miomiorun.com\/es\/wp-json\/wp\/v2\/product_brand?post=279537"},{"taxonomy":"product_cat","embeddable":true,"href":"https:\/\/www.miomiorun.com\/es\/wp-json\/wp\/v2\/product_cat?post=279537"},{"taxonomy":"product_tag","embeddable":true,"href":"https:\/\/www.miomiorun.com\/es\/wp-json\/wp\/v2\/product_tag?post=279537"}],"curies":[{"name":"wp","href":"https:\/\/api.w.org\/{rel}","templated":true}]}}