{"id":279524,"date":"2021-10-12T16:12:39","date_gmt":"2021-10-12T14:12:39","guid":{"rendered":"https:\/\/miomiorun.com\/prodotto\/la-sportiva-mantis-jkt-uomo\/"},"modified":"2026-04-30T17:23:38","modified_gmt":"2026-04-30T15:23:38","slug":"la-sportiva-mantis-jkt-hombre","status":"publish","type":"product","link":"https:\/\/www.miomiorun.com\/es\/producto\/la-sportiva-mantis-jkt-hombre\/","title":{"rendered":"Mantis Jkt hombre"},"content":{"rendered":"<p><strong>Mantis JKT<\/strong> para hombre es una chaqueta Soft Shell de peso medio, cortavientos e impermeable. El dise\u00f1o de las mangas, junto con los tres bolsillos y el uso de tejido t\u00e9cnico, hacen que esta prenda sea pr\u00e1ctica y c\u00f3moda.<\/p>\n<h3>Informaci\u00f3n t\u00e9cnica:<\/h3>\n<p><img loading=\"lazy\" decoding=\"async\" class=\"lazyloaded\" src=\"https:\/\/www.lasportiva.com\/media\/techinfo_icons\/traspirabilita.png\" alt=\"La Sportiva\" width=\"75\" height=\"75\" data-src=\"https:\/\/www.lasportiva.com\/media\/techinfo_icons\/traspirabilita.png\" \/><\/p>\n<p><strong>Transpirabilidad:<\/strong><br \/>\nProductos altamente transpirables para un confort clim\u00e1tico \u00f3ptimo.<\/p>\n<p><img loading=\"lazy\" decoding=\"async\" class=\"lazyloaded\" src=\"https:\/\/www.lasportiva.com\/media\/techinfo_icons\/elasticita.png\" alt=\"La Sportiva\" width=\"75\" height=\"75\" data-src=\"https:\/\/www.lasportiva.com\/media\/techinfo_icons\/elasticita.png\" \/><\/p>\n<p><strong>Transpirabilidad:<\/strong><br \/>\nProductos altamente transpirables para un confort clim\u00e1tico \u00f3ptimo.<\/p>\n<p><img loading=\"lazy\" decoding=\"async\" class=\"lazyloaded\" src=\"https:\/\/www.lasportiva.com\/media\/techinfo_icons\/regular-fit.png\" alt=\"La Sportiva\" width=\"75\" height=\"75\" data-src=\"https:\/\/www.lasportiva.com\/media\/techinfo_icons\/regular-fit.png\" \/><\/p>\n<p><strong>Corte regular:<\/strong><br \/>\nCorte t\u00e9cnico y c\u00f3modo.<\/p>\n<p><img loading=\"lazy\" decoding=\"async\" class=\"lazyloaded\" src=\"https:\/\/www.lasportiva.com\/media\/techinfo_icons\/leggerezza.png\" alt=\"La Sportiva\" width=\"75\" height=\"75\" data-src=\"https:\/\/www.lasportiva.com\/media\/techinfo_icons\/leggerezza.png\" \/><\/p>\n<p><strong>Ligereza:<\/strong><br \/>\nProductos que mantienen el peso al m\u00ednimo<\/p>\n<p><img loading=\"lazy\" decoding=\"async\" class=\"lazyloaded\" src=\"https:\/\/www.lasportiva.com\/media\/techinfo_icons\/isolamento.png\" alt=\"La Sportiva\" width=\"75\" height=\"75\" data-src=\"https:\/\/www.lasportiva.com\/media\/techinfo_icons\/isolamento.png\" \/><\/p>\n<p><strong>Aislamiento t\u00e9rmico:<\/strong><br \/>\nProductos aptos para su uso en condiciones de bajas temperaturas.<\/p>\n<p><img loading=\"lazy\" decoding=\"async\" class=\"lazyloaded\" src=\"https:\/\/www.lasportiva.com\/media\/techinfo_icons\/L2.png\" alt=\"La Sportiva\" width=\"75\" height=\"75\" data-src=\"https:\/\/www.lasportiva.com\/media\/techinfo_icons\/L2.png\" \/><\/p>\n<p><strong>L2 &#8211; CAPA INTERMEDIA Y CAPA T\u00c9RMICA<\/strong><br \/>\nProporciona un mayor aislamiento t\u00e9rmico y favorece la evacuaci\u00f3n del sudor gracias a su elevada transpirabilidad.<\/p>\n<p><img loading=\"lazy\" decoding=\"async\" class=\"ls-is-cached lazyloaded\" src=\"https:\/\/www.lasportiva.com\/media\/techinfo_icons\/TECH-Strech-storm.png\" alt=\"La Sportiva\" width=\"75\" height=\"75\" data-src=\"https:\/\/www.lasportiva.com\/media\/techinfo_icons\/TECH-Strech-storm.png\" \/><\/p>\n<p><strong>TechStretch Storm:<\/strong><br \/>\nDe la experiencia en la fabricaci\u00f3n de prendas destinadas a usuarios activos y exigentes en condiciones de bajas temperaturas nace el tejido TechStretch\u2122 Storm: una nueva forma de concebir las chaquetas softshell.<\/p>\n","protected":false},"excerpt":{"rendered":"<p>Mantis JKT para hombre es una chaqueta Soft Shell de peso medio, cortavientos e impermeable. El dise\u00f1o de las mangas, junto con los tres bolsillos y el uso de tejido t\u00e9cnico, hacen que esta prenda sea pr\u00e1ctica y c\u00f3moda. Informaci\u00f3n t\u00e9cnica: Transpirabilidad: Productos altamente transpirables para un confort clim\u00e1tico \u00f3ptimo. Transpirabilidad: Productos altamente transpirables para &hellip; <a href=\"https:\/\/www.miomiorun.com\/es\/producto\/la-sportiva-mantis-jkt-hombre\/\">Continued<\/a><\/p>\n","protected":false},"featured_media":233892,"template":"","meta":{"_acf_changed":false,"inline_featured_image":false},"product_brand":[],"product_cat":[24470,24410],"product_tag":[23598,23600],"class_list":{"0":"post-279524","1":"product","2":"type-product","3":"status-publish","4":"has-post-thumbnail","6":"product_cat-camisetas-es-3","7":"product_cat-ropa-de-hombre","8":"product_tag-la-sportiva-es","9":"product_tag-la-sportiva-hombre","10":"pa_attivita-caminar","11":"pa_attivita-outdoor-es","12":"pa_colore-mantis-jkt-night-blue-es","13":"pa_marca-la-sportiva-es","14":"pa_sesso-hombre","15":"pa_size-small-es","16":"pa_size-medium-es","17":"pa_size-extra-large-es","19":"first","20":"instock","21":"sale","22":"taxable","23":"shipping-taxable","24":"purchasable","25":"product-type-variable","26":"wvs-archive-product-wrapper"},"acf":[],"yoast_head":"<!-- This site is optimized with the Yoast SEO plugin v26.8 - https:\/\/yoast.com\/product\/yoast-seo-wordpress\/ -->\n<title>La Sportiva Mantis Jkt hombre - Chaqueta de invierno - MioMioRun.com<\/title>\n<meta name=\"description\" content=\"La Mantis JKT para hombre es una chaqueta Soft Shell de peso medio, cortavientos e impermeable. El dise\u00f1o de las mangas la convierte en una prenda muy pr\u00e1ctica.\" \/>\n<meta name=\"robots\" content=\"index, follow, max-snippet:-1, max-image-preview:large, max-video-preview:-1\" \/>\n<link rel=\"canonical\" href=\"https:\/\/www.miomiorun.com\/es\/producto\/la-sportiva-mantis-jkt-hombre\/\" \/>\n<meta property=\"og:locale\" content=\"es_ES\" \/>\n<meta property=\"og:type\" content=\"article\" \/>\n<meta property=\"og:title\" content=\"La Sportiva Mantis Jkt hombre - Chaqueta de invierno - MioMioRun.com\" \/>\n<meta property=\"og:description\" content=\"La Mantis JKT para hombre es una chaqueta Soft Shell de peso medio, cortavientos e impermeable. El dise\u00f1o de las mangas la convierte en una prenda muy pr\u00e1ctica.\" \/>\n<meta property=\"og:url\" content=\"https:\/\/www.miomiorun.com\/es\/producto\/la-sportiva-mantis-jkt-hombre\/\" \/>\n<meta property=\"og:site_name\" content=\"MioMioRun\" \/>\n<meta property=\"article:publisher\" content=\"https:\/\/www.facebook.com\/miomiorun\/\" \/>\n<meta property=\"article:modified_time\" content=\"2026-04-30T15:23:38+00:00\" \/>\n<meta property=\"og:image\" content=\"https:\/\/www.miomiorun.com\/app\/uploads\/2021\/10\/la-sportiva-mantis-JKT-L32629629.jpg\" \/>\n\t<meta property=\"og:image:width\" content=\"600\" \/>\n\t<meta property=\"og:image:height\" content=\"600\" \/>\n\t<meta property=\"og:image:type\" content=\"image\/jpeg\" \/>\n<meta name=\"twitter:card\" content=\"summary_large_image\" \/>\n<meta name=\"twitter:label1\" content=\"Est. reading time\" \/>\n\t<meta name=\"twitter:data1\" content=\"1 minute\" \/>\n<script type=\"application\/ld+json\" class=\"yoast-schema-graph\">{\"@context\":\"https:\/\/schema.org\",\"@graph\":[{\"@type\":\"WebPage\",\"@id\":\"https:\/\/www.miomiorun.com\/es\/producto\/la-sportiva-mantis-jkt-hombre\/\",\"url\":\"https:\/\/www.miomiorun.com\/es\/producto\/la-sportiva-mantis-jkt-hombre\/\",\"name\":\"La Sportiva Mantis Jkt hombre - Chaqueta de invierno - MioMioRun.com\",\"isPartOf\":{\"@id\":\"https:\/\/www.miomiorun.com\/es\/#website\"},\"primaryImageOfPage\":{\"@id\":\"https:\/\/www.miomiorun.com\/es\/producto\/la-sportiva-mantis-jkt-hombre\/#primaryimage\"},\"image\":{\"@id\":\"https:\/\/www.miomiorun.com\/es\/producto\/la-sportiva-mantis-jkt-hombre\/#primaryimage\"},\"thumbnailUrl\":\"https:\/\/www.miomiorun.com\/app\/uploads\/2021\/10\/la-sportiva-mantis-JKT-L32629629.jpg\",\"datePublished\":\"2021-10-12T14:12:39+00:00\",\"dateModified\":\"2026-04-30T15:23:38+00:00\",\"description\":\"La Mantis JKT para hombre es una chaqueta Soft Shell de peso medio, cortavientos e impermeable. El dise\u00f1o de las mangas la convierte en una prenda muy pr\u00e1ctica.\",\"breadcrumb\":{\"@id\":\"https:\/\/www.miomiorun.com\/es\/producto\/la-sportiva-mantis-jkt-hombre\/#breadcrumb\"},\"inLanguage\":\"es-ES\",\"potentialAction\":[{\"@type\":\"ReadAction\",\"target\":[\"https:\/\/www.miomiorun.com\/es\/producto\/la-sportiva-mantis-jkt-hombre\/\"]}]},{\"@type\":\"ImageObject\",\"inLanguage\":\"es-ES\",\"@id\":\"https:\/\/www.miomiorun.com\/es\/producto\/la-sportiva-mantis-jkt-hombre\/#primaryimage\",\"url\":\"https:\/\/www.miomiorun.com\/app\/uploads\/2021\/10\/la-sportiva-mantis-JKT-L32629629.jpg\",\"contentUrl\":\"https:\/\/www.miomiorun.com\/app\/uploads\/2021\/10\/la-sportiva-mantis-JKT-L32629629.jpg\",\"width\":600,\"height\":600,\"caption\":\"la sportiva mantis jkt\"},{\"@type\":\"BreadcrumbList\",\"@id\":\"https:\/\/www.miomiorun.com\/es\/producto\/la-sportiva-mantis-jkt-hombre\/#breadcrumb\",\"itemListElement\":[{\"@type\":\"ListItem\",\"position\":1,\"name\":\"Home\",\"item\":\"https:\/\/www.miomiorun.com\/es\/\"},{\"@type\":\"ListItem\",\"position\":2,\"name\":\"Shop\",\"item\":\"https:\/\/www.miomiorun.com\/shop\/\"},{\"@type\":\"ListItem\",\"position\":3,\"name\":\"Mantis Jkt hombre\"}]},{\"@type\":\"WebSite\",\"@id\":\"https:\/\/www.miomiorun.com\/es\/#website\",\"url\":\"https:\/\/www.miomiorun.com\/es\/\",\"name\":\"MioMioRun\",\"description\":\"Tienda 100% running y trail\",\"publisher\":{\"@id\":\"https:\/\/www.miomiorun.com\/es\/#organization\"},\"potentialAction\":[{\"@type\":\"SearchAction\",\"target\":{\"@type\":\"EntryPoint\",\"urlTemplate\":\"https:\/\/www.miomiorun.com\/es\/?s={search_term_string}\"},\"query-input\":{\"@type\":\"PropertyValueSpecification\",\"valueRequired\":true,\"valueName\":\"search_term_string\"}}],\"inLanguage\":\"es-ES\"},{\"@type\":\"Organization\",\"@id\":\"https:\/\/www.miomiorun.com\/es\/#organization\",\"name\":\"MioMio Run\",\"url\":\"https:\/\/www.miomiorun.com\/es\/\",\"logo\":{\"@type\":\"ImageObject\",\"inLanguage\":\"es-ES\",\"@id\":\"https:\/\/www.miomiorun.com\/es\/#\/schema\/logo\/image\/\",\"url\":\"https:\/\/www.miomiorun.com\/app\/uploads\/2019\/12\/logomio.png\",\"contentUrl\":\"https:\/\/www.miomiorun.com\/app\/uploads\/2019\/12\/logomio.png\",\"width\":115,\"height\":82,\"caption\":\"MioMio Run\"},\"image\":{\"@id\":\"https:\/\/www.miomiorun.com\/es\/#\/schema\/logo\/image\/\"},\"sameAs\":[\"https:\/\/www.facebook.com\/miomiorun\/\",\"https:\/\/www.instagram.com\/miomiorun\/\"]}]}<\/script>\n<!-- \/ Yoast SEO plugin. -->","yoast_head_json":{"title":"La Sportiva Mantis Jkt hombre - Chaqueta de invierno - MioMioRun.com","description":"La Mantis JKT para hombre es una chaqueta Soft Shell de peso medio, cortavientos e impermeable. El dise\u00f1o de las mangas la convierte en una prenda muy pr\u00e1ctica.","robots":{"index":"index","follow":"follow","max-snippet":"max-snippet:-1","max-image-preview":"max-image-preview:large","max-video-preview":"max-video-preview:-1"},"canonical":"https:\/\/www.miomiorun.com\/es\/producto\/la-sportiva-mantis-jkt-hombre\/","og_locale":"es_ES","og_type":"article","og_title":"La Sportiva Mantis Jkt hombre - Chaqueta de invierno - MioMioRun.com","og_description":"La Mantis JKT para hombre es una chaqueta Soft Shell de peso medio, cortavientos e impermeable. El dise\u00f1o de las mangas la convierte en una prenda muy pr\u00e1ctica.","og_url":"https:\/\/www.miomiorun.com\/es\/producto\/la-sportiva-mantis-jkt-hombre\/","og_site_name":"MioMioRun","article_publisher":"https:\/\/www.facebook.com\/miomiorun\/","article_modified_time":"2026-04-30T15:23:38+00:00","og_image":[{"width":600,"height":600,"url":"https:\/\/www.miomiorun.com\/app\/uploads\/2021\/10\/la-sportiva-mantis-JKT-L32629629.jpg","type":"image\/jpeg"}],"twitter_card":"summary_large_image","twitter_misc":{"Est. reading time":"1 minute"},"schema":{"@context":"https:\/\/schema.org","@graph":[{"@type":"WebPage","@id":"https:\/\/www.miomiorun.com\/es\/producto\/la-sportiva-mantis-jkt-hombre\/","url":"https:\/\/www.miomiorun.com\/es\/producto\/la-sportiva-mantis-jkt-hombre\/","name":"La Sportiva Mantis Jkt hombre - Chaqueta de invierno - MioMioRun.com","isPartOf":{"@id":"https:\/\/www.miomiorun.com\/es\/#website"},"primaryImageOfPage":{"@id":"https:\/\/www.miomiorun.com\/es\/producto\/la-sportiva-mantis-jkt-hombre\/#primaryimage"},"image":{"@id":"https:\/\/www.miomiorun.com\/es\/producto\/la-sportiva-mantis-jkt-hombre\/#primaryimage"},"thumbnailUrl":"https:\/\/www.miomiorun.com\/app\/uploads\/2021\/10\/la-sportiva-mantis-JKT-L32629629.jpg","datePublished":"2021-10-12T14:12:39+00:00","dateModified":"2026-04-30T15:23:38+00:00","description":"La Mantis JKT para hombre es una chaqueta Soft Shell de peso medio, cortavientos e impermeable. El dise\u00f1o de las mangas la convierte en una prenda muy pr\u00e1ctica.","breadcrumb":{"@id":"https:\/\/www.miomiorun.com\/es\/producto\/la-sportiva-mantis-jkt-hombre\/#breadcrumb"},"inLanguage":"es-ES","potentialAction":[{"@type":"ReadAction","target":["https:\/\/www.miomiorun.com\/es\/producto\/la-sportiva-mantis-jkt-hombre\/"]}]},{"@type":"ImageObject","inLanguage":"es-ES","@id":"https:\/\/www.miomiorun.com\/es\/producto\/la-sportiva-mantis-jkt-hombre\/#primaryimage","url":"https:\/\/www.miomiorun.com\/app\/uploads\/2021\/10\/la-sportiva-mantis-JKT-L32629629.jpg","contentUrl":"https:\/\/www.miomiorun.com\/app\/uploads\/2021\/10\/la-sportiva-mantis-JKT-L32629629.jpg","width":600,"height":600,"caption":"la sportiva mantis jkt"},{"@type":"BreadcrumbList","@id":"https:\/\/www.miomiorun.com\/es\/producto\/la-sportiva-mantis-jkt-hombre\/#breadcrumb","itemListElement":[{"@type":"ListItem","position":1,"name":"Home","item":"https:\/\/www.miomiorun.com\/es\/"},{"@type":"ListItem","position":2,"name":"Shop","item":"https:\/\/www.miomiorun.com\/shop\/"},{"@type":"ListItem","position":3,"name":"Mantis Jkt hombre"}]},{"@type":"WebSite","@id":"https:\/\/www.miomiorun.com\/es\/#website","url":"https:\/\/www.miomiorun.com\/es\/","name":"MioMioRun","description":"Tienda 100% running y trail","publisher":{"@id":"https:\/\/www.miomiorun.com\/es\/#organization"},"potentialAction":[{"@type":"SearchAction","target":{"@type":"EntryPoint","urlTemplate":"https:\/\/www.miomiorun.com\/es\/?s={search_term_string}"},"query-input":{"@type":"PropertyValueSpecification","valueRequired":true,"valueName":"search_term_string"}}],"inLanguage":"es-ES"},{"@type":"Organization","@id":"https:\/\/www.miomiorun.com\/es\/#organization","name":"MioMio Run","url":"https:\/\/www.miomiorun.com\/es\/","logo":{"@type":"ImageObject","inLanguage":"es-ES","@id":"https:\/\/www.miomiorun.com\/es\/#\/schema\/logo\/image\/","url":"https:\/\/www.miomiorun.com\/app\/uploads\/2019\/12\/logomio.png","contentUrl":"https:\/\/www.miomiorun.com\/app\/uploads\/2019\/12\/logomio.png","width":115,"height":82,"caption":"MioMio Run"},"image":{"@id":"https:\/\/www.miomiorun.com\/es\/#\/schema\/logo\/image\/"},"sameAs":["https:\/\/www.facebook.com\/miomiorun\/","https:\/\/www.instagram.com\/miomiorun\/"]}]}},"_links":{"self":[{"href":"https:\/\/www.miomiorun.com\/es\/wp-json\/wp\/v2\/product\/279524","targetHints":{"allow":["GET"]}}],"collection":[{"href":"https:\/\/www.miomiorun.com\/es\/wp-json\/wp\/v2\/product"}],"about":[{"href":"https:\/\/www.miomiorun.com\/es\/wp-json\/wp\/v2\/types\/product"}],"wp:featuredmedia":[{"embeddable":true,"href":"https:\/\/www.miomiorun.com\/es\/wp-json\/wp\/v2\/media\/233892"}],"wp:attachment":[{"href":"https:\/\/www.miomiorun.com\/es\/wp-json\/wp\/v2\/media?parent=279524"}],"wp:term":[{"taxonomy":"product_brand","embeddable":true,"href":"https:\/\/www.miomiorun.com\/es\/wp-json\/wp\/v2\/product_brand?post=279524"},{"taxonomy":"product_cat","embeddable":true,"href":"https:\/\/www.miomiorun.com\/es\/wp-json\/wp\/v2\/product_cat?post=279524"},{"taxonomy":"product_tag","embeddable":true,"href":"https:\/\/www.miomiorun.com\/es\/wp-json\/wp\/v2\/product_tag?post=279524"}],"curies":[{"name":"wp","href":"https:\/\/api.w.org\/{rel}","templated":true}]}}