{"id":279420,"date":"2021-09-04T12:10:23","date_gmt":"2021-09-04T10:10:23","guid":{"rendered":"https:\/\/miomiorun.com\/prodotto\/brooks-drive-3-pocket-run-bra\/"},"modified":"2026-04-30T16:08:25","modified_gmt":"2026-04-30T14:08:25","slug":"brooks-drive-3-pocket-run-bra","status":"publish","type":"product","link":"https:\/\/www.miomiorun.com\/es\/producto\/brooks-drive-3-pocket-run-bra\/","title":{"rendered":"Drive 3 Pocket Run Bra"},"content":{"rendered":"<p id=\"tw-target-text\" class=\"tw-data-text tw-text-large XcVN5d tw-ta\" dir=\"ltr\" data-placeholder=\"Traduzione\"><span class=\"Y2IQFc\" lang=\"it\">Ll\u00e9vate solo lo imprescindible. El sujetador <strong>Drive 3 Pocket Run<\/strong> cuenta con sujeci\u00f3n compresiva ideal para correr y tres bolsillos, uno de ellos exclusivo para tu tel\u00e9fono.<\/span><\/p>\n<h4 id=\"tw-target-text\" class=\"tw-data-text tw-text-large XcVN5d tw-ta\" dir=\"ltr\" data-placeholder=\"Traduzione\"><span class=\"Y2IQFc\" lang=\"it\">Soporte listo para la carrera<\/span><\/h4>\n<p class=\"tw-data-text tw-text-large XcVN5d tw-ta\" dir=\"ltr\" data-placeholder=\"Traduzione\"><span class=\"Y2IQFc\" lang=\"it\">La sujeci\u00f3n de compresi\u00f3n preparada para correr reduce el movimiento sin resultar demasiado opresiva, lo que proporciona seguridad y confianza durante la carrera. Su dise\u00f1o, probado en laboratorio, ofrece una sujeci\u00f3n preparada para correr en una amplia gama de tallas.<\/span><\/p>\n<p class=\"tw-data-text tw-text-large XcVN5d tw-ta\" dir=\"ltr\" data-placeholder=\"Traduzione\"><span class=\"Y2IQFc\" lang=\"it\">Las pruebas garantizan que nuestros sujetadores ofrezcan una sujeci\u00f3n espec\u00edfica para correr. Tambi\u00e9n probamos los sujetadores con mujeres como t\u00fa, ya que los datos de laboratorio solo son v\u00e1lidos en la medida en que se aplican en la vida real.<\/span><\/p>\n<h4 id=\"tw-target-text\" class=\"tw-data-text tw-text-large XcVN5d tw-ta\" dir=\"ltr\" data-placeholder=\"Traduzione\"><span class=\"Y2IQFc\" lang=\"it\">F\u00e1cil almacenamiento <\/span><\/h4>\n<p class=\"tw-data-text tw-text-large XcVN5d tw-ta\" dir=\"ltr\" data-placeholder=\"Traduzione\"><span class=\"Y2IQFc\" lang=\"it\">Lleva tus objetos esenciales en los dos bolsillos laterales de malla y en el bolsillo para el m\u00f3vil con costuras selladas para correr sin preocupaciones. Las costuras selladas y el corte sin costuras te ofrecen una comodidad sin distracciones.<\/span><\/p>\n<h4 id=\"tw-target-text\" class=\"tw-data-text tw-text-large XcVN5d tw-ta\" dir=\"ltr\" data-placeholder=\"Traduzione\"><span class=\"Y2IQFc\" lang=\"it\">Copas extra\u00edbles <\/span><\/h4>\n<p class=\"tw-data-text tw-text-large XcVN5d tw-ta\" dir=\"ltr\" data-placeholder=\"Traduzione\"><span class=\"Y2IQFc\" lang=\"it\">Los bolsillos tipo sobre mantienen a salvo las copas extra\u00edbles para ofrecer una sujeci\u00f3n personalizada durante la carrera.<\/span><\/p>\n","protected":false},"excerpt":{"rendered":"<p>Ll\u00e9vate solo lo imprescindible. El sujetador Drive 3 Pocket Run cuenta con sujeci\u00f3n compresiva ideal para correr y tres bolsillos, uno de ellos exclusivo para tu tel\u00e9fono. Soporte listo para la carrera La sujeci\u00f3n de compresi\u00f3n preparada para correr reduce el movimiento sin resultar demasiado opresiva, lo que proporciona seguridad y confianza durante la carrera. &hellip; <a href=\"https:\/\/www.miomiorun.com\/es\/producto\/brooks-drive-3-pocket-run-bra\/\">Continued<\/a><\/p>\n","protected":false},"featured_media":233000,"template":"","meta":{"_acf_changed":false,"inline_featured_image":false},"product_brand":[],"product_cat":[24401,24397,24402],"product_tag":[23463,23664],"class_list":{"0":"post-279420","1":"product","2":"type-product","3":"status-publish","4":"has-post-thumbnail","6":"product_cat-ropa-de-mujer","7":"product_cat-ropa-interior","8":"product_cat-mujer","9":"product_tag-brooks-es","10":"product_tag-brooks-mujer","11":"pa_attivita-caminar","12":"pa_attivita-fitness-es","13":"pa_attivita-running-es","14":"pa_marca-brooks-es","15":"pa_sesso-mujer","16":"pa_size-32c-es","17":"pa_size-34c-es","18":"pa_size-36c-es","20":"first","21":"instock","22":"sale","23":"taxable","24":"shipping-taxable","25":"purchasable","26":"product-type-variable","27":"wvs-archive-product-wrapper"},"acf":[],"yoast_head":"<!-- This site is optimized with the Yoast SEO plugin v26.8 - https:\/\/yoast.com\/product\/yoast-seo-wordpress\/ -->\n<title>Brooks Drive 3 Pocket Run Bra - Sujetador deportivo - MioMioRun<\/title>\n<meta name=\"description\" content=\"Ll\u00e9vate solo lo imprescindible. El sujetador Drive 3 Pocket Run cuenta con sujeci\u00f3n compresiva ideal para correr y tres bolsillos.\" \/>\n<meta name=\"robots\" content=\"index, follow, max-snippet:-1, max-image-preview:large, max-video-preview:-1\" \/>\n<link rel=\"canonical\" href=\"https:\/\/www.miomiorun.com\/es\/producto\/brooks-drive-3-pocket-run-bra\/\" \/>\n<meta property=\"og:locale\" content=\"es_ES\" \/>\n<meta property=\"og:type\" content=\"article\" \/>\n<meta property=\"og:title\" content=\"Brooks Drive 3 Pocket Run Bra - Sujetador deportivo - MioMioRun\" \/>\n<meta property=\"og:description\" content=\"Ll\u00e9vate solo lo imprescindible. El sujetador Drive 3 Pocket Run cuenta con sujeci\u00f3n compresiva ideal para correr y tres bolsillos.\" \/>\n<meta property=\"og:url\" content=\"https:\/\/www.miomiorun.com\/es\/producto\/brooks-drive-3-pocket-run-bra\/\" \/>\n<meta property=\"og:site_name\" content=\"MioMioRun\" \/>\n<meta property=\"article:publisher\" content=\"https:\/\/www.facebook.com\/miomiorun\/\" \/>\n<meta property=\"article:modified_time\" content=\"2026-04-30T14:08:25+00:00\" \/>\n<meta property=\"og:image\" content=\"https:\/\/www.miomiorun.com\/app\/uploads\/2021\/09\/brooks-drive-3-pocket-run-bra-350080-305.jpg\" \/>\n\t<meta property=\"og:image:width\" content=\"600\" \/>\n\t<meta property=\"og:image:height\" content=\"600\" \/>\n\t<meta property=\"og:image:type\" content=\"image\/jpeg\" \/>\n<meta name=\"twitter:card\" content=\"summary_large_image\" \/>\n<meta name=\"twitter:label1\" content=\"Est. reading time\" \/>\n\t<meta name=\"twitter:data1\" content=\"1 minute\" \/>\n<script type=\"application\/ld+json\" class=\"yoast-schema-graph\">{\"@context\":\"https:\/\/schema.org\",\"@graph\":[{\"@type\":\"WebPage\",\"@id\":\"https:\/\/www.miomiorun.com\/es\/producto\/brooks-drive-3-pocket-run-bra\/\",\"url\":\"https:\/\/www.miomiorun.com\/es\/producto\/brooks-drive-3-pocket-run-bra\/\",\"name\":\"Brooks Drive 3 Pocket Run Bra - Sujetador deportivo - MioMioRun\",\"isPartOf\":{\"@id\":\"https:\/\/www.miomiorun.com\/es\/#website\"},\"primaryImageOfPage\":{\"@id\":\"https:\/\/www.miomiorun.com\/es\/producto\/brooks-drive-3-pocket-run-bra\/#primaryimage\"},\"image\":{\"@id\":\"https:\/\/www.miomiorun.com\/es\/producto\/brooks-drive-3-pocket-run-bra\/#primaryimage\"},\"thumbnailUrl\":\"https:\/\/www.miomiorun.com\/app\/uploads\/2021\/09\/brooks-drive-3-pocket-run-bra-350080-305.jpg\",\"datePublished\":\"2021-09-04T10:10:23+00:00\",\"dateModified\":\"2026-04-30T14:08:25+00:00\",\"description\":\"Ll\u00e9vate solo lo imprescindible. El sujetador Drive 3 Pocket Run cuenta con sujeci\u00f3n compresiva ideal para correr y tres bolsillos.\",\"breadcrumb\":{\"@id\":\"https:\/\/www.miomiorun.com\/es\/producto\/brooks-drive-3-pocket-run-bra\/#breadcrumb\"},\"inLanguage\":\"es-ES\",\"potentialAction\":[{\"@type\":\"ReadAction\",\"target\":[\"https:\/\/www.miomiorun.com\/es\/producto\/brooks-drive-3-pocket-run-bra\/\"]}]},{\"@type\":\"ImageObject\",\"inLanguage\":\"es-ES\",\"@id\":\"https:\/\/www.miomiorun.com\/es\/producto\/brooks-drive-3-pocket-run-bra\/#primaryimage\",\"url\":\"https:\/\/www.miomiorun.com\/app\/uploads\/2021\/09\/brooks-drive-3-pocket-run-bra-350080-305.jpg\",\"contentUrl\":\"https:\/\/www.miomiorun.com\/app\/uploads\/2021\/09\/brooks-drive-3-pocket-run-bra-350080-305.jpg\",\"width\":600,\"height\":600,\"caption\":\"Brooks Drive 3 Pocket Run Bra\"},{\"@type\":\"BreadcrumbList\",\"@id\":\"https:\/\/www.miomiorun.com\/es\/producto\/brooks-drive-3-pocket-run-bra\/#breadcrumb\",\"itemListElement\":[{\"@type\":\"ListItem\",\"position\":1,\"name\":\"Home\",\"item\":\"https:\/\/www.miomiorun.com\/es\/\"},{\"@type\":\"ListItem\",\"position\":2,\"name\":\"Shop\",\"item\":\"https:\/\/www.miomiorun.com\/shop\/\"},{\"@type\":\"ListItem\",\"position\":3,\"name\":\"Drive 3 Pocket Run Bra\"}]},{\"@type\":\"WebSite\",\"@id\":\"https:\/\/www.miomiorun.com\/es\/#website\",\"url\":\"https:\/\/www.miomiorun.com\/es\/\",\"name\":\"MioMioRun\",\"description\":\"Tienda 100% running y trail\",\"publisher\":{\"@id\":\"https:\/\/www.miomiorun.com\/es\/#organization\"},\"potentialAction\":[{\"@type\":\"SearchAction\",\"target\":{\"@type\":\"EntryPoint\",\"urlTemplate\":\"https:\/\/www.miomiorun.com\/es\/?s={search_term_string}\"},\"query-input\":{\"@type\":\"PropertyValueSpecification\",\"valueRequired\":true,\"valueName\":\"search_term_string\"}}],\"inLanguage\":\"es-ES\"},{\"@type\":\"Organization\",\"@id\":\"https:\/\/www.miomiorun.com\/es\/#organization\",\"name\":\"MioMio Run\",\"url\":\"https:\/\/www.miomiorun.com\/es\/\",\"logo\":{\"@type\":\"ImageObject\",\"inLanguage\":\"es-ES\",\"@id\":\"https:\/\/www.miomiorun.com\/es\/#\/schema\/logo\/image\/\",\"url\":\"https:\/\/www.miomiorun.com\/app\/uploads\/2019\/12\/logomio.png\",\"contentUrl\":\"https:\/\/www.miomiorun.com\/app\/uploads\/2019\/12\/logomio.png\",\"width\":115,\"height\":82,\"caption\":\"MioMio Run\"},\"image\":{\"@id\":\"https:\/\/www.miomiorun.com\/es\/#\/schema\/logo\/image\/\"},\"sameAs\":[\"https:\/\/www.facebook.com\/miomiorun\/\",\"https:\/\/www.instagram.com\/miomiorun\/\"]}]}<\/script>\n<!-- \/ Yoast SEO plugin. -->","yoast_head_json":{"title":"Brooks Drive 3 Pocket Run Bra - Sujetador deportivo - MioMioRun","description":"Ll\u00e9vate solo lo imprescindible. El sujetador Drive 3 Pocket Run cuenta con sujeci\u00f3n compresiva ideal para correr y tres bolsillos.","robots":{"index":"index","follow":"follow","max-snippet":"max-snippet:-1","max-image-preview":"max-image-preview:large","max-video-preview":"max-video-preview:-1"},"canonical":"https:\/\/www.miomiorun.com\/es\/producto\/brooks-drive-3-pocket-run-bra\/","og_locale":"es_ES","og_type":"article","og_title":"Brooks Drive 3 Pocket Run Bra - Sujetador deportivo - MioMioRun","og_description":"Ll\u00e9vate solo lo imprescindible. El sujetador Drive 3 Pocket Run cuenta con sujeci\u00f3n compresiva ideal para correr y tres bolsillos.","og_url":"https:\/\/www.miomiorun.com\/es\/producto\/brooks-drive-3-pocket-run-bra\/","og_site_name":"MioMioRun","article_publisher":"https:\/\/www.facebook.com\/miomiorun\/","article_modified_time":"2026-04-30T14:08:25+00:00","og_image":[{"width":600,"height":600,"url":"https:\/\/www.miomiorun.com\/app\/uploads\/2021\/09\/brooks-drive-3-pocket-run-bra-350080-305.jpg","type":"image\/jpeg"}],"twitter_card":"summary_large_image","twitter_misc":{"Est. reading time":"1 minute"},"schema":{"@context":"https:\/\/schema.org","@graph":[{"@type":"WebPage","@id":"https:\/\/www.miomiorun.com\/es\/producto\/brooks-drive-3-pocket-run-bra\/","url":"https:\/\/www.miomiorun.com\/es\/producto\/brooks-drive-3-pocket-run-bra\/","name":"Brooks Drive 3 Pocket Run Bra - Sujetador deportivo - MioMioRun","isPartOf":{"@id":"https:\/\/www.miomiorun.com\/es\/#website"},"primaryImageOfPage":{"@id":"https:\/\/www.miomiorun.com\/es\/producto\/brooks-drive-3-pocket-run-bra\/#primaryimage"},"image":{"@id":"https:\/\/www.miomiorun.com\/es\/producto\/brooks-drive-3-pocket-run-bra\/#primaryimage"},"thumbnailUrl":"https:\/\/www.miomiorun.com\/app\/uploads\/2021\/09\/brooks-drive-3-pocket-run-bra-350080-305.jpg","datePublished":"2021-09-04T10:10:23+00:00","dateModified":"2026-04-30T14:08:25+00:00","description":"Ll\u00e9vate solo lo imprescindible. El sujetador Drive 3 Pocket Run cuenta con sujeci\u00f3n compresiva ideal para correr y tres bolsillos.","breadcrumb":{"@id":"https:\/\/www.miomiorun.com\/es\/producto\/brooks-drive-3-pocket-run-bra\/#breadcrumb"},"inLanguage":"es-ES","potentialAction":[{"@type":"ReadAction","target":["https:\/\/www.miomiorun.com\/es\/producto\/brooks-drive-3-pocket-run-bra\/"]}]},{"@type":"ImageObject","inLanguage":"es-ES","@id":"https:\/\/www.miomiorun.com\/es\/producto\/brooks-drive-3-pocket-run-bra\/#primaryimage","url":"https:\/\/www.miomiorun.com\/app\/uploads\/2021\/09\/brooks-drive-3-pocket-run-bra-350080-305.jpg","contentUrl":"https:\/\/www.miomiorun.com\/app\/uploads\/2021\/09\/brooks-drive-3-pocket-run-bra-350080-305.jpg","width":600,"height":600,"caption":"Brooks Drive 3 Pocket Run Bra"},{"@type":"BreadcrumbList","@id":"https:\/\/www.miomiorun.com\/es\/producto\/brooks-drive-3-pocket-run-bra\/#breadcrumb","itemListElement":[{"@type":"ListItem","position":1,"name":"Home","item":"https:\/\/www.miomiorun.com\/es\/"},{"@type":"ListItem","position":2,"name":"Shop","item":"https:\/\/www.miomiorun.com\/shop\/"},{"@type":"ListItem","position":3,"name":"Drive 3 Pocket Run Bra"}]},{"@type":"WebSite","@id":"https:\/\/www.miomiorun.com\/es\/#website","url":"https:\/\/www.miomiorun.com\/es\/","name":"MioMioRun","description":"Tienda 100% running y trail","publisher":{"@id":"https:\/\/www.miomiorun.com\/es\/#organization"},"potentialAction":[{"@type":"SearchAction","target":{"@type":"EntryPoint","urlTemplate":"https:\/\/www.miomiorun.com\/es\/?s={search_term_string}"},"query-input":{"@type":"PropertyValueSpecification","valueRequired":true,"valueName":"search_term_string"}}],"inLanguage":"es-ES"},{"@type":"Organization","@id":"https:\/\/www.miomiorun.com\/es\/#organization","name":"MioMio Run","url":"https:\/\/www.miomiorun.com\/es\/","logo":{"@type":"ImageObject","inLanguage":"es-ES","@id":"https:\/\/www.miomiorun.com\/es\/#\/schema\/logo\/image\/","url":"https:\/\/www.miomiorun.com\/app\/uploads\/2019\/12\/logomio.png","contentUrl":"https:\/\/www.miomiorun.com\/app\/uploads\/2019\/12\/logomio.png","width":115,"height":82,"caption":"MioMio Run"},"image":{"@id":"https:\/\/www.miomiorun.com\/es\/#\/schema\/logo\/image\/"},"sameAs":["https:\/\/www.facebook.com\/miomiorun\/","https:\/\/www.instagram.com\/miomiorun\/"]}]}},"_links":{"self":[{"href":"https:\/\/www.miomiorun.com\/es\/wp-json\/wp\/v2\/product\/279420","targetHints":{"allow":["GET"]}}],"collection":[{"href":"https:\/\/www.miomiorun.com\/es\/wp-json\/wp\/v2\/product"}],"about":[{"href":"https:\/\/www.miomiorun.com\/es\/wp-json\/wp\/v2\/types\/product"}],"wp:featuredmedia":[{"embeddable":true,"href":"https:\/\/www.miomiorun.com\/es\/wp-json\/wp\/v2\/media\/233000"}],"wp:attachment":[{"href":"https:\/\/www.miomiorun.com\/es\/wp-json\/wp\/v2\/media?parent=279420"}],"wp:term":[{"taxonomy":"product_brand","embeddable":true,"href":"https:\/\/www.miomiorun.com\/es\/wp-json\/wp\/v2\/product_brand?post=279420"},{"taxonomy":"product_cat","embeddable":true,"href":"https:\/\/www.miomiorun.com\/es\/wp-json\/wp\/v2\/product_cat?post=279420"},{"taxonomy":"product_tag","embeddable":true,"href":"https:\/\/www.miomiorun.com\/es\/wp-json\/wp\/v2\/product_tag?post=279420"}],"curies":[{"name":"wp","href":"https:\/\/api.w.org\/{rel}","templated":true}]}}