{"id":279391,"date":"2021-09-14T16:15:16","date_gmt":"2021-09-14T14:15:16","guid":{"rendered":"https:\/\/miomiorun.com\/prodotto\/saucony-sunday-1-4-zip-uomo\/"},"modified":"2026-04-30T16:11:21","modified_gmt":"2026-04-30T14:11:21","slug":"saucony-sunday-1-4-zip-hombre","status":"publish","type":"product","link":"https:\/\/www.miomiorun.com\/es\/producto\/saucony-sunday-1-4-zip-hombre\/","title":{"rendered":"Sunday 1\/4 zip hombre"},"content":{"rendered":"<p>El jersey <strong>Sunday<\/strong> para hombre es suave y c\u00f3modo, perfecto para entrar en calor, relajarse y trabajar desde casa. Pero eso no es todo: esta prenda tambi\u00e9n es ideal para entrenamientos de alta intensidad.<\/p>\n<p><strong>Envolvente<\/strong><\/p>\n<p>Tejido felpudo y ajustado para mantenerte abrigado sin pasar calor.<\/p>\n<p><strong>Estilo vers\u00e1til<\/strong><\/p>\n<p>La prenda ideal para tu equipaci\u00f3n: perfecta para llevarla sola en los d\u00edas fr\u00edos y \u00fatil como capa adicional cuando bajan las temperaturas.<\/p>\n<p><strong>Bueno para el planeta<\/strong><\/p>\n<p>Este modelo contiene poli\u00e9ster reciclado.<\/p>\n<p><strong>Caracter\u00edsticas:<\/strong><\/p>\n<ul>\n<li>Tejido de felpa ajustado para mantener la temperatura.<\/li>\n<li>Cierre con cremallera de 1\/4 de longitud, provisto de solapa cortavientos y antirroces.<\/li>\n<li>Con presillas para los pulgares.<\/li>\n<\/ul>\n<p>&nbsp;<\/p>\n","protected":false},"excerpt":{"rendered":"<p>El jersey Sunday para hombre es suave y c\u00f3modo, perfecto para entrar en calor, relajarse y trabajar desde casa. Pero eso no es todo: esta prenda tambi\u00e9n es ideal para entrenamientos de alta intensidad. Envolvente Tejido felpudo y ajustado para mantenerte abrigado sin pasar calor. Estilo vers\u00e1til La prenda ideal para tu equipaci\u00f3n: perfecta para &hellip; <a href=\"https:\/\/www.miomiorun.com\/es\/producto\/saucony-sunday-1-4-zip-hombre\/\">Continued<\/a><\/p>\n","protected":false},"featured_media":233352,"template":"","meta":{"_acf_changed":false,"inline_featured_image":false},"product_brand":[],"product_cat":[24470,24410],"product_tag":[23578,23577],"class_list":{"0":"post-279391","1":"product","2":"type-product","3":"status-publish","4":"has-post-thumbnail","6":"product_cat-camisetas-es-3","7":"product_cat-ropa-de-hombre","8":"product_tag-saucony-es","9":"product_tag-saucony-hombre","10":"pa_attivita-caminar","11":"pa_attivita-running-es","12":"pa_marca-saucony-es","13":"pa_sesso-hombre","14":"pa_size-large-es","16":"first","17":"instock","18":"sale","19":"taxable","20":"shipping-taxable","21":"purchasable","22":"product-type-variable","23":"wvs-archive-product-wrapper"},"acf":[],"yoast_head":"<!-- This site is optimized with the Yoast SEO plugin v26.8 - https:\/\/yoast.com\/product\/yoast-seo-wordpress\/ -->\n<title>Saucony Sunday 1\/4 zip hombre - Camiseta de running - MioMioRun<\/title>\n<meta name=\"description\" content=\"El jersey Sunday para hombre es suave y c\u00f3modo, perfecto para entrar en calor, relajarse y trabajar desde casa.\" \/>\n<meta name=\"robots\" content=\"index, follow, max-snippet:-1, max-image-preview:large, max-video-preview:-1\" \/>\n<link rel=\"canonical\" href=\"https:\/\/www.miomiorun.com\/es\/producto\/saucony-sunday-1-4-zip-hombre\/\" \/>\n<meta property=\"og:locale\" content=\"es_ES\" \/>\n<meta property=\"og:type\" content=\"article\" \/>\n<meta property=\"og:title\" content=\"Saucony Sunday 1\/4 zip hombre - Camiseta de running - MioMioRun\" \/>\n<meta property=\"og:description\" content=\"El jersey Sunday para hombre es suave y c\u00f3modo, perfecto para entrar en calor, relajarse y trabajar desde casa.\" \/>\n<meta property=\"og:url\" content=\"https:\/\/www.miomiorun.com\/es\/producto\/saucony-sunday-1-4-zip-hombre\/\" \/>\n<meta property=\"og:site_name\" content=\"MioMioRun\" \/>\n<meta property=\"article:publisher\" content=\"https:\/\/www.facebook.com\/miomiorun\/\" \/>\n<meta property=\"article:modified_time\" content=\"2026-04-30T14:11:21+00:00\" \/>\n<meta property=\"og:image\" content=\"https:\/\/www.miomiorun.com\/app\/uploads\/2021\/09\/saucony-sunday-1-4-zip-SAM800267-BKH.jpg\" \/>\n\t<meta property=\"og:image:width\" content=\"600\" \/>\n\t<meta property=\"og:image:height\" content=\"600\" \/>\n\t<meta property=\"og:image:type\" content=\"image\/jpeg\" \/>\n<meta name=\"twitter:card\" content=\"summary_large_image\" \/>\n<meta name=\"twitter:label1\" content=\"Est. reading time\" \/>\n\t<meta name=\"twitter:data1\" content=\"1 minute\" \/>\n<script type=\"application\/ld+json\" class=\"yoast-schema-graph\">{\"@context\":\"https:\/\/schema.org\",\"@graph\":[{\"@type\":\"WebPage\",\"@id\":\"https:\/\/www.miomiorun.com\/es\/producto\/saucony-sunday-1-4-zip-hombre\/\",\"url\":\"https:\/\/www.miomiorun.com\/es\/producto\/saucony-sunday-1-4-zip-hombre\/\",\"name\":\"Saucony Sunday 1\/4 zip hombre - Camiseta de running - MioMioRun\",\"isPartOf\":{\"@id\":\"https:\/\/www.miomiorun.com\/es\/#website\"},\"primaryImageOfPage\":{\"@id\":\"https:\/\/www.miomiorun.com\/es\/producto\/saucony-sunday-1-4-zip-hombre\/#primaryimage\"},\"image\":{\"@id\":\"https:\/\/www.miomiorun.com\/es\/producto\/saucony-sunday-1-4-zip-hombre\/#primaryimage\"},\"thumbnailUrl\":\"https:\/\/www.miomiorun.com\/app\/uploads\/2021\/09\/saucony-sunday-1-4-zip-SAM800267-BKH.jpg\",\"datePublished\":\"2021-09-14T14:15:16+00:00\",\"dateModified\":\"2026-04-30T14:11:21+00:00\",\"description\":\"El jersey Sunday para hombre es suave y c\u00f3modo, perfecto para entrar en calor, relajarse y trabajar desde casa.\",\"breadcrumb\":{\"@id\":\"https:\/\/www.miomiorun.com\/es\/producto\/saucony-sunday-1-4-zip-hombre\/#breadcrumb\"},\"inLanguage\":\"es-ES\",\"potentialAction\":[{\"@type\":\"ReadAction\",\"target\":[\"https:\/\/www.miomiorun.com\/es\/producto\/saucony-sunday-1-4-zip-hombre\/\"]}]},{\"@type\":\"ImageObject\",\"inLanguage\":\"es-ES\",\"@id\":\"https:\/\/www.miomiorun.com\/es\/producto\/saucony-sunday-1-4-zip-hombre\/#primaryimage\",\"url\":\"https:\/\/www.miomiorun.com\/app\/uploads\/2021\/09\/saucony-sunday-1-4-zip-SAM800267-BKH.jpg\",\"contentUrl\":\"https:\/\/www.miomiorun.com\/app\/uploads\/2021\/09\/saucony-sunday-1-4-zip-SAM800267-BKH.jpg\",\"width\":600,\"height\":600,\"caption\":\"saucony sunday 1\/4 zip\"},{\"@type\":\"BreadcrumbList\",\"@id\":\"https:\/\/www.miomiorun.com\/es\/producto\/saucony-sunday-1-4-zip-hombre\/#breadcrumb\",\"itemListElement\":[{\"@type\":\"ListItem\",\"position\":1,\"name\":\"Home\",\"item\":\"https:\/\/www.miomiorun.com\/es\/\"},{\"@type\":\"ListItem\",\"position\":2,\"name\":\"Shop\",\"item\":\"https:\/\/www.miomiorun.com\/shop\/\"},{\"@type\":\"ListItem\",\"position\":3,\"name\":\"Sunday 1\/4 zip hombre\"}]},{\"@type\":\"WebSite\",\"@id\":\"https:\/\/www.miomiorun.com\/es\/#website\",\"url\":\"https:\/\/www.miomiorun.com\/es\/\",\"name\":\"MioMioRun\",\"description\":\"Tienda 100% running y trail\",\"publisher\":{\"@id\":\"https:\/\/www.miomiorun.com\/es\/#organization\"},\"potentialAction\":[{\"@type\":\"SearchAction\",\"target\":{\"@type\":\"EntryPoint\",\"urlTemplate\":\"https:\/\/www.miomiorun.com\/es\/?s={search_term_string}\"},\"query-input\":{\"@type\":\"PropertyValueSpecification\",\"valueRequired\":true,\"valueName\":\"search_term_string\"}}],\"inLanguage\":\"es-ES\"},{\"@type\":\"Organization\",\"@id\":\"https:\/\/www.miomiorun.com\/es\/#organization\",\"name\":\"MioMio Run\",\"url\":\"https:\/\/www.miomiorun.com\/es\/\",\"logo\":{\"@type\":\"ImageObject\",\"inLanguage\":\"es-ES\",\"@id\":\"https:\/\/www.miomiorun.com\/es\/#\/schema\/logo\/image\/\",\"url\":\"https:\/\/www.miomiorun.com\/app\/uploads\/2019\/12\/logomio.png\",\"contentUrl\":\"https:\/\/www.miomiorun.com\/app\/uploads\/2019\/12\/logomio.png\",\"width\":115,\"height\":82,\"caption\":\"MioMio Run\"},\"image\":{\"@id\":\"https:\/\/www.miomiorun.com\/es\/#\/schema\/logo\/image\/\"},\"sameAs\":[\"https:\/\/www.facebook.com\/miomiorun\/\",\"https:\/\/www.instagram.com\/miomiorun\/\"]}]}<\/script>\n<!-- \/ Yoast SEO plugin. -->","yoast_head_json":{"title":"Saucony Sunday 1\/4 zip hombre - Camiseta de running - MioMioRun","description":"El jersey Sunday para hombre es suave y c\u00f3modo, perfecto para entrar en calor, relajarse y trabajar desde casa.","robots":{"index":"index","follow":"follow","max-snippet":"max-snippet:-1","max-image-preview":"max-image-preview:large","max-video-preview":"max-video-preview:-1"},"canonical":"https:\/\/www.miomiorun.com\/es\/producto\/saucony-sunday-1-4-zip-hombre\/","og_locale":"es_ES","og_type":"article","og_title":"Saucony Sunday 1\/4 zip hombre - Camiseta de running - MioMioRun","og_description":"El jersey Sunday para hombre es suave y c\u00f3modo, perfecto para entrar en calor, relajarse y trabajar desde casa.","og_url":"https:\/\/www.miomiorun.com\/es\/producto\/saucony-sunday-1-4-zip-hombre\/","og_site_name":"MioMioRun","article_publisher":"https:\/\/www.facebook.com\/miomiorun\/","article_modified_time":"2026-04-30T14:11:21+00:00","og_image":[{"width":600,"height":600,"url":"https:\/\/www.miomiorun.com\/app\/uploads\/2021\/09\/saucony-sunday-1-4-zip-SAM800267-BKH.jpg","type":"image\/jpeg"}],"twitter_card":"summary_large_image","twitter_misc":{"Est. reading time":"1 minute"},"schema":{"@context":"https:\/\/schema.org","@graph":[{"@type":"WebPage","@id":"https:\/\/www.miomiorun.com\/es\/producto\/saucony-sunday-1-4-zip-hombre\/","url":"https:\/\/www.miomiorun.com\/es\/producto\/saucony-sunday-1-4-zip-hombre\/","name":"Saucony Sunday 1\/4 zip hombre - Camiseta de running - MioMioRun","isPartOf":{"@id":"https:\/\/www.miomiorun.com\/es\/#website"},"primaryImageOfPage":{"@id":"https:\/\/www.miomiorun.com\/es\/producto\/saucony-sunday-1-4-zip-hombre\/#primaryimage"},"image":{"@id":"https:\/\/www.miomiorun.com\/es\/producto\/saucony-sunday-1-4-zip-hombre\/#primaryimage"},"thumbnailUrl":"https:\/\/www.miomiorun.com\/app\/uploads\/2021\/09\/saucony-sunday-1-4-zip-SAM800267-BKH.jpg","datePublished":"2021-09-14T14:15:16+00:00","dateModified":"2026-04-30T14:11:21+00:00","description":"El jersey Sunday para hombre es suave y c\u00f3modo, perfecto para entrar en calor, relajarse y trabajar desde casa.","breadcrumb":{"@id":"https:\/\/www.miomiorun.com\/es\/producto\/saucony-sunday-1-4-zip-hombre\/#breadcrumb"},"inLanguage":"es-ES","potentialAction":[{"@type":"ReadAction","target":["https:\/\/www.miomiorun.com\/es\/producto\/saucony-sunday-1-4-zip-hombre\/"]}]},{"@type":"ImageObject","inLanguage":"es-ES","@id":"https:\/\/www.miomiorun.com\/es\/producto\/saucony-sunday-1-4-zip-hombre\/#primaryimage","url":"https:\/\/www.miomiorun.com\/app\/uploads\/2021\/09\/saucony-sunday-1-4-zip-SAM800267-BKH.jpg","contentUrl":"https:\/\/www.miomiorun.com\/app\/uploads\/2021\/09\/saucony-sunday-1-4-zip-SAM800267-BKH.jpg","width":600,"height":600,"caption":"saucony sunday 1\/4 zip"},{"@type":"BreadcrumbList","@id":"https:\/\/www.miomiorun.com\/es\/producto\/saucony-sunday-1-4-zip-hombre\/#breadcrumb","itemListElement":[{"@type":"ListItem","position":1,"name":"Home","item":"https:\/\/www.miomiorun.com\/es\/"},{"@type":"ListItem","position":2,"name":"Shop","item":"https:\/\/www.miomiorun.com\/shop\/"},{"@type":"ListItem","position":3,"name":"Sunday 1\/4 zip hombre"}]},{"@type":"WebSite","@id":"https:\/\/www.miomiorun.com\/es\/#website","url":"https:\/\/www.miomiorun.com\/es\/","name":"MioMioRun","description":"Tienda 100% running y trail","publisher":{"@id":"https:\/\/www.miomiorun.com\/es\/#organization"},"potentialAction":[{"@type":"SearchAction","target":{"@type":"EntryPoint","urlTemplate":"https:\/\/www.miomiorun.com\/es\/?s={search_term_string}"},"query-input":{"@type":"PropertyValueSpecification","valueRequired":true,"valueName":"search_term_string"}}],"inLanguage":"es-ES"},{"@type":"Organization","@id":"https:\/\/www.miomiorun.com\/es\/#organization","name":"MioMio Run","url":"https:\/\/www.miomiorun.com\/es\/","logo":{"@type":"ImageObject","inLanguage":"es-ES","@id":"https:\/\/www.miomiorun.com\/es\/#\/schema\/logo\/image\/","url":"https:\/\/www.miomiorun.com\/app\/uploads\/2019\/12\/logomio.png","contentUrl":"https:\/\/www.miomiorun.com\/app\/uploads\/2019\/12\/logomio.png","width":115,"height":82,"caption":"MioMio Run"},"image":{"@id":"https:\/\/www.miomiorun.com\/es\/#\/schema\/logo\/image\/"},"sameAs":["https:\/\/www.facebook.com\/miomiorun\/","https:\/\/www.instagram.com\/miomiorun\/"]}]}},"_links":{"self":[{"href":"https:\/\/www.miomiorun.com\/es\/wp-json\/wp\/v2\/product\/279391","targetHints":{"allow":["GET"]}}],"collection":[{"href":"https:\/\/www.miomiorun.com\/es\/wp-json\/wp\/v2\/product"}],"about":[{"href":"https:\/\/www.miomiorun.com\/es\/wp-json\/wp\/v2\/types\/product"}],"wp:featuredmedia":[{"embeddable":true,"href":"https:\/\/www.miomiorun.com\/es\/wp-json\/wp\/v2\/media\/233352"}],"wp:attachment":[{"href":"https:\/\/www.miomiorun.com\/es\/wp-json\/wp\/v2\/media?parent=279391"}],"wp:term":[{"taxonomy":"product_brand","embeddable":true,"href":"https:\/\/www.miomiorun.com\/es\/wp-json\/wp\/v2\/product_brand?post=279391"},{"taxonomy":"product_cat","embeddable":true,"href":"https:\/\/www.miomiorun.com\/es\/wp-json\/wp\/v2\/product_cat?post=279391"},{"taxonomy":"product_tag","embeddable":true,"href":"https:\/\/www.miomiorun.com\/es\/wp-json\/wp\/v2\/product_tag?post=279391"}],"curies":[{"name":"wp","href":"https:\/\/api.w.org\/{rel}","templated":true}]}}