{"id":279368,"date":"2021-09-14T17:57:12","date_gmt":"2021-09-14T15:57:12","guid":{"rendered":"https:\/\/miomiorun.com\/prodotto\/saucony-bluster-jacket-donna\/"},"modified":"2026-04-30T16:13:55","modified_gmt":"2026-04-30T14:13:55","slug":"saucony-bluster-jacket-mujer","status":"publish","type":"product","link":"https:\/\/www.miomiorun.com\/es\/producto\/saucony-bluster-jacket-mujer\/","title":{"rendered":"Bluster Jacket mujer"},"content":{"rendered":"<p id=\"tw-target-text\" class=\"tw-data-text tw-text-large XcVN5d tw-ta\" dir=\"ltr\" data-placeholder=\"Traduzione\"><span class=\"Y2IQFc\" lang=\"it\"><strong>Bluster<\/strong> para mujer es una chaqueta dise\u00f1ada para las estaciones intermedias, resistente al viento y al agua, con un suave forro de forro polar jacquard que aporta aislamiento y comodidad.<\/span><\/p>\n<p dir=\"ltr\" data-placeholder=\"Traduzione\"><strong>Una chaqueta para cualquier condici\u00f3n meteorol\u00f3gica<\/strong><\/p>\n<p dir=\"ltr\" data-placeholder=\"Traduzione\">El tejido exterior de poli\u00e9ster reciclado es resistente al viento y al agua, y cuenta con un tratamiento hidrofugante duradero (DWR). Una prenda vers\u00e1til y respetuosa con el medio ambiente.<\/p>\n<p dir=\"ltr\" data-placeholder=\"Traduzione\"><strong>Dise\u00f1ada con esmero<\/strong><\/p>\n<p dir=\"ltr\" data-placeholder=\"Traduzione\">Dise\u00f1ada pensando en las necesidades de los corredores, esta chaqueta cuenta con numerosas caracter\u00edsticas para protegerte de las inclemencias del tiempo:<\/p>\n<ul>\n<li dir=\"ltr\" data-placeholder=\"Traduzione\">tela para biombo interior<\/li>\n<li dir=\"ltr\" data-placeholder=\"Traduzione\">extremos el\u00e1sticos para una protecci\u00f3n \u00f3ptima<\/li>\n<\/ul>\n<p><strong>El calor ideal para las bajas temperaturas<\/strong><\/p>\n<p>El tejido jacquard interior aporta suavidad y el aislamiento adecuado para empezar a correr.<\/p>\n<p dir=\"ltr\" data-placeholder=\"Traduzione\">\n","protected":false},"excerpt":{"rendered":"<p>Bluster para mujer es una chaqueta dise\u00f1ada para las estaciones intermedias, resistente al viento y al agua, con un suave forro de forro polar jacquard que aporta aislamiento y comodidad. Una chaqueta para cualquier condici\u00f3n meteorol\u00f3gica El tejido exterior de poli\u00e9ster reciclado es resistente al viento y al agua, y cuenta con un tratamiento hidrofugante &hellip; <a href=\"https:\/\/www.miomiorun.com\/es\/producto\/saucony-bluster-jacket-mujer\/\">Continued<\/a><\/p>\n","protected":false},"featured_media":233360,"template":"","meta":{"_acf_changed":false,"inline_featured_image":false},"product_brand":[],"product_cat":[24398,24401,24402],"product_tag":[23578,23617],"class_list":{"0":"post-279368","1":"product","2":"type-product","3":"status-publish","4":"has-post-thumbnail","6":"product_cat-chaquetas","7":"product_cat-ropa-de-mujer","8":"product_cat-mujer","9":"product_tag-saucony-es","10":"product_tag-saucony-mujer","11":"pa_attivita-caminar","12":"pa_attivita-running-es","13":"pa_marca-saucony-es","14":"pa_sesso-mujer","15":"pa_size-extra-small-es","16":"pa_size-small-es","17":"pa_size-medium-es","19":"first","20":"instock","21":"sale","22":"taxable","23":"shipping-taxable","24":"purchasable","25":"product-type-variable","26":"wvs-archive-product-wrapper"},"acf":[],"yoast_head":"<!-- This site is optimized with the Yoast SEO plugin v26.8 - https:\/\/yoast.com\/product\/yoast-seo-wordpress\/ -->\n<title>Saucony Bluster Jacket mujer - Chaqueta para correr - MioMioRun<\/title>\n<meta name=\"description\" content=\"La chaqueta Bluster para mujer est\u00e1 dise\u00f1ada para las estaciones intermedias, es resistente al viento y al agua, y cuenta con un suave forro de forro polar jacquard.\" \/>\n<meta name=\"robots\" content=\"index, follow, max-snippet:-1, max-image-preview:large, max-video-preview:-1\" \/>\n<link rel=\"canonical\" href=\"https:\/\/www.miomiorun.com\/es\/producto\/saucony-bluster-jacket-mujer\/\" \/>\n<meta property=\"og:locale\" content=\"es_ES\" \/>\n<meta property=\"og:type\" content=\"article\" \/>\n<meta property=\"og:title\" content=\"Saucony Bluster Jacket mujer - Chaqueta para correr - MioMioRun\" \/>\n<meta property=\"og:description\" content=\"La chaqueta Bluster para mujer est\u00e1 dise\u00f1ada para las estaciones intermedias, es resistente al viento y al agua, y cuenta con un suave forro de forro polar jacquard.\" \/>\n<meta property=\"og:url\" content=\"https:\/\/www.miomiorun.com\/es\/producto\/saucony-bluster-jacket-mujer\/\" \/>\n<meta property=\"og:site_name\" content=\"MioMioRun\" \/>\n<meta property=\"article:publisher\" content=\"https:\/\/www.facebook.com\/miomiorun\/\" \/>\n<meta property=\"article:modified_time\" content=\"2026-04-30T14:13:55+00:00\" \/>\n<meta property=\"og:image\" content=\"https:\/\/www.miomiorun.com\/app\/uploads\/2021\/09\/saucony-Bluster-Jacket-SAW800352-VPS.jpg\" \/>\n\t<meta property=\"og:image:width\" content=\"600\" \/>\n\t<meta property=\"og:image:height\" content=\"600\" \/>\n\t<meta property=\"og:image:type\" content=\"image\/jpeg\" \/>\n<meta name=\"twitter:card\" content=\"summary_large_image\" \/>\n<meta name=\"twitter:label1\" content=\"Est. reading time\" \/>\n\t<meta name=\"twitter:data1\" content=\"1 minute\" \/>\n<script type=\"application\/ld+json\" class=\"yoast-schema-graph\">{\"@context\":\"https:\/\/schema.org\",\"@graph\":[{\"@type\":\"WebPage\",\"@id\":\"https:\/\/www.miomiorun.com\/es\/producto\/saucony-bluster-jacket-mujer\/\",\"url\":\"https:\/\/www.miomiorun.com\/es\/producto\/saucony-bluster-jacket-mujer\/\",\"name\":\"Saucony Bluster Jacket mujer - Chaqueta para correr - MioMioRun\",\"isPartOf\":{\"@id\":\"https:\/\/www.miomiorun.com\/es\/#website\"},\"primaryImageOfPage\":{\"@id\":\"https:\/\/www.miomiorun.com\/es\/producto\/saucony-bluster-jacket-mujer\/#primaryimage\"},\"image\":{\"@id\":\"https:\/\/www.miomiorun.com\/es\/producto\/saucony-bluster-jacket-mujer\/#primaryimage\"},\"thumbnailUrl\":\"https:\/\/www.miomiorun.com\/app\/uploads\/2021\/09\/saucony-Bluster-Jacket-SAW800352-VPS.jpg\",\"datePublished\":\"2021-09-14T15:57:12+00:00\",\"dateModified\":\"2026-04-30T14:13:55+00:00\",\"description\":\"La chaqueta Bluster para mujer est\u00e1 dise\u00f1ada para las estaciones intermedias, es resistente al viento y al agua, y cuenta con un suave forro de forro polar jacquard.\",\"breadcrumb\":{\"@id\":\"https:\/\/www.miomiorun.com\/es\/producto\/saucony-bluster-jacket-mujer\/#breadcrumb\"},\"inLanguage\":\"es-ES\",\"potentialAction\":[{\"@type\":\"ReadAction\",\"target\":[\"https:\/\/www.miomiorun.com\/es\/producto\/saucony-bluster-jacket-mujer\/\"]}]},{\"@type\":\"ImageObject\",\"inLanguage\":\"es-ES\",\"@id\":\"https:\/\/www.miomiorun.com\/es\/producto\/saucony-bluster-jacket-mujer\/#primaryimage\",\"url\":\"https:\/\/www.miomiorun.com\/app\/uploads\/2021\/09\/saucony-Bluster-Jacket-SAW800352-VPS.jpg\",\"contentUrl\":\"https:\/\/www.miomiorun.com\/app\/uploads\/2021\/09\/saucony-Bluster-Jacket-SAW800352-VPS.jpg\",\"width\":600,\"height\":600,\"caption\":\"saucony bluster jacket\"},{\"@type\":\"BreadcrumbList\",\"@id\":\"https:\/\/www.miomiorun.com\/es\/producto\/saucony-bluster-jacket-mujer\/#breadcrumb\",\"itemListElement\":[{\"@type\":\"ListItem\",\"position\":1,\"name\":\"Home\",\"item\":\"https:\/\/www.miomiorun.com\/es\/\"},{\"@type\":\"ListItem\",\"position\":2,\"name\":\"Shop\",\"item\":\"https:\/\/www.miomiorun.com\/shop\/\"},{\"@type\":\"ListItem\",\"position\":3,\"name\":\"Bluster Jacket mujer\"}]},{\"@type\":\"WebSite\",\"@id\":\"https:\/\/www.miomiorun.com\/es\/#website\",\"url\":\"https:\/\/www.miomiorun.com\/es\/\",\"name\":\"MioMioRun\",\"description\":\"Tienda 100% running y trail\",\"publisher\":{\"@id\":\"https:\/\/www.miomiorun.com\/es\/#organization\"},\"potentialAction\":[{\"@type\":\"SearchAction\",\"target\":{\"@type\":\"EntryPoint\",\"urlTemplate\":\"https:\/\/www.miomiorun.com\/es\/?s={search_term_string}\"},\"query-input\":{\"@type\":\"PropertyValueSpecification\",\"valueRequired\":true,\"valueName\":\"search_term_string\"}}],\"inLanguage\":\"es-ES\"},{\"@type\":\"Organization\",\"@id\":\"https:\/\/www.miomiorun.com\/es\/#organization\",\"name\":\"MioMio Run\",\"url\":\"https:\/\/www.miomiorun.com\/es\/\",\"logo\":{\"@type\":\"ImageObject\",\"inLanguage\":\"es-ES\",\"@id\":\"https:\/\/www.miomiorun.com\/es\/#\/schema\/logo\/image\/\",\"url\":\"https:\/\/www.miomiorun.com\/app\/uploads\/2019\/12\/logomio.png\",\"contentUrl\":\"https:\/\/www.miomiorun.com\/app\/uploads\/2019\/12\/logomio.png\",\"width\":115,\"height\":82,\"caption\":\"MioMio Run\"},\"image\":{\"@id\":\"https:\/\/www.miomiorun.com\/es\/#\/schema\/logo\/image\/\"},\"sameAs\":[\"https:\/\/www.facebook.com\/miomiorun\/\",\"https:\/\/www.instagram.com\/miomiorun\/\"]}]}<\/script>\n<!-- \/ Yoast SEO plugin. -->","yoast_head_json":{"title":"Saucony Bluster Jacket mujer - Chaqueta para correr - MioMioRun","description":"La chaqueta Bluster para mujer est\u00e1 dise\u00f1ada para las estaciones intermedias, es resistente al viento y al agua, y cuenta con un suave forro de forro polar jacquard.","robots":{"index":"index","follow":"follow","max-snippet":"max-snippet:-1","max-image-preview":"max-image-preview:large","max-video-preview":"max-video-preview:-1"},"canonical":"https:\/\/www.miomiorun.com\/es\/producto\/saucony-bluster-jacket-mujer\/","og_locale":"es_ES","og_type":"article","og_title":"Saucony Bluster Jacket mujer - Chaqueta para correr - MioMioRun","og_description":"La chaqueta Bluster para mujer est\u00e1 dise\u00f1ada para las estaciones intermedias, es resistente al viento y al agua, y cuenta con un suave forro de forro polar jacquard.","og_url":"https:\/\/www.miomiorun.com\/es\/producto\/saucony-bluster-jacket-mujer\/","og_site_name":"MioMioRun","article_publisher":"https:\/\/www.facebook.com\/miomiorun\/","article_modified_time":"2026-04-30T14:13:55+00:00","og_image":[{"width":600,"height":600,"url":"https:\/\/www.miomiorun.com\/app\/uploads\/2021\/09\/saucony-Bluster-Jacket-SAW800352-VPS.jpg","type":"image\/jpeg"}],"twitter_card":"summary_large_image","twitter_misc":{"Est. reading time":"1 minute"},"schema":{"@context":"https:\/\/schema.org","@graph":[{"@type":"WebPage","@id":"https:\/\/www.miomiorun.com\/es\/producto\/saucony-bluster-jacket-mujer\/","url":"https:\/\/www.miomiorun.com\/es\/producto\/saucony-bluster-jacket-mujer\/","name":"Saucony Bluster Jacket mujer - Chaqueta para correr - MioMioRun","isPartOf":{"@id":"https:\/\/www.miomiorun.com\/es\/#website"},"primaryImageOfPage":{"@id":"https:\/\/www.miomiorun.com\/es\/producto\/saucony-bluster-jacket-mujer\/#primaryimage"},"image":{"@id":"https:\/\/www.miomiorun.com\/es\/producto\/saucony-bluster-jacket-mujer\/#primaryimage"},"thumbnailUrl":"https:\/\/www.miomiorun.com\/app\/uploads\/2021\/09\/saucony-Bluster-Jacket-SAW800352-VPS.jpg","datePublished":"2021-09-14T15:57:12+00:00","dateModified":"2026-04-30T14:13:55+00:00","description":"La chaqueta Bluster para mujer est\u00e1 dise\u00f1ada para las estaciones intermedias, es resistente al viento y al agua, y cuenta con un suave forro de forro polar jacquard.","breadcrumb":{"@id":"https:\/\/www.miomiorun.com\/es\/producto\/saucony-bluster-jacket-mujer\/#breadcrumb"},"inLanguage":"es-ES","potentialAction":[{"@type":"ReadAction","target":["https:\/\/www.miomiorun.com\/es\/producto\/saucony-bluster-jacket-mujer\/"]}]},{"@type":"ImageObject","inLanguage":"es-ES","@id":"https:\/\/www.miomiorun.com\/es\/producto\/saucony-bluster-jacket-mujer\/#primaryimage","url":"https:\/\/www.miomiorun.com\/app\/uploads\/2021\/09\/saucony-Bluster-Jacket-SAW800352-VPS.jpg","contentUrl":"https:\/\/www.miomiorun.com\/app\/uploads\/2021\/09\/saucony-Bluster-Jacket-SAW800352-VPS.jpg","width":600,"height":600,"caption":"saucony bluster jacket"},{"@type":"BreadcrumbList","@id":"https:\/\/www.miomiorun.com\/es\/producto\/saucony-bluster-jacket-mujer\/#breadcrumb","itemListElement":[{"@type":"ListItem","position":1,"name":"Home","item":"https:\/\/www.miomiorun.com\/es\/"},{"@type":"ListItem","position":2,"name":"Shop","item":"https:\/\/www.miomiorun.com\/shop\/"},{"@type":"ListItem","position":3,"name":"Bluster Jacket mujer"}]},{"@type":"WebSite","@id":"https:\/\/www.miomiorun.com\/es\/#website","url":"https:\/\/www.miomiorun.com\/es\/","name":"MioMioRun","description":"Tienda 100% running y trail","publisher":{"@id":"https:\/\/www.miomiorun.com\/es\/#organization"},"potentialAction":[{"@type":"SearchAction","target":{"@type":"EntryPoint","urlTemplate":"https:\/\/www.miomiorun.com\/es\/?s={search_term_string}"},"query-input":{"@type":"PropertyValueSpecification","valueRequired":true,"valueName":"search_term_string"}}],"inLanguage":"es-ES"},{"@type":"Organization","@id":"https:\/\/www.miomiorun.com\/es\/#organization","name":"MioMio Run","url":"https:\/\/www.miomiorun.com\/es\/","logo":{"@type":"ImageObject","inLanguage":"es-ES","@id":"https:\/\/www.miomiorun.com\/es\/#\/schema\/logo\/image\/","url":"https:\/\/www.miomiorun.com\/app\/uploads\/2019\/12\/logomio.png","contentUrl":"https:\/\/www.miomiorun.com\/app\/uploads\/2019\/12\/logomio.png","width":115,"height":82,"caption":"MioMio Run"},"image":{"@id":"https:\/\/www.miomiorun.com\/es\/#\/schema\/logo\/image\/"},"sameAs":["https:\/\/www.facebook.com\/miomiorun\/","https:\/\/www.instagram.com\/miomiorun\/"]}]}},"_links":{"self":[{"href":"https:\/\/www.miomiorun.com\/es\/wp-json\/wp\/v2\/product\/279368","targetHints":{"allow":["GET"]}}],"collection":[{"href":"https:\/\/www.miomiorun.com\/es\/wp-json\/wp\/v2\/product"}],"about":[{"href":"https:\/\/www.miomiorun.com\/es\/wp-json\/wp\/v2\/types\/product"}],"wp:featuredmedia":[{"embeddable":true,"href":"https:\/\/www.miomiorun.com\/es\/wp-json\/wp\/v2\/media\/233360"}],"wp:attachment":[{"href":"https:\/\/www.miomiorun.com\/es\/wp-json\/wp\/v2\/media?parent=279368"}],"wp:term":[{"taxonomy":"product_brand","embeddable":true,"href":"https:\/\/www.miomiorun.com\/es\/wp-json\/wp\/v2\/product_brand?post=279368"},{"taxonomy":"product_cat","embeddable":true,"href":"https:\/\/www.miomiorun.com\/es\/wp-json\/wp\/v2\/product_cat?post=279368"},{"taxonomy":"product_tag","embeddable":true,"href":"https:\/\/www.miomiorun.com\/es\/wp-json\/wp\/v2\/product_tag?post=279368"}],"curies":[{"name":"wp","href":"https:\/\/api.w.org\/{rel}","templated":true}]}}