{"id":279358,"date":"2021-09-14T18:57:51","date_gmt":"2021-09-14T16:57:51","guid":{"rendered":"https:\/\/miomiorun.com\/prodotto\/saucony-solstice-beanie\/"},"modified":"2026-04-30T16:16:11","modified_gmt":"2026-04-30T14:16:11","slug":"saucony-solstice-beanie","status":"publish","type":"product","link":"https:\/\/www.miomiorun.com\/es\/producto\/saucony-solstice-beanie\/","title":{"rendered":"Solstice Beanie"},"content":{"rendered":"<p>Para quienes corren en las condiciones m\u00e1s fr\u00edas del invierno, el nuevo <strong>Solstice Beanie<\/strong> ofrece una c\u00e1lida protecci\u00f3n contra las inclemencias del tiempo.<\/p>\n<p><strong>Caracter\u00edsticas:<\/strong><\/p>\n<ul>\n<li>El tejido de punto conserva su suavidad sin resultar pesado.<\/li>\n<li>Detalles y logotipo reflectantes.<\/li>\n<\/ul>\n<p>&nbsp;<\/p>\n","protected":false},"excerpt":{"rendered":"<p>Para quienes corren en las condiciones m\u00e1s fr\u00edas del invierno, el nuevo Solstice Beanie ofrece una c\u00e1lida protecci\u00f3n contra las inclemencias del tiempo. Caracter\u00edsticas: El tejido de punto conserva su suavidad sin resultar pesado. Detalles y logotipo reflectantes. &nbsp;<\/p>\n","protected":false},"featured_media":233366,"template":"","meta":{"_acf_changed":false,"inline_featured_image":false},"product_brand":[],"product_cat":[24205,24221,24222],"product_tag":[23578],"class_list":{"0":"post-279358","1":"product","2":"type-product","3":"status-publish","4":"has-post-thumbnail","6":"product_cat-accesorios","7":"product_cat-calefaccion","8":"product_cat-sombreros-gorras","9":"product_tag-saucony-es","10":"pa_attivita-caminar","11":"pa_attivita-running-es","12":"pa_marca-saucony-es","13":"pa_sesso-hombre","14":"pa_sesso-mujer","16":"first","17":"instock","18":"sale","19":"taxable","20":"shipping-taxable","21":"purchasable","22":"product-type-simple"},"acf":[],"yoast_head":"<!-- This site is optimized with the Yoast SEO plugin v26.8 - https:\/\/yoast.com\/product\/yoast-seo-wordpress\/ -->\n<title>Saucony Solstice Beanie - banda para correr - MioMioRun<\/title>\n<meta name=\"description\" content=\"Para quienes corren en las condiciones m\u00e1s fr\u00edas del invierno, el nuevo gorro Solstice Beanie ofrece una c\u00e1lida protecci\u00f3n contra las inclemencias del tiempo.\" \/>\n<meta name=\"robots\" content=\"index, follow, max-snippet:-1, max-image-preview:large, max-video-preview:-1\" \/>\n<link rel=\"canonical\" href=\"https:\/\/www.miomiorun.com\/es\/producto\/saucony-solstice-beanie\/\" \/>\n<meta property=\"og:locale\" content=\"es_ES\" \/>\n<meta property=\"og:type\" content=\"article\" \/>\n<meta property=\"og:title\" content=\"Saucony Solstice Beanie - banda para correr - MioMioRun\" \/>\n<meta property=\"og:description\" content=\"Para quienes corren en las condiciones m\u00e1s fr\u00edas del invierno, el nuevo gorro Solstice Beanie ofrece una c\u00e1lida protecci\u00f3n contra las inclemencias del tiempo.\" \/>\n<meta property=\"og:url\" content=\"https:\/\/www.miomiorun.com\/es\/producto\/saucony-solstice-beanie\/\" \/>\n<meta property=\"og:site_name\" content=\"MioMioRun\" \/>\n<meta property=\"article:publisher\" content=\"https:\/\/www.facebook.com\/miomiorun\/\" \/>\n<meta property=\"article:modified_time\" content=\"2026-04-30T14:16:11+00:00\" \/>\n<meta property=\"og:image\" content=\"https:\/\/www.miomiorun.com\/app\/uploads\/2021\/09\/saucony-solstice-beanie-SAU900006-BK.jpg\" \/>\n\t<meta property=\"og:image:width\" content=\"600\" \/>\n\t<meta property=\"og:image:height\" content=\"600\" \/>\n\t<meta property=\"og:image:type\" content=\"image\/jpeg\" \/>\n<meta name=\"twitter:card\" content=\"summary_large_image\" \/>\n<script type=\"application\/ld+json\" class=\"yoast-schema-graph\">{\"@context\":\"https:\/\/schema.org\",\"@graph\":[{\"@type\":\"WebPage\",\"@id\":\"https:\/\/www.miomiorun.com\/es\/producto\/saucony-solstice-beanie\/\",\"url\":\"https:\/\/www.miomiorun.com\/es\/producto\/saucony-solstice-beanie\/\",\"name\":\"Saucony Solstice Beanie - banda para correr - MioMioRun\",\"isPartOf\":{\"@id\":\"https:\/\/www.miomiorun.com\/es\/#website\"},\"primaryImageOfPage\":{\"@id\":\"https:\/\/www.miomiorun.com\/es\/producto\/saucony-solstice-beanie\/#primaryimage\"},\"image\":{\"@id\":\"https:\/\/www.miomiorun.com\/es\/producto\/saucony-solstice-beanie\/#primaryimage\"},\"thumbnailUrl\":\"https:\/\/www.miomiorun.com\/app\/uploads\/2021\/09\/saucony-solstice-beanie-SAU900006-BK.jpg\",\"datePublished\":\"2021-09-14T16:57:51+00:00\",\"dateModified\":\"2026-04-30T14:16:11+00:00\",\"description\":\"Para quienes corren en las condiciones m\u00e1s fr\u00edas del invierno, el nuevo gorro Solstice Beanie ofrece una c\u00e1lida protecci\u00f3n contra las inclemencias del tiempo.\",\"breadcrumb\":{\"@id\":\"https:\/\/www.miomiorun.com\/es\/producto\/saucony-solstice-beanie\/#breadcrumb\"},\"inLanguage\":\"es-ES\",\"potentialAction\":[{\"@type\":\"ReadAction\",\"target\":[\"https:\/\/www.miomiorun.com\/es\/producto\/saucony-solstice-beanie\/\"]}]},{\"@type\":\"ImageObject\",\"inLanguage\":\"es-ES\",\"@id\":\"https:\/\/www.miomiorun.com\/es\/producto\/saucony-solstice-beanie\/#primaryimage\",\"url\":\"https:\/\/www.miomiorun.com\/app\/uploads\/2021\/09\/saucony-solstice-beanie-SAU900006-BK.jpg\",\"contentUrl\":\"https:\/\/www.miomiorun.com\/app\/uploads\/2021\/09\/saucony-solstice-beanie-SAU900006-BK.jpg\",\"width\":600,\"height\":600,\"caption\":\"saucony solstice vizi beanie\"},{\"@type\":\"BreadcrumbList\",\"@id\":\"https:\/\/www.miomiorun.com\/es\/producto\/saucony-solstice-beanie\/#breadcrumb\",\"itemListElement\":[{\"@type\":\"ListItem\",\"position\":1,\"name\":\"Home\",\"item\":\"https:\/\/www.miomiorun.com\/es\/\"},{\"@type\":\"ListItem\",\"position\":2,\"name\":\"Shop\",\"item\":\"https:\/\/www.miomiorun.com\/shop\/\"},{\"@type\":\"ListItem\",\"position\":3,\"name\":\"Solstice Beanie\"}]},{\"@type\":\"WebSite\",\"@id\":\"https:\/\/www.miomiorun.com\/es\/#website\",\"url\":\"https:\/\/www.miomiorun.com\/es\/\",\"name\":\"MioMioRun\",\"description\":\"Tienda 100% running y trail\",\"publisher\":{\"@id\":\"https:\/\/www.miomiorun.com\/es\/#organization\"},\"potentialAction\":[{\"@type\":\"SearchAction\",\"target\":{\"@type\":\"EntryPoint\",\"urlTemplate\":\"https:\/\/www.miomiorun.com\/es\/?s={search_term_string}\"},\"query-input\":{\"@type\":\"PropertyValueSpecification\",\"valueRequired\":true,\"valueName\":\"search_term_string\"}}],\"inLanguage\":\"es-ES\"},{\"@type\":\"Organization\",\"@id\":\"https:\/\/www.miomiorun.com\/es\/#organization\",\"name\":\"MioMio Run\",\"url\":\"https:\/\/www.miomiorun.com\/es\/\",\"logo\":{\"@type\":\"ImageObject\",\"inLanguage\":\"es-ES\",\"@id\":\"https:\/\/www.miomiorun.com\/es\/#\/schema\/logo\/image\/\",\"url\":\"https:\/\/www.miomiorun.com\/app\/uploads\/2019\/12\/logomio.png\",\"contentUrl\":\"https:\/\/www.miomiorun.com\/app\/uploads\/2019\/12\/logomio.png\",\"width\":115,\"height\":82,\"caption\":\"MioMio Run\"},\"image\":{\"@id\":\"https:\/\/www.miomiorun.com\/es\/#\/schema\/logo\/image\/\"},\"sameAs\":[\"https:\/\/www.facebook.com\/miomiorun\/\",\"https:\/\/www.instagram.com\/miomiorun\/\"]}]}<\/script>\n<!-- \/ Yoast SEO plugin. -->","yoast_head_json":{"title":"Saucony Solstice Beanie - banda para correr - MioMioRun","description":"Para quienes corren en las condiciones m\u00e1s fr\u00edas del invierno, el nuevo gorro Solstice Beanie ofrece una c\u00e1lida protecci\u00f3n contra las inclemencias del tiempo.","robots":{"index":"index","follow":"follow","max-snippet":"max-snippet:-1","max-image-preview":"max-image-preview:large","max-video-preview":"max-video-preview:-1"},"canonical":"https:\/\/www.miomiorun.com\/es\/producto\/saucony-solstice-beanie\/","og_locale":"es_ES","og_type":"article","og_title":"Saucony Solstice Beanie - banda para correr - MioMioRun","og_description":"Para quienes corren en las condiciones m\u00e1s fr\u00edas del invierno, el nuevo gorro Solstice Beanie ofrece una c\u00e1lida protecci\u00f3n contra las inclemencias del tiempo.","og_url":"https:\/\/www.miomiorun.com\/es\/producto\/saucony-solstice-beanie\/","og_site_name":"MioMioRun","article_publisher":"https:\/\/www.facebook.com\/miomiorun\/","article_modified_time":"2026-04-30T14:16:11+00:00","og_image":[{"width":600,"height":600,"url":"https:\/\/www.miomiorun.com\/app\/uploads\/2021\/09\/saucony-solstice-beanie-SAU900006-BK.jpg","type":"image\/jpeg"}],"twitter_card":"summary_large_image","schema":{"@context":"https:\/\/schema.org","@graph":[{"@type":"WebPage","@id":"https:\/\/www.miomiorun.com\/es\/producto\/saucony-solstice-beanie\/","url":"https:\/\/www.miomiorun.com\/es\/producto\/saucony-solstice-beanie\/","name":"Saucony Solstice Beanie - banda para correr - MioMioRun","isPartOf":{"@id":"https:\/\/www.miomiorun.com\/es\/#website"},"primaryImageOfPage":{"@id":"https:\/\/www.miomiorun.com\/es\/producto\/saucony-solstice-beanie\/#primaryimage"},"image":{"@id":"https:\/\/www.miomiorun.com\/es\/producto\/saucony-solstice-beanie\/#primaryimage"},"thumbnailUrl":"https:\/\/www.miomiorun.com\/app\/uploads\/2021\/09\/saucony-solstice-beanie-SAU900006-BK.jpg","datePublished":"2021-09-14T16:57:51+00:00","dateModified":"2026-04-30T14:16:11+00:00","description":"Para quienes corren en las condiciones m\u00e1s fr\u00edas del invierno, el nuevo gorro Solstice Beanie ofrece una c\u00e1lida protecci\u00f3n contra las inclemencias del tiempo.","breadcrumb":{"@id":"https:\/\/www.miomiorun.com\/es\/producto\/saucony-solstice-beanie\/#breadcrumb"},"inLanguage":"es-ES","potentialAction":[{"@type":"ReadAction","target":["https:\/\/www.miomiorun.com\/es\/producto\/saucony-solstice-beanie\/"]}]},{"@type":"ImageObject","inLanguage":"es-ES","@id":"https:\/\/www.miomiorun.com\/es\/producto\/saucony-solstice-beanie\/#primaryimage","url":"https:\/\/www.miomiorun.com\/app\/uploads\/2021\/09\/saucony-solstice-beanie-SAU900006-BK.jpg","contentUrl":"https:\/\/www.miomiorun.com\/app\/uploads\/2021\/09\/saucony-solstice-beanie-SAU900006-BK.jpg","width":600,"height":600,"caption":"saucony solstice vizi beanie"},{"@type":"BreadcrumbList","@id":"https:\/\/www.miomiorun.com\/es\/producto\/saucony-solstice-beanie\/#breadcrumb","itemListElement":[{"@type":"ListItem","position":1,"name":"Home","item":"https:\/\/www.miomiorun.com\/es\/"},{"@type":"ListItem","position":2,"name":"Shop","item":"https:\/\/www.miomiorun.com\/shop\/"},{"@type":"ListItem","position":3,"name":"Solstice Beanie"}]},{"@type":"WebSite","@id":"https:\/\/www.miomiorun.com\/es\/#website","url":"https:\/\/www.miomiorun.com\/es\/","name":"MioMioRun","description":"Tienda 100% running y trail","publisher":{"@id":"https:\/\/www.miomiorun.com\/es\/#organization"},"potentialAction":[{"@type":"SearchAction","target":{"@type":"EntryPoint","urlTemplate":"https:\/\/www.miomiorun.com\/es\/?s={search_term_string}"},"query-input":{"@type":"PropertyValueSpecification","valueRequired":true,"valueName":"search_term_string"}}],"inLanguage":"es-ES"},{"@type":"Organization","@id":"https:\/\/www.miomiorun.com\/es\/#organization","name":"MioMio Run","url":"https:\/\/www.miomiorun.com\/es\/","logo":{"@type":"ImageObject","inLanguage":"es-ES","@id":"https:\/\/www.miomiorun.com\/es\/#\/schema\/logo\/image\/","url":"https:\/\/www.miomiorun.com\/app\/uploads\/2019\/12\/logomio.png","contentUrl":"https:\/\/www.miomiorun.com\/app\/uploads\/2019\/12\/logomio.png","width":115,"height":82,"caption":"MioMio Run"},"image":{"@id":"https:\/\/www.miomiorun.com\/es\/#\/schema\/logo\/image\/"},"sameAs":["https:\/\/www.facebook.com\/miomiorun\/","https:\/\/www.instagram.com\/miomiorun\/"]}]}},"_links":{"self":[{"href":"https:\/\/www.miomiorun.com\/es\/wp-json\/wp\/v2\/product\/279358","targetHints":{"allow":["GET"]}}],"collection":[{"href":"https:\/\/www.miomiorun.com\/es\/wp-json\/wp\/v2\/product"}],"about":[{"href":"https:\/\/www.miomiorun.com\/es\/wp-json\/wp\/v2\/types\/product"}],"wp:featuredmedia":[{"embeddable":true,"href":"https:\/\/www.miomiorun.com\/es\/wp-json\/wp\/v2\/media\/233366"}],"wp:attachment":[{"href":"https:\/\/www.miomiorun.com\/es\/wp-json\/wp\/v2\/media?parent=279358"}],"wp:term":[{"taxonomy":"product_brand","embeddable":true,"href":"https:\/\/www.miomiorun.com\/es\/wp-json\/wp\/v2\/product_brand?post=279358"},{"taxonomy":"product_cat","embeddable":true,"href":"https:\/\/www.miomiorun.com\/es\/wp-json\/wp\/v2\/product_cat?post=279358"},{"taxonomy":"product_tag","embeddable":true,"href":"https:\/\/www.miomiorun.com\/es\/wp-json\/wp\/v2\/product_tag?post=279358"}],"curies":[{"name":"wp","href":"https:\/\/api.w.org\/{rel}","templated":true}]}}