{"id":279341,"date":"2021-09-15T10:19:22","date_gmt":"2021-09-15T08:19:22","guid":{"rendered":"https:\/\/miomiorun.com\/prodotto\/craft-core-warm-baselayer-set-donna\/"},"modified":"2026-04-30T16:18:43","modified_gmt":"2026-04-30T14:18:43","slug":"craft-core-warm-baselayer-set-mujer","status":"publish","type":"product","link":"https:\/\/www.miomiorun.com\/es\/producto\/craft-core-warm-baselayer-set-mujer\/","title":{"rendered":"Core Warm Baselayer Set mujer"},"content":{"rendered":"<p><strong>Conjunto de ropa interior t\u00e9rmica Core Warm<\/strong> para mujer, que incluye un pr\u00e1ctico top de manga larga y unos pantalones largos dise\u00f1ados para todo tipo de actividades invernales en condiciones de fr\u00edo.<\/p>\n<p>Las prendas de primera capa est\u00e1n confeccionadas en un suave tejido de jersey con interior afelpado para ofrecer una calidez y una comodidad \u00f3ptimas, y cuentan con costuras planas que se adaptan a los movimientos del cuerpo.<\/p>\n<p><strong>Caracter\u00edsticas:<\/strong><\/p>\n<ul>\n<li>Jersey de manga larga y pantalones largos.<\/li>\n<li>Tejido de jersey con interior felpado para una calidez \u00f3ptima.<\/li>\n<li>Costuras flatlock que se adaptan a los movimientos del cuerpo.<\/li>\n<li>Corte regular.<\/li>\n<li>Evacuaci\u00f3n de la humedad: 3 sobre 5<\/li>\n<li>Nivel de actividad: 2 sobre 5<\/li>\n<li>Temperatura: de -10 \u00baC a 0 \u00baC<\/li>\n<\/ul>\n<p>Material: 100 % poli\u00e9ster<\/p>\n<p class=\"css-8rgusf\">Lavar a m\u00e1quina a 40 grados.<\/p>\n","protected":false},"excerpt":{"rendered":"<p>Conjunto de ropa interior t\u00e9rmica Core Warm para mujer, que incluye un pr\u00e1ctico top de manga larga y unos pantalones largos dise\u00f1ados para todo tipo de actividades invernales en condiciones de fr\u00edo. Las prendas de primera capa est\u00e1n confeccionadas en un suave tejido de jersey con interior afelpado para ofrecer una calidez y una comodidad &hellip; <a href=\"https:\/\/www.miomiorun.com\/es\/producto\/craft-core-warm-baselayer-set-mujer\/\">Continued<\/a><\/p>\n","protected":false},"featured_media":233238,"template":"","meta":{"_acf_changed":false,"inline_featured_image":false},"product_brand":[],"product_cat":[24401,24397,24402],"product_tag":[23553,23659],"class_list":{"0":"post-279341","1":"product","2":"type-product","3":"status-publish","4":"has-post-thumbnail","6":"product_cat-ropa-de-mujer","7":"product_cat-ropa-interior","8":"product_cat-mujer","9":"product_tag-craft-es","10":"product_tag-craft-mujer","11":"pa_attivita-caminar","12":"pa_attivita-outdoor-es","13":"pa_attivita-running-es","14":"pa_attivita-trail-es","15":"pa_marca-craft-es","16":"pa_sesso-mujer","17":"pa_size-small-es","18":"pa_size-medium-es","19":"pa_size-large-es","21":"first","22":"instock","23":"sale","24":"taxable","25":"shipping-taxable","26":"purchasable","27":"product-type-variable","28":"wvs-archive-product-wrapper"},"acf":[],"yoast_head":"<!-- This site is optimized with the Yoast SEO plugin v26.8 - https:\/\/yoast.com\/product\/yoast-seo-wordpress\/ -->\n<title>Craft Core Warm Baselayer Set mujer - corriendo ropa interior - MioMioRun<\/title>\n<meta name=\"description\" content=\"El conjunto de ropa interior t\u00e9rmica Core Warm para mujer incluye una camiseta funcional de manga larga y unos pantalones largos dise\u00f1ados para todo tipo de actividades.\" \/>\n<meta name=\"robots\" content=\"index, follow, max-snippet:-1, max-image-preview:large, max-video-preview:-1\" \/>\n<link rel=\"canonical\" href=\"https:\/\/www.miomiorun.com\/es\/producto\/craft-core-warm-baselayer-set-mujer\/\" \/>\n<meta property=\"og:locale\" content=\"es_ES\" \/>\n<meta property=\"og:type\" content=\"article\" \/>\n<meta property=\"og:title\" content=\"Craft Core Warm Baselayer Set mujer - corriendo ropa interior - MioMioRun\" \/>\n<meta property=\"og:description\" content=\"El conjunto de ropa interior t\u00e9rmica Core Warm para mujer incluye una camiseta funcional de manga larga y unos pantalones largos dise\u00f1ados para todo tipo de actividades.\" \/>\n<meta property=\"og:url\" content=\"https:\/\/www.miomiorun.com\/es\/producto\/craft-core-warm-baselayer-set-mujer\/\" \/>\n<meta property=\"og:site_name\" content=\"MioMioRun\" \/>\n<meta property=\"article:publisher\" content=\"https:\/\/www.facebook.com\/miomiorun\/\" \/>\n<meta property=\"article:modified_time\" content=\"2026-04-30T14:18:43+00:00\" \/>\n<meta property=\"og:image\" content=\"https:\/\/www.miomiorun.com\/app\/uploads\/2021\/09\/craft-Core-warm-Baselayer-set-1909708-999000.jpg\" \/>\n\t<meta property=\"og:image:width\" content=\"600\" \/>\n\t<meta property=\"og:image:height\" content=\"600\" \/>\n\t<meta property=\"og:image:type\" content=\"image\/jpeg\" \/>\n<meta name=\"twitter:card\" content=\"summary_large_image\" \/>\n<meta name=\"twitter:label1\" content=\"Est. reading time\" \/>\n\t<meta name=\"twitter:data1\" content=\"1 minute\" \/>\n<script type=\"application\/ld+json\" class=\"yoast-schema-graph\">{\"@context\":\"https:\/\/schema.org\",\"@graph\":[{\"@type\":\"WebPage\",\"@id\":\"https:\/\/www.miomiorun.com\/es\/producto\/craft-core-warm-baselayer-set-mujer\/\",\"url\":\"https:\/\/www.miomiorun.com\/es\/producto\/craft-core-warm-baselayer-set-mujer\/\",\"name\":\"Craft Core Warm Baselayer Set mujer - corriendo ropa interior - MioMioRun\",\"isPartOf\":{\"@id\":\"https:\/\/www.miomiorun.com\/es\/#website\"},\"primaryImageOfPage\":{\"@id\":\"https:\/\/www.miomiorun.com\/es\/producto\/craft-core-warm-baselayer-set-mujer\/#primaryimage\"},\"image\":{\"@id\":\"https:\/\/www.miomiorun.com\/es\/producto\/craft-core-warm-baselayer-set-mujer\/#primaryimage\"},\"thumbnailUrl\":\"https:\/\/www.miomiorun.com\/app\/uploads\/2021\/09\/craft-Core-warm-Baselayer-set-1909708-999000.jpg\",\"datePublished\":\"2021-09-15T08:19:22+00:00\",\"dateModified\":\"2026-04-30T14:18:43+00:00\",\"description\":\"El conjunto de ropa interior t\u00e9rmica Core Warm para mujer incluye una camiseta funcional de manga larga y unos pantalones largos dise\u00f1ados para todo tipo de actividades.\",\"breadcrumb\":{\"@id\":\"https:\/\/www.miomiorun.com\/es\/producto\/craft-core-warm-baselayer-set-mujer\/#breadcrumb\"},\"inLanguage\":\"es-ES\",\"potentialAction\":[{\"@type\":\"ReadAction\",\"target\":[\"https:\/\/www.miomiorun.com\/es\/producto\/craft-core-warm-baselayer-set-mujer\/\"]}]},{\"@type\":\"ImageObject\",\"inLanguage\":\"es-ES\",\"@id\":\"https:\/\/www.miomiorun.com\/es\/producto\/craft-core-warm-baselayer-set-mujer\/#primaryimage\",\"url\":\"https:\/\/www.miomiorun.com\/app\/uploads\/2021\/09\/craft-Core-warm-Baselayer-set-1909708-999000.jpg\",\"contentUrl\":\"https:\/\/www.miomiorun.com\/app\/uploads\/2021\/09\/craft-Core-warm-Baselayer-set-1909708-999000.jpg\",\"width\":600,\"height\":600,\"caption\":\"craft core warm baselayer set\"},{\"@type\":\"BreadcrumbList\",\"@id\":\"https:\/\/www.miomiorun.com\/es\/producto\/craft-core-warm-baselayer-set-mujer\/#breadcrumb\",\"itemListElement\":[{\"@type\":\"ListItem\",\"position\":1,\"name\":\"Home\",\"item\":\"https:\/\/www.miomiorun.com\/es\/\"},{\"@type\":\"ListItem\",\"position\":2,\"name\":\"Shop\",\"item\":\"https:\/\/www.miomiorun.com\/shop\/\"},{\"@type\":\"ListItem\",\"position\":3,\"name\":\"Core Warm Baselayer Set mujer\"}]},{\"@type\":\"WebSite\",\"@id\":\"https:\/\/www.miomiorun.com\/es\/#website\",\"url\":\"https:\/\/www.miomiorun.com\/es\/\",\"name\":\"MioMioRun\",\"description\":\"Tienda 100% running y trail\",\"publisher\":{\"@id\":\"https:\/\/www.miomiorun.com\/es\/#organization\"},\"potentialAction\":[{\"@type\":\"SearchAction\",\"target\":{\"@type\":\"EntryPoint\",\"urlTemplate\":\"https:\/\/www.miomiorun.com\/es\/?s={search_term_string}\"},\"query-input\":{\"@type\":\"PropertyValueSpecification\",\"valueRequired\":true,\"valueName\":\"search_term_string\"}}],\"inLanguage\":\"es-ES\"},{\"@type\":\"Organization\",\"@id\":\"https:\/\/www.miomiorun.com\/es\/#organization\",\"name\":\"MioMio Run\",\"url\":\"https:\/\/www.miomiorun.com\/es\/\",\"logo\":{\"@type\":\"ImageObject\",\"inLanguage\":\"es-ES\",\"@id\":\"https:\/\/www.miomiorun.com\/es\/#\/schema\/logo\/image\/\",\"url\":\"https:\/\/www.miomiorun.com\/app\/uploads\/2019\/12\/logomio.png\",\"contentUrl\":\"https:\/\/www.miomiorun.com\/app\/uploads\/2019\/12\/logomio.png\",\"width\":115,\"height\":82,\"caption\":\"MioMio Run\"},\"image\":{\"@id\":\"https:\/\/www.miomiorun.com\/es\/#\/schema\/logo\/image\/\"},\"sameAs\":[\"https:\/\/www.facebook.com\/miomiorun\/\",\"https:\/\/www.instagram.com\/miomiorun\/\"]}]}<\/script>\n<!-- \/ Yoast SEO plugin. -->","yoast_head_json":{"title":"Craft Core Warm Baselayer Set mujer - corriendo ropa interior - MioMioRun","description":"El conjunto de ropa interior t\u00e9rmica Core Warm para mujer incluye una camiseta funcional de manga larga y unos pantalones largos dise\u00f1ados para todo tipo de actividades.","robots":{"index":"index","follow":"follow","max-snippet":"max-snippet:-1","max-image-preview":"max-image-preview:large","max-video-preview":"max-video-preview:-1"},"canonical":"https:\/\/www.miomiorun.com\/es\/producto\/craft-core-warm-baselayer-set-mujer\/","og_locale":"es_ES","og_type":"article","og_title":"Craft Core Warm Baselayer Set mujer - corriendo ropa interior - MioMioRun","og_description":"El conjunto de ropa interior t\u00e9rmica Core Warm para mujer incluye una camiseta funcional de manga larga y unos pantalones largos dise\u00f1ados para todo tipo de actividades.","og_url":"https:\/\/www.miomiorun.com\/es\/producto\/craft-core-warm-baselayer-set-mujer\/","og_site_name":"MioMioRun","article_publisher":"https:\/\/www.facebook.com\/miomiorun\/","article_modified_time":"2026-04-30T14:18:43+00:00","og_image":[{"width":600,"height":600,"url":"https:\/\/www.miomiorun.com\/app\/uploads\/2021\/09\/craft-Core-warm-Baselayer-set-1909708-999000.jpg","type":"image\/jpeg"}],"twitter_card":"summary_large_image","twitter_misc":{"Est. reading time":"1 minute"},"schema":{"@context":"https:\/\/schema.org","@graph":[{"@type":"WebPage","@id":"https:\/\/www.miomiorun.com\/es\/producto\/craft-core-warm-baselayer-set-mujer\/","url":"https:\/\/www.miomiorun.com\/es\/producto\/craft-core-warm-baselayer-set-mujer\/","name":"Craft Core Warm Baselayer Set mujer - corriendo ropa interior - MioMioRun","isPartOf":{"@id":"https:\/\/www.miomiorun.com\/es\/#website"},"primaryImageOfPage":{"@id":"https:\/\/www.miomiorun.com\/es\/producto\/craft-core-warm-baselayer-set-mujer\/#primaryimage"},"image":{"@id":"https:\/\/www.miomiorun.com\/es\/producto\/craft-core-warm-baselayer-set-mujer\/#primaryimage"},"thumbnailUrl":"https:\/\/www.miomiorun.com\/app\/uploads\/2021\/09\/craft-Core-warm-Baselayer-set-1909708-999000.jpg","datePublished":"2021-09-15T08:19:22+00:00","dateModified":"2026-04-30T14:18:43+00:00","description":"El conjunto de ropa interior t\u00e9rmica Core Warm para mujer incluye una camiseta funcional de manga larga y unos pantalones largos dise\u00f1ados para todo tipo de actividades.","breadcrumb":{"@id":"https:\/\/www.miomiorun.com\/es\/producto\/craft-core-warm-baselayer-set-mujer\/#breadcrumb"},"inLanguage":"es-ES","potentialAction":[{"@type":"ReadAction","target":["https:\/\/www.miomiorun.com\/es\/producto\/craft-core-warm-baselayer-set-mujer\/"]}]},{"@type":"ImageObject","inLanguage":"es-ES","@id":"https:\/\/www.miomiorun.com\/es\/producto\/craft-core-warm-baselayer-set-mujer\/#primaryimage","url":"https:\/\/www.miomiorun.com\/app\/uploads\/2021\/09\/craft-Core-warm-Baselayer-set-1909708-999000.jpg","contentUrl":"https:\/\/www.miomiorun.com\/app\/uploads\/2021\/09\/craft-Core-warm-Baselayer-set-1909708-999000.jpg","width":600,"height":600,"caption":"craft core warm baselayer set"},{"@type":"BreadcrumbList","@id":"https:\/\/www.miomiorun.com\/es\/producto\/craft-core-warm-baselayer-set-mujer\/#breadcrumb","itemListElement":[{"@type":"ListItem","position":1,"name":"Home","item":"https:\/\/www.miomiorun.com\/es\/"},{"@type":"ListItem","position":2,"name":"Shop","item":"https:\/\/www.miomiorun.com\/shop\/"},{"@type":"ListItem","position":3,"name":"Core Warm Baselayer Set mujer"}]},{"@type":"WebSite","@id":"https:\/\/www.miomiorun.com\/es\/#website","url":"https:\/\/www.miomiorun.com\/es\/","name":"MioMioRun","description":"Tienda 100% running y trail","publisher":{"@id":"https:\/\/www.miomiorun.com\/es\/#organization"},"potentialAction":[{"@type":"SearchAction","target":{"@type":"EntryPoint","urlTemplate":"https:\/\/www.miomiorun.com\/es\/?s={search_term_string}"},"query-input":{"@type":"PropertyValueSpecification","valueRequired":true,"valueName":"search_term_string"}}],"inLanguage":"es-ES"},{"@type":"Organization","@id":"https:\/\/www.miomiorun.com\/es\/#organization","name":"MioMio Run","url":"https:\/\/www.miomiorun.com\/es\/","logo":{"@type":"ImageObject","inLanguage":"es-ES","@id":"https:\/\/www.miomiorun.com\/es\/#\/schema\/logo\/image\/","url":"https:\/\/www.miomiorun.com\/app\/uploads\/2019\/12\/logomio.png","contentUrl":"https:\/\/www.miomiorun.com\/app\/uploads\/2019\/12\/logomio.png","width":115,"height":82,"caption":"MioMio Run"},"image":{"@id":"https:\/\/www.miomiorun.com\/es\/#\/schema\/logo\/image\/"},"sameAs":["https:\/\/www.facebook.com\/miomiorun\/","https:\/\/www.instagram.com\/miomiorun\/"]}]}},"_links":{"self":[{"href":"https:\/\/www.miomiorun.com\/es\/wp-json\/wp\/v2\/product\/279341","targetHints":{"allow":["GET"]}}],"collection":[{"href":"https:\/\/www.miomiorun.com\/es\/wp-json\/wp\/v2\/product"}],"about":[{"href":"https:\/\/www.miomiorun.com\/es\/wp-json\/wp\/v2\/types\/product"}],"wp:featuredmedia":[{"embeddable":true,"href":"https:\/\/www.miomiorun.com\/es\/wp-json\/wp\/v2\/media\/233238"}],"wp:attachment":[{"href":"https:\/\/www.miomiorun.com\/es\/wp-json\/wp\/v2\/media?parent=279341"}],"wp:term":[{"taxonomy":"product_brand","embeddable":true,"href":"https:\/\/www.miomiorun.com\/es\/wp-json\/wp\/v2\/product_brand?post=279341"},{"taxonomy":"product_cat","embeddable":true,"href":"https:\/\/www.miomiorun.com\/es\/wp-json\/wp\/v2\/product_cat?post=279341"},{"taxonomy":"product_tag","embeddable":true,"href":"https:\/\/www.miomiorun.com\/es\/wp-json\/wp\/v2\/product_tag?post=279341"}],"curies":[{"name":"wp","href":"https:\/\/api.w.org\/{rel}","templated":true}]}}