{"id":279304,"date":"2021-09-15T10:53:21","date_gmt":"2021-09-15T08:53:21","guid":{"rendered":"https:\/\/miomiorun.com\/prodotto\/craft-active-extreme-x-neck-tube\/"},"modified":"2026-04-30T16:22:39","modified_gmt":"2026-04-30T14:22:39","slug":"craft-active-extreme-x-neck-tube","status":"publish","type":"product","link":"https:\/\/www.miomiorun.com\/es\/producto\/craft-active-extreme-x-neck-tube\/","title":{"rendered":"Active Extreme X Neck Tube"},"content":{"rendered":"<p id=\"tw-target-text\" class=\"tw-data-text tw-text-large XcVN5d tw-ta\" dir=\"ltr\" data-placeholder=\"Traduzione\"><span class=\"Y2IQFc\" lang=\"it\"><strong>Active Extreme X Neck Tube<\/strong> es una prenda multifuncional que puede utilizarse tanto como gorro como braga para el cuello, dise\u00f1ada para la competici\u00f3n y el entrenamiento de alta intensidad en condiciones invernales fr\u00edas. <\/span><\/p>\n<p class=\"tw-data-text tw-text-large XcVN5d tw-ta\" dir=\"ltr\" data-placeholder=\"Traduzione\"><span class=\"Y2IQFc\" lang=\"it\">Esta prenda de alto rendimiento combina poli\u00e9ster SEAQUAL, tecnolog\u00eda Coolmax Air y poli\u00e9ster reciclado para ofrecer un control \u00f3ptimo de la temperatura durante la pr\u00e1ctica de actividades f\u00edsicas de alta intensidad. <\/span><\/p>\n<p class=\"tw-data-text tw-text-large XcVN5d tw-ta\" dir=\"ltr\" data-placeholder=\"Traduzione\"><span class=\"Y2IQFc\" lang=\"it\">La prenda tambi\u00e9n presenta un dise\u00f1o de punto acanalado que favorece la evacuaci\u00f3n de la humedad y aumenta la comodidad. <\/span><\/p>\n<p class=\"tw-data-text tw-text-large XcVN5d tw-ta\" dir=\"ltr\" data-placeholder=\"Traduzione\"><span class=\"Y2IQFc\" lang=\"it\">El material reciclado SEAQUAL es una iniciativa que contribuye a limpiar nuestros mares de residuos y a fomentar los procesos circulares en la sociedad. El Active Extreme X Neck Tube est\u00e1 fabricado con poli\u00e9ster SEAQUAL reciclado, obtenido a partir de residuos pl\u00e1sticos procedentes del mar. El material reciclado no solo es una buena opci\u00f3n para el medio ambiente, sino que tambi\u00e9n ofrece una eficaz evacuaci\u00f3n de la humedad y ventilaci\u00f3n para un control \u00f3ptimo de la temperatura.<\/span><\/p>\n<p dir=\"ltr\" data-placeholder=\"Traduzione\">\n","protected":false},"excerpt":{"rendered":"<p>Active Extreme X Neck Tube es una prenda multifuncional que puede utilizarse tanto como gorro como braga para el cuello, dise\u00f1ada para la competici\u00f3n y el entrenamiento de alta intensidad en condiciones invernales fr\u00edas. Esta prenda de alto rendimiento combina poli\u00e9ster SEAQUAL, tecnolog\u00eda Coolmax Air y poli\u00e9ster reciclado para ofrecer un control \u00f3ptimo de la &hellip; <a href=\"https:\/\/www.miomiorun.com\/es\/producto\/craft-active-extreme-x-neck-tube\/\">Continued<\/a><\/p>\n","protected":false},"featured_media":233246,"template":"","meta":{"_acf_changed":false,"inline_featured_image":false},"product_brand":[],"product_cat":[24205,24429],"product_tag":[23553],"class_list":{"0":"post-279304","1":"product","2":"type-product","3":"status-publish","4":"has-post-thumbnail","6":"product_cat-accesorios","7":"product_cat-calientacuellos","8":"product_tag-craft-es","9":"pa_attivita-caminar","10":"pa_attivita-running-es","11":"pa_marca-craft-es","12":"pa_sesso-hombre","13":"pa_sesso-mujer","15":"first","16":"instock","17":"sale","18":"taxable","19":"shipping-taxable","20":"purchasable","21":"product-type-simple"},"acf":[],"yoast_head":"<!-- This site is optimized with the Yoast SEO plugin v26.8 - https:\/\/yoast.com\/product\/yoast-seo-wordpress\/ -->\n<title>Craft Active Extreme X Neck Tube - calentador de cuello para correr- MioMioRun.com<\/title>\n<meta name=\"description\" content=\"El Active Extreme X Neck Tube es una prenda multifuncional que se puede usar tanto como gorro como braga de cuello.\" \/>\n<meta name=\"robots\" content=\"index, follow, max-snippet:-1, max-image-preview:large, max-video-preview:-1\" \/>\n<link rel=\"canonical\" href=\"https:\/\/www.miomiorun.com\/es\/producto\/craft-active-extreme-x-neck-tube\/\" \/>\n<meta property=\"og:locale\" content=\"es_ES\" \/>\n<meta property=\"og:type\" content=\"article\" \/>\n<meta property=\"og:title\" content=\"Craft Active Extreme X Neck Tube - calentador de cuello para correr- MioMioRun.com\" \/>\n<meta property=\"og:description\" content=\"El Active Extreme X Neck Tube es una prenda multifuncional que se puede usar tanto como gorro como braga de cuello.\" \/>\n<meta property=\"og:url\" content=\"https:\/\/www.miomiorun.com\/es\/producto\/craft-active-extreme-x-neck-tube\/\" \/>\n<meta property=\"og:site_name\" content=\"MioMioRun\" \/>\n<meta property=\"article:publisher\" content=\"https:\/\/www.facebook.com\/miomiorun\/\" \/>\n<meta property=\"article:modified_time\" content=\"2026-04-30T14:22:39+00:00\" \/>\n<meta property=\"og:image\" content=\"https:\/\/www.miomiorun.com\/app\/uploads\/2021\/09\/craft-Active-extreme-x-neck-tube-1909684-999985.jpg\" \/>\n\t<meta property=\"og:image:width\" content=\"600\" \/>\n\t<meta property=\"og:image:height\" content=\"600\" \/>\n\t<meta property=\"og:image:type\" content=\"image\/jpeg\" \/>\n<meta name=\"twitter:card\" content=\"summary_large_image\" \/>\n<meta name=\"twitter:label1\" content=\"Est. reading time\" \/>\n\t<meta name=\"twitter:data1\" content=\"1 minute\" \/>\n<script type=\"application\/ld+json\" class=\"yoast-schema-graph\">{\"@context\":\"https:\/\/schema.org\",\"@graph\":[{\"@type\":\"WebPage\",\"@id\":\"https:\/\/www.miomiorun.com\/es\/producto\/craft-active-extreme-x-neck-tube\/\",\"url\":\"https:\/\/www.miomiorun.com\/es\/producto\/craft-active-extreme-x-neck-tube\/\",\"name\":\"Craft Active Extreme X Neck Tube - calentador de cuello para correr- MioMioRun.com\",\"isPartOf\":{\"@id\":\"https:\/\/www.miomiorun.com\/es\/#website\"},\"primaryImageOfPage\":{\"@id\":\"https:\/\/www.miomiorun.com\/es\/producto\/craft-active-extreme-x-neck-tube\/#primaryimage\"},\"image\":{\"@id\":\"https:\/\/www.miomiorun.com\/es\/producto\/craft-active-extreme-x-neck-tube\/#primaryimage\"},\"thumbnailUrl\":\"https:\/\/www.miomiorun.com\/app\/uploads\/2021\/09\/craft-Active-extreme-x-neck-tube-1909684-999985.jpg\",\"datePublished\":\"2021-09-15T08:53:21+00:00\",\"dateModified\":\"2026-04-30T14:22:39+00:00\",\"description\":\"El Active Extreme X Neck Tube es una prenda multifuncional que se puede usar tanto como gorro como braga de cuello.\",\"breadcrumb\":{\"@id\":\"https:\/\/www.miomiorun.com\/es\/producto\/craft-active-extreme-x-neck-tube\/#breadcrumb\"},\"inLanguage\":\"es-ES\",\"potentialAction\":[{\"@type\":\"ReadAction\",\"target\":[\"https:\/\/www.miomiorun.com\/es\/producto\/craft-active-extreme-x-neck-tube\/\"]}]},{\"@type\":\"ImageObject\",\"inLanguage\":\"es-ES\",\"@id\":\"https:\/\/www.miomiorun.com\/es\/producto\/craft-active-extreme-x-neck-tube\/#primaryimage\",\"url\":\"https:\/\/www.miomiorun.com\/app\/uploads\/2021\/09\/craft-Active-extreme-x-neck-tube-1909684-999985.jpg\",\"contentUrl\":\"https:\/\/www.miomiorun.com\/app\/uploads\/2021\/09\/craft-Active-extreme-x-neck-tube-1909684-999985.jpg\",\"width\":600,\"height\":600,\"caption\":\"craft active extreme x neck tube\"},{\"@type\":\"BreadcrumbList\",\"@id\":\"https:\/\/www.miomiorun.com\/es\/producto\/craft-active-extreme-x-neck-tube\/#breadcrumb\",\"itemListElement\":[{\"@type\":\"ListItem\",\"position\":1,\"name\":\"Home\",\"item\":\"https:\/\/www.miomiorun.com\/es\/\"},{\"@type\":\"ListItem\",\"position\":2,\"name\":\"Shop\",\"item\":\"https:\/\/www.miomiorun.com\/shop\/\"},{\"@type\":\"ListItem\",\"position\":3,\"name\":\"Active Extreme X Neck Tube\"}]},{\"@type\":\"WebSite\",\"@id\":\"https:\/\/www.miomiorun.com\/es\/#website\",\"url\":\"https:\/\/www.miomiorun.com\/es\/\",\"name\":\"MioMioRun\",\"description\":\"Tienda 100% running y trail\",\"publisher\":{\"@id\":\"https:\/\/www.miomiorun.com\/es\/#organization\"},\"potentialAction\":[{\"@type\":\"SearchAction\",\"target\":{\"@type\":\"EntryPoint\",\"urlTemplate\":\"https:\/\/www.miomiorun.com\/es\/?s={search_term_string}\"},\"query-input\":{\"@type\":\"PropertyValueSpecification\",\"valueRequired\":true,\"valueName\":\"search_term_string\"}}],\"inLanguage\":\"es-ES\"},{\"@type\":\"Organization\",\"@id\":\"https:\/\/www.miomiorun.com\/es\/#organization\",\"name\":\"MioMio Run\",\"url\":\"https:\/\/www.miomiorun.com\/es\/\",\"logo\":{\"@type\":\"ImageObject\",\"inLanguage\":\"es-ES\",\"@id\":\"https:\/\/www.miomiorun.com\/es\/#\/schema\/logo\/image\/\",\"url\":\"https:\/\/www.miomiorun.com\/app\/uploads\/2019\/12\/logomio.png\",\"contentUrl\":\"https:\/\/www.miomiorun.com\/app\/uploads\/2019\/12\/logomio.png\",\"width\":115,\"height\":82,\"caption\":\"MioMio Run\"},\"image\":{\"@id\":\"https:\/\/www.miomiorun.com\/es\/#\/schema\/logo\/image\/\"},\"sameAs\":[\"https:\/\/www.facebook.com\/miomiorun\/\",\"https:\/\/www.instagram.com\/miomiorun\/\"]}]}<\/script>\n<!-- \/ Yoast SEO plugin. -->","yoast_head_json":{"title":"Craft Active Extreme X Neck Tube - calentador de cuello para correr- MioMioRun.com","description":"El Active Extreme X Neck Tube es una prenda multifuncional que se puede usar tanto como gorro como braga de cuello.","robots":{"index":"index","follow":"follow","max-snippet":"max-snippet:-1","max-image-preview":"max-image-preview:large","max-video-preview":"max-video-preview:-1"},"canonical":"https:\/\/www.miomiorun.com\/es\/producto\/craft-active-extreme-x-neck-tube\/","og_locale":"es_ES","og_type":"article","og_title":"Craft Active Extreme X Neck Tube - calentador de cuello para correr- MioMioRun.com","og_description":"El Active Extreme X Neck Tube es una prenda multifuncional que se puede usar tanto como gorro como braga de cuello.","og_url":"https:\/\/www.miomiorun.com\/es\/producto\/craft-active-extreme-x-neck-tube\/","og_site_name":"MioMioRun","article_publisher":"https:\/\/www.facebook.com\/miomiorun\/","article_modified_time":"2026-04-30T14:22:39+00:00","og_image":[{"width":600,"height":600,"url":"https:\/\/www.miomiorun.com\/app\/uploads\/2021\/09\/craft-Active-extreme-x-neck-tube-1909684-999985.jpg","type":"image\/jpeg"}],"twitter_card":"summary_large_image","twitter_misc":{"Est. reading time":"1 minute"},"schema":{"@context":"https:\/\/schema.org","@graph":[{"@type":"WebPage","@id":"https:\/\/www.miomiorun.com\/es\/producto\/craft-active-extreme-x-neck-tube\/","url":"https:\/\/www.miomiorun.com\/es\/producto\/craft-active-extreme-x-neck-tube\/","name":"Craft Active Extreme X Neck Tube - calentador de cuello para correr- MioMioRun.com","isPartOf":{"@id":"https:\/\/www.miomiorun.com\/es\/#website"},"primaryImageOfPage":{"@id":"https:\/\/www.miomiorun.com\/es\/producto\/craft-active-extreme-x-neck-tube\/#primaryimage"},"image":{"@id":"https:\/\/www.miomiorun.com\/es\/producto\/craft-active-extreme-x-neck-tube\/#primaryimage"},"thumbnailUrl":"https:\/\/www.miomiorun.com\/app\/uploads\/2021\/09\/craft-Active-extreme-x-neck-tube-1909684-999985.jpg","datePublished":"2021-09-15T08:53:21+00:00","dateModified":"2026-04-30T14:22:39+00:00","description":"El Active Extreme X Neck Tube es una prenda multifuncional que se puede usar tanto como gorro como braga de cuello.","breadcrumb":{"@id":"https:\/\/www.miomiorun.com\/es\/producto\/craft-active-extreme-x-neck-tube\/#breadcrumb"},"inLanguage":"es-ES","potentialAction":[{"@type":"ReadAction","target":["https:\/\/www.miomiorun.com\/es\/producto\/craft-active-extreme-x-neck-tube\/"]}]},{"@type":"ImageObject","inLanguage":"es-ES","@id":"https:\/\/www.miomiorun.com\/es\/producto\/craft-active-extreme-x-neck-tube\/#primaryimage","url":"https:\/\/www.miomiorun.com\/app\/uploads\/2021\/09\/craft-Active-extreme-x-neck-tube-1909684-999985.jpg","contentUrl":"https:\/\/www.miomiorun.com\/app\/uploads\/2021\/09\/craft-Active-extreme-x-neck-tube-1909684-999985.jpg","width":600,"height":600,"caption":"craft active extreme x neck tube"},{"@type":"BreadcrumbList","@id":"https:\/\/www.miomiorun.com\/es\/producto\/craft-active-extreme-x-neck-tube\/#breadcrumb","itemListElement":[{"@type":"ListItem","position":1,"name":"Home","item":"https:\/\/www.miomiorun.com\/es\/"},{"@type":"ListItem","position":2,"name":"Shop","item":"https:\/\/www.miomiorun.com\/shop\/"},{"@type":"ListItem","position":3,"name":"Active Extreme X Neck Tube"}]},{"@type":"WebSite","@id":"https:\/\/www.miomiorun.com\/es\/#website","url":"https:\/\/www.miomiorun.com\/es\/","name":"MioMioRun","description":"Tienda 100% running y trail","publisher":{"@id":"https:\/\/www.miomiorun.com\/es\/#organization"},"potentialAction":[{"@type":"SearchAction","target":{"@type":"EntryPoint","urlTemplate":"https:\/\/www.miomiorun.com\/es\/?s={search_term_string}"},"query-input":{"@type":"PropertyValueSpecification","valueRequired":true,"valueName":"search_term_string"}}],"inLanguage":"es-ES"},{"@type":"Organization","@id":"https:\/\/www.miomiorun.com\/es\/#organization","name":"MioMio Run","url":"https:\/\/www.miomiorun.com\/es\/","logo":{"@type":"ImageObject","inLanguage":"es-ES","@id":"https:\/\/www.miomiorun.com\/es\/#\/schema\/logo\/image\/","url":"https:\/\/www.miomiorun.com\/app\/uploads\/2019\/12\/logomio.png","contentUrl":"https:\/\/www.miomiorun.com\/app\/uploads\/2019\/12\/logomio.png","width":115,"height":82,"caption":"MioMio Run"},"image":{"@id":"https:\/\/www.miomiorun.com\/es\/#\/schema\/logo\/image\/"},"sameAs":["https:\/\/www.facebook.com\/miomiorun\/","https:\/\/www.instagram.com\/miomiorun\/"]}]}},"_links":{"self":[{"href":"https:\/\/www.miomiorun.com\/es\/wp-json\/wp\/v2\/product\/279304","targetHints":{"allow":["GET"]}}],"collection":[{"href":"https:\/\/www.miomiorun.com\/es\/wp-json\/wp\/v2\/product"}],"about":[{"href":"https:\/\/www.miomiorun.com\/es\/wp-json\/wp\/v2\/types\/product"}],"wp:featuredmedia":[{"embeddable":true,"href":"https:\/\/www.miomiorun.com\/es\/wp-json\/wp\/v2\/media\/233246"}],"wp:attachment":[{"href":"https:\/\/www.miomiorun.com\/es\/wp-json\/wp\/v2\/media?parent=279304"}],"wp:term":[{"taxonomy":"product_brand","embeddable":true,"href":"https:\/\/www.miomiorun.com\/es\/wp-json\/wp\/v2\/product_brand?post=279304"},{"taxonomy":"product_cat","embeddable":true,"href":"https:\/\/www.miomiorun.com\/es\/wp-json\/wp\/v2\/product_cat?post=279304"},{"taxonomy":"product_tag","embeddable":true,"href":"https:\/\/www.miomiorun.com\/es\/wp-json\/wp\/v2\/product_tag?post=279304"}],"curies":[{"name":"wp","href":"https:\/\/api.w.org\/{rel}","templated":true}]}}