{"id":279276,"date":"2021-09-15T11:52:44","date_gmt":"2021-09-15T09:52:44","guid":{"rendered":"https:\/\/miomiorun.com\/prodotto\/craft-core-gain-midlayer-uomo\/"},"modified":"2026-04-28T11:35:37","modified_gmt":"2026-04-28T09:35:37","slug":"craft-core-gain-midlayer-hombre","status":"publish","type":"product","link":"https:\/\/www.miomiorun.com\/es\/producto\/craft-core-gain-midlayer-hombre\/","title":{"rendered":"Core Gain Midlayer hombre"},"content":{"rendered":"<p id=\"tw-target-text\" class=\"tw-data-text tw-text-large XcVN5d tw-ta\" dir=\"ltr\" data-placeholder=\"Traduzione\"><span class=\"Y2IQFc\" lang=\"it\"><strong>Core Gain Midlayer<\/strong> para hombre es un vers\u00e1til jersey de capa intermedia con media cremallera, confeccionado en un tejido suave, el\u00e1stico y funcional, con el interior ligeramente felpado para aportar calor y comodidad adicionales. <\/span><\/p>\n<p class=\"tw-data-text tw-text-large XcVN5d tw-ta\" dir=\"ltr\" data-placeholder=\"Traduzione\"><span class=\"Y2IQFc\" lang=\"it\">Funciona perfectamente como capa exterior en d\u00edas fr\u00edos o como capa intermedia en condiciones de mucho fr\u00edo. <\/span><\/p>\n<p class=\"tw-data-text tw-text-large XcVN5d tw-ta\" dir=\"ltr\" data-placeholder=\"Traduzione\"><strong><span class=\"Y2IQFc\" lang=\"it\">Caracter\u00edsticas:<\/span><\/strong><\/p>\n<ul>\n<li class=\"tw-data-text tw-text-large XcVN5d tw-ta\" dir=\"ltr\" data-placeholder=\"Traduzione\"><span class=\"Y2IQFc\" lang=\"it\">Tejido jersey suave, el\u00e1stico y funcional con interior afelpado. <\/span><\/li>\n<li class=\"tw-data-text tw-text-large XcVN5d tw-ta\" dir=\"ltr\" data-placeholder=\"Traduzione\"><span class=\"Y2IQFc\" lang=\"it\">Media cremallera.<\/span><\/li>\n<li class=\"tw-data-text tw-text-large XcVN5d tw-ta\" dir=\"ltr\" data-placeholder=\"Traduzione\"><span class=\"Y2IQFc\" lang=\"it\">Logotipo artesanal en el pecho.<\/span><\/li>\n<li class=\"tw-data-text tw-text-large XcVN5d tw-ta\" dir=\"ltr\" data-placeholder=\"Traduzione\"><span class=\"Y2IQFc\" lang=\"it\">Ajuste ce\u00f1ido.<\/span><\/li>\n<\/ul>\n<p>Material: 91 % poli\u00e9ster, 9 % elastano<\/p>\n","protected":false},"excerpt":{"rendered":"<p>Core Gain Midlayer para hombre es un vers\u00e1til jersey de capa intermedia con media cremallera, confeccionado en un tejido suave, el\u00e1stico y funcional, con el interior ligeramente felpado para aportar calor y comodidad adicionales. Funciona perfectamente como capa exterior en d\u00edas fr\u00edos o como capa intermedia en condiciones de mucho fr\u00edo. Caracter\u00edsticas: Tejido jersey suave, &hellip; <a href=\"https:\/\/www.miomiorun.com\/es\/producto\/craft-core-gain-midlayer-hombre\/\">Continued<\/a><\/p>\n","protected":false},"featured_media":233272,"template":"","meta":{"_acf_changed":false,"inline_featured_image":false},"product_brand":[],"product_cat":[24458,24463],"product_tag":[23553,23663],"class_list":{"0":"post-279276","1":"product","2":"type-product","3":"status-publish","4":"has-post-thumbnail","6":"product_cat-camisetas-es-2","7":"product_cat-ropa-de-hombre-es","8":"product_tag-craft-es","9":"product_tag-craft-hombre","10":"pa_attivita-caminar","11":"pa_attivita-running-es","12":"pa_colore-core-gain-midlayer-m-green-es","13":"pa_colore-core-gain-midlayer-m-scream-es","14":"pa_colore-core-gain-midlayer-m-white-es","15":"pa_colore-core-gain-midlayer-trooper-es","16":"pa_colore-core-gain-midlayer-universe-es","17":"pa_marca-craft-es","18":"pa_sesso-hombre","19":"pa_size-small-es","20":"pa_size-medium-es","21":"pa_size-large-es","22":"pa_size-extra-large-es","23":"pa_size-xxl-es","25":"first","26":"instock","27":"sale","28":"taxable","29":"shipping-taxable","30":"purchasable","31":"product-type-variable","32":"wvs-archive-product-wrapper"},"acf":[],"yoast_head":"<!-- This site is optimized with the Yoast SEO plugin v26.8 - https:\/\/yoast.com\/product\/yoast-seo-wordpress\/ -->\n<title>Craft Core Gain Midlayer hombre -Camiseta de running - MioMioRun<\/title>\n<meta name=\"description\" content=\"La camiseta Core Gain Midlayer para hombre es una prenda vers\u00e1til de capa intermedia con media cremallera, confeccionada en un tejido suave, el\u00e1stico y funcional.\" \/>\n<meta name=\"robots\" content=\"index, follow, max-snippet:-1, max-image-preview:large, max-video-preview:-1\" \/>\n<link rel=\"canonical\" href=\"https:\/\/www.miomiorun.com\/es\/producto\/craft-core-gain-midlayer-hombre\/\" \/>\n<meta property=\"og:locale\" content=\"es_ES\" \/>\n<meta property=\"og:type\" content=\"article\" \/>\n<meta property=\"og:title\" content=\"Craft Core Gain Midlayer hombre -Camiseta de running - MioMioRun\" \/>\n<meta property=\"og:description\" content=\"La camiseta Core Gain Midlayer para hombre es una prenda vers\u00e1til de capa intermedia con media cremallera, confeccionada en un tejido suave, el\u00e1stico y funcional.\" \/>\n<meta property=\"og:url\" content=\"https:\/\/www.miomiorun.com\/es\/producto\/craft-core-gain-midlayer-hombre\/\" \/>\n<meta property=\"og:site_name\" content=\"MioMioRun\" \/>\n<meta property=\"article:publisher\" content=\"https:\/\/www.facebook.com\/miomiorun\/\" \/>\n<meta property=\"article:modified_time\" content=\"2026-04-28T09:35:37+00:00\" \/>\n<meta property=\"og:image\" content=\"https:\/\/www.miomiorun.com\/app\/uploads\/2021\/09\/craft-Core-gain-midlayer-1909496-645000.jpg\" \/>\n\t<meta property=\"og:image:width\" content=\"600\" \/>\n\t<meta property=\"og:image:height\" content=\"600\" \/>\n\t<meta property=\"og:image:type\" content=\"image\/jpeg\" \/>\n<meta name=\"twitter:card\" content=\"summary_large_image\" \/>\n<script type=\"application\/ld+json\" class=\"yoast-schema-graph\">{\"@context\":\"https:\/\/schema.org\",\"@graph\":[{\"@type\":\"WebPage\",\"@id\":\"https:\/\/www.miomiorun.com\/es\/producto\/craft-core-gain-midlayer-hombre\/\",\"url\":\"https:\/\/www.miomiorun.com\/es\/producto\/craft-core-gain-midlayer-hombre\/\",\"name\":\"Craft Core Gain Midlayer hombre -Camiseta de running - MioMioRun\",\"isPartOf\":{\"@id\":\"https:\/\/www.miomiorun.com\/es\/#website\"},\"primaryImageOfPage\":{\"@id\":\"https:\/\/www.miomiorun.com\/es\/producto\/craft-core-gain-midlayer-hombre\/#primaryimage\"},\"image\":{\"@id\":\"https:\/\/www.miomiorun.com\/es\/producto\/craft-core-gain-midlayer-hombre\/#primaryimage\"},\"thumbnailUrl\":\"https:\/\/www.miomiorun.com\/app\/uploads\/2021\/09\/craft-Core-gain-midlayer-1909496-645000.jpg\",\"datePublished\":\"2021-09-15T09:52:44+00:00\",\"dateModified\":\"2026-04-28T09:35:37+00:00\",\"description\":\"La camiseta Core Gain Midlayer para hombre es una prenda vers\u00e1til de capa intermedia con media cremallera, confeccionada en un tejido suave, el\u00e1stico y funcional.\",\"breadcrumb\":{\"@id\":\"https:\/\/www.miomiorun.com\/es\/producto\/craft-core-gain-midlayer-hombre\/#breadcrumb\"},\"inLanguage\":\"es-ES\",\"potentialAction\":[{\"@type\":\"ReadAction\",\"target\":[\"https:\/\/www.miomiorun.com\/es\/producto\/craft-core-gain-midlayer-hombre\/\"]}]},{\"@type\":\"ImageObject\",\"inLanguage\":\"es-ES\",\"@id\":\"https:\/\/www.miomiorun.com\/es\/producto\/craft-core-gain-midlayer-hombre\/#primaryimage\",\"url\":\"https:\/\/www.miomiorun.com\/app\/uploads\/2021\/09\/craft-Core-gain-midlayer-1909496-645000.jpg\",\"contentUrl\":\"https:\/\/www.miomiorun.com\/app\/uploads\/2021\/09\/craft-Core-gain-midlayer-1909496-645000.jpg\",\"width\":600,\"height\":600,\"caption\":\"craft core gain midlayer\"},{\"@type\":\"BreadcrumbList\",\"@id\":\"https:\/\/www.miomiorun.com\/es\/producto\/craft-core-gain-midlayer-hombre\/#breadcrumb\",\"itemListElement\":[{\"@type\":\"ListItem\",\"position\":1,\"name\":\"Home\",\"item\":\"https:\/\/www.miomiorun.com\/es\/\"},{\"@type\":\"ListItem\",\"position\":2,\"name\":\"Shop\",\"item\":\"https:\/\/www.miomiorun.com\/shop\/\"},{\"@type\":\"ListItem\",\"position\":3,\"name\":\"Core Gain Midlayer hombre\"}]},{\"@type\":\"WebSite\",\"@id\":\"https:\/\/www.miomiorun.com\/es\/#website\",\"url\":\"https:\/\/www.miomiorun.com\/es\/\",\"name\":\"MioMioRun\",\"description\":\"Tienda 100% running y trail\",\"publisher\":{\"@id\":\"https:\/\/www.miomiorun.com\/es\/#organization\"},\"potentialAction\":[{\"@type\":\"SearchAction\",\"target\":{\"@type\":\"EntryPoint\",\"urlTemplate\":\"https:\/\/www.miomiorun.com\/es\/?s={search_term_string}\"},\"query-input\":{\"@type\":\"PropertyValueSpecification\",\"valueRequired\":true,\"valueName\":\"search_term_string\"}}],\"inLanguage\":\"es-ES\"},{\"@type\":\"Organization\",\"@id\":\"https:\/\/www.miomiorun.com\/es\/#organization\",\"name\":\"MioMio Run\",\"url\":\"https:\/\/www.miomiorun.com\/es\/\",\"logo\":{\"@type\":\"ImageObject\",\"inLanguage\":\"es-ES\",\"@id\":\"https:\/\/www.miomiorun.com\/es\/#\/schema\/logo\/image\/\",\"url\":\"https:\/\/www.miomiorun.com\/app\/uploads\/2019\/12\/logomio.png\",\"contentUrl\":\"https:\/\/www.miomiorun.com\/app\/uploads\/2019\/12\/logomio.png\",\"width\":115,\"height\":82,\"caption\":\"MioMio Run\"},\"image\":{\"@id\":\"https:\/\/www.miomiorun.com\/es\/#\/schema\/logo\/image\/\"},\"sameAs\":[\"https:\/\/www.facebook.com\/miomiorun\/\",\"https:\/\/www.instagram.com\/miomiorun\/\"]}]}<\/script>\n<!-- \/ Yoast SEO plugin. -->","yoast_head_json":{"title":"Craft Core Gain Midlayer hombre -Camiseta de running - MioMioRun","description":"La camiseta Core Gain Midlayer para hombre es una prenda vers\u00e1til de capa intermedia con media cremallera, confeccionada en un tejido suave, el\u00e1stico y funcional.","robots":{"index":"index","follow":"follow","max-snippet":"max-snippet:-1","max-image-preview":"max-image-preview:large","max-video-preview":"max-video-preview:-1"},"canonical":"https:\/\/www.miomiorun.com\/es\/producto\/craft-core-gain-midlayer-hombre\/","og_locale":"es_ES","og_type":"article","og_title":"Craft Core Gain Midlayer hombre -Camiseta de running - MioMioRun","og_description":"La camiseta Core Gain Midlayer para hombre es una prenda vers\u00e1til de capa intermedia con media cremallera, confeccionada en un tejido suave, el\u00e1stico y funcional.","og_url":"https:\/\/www.miomiorun.com\/es\/producto\/craft-core-gain-midlayer-hombre\/","og_site_name":"MioMioRun","article_publisher":"https:\/\/www.facebook.com\/miomiorun\/","article_modified_time":"2026-04-28T09:35:37+00:00","og_image":[{"width":600,"height":600,"url":"https:\/\/www.miomiorun.com\/app\/uploads\/2021\/09\/craft-Core-gain-midlayer-1909496-645000.jpg","type":"image\/jpeg"}],"twitter_card":"summary_large_image","schema":{"@context":"https:\/\/schema.org","@graph":[{"@type":"WebPage","@id":"https:\/\/www.miomiorun.com\/es\/producto\/craft-core-gain-midlayer-hombre\/","url":"https:\/\/www.miomiorun.com\/es\/producto\/craft-core-gain-midlayer-hombre\/","name":"Craft Core Gain Midlayer hombre -Camiseta de running - MioMioRun","isPartOf":{"@id":"https:\/\/www.miomiorun.com\/es\/#website"},"primaryImageOfPage":{"@id":"https:\/\/www.miomiorun.com\/es\/producto\/craft-core-gain-midlayer-hombre\/#primaryimage"},"image":{"@id":"https:\/\/www.miomiorun.com\/es\/producto\/craft-core-gain-midlayer-hombre\/#primaryimage"},"thumbnailUrl":"https:\/\/www.miomiorun.com\/app\/uploads\/2021\/09\/craft-Core-gain-midlayer-1909496-645000.jpg","datePublished":"2021-09-15T09:52:44+00:00","dateModified":"2026-04-28T09:35:37+00:00","description":"La camiseta Core Gain Midlayer para hombre es una prenda vers\u00e1til de capa intermedia con media cremallera, confeccionada en un tejido suave, el\u00e1stico y funcional.","breadcrumb":{"@id":"https:\/\/www.miomiorun.com\/es\/producto\/craft-core-gain-midlayer-hombre\/#breadcrumb"},"inLanguage":"es-ES","potentialAction":[{"@type":"ReadAction","target":["https:\/\/www.miomiorun.com\/es\/producto\/craft-core-gain-midlayer-hombre\/"]}]},{"@type":"ImageObject","inLanguage":"es-ES","@id":"https:\/\/www.miomiorun.com\/es\/producto\/craft-core-gain-midlayer-hombre\/#primaryimage","url":"https:\/\/www.miomiorun.com\/app\/uploads\/2021\/09\/craft-Core-gain-midlayer-1909496-645000.jpg","contentUrl":"https:\/\/www.miomiorun.com\/app\/uploads\/2021\/09\/craft-Core-gain-midlayer-1909496-645000.jpg","width":600,"height":600,"caption":"craft core gain midlayer"},{"@type":"BreadcrumbList","@id":"https:\/\/www.miomiorun.com\/es\/producto\/craft-core-gain-midlayer-hombre\/#breadcrumb","itemListElement":[{"@type":"ListItem","position":1,"name":"Home","item":"https:\/\/www.miomiorun.com\/es\/"},{"@type":"ListItem","position":2,"name":"Shop","item":"https:\/\/www.miomiorun.com\/shop\/"},{"@type":"ListItem","position":3,"name":"Core Gain Midlayer hombre"}]},{"@type":"WebSite","@id":"https:\/\/www.miomiorun.com\/es\/#website","url":"https:\/\/www.miomiorun.com\/es\/","name":"MioMioRun","description":"Tienda 100% running y trail","publisher":{"@id":"https:\/\/www.miomiorun.com\/es\/#organization"},"potentialAction":[{"@type":"SearchAction","target":{"@type":"EntryPoint","urlTemplate":"https:\/\/www.miomiorun.com\/es\/?s={search_term_string}"},"query-input":{"@type":"PropertyValueSpecification","valueRequired":true,"valueName":"search_term_string"}}],"inLanguage":"es-ES"},{"@type":"Organization","@id":"https:\/\/www.miomiorun.com\/es\/#organization","name":"MioMio Run","url":"https:\/\/www.miomiorun.com\/es\/","logo":{"@type":"ImageObject","inLanguage":"es-ES","@id":"https:\/\/www.miomiorun.com\/es\/#\/schema\/logo\/image\/","url":"https:\/\/www.miomiorun.com\/app\/uploads\/2019\/12\/logomio.png","contentUrl":"https:\/\/www.miomiorun.com\/app\/uploads\/2019\/12\/logomio.png","width":115,"height":82,"caption":"MioMio Run"},"image":{"@id":"https:\/\/www.miomiorun.com\/es\/#\/schema\/logo\/image\/"},"sameAs":["https:\/\/www.facebook.com\/miomiorun\/","https:\/\/www.instagram.com\/miomiorun\/"]}]}},"_links":{"self":[{"href":"https:\/\/www.miomiorun.com\/es\/wp-json\/wp\/v2\/product\/279276","targetHints":{"allow":["GET"]}}],"collection":[{"href":"https:\/\/www.miomiorun.com\/es\/wp-json\/wp\/v2\/product"}],"about":[{"href":"https:\/\/www.miomiorun.com\/es\/wp-json\/wp\/v2\/types\/product"}],"wp:featuredmedia":[{"embeddable":true,"href":"https:\/\/www.miomiorun.com\/es\/wp-json\/wp\/v2\/media\/233272"}],"wp:attachment":[{"href":"https:\/\/www.miomiorun.com\/es\/wp-json\/wp\/v2\/media?parent=279276"}],"wp:term":[{"taxonomy":"product_brand","embeddable":true,"href":"https:\/\/www.miomiorun.com\/es\/wp-json\/wp\/v2\/product_brand?post=279276"},{"taxonomy":"product_cat","embeddable":true,"href":"https:\/\/www.miomiorun.com\/es\/wp-json\/wp\/v2\/product_cat?post=279276"},{"taxonomy":"product_tag","embeddable":true,"href":"https:\/\/www.miomiorun.com\/es\/wp-json\/wp\/v2\/product_tag?post=279276"}],"curies":[{"name":"wp","href":"https:\/\/api.w.org\/{rel}","templated":true}]}}