{"id":279166,"date":"2021-09-15T12:22:07","date_gmt":"2021-09-15T10:22:07","guid":{"rendered":"https:\/\/miomiorun.com\/prodotto\/adv-essence-wind-jacket-uomo\/"},"modified":"2026-04-30T16:29:57","modified_gmt":"2026-04-30T14:29:57","slug":"adv-essence-wind-jacket-hombre","status":"publish","type":"product","link":"https:\/\/www.miomiorun.com\/es\/producto\/adv-essence-wind-jacket-hombre\/","title":{"rendered":"ADV Essence Wind Jacket hombre"},"content":{"rendered":"<p id=\"tw-target-text\" class=\"tw-data-text tw-text-large XcVN5d tw-ta\" dir=\"ltr\" data-placeholder=\"Traduzione\"><span class=\"Y2IQFc\" lang=\"it\"><strong>La chaqueta ADV Essence Wind Jacket<\/strong> para hombre es una prenda de entrenamiento vers\u00e1til dise\u00f1ada para entrenamientos intensos, correr y actividades similares. La chaqueta est\u00e1 confeccionada en poli\u00e9ster reciclado ligero, cortavientos e impermeable, que ofrece una eficaz evacuaci\u00f3n de la humedad y cuenta con perforaciones en el pecho y debajo de las mangas para una mejor ventilaci\u00f3n.<\/span><\/p>\n<p class=\"tw-data-text tw-text-large XcVN5d tw-ta\" dir=\"ltr\" data-placeholder=\"Traduzione\"><span class=\"Y2IQFc\" lang=\"it\">Una opci\u00f3n ideal para entrenamientos intensos, correr y actividades similares. Confeccionada con tejido ecol\u00f3gico, esta chaqueta cortavientos est\u00e1 fabricada con poli\u00e9ster reciclado y forma parte de nuestro compromiso por aumentar el porcentaje de materiales sostenibles en nuestros productos y alcanzar el objetivo de asumir la plena responsabilidad de toda la cadena de valor. El poli\u00e9ster reciclado no solo es ecol\u00f3gico, sino que tambi\u00e9n ofrece una excelente evacuaci\u00f3n de la humedad y ventilaci\u00f3n.<\/span><\/p>\n<p dir=\"ltr\" data-placeholder=\"Traduzione\"><strong>Caracter\u00edsticas:<\/strong><\/p>\n<ul>\n<li dir=\"ltr\" data-placeholder=\"Traduzione\">Tejido cortavientos e impermeable de poli\u00e9ster reciclado.<\/li>\n<li dir=\"ltr\" data-placeholder=\"Traduzione\">Aberturas en el pecho y debajo de las mangas.<\/li>\n<li dir=\"ltr\" data-placeholder=\"Traduzione\">Cord\u00f3n ajustable en la cintura y en el bajo.<\/li>\n<li dir=\"ltr\" data-placeholder=\"Traduzione\">Dos bolsillos laterales con cremallera.<\/li>\n<li dir=\"ltr\" data-placeholder=\"Traduzione\">Corte regular.<\/li>\n<\/ul>\n<p><strong>Composici\u00f3n:<\/strong> 60 % poli\u00e9ster reciclado, 40 % poli\u00e9ster.<\/p>\n<p dir=\"ltr\" data-placeholder=\"Traduzione\">\n","protected":false},"excerpt":{"rendered":"<p>La chaqueta ADV Essence Wind Jacket para hombre es una prenda de entrenamiento vers\u00e1til dise\u00f1ada para entrenamientos intensos, correr y actividades similares. La chaqueta est\u00e1 confeccionada en poli\u00e9ster reciclado ligero, cortavientos e impermeable, que ofrece una eficaz evacuaci\u00f3n de la humedad y cuenta con perforaciones en el pecho y debajo de las mangas para una &hellip; <a href=\"https:\/\/www.miomiorun.com\/es\/producto\/adv-essence-wind-jacket-hombre\/\">Continued<\/a><\/p>\n","protected":false},"featured_media":233296,"template":"","meta":{"_acf_changed":false,"inline_featured_image":false},"product_brand":[],"product_cat":[24460,24464],"product_tag":[23553,23663],"class_list":{"0":"post-279166","1":"product","2":"type-product","3":"status-publish","4":"has-post-thumbnail","6":"product_cat-chaquetas-es-2","7":"product_cat-hombre","8":"product_tag-craft-es","9":"product_tag-craft-hombre","10":"pa_attivita-caminar","11":"pa_attivita-running-es","12":"pa_colore-adv-essence-wind-jacket-m-black-es","13":"pa_colore-adv-essence-wind-jacket-m-flumino-es","14":"pa_colore-adv-essence-wind-jacket-m-plaster-slat-es","15":"pa_colore-adv-essence-wind-jacket-multi-es","16":"pa_marca-craft-es","17":"pa_sesso-hombre","18":"pa_size-small-es","19":"pa_size-medium-es","20":"pa_size-large-es","22":"first","23":"instock","24":"sale","25":"taxable","26":"shipping-taxable","27":"purchasable","28":"product-type-variable","29":"wvs-archive-product-wrapper"},"acf":[],"yoast_head":"<!-- This site is optimized with the Yoast SEO plugin v26.8 - https:\/\/yoast.com\/product\/yoast-seo-wordpress\/ -->\n<title>Craft ADV Essence Wind Jacket hombre - Chaqueta de running - MioMioRun<\/title>\n<meta name=\"description\" content=\"La chaqueta ADV Essence Wind Jacket para hombre es una prenda vers\u00e1til dise\u00f1ada para entrenamientos intensos, correr y actividades similares.\" \/>\n<meta name=\"robots\" content=\"index, follow, max-snippet:-1, max-image-preview:large, max-video-preview:-1\" \/>\n<link rel=\"canonical\" href=\"https:\/\/www.miomiorun.com\/es\/producto\/adv-essence-wind-jacket-hombre\/\" \/>\n<meta property=\"og:locale\" content=\"es_ES\" \/>\n<meta property=\"og:type\" content=\"article\" \/>\n<meta property=\"og:title\" content=\"Craft ADV Essence Wind Jacket hombre - Chaqueta de running - MioMioRun\" \/>\n<meta property=\"og:description\" content=\"La chaqueta ADV Essence Wind Jacket para hombre es una prenda vers\u00e1til dise\u00f1ada para entrenamientos intensos, correr y actividades similares.\" \/>\n<meta property=\"og:url\" content=\"https:\/\/www.miomiorun.com\/es\/producto\/adv-essence-wind-jacket-hombre\/\" \/>\n<meta property=\"og:site_name\" content=\"MioMioRun\" \/>\n<meta property=\"article:publisher\" content=\"https:\/\/www.facebook.com\/miomiorun\/\" \/>\n<meta property=\"article:modified_time\" content=\"2026-04-30T14:29:57+00:00\" \/>\n<meta property=\"og:image\" content=\"https:\/\/www.miomiorun.com\/app\/uploads\/2021\/09\/craft-ADV-essence-wind-jacket-1911443-007600.jpg\" \/>\n\t<meta property=\"og:image:width\" content=\"600\" \/>\n\t<meta property=\"og:image:height\" content=\"600\" \/>\n\t<meta property=\"og:image:type\" content=\"image\/jpeg\" \/>\n<meta name=\"twitter:card\" content=\"summary_large_image\" \/>\n<meta name=\"twitter:label1\" content=\"Est. reading time\" \/>\n\t<meta name=\"twitter:data1\" content=\"1 minute\" \/>\n<script type=\"application\/ld+json\" class=\"yoast-schema-graph\">{\"@context\":\"https:\/\/schema.org\",\"@graph\":[{\"@type\":\"WebPage\",\"@id\":\"https:\/\/www.miomiorun.com\/es\/producto\/adv-essence-wind-jacket-hombre\/\",\"url\":\"https:\/\/www.miomiorun.com\/es\/producto\/adv-essence-wind-jacket-hombre\/\",\"name\":\"Craft ADV Essence Wind Jacket hombre - Chaqueta de running - MioMioRun\",\"isPartOf\":{\"@id\":\"https:\/\/www.miomiorun.com\/es\/#website\"},\"primaryImageOfPage\":{\"@id\":\"https:\/\/www.miomiorun.com\/es\/producto\/adv-essence-wind-jacket-hombre\/#primaryimage\"},\"image\":{\"@id\":\"https:\/\/www.miomiorun.com\/es\/producto\/adv-essence-wind-jacket-hombre\/#primaryimage\"},\"thumbnailUrl\":\"https:\/\/www.miomiorun.com\/app\/uploads\/2021\/09\/craft-ADV-essence-wind-jacket-1911443-007600.jpg\",\"datePublished\":\"2021-09-15T10:22:07+00:00\",\"dateModified\":\"2026-04-30T14:29:57+00:00\",\"description\":\"La chaqueta ADV Essence Wind Jacket para hombre es una prenda vers\u00e1til dise\u00f1ada para entrenamientos intensos, correr y actividades similares.\",\"breadcrumb\":{\"@id\":\"https:\/\/www.miomiorun.com\/es\/producto\/adv-essence-wind-jacket-hombre\/#breadcrumb\"},\"inLanguage\":\"es-ES\",\"potentialAction\":[{\"@type\":\"ReadAction\",\"target\":[\"https:\/\/www.miomiorun.com\/es\/producto\/adv-essence-wind-jacket-hombre\/\"]}]},{\"@type\":\"ImageObject\",\"inLanguage\":\"es-ES\",\"@id\":\"https:\/\/www.miomiorun.com\/es\/producto\/adv-essence-wind-jacket-hombre\/#primaryimage\",\"url\":\"https:\/\/www.miomiorun.com\/app\/uploads\/2021\/09\/craft-ADV-essence-wind-jacket-1911443-007600.jpg\",\"contentUrl\":\"https:\/\/www.miomiorun.com\/app\/uploads\/2021\/09\/craft-ADV-essence-wind-jacket-1911443-007600.jpg\",\"width\":600,\"height\":600,\"caption\":\"craft adv essence wind jacket\"},{\"@type\":\"BreadcrumbList\",\"@id\":\"https:\/\/www.miomiorun.com\/es\/producto\/adv-essence-wind-jacket-hombre\/#breadcrumb\",\"itemListElement\":[{\"@type\":\"ListItem\",\"position\":1,\"name\":\"Home\",\"item\":\"https:\/\/www.miomiorun.com\/es\/\"},{\"@type\":\"ListItem\",\"position\":2,\"name\":\"Shop\",\"item\":\"https:\/\/www.miomiorun.com\/shop\/\"},{\"@type\":\"ListItem\",\"position\":3,\"name\":\"ADV Essence Wind Jacket hombre\"}]},{\"@type\":\"WebSite\",\"@id\":\"https:\/\/www.miomiorun.com\/es\/#website\",\"url\":\"https:\/\/www.miomiorun.com\/es\/\",\"name\":\"MioMioRun\",\"description\":\"Tienda 100% running y trail\",\"publisher\":{\"@id\":\"https:\/\/www.miomiorun.com\/es\/#organization\"},\"potentialAction\":[{\"@type\":\"SearchAction\",\"target\":{\"@type\":\"EntryPoint\",\"urlTemplate\":\"https:\/\/www.miomiorun.com\/es\/?s={search_term_string}\"},\"query-input\":{\"@type\":\"PropertyValueSpecification\",\"valueRequired\":true,\"valueName\":\"search_term_string\"}}],\"inLanguage\":\"es-ES\"},{\"@type\":\"Organization\",\"@id\":\"https:\/\/www.miomiorun.com\/es\/#organization\",\"name\":\"MioMio Run\",\"url\":\"https:\/\/www.miomiorun.com\/es\/\",\"logo\":{\"@type\":\"ImageObject\",\"inLanguage\":\"es-ES\",\"@id\":\"https:\/\/www.miomiorun.com\/es\/#\/schema\/logo\/image\/\",\"url\":\"https:\/\/www.miomiorun.com\/app\/uploads\/2019\/12\/logomio.png\",\"contentUrl\":\"https:\/\/www.miomiorun.com\/app\/uploads\/2019\/12\/logomio.png\",\"width\":115,\"height\":82,\"caption\":\"MioMio Run\"},\"image\":{\"@id\":\"https:\/\/www.miomiorun.com\/es\/#\/schema\/logo\/image\/\"},\"sameAs\":[\"https:\/\/www.facebook.com\/miomiorun\/\",\"https:\/\/www.instagram.com\/miomiorun\/\"]}]}<\/script>\n<!-- \/ Yoast SEO plugin. -->","yoast_head_json":{"title":"Craft ADV Essence Wind Jacket hombre - Chaqueta de running - MioMioRun","description":"La chaqueta ADV Essence Wind Jacket para hombre es una prenda vers\u00e1til dise\u00f1ada para entrenamientos intensos, correr y actividades similares.","robots":{"index":"index","follow":"follow","max-snippet":"max-snippet:-1","max-image-preview":"max-image-preview:large","max-video-preview":"max-video-preview:-1"},"canonical":"https:\/\/www.miomiorun.com\/es\/producto\/adv-essence-wind-jacket-hombre\/","og_locale":"es_ES","og_type":"article","og_title":"Craft ADV Essence Wind Jacket hombre - Chaqueta de running - MioMioRun","og_description":"La chaqueta ADV Essence Wind Jacket para hombre es una prenda vers\u00e1til dise\u00f1ada para entrenamientos intensos, correr y actividades similares.","og_url":"https:\/\/www.miomiorun.com\/es\/producto\/adv-essence-wind-jacket-hombre\/","og_site_name":"MioMioRun","article_publisher":"https:\/\/www.facebook.com\/miomiorun\/","article_modified_time":"2026-04-30T14:29:57+00:00","og_image":[{"width":600,"height":600,"url":"https:\/\/www.miomiorun.com\/app\/uploads\/2021\/09\/craft-ADV-essence-wind-jacket-1911443-007600.jpg","type":"image\/jpeg"}],"twitter_card":"summary_large_image","twitter_misc":{"Est. reading time":"1 minute"},"schema":{"@context":"https:\/\/schema.org","@graph":[{"@type":"WebPage","@id":"https:\/\/www.miomiorun.com\/es\/producto\/adv-essence-wind-jacket-hombre\/","url":"https:\/\/www.miomiorun.com\/es\/producto\/adv-essence-wind-jacket-hombre\/","name":"Craft ADV Essence Wind Jacket hombre - Chaqueta de running - MioMioRun","isPartOf":{"@id":"https:\/\/www.miomiorun.com\/es\/#website"},"primaryImageOfPage":{"@id":"https:\/\/www.miomiorun.com\/es\/producto\/adv-essence-wind-jacket-hombre\/#primaryimage"},"image":{"@id":"https:\/\/www.miomiorun.com\/es\/producto\/adv-essence-wind-jacket-hombre\/#primaryimage"},"thumbnailUrl":"https:\/\/www.miomiorun.com\/app\/uploads\/2021\/09\/craft-ADV-essence-wind-jacket-1911443-007600.jpg","datePublished":"2021-09-15T10:22:07+00:00","dateModified":"2026-04-30T14:29:57+00:00","description":"La chaqueta ADV Essence Wind Jacket para hombre es una prenda vers\u00e1til dise\u00f1ada para entrenamientos intensos, correr y actividades similares.","breadcrumb":{"@id":"https:\/\/www.miomiorun.com\/es\/producto\/adv-essence-wind-jacket-hombre\/#breadcrumb"},"inLanguage":"es-ES","potentialAction":[{"@type":"ReadAction","target":["https:\/\/www.miomiorun.com\/es\/producto\/adv-essence-wind-jacket-hombre\/"]}]},{"@type":"ImageObject","inLanguage":"es-ES","@id":"https:\/\/www.miomiorun.com\/es\/producto\/adv-essence-wind-jacket-hombre\/#primaryimage","url":"https:\/\/www.miomiorun.com\/app\/uploads\/2021\/09\/craft-ADV-essence-wind-jacket-1911443-007600.jpg","contentUrl":"https:\/\/www.miomiorun.com\/app\/uploads\/2021\/09\/craft-ADV-essence-wind-jacket-1911443-007600.jpg","width":600,"height":600,"caption":"craft adv essence wind jacket"},{"@type":"BreadcrumbList","@id":"https:\/\/www.miomiorun.com\/es\/producto\/adv-essence-wind-jacket-hombre\/#breadcrumb","itemListElement":[{"@type":"ListItem","position":1,"name":"Home","item":"https:\/\/www.miomiorun.com\/es\/"},{"@type":"ListItem","position":2,"name":"Shop","item":"https:\/\/www.miomiorun.com\/shop\/"},{"@type":"ListItem","position":3,"name":"ADV Essence Wind Jacket hombre"}]},{"@type":"WebSite","@id":"https:\/\/www.miomiorun.com\/es\/#website","url":"https:\/\/www.miomiorun.com\/es\/","name":"MioMioRun","description":"Tienda 100% running y trail","publisher":{"@id":"https:\/\/www.miomiorun.com\/es\/#organization"},"potentialAction":[{"@type":"SearchAction","target":{"@type":"EntryPoint","urlTemplate":"https:\/\/www.miomiorun.com\/es\/?s={search_term_string}"},"query-input":{"@type":"PropertyValueSpecification","valueRequired":true,"valueName":"search_term_string"}}],"inLanguage":"es-ES"},{"@type":"Organization","@id":"https:\/\/www.miomiorun.com\/es\/#organization","name":"MioMio Run","url":"https:\/\/www.miomiorun.com\/es\/","logo":{"@type":"ImageObject","inLanguage":"es-ES","@id":"https:\/\/www.miomiorun.com\/es\/#\/schema\/logo\/image\/","url":"https:\/\/www.miomiorun.com\/app\/uploads\/2019\/12\/logomio.png","contentUrl":"https:\/\/www.miomiorun.com\/app\/uploads\/2019\/12\/logomio.png","width":115,"height":82,"caption":"MioMio Run"},"image":{"@id":"https:\/\/www.miomiorun.com\/es\/#\/schema\/logo\/image\/"},"sameAs":["https:\/\/www.facebook.com\/miomiorun\/","https:\/\/www.instagram.com\/miomiorun\/"]}]}},"_links":{"self":[{"href":"https:\/\/www.miomiorun.com\/es\/wp-json\/wp\/v2\/product\/279166","targetHints":{"allow":["GET"]}}],"collection":[{"href":"https:\/\/www.miomiorun.com\/es\/wp-json\/wp\/v2\/product"}],"about":[{"href":"https:\/\/www.miomiorun.com\/es\/wp-json\/wp\/v2\/types\/product"}],"wp:featuredmedia":[{"embeddable":true,"href":"https:\/\/www.miomiorun.com\/es\/wp-json\/wp\/v2\/media\/233296"}],"wp:attachment":[{"href":"https:\/\/www.miomiorun.com\/es\/wp-json\/wp\/v2\/media?parent=279166"}],"wp:term":[{"taxonomy":"product_brand","embeddable":true,"href":"https:\/\/www.miomiorun.com\/es\/wp-json\/wp\/v2\/product_brand?post=279166"},{"taxonomy":"product_cat","embeddable":true,"href":"https:\/\/www.miomiorun.com\/es\/wp-json\/wp\/v2\/product_cat?post=279166"},{"taxonomy":"product_tag","embeddable":true,"href":"https:\/\/www.miomiorun.com\/es\/wp-json\/wp\/v2\/product_tag?post=279166"}],"curies":[{"name":"wp","href":"https:\/\/api.w.org\/{rel}","templated":true}]}}