{"id":279071,"date":"2021-09-16T11:06:30","date_gmt":"2021-09-16T09:06:30","guid":{"rendered":"https:\/\/miomiorun.com\/prodotto\/crazy-idea-pant-viper-uomo\/"},"modified":"2026-04-30T16:32:39","modified_gmt":"2026-04-30T14:32:39","slug":"crazy-idea-pant-viper-hombre","status":"publish","type":"product","link":"https:\/\/www.miomiorun.com\/es\/producto\/crazy-idea-pant-viper-hombre\/","title":{"rendered":"Pant Viper hombre"},"content":{"rendered":"<p>Los pantalones Crazy Idea <strong>Pant Viper<\/strong> para hombre est\u00e1n dise\u00f1ados para actividades invernales como el esqu\u00ed de traves\u00eda, las excursiones con raquetas de nieve o simplemente para disfrutar de un d\u00eda fr\u00edo en la nieve.<\/p>\n<p>El tejido es el\u00e1stico b-stretch, suave y agradable incluso en contacto directo con la piel. Crazy Idea ha a\u00f1adido adem\u00e1s un tratamiento DWR exterior para garantizarte una excelente repelencia al agua a lo largo del tiempo.<\/p>\n<p>Las rodillas y la parte inferior de la pierna est\u00e1n reforzadas con tejido <strong>Silver Magic<\/strong>, elegido por su textura innovadora que hace que los pantalones Viper sean muy resistentes a posibles abrasiones debidas a factores externos, roces con otros tejidos o pinchazos de crampones. Adem\u00e1s, se ha a\u00f1adido una polaina el\u00e1stica que protege el pie de la entrada de nieve o agua. La polaina se puede doblar hacia el interior del pantal\u00f3n y fijarla con una tira de velcro. El pantal\u00f3n cuenta con una cremallera en la parte inferior de la pierna.<\/p>\n<p>El ajuste resulta muy c\u00f3modo y pr\u00e1ctico gracias a la cintura el\u00e1stica, que se puede ajustar mediante un cord\u00f3n exterior. Los tres bolsillos est\u00e1n cortados a l\u00e1ser y cuentan con cremallera invisible; adem\u00e1s, se han a\u00f1adido inserciones reflectantes para las salidas nocturnas.<\/p>\n<p><strong>Caracter\u00edsticas<\/strong><\/p>\n<ul>\n<li>\u00a0Tejido el\u00e1stico con tratamiento DWR para garantizar la repelencia al agua.<\/li>\n<li>Rodillas reforzadas con tejido Silver Magic.<\/li>\n<li>Polaina el\u00e1stica para evitar que entre nieve o agua en la zona del pie.<\/li>\n<li>Cremallera en la parte inferior de la pierna.<\/li>\n<li>tres bolsillos con aberturas y cremallera invisible.<\/li>\n<li>Inserciones reflectantes para una mayor visibilidad nocturna.<\/li>\n<\/ul>\n<p>&nbsp;<\/p>\n","protected":false},"excerpt":{"rendered":"<p>Los pantalones Crazy Idea Pant Viper para hombre est\u00e1n dise\u00f1ados para actividades invernales como el esqu\u00ed de traves\u00eda, las excursiones con raquetas de nieve o simplemente para disfrutar de un d\u00eda fr\u00edo en la nieve. El tejido es el\u00e1stico b-stretch, suave y agradable incluso en contacto directo con la piel. Crazy Idea ha a\u00f1adido adem\u00e1s &hellip; <a href=\"https:\/\/www.miomiorun.com\/es\/producto\/crazy-idea-pant-viper-hombre\/\">Continued<\/a><\/p>\n","protected":false},"featured_media":233342,"template":"","meta":{"_acf_changed":false,"inline_featured_image":false},"product_brand":[],"product_cat":[24456,24463],"product_tag":[23488,23611],"class_list":{"0":"post-279071","1":"product","2":"type-product","3":"status-publish","4":"has-post-thumbnail","6":"product_cat-pantalones-largos-es-2","7":"product_cat-ropa-de-hombre-es","8":"product_tag-crazy-idea-es","9":"product_tag-crazy-idea-hombre","10":"pa_attivita-caminar","11":"pa_attivita-outdoor-es","12":"pa_colore-pant-viper-black-es","13":"pa_colore-pant-viper-black-m-es","14":"pa_marca-crazy-idea-es","15":"pa_sesso-hombre","16":"pa_size-small-es","17":"pa_size-medium-es","18":"pa_size-large-es","19":"pa_size-extra-large-es","21":"first","22":"instock","23":"sale","24":"taxable","25":"shipping-taxable","26":"purchasable","27":"product-type-variable","28":"wvs-archive-product-wrapper"},"acf":[],"yoast_head":"<!-- This site is optimized with the Yoast SEO plugin v26.8 - https:\/\/yoast.com\/product\/yoast-seo-wordpress\/ -->\n<title>Crazy Idea Pant Viper hombre - Pantalones de hombre - MioMioRun<\/title>\n<meta name=\"description\" content=\"Los pantalones Crazy Idea Pant Viper para hombre est\u00e1n dise\u00f1ados para actividades invernales como el esqu\u00ed de traves\u00eda y las excursiones con raquetas de nieve.\" \/>\n<meta name=\"robots\" content=\"index, follow, max-snippet:-1, max-image-preview:large, max-video-preview:-1\" \/>\n<link rel=\"canonical\" href=\"https:\/\/www.miomiorun.com\/es\/producto\/crazy-idea-pant-viper-hombre\/\" \/>\n<meta property=\"og:locale\" content=\"es_ES\" \/>\n<meta property=\"og:type\" content=\"article\" \/>\n<meta property=\"og:title\" content=\"Crazy Idea Pant Viper hombre - Pantalones de hombre - MioMioRun\" \/>\n<meta property=\"og:description\" content=\"Los pantalones Crazy Idea Pant Viper para hombre est\u00e1n dise\u00f1ados para actividades invernales como el esqu\u00ed de traves\u00eda y las excursiones con raquetas de nieve.\" \/>\n<meta property=\"og:url\" content=\"https:\/\/www.miomiorun.com\/es\/producto\/crazy-idea-pant-viper-hombre\/\" \/>\n<meta property=\"og:site_name\" content=\"MioMioRun\" \/>\n<meta property=\"article:publisher\" content=\"https:\/\/www.facebook.com\/miomiorun\/\" \/>\n<meta property=\"article:modified_time\" content=\"2026-04-30T14:32:39+00:00\" \/>\n<meta property=\"og:image\" content=\"https:\/\/www.miomiorun.com\/app\/uploads\/2021\/09\/crazy-idea-pant-viper-W21015186U-0064.jpg\" \/>\n\t<meta property=\"og:image:width\" content=\"600\" \/>\n\t<meta property=\"og:image:height\" content=\"600\" \/>\n\t<meta property=\"og:image:type\" content=\"image\/jpeg\" \/>\n<meta name=\"twitter:card\" content=\"summary_large_image\" \/>\n<meta name=\"twitter:label1\" content=\"Est. reading time\" \/>\n\t<meta name=\"twitter:data1\" content=\"1 minute\" \/>\n<script type=\"application\/ld+json\" class=\"yoast-schema-graph\">{\"@context\":\"https:\/\/schema.org\",\"@graph\":[{\"@type\":\"WebPage\",\"@id\":\"https:\/\/www.miomiorun.com\/es\/producto\/crazy-idea-pant-viper-hombre\/\",\"url\":\"https:\/\/www.miomiorun.com\/es\/producto\/crazy-idea-pant-viper-hombre\/\",\"name\":\"Crazy Idea Pant Viper hombre - Pantalones de hombre - MioMioRun\",\"isPartOf\":{\"@id\":\"https:\/\/www.miomiorun.com\/es\/#website\"},\"primaryImageOfPage\":{\"@id\":\"https:\/\/www.miomiorun.com\/es\/producto\/crazy-idea-pant-viper-hombre\/#primaryimage\"},\"image\":{\"@id\":\"https:\/\/www.miomiorun.com\/es\/producto\/crazy-idea-pant-viper-hombre\/#primaryimage\"},\"thumbnailUrl\":\"https:\/\/www.miomiorun.com\/app\/uploads\/2021\/09\/crazy-idea-pant-viper-W21015186U-0064.jpg\",\"datePublished\":\"2021-09-16T09:06:30+00:00\",\"dateModified\":\"2026-04-30T14:32:39+00:00\",\"description\":\"Los pantalones Crazy Idea Pant Viper para hombre est\u00e1n dise\u00f1ados para actividades invernales como el esqu\u00ed de traves\u00eda y las excursiones con raquetas de nieve.\",\"breadcrumb\":{\"@id\":\"https:\/\/www.miomiorun.com\/es\/producto\/crazy-idea-pant-viper-hombre\/#breadcrumb\"},\"inLanguage\":\"es-ES\",\"potentialAction\":[{\"@type\":\"ReadAction\",\"target\":[\"https:\/\/www.miomiorun.com\/es\/producto\/crazy-idea-pant-viper-hombre\/\"]}]},{\"@type\":\"ImageObject\",\"inLanguage\":\"es-ES\",\"@id\":\"https:\/\/www.miomiorun.com\/es\/producto\/crazy-idea-pant-viper-hombre\/#primaryimage\",\"url\":\"https:\/\/www.miomiorun.com\/app\/uploads\/2021\/09\/crazy-idea-pant-viper-W21015186U-0064.jpg\",\"contentUrl\":\"https:\/\/www.miomiorun.com\/app\/uploads\/2021\/09\/crazy-idea-pant-viper-W21015186U-0064.jpg\",\"width\":600,\"height\":600,\"caption\":\"crazy idea pant viper\"},{\"@type\":\"BreadcrumbList\",\"@id\":\"https:\/\/www.miomiorun.com\/es\/producto\/crazy-idea-pant-viper-hombre\/#breadcrumb\",\"itemListElement\":[{\"@type\":\"ListItem\",\"position\":1,\"name\":\"Home\",\"item\":\"https:\/\/www.miomiorun.com\/es\/\"},{\"@type\":\"ListItem\",\"position\":2,\"name\":\"Shop\",\"item\":\"https:\/\/www.miomiorun.com\/shop\/\"},{\"@type\":\"ListItem\",\"position\":3,\"name\":\"Pant Viper hombre\"}]},{\"@type\":\"WebSite\",\"@id\":\"https:\/\/www.miomiorun.com\/es\/#website\",\"url\":\"https:\/\/www.miomiorun.com\/es\/\",\"name\":\"MioMioRun\",\"description\":\"Tienda 100% running y trail\",\"publisher\":{\"@id\":\"https:\/\/www.miomiorun.com\/es\/#organization\"},\"potentialAction\":[{\"@type\":\"SearchAction\",\"target\":{\"@type\":\"EntryPoint\",\"urlTemplate\":\"https:\/\/www.miomiorun.com\/es\/?s={search_term_string}\"},\"query-input\":{\"@type\":\"PropertyValueSpecification\",\"valueRequired\":true,\"valueName\":\"search_term_string\"}}],\"inLanguage\":\"es-ES\"},{\"@type\":\"Organization\",\"@id\":\"https:\/\/www.miomiorun.com\/es\/#organization\",\"name\":\"MioMio Run\",\"url\":\"https:\/\/www.miomiorun.com\/es\/\",\"logo\":{\"@type\":\"ImageObject\",\"inLanguage\":\"es-ES\",\"@id\":\"https:\/\/www.miomiorun.com\/es\/#\/schema\/logo\/image\/\",\"url\":\"https:\/\/www.miomiorun.com\/app\/uploads\/2019\/12\/logomio.png\",\"contentUrl\":\"https:\/\/www.miomiorun.com\/app\/uploads\/2019\/12\/logomio.png\",\"width\":115,\"height\":82,\"caption\":\"MioMio Run\"},\"image\":{\"@id\":\"https:\/\/www.miomiorun.com\/es\/#\/schema\/logo\/image\/\"},\"sameAs\":[\"https:\/\/www.facebook.com\/miomiorun\/\",\"https:\/\/www.instagram.com\/miomiorun\/\"]}]}<\/script>\n<!-- \/ Yoast SEO plugin. -->","yoast_head_json":{"title":"Crazy Idea Pant Viper hombre - Pantalones de hombre - MioMioRun","description":"Los pantalones Crazy Idea Pant Viper para hombre est\u00e1n dise\u00f1ados para actividades invernales como el esqu\u00ed de traves\u00eda y las excursiones con raquetas de nieve.","robots":{"index":"index","follow":"follow","max-snippet":"max-snippet:-1","max-image-preview":"max-image-preview:large","max-video-preview":"max-video-preview:-1"},"canonical":"https:\/\/www.miomiorun.com\/es\/producto\/crazy-idea-pant-viper-hombre\/","og_locale":"es_ES","og_type":"article","og_title":"Crazy Idea Pant Viper hombre - Pantalones de hombre - MioMioRun","og_description":"Los pantalones Crazy Idea Pant Viper para hombre est\u00e1n dise\u00f1ados para actividades invernales como el esqu\u00ed de traves\u00eda y las excursiones con raquetas de nieve.","og_url":"https:\/\/www.miomiorun.com\/es\/producto\/crazy-idea-pant-viper-hombre\/","og_site_name":"MioMioRun","article_publisher":"https:\/\/www.facebook.com\/miomiorun\/","article_modified_time":"2026-04-30T14:32:39+00:00","og_image":[{"width":600,"height":600,"url":"https:\/\/www.miomiorun.com\/app\/uploads\/2021\/09\/crazy-idea-pant-viper-W21015186U-0064.jpg","type":"image\/jpeg"}],"twitter_card":"summary_large_image","twitter_misc":{"Est. reading time":"1 minute"},"schema":{"@context":"https:\/\/schema.org","@graph":[{"@type":"WebPage","@id":"https:\/\/www.miomiorun.com\/es\/producto\/crazy-idea-pant-viper-hombre\/","url":"https:\/\/www.miomiorun.com\/es\/producto\/crazy-idea-pant-viper-hombre\/","name":"Crazy Idea Pant Viper hombre - Pantalones de hombre - MioMioRun","isPartOf":{"@id":"https:\/\/www.miomiorun.com\/es\/#website"},"primaryImageOfPage":{"@id":"https:\/\/www.miomiorun.com\/es\/producto\/crazy-idea-pant-viper-hombre\/#primaryimage"},"image":{"@id":"https:\/\/www.miomiorun.com\/es\/producto\/crazy-idea-pant-viper-hombre\/#primaryimage"},"thumbnailUrl":"https:\/\/www.miomiorun.com\/app\/uploads\/2021\/09\/crazy-idea-pant-viper-W21015186U-0064.jpg","datePublished":"2021-09-16T09:06:30+00:00","dateModified":"2026-04-30T14:32:39+00:00","description":"Los pantalones Crazy Idea Pant Viper para hombre est\u00e1n dise\u00f1ados para actividades invernales como el esqu\u00ed de traves\u00eda y las excursiones con raquetas de nieve.","breadcrumb":{"@id":"https:\/\/www.miomiorun.com\/es\/producto\/crazy-idea-pant-viper-hombre\/#breadcrumb"},"inLanguage":"es-ES","potentialAction":[{"@type":"ReadAction","target":["https:\/\/www.miomiorun.com\/es\/producto\/crazy-idea-pant-viper-hombre\/"]}]},{"@type":"ImageObject","inLanguage":"es-ES","@id":"https:\/\/www.miomiorun.com\/es\/producto\/crazy-idea-pant-viper-hombre\/#primaryimage","url":"https:\/\/www.miomiorun.com\/app\/uploads\/2021\/09\/crazy-idea-pant-viper-W21015186U-0064.jpg","contentUrl":"https:\/\/www.miomiorun.com\/app\/uploads\/2021\/09\/crazy-idea-pant-viper-W21015186U-0064.jpg","width":600,"height":600,"caption":"crazy idea pant viper"},{"@type":"BreadcrumbList","@id":"https:\/\/www.miomiorun.com\/es\/producto\/crazy-idea-pant-viper-hombre\/#breadcrumb","itemListElement":[{"@type":"ListItem","position":1,"name":"Home","item":"https:\/\/www.miomiorun.com\/es\/"},{"@type":"ListItem","position":2,"name":"Shop","item":"https:\/\/www.miomiorun.com\/shop\/"},{"@type":"ListItem","position":3,"name":"Pant Viper hombre"}]},{"@type":"WebSite","@id":"https:\/\/www.miomiorun.com\/es\/#website","url":"https:\/\/www.miomiorun.com\/es\/","name":"MioMioRun","description":"Tienda 100% running y trail","publisher":{"@id":"https:\/\/www.miomiorun.com\/es\/#organization"},"potentialAction":[{"@type":"SearchAction","target":{"@type":"EntryPoint","urlTemplate":"https:\/\/www.miomiorun.com\/es\/?s={search_term_string}"},"query-input":{"@type":"PropertyValueSpecification","valueRequired":true,"valueName":"search_term_string"}}],"inLanguage":"es-ES"},{"@type":"Organization","@id":"https:\/\/www.miomiorun.com\/es\/#organization","name":"MioMio Run","url":"https:\/\/www.miomiorun.com\/es\/","logo":{"@type":"ImageObject","inLanguage":"es-ES","@id":"https:\/\/www.miomiorun.com\/es\/#\/schema\/logo\/image\/","url":"https:\/\/www.miomiorun.com\/app\/uploads\/2019\/12\/logomio.png","contentUrl":"https:\/\/www.miomiorun.com\/app\/uploads\/2019\/12\/logomio.png","width":115,"height":82,"caption":"MioMio Run"},"image":{"@id":"https:\/\/www.miomiorun.com\/es\/#\/schema\/logo\/image\/"},"sameAs":["https:\/\/www.facebook.com\/miomiorun\/","https:\/\/www.instagram.com\/miomiorun\/"]}]}},"_links":{"self":[{"href":"https:\/\/www.miomiorun.com\/es\/wp-json\/wp\/v2\/product\/279071","targetHints":{"allow":["GET"]}}],"collection":[{"href":"https:\/\/www.miomiorun.com\/es\/wp-json\/wp\/v2\/product"}],"about":[{"href":"https:\/\/www.miomiorun.com\/es\/wp-json\/wp\/v2\/types\/product"}],"wp:featuredmedia":[{"embeddable":true,"href":"https:\/\/www.miomiorun.com\/es\/wp-json\/wp\/v2\/media\/233342"}],"wp:attachment":[{"href":"https:\/\/www.miomiorun.com\/es\/wp-json\/wp\/v2\/media?parent=279071"}],"wp:term":[{"taxonomy":"product_brand","embeddable":true,"href":"https:\/\/www.miomiorun.com\/es\/wp-json\/wp\/v2\/product_brand?post=279071"},{"taxonomy":"product_cat","embeddable":true,"href":"https:\/\/www.miomiorun.com\/es\/wp-json\/wp\/v2\/product_cat?post=279071"},{"taxonomy":"product_tag","embeddable":true,"href":"https:\/\/www.miomiorun.com\/es\/wp-json\/wp\/v2\/product_tag?post=279071"}],"curies":[{"name":"wp","href":"https:\/\/api.w.org\/{rel}","templated":true}]}}