{"id":279016,"date":"2021-09-16T11:31:40","date_gmt":"2021-09-16T09:31:40","guid":{"rendered":"https:\/\/miomiorun.com\/prodotto\/crazy-idea-pull-flame-uomo-2\/"},"modified":"2026-04-28T11:58:05","modified_gmt":"2026-04-28T09:58:05","slug":"crazy-idea-pull-flame-hombre","status":"publish","type":"product","link":"https:\/\/www.miomiorun.com\/es\/producto\/crazy-idea-pull-flame-hombre\/","title":{"rendered":"Pull Flame hombre"},"content":{"rendered":"<div class=\"single-product-description\">\n<p><strong>Pull Flame<\/strong> para hombre es un jersey dise\u00f1ado espec\u00edficamente para la pr\u00e1ctica deportiva activa. Una prenda imprescindible, ideal para usar como segunda capa o como prenda exterior durante la pr\u00e1ctica deportiva de intensidad media-alta.<\/p>\n<p>Est\u00e1 confeccionado con el tejido <strong>\u00abfleece\u00bb High Performance 3D<\/strong> que, gracias a su estructura alveolar, favorece la evacuaci\u00f3n de la humedad y la transpirabilidad. Su corte deportivo, la media cremallera delantera y las costuras planas en contraste de color lo convierten en una prenda especialmente apreciada para llevar debajo de una chaqueta durante la actividad en los d\u00edas m\u00e1s fr\u00edos.<\/p>\n<p><strong>Caracter\u00edsticas:<\/strong><\/p>\n<ul>\n<li>Jersey cerrado con media cremallera.<\/li>\n<li>Cuello alto ajustado.<\/li>\n<li>Bordes el\u00e1sticos en los pu\u00f1os.<\/li>\n<\/ul>\n<\/div>\n","protected":false},"excerpt":{"rendered":"<p>Pull Flame para hombre es un jersey dise\u00f1ado espec\u00edficamente para la pr\u00e1ctica deportiva activa. Una prenda imprescindible, ideal para usar como segunda capa o como prenda exterior durante la pr\u00e1ctica deportiva de intensidad media-alta. Est\u00e1 confeccionado con el tejido \u00abfleece\u00bb High Performance 3D que, gracias a su estructura alveolar, favorece la evacuaci\u00f3n de la humedad &hellip; <a href=\"https:\/\/www.miomiorun.com\/es\/producto\/crazy-idea-pull-flame-hombre\/\">Continued<\/a><\/p>\n","protected":false},"featured_media":237821,"template":"","meta":{"_acf_changed":false,"inline_featured_image":false},"product_brand":[],"product_cat":[24458,24463],"product_tag":[23488,23611],"class_list":{"0":"post-279016","1":"product","2":"type-product","3":"status-publish","4":"has-post-thumbnail","6":"product_cat-camisetas-es-2","7":"product_cat-ropa-de-hombre-es","8":"product_tag-crazy-idea-es","9":"product_tag-crazy-idea-hombre","10":"pa_attivita-caminar","11":"pa_attivita-outdoor-es","12":"pa_attivita-trail-es","13":"pa_colore-pull-flame-brick-es","14":"pa_colore-pull-flame-early-m-es","15":"pa_colore-pull-flame-energy-es","16":"pa_colore-pull-flame-energy-m-es","17":"pa_colore-pull-flame-fire-es","18":"pa_colore-pull-flame-galaxy-es","19":"pa_colore-pull-flame-liken-es","20":"pa_colore-pull-flame-m-energy-es","21":"pa_marca-crazy-idea-es","22":"pa_sesso-hombre","23":"pa_size-small-es","24":"pa_size-medium-es","25":"pa_size-large-es","26":"pa_size-extra-large-es","28":"first","29":"instock","30":"sale","31":"taxable","32":"shipping-taxable","33":"purchasable","34":"product-type-variable","35":"wvs-archive-product-wrapper"},"acf":[],"yoast_head":"<!-- This site is optimized with the Yoast SEO plugin v26.8 - https:\/\/yoast.com\/product\/yoast-seo-wordpress\/ -->\n<title>Crazy Idea Pull Flame hombre - Jersey de invierno - MioMioRun<\/title>\n<meta name=\"description\" content=\"El jersey Flame para hombre es una prenda dise\u00f1ada espec\u00edficamente para la pr\u00e1ctica deportiva. Una prenda b\u00e1sica, ideal para llevar como segunda capa.\" \/>\n<meta name=\"robots\" content=\"index, follow, max-snippet:-1, max-image-preview:large, max-video-preview:-1\" \/>\n<link rel=\"canonical\" href=\"https:\/\/www.miomiorun.com\/es\/producto\/crazy-idea-pull-flame-hombre\/\" \/>\n<meta property=\"og:locale\" content=\"es_ES\" \/>\n<meta property=\"og:type\" content=\"article\" \/>\n<meta property=\"og:title\" content=\"Crazy Idea Pull Flame hombre - Jersey de invierno - MioMioRun\" \/>\n<meta property=\"og:description\" content=\"El jersey Flame para hombre es una prenda dise\u00f1ada espec\u00edficamente para la pr\u00e1ctica deportiva. Una prenda b\u00e1sica, ideal para llevar como segunda capa.\" \/>\n<meta property=\"og:url\" content=\"https:\/\/www.miomiorun.com\/es\/producto\/crazy-idea-pull-flame-hombre\/\" \/>\n<meta property=\"og:site_name\" content=\"MioMioRun\" \/>\n<meta property=\"article:publisher\" content=\"https:\/\/www.facebook.com\/miomiorun\/\" \/>\n<meta property=\"article:modified_time\" content=\"2026-04-28T09:58:05+00:00\" \/>\n<meta property=\"og:image\" content=\"https:\/\/www.miomiorun.com\/app\/uploads\/2022\/09\/crazy-idea-pull-flame-liken-W22025102U-0093.jpg\" \/>\n\t<meta property=\"og:image:width\" content=\"600\" \/>\n\t<meta property=\"og:image:height\" content=\"600\" \/>\n\t<meta property=\"og:image:type\" content=\"image\/jpeg\" \/>\n<meta name=\"twitter:card\" content=\"summary_large_image\" \/>\n<meta name=\"twitter:label1\" content=\"Est. reading time\" \/>\n\t<meta name=\"twitter:data1\" content=\"1 minute\" \/>\n<script type=\"application\/ld+json\" class=\"yoast-schema-graph\">{\"@context\":\"https:\/\/schema.org\",\"@graph\":[{\"@type\":\"WebPage\",\"@id\":\"https:\/\/www.miomiorun.com\/es\/producto\/crazy-idea-pull-flame-hombre\/\",\"url\":\"https:\/\/www.miomiorun.com\/es\/producto\/crazy-idea-pull-flame-hombre\/\",\"name\":\"Crazy Idea Pull Flame hombre - Jersey de invierno - MioMioRun\",\"isPartOf\":{\"@id\":\"https:\/\/www.miomiorun.com\/es\/#website\"},\"primaryImageOfPage\":{\"@id\":\"https:\/\/www.miomiorun.com\/es\/producto\/crazy-idea-pull-flame-hombre\/#primaryimage\"},\"image\":{\"@id\":\"https:\/\/www.miomiorun.com\/es\/producto\/crazy-idea-pull-flame-hombre\/#primaryimage\"},\"thumbnailUrl\":\"https:\/\/www.miomiorun.com\/app\/uploads\/2022\/09\/crazy-idea-pull-flame-liken-W22025102U-0093.jpg\",\"datePublished\":\"2021-09-16T09:31:40+00:00\",\"dateModified\":\"2026-04-28T09:58:05+00:00\",\"description\":\"El jersey Flame para hombre es una prenda dise\u00f1ada espec\u00edficamente para la pr\u00e1ctica deportiva. Una prenda b\u00e1sica, ideal para llevar como segunda capa.\",\"breadcrumb\":{\"@id\":\"https:\/\/www.miomiorun.com\/es\/producto\/crazy-idea-pull-flame-hombre\/#breadcrumb\"},\"inLanguage\":\"es-ES\",\"potentialAction\":[{\"@type\":\"ReadAction\",\"target\":[\"https:\/\/www.miomiorun.com\/es\/producto\/crazy-idea-pull-flame-hombre\/\"]}]},{\"@type\":\"ImageObject\",\"inLanguage\":\"es-ES\",\"@id\":\"https:\/\/www.miomiorun.com\/es\/producto\/crazy-idea-pull-flame-hombre\/#primaryimage\",\"url\":\"https:\/\/www.miomiorun.com\/app\/uploads\/2022\/09\/crazy-idea-pull-flame-liken-W22025102U-0093.jpg\",\"contentUrl\":\"https:\/\/www.miomiorun.com\/app\/uploads\/2022\/09\/crazy-idea-pull-flame-liken-W22025102U-0093.jpg\",\"width\":600,\"height\":600,\"caption\":\"crazy-idea-pull-flame-liken-W22025102U-0093\"},{\"@type\":\"BreadcrumbList\",\"@id\":\"https:\/\/www.miomiorun.com\/es\/producto\/crazy-idea-pull-flame-hombre\/#breadcrumb\",\"itemListElement\":[{\"@type\":\"ListItem\",\"position\":1,\"name\":\"Home\",\"item\":\"https:\/\/www.miomiorun.com\/es\/\"},{\"@type\":\"ListItem\",\"position\":2,\"name\":\"Shop\",\"item\":\"https:\/\/www.miomiorun.com\/shop\/\"},{\"@type\":\"ListItem\",\"position\":3,\"name\":\"Pull Flame hombre\"}]},{\"@type\":\"WebSite\",\"@id\":\"https:\/\/www.miomiorun.com\/es\/#website\",\"url\":\"https:\/\/www.miomiorun.com\/es\/\",\"name\":\"MioMioRun\",\"description\":\"Tienda 100% running y trail\",\"publisher\":{\"@id\":\"https:\/\/www.miomiorun.com\/es\/#organization\"},\"potentialAction\":[{\"@type\":\"SearchAction\",\"target\":{\"@type\":\"EntryPoint\",\"urlTemplate\":\"https:\/\/www.miomiorun.com\/es\/?s={search_term_string}\"},\"query-input\":{\"@type\":\"PropertyValueSpecification\",\"valueRequired\":true,\"valueName\":\"search_term_string\"}}],\"inLanguage\":\"es-ES\"},{\"@type\":\"Organization\",\"@id\":\"https:\/\/www.miomiorun.com\/es\/#organization\",\"name\":\"MioMio Run\",\"url\":\"https:\/\/www.miomiorun.com\/es\/\",\"logo\":{\"@type\":\"ImageObject\",\"inLanguage\":\"es-ES\",\"@id\":\"https:\/\/www.miomiorun.com\/es\/#\/schema\/logo\/image\/\",\"url\":\"https:\/\/www.miomiorun.com\/app\/uploads\/2019\/12\/logomio.png\",\"contentUrl\":\"https:\/\/www.miomiorun.com\/app\/uploads\/2019\/12\/logomio.png\",\"width\":115,\"height\":82,\"caption\":\"MioMio Run\"},\"image\":{\"@id\":\"https:\/\/www.miomiorun.com\/es\/#\/schema\/logo\/image\/\"},\"sameAs\":[\"https:\/\/www.facebook.com\/miomiorun\/\",\"https:\/\/www.instagram.com\/miomiorun\/\"]}]}<\/script>\n<!-- \/ Yoast SEO plugin. -->","yoast_head_json":{"title":"Crazy Idea Pull Flame hombre - Jersey de invierno - MioMioRun","description":"El jersey Flame para hombre es una prenda dise\u00f1ada espec\u00edficamente para la pr\u00e1ctica deportiva. Una prenda b\u00e1sica, ideal para llevar como segunda capa.","robots":{"index":"index","follow":"follow","max-snippet":"max-snippet:-1","max-image-preview":"max-image-preview:large","max-video-preview":"max-video-preview:-1"},"canonical":"https:\/\/www.miomiorun.com\/es\/producto\/crazy-idea-pull-flame-hombre\/","og_locale":"es_ES","og_type":"article","og_title":"Crazy Idea Pull Flame hombre - Jersey de invierno - MioMioRun","og_description":"El jersey Flame para hombre es una prenda dise\u00f1ada espec\u00edficamente para la pr\u00e1ctica deportiva. Una prenda b\u00e1sica, ideal para llevar como segunda capa.","og_url":"https:\/\/www.miomiorun.com\/es\/producto\/crazy-idea-pull-flame-hombre\/","og_site_name":"MioMioRun","article_publisher":"https:\/\/www.facebook.com\/miomiorun\/","article_modified_time":"2026-04-28T09:58:05+00:00","og_image":[{"width":600,"height":600,"url":"https:\/\/www.miomiorun.com\/app\/uploads\/2022\/09\/crazy-idea-pull-flame-liken-W22025102U-0093.jpg","type":"image\/jpeg"}],"twitter_card":"summary_large_image","twitter_misc":{"Est. reading time":"1 minute"},"schema":{"@context":"https:\/\/schema.org","@graph":[{"@type":"WebPage","@id":"https:\/\/www.miomiorun.com\/es\/producto\/crazy-idea-pull-flame-hombre\/","url":"https:\/\/www.miomiorun.com\/es\/producto\/crazy-idea-pull-flame-hombre\/","name":"Crazy Idea Pull Flame hombre - Jersey de invierno - MioMioRun","isPartOf":{"@id":"https:\/\/www.miomiorun.com\/es\/#website"},"primaryImageOfPage":{"@id":"https:\/\/www.miomiorun.com\/es\/producto\/crazy-idea-pull-flame-hombre\/#primaryimage"},"image":{"@id":"https:\/\/www.miomiorun.com\/es\/producto\/crazy-idea-pull-flame-hombre\/#primaryimage"},"thumbnailUrl":"https:\/\/www.miomiorun.com\/app\/uploads\/2022\/09\/crazy-idea-pull-flame-liken-W22025102U-0093.jpg","datePublished":"2021-09-16T09:31:40+00:00","dateModified":"2026-04-28T09:58:05+00:00","description":"El jersey Flame para hombre es una prenda dise\u00f1ada espec\u00edficamente para la pr\u00e1ctica deportiva. Una prenda b\u00e1sica, ideal para llevar como segunda capa.","breadcrumb":{"@id":"https:\/\/www.miomiorun.com\/es\/producto\/crazy-idea-pull-flame-hombre\/#breadcrumb"},"inLanguage":"es-ES","potentialAction":[{"@type":"ReadAction","target":["https:\/\/www.miomiorun.com\/es\/producto\/crazy-idea-pull-flame-hombre\/"]}]},{"@type":"ImageObject","inLanguage":"es-ES","@id":"https:\/\/www.miomiorun.com\/es\/producto\/crazy-idea-pull-flame-hombre\/#primaryimage","url":"https:\/\/www.miomiorun.com\/app\/uploads\/2022\/09\/crazy-idea-pull-flame-liken-W22025102U-0093.jpg","contentUrl":"https:\/\/www.miomiorun.com\/app\/uploads\/2022\/09\/crazy-idea-pull-flame-liken-W22025102U-0093.jpg","width":600,"height":600,"caption":"crazy-idea-pull-flame-liken-W22025102U-0093"},{"@type":"BreadcrumbList","@id":"https:\/\/www.miomiorun.com\/es\/producto\/crazy-idea-pull-flame-hombre\/#breadcrumb","itemListElement":[{"@type":"ListItem","position":1,"name":"Home","item":"https:\/\/www.miomiorun.com\/es\/"},{"@type":"ListItem","position":2,"name":"Shop","item":"https:\/\/www.miomiorun.com\/shop\/"},{"@type":"ListItem","position":3,"name":"Pull Flame hombre"}]},{"@type":"WebSite","@id":"https:\/\/www.miomiorun.com\/es\/#website","url":"https:\/\/www.miomiorun.com\/es\/","name":"MioMioRun","description":"Tienda 100% running y trail","publisher":{"@id":"https:\/\/www.miomiorun.com\/es\/#organization"},"potentialAction":[{"@type":"SearchAction","target":{"@type":"EntryPoint","urlTemplate":"https:\/\/www.miomiorun.com\/es\/?s={search_term_string}"},"query-input":{"@type":"PropertyValueSpecification","valueRequired":true,"valueName":"search_term_string"}}],"inLanguage":"es-ES"},{"@type":"Organization","@id":"https:\/\/www.miomiorun.com\/es\/#organization","name":"MioMio Run","url":"https:\/\/www.miomiorun.com\/es\/","logo":{"@type":"ImageObject","inLanguage":"es-ES","@id":"https:\/\/www.miomiorun.com\/es\/#\/schema\/logo\/image\/","url":"https:\/\/www.miomiorun.com\/app\/uploads\/2019\/12\/logomio.png","contentUrl":"https:\/\/www.miomiorun.com\/app\/uploads\/2019\/12\/logomio.png","width":115,"height":82,"caption":"MioMio Run"},"image":{"@id":"https:\/\/www.miomiorun.com\/es\/#\/schema\/logo\/image\/"},"sameAs":["https:\/\/www.facebook.com\/miomiorun\/","https:\/\/www.instagram.com\/miomiorun\/"]}]}},"_links":{"self":[{"href":"https:\/\/www.miomiorun.com\/es\/wp-json\/wp\/v2\/product\/279016","targetHints":{"allow":["GET"]}}],"collection":[{"href":"https:\/\/www.miomiorun.com\/es\/wp-json\/wp\/v2\/product"}],"about":[{"href":"https:\/\/www.miomiorun.com\/es\/wp-json\/wp\/v2\/types\/product"}],"wp:featuredmedia":[{"embeddable":true,"href":"https:\/\/www.miomiorun.com\/es\/wp-json\/wp\/v2\/media\/237821"}],"wp:attachment":[{"href":"https:\/\/www.miomiorun.com\/es\/wp-json\/wp\/v2\/media?parent=279016"}],"wp:term":[{"taxonomy":"product_brand","embeddable":true,"href":"https:\/\/www.miomiorun.com\/es\/wp-json\/wp\/v2\/product_brand?post=279016"},{"taxonomy":"product_cat","embeddable":true,"href":"https:\/\/www.miomiorun.com\/es\/wp-json\/wp\/v2\/product_cat?post=279016"},{"taxonomy":"product_tag","embeddable":true,"href":"https:\/\/www.miomiorun.com\/es\/wp-json\/wp\/v2\/product_tag?post=279016"}],"curies":[{"name":"wp","href":"https:\/\/api.w.org\/{rel}","templated":true}]}}