{"id":279013,"date":"2021-09-16T11:18:31","date_gmt":"2021-09-16T09:18:31","guid":{"rendered":"https:\/\/miomiorun.com\/prodotto\/crazy-idea-vest-avenger-uomo\/"},"modified":"2026-04-28T11:59:44","modified_gmt":"2026-04-28T09:59:44","slug":"crazy-idea-vest-avenger-hombre","status":"publish","type":"product","link":"https:\/\/www.miomiorun.com\/es\/producto\/crazy-idea-vest-avenger-hombre\/","title":{"rendered":"Vest Avenger hombre"},"content":{"rendered":"<div class=\"single-product-description\">\n<p><strong>El chaleco Avenger<\/strong> para hombre es un chaleco h\u00edbrido t\u00e9cnico dise\u00f1ado para actividades al aire libre de intensidad media-alta. Ideal para el esqu\u00ed de traves\u00eda en d\u00edas especialmente ventosos, o cuando una tercera capa de manga larga resultar\u00eda excesiva. Est\u00e1 confeccionado en tejido Two Face, m\u00e1s c\u00e1lido y con menos volumen, transpirable, con tratamiento exterior DWR y propiedades cortavientos. Apertura frontal con cremallera, cuello alto ajustado, bolsillos con cierre de cremallera, tejido lateral m\u00e1s transpirable y ligero, y bajo el\u00e1stico son sus principales caracter\u00edsticas.<\/p>\n<p><strong>Caracter\u00edsticas:<\/strong><\/p>\n<ul>\n<li>Chaleco con cremallera<\/li>\n<li>Cuello alto ajustado<\/li>\n<li>Bolsillos con cierre de cremallera<\/li>\n<li>Tejido lateral m\u00e1s ligero<\/li>\n<li>Borde inferior el\u00e1stico<\/li>\n<\/ul>\n<\/div>\n","protected":false},"excerpt":{"rendered":"<p>El chaleco Avenger para hombre es un chaleco h\u00edbrido t\u00e9cnico dise\u00f1ado para actividades al aire libre de intensidad media-alta. Ideal para el esqu\u00ed de traves\u00eda en d\u00edas especialmente ventosos, o cuando una tercera capa de manga larga resultar\u00eda excesiva. Est\u00e1 confeccionado en tejido Two Face, m\u00e1s c\u00e1lido y con menos volumen, transpirable, con tratamiento exterior &hellip; <a href=\"https:\/\/www.miomiorun.com\/es\/producto\/crazy-idea-vest-avenger-hombre\/\">Continued<\/a><\/p>\n","protected":false},"featured_media":238467,"template":"","meta":{"_acf_changed":false,"inline_featured_image":false},"product_brand":[],"product_cat":[24460,24463,24464],"product_tag":[23488,23611],"class_list":{"0":"post-279013","1":"product","2":"type-product","3":"status-publish","4":"has-post-thumbnail","6":"product_cat-chaquetas-es-2","7":"product_cat-ropa-de-hombre-es","8":"product_cat-hombre","9":"product_tag-crazy-idea-es","10":"product_tag-crazy-idea-hombre","11":"pa_attivita-caminar","12":"pa_attivita-outdoor-es","13":"pa_colore-vest-avenger-black-es","14":"pa_colore-vest-avenger-brick-es","15":"pa_colore-vest-avenger-early-m-es","16":"pa_colore-vest-avenger-energy-m-es","17":"pa_colore-vest-avenger-galaxy-es","18":"pa_marca-crazy-idea-es","19":"pa_sesso-hombre","20":"pa_size-small-es","21":"pa_size-medium-es","22":"pa_size-large-es","23":"pa_size-extra-large-es","25":"first","26":"instock","27":"sale","28":"taxable","29":"shipping-taxable","30":"purchasable","31":"product-type-variable","32":"wvs-archive-product-wrapper"},"acf":[],"yoast_head":"<!-- This site is optimized with the Yoast SEO plugin v26.8 - https:\/\/yoast.com\/product\/yoast-seo-wordpress\/ -->\n<title>Crazy Idea Vest Avenger hombre - Chaleco de running - MioMioRun.com<\/title>\n<meta name=\"description\" content=\"El chaleco Avenger para hombre es un chaleco h\u00edbrido t\u00e9cnico dise\u00f1ado para actividades al aire libre de intensidad media-alta. Ideal para el esqu\u00ed de monta\u00f1a.\" \/>\n<meta name=\"robots\" content=\"index, follow, max-snippet:-1, max-image-preview:large, max-video-preview:-1\" \/>\n<link rel=\"canonical\" href=\"https:\/\/www.miomiorun.com\/es\/producto\/crazy-idea-vest-avenger-hombre\/\" \/>\n<meta property=\"og:locale\" content=\"es_ES\" \/>\n<meta property=\"og:type\" content=\"article\" \/>\n<meta property=\"og:title\" content=\"Crazy Idea Vest Avenger hombre - Chaleco de running - MioMioRun.com\" \/>\n<meta property=\"og:description\" content=\"El chaleco Avenger para hombre es un chaleco h\u00edbrido t\u00e9cnico dise\u00f1ado para actividades al aire libre de intensidad media-alta. Ideal para el esqu\u00ed de monta\u00f1a.\" \/>\n<meta property=\"og:url\" content=\"https:\/\/www.miomiorun.com\/es\/producto\/crazy-idea-vest-avenger-hombre\/\" \/>\n<meta property=\"og:site_name\" content=\"MioMioRun\" \/>\n<meta property=\"article:publisher\" content=\"https:\/\/www.facebook.com\/miomiorun\/\" \/>\n<meta property=\"article:modified_time\" content=\"2026-04-28T09:59:44+00:00\" \/>\n<meta property=\"og:image\" content=\"https:\/\/www.miomiorun.com\/app\/uploads\/2022\/10\/crazy-idea-vest-avenger-liken-W22035037U-0093.jpg\" \/>\n\t<meta property=\"og:image:width\" content=\"600\" \/>\n\t<meta property=\"og:image:height\" content=\"600\" \/>\n\t<meta property=\"og:image:type\" content=\"image\/jpeg\" \/>\n<meta name=\"twitter:card\" content=\"summary_large_image\" \/>\n<meta name=\"twitter:label1\" content=\"Est. reading time\" \/>\n\t<meta name=\"twitter:data1\" content=\"1 minute\" \/>\n<script type=\"application\/ld+json\" class=\"yoast-schema-graph\">{\"@context\":\"https:\/\/schema.org\",\"@graph\":[{\"@type\":\"WebPage\",\"@id\":\"https:\/\/www.miomiorun.com\/es\/producto\/crazy-idea-vest-avenger-hombre\/\",\"url\":\"https:\/\/www.miomiorun.com\/es\/producto\/crazy-idea-vest-avenger-hombre\/\",\"name\":\"Crazy Idea Vest Avenger hombre - Chaleco de running - MioMioRun.com\",\"isPartOf\":{\"@id\":\"https:\/\/www.miomiorun.com\/es\/#website\"},\"primaryImageOfPage\":{\"@id\":\"https:\/\/www.miomiorun.com\/es\/producto\/crazy-idea-vest-avenger-hombre\/#primaryimage\"},\"image\":{\"@id\":\"https:\/\/www.miomiorun.com\/es\/producto\/crazy-idea-vest-avenger-hombre\/#primaryimage\"},\"thumbnailUrl\":\"https:\/\/www.miomiorun.com\/app\/uploads\/2022\/10\/crazy-idea-vest-avenger-liken-W22035037U-0093.jpg\",\"datePublished\":\"2021-09-16T09:18:31+00:00\",\"dateModified\":\"2026-04-28T09:59:44+00:00\",\"description\":\"El chaleco Avenger para hombre es un chaleco h\u00edbrido t\u00e9cnico dise\u00f1ado para actividades al aire libre de intensidad media-alta. Ideal para el esqu\u00ed de monta\u00f1a.\",\"breadcrumb\":{\"@id\":\"https:\/\/www.miomiorun.com\/es\/producto\/crazy-idea-vest-avenger-hombre\/#breadcrumb\"},\"inLanguage\":\"es-ES\",\"potentialAction\":[{\"@type\":\"ReadAction\",\"target\":[\"https:\/\/www.miomiorun.com\/es\/producto\/crazy-idea-vest-avenger-hombre\/\"]}]},{\"@type\":\"ImageObject\",\"inLanguage\":\"es-ES\",\"@id\":\"https:\/\/www.miomiorun.com\/es\/producto\/crazy-idea-vest-avenger-hombre\/#primaryimage\",\"url\":\"https:\/\/www.miomiorun.com\/app\/uploads\/2022\/10\/crazy-idea-vest-avenger-liken-W22035037U-0093.jpg\",\"contentUrl\":\"https:\/\/www.miomiorun.com\/app\/uploads\/2022\/10\/crazy-idea-vest-avenger-liken-W22035037U-0093.jpg\",\"width\":600,\"height\":600,\"caption\":\"crazy-idea-vest-avenger-liken-W22035037U-0093\"},{\"@type\":\"BreadcrumbList\",\"@id\":\"https:\/\/www.miomiorun.com\/es\/producto\/crazy-idea-vest-avenger-hombre\/#breadcrumb\",\"itemListElement\":[{\"@type\":\"ListItem\",\"position\":1,\"name\":\"Home\",\"item\":\"https:\/\/www.miomiorun.com\/es\/\"},{\"@type\":\"ListItem\",\"position\":2,\"name\":\"Shop\",\"item\":\"https:\/\/www.miomiorun.com\/shop\/\"},{\"@type\":\"ListItem\",\"position\":3,\"name\":\"Vest Avenger hombre\"}]},{\"@type\":\"WebSite\",\"@id\":\"https:\/\/www.miomiorun.com\/es\/#website\",\"url\":\"https:\/\/www.miomiorun.com\/es\/\",\"name\":\"MioMioRun\",\"description\":\"Tienda 100% running y trail\",\"publisher\":{\"@id\":\"https:\/\/www.miomiorun.com\/es\/#organization\"},\"potentialAction\":[{\"@type\":\"SearchAction\",\"target\":{\"@type\":\"EntryPoint\",\"urlTemplate\":\"https:\/\/www.miomiorun.com\/es\/?s={search_term_string}\"},\"query-input\":{\"@type\":\"PropertyValueSpecification\",\"valueRequired\":true,\"valueName\":\"search_term_string\"}}],\"inLanguage\":\"es-ES\"},{\"@type\":\"Organization\",\"@id\":\"https:\/\/www.miomiorun.com\/es\/#organization\",\"name\":\"MioMio Run\",\"url\":\"https:\/\/www.miomiorun.com\/es\/\",\"logo\":{\"@type\":\"ImageObject\",\"inLanguage\":\"es-ES\",\"@id\":\"https:\/\/www.miomiorun.com\/es\/#\/schema\/logo\/image\/\",\"url\":\"https:\/\/www.miomiorun.com\/app\/uploads\/2019\/12\/logomio.png\",\"contentUrl\":\"https:\/\/www.miomiorun.com\/app\/uploads\/2019\/12\/logomio.png\",\"width\":115,\"height\":82,\"caption\":\"MioMio Run\"},\"image\":{\"@id\":\"https:\/\/www.miomiorun.com\/es\/#\/schema\/logo\/image\/\"},\"sameAs\":[\"https:\/\/www.facebook.com\/miomiorun\/\",\"https:\/\/www.instagram.com\/miomiorun\/\"]}]}<\/script>\n<!-- \/ Yoast SEO plugin. -->","yoast_head_json":{"title":"Crazy Idea Vest Avenger hombre - Chaleco de running - MioMioRun.com","description":"El chaleco Avenger para hombre es un chaleco h\u00edbrido t\u00e9cnico dise\u00f1ado para actividades al aire libre de intensidad media-alta. Ideal para el esqu\u00ed de monta\u00f1a.","robots":{"index":"index","follow":"follow","max-snippet":"max-snippet:-1","max-image-preview":"max-image-preview:large","max-video-preview":"max-video-preview:-1"},"canonical":"https:\/\/www.miomiorun.com\/es\/producto\/crazy-idea-vest-avenger-hombre\/","og_locale":"es_ES","og_type":"article","og_title":"Crazy Idea Vest Avenger hombre - Chaleco de running - MioMioRun.com","og_description":"El chaleco Avenger para hombre es un chaleco h\u00edbrido t\u00e9cnico dise\u00f1ado para actividades al aire libre de intensidad media-alta. Ideal para el esqu\u00ed de monta\u00f1a.","og_url":"https:\/\/www.miomiorun.com\/es\/producto\/crazy-idea-vest-avenger-hombre\/","og_site_name":"MioMioRun","article_publisher":"https:\/\/www.facebook.com\/miomiorun\/","article_modified_time":"2026-04-28T09:59:44+00:00","og_image":[{"width":600,"height":600,"url":"https:\/\/www.miomiorun.com\/app\/uploads\/2022\/10\/crazy-idea-vest-avenger-liken-W22035037U-0093.jpg","type":"image\/jpeg"}],"twitter_card":"summary_large_image","twitter_misc":{"Est. reading time":"1 minute"},"schema":{"@context":"https:\/\/schema.org","@graph":[{"@type":"WebPage","@id":"https:\/\/www.miomiorun.com\/es\/producto\/crazy-idea-vest-avenger-hombre\/","url":"https:\/\/www.miomiorun.com\/es\/producto\/crazy-idea-vest-avenger-hombre\/","name":"Crazy Idea Vest Avenger hombre - Chaleco de running - MioMioRun.com","isPartOf":{"@id":"https:\/\/www.miomiorun.com\/es\/#website"},"primaryImageOfPage":{"@id":"https:\/\/www.miomiorun.com\/es\/producto\/crazy-idea-vest-avenger-hombre\/#primaryimage"},"image":{"@id":"https:\/\/www.miomiorun.com\/es\/producto\/crazy-idea-vest-avenger-hombre\/#primaryimage"},"thumbnailUrl":"https:\/\/www.miomiorun.com\/app\/uploads\/2022\/10\/crazy-idea-vest-avenger-liken-W22035037U-0093.jpg","datePublished":"2021-09-16T09:18:31+00:00","dateModified":"2026-04-28T09:59:44+00:00","description":"El chaleco Avenger para hombre es un chaleco h\u00edbrido t\u00e9cnico dise\u00f1ado para actividades al aire libre de intensidad media-alta. Ideal para el esqu\u00ed de monta\u00f1a.","breadcrumb":{"@id":"https:\/\/www.miomiorun.com\/es\/producto\/crazy-idea-vest-avenger-hombre\/#breadcrumb"},"inLanguage":"es-ES","potentialAction":[{"@type":"ReadAction","target":["https:\/\/www.miomiorun.com\/es\/producto\/crazy-idea-vest-avenger-hombre\/"]}]},{"@type":"ImageObject","inLanguage":"es-ES","@id":"https:\/\/www.miomiorun.com\/es\/producto\/crazy-idea-vest-avenger-hombre\/#primaryimage","url":"https:\/\/www.miomiorun.com\/app\/uploads\/2022\/10\/crazy-idea-vest-avenger-liken-W22035037U-0093.jpg","contentUrl":"https:\/\/www.miomiorun.com\/app\/uploads\/2022\/10\/crazy-idea-vest-avenger-liken-W22035037U-0093.jpg","width":600,"height":600,"caption":"crazy-idea-vest-avenger-liken-W22035037U-0093"},{"@type":"BreadcrumbList","@id":"https:\/\/www.miomiorun.com\/es\/producto\/crazy-idea-vest-avenger-hombre\/#breadcrumb","itemListElement":[{"@type":"ListItem","position":1,"name":"Home","item":"https:\/\/www.miomiorun.com\/es\/"},{"@type":"ListItem","position":2,"name":"Shop","item":"https:\/\/www.miomiorun.com\/shop\/"},{"@type":"ListItem","position":3,"name":"Vest Avenger hombre"}]},{"@type":"WebSite","@id":"https:\/\/www.miomiorun.com\/es\/#website","url":"https:\/\/www.miomiorun.com\/es\/","name":"MioMioRun","description":"Tienda 100% running y trail","publisher":{"@id":"https:\/\/www.miomiorun.com\/es\/#organization"},"potentialAction":[{"@type":"SearchAction","target":{"@type":"EntryPoint","urlTemplate":"https:\/\/www.miomiorun.com\/es\/?s={search_term_string}"},"query-input":{"@type":"PropertyValueSpecification","valueRequired":true,"valueName":"search_term_string"}}],"inLanguage":"es-ES"},{"@type":"Organization","@id":"https:\/\/www.miomiorun.com\/es\/#organization","name":"MioMio Run","url":"https:\/\/www.miomiorun.com\/es\/","logo":{"@type":"ImageObject","inLanguage":"es-ES","@id":"https:\/\/www.miomiorun.com\/es\/#\/schema\/logo\/image\/","url":"https:\/\/www.miomiorun.com\/app\/uploads\/2019\/12\/logomio.png","contentUrl":"https:\/\/www.miomiorun.com\/app\/uploads\/2019\/12\/logomio.png","width":115,"height":82,"caption":"MioMio Run"},"image":{"@id":"https:\/\/www.miomiorun.com\/es\/#\/schema\/logo\/image\/"},"sameAs":["https:\/\/www.facebook.com\/miomiorun\/","https:\/\/www.instagram.com\/miomiorun\/"]}]}},"_links":{"self":[{"href":"https:\/\/www.miomiorun.com\/es\/wp-json\/wp\/v2\/product\/279013","targetHints":{"allow":["GET"]}}],"collection":[{"href":"https:\/\/www.miomiorun.com\/es\/wp-json\/wp\/v2\/product"}],"about":[{"href":"https:\/\/www.miomiorun.com\/es\/wp-json\/wp\/v2\/types\/product"}],"wp:featuredmedia":[{"embeddable":true,"href":"https:\/\/www.miomiorun.com\/es\/wp-json\/wp\/v2\/media\/238467"}],"wp:attachment":[{"href":"https:\/\/www.miomiorun.com\/es\/wp-json\/wp\/v2\/media?parent=279013"}],"wp:term":[{"taxonomy":"product_brand","embeddable":true,"href":"https:\/\/www.miomiorun.com\/es\/wp-json\/wp\/v2\/product_brand?post=279013"},{"taxonomy":"product_cat","embeddable":true,"href":"https:\/\/www.miomiorun.com\/es\/wp-json\/wp\/v2\/product_cat?post=279013"},{"taxonomy":"product_tag","embeddable":true,"href":"https:\/\/www.miomiorun.com\/es\/wp-json\/wp\/v2\/product_tag?post=279013"}],"curies":[{"name":"wp","href":"https:\/\/api.w.org\/{rel}","templated":true}]}}