{"id":278858,"date":"2021-09-16T12:28:18","date_gmt":"2021-09-16T10:28:18","guid":{"rendered":"https:\/\/miomiorun.com\/prodotto\/crazy-idea-pant-exit-donna\/"},"modified":"2026-04-30T16:39:21","modified_gmt":"2026-04-30T14:39:21","slug":"crazy-idea-pant-exit-mujer","status":"publish","type":"product","link":"https:\/\/www.miomiorun.com\/es\/producto\/crazy-idea-pant-exit-mujer\/","title":{"rendered":"Pant Exit mujer"},"content":{"rendered":"<div class=\"single-product-description\">\n<div class=\"single-product-description\">\n<p><strong>Pant Exit<\/strong> para mujer es un pantal\u00f3n t\u00e9rmico y transpirable de gran comodidad, perfecto para actividades al aire libre y para practicar deporte en el gimnasio. Est\u00e1 confeccionado con un suave tejido polar italiano Vuelta. Cuenta con una c\u00f3moda cintura el\u00e1stica, un bolsillo \u00abeasy pocket\u00bb en el lateral de la pierna y pu\u00f1os en el bajo. Uno de los \u00abimprescindibles\u00bb de la colecci\u00f3n Crazy.<\/p>\n<p><strong>Caracter\u00edsticas:<\/strong><\/p>\n<ul>\n<li>Cintura el\u00e1stica ancha.<\/li>\n<li>Bolsillo \u00abeasy pocket\u00bb en el lateral de la pierna, con solapa para evitar que se caigan los objetos, ideal para guardar un smartphone.<\/li>\n<li>Parte inferior de la pierna el\u00e1stica.<\/li>\n<\/ul>\n<\/div>\n<\/div>\n","protected":false},"excerpt":{"rendered":"<p>Pant Exit para mujer es un pantal\u00f3n t\u00e9rmico y transpirable de gran comodidad, perfecto para actividades al aire libre y para practicar deporte en el gimnasio. Est\u00e1 confeccionado con un suave tejido polar italiano Vuelta. Cuenta con una c\u00f3moda cintura el\u00e1stica, un bolsillo \u00abeasy pocket\u00bb en el lateral de la pierna y pu\u00f1os en el &hellip; <a href=\"https:\/\/www.miomiorun.com\/es\/producto\/crazy-idea-pant-exit-mujer\/\">Continued<\/a><\/p>\n","protected":false},"featured_media":249567,"template":"","meta":{"_acf_changed":false,"inline_featured_image":false},"product_brand":[],"product_cat":[24225,24401,24402],"product_tag":[23488,23646],"class_list":{"0":"post-278858","1":"product","2":"type-product","3":"status-publish","4":"has-post-thumbnail","6":"product_cat-pantalones-largos","7":"product_cat-ropa-de-mujer","8":"product_cat-mujer","9":"product_tag-crazy-idea-es","10":"product_tag-crazy-idea-mujer","11":"pa_attivita-caminar","12":"pa_attivita-fitness-es","13":"pa_attivita-outdoor-es","14":"pa_colore-pant-exit-chewing-gum-w-es","15":"pa_colore-pant-exit-pop-w-es","16":"pa_colore-pant-exit-w-black-es-2","17":"pa_colore-pant-exit-w-black-2-es","18":"pa_colore-pant-exit-w-black-3-es","19":"pa_colore-pant-exit-w-lambada-es","20":"pa_colore-pant-exit-w-vento-es","21":"pa_marca-crazy-idea-es","22":"pa_sesso-mujer","23":"pa_size-extra-small-es","24":"pa_size-small-es","25":"pa_size-medium-es","26":"pa_size-large-es","28":"first","29":"instock","30":"sale","31":"taxable","32":"shipping-taxable","33":"purchasable","34":"product-type-variable","35":"wvs-archive-product-wrapper"},"acf":[],"yoast_head":"<!-- This site is optimized with the Yoast SEO plugin v26.8 - https:\/\/yoast.com\/product\/yoast-seo-wordpress\/ -->\n<title>Crazy Idea Pant Exit mujer -pantalones para correr- MioMioRun<\/title>\n<meta name=\"description\" content=\"Los pantalones Pant Exit para mujer son unos pantalones t\u00e9rmicos y transpirables muy c\u00f3modos, perfectos para actividades al aire libre y para hacer ejercicio en el gimnasio.\" \/>\n<meta name=\"robots\" content=\"index, follow, max-snippet:-1, max-image-preview:large, max-video-preview:-1\" \/>\n<link rel=\"canonical\" href=\"https:\/\/www.miomiorun.com\/es\/producto\/crazy-idea-pant-exit-mujer\/\" \/>\n<meta property=\"og:locale\" content=\"es_ES\" \/>\n<meta property=\"og:type\" content=\"article\" \/>\n<meta property=\"og:title\" content=\"Crazy Idea Pant Exit mujer -pantalones para correr- MioMioRun\" \/>\n<meta property=\"og:description\" content=\"Los pantalones Pant Exit para mujer son unos pantalones t\u00e9rmicos y transpirables muy c\u00f3modos, perfectos para actividades al aire libre y para hacer ejercicio en el gimnasio.\" \/>\n<meta property=\"og:url\" content=\"https:\/\/www.miomiorun.com\/es\/producto\/crazy-idea-pant-exit-mujer\/\" \/>\n<meta property=\"og:site_name\" content=\"MioMioRun\" \/>\n<meta property=\"article:publisher\" content=\"https:\/\/www.facebook.com\/miomiorun\/\" \/>\n<meta property=\"article:modified_time\" content=\"2026-04-30T14:39:21+00:00\" \/>\n<meta property=\"og:image\" content=\"https:\/\/www.miomiorun.com\/app\/uploads\/2024\/10\/crazy-Pant-Exit-POP-W-W24015133D-0063.webp\" \/>\n\t<meta property=\"og:image:width\" content=\"600\" \/>\n\t<meta property=\"og:image:height\" content=\"600\" \/>\n\t<meta property=\"og:image:type\" content=\"image\/webp\" \/>\n<meta name=\"twitter:card\" content=\"summary_large_image\" \/>\n<meta name=\"twitter:label1\" content=\"Est. reading time\" \/>\n\t<meta name=\"twitter:data1\" content=\"1 minute\" \/>\n<script type=\"application\/ld+json\" class=\"yoast-schema-graph\">{\"@context\":\"https:\/\/schema.org\",\"@graph\":[{\"@type\":\"WebPage\",\"@id\":\"https:\/\/www.miomiorun.com\/es\/producto\/crazy-idea-pant-exit-mujer\/\",\"url\":\"https:\/\/www.miomiorun.com\/es\/producto\/crazy-idea-pant-exit-mujer\/\",\"name\":\"Crazy Idea Pant Exit mujer -pantalones para correr- MioMioRun\",\"isPartOf\":{\"@id\":\"https:\/\/www.miomiorun.com\/es\/#website\"},\"primaryImageOfPage\":{\"@id\":\"https:\/\/www.miomiorun.com\/es\/producto\/crazy-idea-pant-exit-mujer\/#primaryimage\"},\"image\":{\"@id\":\"https:\/\/www.miomiorun.com\/es\/producto\/crazy-idea-pant-exit-mujer\/#primaryimage\"},\"thumbnailUrl\":\"https:\/\/www.miomiorun.com\/app\/uploads\/2024\/10\/crazy-Pant-Exit-POP-W-W24015133D-0063.webp\",\"datePublished\":\"2021-09-16T10:28:18+00:00\",\"dateModified\":\"2026-04-30T14:39:21+00:00\",\"description\":\"Los pantalones Pant Exit para mujer son unos pantalones t\u00e9rmicos y transpirables muy c\u00f3modos, perfectos para actividades al aire libre y para hacer ejercicio en el gimnasio.\",\"breadcrumb\":{\"@id\":\"https:\/\/www.miomiorun.com\/es\/producto\/crazy-idea-pant-exit-mujer\/#breadcrumb\"},\"inLanguage\":\"es-ES\",\"potentialAction\":[{\"@type\":\"ReadAction\",\"target\":[\"https:\/\/www.miomiorun.com\/es\/producto\/crazy-idea-pant-exit-mujer\/\"]}]},{\"@type\":\"ImageObject\",\"inLanguage\":\"es-ES\",\"@id\":\"https:\/\/www.miomiorun.com\/es\/producto\/crazy-idea-pant-exit-mujer\/#primaryimage\",\"url\":\"https:\/\/www.miomiorun.com\/app\/uploads\/2024\/10\/crazy-Pant-Exit-POP-W-W24015133D-0063.webp\",\"contentUrl\":\"https:\/\/www.miomiorun.com\/app\/uploads\/2024\/10\/crazy-Pant-Exit-POP-W-W24015133D-0063.webp\",\"width\":600,\"height\":600,\"caption\":\"crazy Pant Exit POP W W24015133D-0063\"},{\"@type\":\"BreadcrumbList\",\"@id\":\"https:\/\/www.miomiorun.com\/es\/producto\/crazy-idea-pant-exit-mujer\/#breadcrumb\",\"itemListElement\":[{\"@type\":\"ListItem\",\"position\":1,\"name\":\"Home\",\"item\":\"https:\/\/www.miomiorun.com\/es\/\"},{\"@type\":\"ListItem\",\"position\":2,\"name\":\"Shop\",\"item\":\"https:\/\/www.miomiorun.com\/shop\/\"},{\"@type\":\"ListItem\",\"position\":3,\"name\":\"Pant Exit mujer\"}]},{\"@type\":\"WebSite\",\"@id\":\"https:\/\/www.miomiorun.com\/es\/#website\",\"url\":\"https:\/\/www.miomiorun.com\/es\/\",\"name\":\"MioMioRun\",\"description\":\"Tienda 100% running y trail\",\"publisher\":{\"@id\":\"https:\/\/www.miomiorun.com\/es\/#organization\"},\"potentialAction\":[{\"@type\":\"SearchAction\",\"target\":{\"@type\":\"EntryPoint\",\"urlTemplate\":\"https:\/\/www.miomiorun.com\/es\/?s={search_term_string}\"},\"query-input\":{\"@type\":\"PropertyValueSpecification\",\"valueRequired\":true,\"valueName\":\"search_term_string\"}}],\"inLanguage\":\"es-ES\"},{\"@type\":\"Organization\",\"@id\":\"https:\/\/www.miomiorun.com\/es\/#organization\",\"name\":\"MioMio Run\",\"url\":\"https:\/\/www.miomiorun.com\/es\/\",\"logo\":{\"@type\":\"ImageObject\",\"inLanguage\":\"es-ES\",\"@id\":\"https:\/\/www.miomiorun.com\/es\/#\/schema\/logo\/image\/\",\"url\":\"https:\/\/www.miomiorun.com\/app\/uploads\/2019\/12\/logomio.png\",\"contentUrl\":\"https:\/\/www.miomiorun.com\/app\/uploads\/2019\/12\/logomio.png\",\"width\":115,\"height\":82,\"caption\":\"MioMio Run\"},\"image\":{\"@id\":\"https:\/\/www.miomiorun.com\/es\/#\/schema\/logo\/image\/\"},\"sameAs\":[\"https:\/\/www.facebook.com\/miomiorun\/\",\"https:\/\/www.instagram.com\/miomiorun\/\"]}]}<\/script>\n<!-- \/ Yoast SEO plugin. -->","yoast_head_json":{"title":"Crazy Idea Pant Exit mujer -pantalones para correr- MioMioRun","description":"Los pantalones Pant Exit para mujer son unos pantalones t\u00e9rmicos y transpirables muy c\u00f3modos, perfectos para actividades al aire libre y para hacer ejercicio en el gimnasio.","robots":{"index":"index","follow":"follow","max-snippet":"max-snippet:-1","max-image-preview":"max-image-preview:large","max-video-preview":"max-video-preview:-1"},"canonical":"https:\/\/www.miomiorun.com\/es\/producto\/crazy-idea-pant-exit-mujer\/","og_locale":"es_ES","og_type":"article","og_title":"Crazy Idea Pant Exit mujer -pantalones para correr- MioMioRun","og_description":"Los pantalones Pant Exit para mujer son unos pantalones t\u00e9rmicos y transpirables muy c\u00f3modos, perfectos para actividades al aire libre y para hacer ejercicio en el gimnasio.","og_url":"https:\/\/www.miomiorun.com\/es\/producto\/crazy-idea-pant-exit-mujer\/","og_site_name":"MioMioRun","article_publisher":"https:\/\/www.facebook.com\/miomiorun\/","article_modified_time":"2026-04-30T14:39:21+00:00","og_image":[{"width":600,"height":600,"url":"https:\/\/www.miomiorun.com\/app\/uploads\/2024\/10\/crazy-Pant-Exit-POP-W-W24015133D-0063.webp","type":"image\/webp"}],"twitter_card":"summary_large_image","twitter_misc":{"Est. reading time":"1 minute"},"schema":{"@context":"https:\/\/schema.org","@graph":[{"@type":"WebPage","@id":"https:\/\/www.miomiorun.com\/es\/producto\/crazy-idea-pant-exit-mujer\/","url":"https:\/\/www.miomiorun.com\/es\/producto\/crazy-idea-pant-exit-mujer\/","name":"Crazy Idea Pant Exit mujer -pantalones para correr- MioMioRun","isPartOf":{"@id":"https:\/\/www.miomiorun.com\/es\/#website"},"primaryImageOfPage":{"@id":"https:\/\/www.miomiorun.com\/es\/producto\/crazy-idea-pant-exit-mujer\/#primaryimage"},"image":{"@id":"https:\/\/www.miomiorun.com\/es\/producto\/crazy-idea-pant-exit-mujer\/#primaryimage"},"thumbnailUrl":"https:\/\/www.miomiorun.com\/app\/uploads\/2024\/10\/crazy-Pant-Exit-POP-W-W24015133D-0063.webp","datePublished":"2021-09-16T10:28:18+00:00","dateModified":"2026-04-30T14:39:21+00:00","description":"Los pantalones Pant Exit para mujer son unos pantalones t\u00e9rmicos y transpirables muy c\u00f3modos, perfectos para actividades al aire libre y para hacer ejercicio en el gimnasio.","breadcrumb":{"@id":"https:\/\/www.miomiorun.com\/es\/producto\/crazy-idea-pant-exit-mujer\/#breadcrumb"},"inLanguage":"es-ES","potentialAction":[{"@type":"ReadAction","target":["https:\/\/www.miomiorun.com\/es\/producto\/crazy-idea-pant-exit-mujer\/"]}]},{"@type":"ImageObject","inLanguage":"es-ES","@id":"https:\/\/www.miomiorun.com\/es\/producto\/crazy-idea-pant-exit-mujer\/#primaryimage","url":"https:\/\/www.miomiorun.com\/app\/uploads\/2024\/10\/crazy-Pant-Exit-POP-W-W24015133D-0063.webp","contentUrl":"https:\/\/www.miomiorun.com\/app\/uploads\/2024\/10\/crazy-Pant-Exit-POP-W-W24015133D-0063.webp","width":600,"height":600,"caption":"crazy Pant Exit POP W W24015133D-0063"},{"@type":"BreadcrumbList","@id":"https:\/\/www.miomiorun.com\/es\/producto\/crazy-idea-pant-exit-mujer\/#breadcrumb","itemListElement":[{"@type":"ListItem","position":1,"name":"Home","item":"https:\/\/www.miomiorun.com\/es\/"},{"@type":"ListItem","position":2,"name":"Shop","item":"https:\/\/www.miomiorun.com\/shop\/"},{"@type":"ListItem","position":3,"name":"Pant Exit mujer"}]},{"@type":"WebSite","@id":"https:\/\/www.miomiorun.com\/es\/#website","url":"https:\/\/www.miomiorun.com\/es\/","name":"MioMioRun","description":"Tienda 100% running y trail","publisher":{"@id":"https:\/\/www.miomiorun.com\/es\/#organization"},"potentialAction":[{"@type":"SearchAction","target":{"@type":"EntryPoint","urlTemplate":"https:\/\/www.miomiorun.com\/es\/?s={search_term_string}"},"query-input":{"@type":"PropertyValueSpecification","valueRequired":true,"valueName":"search_term_string"}}],"inLanguage":"es-ES"},{"@type":"Organization","@id":"https:\/\/www.miomiorun.com\/es\/#organization","name":"MioMio Run","url":"https:\/\/www.miomiorun.com\/es\/","logo":{"@type":"ImageObject","inLanguage":"es-ES","@id":"https:\/\/www.miomiorun.com\/es\/#\/schema\/logo\/image\/","url":"https:\/\/www.miomiorun.com\/app\/uploads\/2019\/12\/logomio.png","contentUrl":"https:\/\/www.miomiorun.com\/app\/uploads\/2019\/12\/logomio.png","width":115,"height":82,"caption":"MioMio Run"},"image":{"@id":"https:\/\/www.miomiorun.com\/es\/#\/schema\/logo\/image\/"},"sameAs":["https:\/\/www.facebook.com\/miomiorun\/","https:\/\/www.instagram.com\/miomiorun\/"]}]}},"_links":{"self":[{"href":"https:\/\/www.miomiorun.com\/es\/wp-json\/wp\/v2\/product\/278858","targetHints":{"allow":["GET"]}}],"collection":[{"href":"https:\/\/www.miomiorun.com\/es\/wp-json\/wp\/v2\/product"}],"about":[{"href":"https:\/\/www.miomiorun.com\/es\/wp-json\/wp\/v2\/types\/product"}],"wp:featuredmedia":[{"embeddable":true,"href":"https:\/\/www.miomiorun.com\/es\/wp-json\/wp\/v2\/media\/249567"}],"wp:attachment":[{"href":"https:\/\/www.miomiorun.com\/es\/wp-json\/wp\/v2\/media?parent=278858"}],"wp:term":[{"taxonomy":"product_brand","embeddable":true,"href":"https:\/\/www.miomiorun.com\/es\/wp-json\/wp\/v2\/product_brand?post=278858"},{"taxonomy":"product_cat","embeddable":true,"href":"https:\/\/www.miomiorun.com\/es\/wp-json\/wp\/v2\/product_cat?post=278858"},{"taxonomy":"product_tag","embeddable":true,"href":"https:\/\/www.miomiorun.com\/es\/wp-json\/wp\/v2\/product_tag?post=278858"}],"curies":[{"name":"wp","href":"https:\/\/api.w.org\/{rel}","templated":true}]}}