{"id":278761,"date":"2021-07-24T19:08:01","date_gmt":"2021-07-24T17:08:01","guid":{"rendered":"https:\/\/miomiorun.com\/prodotto\/bliz-breeze-nano-optics-nordic-light\/"},"modified":"2026-04-30T12:19:26","modified_gmt":"2026-04-30T10:19:26","slug":"bliz-breeze-nano-optics-nordic-light","status":"publish","type":"product","link":"https:\/\/www.miomiorun.com\/es\/producto\/bliz-breeze-nano-optics-nordic-light\/","title":{"rendered":"Breeze Nano Optics nordic light"},"content":{"rendered":"<p><div class=\"vc-row container\"><div class=\"vc-column\"><div class=\"vc-column-text\">Elige un deporte. Elige una actividad. Las Breeze Nano Optics Nordic Light siempre te ofrecen una visi\u00f3n n\u00edtida. Unas gafas avanzadas que se adaptan a la perfecci\u00f3n a todo tipo de deportes y actividades. Su peso ultraligero, combinado con unas especificaciones t\u00e9cnicas de vanguardia, te ofrece infinitas posibilidades en tu entrenamiento diario. Quita la barra superior, ajusta la cinta para la cabeza, cambia las lentes, regula las patillas y el puente nasal. Tienes todas las herramientas que necesitas para el viaje que te espera.<\/p>\n<h2>Caracter\u00edsticas generales<\/h2>\n<p>Avanzadas, pero f\u00e1ciles de usar. Igualmente vers\u00e1tiles y fiables. As\u00ed es Breeze. En esta versi\u00f3n Nano Optics Nordic Light, lo tienes todo. Unas lentes superavanzadas, ligeras y con todas las opciones de ajuste que puedas desear. Lentes intercambiables, barra superior desmontable y la posibilidad de utilizar una cinta para la cabeza en su lugar. Breeze es la elecci\u00f3n perfecta para cualquiera que tenga muchas aficiones y una agenda repleta de compromisos.<\/p>\n<h2>Propiedades de las lentes<\/h2>\n<p>Nano Optics Nordic Light se puede resumir en una palabra: s\u00ed. \u00abPuede&#8230;\u00bb, s\u00ed. \u00abTiene&#8230;\u00bb, tambi\u00e9n, s\u00ed. Esta lente \u00fanica ofrece una distorsi\u00f3n reducida al m\u00ednimo y un revestimiento multicapa avanzado, lo que te permite ver las cosas con claridad incluso cuando te exiges al m\u00e1ximo. La parte Nordic Light garantiza una visi\u00f3n clara y n\u00edtida en condiciones de luz opaca y plana. Al filtrar determinadas longitudes de onda de la luz, se obtiene un mayor contraste y una mejor visi\u00f3n de las cosas. Las lentes son resistentes a los ara\u00f1azos y al empa\u00f1amiento, con propiedades oleorrepulsivas e hidrof\u00f3bicas, y, por supuesto, irrompibles, con protecci\u00f3n UV completa.<\/p>\n<p>&nbsp;<\/p>\n<h2>Materiales<\/h2>\n<p>Las gafas Breeze <span lang=\"EN-GB\">Nano Optics Nordic Light<\/span> tienen una montura de TR90. Este material es resistente y seguro, a la vez que ligero y con una flexibilidad excelente. El TR90 es ideal para gafas, ya que resulta igual de c\u00f3modo tanto a altas como a bajas temperaturas.<\/p>\n<p>&nbsp;<\/p>\n<h2>Posibilidad de ajuste<\/h2>\n<p>\u00bfQuieres ajustarlas? \u00a1Aqu\u00ed es donde encontrar\u00e1s lo que buscas! Es dif\u00edcil pensar en una actividad a la que las Breeze no se puedan adaptar. Ajusta los extremos de las patillas y el puente nasal para lograr la m\u00e1xima comodidad, pero eso es solo el principio. Cambia las monturas normales por una cinta para la cabeza, a\u00f1ade o quita la barra superior como mejor te parezca y cambia la lente cuando cambien las condiciones meteorol\u00f3gicas.<\/div><\/div><\/div><div class=\"vc-row container\"><div class=\"vc-column\"><div class=\"vc-column-text\"><\/p>\n<div class=\"col-20 col-m-33 col-s-100\">\n<div class=\"tech-item\">\n<p><img decoding=\"async\" class=\"lazyloaded\" src=\"https:\/\/www.bliz.com\/media\/2251\/ce-standard.png\" data-src=\"https:\/\/www.bliz.com\/media\/2251\/ce-standard.png\" \/><\/p>\n<h6>Norma CE<\/h6>\n<p>Todos los productos Bliz Active cuentan con el marcado CE, lo que significa que cumplimos los requisitos b\u00e1sicos de salud y seguridad establecidos en las directivas de la UE aplicables a esta gama de productos.<\/p>\n<\/div>\n<\/div>\n<p><\/div><\/div><div class=\"vc-column\"><div class=\"vc-column-text\"><\/p>\n<div class=\"col-20 col-m-33 col-s-100\">\n<div class=\"tech-item\">\n<p><img decoding=\"async\" class=\"lazyloaded\" src=\"https:\/\/www.bliz.com\/media\/2249\/100-uv.png\" data-src=\"https:\/\/www.bliz.com\/media\/2249\/100-uv.png\" \/><\/p>\n<h6>Protecci\u00f3n UV al 100 %<\/h6>\n<p>Las gafas Bliz Active protegen eficazmente tus ojos de los da\u00f1inos rayos UVA y UVB.<\/p>\n<\/div>\n<\/div>\n<p><\/div><\/div><div class=\"vc-column\"><div class=\"vc-column-text\"><\/p>\n<div class=\"col-20 col-m-33 col-s-100\">\n<div class=\"tech-item\">\n<p><img decoding=\"async\" class=\"lazyloaded\" src=\"https:\/\/www.bliz.com\/media\/2243\/unbreakable-xpc-lens.png\" data-src=\"https:\/\/www.bliz.com\/media\/2243\/unbreakable-xpc-lens.png\" \/><\/p>\n<h6>Lente irrompible de policarbonato<\/h6>\n<p>Las lentes est\u00e1n fabricadas en policarbonato irrompible, que es 10 veces m\u00e1s resistente a los golpes que las lentes de pl\u00e1stico o cristal y ofrece el m\u00e1ximo nivel de protecci\u00f3n.<\/p>\n<\/div>\n<\/div>\n<p><\/div><\/div><div class=\"vc-column\"><div class=\"vc-column-text\"><\/p>\n<div class=\"col-20 col-m-33 col-s-100\">\n<div class=\"tech-item\">\n<p><img decoding=\"async\" class=\"lazyloaded\" src=\"https:\/\/www.bliz.com\/media\/2250\/adjustable-nosepad.png\" data-src=\"https:\/\/www.bliz.com\/media\/2250\/adjustable-nosepad.png\" \/><\/p>\n<h6>Nose piece ajustable<\/h6>\n<p>La pieza nasal es ajustable para un ajuste m\u00e1s c\u00f3modo y \u00f3ptimo alrededor de la nariz.<\/p>\n<\/div>\n<\/div>\n<p><\/div><\/div><\/div><div class=\"vc-row container\"><div class=\"vc-column\"><div class=\"vc-column-text\"><\/p>\n<div class=\"col-20 col-m-33 col-s-100\">\n<div class=\"tech-item\">\n<p><img decoding=\"async\" class=\"lazyloaded\" src=\"https:\/\/www.bliz.com\/media\/2235\/rubber-wire-core.png\" data-src=\"https:\/\/www.bliz.com\/media\/2235\/rubber-wire-core.png\" \/><\/p>\n<h6>N\u00facleo de hilo de goma<\/h6>\n<p>Las patillas con n\u00facleo de goma permiten ajustar las gafas para que se adapten mejor a la cabeza.<\/p>\n<\/div>\n<\/div>\n<p><\/div><\/div><div class=\"vc-column\"><div class=\"vc-column-text\"><\/p>\n<div class=\"col-20 col-m-33 col-s-100\">\n<div class=\"tech-item\">\n<div class=\"col-20 col-m-33 col-s-100\">\n<div class=\"tech-item\">\n<p><img decoding=\"async\" class=\"lazyloaded\" src=\"https:\/\/www.bliz.com\/media\/12671\/nordiclight-lenstech.png\" data-src=\"https:\/\/www.bliz.com\/media\/12671\/nordiclight-lenstech.png\" \/><\/p>\n<h6>Nano Optics\u2122 Luz n\u00f3rdica<\/h6>\n<p>CONTRASTE EXTREMO \/ DISTORSI\u00d3N M\u00cdNIMA \/ NANO ANTI-VAPOR \/ NORDIC LIGHT\u2122 es una lente de alta tecnolog\u00eda \u00fanica que mejora notablemente los contrastes y los colores, ofreciendo una visi\u00f3n clara y n\u00edtida en condiciones de poca luz y luz difusa.<\/p>\n<\/div>\n<\/div>\n<\/div>\n<\/div>\n<p><\/div><\/div><div class=\"vc-column\"><div class=\"vc-column-text\"><\/p>\n<div class=\"col-20 col-m-33 col-s-100\">\n<div class=\"tech-item\">\n<div class=\"col-20 col-m-33 col-s-100\">\n<div class=\"tech-item\">\n<p><img decoding=\"async\" class=\"lazyloaded\" src=\"https:\/\/www.bliz.com\/media\/2244\/weight.png\" data-src=\"https:\/\/www.bliz.com\/media\/2244\/weight.png\" \/><\/p>\n<h6>Peso: 34 g<\/h6>\n<p>Estas gafas deportivas ligeras solo pesan 34 g<\/p>\n<\/div>\n<\/div>\n<\/div>\n<\/div>\n<p><\/div><\/div><div class=\"vc-column\"><div class=\"vc-column-text\"><\/p>\n<div class=\"col-20 col-m-33 col-s-100\">\n<div class=\"tech-item\">\n<div class=\"col-20 col-m-33 col-s-100\">\n<div class=\"tech-item\">\n<p><img decoding=\"async\" class=\"lazyloaded\" src=\"https:\/\/www.bliz.com\/media\/2265\/optical-adapter.png\" data-src=\"https:\/\/www.bliz.com\/media\/2265\/optical-adapter.png\" \/><\/p>\n<h6>Apto para adaptador \u00f3ptico<\/h6>\n<p>El adaptador \u00f3ptico permite integrar lentes graduadas para una visi\u00f3n \u00f3ptima durante la pr\u00e1ctica deportiva. Disponible como accesorio.<\/p>\n<p>&nbsp;<\/p>\n<\/div>\n<\/div>\n<\/div>\n<\/div>\n<p><\/div><\/div><\/div><\/p>\n","protected":false},"excerpt":{"rendered":"","protected":false},"featured_media":232756,"template":"","meta":{"_acf_changed":false,"inline_featured_image":false},"product_brand":[],"product_cat":[24205,24219],"product_tag":[23460],"class_list":{"0":"post-278761","1":"product","2":"type-product","3":"status-publish","4":"has-post-thumbnail","6":"product_cat-accesorios","7":"product_cat-gafas","8":"product_tag-bliz-es","9":"pa_attivita-caminar","10":"pa_attivita-outdoor-es","11":"pa_attivita-running-es","12":"pa_attivita-trail-es","13":"pa_colore-breeze-matt-black-nordic-light-es","14":"pa_marca-bliz-es","15":"pa_sesso-hombre","16":"pa_sesso-mujer","18":"first","19":"instock","20":"sale","21":"taxable","22":"shipping-taxable","23":"purchasable","24":"product-type-variable","25":"wvs-archive-product-wrapper"},"acf":[],"yoast_head":"<!-- This site is optimized with the Yoast SEO plugin v26.8 - https:\/\/yoast.com\/product\/yoast-seo-wordpress\/ -->\n<title>Bliz Breeze Nano Optics nordic light - gafas para correr - MioMioRun.com<\/title>\n<meta name=\"description\" content=\"Breeze Nano Optics Nordic Light siempre te ofrece una visi\u00f3n n\u00edtida. Unas gafas de \u00faltima generaci\u00f3n con un peso ultraligero.\" \/>\n<meta name=\"robots\" content=\"index, follow, max-snippet:-1, max-image-preview:large, max-video-preview:-1\" \/>\n<link rel=\"canonical\" href=\"https:\/\/www.miomiorun.com\/es\/producto\/bliz-breeze-nano-optics-nordic-light\/\" \/>\n<meta property=\"og:locale\" content=\"es_ES\" \/>\n<meta property=\"og:type\" content=\"article\" \/>\n<meta property=\"og:title\" content=\"Bliz Breeze Nano Optics nordic light - gafas para correr - MioMioRun.com\" \/>\n<meta property=\"og:description\" content=\"Breeze Nano Optics Nordic Light siempre te ofrece una visi\u00f3n n\u00edtida. Unas gafas de \u00faltima generaci\u00f3n con un peso ultraligero.\" \/>\n<meta property=\"og:url\" content=\"https:\/\/www.miomiorun.com\/es\/producto\/bliz-breeze-nano-optics-nordic-light\/\" \/>\n<meta property=\"og:site_name\" content=\"MioMioRun\" \/>\n<meta property=\"article:publisher\" content=\"https:\/\/www.facebook.com\/miomiorun\/\" \/>\n<meta property=\"article:modified_time\" content=\"2026-04-30T10:19:26+00:00\" \/>\n<meta property=\"og:image\" content=\"https:\/\/www.miomiorun.com\/app\/uploads\/2021\/07\/bliz-Breeze-Nano-Optics-nordic-light-52102-13N.jpg\" \/>\n\t<meta property=\"og:image:width\" content=\"600\" \/>\n\t<meta property=\"og:image:height\" content=\"600\" \/>\n\t<meta property=\"og:image:type\" content=\"image\/jpeg\" \/>\n<meta name=\"twitter:card\" content=\"summary_large_image\" \/>\n<meta name=\"twitter:label1\" content=\"Est. reading time\" \/>\n\t<meta name=\"twitter:data1\" content=\"4 minutes\" \/>\n<script type=\"application\/ld+json\" class=\"yoast-schema-graph\">{\"@context\":\"https:\/\/schema.org\",\"@graph\":[{\"@type\":\"WebPage\",\"@id\":\"https:\/\/www.miomiorun.com\/es\/producto\/bliz-breeze-nano-optics-nordic-light\/\",\"url\":\"https:\/\/www.miomiorun.com\/es\/producto\/bliz-breeze-nano-optics-nordic-light\/\",\"name\":\"Bliz Breeze Nano Optics nordic light - gafas para correr - MioMioRun.com\",\"isPartOf\":{\"@id\":\"https:\/\/www.miomiorun.com\/es\/#website\"},\"primaryImageOfPage\":{\"@id\":\"https:\/\/www.miomiorun.com\/es\/producto\/bliz-breeze-nano-optics-nordic-light\/#primaryimage\"},\"image\":{\"@id\":\"https:\/\/www.miomiorun.com\/es\/producto\/bliz-breeze-nano-optics-nordic-light\/#primaryimage\"},\"thumbnailUrl\":\"https:\/\/www.miomiorun.com\/app\/uploads\/2021\/07\/bliz-Breeze-Nano-Optics-nordic-light-52102-13N.jpg\",\"datePublished\":\"2021-07-24T17:08:01+00:00\",\"dateModified\":\"2026-04-30T10:19:26+00:00\",\"description\":\"Breeze Nano Optics Nordic Light siempre te ofrece una visi\u00f3n n\u00edtida. Unas gafas de \u00faltima generaci\u00f3n con un peso ultraligero.\",\"breadcrumb\":{\"@id\":\"https:\/\/www.miomiorun.com\/es\/producto\/bliz-breeze-nano-optics-nordic-light\/#breadcrumb\"},\"inLanguage\":\"es-ES\",\"potentialAction\":[{\"@type\":\"ReadAction\",\"target\":[\"https:\/\/www.miomiorun.com\/es\/producto\/bliz-breeze-nano-optics-nordic-light\/\"]}]},{\"@type\":\"ImageObject\",\"inLanguage\":\"es-ES\",\"@id\":\"https:\/\/www.miomiorun.com\/es\/producto\/bliz-breeze-nano-optics-nordic-light\/#primaryimage\",\"url\":\"https:\/\/www.miomiorun.com\/app\/uploads\/2021\/07\/bliz-Breeze-Nano-Optics-nordic-light-52102-13N.jpg\",\"contentUrl\":\"https:\/\/www.miomiorun.com\/app\/uploads\/2021\/07\/bliz-Breeze-Nano-Optics-nordic-light-52102-13N.jpg\",\"width\":600,\"height\":600,\"caption\":\"blitz breeze nano optics nordic light\"},{\"@type\":\"BreadcrumbList\",\"@id\":\"https:\/\/www.miomiorun.com\/es\/producto\/bliz-breeze-nano-optics-nordic-light\/#breadcrumb\",\"itemListElement\":[{\"@type\":\"ListItem\",\"position\":1,\"name\":\"Home\",\"item\":\"https:\/\/www.miomiorun.com\/es\/\"},{\"@type\":\"ListItem\",\"position\":2,\"name\":\"Shop\",\"item\":\"https:\/\/www.miomiorun.com\/shop\/\"},{\"@type\":\"ListItem\",\"position\":3,\"name\":\"Breeze Nano Optics nordic light\"}]},{\"@type\":\"WebSite\",\"@id\":\"https:\/\/www.miomiorun.com\/es\/#website\",\"url\":\"https:\/\/www.miomiorun.com\/es\/\",\"name\":\"MioMioRun\",\"description\":\"Tienda 100% running y trail\",\"publisher\":{\"@id\":\"https:\/\/www.miomiorun.com\/es\/#organization\"},\"potentialAction\":[{\"@type\":\"SearchAction\",\"target\":{\"@type\":\"EntryPoint\",\"urlTemplate\":\"https:\/\/www.miomiorun.com\/es\/?s={search_term_string}\"},\"query-input\":{\"@type\":\"PropertyValueSpecification\",\"valueRequired\":true,\"valueName\":\"search_term_string\"}}],\"inLanguage\":\"es-ES\"},{\"@type\":\"Organization\",\"@id\":\"https:\/\/www.miomiorun.com\/es\/#organization\",\"name\":\"MioMio Run\",\"url\":\"https:\/\/www.miomiorun.com\/es\/\",\"logo\":{\"@type\":\"ImageObject\",\"inLanguage\":\"es-ES\",\"@id\":\"https:\/\/www.miomiorun.com\/es\/#\/schema\/logo\/image\/\",\"url\":\"https:\/\/www.miomiorun.com\/app\/uploads\/2019\/12\/logomio.png\",\"contentUrl\":\"https:\/\/www.miomiorun.com\/app\/uploads\/2019\/12\/logomio.png\",\"width\":115,\"height\":82,\"caption\":\"MioMio Run\"},\"image\":{\"@id\":\"https:\/\/www.miomiorun.com\/es\/#\/schema\/logo\/image\/\"},\"sameAs\":[\"https:\/\/www.facebook.com\/miomiorun\/\",\"https:\/\/www.instagram.com\/miomiorun\/\"]}]}<\/script>\n<!-- \/ Yoast SEO plugin. -->","yoast_head_json":{"title":"Bliz Breeze Nano Optics nordic light - gafas para correr - MioMioRun.com","description":"Breeze Nano Optics Nordic Light siempre te ofrece una visi\u00f3n n\u00edtida. Unas gafas de \u00faltima generaci\u00f3n con un peso ultraligero.","robots":{"index":"index","follow":"follow","max-snippet":"max-snippet:-1","max-image-preview":"max-image-preview:large","max-video-preview":"max-video-preview:-1"},"canonical":"https:\/\/www.miomiorun.com\/es\/producto\/bliz-breeze-nano-optics-nordic-light\/","og_locale":"es_ES","og_type":"article","og_title":"Bliz Breeze Nano Optics nordic light - gafas para correr - MioMioRun.com","og_description":"Breeze Nano Optics Nordic Light siempre te ofrece una visi\u00f3n n\u00edtida. Unas gafas de \u00faltima generaci\u00f3n con un peso ultraligero.","og_url":"https:\/\/www.miomiorun.com\/es\/producto\/bliz-breeze-nano-optics-nordic-light\/","og_site_name":"MioMioRun","article_publisher":"https:\/\/www.facebook.com\/miomiorun\/","article_modified_time":"2026-04-30T10:19:26+00:00","og_image":[{"width":600,"height":600,"url":"https:\/\/www.miomiorun.com\/app\/uploads\/2021\/07\/bliz-Breeze-Nano-Optics-nordic-light-52102-13N.jpg","type":"image\/jpeg"}],"twitter_card":"summary_large_image","twitter_misc":{"Est. reading time":"4 minutes"},"schema":{"@context":"https:\/\/schema.org","@graph":[{"@type":"WebPage","@id":"https:\/\/www.miomiorun.com\/es\/producto\/bliz-breeze-nano-optics-nordic-light\/","url":"https:\/\/www.miomiorun.com\/es\/producto\/bliz-breeze-nano-optics-nordic-light\/","name":"Bliz Breeze Nano Optics nordic light - gafas para correr - MioMioRun.com","isPartOf":{"@id":"https:\/\/www.miomiorun.com\/es\/#website"},"primaryImageOfPage":{"@id":"https:\/\/www.miomiorun.com\/es\/producto\/bliz-breeze-nano-optics-nordic-light\/#primaryimage"},"image":{"@id":"https:\/\/www.miomiorun.com\/es\/producto\/bliz-breeze-nano-optics-nordic-light\/#primaryimage"},"thumbnailUrl":"https:\/\/www.miomiorun.com\/app\/uploads\/2021\/07\/bliz-Breeze-Nano-Optics-nordic-light-52102-13N.jpg","datePublished":"2021-07-24T17:08:01+00:00","dateModified":"2026-04-30T10:19:26+00:00","description":"Breeze Nano Optics Nordic Light siempre te ofrece una visi\u00f3n n\u00edtida. Unas gafas de \u00faltima generaci\u00f3n con un peso ultraligero.","breadcrumb":{"@id":"https:\/\/www.miomiorun.com\/es\/producto\/bliz-breeze-nano-optics-nordic-light\/#breadcrumb"},"inLanguage":"es-ES","potentialAction":[{"@type":"ReadAction","target":["https:\/\/www.miomiorun.com\/es\/producto\/bliz-breeze-nano-optics-nordic-light\/"]}]},{"@type":"ImageObject","inLanguage":"es-ES","@id":"https:\/\/www.miomiorun.com\/es\/producto\/bliz-breeze-nano-optics-nordic-light\/#primaryimage","url":"https:\/\/www.miomiorun.com\/app\/uploads\/2021\/07\/bliz-Breeze-Nano-Optics-nordic-light-52102-13N.jpg","contentUrl":"https:\/\/www.miomiorun.com\/app\/uploads\/2021\/07\/bliz-Breeze-Nano-Optics-nordic-light-52102-13N.jpg","width":600,"height":600,"caption":"blitz breeze nano optics nordic light"},{"@type":"BreadcrumbList","@id":"https:\/\/www.miomiorun.com\/es\/producto\/bliz-breeze-nano-optics-nordic-light\/#breadcrumb","itemListElement":[{"@type":"ListItem","position":1,"name":"Home","item":"https:\/\/www.miomiorun.com\/es\/"},{"@type":"ListItem","position":2,"name":"Shop","item":"https:\/\/www.miomiorun.com\/shop\/"},{"@type":"ListItem","position":3,"name":"Breeze Nano Optics nordic light"}]},{"@type":"WebSite","@id":"https:\/\/www.miomiorun.com\/es\/#website","url":"https:\/\/www.miomiorun.com\/es\/","name":"MioMioRun","description":"Tienda 100% running y trail","publisher":{"@id":"https:\/\/www.miomiorun.com\/es\/#organization"},"potentialAction":[{"@type":"SearchAction","target":{"@type":"EntryPoint","urlTemplate":"https:\/\/www.miomiorun.com\/es\/?s={search_term_string}"},"query-input":{"@type":"PropertyValueSpecification","valueRequired":true,"valueName":"search_term_string"}}],"inLanguage":"es-ES"},{"@type":"Organization","@id":"https:\/\/www.miomiorun.com\/es\/#organization","name":"MioMio Run","url":"https:\/\/www.miomiorun.com\/es\/","logo":{"@type":"ImageObject","inLanguage":"es-ES","@id":"https:\/\/www.miomiorun.com\/es\/#\/schema\/logo\/image\/","url":"https:\/\/www.miomiorun.com\/app\/uploads\/2019\/12\/logomio.png","contentUrl":"https:\/\/www.miomiorun.com\/app\/uploads\/2019\/12\/logomio.png","width":115,"height":82,"caption":"MioMio Run"},"image":{"@id":"https:\/\/www.miomiorun.com\/es\/#\/schema\/logo\/image\/"},"sameAs":["https:\/\/www.facebook.com\/miomiorun\/","https:\/\/www.instagram.com\/miomiorun\/"]}]}},"_links":{"self":[{"href":"https:\/\/www.miomiorun.com\/es\/wp-json\/wp\/v2\/product\/278761","targetHints":{"allow":["GET"]}}],"collection":[{"href":"https:\/\/www.miomiorun.com\/es\/wp-json\/wp\/v2\/product"}],"about":[{"href":"https:\/\/www.miomiorun.com\/es\/wp-json\/wp\/v2\/types\/product"}],"wp:featuredmedia":[{"embeddable":true,"href":"https:\/\/www.miomiorun.com\/es\/wp-json\/wp\/v2\/media\/232756"}],"wp:attachment":[{"href":"https:\/\/www.miomiorun.com\/es\/wp-json\/wp\/v2\/media?parent=278761"}],"wp:term":[{"taxonomy":"product_brand","embeddable":true,"href":"https:\/\/www.miomiorun.com\/es\/wp-json\/wp\/v2\/product_brand?post=278761"},{"taxonomy":"product_cat","embeddable":true,"href":"https:\/\/www.miomiorun.com\/es\/wp-json\/wp\/v2\/product_cat?post=278761"},{"taxonomy":"product_tag","embeddable":true,"href":"https:\/\/www.miomiorun.com\/es\/wp-json\/wp\/v2\/product_tag?post=278761"}],"curies":[{"name":"wp","href":"https:\/\/api.w.org\/{rel}","templated":true}]}}