{"id":278726,"date":"2021-07-27T17:56:26","date_gmt":"2021-07-27T15:56:26","guid":{"rendered":"https:\/\/miomiorun.com\/prodotto\/newline-imotion-cross-pants-uomo\/"},"modified":"2026-04-30T12:20:45","modified_gmt":"2026-04-30T10:20:45","slug":"newline-imotion-cross-pants-hombre","status":"publish","type":"product","link":"https:\/\/www.miomiorun.com\/es\/producto\/newline-imotion-cross-pants-hombre\/","title":{"rendered":"Imotion Cross Pants hombre"},"content":{"rendered":"<p id=\"tw-target-text\" class=\"tw-data-text tw-text-large XcVN5d tw-ta\" dir=\"ltr\" data-placeholder=\"Traduzione\"><span class=\"Y2IQFc\" lang=\"it\"><strong>Los pantalones Imotion Cross<\/strong> para hombre son unos pantalones de corte ajustado con protecci\u00f3n frontal cortavientos y un panel trasero el\u00e1stico de jersey cepillado para ofrecer una funcionalidad y una comodidad \u00f3ptimas.<\/span><\/p>\n<p class=\"tw-data-text tw-text-large XcVN5d tw-ta\" dir=\"ltr\" data-placeholder=\"Traduzione\"><span class=\"Y2IQFc\" lang=\"it\">Con pu\u00f1os acanalados con cremallera y un bolsillo trasero con cremallera, estos pantalones son la prenda h\u00edbrida perfecta; igual de c\u00f3modos para correr por los senderos que para pasear por la ciudad.<\/span><\/p>\n<h3 dir=\"ltr\" data-placeholder=\"Traduzione\">Caracter\u00edsticas<\/h3>\n<ul>\n<li class=\"tw-data-text tw-text-large XcVN5d tw-ta\" dir=\"ltr\" data-placeholder=\"Traduzione\"><span class=\"Y2IQFc\" lang=\"it\">Corte ajustado.<\/span><\/li>\n<li class=\"tw-data-text tw-text-large XcVN5d tw-ta\" dir=\"ltr\" data-placeholder=\"Traduzione\"><span class=\"Y2IQFc\" lang=\"it\">Pu\u00f1o acanalado con cremallera.<\/span><\/li>\n<li class=\"tw-data-text tw-text-large XcVN5d tw-ta\" dir=\"ltr\" data-placeholder=\"Traduzione\"><span class=\"Y2IQFc\" lang=\"it\">Bolsillo trasero con cremallera.<\/span><\/li>\n<li class=\"tw-data-text tw-text-large XcVN5d tw-ta\" dir=\"ltr\" data-placeholder=\"Traduzione\"><span class=\"Y2IQFc\" lang=\"it\">Cord\u00f3n en la cintura.<\/span><\/li>\n<li class=\"tw-data-text tw-text-large XcVN5d tw-ta\" dir=\"ltr\" data-placeholder=\"Traduzione\"><span class=\"Y2IQFc\" lang=\"it\">Panel trasero el\u00e1stico de jersey cepillado.<\/span><\/li>\n<li class=\"tw-data-text tw-text-large XcVN5d tw-ta\" dir=\"ltr\" data-placeholder=\"Traduzione\"><span class=\"Y2IQFc\" lang=\"it\">Panel frontal de protecci\u00f3n contra el viento.<\/span><\/li>\n<li class=\"tw-data-text tw-text-large XcVN5d tw-ta\" dir=\"ltr\" data-placeholder=\"Traduzione\"><span class=\"Y2IQFc\" lang=\"it\">Exterior: 100 % poli\u00e9ster. Tejido: 100 % poli\u00e9ster.<\/span><\/li>\n<\/ul>\n","protected":false},"excerpt":{"rendered":"<p>Los pantalones Imotion Cross para hombre son unos pantalones de corte ajustado con protecci\u00f3n frontal cortavientos y un panel trasero el\u00e1stico de jersey cepillado para ofrecer una funcionalidad y una comodidad \u00f3ptimas. Con pu\u00f1os acanalados con cremallera y un bolsillo trasero con cremallera, estos pantalones son la prenda h\u00edbrida perfecta; igual de c\u00f3modos para correr &hellip; <a href=\"https:\/\/www.miomiorun.com\/es\/producto\/newline-imotion-cross-pants-hombre\/\">Continued<\/a><\/p>\n","protected":false},"featured_media":232804,"template":"","meta":{"_acf_changed":false,"inline_featured_image":false},"product_brand":[],"product_cat":[24471,24464,24411],"product_tag":[23509,23590],"class_list":{"0":"post-278726","1":"product","2":"type-product","3":"status-publish","4":"has-post-thumbnail","6":"product_cat-pantalones-largos-es-3","7":"product_cat-hombre","8":"product_cat-ofertas-para-hombres","9":"product_tag-newline-es","10":"product_tag-newline-hombre","11":"pa_attivita-caminar","12":"pa_attivita-running-es","13":"pa_marca-newline-es","14":"pa_sesso-hombre","15":"pa_size-medium-es","17":"first","18":"instock","19":"sale","20":"taxable","21":"shipping-taxable","22":"purchasable","23":"product-type-variable","24":"wvs-archive-product-wrapper"},"acf":[],"yoast_head":"<!-- This site is optimized with the Yoast SEO plugin v26.8 - https:\/\/yoast.com\/product\/yoast-seo-wordpress\/ -->\n<title>Newline Imotion Cross Pants hombre - Pantalones para correr- MioMioRun<\/title>\n<meta name=\"description\" content=\"Los pantalones Imotion Cross para hombre son unos pantalones de corte ajustado con protecci\u00f3n frontal cortavientos y un panel trasero el\u00e1stico de jersey\" \/>\n<meta name=\"robots\" content=\"index, follow, max-snippet:-1, max-image-preview:large, max-video-preview:-1\" \/>\n<link rel=\"canonical\" href=\"https:\/\/www.miomiorun.com\/es\/producto\/newline-imotion-cross-pants-hombre\/\" \/>\n<meta property=\"og:locale\" content=\"es_ES\" \/>\n<meta property=\"og:type\" content=\"article\" \/>\n<meta property=\"og:title\" content=\"Newline Imotion Cross Pants hombre - Pantalones para correr- MioMioRun\" \/>\n<meta property=\"og:description\" content=\"Los pantalones Imotion Cross para hombre son unos pantalones de corte ajustado con protecci\u00f3n frontal cortavientos y un panel trasero el\u00e1stico de jersey\" \/>\n<meta property=\"og:url\" content=\"https:\/\/www.miomiorun.com\/es\/producto\/newline-imotion-cross-pants-hombre\/\" \/>\n<meta property=\"og:site_name\" content=\"MioMioRun\" \/>\n<meta property=\"article:publisher\" content=\"https:\/\/www.facebook.com\/miomiorun\/\" \/>\n<meta property=\"article:modified_time\" content=\"2026-04-30T10:20:45+00:00\" \/>\n<meta property=\"og:image\" content=\"https:\/\/www.miomiorun.com\/app\/uploads\/2021\/07\/newline-Imotion-cross-pants-71212-361.jpg\" \/>\n\t<meta property=\"og:image:width\" content=\"600\" \/>\n\t<meta property=\"og:image:height\" content=\"600\" \/>\n\t<meta property=\"og:image:type\" content=\"image\/jpeg\" \/>\n<meta name=\"twitter:card\" content=\"summary_large_image\" \/>\n<meta name=\"twitter:label1\" content=\"Est. reading time\" \/>\n\t<meta name=\"twitter:data1\" content=\"1 minute\" \/>\n<script type=\"application\/ld+json\" class=\"yoast-schema-graph\">{\"@context\":\"https:\/\/schema.org\",\"@graph\":[{\"@type\":\"WebPage\",\"@id\":\"https:\/\/www.miomiorun.com\/es\/producto\/newline-imotion-cross-pants-hombre\/\",\"url\":\"https:\/\/www.miomiorun.com\/es\/producto\/newline-imotion-cross-pants-hombre\/\",\"name\":\"Newline Imotion Cross Pants hombre - Pantalones para correr- MioMioRun\",\"isPartOf\":{\"@id\":\"https:\/\/www.miomiorun.com\/es\/#website\"},\"primaryImageOfPage\":{\"@id\":\"https:\/\/www.miomiorun.com\/es\/producto\/newline-imotion-cross-pants-hombre\/#primaryimage\"},\"image\":{\"@id\":\"https:\/\/www.miomiorun.com\/es\/producto\/newline-imotion-cross-pants-hombre\/#primaryimage\"},\"thumbnailUrl\":\"https:\/\/www.miomiorun.com\/app\/uploads\/2021\/07\/newline-Imotion-cross-pants-71212-361.jpg\",\"datePublished\":\"2021-07-27T15:56:26+00:00\",\"dateModified\":\"2026-04-30T10:20:45+00:00\",\"description\":\"Los pantalones Imotion Cross para hombre son unos pantalones de corte ajustado con protecci\u00f3n frontal cortavientos y un panel trasero el\u00e1stico de jersey\",\"breadcrumb\":{\"@id\":\"https:\/\/www.miomiorun.com\/es\/producto\/newline-imotion-cross-pants-hombre\/#breadcrumb\"},\"inLanguage\":\"es-ES\",\"potentialAction\":[{\"@type\":\"ReadAction\",\"target\":[\"https:\/\/www.miomiorun.com\/es\/producto\/newline-imotion-cross-pants-hombre\/\"]}]},{\"@type\":\"ImageObject\",\"inLanguage\":\"es-ES\",\"@id\":\"https:\/\/www.miomiorun.com\/es\/producto\/newline-imotion-cross-pants-hombre\/#primaryimage\",\"url\":\"https:\/\/www.miomiorun.com\/app\/uploads\/2021\/07\/newline-Imotion-cross-pants-71212-361.jpg\",\"contentUrl\":\"https:\/\/www.miomiorun.com\/app\/uploads\/2021\/07\/newline-Imotion-cross-pants-71212-361.jpg\",\"width\":600,\"height\":600,\"caption\":\"imotion cross pants\"},{\"@type\":\"BreadcrumbList\",\"@id\":\"https:\/\/www.miomiorun.com\/es\/producto\/newline-imotion-cross-pants-hombre\/#breadcrumb\",\"itemListElement\":[{\"@type\":\"ListItem\",\"position\":1,\"name\":\"Home\",\"item\":\"https:\/\/www.miomiorun.com\/es\/\"},{\"@type\":\"ListItem\",\"position\":2,\"name\":\"Shop\",\"item\":\"https:\/\/www.miomiorun.com\/shop\/\"},{\"@type\":\"ListItem\",\"position\":3,\"name\":\"Imotion Cross Pants hombre\"}]},{\"@type\":\"WebSite\",\"@id\":\"https:\/\/www.miomiorun.com\/es\/#website\",\"url\":\"https:\/\/www.miomiorun.com\/es\/\",\"name\":\"MioMioRun\",\"description\":\"Tienda 100% running y trail\",\"publisher\":{\"@id\":\"https:\/\/www.miomiorun.com\/es\/#organization\"},\"potentialAction\":[{\"@type\":\"SearchAction\",\"target\":{\"@type\":\"EntryPoint\",\"urlTemplate\":\"https:\/\/www.miomiorun.com\/es\/?s={search_term_string}\"},\"query-input\":{\"@type\":\"PropertyValueSpecification\",\"valueRequired\":true,\"valueName\":\"search_term_string\"}}],\"inLanguage\":\"es-ES\"},{\"@type\":\"Organization\",\"@id\":\"https:\/\/www.miomiorun.com\/es\/#organization\",\"name\":\"MioMio Run\",\"url\":\"https:\/\/www.miomiorun.com\/es\/\",\"logo\":{\"@type\":\"ImageObject\",\"inLanguage\":\"es-ES\",\"@id\":\"https:\/\/www.miomiorun.com\/es\/#\/schema\/logo\/image\/\",\"url\":\"https:\/\/www.miomiorun.com\/app\/uploads\/2019\/12\/logomio.png\",\"contentUrl\":\"https:\/\/www.miomiorun.com\/app\/uploads\/2019\/12\/logomio.png\",\"width\":115,\"height\":82,\"caption\":\"MioMio Run\"},\"image\":{\"@id\":\"https:\/\/www.miomiorun.com\/es\/#\/schema\/logo\/image\/\"},\"sameAs\":[\"https:\/\/www.facebook.com\/miomiorun\/\",\"https:\/\/www.instagram.com\/miomiorun\/\"]}]}<\/script>\n<!-- \/ Yoast SEO plugin. -->","yoast_head_json":{"title":"Newline Imotion Cross Pants hombre - Pantalones para correr- MioMioRun","description":"Los pantalones Imotion Cross para hombre son unos pantalones de corte ajustado con protecci\u00f3n frontal cortavientos y un panel trasero el\u00e1stico de jersey","robots":{"index":"index","follow":"follow","max-snippet":"max-snippet:-1","max-image-preview":"max-image-preview:large","max-video-preview":"max-video-preview:-1"},"canonical":"https:\/\/www.miomiorun.com\/es\/producto\/newline-imotion-cross-pants-hombre\/","og_locale":"es_ES","og_type":"article","og_title":"Newline Imotion Cross Pants hombre - Pantalones para correr- MioMioRun","og_description":"Los pantalones Imotion Cross para hombre son unos pantalones de corte ajustado con protecci\u00f3n frontal cortavientos y un panel trasero el\u00e1stico de jersey","og_url":"https:\/\/www.miomiorun.com\/es\/producto\/newline-imotion-cross-pants-hombre\/","og_site_name":"MioMioRun","article_publisher":"https:\/\/www.facebook.com\/miomiorun\/","article_modified_time":"2026-04-30T10:20:45+00:00","og_image":[{"width":600,"height":600,"url":"https:\/\/www.miomiorun.com\/app\/uploads\/2021\/07\/newline-Imotion-cross-pants-71212-361.jpg","type":"image\/jpeg"}],"twitter_card":"summary_large_image","twitter_misc":{"Est. reading time":"1 minute"},"schema":{"@context":"https:\/\/schema.org","@graph":[{"@type":"WebPage","@id":"https:\/\/www.miomiorun.com\/es\/producto\/newline-imotion-cross-pants-hombre\/","url":"https:\/\/www.miomiorun.com\/es\/producto\/newline-imotion-cross-pants-hombre\/","name":"Newline Imotion Cross Pants hombre - Pantalones para correr- MioMioRun","isPartOf":{"@id":"https:\/\/www.miomiorun.com\/es\/#website"},"primaryImageOfPage":{"@id":"https:\/\/www.miomiorun.com\/es\/producto\/newline-imotion-cross-pants-hombre\/#primaryimage"},"image":{"@id":"https:\/\/www.miomiorun.com\/es\/producto\/newline-imotion-cross-pants-hombre\/#primaryimage"},"thumbnailUrl":"https:\/\/www.miomiorun.com\/app\/uploads\/2021\/07\/newline-Imotion-cross-pants-71212-361.jpg","datePublished":"2021-07-27T15:56:26+00:00","dateModified":"2026-04-30T10:20:45+00:00","description":"Los pantalones Imotion Cross para hombre son unos pantalones de corte ajustado con protecci\u00f3n frontal cortavientos y un panel trasero el\u00e1stico de jersey","breadcrumb":{"@id":"https:\/\/www.miomiorun.com\/es\/producto\/newline-imotion-cross-pants-hombre\/#breadcrumb"},"inLanguage":"es-ES","potentialAction":[{"@type":"ReadAction","target":["https:\/\/www.miomiorun.com\/es\/producto\/newline-imotion-cross-pants-hombre\/"]}]},{"@type":"ImageObject","inLanguage":"es-ES","@id":"https:\/\/www.miomiorun.com\/es\/producto\/newline-imotion-cross-pants-hombre\/#primaryimage","url":"https:\/\/www.miomiorun.com\/app\/uploads\/2021\/07\/newline-Imotion-cross-pants-71212-361.jpg","contentUrl":"https:\/\/www.miomiorun.com\/app\/uploads\/2021\/07\/newline-Imotion-cross-pants-71212-361.jpg","width":600,"height":600,"caption":"imotion cross pants"},{"@type":"BreadcrumbList","@id":"https:\/\/www.miomiorun.com\/es\/producto\/newline-imotion-cross-pants-hombre\/#breadcrumb","itemListElement":[{"@type":"ListItem","position":1,"name":"Home","item":"https:\/\/www.miomiorun.com\/es\/"},{"@type":"ListItem","position":2,"name":"Shop","item":"https:\/\/www.miomiorun.com\/shop\/"},{"@type":"ListItem","position":3,"name":"Imotion Cross Pants hombre"}]},{"@type":"WebSite","@id":"https:\/\/www.miomiorun.com\/es\/#website","url":"https:\/\/www.miomiorun.com\/es\/","name":"MioMioRun","description":"Tienda 100% running y trail","publisher":{"@id":"https:\/\/www.miomiorun.com\/es\/#organization"},"potentialAction":[{"@type":"SearchAction","target":{"@type":"EntryPoint","urlTemplate":"https:\/\/www.miomiorun.com\/es\/?s={search_term_string}"},"query-input":{"@type":"PropertyValueSpecification","valueRequired":true,"valueName":"search_term_string"}}],"inLanguage":"es-ES"},{"@type":"Organization","@id":"https:\/\/www.miomiorun.com\/es\/#organization","name":"MioMio Run","url":"https:\/\/www.miomiorun.com\/es\/","logo":{"@type":"ImageObject","inLanguage":"es-ES","@id":"https:\/\/www.miomiorun.com\/es\/#\/schema\/logo\/image\/","url":"https:\/\/www.miomiorun.com\/app\/uploads\/2019\/12\/logomio.png","contentUrl":"https:\/\/www.miomiorun.com\/app\/uploads\/2019\/12\/logomio.png","width":115,"height":82,"caption":"MioMio Run"},"image":{"@id":"https:\/\/www.miomiorun.com\/es\/#\/schema\/logo\/image\/"},"sameAs":["https:\/\/www.facebook.com\/miomiorun\/","https:\/\/www.instagram.com\/miomiorun\/"]}]}},"_links":{"self":[{"href":"https:\/\/www.miomiorun.com\/es\/wp-json\/wp\/v2\/product\/278726","targetHints":{"allow":["GET"]}}],"collection":[{"href":"https:\/\/www.miomiorun.com\/es\/wp-json\/wp\/v2\/product"}],"about":[{"href":"https:\/\/www.miomiorun.com\/es\/wp-json\/wp\/v2\/types\/product"}],"wp:featuredmedia":[{"embeddable":true,"href":"https:\/\/www.miomiorun.com\/es\/wp-json\/wp\/v2\/media\/232804"}],"wp:attachment":[{"href":"https:\/\/www.miomiorun.com\/es\/wp-json\/wp\/v2\/media?parent=278726"}],"wp:term":[{"taxonomy":"product_brand","embeddable":true,"href":"https:\/\/www.miomiorun.com\/es\/wp-json\/wp\/v2\/product_brand?post=278726"},{"taxonomy":"product_cat","embeddable":true,"href":"https:\/\/www.miomiorun.com\/es\/wp-json\/wp\/v2\/product_cat?post=278726"},{"taxonomy":"product_tag","embeddable":true,"href":"https:\/\/www.miomiorun.com\/es\/wp-json\/wp\/v2\/product_tag?post=278726"}],"curies":[{"name":"wp","href":"https:\/\/api.w.org\/{rel}","templated":true}]}}