{"id":278675,"date":"2021-08-04T11:17:04","date_gmt":"2021-08-04T09:17:04","guid":{"rendered":"https:\/\/miomiorun.com\/prodotto\/brooks-uplift-cross-donna\/"},"modified":"2026-04-30T12:25:58","modified_gmt":"2026-04-30T10:25:58","slug":"brooks-uplift-cross-mujer","status":"publish","type":"product","link":"https:\/\/www.miomiorun.com\/es\/producto\/brooks-uplift-cross-mujer\/","title":{"rendered":"Uplift Cross mujer"},"content":{"rendered":"<p>El sujetador deportivo Uplift Crossback para mujer es perfecto para entrenamientos de intensidad media, mejora la sujeci\u00f3n y te ofrece un ajuste perfecto.<\/p>\n<p>Las tiras cruzadas de powermesh ofrecen la m\u00e1xima ventilaci\u00f3n, mientras que la banda interior DryLayer se adapta para ofrecer un ajuste personalizado y aleja el sudor, para que te sientas fresco y c\u00f3modo.<\/p>\n<h3>Caracter\u00edsticas:<\/h3>\n<ul>\n<li>Sujetador deportivo cruzado con compresi\u00f3n\/envoltura<\/li>\n<li>\u00a0La tecnolog\u00eda DriLayer\u00ae aleja el sudor para mantenerte fresco y seco<\/li>\n<li>Las copas moldeadas ultraligeras y perforadas ofrecen una comodidad y un ajuste superiores<\/li>\n<li>Powermesh: las correas cruzadas en la espalda proporcionan una ventilaci\u00f3n estrat\u00e9gica y una libertad de movimiento total<\/li>\n<li>Cierre con gancho en forma de J para encenderlo y apagarlo f\u00e1cilmente<\/li>\n<li>El corte ajustado y entallado aporta estabilidad y discreci\u00f3n<\/li>\n<li>Ideal para copas C\/D<\/li>\n<li>Lavar a mano o en la lavadora con un programa delicado<\/li>\n<\/ul>\n<p>&nbsp;<\/p>\n","protected":false},"excerpt":{"rendered":"<p>El sujetador deportivo Uplift Crossback para mujer es perfecto para entrenamientos de intensidad media, mejora la sujeci\u00f3n y te ofrece un ajuste perfecto. Las tiras cruzadas de powermesh ofrecen la m\u00e1xima ventilaci\u00f3n, mientras que la banda interior DryLayer se adapta para ofrecer un ajuste personalizado y aleja el sudor, para que te sientas fresco y &hellip; <a href=\"https:\/\/www.miomiorun.com\/es\/producto\/brooks-uplift-cross-mujer\/\">Continued<\/a><\/p>\n","protected":false},"featured_media":232912,"template":"","meta":{"_acf_changed":false,"inline_featured_image":false},"product_brand":[],"product_cat":[24420,24424,24244],"product_tag":[23463,23664],"class_list":{"0":"post-278675","1":"product","2":"type-product","3":"status-publish","4":"has-post-thumbnail","6":"product_cat-ropa-de-mujer-es","7":"product_cat-ropa-interior-es","8":"product_cat-ofertas-para-mujeres","9":"product_tag-brooks-es","10":"product_tag-brooks-mujer","11":"pa_attivita-caminar","12":"pa_attivita-fitness-es","13":"pa_attivita-running-es","14":"pa_colore-uplift-crossback-bloom-scape-es","15":"pa_colore-uplift-crossback-black-black-mosaic-es","16":"pa_marca-brooks-es","17":"pa_sesso-mujer","18":"pa_size-small-es","20":"first","21":"instock","22":"sale","23":"taxable","24":"shipping-taxable","25":"purchasable","26":"product-type-variable","27":"wvs-archive-product-wrapper"},"acf":[],"yoast_head":"<!-- This site is optimized with the Yoast SEO plugin v26.8 - https:\/\/yoast.com\/product\/yoast-seo-wordpress\/ -->\n<title>Brooks Uplift Cross mujer - Sujetador deportivo - MioMioRun<\/title>\n<meta name=\"description\" content=\"El sujetador deportivo Uplift Crossback para mujer es perfecto para entrenamientos de intensidad media y mejora la sujeci\u00f3n\" \/>\n<meta name=\"robots\" content=\"index, follow, max-snippet:-1, max-image-preview:large, max-video-preview:-1\" \/>\n<link rel=\"canonical\" href=\"https:\/\/www.miomiorun.com\/es\/producto\/brooks-uplift-cross-mujer\/\" \/>\n<meta property=\"og:locale\" content=\"es_ES\" \/>\n<meta property=\"og:type\" content=\"article\" \/>\n<meta property=\"og:title\" content=\"Brooks Uplift Cross mujer - Sujetador deportivo - MioMioRun\" \/>\n<meta property=\"og:description\" content=\"El sujetador deportivo Uplift Crossback para mujer es perfecto para entrenamientos de intensidad media y mejora la sujeci\u00f3n\" \/>\n<meta property=\"og:url\" content=\"https:\/\/www.miomiorun.com\/es\/producto\/brooks-uplift-cross-mujer\/\" \/>\n<meta property=\"og:site_name\" content=\"MioMioRun\" \/>\n<meta property=\"article:publisher\" content=\"https:\/\/www.facebook.com\/miomiorun\/\" \/>\n<meta property=\"article:modified_time\" content=\"2026-04-30T10:25:58+00:00\" \/>\n<meta property=\"og:image\" content=\"https:\/\/www.miomiorun.com\/app\/uploads\/2021\/08\/brooks-UPLIFT-CROSSBACK-300616-653.jpg\" \/>\n\t<meta property=\"og:image:width\" content=\"600\" \/>\n\t<meta property=\"og:image:height\" content=\"600\" \/>\n\t<meta property=\"og:image:type\" content=\"image\/jpeg\" \/>\n<meta name=\"twitter:card\" content=\"summary_large_image\" \/>\n<meta name=\"twitter:label1\" content=\"Est. reading time\" \/>\n\t<meta name=\"twitter:data1\" content=\"1 minute\" \/>\n<script type=\"application\/ld+json\" class=\"yoast-schema-graph\">{\"@context\":\"https:\/\/schema.org\",\"@graph\":[{\"@type\":\"WebPage\",\"@id\":\"https:\/\/www.miomiorun.com\/es\/producto\/brooks-uplift-cross-mujer\/\",\"url\":\"https:\/\/www.miomiorun.com\/es\/producto\/brooks-uplift-cross-mujer\/\",\"name\":\"Brooks Uplift Cross mujer - Sujetador deportivo - MioMioRun\",\"isPartOf\":{\"@id\":\"https:\/\/www.miomiorun.com\/es\/#website\"},\"primaryImageOfPage\":{\"@id\":\"https:\/\/www.miomiorun.com\/es\/producto\/brooks-uplift-cross-mujer\/#primaryimage\"},\"image\":{\"@id\":\"https:\/\/www.miomiorun.com\/es\/producto\/brooks-uplift-cross-mujer\/#primaryimage\"},\"thumbnailUrl\":\"https:\/\/www.miomiorun.com\/app\/uploads\/2021\/08\/brooks-UPLIFT-CROSSBACK-300616-653.jpg\",\"datePublished\":\"2021-08-04T09:17:04+00:00\",\"dateModified\":\"2026-04-30T10:25:58+00:00\",\"description\":\"El sujetador deportivo Uplift Crossback para mujer es perfecto para entrenamientos de intensidad media y mejora la sujeci\u00f3n\",\"breadcrumb\":{\"@id\":\"https:\/\/www.miomiorun.com\/es\/producto\/brooks-uplift-cross-mujer\/#breadcrumb\"},\"inLanguage\":\"es-ES\",\"potentialAction\":[{\"@type\":\"ReadAction\",\"target\":[\"https:\/\/www.miomiorun.com\/es\/producto\/brooks-uplift-cross-mujer\/\"]}]},{\"@type\":\"ImageObject\",\"inLanguage\":\"es-ES\",\"@id\":\"https:\/\/www.miomiorun.com\/es\/producto\/brooks-uplift-cross-mujer\/#primaryimage\",\"url\":\"https:\/\/www.miomiorun.com\/app\/uploads\/2021\/08\/brooks-UPLIFT-CROSSBACK-300616-653.jpg\",\"contentUrl\":\"https:\/\/www.miomiorun.com\/app\/uploads\/2021\/08\/brooks-UPLIFT-CROSSBACK-300616-653.jpg\",\"width\":600,\"height\":600,\"caption\":\"brooks-UPLIFT-CROSSBACK-300616-653\"},{\"@type\":\"BreadcrumbList\",\"@id\":\"https:\/\/www.miomiorun.com\/es\/producto\/brooks-uplift-cross-mujer\/#breadcrumb\",\"itemListElement\":[{\"@type\":\"ListItem\",\"position\":1,\"name\":\"Home\",\"item\":\"https:\/\/www.miomiorun.com\/es\/\"},{\"@type\":\"ListItem\",\"position\":2,\"name\":\"Shop\",\"item\":\"https:\/\/www.miomiorun.com\/shop\/\"},{\"@type\":\"ListItem\",\"position\":3,\"name\":\"Uplift Cross mujer\"}]},{\"@type\":\"WebSite\",\"@id\":\"https:\/\/www.miomiorun.com\/es\/#website\",\"url\":\"https:\/\/www.miomiorun.com\/es\/\",\"name\":\"MioMioRun\",\"description\":\"Tienda 100% running y trail\",\"publisher\":{\"@id\":\"https:\/\/www.miomiorun.com\/es\/#organization\"},\"potentialAction\":[{\"@type\":\"SearchAction\",\"target\":{\"@type\":\"EntryPoint\",\"urlTemplate\":\"https:\/\/www.miomiorun.com\/es\/?s={search_term_string}\"},\"query-input\":{\"@type\":\"PropertyValueSpecification\",\"valueRequired\":true,\"valueName\":\"search_term_string\"}}],\"inLanguage\":\"es-ES\"},{\"@type\":\"Organization\",\"@id\":\"https:\/\/www.miomiorun.com\/es\/#organization\",\"name\":\"MioMio Run\",\"url\":\"https:\/\/www.miomiorun.com\/es\/\",\"logo\":{\"@type\":\"ImageObject\",\"inLanguage\":\"es-ES\",\"@id\":\"https:\/\/www.miomiorun.com\/es\/#\/schema\/logo\/image\/\",\"url\":\"https:\/\/www.miomiorun.com\/app\/uploads\/2019\/12\/logomio.png\",\"contentUrl\":\"https:\/\/www.miomiorun.com\/app\/uploads\/2019\/12\/logomio.png\",\"width\":115,\"height\":82,\"caption\":\"MioMio Run\"},\"image\":{\"@id\":\"https:\/\/www.miomiorun.com\/es\/#\/schema\/logo\/image\/\"},\"sameAs\":[\"https:\/\/www.facebook.com\/miomiorun\/\",\"https:\/\/www.instagram.com\/miomiorun\/\"]}]}<\/script>\n<!-- \/ Yoast SEO plugin. -->","yoast_head_json":{"title":"Brooks Uplift Cross mujer - Sujetador deportivo - MioMioRun","description":"El sujetador deportivo Uplift Crossback para mujer es perfecto para entrenamientos de intensidad media y mejora la sujeci\u00f3n","robots":{"index":"index","follow":"follow","max-snippet":"max-snippet:-1","max-image-preview":"max-image-preview:large","max-video-preview":"max-video-preview:-1"},"canonical":"https:\/\/www.miomiorun.com\/es\/producto\/brooks-uplift-cross-mujer\/","og_locale":"es_ES","og_type":"article","og_title":"Brooks Uplift Cross mujer - Sujetador deportivo - MioMioRun","og_description":"El sujetador deportivo Uplift Crossback para mujer es perfecto para entrenamientos de intensidad media y mejora la sujeci\u00f3n","og_url":"https:\/\/www.miomiorun.com\/es\/producto\/brooks-uplift-cross-mujer\/","og_site_name":"MioMioRun","article_publisher":"https:\/\/www.facebook.com\/miomiorun\/","article_modified_time":"2026-04-30T10:25:58+00:00","og_image":[{"width":600,"height":600,"url":"https:\/\/www.miomiorun.com\/app\/uploads\/2021\/08\/brooks-UPLIFT-CROSSBACK-300616-653.jpg","type":"image\/jpeg"}],"twitter_card":"summary_large_image","twitter_misc":{"Est. reading time":"1 minute"},"schema":{"@context":"https:\/\/schema.org","@graph":[{"@type":"WebPage","@id":"https:\/\/www.miomiorun.com\/es\/producto\/brooks-uplift-cross-mujer\/","url":"https:\/\/www.miomiorun.com\/es\/producto\/brooks-uplift-cross-mujer\/","name":"Brooks Uplift Cross mujer - Sujetador deportivo - MioMioRun","isPartOf":{"@id":"https:\/\/www.miomiorun.com\/es\/#website"},"primaryImageOfPage":{"@id":"https:\/\/www.miomiorun.com\/es\/producto\/brooks-uplift-cross-mujer\/#primaryimage"},"image":{"@id":"https:\/\/www.miomiorun.com\/es\/producto\/brooks-uplift-cross-mujer\/#primaryimage"},"thumbnailUrl":"https:\/\/www.miomiorun.com\/app\/uploads\/2021\/08\/brooks-UPLIFT-CROSSBACK-300616-653.jpg","datePublished":"2021-08-04T09:17:04+00:00","dateModified":"2026-04-30T10:25:58+00:00","description":"El sujetador deportivo Uplift Crossback para mujer es perfecto para entrenamientos de intensidad media y mejora la sujeci\u00f3n","breadcrumb":{"@id":"https:\/\/www.miomiorun.com\/es\/producto\/brooks-uplift-cross-mujer\/#breadcrumb"},"inLanguage":"es-ES","potentialAction":[{"@type":"ReadAction","target":["https:\/\/www.miomiorun.com\/es\/producto\/brooks-uplift-cross-mujer\/"]}]},{"@type":"ImageObject","inLanguage":"es-ES","@id":"https:\/\/www.miomiorun.com\/es\/producto\/brooks-uplift-cross-mujer\/#primaryimage","url":"https:\/\/www.miomiorun.com\/app\/uploads\/2021\/08\/brooks-UPLIFT-CROSSBACK-300616-653.jpg","contentUrl":"https:\/\/www.miomiorun.com\/app\/uploads\/2021\/08\/brooks-UPLIFT-CROSSBACK-300616-653.jpg","width":600,"height":600,"caption":"brooks-UPLIFT-CROSSBACK-300616-653"},{"@type":"BreadcrumbList","@id":"https:\/\/www.miomiorun.com\/es\/producto\/brooks-uplift-cross-mujer\/#breadcrumb","itemListElement":[{"@type":"ListItem","position":1,"name":"Home","item":"https:\/\/www.miomiorun.com\/es\/"},{"@type":"ListItem","position":2,"name":"Shop","item":"https:\/\/www.miomiorun.com\/shop\/"},{"@type":"ListItem","position":3,"name":"Uplift Cross mujer"}]},{"@type":"WebSite","@id":"https:\/\/www.miomiorun.com\/es\/#website","url":"https:\/\/www.miomiorun.com\/es\/","name":"MioMioRun","description":"Tienda 100% running y trail","publisher":{"@id":"https:\/\/www.miomiorun.com\/es\/#organization"},"potentialAction":[{"@type":"SearchAction","target":{"@type":"EntryPoint","urlTemplate":"https:\/\/www.miomiorun.com\/es\/?s={search_term_string}"},"query-input":{"@type":"PropertyValueSpecification","valueRequired":true,"valueName":"search_term_string"}}],"inLanguage":"es-ES"},{"@type":"Organization","@id":"https:\/\/www.miomiorun.com\/es\/#organization","name":"MioMio Run","url":"https:\/\/www.miomiorun.com\/es\/","logo":{"@type":"ImageObject","inLanguage":"es-ES","@id":"https:\/\/www.miomiorun.com\/es\/#\/schema\/logo\/image\/","url":"https:\/\/www.miomiorun.com\/app\/uploads\/2019\/12\/logomio.png","contentUrl":"https:\/\/www.miomiorun.com\/app\/uploads\/2019\/12\/logomio.png","width":115,"height":82,"caption":"MioMio Run"},"image":{"@id":"https:\/\/www.miomiorun.com\/es\/#\/schema\/logo\/image\/"},"sameAs":["https:\/\/www.facebook.com\/miomiorun\/","https:\/\/www.instagram.com\/miomiorun\/"]}]}},"_links":{"self":[{"href":"https:\/\/www.miomiorun.com\/es\/wp-json\/wp\/v2\/product\/278675","targetHints":{"allow":["GET"]}}],"collection":[{"href":"https:\/\/www.miomiorun.com\/es\/wp-json\/wp\/v2\/product"}],"about":[{"href":"https:\/\/www.miomiorun.com\/es\/wp-json\/wp\/v2\/types\/product"}],"wp:featuredmedia":[{"embeddable":true,"href":"https:\/\/www.miomiorun.com\/es\/wp-json\/wp\/v2\/media\/232912"}],"wp:attachment":[{"href":"https:\/\/www.miomiorun.com\/es\/wp-json\/wp\/v2\/media?parent=278675"}],"wp:term":[{"taxonomy":"product_brand","embeddable":true,"href":"https:\/\/www.miomiorun.com\/es\/wp-json\/wp\/v2\/product_brand?post=278675"},{"taxonomy":"product_cat","embeddable":true,"href":"https:\/\/www.miomiorun.com\/es\/wp-json\/wp\/v2\/product_cat?post=278675"},{"taxonomy":"product_tag","embeddable":true,"href":"https:\/\/www.miomiorun.com\/es\/wp-json\/wp\/v2\/product_tag?post=278675"}],"curies":[{"name":"wp","href":"https:\/\/api.w.org\/{rel}","templated":true}]}}