{"id":278536,"date":"2021-08-14T17:59:29","date_gmt":"2021-08-14T15:59:29","guid":{"rendered":"https:\/\/miomiorun.com\/prodotto\/craft-cool-intenstity-rn-ss-uomo\/"},"modified":"2026-04-30T15:37:54","modified_gmt":"2026-04-30T13:37:54","slug":"craft-cool-intenstity-rn-ss-hombre","status":"publish","type":"product","link":"https:\/\/www.miomiorun.com\/es\/producto\/craft-cool-intenstity-rn-ss-hombre\/","title":{"rendered":"Cool Intensity RN SS hombre"},"content":{"rendered":"<p>ALTAMENTE TRANSPIRABLE, IDEAL PARA TODAS LAS ACTIVIDADES A ALTAS TEMPERATURAS, PERFECTO PARA LOS D\u00cdAS C\u00c1LIDOS Y EL ENTRENAMIENTO EN INTERIORES<br \/>\n<strong>Cool Intenstity<\/strong> para hombre ha sido dise\u00f1ado para garantizar la m\u00e1xima transpirabilidad en condiciones de altas temperaturas durante la actividad, tanto en interiores como al aire libre.<br \/>\nLas prendas est\u00e1n confeccionadas con un hilo especial estructurado con m\u00faltiples canales que aleja eficazmente el sudor del cuerpo para mantenerlo fresco.<br \/>\nEl dise\u00f1o 3D garantiza un ajuste perfecto y libertad de movimiento.<\/p>\n<p><strong>TRANSPORTE DE HUMEDAD<\/strong><\/p>\n<p>El tejido evacua la humedad de la piel hacia el exterior de la prenda: te mantienes fresco y seco durante los entrenamientos intensos.<\/p>\n<p><strong>SIN COSTURAS<\/strong><\/p>\n<p>Dise\u00f1o sin costuras que evita las rozaduras y ofrece un tacto suave<\/p>\n<p><strong>CARACTER\u00cdSTICAS<\/strong><\/p>\n<ul>\n<li>Camiseta sin mangas de verano para hombre<\/li>\n<li>Muy transpirable<\/li>\n<li>Ideal para todas las actividades a altas temperaturas<\/li>\n<li>Sin costuras<\/li>\n<li>Paneles de malla con mapeado corporal<\/li>\n<li>Fibras Coolmax Ai<\/li>\n<li>Tejido: 100 % poli\u00e9ster<\/li>\n<\/ul>\n","protected":false},"excerpt":{"rendered":"<p>ALTAMENTE TRANSPIRABLE, IDEAL PARA TODAS LAS ACTIVIDADES A ALTAS TEMPERATURAS, PERFECTO PARA LOS D\u00cdAS C\u00c1LIDOS Y EL ENTRENAMIENTO EN INTERIORES Cool Intenstity para hombre ha sido dise\u00f1ado para garantizar la m\u00e1xima transpirabilidad en condiciones de altas temperaturas durante la actividad, tanto en interiores como al aire libre. Las prendas est\u00e1n confeccionadas con un hilo especial &hellip; <a href=\"https:\/\/www.miomiorun.com\/es\/producto\/craft-cool-intenstity-rn-ss-hombre\/\">Continued<\/a><\/p>\n","protected":false},"featured_media":233108,"template":"","meta":{"_acf_changed":false,"inline_featured_image":false},"product_brand":[],"product_cat":[24463,24459,24464],"product_tag":[23553,23663],"class_list":{"0":"post-278536","1":"product","2":"type-product","3":"status-publish","4":"has-post-thumbnail","6":"product_cat-ropa-de-hombre-es","7":"product_cat-ropa-interior-es-2","8":"product_cat-hombre","9":"product_tag-craft-es","10":"product_tag-craft-hombre","11":"pa_attivita-caminar","12":"pa_attivita-fitness-es","13":"pa_attivita-outdoor-es","14":"pa_attivita-running-es","15":"pa_attivita-trail-es","16":"pa_colore-cool-intensity-rn-ss-m-black-es","17":"pa_colore-cool-intensity-rn-ss-m-haven-es","18":"pa_colore-cool-intensity-rn-ss-true-blue-es","19":"pa_colore-cool-intenstity-rn-ss-m-white-es","20":"pa_marca-craft-es","21":"pa_sesso-hombre","22":"pa_size-small-es","23":"pa_size-medium-es","24":"pa_size-large-es","25":"pa_size-extra-large-es","27":"first","28":"instock","29":"sale","30":"taxable","31":"shipping-taxable","32":"purchasable","33":"product-type-variable","34":"wvs-archive-product-wrapper"},"acf":[],"yoast_head":"<!-- This site is optimized with the Yoast SEO plugin v26.8 - https:\/\/yoast.com\/product\/yoast-seo-wordpress\/ -->\n<title>Craft Cool Intensity RN SS hombre - Ropa interior t\u00e9rmica - MioMioRun<\/title>\n<meta name=\"description\" content=\"Cool Intenstity para hombre ha sido dise\u00f1ado para garantizar la m\u00e1xima transpirabilidad en condiciones de altas temperaturas durante la actividad\" \/>\n<meta name=\"robots\" content=\"index, follow, max-snippet:-1, max-image-preview:large, max-video-preview:-1\" \/>\n<link rel=\"canonical\" href=\"https:\/\/www.miomiorun.com\/es\/producto\/craft-cool-intenstity-rn-ss-hombre\/\" \/>\n<meta property=\"og:locale\" content=\"es_ES\" \/>\n<meta property=\"og:type\" content=\"article\" \/>\n<meta property=\"og:title\" content=\"Craft Cool Intensity RN SS hombre - Ropa interior t\u00e9rmica - MioMioRun\" \/>\n<meta property=\"og:description\" content=\"Cool Intenstity para hombre ha sido dise\u00f1ado para garantizar la m\u00e1xima transpirabilidad en condiciones de altas temperaturas durante la actividad\" \/>\n<meta property=\"og:url\" content=\"https:\/\/www.miomiorun.com\/es\/producto\/craft-cool-intenstity-rn-ss-hombre\/\" \/>\n<meta property=\"og:site_name\" content=\"MioMioRun\" \/>\n<meta property=\"article:publisher\" content=\"https:\/\/www.facebook.com\/miomiorun\/\" \/>\n<meta property=\"article:modified_time\" content=\"2026-04-30T13:37:54+00:00\" \/>\n<meta property=\"og:image\" content=\"https:\/\/www.miomiorun.com\/app\/uploads\/2021\/09\/craft-Cool-intenstity-RN-SS-1904922-1900.jpg\" \/>\n\t<meta property=\"og:image:width\" content=\"600\" \/>\n\t<meta property=\"og:image:height\" content=\"600\" \/>\n\t<meta property=\"og:image:type\" content=\"image\/jpeg\" \/>\n<meta name=\"twitter:card\" content=\"summary_large_image\" \/>\n<meta name=\"twitter:label1\" content=\"Est. reading time\" \/>\n\t<meta name=\"twitter:data1\" content=\"1 minute\" \/>\n<script type=\"application\/ld+json\" class=\"yoast-schema-graph\">{\"@context\":\"https:\/\/schema.org\",\"@graph\":[{\"@type\":\"WebPage\",\"@id\":\"https:\/\/www.miomiorun.com\/es\/producto\/craft-cool-intenstity-rn-ss-hombre\/\",\"url\":\"https:\/\/www.miomiorun.com\/es\/producto\/craft-cool-intenstity-rn-ss-hombre\/\",\"name\":\"Craft Cool Intensity RN SS hombre - Ropa interior t\u00e9rmica - MioMioRun\",\"isPartOf\":{\"@id\":\"https:\/\/www.miomiorun.com\/es\/#website\"},\"primaryImageOfPage\":{\"@id\":\"https:\/\/www.miomiorun.com\/es\/producto\/craft-cool-intenstity-rn-ss-hombre\/#primaryimage\"},\"image\":{\"@id\":\"https:\/\/www.miomiorun.com\/es\/producto\/craft-cool-intenstity-rn-ss-hombre\/#primaryimage\"},\"thumbnailUrl\":\"https:\/\/www.miomiorun.com\/app\/uploads\/2021\/09\/craft-Cool-intenstity-RN-SS-1904922-1900.jpg\",\"datePublished\":\"2021-08-14T15:59:29+00:00\",\"dateModified\":\"2026-04-30T13:37:54+00:00\",\"description\":\"Cool Intenstity para hombre ha sido dise\u00f1ado para garantizar la m\u00e1xima transpirabilidad en condiciones de altas temperaturas durante la actividad\",\"breadcrumb\":{\"@id\":\"https:\/\/www.miomiorun.com\/es\/producto\/craft-cool-intenstity-rn-ss-hombre\/#breadcrumb\"},\"inLanguage\":\"es-ES\",\"potentialAction\":[{\"@type\":\"ReadAction\",\"target\":[\"https:\/\/www.miomiorun.com\/es\/producto\/craft-cool-intenstity-rn-ss-hombre\/\"]}]},{\"@type\":\"ImageObject\",\"inLanguage\":\"es-ES\",\"@id\":\"https:\/\/www.miomiorun.com\/es\/producto\/craft-cool-intenstity-rn-ss-hombre\/#primaryimage\",\"url\":\"https:\/\/www.miomiorun.com\/app\/uploads\/2021\/09\/craft-Cool-intenstity-RN-SS-1904922-1900.jpg\",\"contentUrl\":\"https:\/\/www.miomiorun.com\/app\/uploads\/2021\/09\/craft-Cool-intenstity-RN-SS-1904922-1900.jpg\",\"width\":600,\"height\":600,\"caption\":\"craft cool intenity rn ss\"},{\"@type\":\"BreadcrumbList\",\"@id\":\"https:\/\/www.miomiorun.com\/es\/producto\/craft-cool-intenstity-rn-ss-hombre\/#breadcrumb\",\"itemListElement\":[{\"@type\":\"ListItem\",\"position\":1,\"name\":\"Home\",\"item\":\"https:\/\/www.miomiorun.com\/es\/\"},{\"@type\":\"ListItem\",\"position\":2,\"name\":\"Shop\",\"item\":\"https:\/\/www.miomiorun.com\/shop\/\"},{\"@type\":\"ListItem\",\"position\":3,\"name\":\"Cool Intensity RN SS hombre\"}]},{\"@type\":\"WebSite\",\"@id\":\"https:\/\/www.miomiorun.com\/es\/#website\",\"url\":\"https:\/\/www.miomiorun.com\/es\/\",\"name\":\"MioMioRun\",\"description\":\"Tienda 100% running y trail\",\"publisher\":{\"@id\":\"https:\/\/www.miomiorun.com\/es\/#organization\"},\"potentialAction\":[{\"@type\":\"SearchAction\",\"target\":{\"@type\":\"EntryPoint\",\"urlTemplate\":\"https:\/\/www.miomiorun.com\/es\/?s={search_term_string}\"},\"query-input\":{\"@type\":\"PropertyValueSpecification\",\"valueRequired\":true,\"valueName\":\"search_term_string\"}}],\"inLanguage\":\"es-ES\"},{\"@type\":\"Organization\",\"@id\":\"https:\/\/www.miomiorun.com\/es\/#organization\",\"name\":\"MioMio Run\",\"url\":\"https:\/\/www.miomiorun.com\/es\/\",\"logo\":{\"@type\":\"ImageObject\",\"inLanguage\":\"es-ES\",\"@id\":\"https:\/\/www.miomiorun.com\/es\/#\/schema\/logo\/image\/\",\"url\":\"https:\/\/www.miomiorun.com\/app\/uploads\/2019\/12\/logomio.png\",\"contentUrl\":\"https:\/\/www.miomiorun.com\/app\/uploads\/2019\/12\/logomio.png\",\"width\":115,\"height\":82,\"caption\":\"MioMio Run\"},\"image\":{\"@id\":\"https:\/\/www.miomiorun.com\/es\/#\/schema\/logo\/image\/\"},\"sameAs\":[\"https:\/\/www.facebook.com\/miomiorun\/\",\"https:\/\/www.instagram.com\/miomiorun\/\"]}]}<\/script>\n<!-- \/ Yoast SEO plugin. -->","yoast_head_json":{"title":"Craft Cool Intensity RN SS hombre - Ropa interior t\u00e9rmica - MioMioRun","description":"Cool Intenstity para hombre ha sido dise\u00f1ado para garantizar la m\u00e1xima transpirabilidad en condiciones de altas temperaturas durante la actividad","robots":{"index":"index","follow":"follow","max-snippet":"max-snippet:-1","max-image-preview":"max-image-preview:large","max-video-preview":"max-video-preview:-1"},"canonical":"https:\/\/www.miomiorun.com\/es\/producto\/craft-cool-intenstity-rn-ss-hombre\/","og_locale":"es_ES","og_type":"article","og_title":"Craft Cool Intensity RN SS hombre - Ropa interior t\u00e9rmica - MioMioRun","og_description":"Cool Intenstity para hombre ha sido dise\u00f1ado para garantizar la m\u00e1xima transpirabilidad en condiciones de altas temperaturas durante la actividad","og_url":"https:\/\/www.miomiorun.com\/es\/producto\/craft-cool-intenstity-rn-ss-hombre\/","og_site_name":"MioMioRun","article_publisher":"https:\/\/www.facebook.com\/miomiorun\/","article_modified_time":"2026-04-30T13:37:54+00:00","og_image":[{"width":600,"height":600,"url":"https:\/\/www.miomiorun.com\/app\/uploads\/2021\/09\/craft-Cool-intenstity-RN-SS-1904922-1900.jpg","type":"image\/jpeg"}],"twitter_card":"summary_large_image","twitter_misc":{"Est. reading time":"1 minute"},"schema":{"@context":"https:\/\/schema.org","@graph":[{"@type":"WebPage","@id":"https:\/\/www.miomiorun.com\/es\/producto\/craft-cool-intenstity-rn-ss-hombre\/","url":"https:\/\/www.miomiorun.com\/es\/producto\/craft-cool-intenstity-rn-ss-hombre\/","name":"Craft Cool Intensity RN SS hombre - Ropa interior t\u00e9rmica - MioMioRun","isPartOf":{"@id":"https:\/\/www.miomiorun.com\/es\/#website"},"primaryImageOfPage":{"@id":"https:\/\/www.miomiorun.com\/es\/producto\/craft-cool-intenstity-rn-ss-hombre\/#primaryimage"},"image":{"@id":"https:\/\/www.miomiorun.com\/es\/producto\/craft-cool-intenstity-rn-ss-hombre\/#primaryimage"},"thumbnailUrl":"https:\/\/www.miomiorun.com\/app\/uploads\/2021\/09\/craft-Cool-intenstity-RN-SS-1904922-1900.jpg","datePublished":"2021-08-14T15:59:29+00:00","dateModified":"2026-04-30T13:37:54+00:00","description":"Cool Intenstity para hombre ha sido dise\u00f1ado para garantizar la m\u00e1xima transpirabilidad en condiciones de altas temperaturas durante la actividad","breadcrumb":{"@id":"https:\/\/www.miomiorun.com\/es\/producto\/craft-cool-intenstity-rn-ss-hombre\/#breadcrumb"},"inLanguage":"es-ES","potentialAction":[{"@type":"ReadAction","target":["https:\/\/www.miomiorun.com\/es\/producto\/craft-cool-intenstity-rn-ss-hombre\/"]}]},{"@type":"ImageObject","inLanguage":"es-ES","@id":"https:\/\/www.miomiorun.com\/es\/producto\/craft-cool-intenstity-rn-ss-hombre\/#primaryimage","url":"https:\/\/www.miomiorun.com\/app\/uploads\/2021\/09\/craft-Cool-intenstity-RN-SS-1904922-1900.jpg","contentUrl":"https:\/\/www.miomiorun.com\/app\/uploads\/2021\/09\/craft-Cool-intenstity-RN-SS-1904922-1900.jpg","width":600,"height":600,"caption":"craft cool intenity rn ss"},{"@type":"BreadcrumbList","@id":"https:\/\/www.miomiorun.com\/es\/producto\/craft-cool-intenstity-rn-ss-hombre\/#breadcrumb","itemListElement":[{"@type":"ListItem","position":1,"name":"Home","item":"https:\/\/www.miomiorun.com\/es\/"},{"@type":"ListItem","position":2,"name":"Shop","item":"https:\/\/www.miomiorun.com\/shop\/"},{"@type":"ListItem","position":3,"name":"Cool Intensity RN SS hombre"}]},{"@type":"WebSite","@id":"https:\/\/www.miomiorun.com\/es\/#website","url":"https:\/\/www.miomiorun.com\/es\/","name":"MioMioRun","description":"Tienda 100% running y trail","publisher":{"@id":"https:\/\/www.miomiorun.com\/es\/#organization"},"potentialAction":[{"@type":"SearchAction","target":{"@type":"EntryPoint","urlTemplate":"https:\/\/www.miomiorun.com\/es\/?s={search_term_string}"},"query-input":{"@type":"PropertyValueSpecification","valueRequired":true,"valueName":"search_term_string"}}],"inLanguage":"es-ES"},{"@type":"Organization","@id":"https:\/\/www.miomiorun.com\/es\/#organization","name":"MioMio Run","url":"https:\/\/www.miomiorun.com\/es\/","logo":{"@type":"ImageObject","inLanguage":"es-ES","@id":"https:\/\/www.miomiorun.com\/es\/#\/schema\/logo\/image\/","url":"https:\/\/www.miomiorun.com\/app\/uploads\/2019\/12\/logomio.png","contentUrl":"https:\/\/www.miomiorun.com\/app\/uploads\/2019\/12\/logomio.png","width":115,"height":82,"caption":"MioMio Run"},"image":{"@id":"https:\/\/www.miomiorun.com\/es\/#\/schema\/logo\/image\/"},"sameAs":["https:\/\/www.facebook.com\/miomiorun\/","https:\/\/www.instagram.com\/miomiorun\/"]}]}},"_links":{"self":[{"href":"https:\/\/www.miomiorun.com\/es\/wp-json\/wp\/v2\/product\/278536","targetHints":{"allow":["GET"]}}],"collection":[{"href":"https:\/\/www.miomiorun.com\/es\/wp-json\/wp\/v2\/product"}],"about":[{"href":"https:\/\/www.miomiorun.com\/es\/wp-json\/wp\/v2\/types\/product"}],"wp:featuredmedia":[{"embeddable":true,"href":"https:\/\/www.miomiorun.com\/es\/wp-json\/wp\/v2\/media\/233108"}],"wp:attachment":[{"href":"https:\/\/www.miomiorun.com\/es\/wp-json\/wp\/v2\/media?parent=278536"}],"wp:term":[{"taxonomy":"product_brand","embeddable":true,"href":"https:\/\/www.miomiorun.com\/es\/wp-json\/wp\/v2\/product_brand?post=278536"},{"taxonomy":"product_cat","embeddable":true,"href":"https:\/\/www.miomiorun.com\/es\/wp-json\/wp\/v2\/product_cat?post=278536"},{"taxonomy":"product_tag","embeddable":true,"href":"https:\/\/www.miomiorun.com\/es\/wp-json\/wp\/v2\/product_tag?post=278536"}],"curies":[{"name":"wp","href":"https:\/\/api.w.org\/{rel}","templated":true}]}}