{"id":278534,"date":"2021-08-14T10:34:45","date_gmt":"2021-08-14T08:34:45","guid":{"rendered":"https:\/\/miomiorun.com\/prodotto\/craft-ctm-cn-ls-donna\/"},"modified":"2026-04-30T15:36:40","modified_gmt":"2026-04-30T13:36:40","slug":"craft-ctm-cn-ls-mujer","status":"publish","type":"product","link":"https:\/\/www.miomiorun.com\/es\/producto\/craft-ctm-cn-ls-mujer\/","title":{"rendered":"CTM CN LS mujer"},"content":{"rendered":"<p id=\"tw-target-text\" class=\"tw-data-text tw-text-large XcVN5d tw-ta\" dir=\"ltr\" data-placeholder=\"Traduzione\"><span class=\"Y2IQFc\" lang=\"it\"><strong>CTM CN LS<\/strong> para mujer est\u00e1 dise\u00f1ada para satisfacer las necesidades de los campeones mundiales y la llevan atletas profesionales que dominan competiciones de alto nivel en todo el mundo. Su excelente evacuaci\u00f3n de la humedad, ventilaci\u00f3n y ajuste, adem\u00e1s de su peso excepcionalmente ligero, hacen de esta camiseta la elecci\u00f3n perfecta para las atletas que buscan la perfecci\u00f3n en todos los aspectos de su entrenamiento y sus carreras. <\/span><\/p>\n<p class=\"tw-data-text tw-text-large XcVN5d tw-ta\" dir=\"ltr\" data-placeholder=\"Traduzione\"><span class=\"Y2IQFc\" lang=\"it\">Confeccionada magistralmente mediante la innovadora tecnolog\u00eda <strong>Warp Knit Seamless<\/strong>, la capa base <strong>CTM<\/strong> presenta un exclusivo tejido de punto 3D que ofrece una libertad de movimiento, un ajuste y una comodidad sin igual. Este tejido de punto de dise\u00f1o t\u00e9cnico tambi\u00e9n incluye un mapeado corporal creativo y de alta precisi\u00f3n para una gesti\u00f3n excepcional de la temperatura corporal. <\/span><\/p>\n<p class=\"tw-data-text tw-text-large XcVN5d tw-ta\" dir=\"ltr\" data-placeholder=\"Traduzione\"><span class=\"Y2IQFc\" lang=\"it\">Warp Knit Seamless es una tecnolog\u00eda revolucionaria de tejido de punto que permite dise\u00f1ar ropa deportiva sin costuras. Esta innovadora tecnolog\u00eda, en la que las prendas se tejen en una sola pieza, garantiza un proceso de producci\u00f3n eficiente con un m\u00ednimo de desperdicio. Adem\u00e1s, las prendas se pueden personalizar acortando las mangas, las perneras, etc., para adaptarlas a tus necesidades espec\u00edficas. Gracias a la exclusiva tecnolog\u00eda Warp Knit Seamless, la prenda mantiene su forma incluso cuando se cortan algunas partes.<\/span><\/p>\n<p dir=\"ltr\" data-placeholder=\"Traduzione\"><strong>Caracter\u00edsticas:<\/strong><\/p>\n<ul>\n<li dir=\"ltr\" data-placeholder=\"Traduzione\"><span class=\"Y2IQFc\" lang=\"it\">Dise\u00f1o aut\u00e9ntico y profesional<\/span><\/li>\n<li dir=\"ltr\" data-placeholder=\"Traduzione\"><span class=\"Y2IQFc\" lang=\"it\">Jersey de punto por la urdimbre para una libertad de movimiento \u00f3ptima<\/span><\/li>\n<\/ul>\n","protected":false},"excerpt":{"rendered":"<p>CTM CN LS para mujer est\u00e1 dise\u00f1ada para satisfacer las necesidades de los campeones mundiales y la llevan atletas profesionales que dominan competiciones de alto nivel en todo el mundo. Su excelente evacuaci\u00f3n de la humedad, ventilaci\u00f3n y ajuste, adem\u00e1s de su peso excepcionalmente ligero, hacen de esta camiseta la elecci\u00f3n perfecta para las atletas &hellip; <a href=\"https:\/\/www.miomiorun.com\/es\/producto\/craft-ctm-cn-ls-mujer\/\">Continued<\/a><\/p>\n","protected":false},"featured_media":233104,"template":"","meta":{"_acf_changed":false,"inline_featured_image":false},"product_brand":[],"product_cat":[24401,24397],"product_tag":[23553,23659],"class_list":{"0":"post-278534","1":"product","2":"type-product","3":"status-publish","4":"has-post-thumbnail","6":"product_cat-ropa-de-mujer","7":"product_cat-ropa-interior","8":"product_tag-craft-es","9":"product_tag-craft-mujer","10":"pa_attivita-caminar","11":"pa_attivita-outdoor-es","12":"pa_attivita-running-es","13":"pa_attivita-trail-es","14":"pa_marca-craft-es","15":"pa_sesso-mujer","16":"pa_size-small-es","18":"first","19":"instock","20":"sale","21":"taxable","22":"shipping-taxable","23":"purchasable","24":"product-type-variable","25":"wvs-archive-product-wrapper"},"acf":[],"yoast_head":"<!-- This site is optimized with the Yoast SEO plugin v26.8 - https:\/\/yoast.com\/product\/yoast-seo-wordpress\/ -->\n<title>Craft CTM CN LS mujer - Ropa interior t\u00e9rmica - MioMioRun<\/title>\n<meta name=\"description\" content=\"El CTM CN LS para mujer est\u00e1 fabricado con la innovadora tecnolog\u00eda Warp Knit Seamless, y la capa base del CTM presenta un tejido de punto 3D.\" \/>\n<meta name=\"robots\" content=\"index, follow, max-snippet:-1, max-image-preview:large, max-video-preview:-1\" \/>\n<link rel=\"canonical\" href=\"https:\/\/www.miomiorun.com\/es\/producto\/craft-ctm-cn-ls-mujer\/\" \/>\n<meta property=\"og:locale\" content=\"es_ES\" \/>\n<meta property=\"og:type\" content=\"article\" \/>\n<meta property=\"og:title\" content=\"Craft CTM CN LS mujer - Ropa interior t\u00e9rmica - MioMioRun\" \/>\n<meta property=\"og:description\" content=\"El CTM CN LS para mujer est\u00e1 fabricado con la innovadora tecnolog\u00eda Warp Knit Seamless, y la capa base del CTM presenta un tejido de punto 3D.\" \/>\n<meta property=\"og:url\" content=\"https:\/\/www.miomiorun.com\/es\/producto\/craft-ctm-cn-ls-mujer\/\" \/>\n<meta property=\"og:site_name\" content=\"MioMioRun\" \/>\n<meta property=\"article:publisher\" content=\"https:\/\/www.facebook.com\/miomiorun\/\" \/>\n<meta property=\"article:modified_time\" content=\"2026-04-30T13:36:40+00:00\" \/>\n<meta property=\"og:image\" content=\"https:\/\/www.miomiorun.com\/app\/uploads\/2021\/08\/craft-CTM-RN-LS-1907861-999000.jpg\" \/>\n\t<meta property=\"og:image:width\" content=\"600\" \/>\n\t<meta property=\"og:image:height\" content=\"600\" \/>\n\t<meta property=\"og:image:type\" content=\"image\/jpeg\" \/>\n<meta name=\"twitter:card\" content=\"summary_large_image\" \/>\n<meta name=\"twitter:label1\" content=\"Est. reading time\" \/>\n\t<meta name=\"twitter:data1\" content=\"1 minute\" \/>\n<script type=\"application\/ld+json\" class=\"yoast-schema-graph\">{\"@context\":\"https:\/\/schema.org\",\"@graph\":[{\"@type\":\"WebPage\",\"@id\":\"https:\/\/www.miomiorun.com\/es\/producto\/craft-ctm-cn-ls-mujer\/\",\"url\":\"https:\/\/www.miomiorun.com\/es\/producto\/craft-ctm-cn-ls-mujer\/\",\"name\":\"Craft CTM CN LS mujer - Ropa interior t\u00e9rmica - MioMioRun\",\"isPartOf\":{\"@id\":\"https:\/\/www.miomiorun.com\/es\/#website\"},\"primaryImageOfPage\":{\"@id\":\"https:\/\/www.miomiorun.com\/es\/producto\/craft-ctm-cn-ls-mujer\/#primaryimage\"},\"image\":{\"@id\":\"https:\/\/www.miomiorun.com\/es\/producto\/craft-ctm-cn-ls-mujer\/#primaryimage\"},\"thumbnailUrl\":\"https:\/\/www.miomiorun.com\/app\/uploads\/2021\/08\/craft-CTM-RN-LS-1907861-999000.jpg\",\"datePublished\":\"2021-08-14T08:34:45+00:00\",\"dateModified\":\"2026-04-30T13:36:40+00:00\",\"description\":\"El CTM CN LS para mujer est\u00e1 fabricado con la innovadora tecnolog\u00eda Warp Knit Seamless, y la capa base del CTM presenta un tejido de punto 3D.\",\"breadcrumb\":{\"@id\":\"https:\/\/www.miomiorun.com\/es\/producto\/craft-ctm-cn-ls-mujer\/#breadcrumb\"},\"inLanguage\":\"es-ES\",\"potentialAction\":[{\"@type\":\"ReadAction\",\"target\":[\"https:\/\/www.miomiorun.com\/es\/producto\/craft-ctm-cn-ls-mujer\/\"]}]},{\"@type\":\"ImageObject\",\"inLanguage\":\"es-ES\",\"@id\":\"https:\/\/www.miomiorun.com\/es\/producto\/craft-ctm-cn-ls-mujer\/#primaryimage\",\"url\":\"https:\/\/www.miomiorun.com\/app\/uploads\/2021\/08\/craft-CTM-RN-LS-1907861-999000.jpg\",\"contentUrl\":\"https:\/\/www.miomiorun.com\/app\/uploads\/2021\/08\/craft-CTM-RN-LS-1907861-999000.jpg\",\"width\":600,\"height\":600,\"caption\":\"craft ctm cn ls\"},{\"@type\":\"BreadcrumbList\",\"@id\":\"https:\/\/www.miomiorun.com\/es\/producto\/craft-ctm-cn-ls-mujer\/#breadcrumb\",\"itemListElement\":[{\"@type\":\"ListItem\",\"position\":1,\"name\":\"Home\",\"item\":\"https:\/\/www.miomiorun.com\/es\/\"},{\"@type\":\"ListItem\",\"position\":2,\"name\":\"Shop\",\"item\":\"https:\/\/www.miomiorun.com\/shop\/\"},{\"@type\":\"ListItem\",\"position\":3,\"name\":\"CTM CN LS mujer\"}]},{\"@type\":\"WebSite\",\"@id\":\"https:\/\/www.miomiorun.com\/es\/#website\",\"url\":\"https:\/\/www.miomiorun.com\/es\/\",\"name\":\"MioMioRun\",\"description\":\"Tienda 100% running y trail\",\"publisher\":{\"@id\":\"https:\/\/www.miomiorun.com\/es\/#organization\"},\"potentialAction\":[{\"@type\":\"SearchAction\",\"target\":{\"@type\":\"EntryPoint\",\"urlTemplate\":\"https:\/\/www.miomiorun.com\/es\/?s={search_term_string}\"},\"query-input\":{\"@type\":\"PropertyValueSpecification\",\"valueRequired\":true,\"valueName\":\"search_term_string\"}}],\"inLanguage\":\"es-ES\"},{\"@type\":\"Organization\",\"@id\":\"https:\/\/www.miomiorun.com\/es\/#organization\",\"name\":\"MioMio Run\",\"url\":\"https:\/\/www.miomiorun.com\/es\/\",\"logo\":{\"@type\":\"ImageObject\",\"inLanguage\":\"es-ES\",\"@id\":\"https:\/\/www.miomiorun.com\/es\/#\/schema\/logo\/image\/\",\"url\":\"https:\/\/www.miomiorun.com\/app\/uploads\/2019\/12\/logomio.png\",\"contentUrl\":\"https:\/\/www.miomiorun.com\/app\/uploads\/2019\/12\/logomio.png\",\"width\":115,\"height\":82,\"caption\":\"MioMio Run\"},\"image\":{\"@id\":\"https:\/\/www.miomiorun.com\/es\/#\/schema\/logo\/image\/\"},\"sameAs\":[\"https:\/\/www.facebook.com\/miomiorun\/\",\"https:\/\/www.instagram.com\/miomiorun\/\"]}]}<\/script>\n<!-- \/ Yoast SEO plugin. -->","yoast_head_json":{"title":"Craft CTM CN LS mujer - Ropa interior t\u00e9rmica - MioMioRun","description":"El CTM CN LS para mujer est\u00e1 fabricado con la innovadora tecnolog\u00eda Warp Knit Seamless, y la capa base del CTM presenta un tejido de punto 3D.","robots":{"index":"index","follow":"follow","max-snippet":"max-snippet:-1","max-image-preview":"max-image-preview:large","max-video-preview":"max-video-preview:-1"},"canonical":"https:\/\/www.miomiorun.com\/es\/producto\/craft-ctm-cn-ls-mujer\/","og_locale":"es_ES","og_type":"article","og_title":"Craft CTM CN LS mujer - Ropa interior t\u00e9rmica - MioMioRun","og_description":"El CTM CN LS para mujer est\u00e1 fabricado con la innovadora tecnolog\u00eda Warp Knit Seamless, y la capa base del CTM presenta un tejido de punto 3D.","og_url":"https:\/\/www.miomiorun.com\/es\/producto\/craft-ctm-cn-ls-mujer\/","og_site_name":"MioMioRun","article_publisher":"https:\/\/www.facebook.com\/miomiorun\/","article_modified_time":"2026-04-30T13:36:40+00:00","og_image":[{"width":600,"height":600,"url":"https:\/\/www.miomiorun.com\/app\/uploads\/2021\/08\/craft-CTM-RN-LS-1907861-999000.jpg","type":"image\/jpeg"}],"twitter_card":"summary_large_image","twitter_misc":{"Est. reading time":"1 minute"},"schema":{"@context":"https:\/\/schema.org","@graph":[{"@type":"WebPage","@id":"https:\/\/www.miomiorun.com\/es\/producto\/craft-ctm-cn-ls-mujer\/","url":"https:\/\/www.miomiorun.com\/es\/producto\/craft-ctm-cn-ls-mujer\/","name":"Craft CTM CN LS mujer - Ropa interior t\u00e9rmica - MioMioRun","isPartOf":{"@id":"https:\/\/www.miomiorun.com\/es\/#website"},"primaryImageOfPage":{"@id":"https:\/\/www.miomiorun.com\/es\/producto\/craft-ctm-cn-ls-mujer\/#primaryimage"},"image":{"@id":"https:\/\/www.miomiorun.com\/es\/producto\/craft-ctm-cn-ls-mujer\/#primaryimage"},"thumbnailUrl":"https:\/\/www.miomiorun.com\/app\/uploads\/2021\/08\/craft-CTM-RN-LS-1907861-999000.jpg","datePublished":"2021-08-14T08:34:45+00:00","dateModified":"2026-04-30T13:36:40+00:00","description":"El CTM CN LS para mujer est\u00e1 fabricado con la innovadora tecnolog\u00eda Warp Knit Seamless, y la capa base del CTM presenta un tejido de punto 3D.","breadcrumb":{"@id":"https:\/\/www.miomiorun.com\/es\/producto\/craft-ctm-cn-ls-mujer\/#breadcrumb"},"inLanguage":"es-ES","potentialAction":[{"@type":"ReadAction","target":["https:\/\/www.miomiorun.com\/es\/producto\/craft-ctm-cn-ls-mujer\/"]}]},{"@type":"ImageObject","inLanguage":"es-ES","@id":"https:\/\/www.miomiorun.com\/es\/producto\/craft-ctm-cn-ls-mujer\/#primaryimage","url":"https:\/\/www.miomiorun.com\/app\/uploads\/2021\/08\/craft-CTM-RN-LS-1907861-999000.jpg","contentUrl":"https:\/\/www.miomiorun.com\/app\/uploads\/2021\/08\/craft-CTM-RN-LS-1907861-999000.jpg","width":600,"height":600,"caption":"craft ctm cn ls"},{"@type":"BreadcrumbList","@id":"https:\/\/www.miomiorun.com\/es\/producto\/craft-ctm-cn-ls-mujer\/#breadcrumb","itemListElement":[{"@type":"ListItem","position":1,"name":"Home","item":"https:\/\/www.miomiorun.com\/es\/"},{"@type":"ListItem","position":2,"name":"Shop","item":"https:\/\/www.miomiorun.com\/shop\/"},{"@type":"ListItem","position":3,"name":"CTM CN LS mujer"}]},{"@type":"WebSite","@id":"https:\/\/www.miomiorun.com\/es\/#website","url":"https:\/\/www.miomiorun.com\/es\/","name":"MioMioRun","description":"Tienda 100% running y trail","publisher":{"@id":"https:\/\/www.miomiorun.com\/es\/#organization"},"potentialAction":[{"@type":"SearchAction","target":{"@type":"EntryPoint","urlTemplate":"https:\/\/www.miomiorun.com\/es\/?s={search_term_string}"},"query-input":{"@type":"PropertyValueSpecification","valueRequired":true,"valueName":"search_term_string"}}],"inLanguage":"es-ES"},{"@type":"Organization","@id":"https:\/\/www.miomiorun.com\/es\/#organization","name":"MioMio Run","url":"https:\/\/www.miomiorun.com\/es\/","logo":{"@type":"ImageObject","inLanguage":"es-ES","@id":"https:\/\/www.miomiorun.com\/es\/#\/schema\/logo\/image\/","url":"https:\/\/www.miomiorun.com\/app\/uploads\/2019\/12\/logomio.png","contentUrl":"https:\/\/www.miomiorun.com\/app\/uploads\/2019\/12\/logomio.png","width":115,"height":82,"caption":"MioMio Run"},"image":{"@id":"https:\/\/www.miomiorun.com\/es\/#\/schema\/logo\/image\/"},"sameAs":["https:\/\/www.facebook.com\/miomiorun\/","https:\/\/www.instagram.com\/miomiorun\/"]}]}},"_links":{"self":[{"href":"https:\/\/www.miomiorun.com\/es\/wp-json\/wp\/v2\/product\/278534","targetHints":{"allow":["GET"]}}],"collection":[{"href":"https:\/\/www.miomiorun.com\/es\/wp-json\/wp\/v2\/product"}],"about":[{"href":"https:\/\/www.miomiorun.com\/es\/wp-json\/wp\/v2\/types\/product"}],"wp:featuredmedia":[{"embeddable":true,"href":"https:\/\/www.miomiorun.com\/es\/wp-json\/wp\/v2\/media\/233104"}],"wp:attachment":[{"href":"https:\/\/www.miomiorun.com\/es\/wp-json\/wp\/v2\/media?parent=278534"}],"wp:term":[{"taxonomy":"product_brand","embeddable":true,"href":"https:\/\/www.miomiorun.com\/es\/wp-json\/wp\/v2\/product_brand?post=278534"},{"taxonomy":"product_cat","embeddable":true,"href":"https:\/\/www.miomiorun.com\/es\/wp-json\/wp\/v2\/product_cat?post=278534"},{"taxonomy":"product_tag","embeddable":true,"href":"https:\/\/www.miomiorun.com\/es\/wp-json\/wp\/v2\/product_tag?post=278534"}],"curies":[{"name":"wp","href":"https:\/\/api.w.org\/{rel}","templated":true}]}}