{"id":278491,"date":"2021-08-24T11:50:06","date_gmt":"2021-08-24T09:50:06","guid":{"rendered":"https:\/\/miomiorun.com\/prodotto\/craft-fuseknit-comfort-wrap-ls-donna\/"},"modified":"2026-04-30T15:42:09","modified_gmt":"2026-04-30T13:42:09","slug":"craft-fuseknit-comfort-wrap-ls-mujer","status":"publish","type":"product","link":"https:\/\/www.miomiorun.com\/es\/producto\/craft-fuseknit-comfort-wrap-ls-mujer\/","title":{"rendered":"Fuseknit Comfort Wrap LS mujer"},"content":{"rendered":"<p>El jersey <strong>Fusekit Comfort Wrap<\/strong> para mujer <span class=\"Y2IQFc\" lang=\"it\">cuenta con un dise\u00f1o moderno del cuello que le da un toque contempor\u00e1neo al cuello cl\u00e1sico.<\/span><\/p>\n<p><span class=\"Y2IQFc\" lang=\"it\">Esta prenda est\u00e1 confeccionada con un hilo ligero y c\u00e1lido que garantiza una termorregulaci\u00f3n \u00f3ptima y ofrece una excelente evacuaci\u00f3n de la humedad para mantener tu cuerpo seco y c\u00f3modo. Adem\u00e1s, el jersey incorpora la innovadora tecnolog\u00eda <strong>Fuseknit<\/strong>, que combina zonas sin costuras con costuras ergon\u00f3micas y estrat\u00e9gicas para crear prendas suaves y el\u00e1sticas. El resultado es un menor n\u00famero de costuras y una experiencia suave, sin rozaduras y muy c\u00f3moda. Una elecci\u00f3n perfecta para todo tipo de actividades invernales.<\/span><\/p>\n<p><strong>Caracter\u00edsticas:<\/strong><\/p>\n<ul>\n<li>Tejido ligero y termorregulador<\/li>\n<li>Los paneles BODYMAPPING, colocados estrat\u00e9gicamente, eliminan la humedad de forma eficaz y proporcionan una ventilaci\u00f3n \u00f3ptima<\/li>\n<li>Alto contenido en STRETCH para una mayor libertad de movimiento<\/li>\n<li>Excelente control de la humedad<\/li>\n<li>Costuras planas<\/li>\n<li>Collar liso<\/li>\n<li>Torso SIN JUNTAS<\/li>\n<li>Menor n\u00famero de costuras<\/li>\n<li>Corte regular<\/li>\n<\/ul>\n<p>&nbsp;<\/p>\n<p>&nbsp;<\/p>\n<p>&nbsp;<\/p>\n","protected":false},"excerpt":{"rendered":"<p>El jersey Fusekit Comfort Wrap para mujer cuenta con un dise\u00f1o moderno del cuello que le da un toque contempor\u00e1neo al cuello cl\u00e1sico. Esta prenda est\u00e1 confeccionada con un hilo ligero y c\u00e1lido que garantiza una termorregulaci\u00f3n \u00f3ptima y ofrece una excelente evacuaci\u00f3n de la humedad para mantener tu cuerpo seco y c\u00f3modo. Adem\u00e1s, el &hellip; <a href=\"https:\/\/www.miomiorun.com\/es\/producto\/craft-fuseknit-comfort-wrap-ls-mujer\/\">Continued<\/a><\/p>\n","protected":false},"featured_media":233146,"template":"","meta":{"_acf_changed":false,"inline_featured_image":false},"product_brand":[],"product_cat":[24401,24397,24402],"product_tag":[23553,23659],"class_list":{"0":"post-278491","1":"product","2":"type-product","3":"status-publish","4":"has-post-thumbnail","6":"product_cat-ropa-de-mujer","7":"product_cat-ropa-interior","8":"product_cat-mujer","9":"product_tag-craft-es","10":"product_tag-craft-mujer","11":"pa_attivita-caminar","12":"pa_attivita-outdoor-es","13":"pa_attivita-running-es","14":"pa_marca-craft-es","15":"pa_sesso-mujer","16":"pa_size-extra-small-es","17":"pa_size-medium-es","18":"pa_size-large-es","19":"pa_size-extra-large-es","21":"first","22":"instock","23":"sale","24":"taxable","25":"shipping-taxable","26":"purchasable","27":"product-type-variable","28":"wvs-archive-product-wrapper"},"acf":[],"yoast_head":"<!-- This site is optimized with the Yoast SEO plugin v26.8 - https:\/\/yoast.com\/product\/yoast-seo-wordpress\/ -->\n<title>Craft Fuseknit Comfort Wrap LS mujer - Ropa interior t\u00e9rmica - MioMioRun.com<\/title>\n<meta name=\"description\" content=\"El jersey Fusekit Comfort Wrap para mujer cuenta con un dise\u00f1o moderno del cuello que le da un toque contempor\u00e1neo al cuello cl\u00e1sico.\" \/>\n<meta name=\"robots\" content=\"index, follow, max-snippet:-1, max-image-preview:large, max-video-preview:-1\" \/>\n<link rel=\"canonical\" href=\"https:\/\/www.miomiorun.com\/es\/producto\/craft-fuseknit-comfort-wrap-ls-mujer\/\" \/>\n<meta property=\"og:locale\" content=\"es_ES\" \/>\n<meta property=\"og:type\" content=\"article\" \/>\n<meta property=\"og:title\" content=\"Craft Fuseknit Comfort Wrap LS mujer - Ropa interior t\u00e9rmica - MioMioRun.com\" \/>\n<meta property=\"og:description\" content=\"El jersey Fusekit Comfort Wrap para mujer cuenta con un dise\u00f1o moderno del cuello que le da un toque contempor\u00e1neo al cuello cl\u00e1sico.\" \/>\n<meta property=\"og:url\" content=\"https:\/\/www.miomiorun.com\/es\/producto\/craft-fuseknit-comfort-wrap-ls-mujer\/\" \/>\n<meta property=\"og:site_name\" content=\"MioMioRun\" \/>\n<meta property=\"article:publisher\" content=\"https:\/\/www.facebook.com\/miomiorun\/\" \/>\n<meta property=\"article:modified_time\" content=\"2026-04-30T13:42:09+00:00\" \/>\n<meta property=\"og:image\" content=\"https:\/\/www.miomiorun.com\/app\/uploads\/2021\/08\/craft-Fuseknit-comfort-wrap-LS-1906591-B99000.jpg\" \/>\n\t<meta property=\"og:image:width\" content=\"600\" \/>\n\t<meta property=\"og:image:height\" content=\"600\" \/>\n\t<meta property=\"og:image:type\" content=\"image\/jpeg\" \/>\n<meta name=\"twitter:card\" content=\"summary_large_image\" \/>\n<meta name=\"twitter:label1\" content=\"Est. reading time\" \/>\n\t<meta name=\"twitter:data1\" content=\"1 minute\" \/>\n<script type=\"application\/ld+json\" class=\"yoast-schema-graph\">{\"@context\":\"https:\/\/schema.org\",\"@graph\":[{\"@type\":\"WebPage\",\"@id\":\"https:\/\/www.miomiorun.com\/es\/producto\/craft-fuseknit-comfort-wrap-ls-mujer\/\",\"url\":\"https:\/\/www.miomiorun.com\/es\/producto\/craft-fuseknit-comfort-wrap-ls-mujer\/\",\"name\":\"Craft Fuseknit Comfort Wrap LS mujer - Ropa interior t\u00e9rmica - MioMioRun.com\",\"isPartOf\":{\"@id\":\"https:\/\/www.miomiorun.com\/es\/#website\"},\"primaryImageOfPage\":{\"@id\":\"https:\/\/www.miomiorun.com\/es\/producto\/craft-fuseknit-comfort-wrap-ls-mujer\/#primaryimage\"},\"image\":{\"@id\":\"https:\/\/www.miomiorun.com\/es\/producto\/craft-fuseknit-comfort-wrap-ls-mujer\/#primaryimage\"},\"thumbnailUrl\":\"https:\/\/www.miomiorun.com\/app\/uploads\/2021\/08\/craft-Fuseknit-comfort-wrap-LS-1906591-B99000.jpg\",\"datePublished\":\"2021-08-24T09:50:06+00:00\",\"dateModified\":\"2026-04-30T13:42:09+00:00\",\"description\":\"El jersey Fusekit Comfort Wrap para mujer cuenta con un dise\u00f1o moderno del cuello que le da un toque contempor\u00e1neo al cuello cl\u00e1sico.\",\"breadcrumb\":{\"@id\":\"https:\/\/www.miomiorun.com\/es\/producto\/craft-fuseknit-comfort-wrap-ls-mujer\/#breadcrumb\"},\"inLanguage\":\"es-ES\",\"potentialAction\":[{\"@type\":\"ReadAction\",\"target\":[\"https:\/\/www.miomiorun.com\/es\/producto\/craft-fuseknit-comfort-wrap-ls-mujer\/\"]}]},{\"@type\":\"ImageObject\",\"inLanguage\":\"es-ES\",\"@id\":\"https:\/\/www.miomiorun.com\/es\/producto\/craft-fuseknit-comfort-wrap-ls-mujer\/#primaryimage\",\"url\":\"https:\/\/www.miomiorun.com\/app\/uploads\/2021\/08\/craft-Fuseknit-comfort-wrap-LS-1906591-B99000.jpg\",\"contentUrl\":\"https:\/\/www.miomiorun.com\/app\/uploads\/2021\/08\/craft-Fuseknit-comfort-wrap-LS-1906591-B99000.jpg\",\"width\":600,\"height\":600,\"caption\":\"craft fuseknit comfort wrap ls\"},{\"@type\":\"BreadcrumbList\",\"@id\":\"https:\/\/www.miomiorun.com\/es\/producto\/craft-fuseknit-comfort-wrap-ls-mujer\/#breadcrumb\",\"itemListElement\":[{\"@type\":\"ListItem\",\"position\":1,\"name\":\"Home\",\"item\":\"https:\/\/www.miomiorun.com\/es\/\"},{\"@type\":\"ListItem\",\"position\":2,\"name\":\"Shop\",\"item\":\"https:\/\/www.miomiorun.com\/shop\/\"},{\"@type\":\"ListItem\",\"position\":3,\"name\":\"Fuseknit Comfort Wrap LS mujer\"}]},{\"@type\":\"WebSite\",\"@id\":\"https:\/\/www.miomiorun.com\/es\/#website\",\"url\":\"https:\/\/www.miomiorun.com\/es\/\",\"name\":\"MioMioRun\",\"description\":\"Tienda 100% running y trail\",\"publisher\":{\"@id\":\"https:\/\/www.miomiorun.com\/es\/#organization\"},\"potentialAction\":[{\"@type\":\"SearchAction\",\"target\":{\"@type\":\"EntryPoint\",\"urlTemplate\":\"https:\/\/www.miomiorun.com\/es\/?s={search_term_string}\"},\"query-input\":{\"@type\":\"PropertyValueSpecification\",\"valueRequired\":true,\"valueName\":\"search_term_string\"}}],\"inLanguage\":\"es-ES\"},{\"@type\":\"Organization\",\"@id\":\"https:\/\/www.miomiorun.com\/es\/#organization\",\"name\":\"MioMio Run\",\"url\":\"https:\/\/www.miomiorun.com\/es\/\",\"logo\":{\"@type\":\"ImageObject\",\"inLanguage\":\"es-ES\",\"@id\":\"https:\/\/www.miomiorun.com\/es\/#\/schema\/logo\/image\/\",\"url\":\"https:\/\/www.miomiorun.com\/app\/uploads\/2019\/12\/logomio.png\",\"contentUrl\":\"https:\/\/www.miomiorun.com\/app\/uploads\/2019\/12\/logomio.png\",\"width\":115,\"height\":82,\"caption\":\"MioMio Run\"},\"image\":{\"@id\":\"https:\/\/www.miomiorun.com\/es\/#\/schema\/logo\/image\/\"},\"sameAs\":[\"https:\/\/www.facebook.com\/miomiorun\/\",\"https:\/\/www.instagram.com\/miomiorun\/\"]}]}<\/script>\n<!-- \/ Yoast SEO plugin. -->","yoast_head_json":{"title":"Craft Fuseknit Comfort Wrap LS mujer - Ropa interior t\u00e9rmica - MioMioRun.com","description":"El jersey Fusekit Comfort Wrap para mujer cuenta con un dise\u00f1o moderno del cuello que le da un toque contempor\u00e1neo al cuello cl\u00e1sico.","robots":{"index":"index","follow":"follow","max-snippet":"max-snippet:-1","max-image-preview":"max-image-preview:large","max-video-preview":"max-video-preview:-1"},"canonical":"https:\/\/www.miomiorun.com\/es\/producto\/craft-fuseknit-comfort-wrap-ls-mujer\/","og_locale":"es_ES","og_type":"article","og_title":"Craft Fuseknit Comfort Wrap LS mujer - Ropa interior t\u00e9rmica - MioMioRun.com","og_description":"El jersey Fusekit Comfort Wrap para mujer cuenta con un dise\u00f1o moderno del cuello que le da un toque contempor\u00e1neo al cuello cl\u00e1sico.","og_url":"https:\/\/www.miomiorun.com\/es\/producto\/craft-fuseknit-comfort-wrap-ls-mujer\/","og_site_name":"MioMioRun","article_publisher":"https:\/\/www.facebook.com\/miomiorun\/","article_modified_time":"2026-04-30T13:42:09+00:00","og_image":[{"width":600,"height":600,"url":"https:\/\/www.miomiorun.com\/app\/uploads\/2021\/08\/craft-Fuseknit-comfort-wrap-LS-1906591-B99000.jpg","type":"image\/jpeg"}],"twitter_card":"summary_large_image","twitter_misc":{"Est. reading time":"1 minute"},"schema":{"@context":"https:\/\/schema.org","@graph":[{"@type":"WebPage","@id":"https:\/\/www.miomiorun.com\/es\/producto\/craft-fuseknit-comfort-wrap-ls-mujer\/","url":"https:\/\/www.miomiorun.com\/es\/producto\/craft-fuseknit-comfort-wrap-ls-mujer\/","name":"Craft Fuseknit Comfort Wrap LS mujer - Ropa interior t\u00e9rmica - MioMioRun.com","isPartOf":{"@id":"https:\/\/www.miomiorun.com\/es\/#website"},"primaryImageOfPage":{"@id":"https:\/\/www.miomiorun.com\/es\/producto\/craft-fuseknit-comfort-wrap-ls-mujer\/#primaryimage"},"image":{"@id":"https:\/\/www.miomiorun.com\/es\/producto\/craft-fuseknit-comfort-wrap-ls-mujer\/#primaryimage"},"thumbnailUrl":"https:\/\/www.miomiorun.com\/app\/uploads\/2021\/08\/craft-Fuseknit-comfort-wrap-LS-1906591-B99000.jpg","datePublished":"2021-08-24T09:50:06+00:00","dateModified":"2026-04-30T13:42:09+00:00","description":"El jersey Fusekit Comfort Wrap para mujer cuenta con un dise\u00f1o moderno del cuello que le da un toque contempor\u00e1neo al cuello cl\u00e1sico.","breadcrumb":{"@id":"https:\/\/www.miomiorun.com\/es\/producto\/craft-fuseknit-comfort-wrap-ls-mujer\/#breadcrumb"},"inLanguage":"es-ES","potentialAction":[{"@type":"ReadAction","target":["https:\/\/www.miomiorun.com\/es\/producto\/craft-fuseknit-comfort-wrap-ls-mujer\/"]}]},{"@type":"ImageObject","inLanguage":"es-ES","@id":"https:\/\/www.miomiorun.com\/es\/producto\/craft-fuseknit-comfort-wrap-ls-mujer\/#primaryimage","url":"https:\/\/www.miomiorun.com\/app\/uploads\/2021\/08\/craft-Fuseknit-comfort-wrap-LS-1906591-B99000.jpg","contentUrl":"https:\/\/www.miomiorun.com\/app\/uploads\/2021\/08\/craft-Fuseknit-comfort-wrap-LS-1906591-B99000.jpg","width":600,"height":600,"caption":"craft fuseknit comfort wrap ls"},{"@type":"BreadcrumbList","@id":"https:\/\/www.miomiorun.com\/es\/producto\/craft-fuseknit-comfort-wrap-ls-mujer\/#breadcrumb","itemListElement":[{"@type":"ListItem","position":1,"name":"Home","item":"https:\/\/www.miomiorun.com\/es\/"},{"@type":"ListItem","position":2,"name":"Shop","item":"https:\/\/www.miomiorun.com\/shop\/"},{"@type":"ListItem","position":3,"name":"Fuseknit Comfort Wrap LS mujer"}]},{"@type":"WebSite","@id":"https:\/\/www.miomiorun.com\/es\/#website","url":"https:\/\/www.miomiorun.com\/es\/","name":"MioMioRun","description":"Tienda 100% running y trail","publisher":{"@id":"https:\/\/www.miomiorun.com\/es\/#organization"},"potentialAction":[{"@type":"SearchAction","target":{"@type":"EntryPoint","urlTemplate":"https:\/\/www.miomiorun.com\/es\/?s={search_term_string}"},"query-input":{"@type":"PropertyValueSpecification","valueRequired":true,"valueName":"search_term_string"}}],"inLanguage":"es-ES"},{"@type":"Organization","@id":"https:\/\/www.miomiorun.com\/es\/#organization","name":"MioMio Run","url":"https:\/\/www.miomiorun.com\/es\/","logo":{"@type":"ImageObject","inLanguage":"es-ES","@id":"https:\/\/www.miomiorun.com\/es\/#\/schema\/logo\/image\/","url":"https:\/\/www.miomiorun.com\/app\/uploads\/2019\/12\/logomio.png","contentUrl":"https:\/\/www.miomiorun.com\/app\/uploads\/2019\/12\/logomio.png","width":115,"height":82,"caption":"MioMio Run"},"image":{"@id":"https:\/\/www.miomiorun.com\/es\/#\/schema\/logo\/image\/"},"sameAs":["https:\/\/www.facebook.com\/miomiorun\/","https:\/\/www.instagram.com\/miomiorun\/"]}]}},"_links":{"self":[{"href":"https:\/\/www.miomiorun.com\/es\/wp-json\/wp\/v2\/product\/278491","targetHints":{"allow":["GET"]}}],"collection":[{"href":"https:\/\/www.miomiorun.com\/es\/wp-json\/wp\/v2\/product"}],"about":[{"href":"https:\/\/www.miomiorun.com\/es\/wp-json\/wp\/v2\/types\/product"}],"wp:featuredmedia":[{"embeddable":true,"href":"https:\/\/www.miomiorun.com\/es\/wp-json\/wp\/v2\/media\/233146"}],"wp:attachment":[{"href":"https:\/\/www.miomiorun.com\/es\/wp-json\/wp\/v2\/media?parent=278491"}],"wp:term":[{"taxonomy":"product_brand","embeddable":true,"href":"https:\/\/www.miomiorun.com\/es\/wp-json\/wp\/v2\/product_brand?post=278491"},{"taxonomy":"product_cat","embeddable":true,"href":"https:\/\/www.miomiorun.com\/es\/wp-json\/wp\/v2\/product_cat?post=278491"},{"taxonomy":"product_tag","embeddable":true,"href":"https:\/\/www.miomiorun.com\/es\/wp-json\/wp\/v2\/product_tag?post=278491"}],"curies":[{"name":"wp","href":"https:\/\/api.w.org\/{rel}","templated":true}]}}