{"id":278490,"date":"2021-08-26T11:14:04","date_gmt":"2021-08-26T09:14:04","guid":{"rendered":"https:\/\/miomiorun.com\/prodotto\/craft-cool-intensity-rn-ss-donna\/"},"modified":"2026-04-30T15:43:06","modified_gmt":"2026-04-30T13:43:06","slug":"craft-cool-intensity-rn-ss-mujer","status":"publish","type":"product","link":"https:\/\/www.miomiorun.com\/es\/producto\/craft-cool-intensity-rn-ss-mujer\/","title":{"rendered":"Cool Intensity RN SS mujer"},"content":{"rendered":"<p>La camiseta interior <strong>Craft Cool Intensity<\/strong> para mujer est\u00e1 confeccionada en poli\u00e9ster fino, ligero y funcional, y cuenta con la tecnolog\u00eda exclusiva <strong>Cool Max Air<\/strong>. Sus fibras de alto rendimiento ofrecen una excelente ventilaci\u00f3n y regulaci\u00f3n de la humedad durante los entrenamientos de alta intensidad y cuando hace mucho calor.<\/p>\n<p>La camiseta Cool Intensity tiene un dise\u00f1o que se adapta al cuerpo, una estructura de malla y no tiene costuras, para ofrecer a quien la lleva comodidad y funcionalidad durante los entrenamientos.<\/p>\n<p>Gracias a los paneles de malla en las zonas clave, tambi\u00e9n disfrutar\u00e1s de una excelente ventilaci\u00f3n para que no te sobrecalientes durante los esfuerzos m\u00e1s intensos.\u00a0Es la opci\u00f3n perfecta para el entrenamiento por intervalos, los esfuerzos de umbral y el ejercicio a alta velocidad en condiciones clim\u00e1ticas frescas o templadas.<\/p>\n<p><strong>Caracter\u00edsticas:<\/strong><\/p>\n<ul>\n<li>Confeccionada en poli\u00e9ster fino y ligero, y funcional gracias a la tecnolog\u00eda Cool Max Air<\/li>\n<li>Fabricada con fibras de alto rendimiento<\/li>\n<li>Paneles de malla para una ventilaci\u00f3n \u00f3ptima en las zonas clave<\/li>\n<\/ul>\n<p>&nbsp;<\/p>\n","protected":false},"excerpt":{"rendered":"<p>La camiseta interior Craft Cool Intensity para mujer est\u00e1 confeccionada en poli\u00e9ster fino, ligero y funcional, y cuenta con la tecnolog\u00eda exclusiva Cool Max Air. Sus fibras de alto rendimiento ofrecen una excelente ventilaci\u00f3n y regulaci\u00f3n de la humedad durante los entrenamientos de alta intensidad y cuando hace mucho calor. La camiseta Cool Intensity tiene &hellip; <a href=\"https:\/\/www.miomiorun.com\/es\/producto\/craft-cool-intensity-rn-ss-mujer\/\">Continued<\/a><\/p>\n","protected":false},"featured_media":233156,"template":"","meta":{"_acf_changed":false,"inline_featured_image":false},"product_brand":[],"product_cat":[24401,24397,24402],"product_tag":[23553,23659],"class_list":{"0":"post-278490","1":"product","2":"type-product","3":"status-publish","4":"has-post-thumbnail","6":"product_cat-ropa-de-mujer","7":"product_cat-ropa-interior","8":"product_cat-mujer","9":"product_tag-craft-es","10":"product_tag-craft-mujer","11":"pa_attivita-caminar","12":"pa_attivita-fitness-es","13":"pa_attivita-outdoor-es","14":"pa_attivita-running-es","15":"pa_attivita-trail-es","16":"pa_colore-cool-intensity-rn-ss-dahlia-w-es","17":"pa_colore-cool-intensity-rn-ss-w-black-es","18":"pa_marca-craft-es","19":"pa_sesso-mujer","20":"pa_size-extra-small-es","21":"pa_size-medium-es","22":"pa_size-large-es","24":"first","25":"instock","26":"sale","27":"taxable","28":"shipping-taxable","29":"purchasable","30":"product-type-variable","31":"wvs-archive-product-wrapper"},"acf":[],"yoast_head":"<!-- This site is optimized with the Yoast SEO plugin v26.8 - https:\/\/yoast.com\/product\/yoast-seo-wordpress\/ -->\n<title>Craft Cool Intensity RN SS mujer - Ropa interior - MioMioRun.com<\/title>\n<meta name=\"description\" content=\"La camiseta interior Craft Cool Intensity para mujer est\u00e1 confeccionada en poli\u00e9ster fino y funcional, con su tecnolog\u00eda exclusiva Cool Max Air.\" \/>\n<meta name=\"robots\" content=\"index, follow, max-snippet:-1, max-image-preview:large, max-video-preview:-1\" \/>\n<link rel=\"canonical\" href=\"https:\/\/www.miomiorun.com\/es\/producto\/craft-cool-intensity-rn-ss-mujer\/\" \/>\n<meta property=\"og:locale\" content=\"es_ES\" \/>\n<meta property=\"og:type\" content=\"article\" \/>\n<meta property=\"og:title\" content=\"Craft Cool Intensity RN SS mujer - Ropa interior - MioMioRun.com\" \/>\n<meta property=\"og:description\" content=\"La camiseta interior Craft Cool Intensity para mujer est\u00e1 confeccionada en poli\u00e9ster fino y funcional, con su tecnolog\u00eda exclusiva Cool Max Air.\" \/>\n<meta property=\"og:url\" content=\"https:\/\/www.miomiorun.com\/es\/producto\/craft-cool-intensity-rn-ss-mujer\/\" \/>\n<meta property=\"og:site_name\" content=\"MioMioRun\" \/>\n<meta property=\"article:publisher\" content=\"https:\/\/www.facebook.com\/miomiorun\/\" \/>\n<meta property=\"article:modified_time\" content=\"2026-04-30T13:43:06+00:00\" \/>\n<meta property=\"og:image\" content=\"https:\/\/www.miomiorun.com\/app\/uploads\/2021\/09\/craft-cool-intensity-RN-SS-1904919-9999.jpg\" \/>\n\t<meta property=\"og:image:width\" content=\"600\" \/>\n\t<meta property=\"og:image:height\" content=\"600\" \/>\n\t<meta property=\"og:image:type\" content=\"image\/jpeg\" \/>\n<meta name=\"twitter:card\" content=\"summary_large_image\" \/>\n<meta name=\"twitter:label1\" content=\"Est. reading time\" \/>\n\t<meta name=\"twitter:data1\" content=\"1 minute\" \/>\n<script type=\"application\/ld+json\" class=\"yoast-schema-graph\">{\"@context\":\"https:\/\/schema.org\",\"@graph\":[{\"@type\":\"WebPage\",\"@id\":\"https:\/\/www.miomiorun.com\/es\/producto\/craft-cool-intensity-rn-ss-mujer\/\",\"url\":\"https:\/\/www.miomiorun.com\/es\/producto\/craft-cool-intensity-rn-ss-mujer\/\",\"name\":\"Craft Cool Intensity RN SS mujer - Ropa interior - MioMioRun.com\",\"isPartOf\":{\"@id\":\"https:\/\/www.miomiorun.com\/es\/#website\"},\"primaryImageOfPage\":{\"@id\":\"https:\/\/www.miomiorun.com\/es\/producto\/craft-cool-intensity-rn-ss-mujer\/#primaryimage\"},\"image\":{\"@id\":\"https:\/\/www.miomiorun.com\/es\/producto\/craft-cool-intensity-rn-ss-mujer\/#primaryimage\"},\"thumbnailUrl\":\"https:\/\/www.miomiorun.com\/app\/uploads\/2021\/09\/craft-cool-intensity-RN-SS-1904919-9999.jpg\",\"datePublished\":\"2021-08-26T09:14:04+00:00\",\"dateModified\":\"2026-04-30T13:43:06+00:00\",\"description\":\"La camiseta interior Craft Cool Intensity para mujer est\u00e1 confeccionada en poli\u00e9ster fino y funcional, con su tecnolog\u00eda exclusiva Cool Max Air.\",\"breadcrumb\":{\"@id\":\"https:\/\/www.miomiorun.com\/es\/producto\/craft-cool-intensity-rn-ss-mujer\/#breadcrumb\"},\"inLanguage\":\"es-ES\",\"potentialAction\":[{\"@type\":\"ReadAction\",\"target\":[\"https:\/\/www.miomiorun.com\/es\/producto\/craft-cool-intensity-rn-ss-mujer\/\"]}]},{\"@type\":\"ImageObject\",\"inLanguage\":\"es-ES\",\"@id\":\"https:\/\/www.miomiorun.com\/es\/producto\/craft-cool-intensity-rn-ss-mujer\/#primaryimage\",\"url\":\"https:\/\/www.miomiorun.com\/app\/uploads\/2021\/09\/craft-cool-intensity-RN-SS-1904919-9999.jpg\",\"contentUrl\":\"https:\/\/www.miomiorun.com\/app\/uploads\/2021\/09\/craft-cool-intensity-RN-SS-1904919-9999.jpg\",\"width\":600,\"height\":600,\"caption\":\"craft cool intensity rn ss\"},{\"@type\":\"BreadcrumbList\",\"@id\":\"https:\/\/www.miomiorun.com\/es\/producto\/craft-cool-intensity-rn-ss-mujer\/#breadcrumb\",\"itemListElement\":[{\"@type\":\"ListItem\",\"position\":1,\"name\":\"Home\",\"item\":\"https:\/\/www.miomiorun.com\/es\/\"},{\"@type\":\"ListItem\",\"position\":2,\"name\":\"Shop\",\"item\":\"https:\/\/www.miomiorun.com\/shop\/\"},{\"@type\":\"ListItem\",\"position\":3,\"name\":\"Cool Intensity RN SS mujer\"}]},{\"@type\":\"WebSite\",\"@id\":\"https:\/\/www.miomiorun.com\/es\/#website\",\"url\":\"https:\/\/www.miomiorun.com\/es\/\",\"name\":\"MioMioRun\",\"description\":\"Tienda 100% running y trail\",\"publisher\":{\"@id\":\"https:\/\/www.miomiorun.com\/es\/#organization\"},\"potentialAction\":[{\"@type\":\"SearchAction\",\"target\":{\"@type\":\"EntryPoint\",\"urlTemplate\":\"https:\/\/www.miomiorun.com\/es\/?s={search_term_string}\"},\"query-input\":{\"@type\":\"PropertyValueSpecification\",\"valueRequired\":true,\"valueName\":\"search_term_string\"}}],\"inLanguage\":\"es-ES\"},{\"@type\":\"Organization\",\"@id\":\"https:\/\/www.miomiorun.com\/es\/#organization\",\"name\":\"MioMio Run\",\"url\":\"https:\/\/www.miomiorun.com\/es\/\",\"logo\":{\"@type\":\"ImageObject\",\"inLanguage\":\"es-ES\",\"@id\":\"https:\/\/www.miomiorun.com\/es\/#\/schema\/logo\/image\/\",\"url\":\"https:\/\/www.miomiorun.com\/app\/uploads\/2019\/12\/logomio.png\",\"contentUrl\":\"https:\/\/www.miomiorun.com\/app\/uploads\/2019\/12\/logomio.png\",\"width\":115,\"height\":82,\"caption\":\"MioMio Run\"},\"image\":{\"@id\":\"https:\/\/www.miomiorun.com\/es\/#\/schema\/logo\/image\/\"},\"sameAs\":[\"https:\/\/www.facebook.com\/miomiorun\/\",\"https:\/\/www.instagram.com\/miomiorun\/\"]}]}<\/script>\n<!-- \/ Yoast SEO plugin. -->","yoast_head_json":{"title":"Craft Cool Intensity RN SS mujer - Ropa interior - MioMioRun.com","description":"La camiseta interior Craft Cool Intensity para mujer est\u00e1 confeccionada en poli\u00e9ster fino y funcional, con su tecnolog\u00eda exclusiva Cool Max Air.","robots":{"index":"index","follow":"follow","max-snippet":"max-snippet:-1","max-image-preview":"max-image-preview:large","max-video-preview":"max-video-preview:-1"},"canonical":"https:\/\/www.miomiorun.com\/es\/producto\/craft-cool-intensity-rn-ss-mujer\/","og_locale":"es_ES","og_type":"article","og_title":"Craft Cool Intensity RN SS mujer - Ropa interior - MioMioRun.com","og_description":"La camiseta interior Craft Cool Intensity para mujer est\u00e1 confeccionada en poli\u00e9ster fino y funcional, con su tecnolog\u00eda exclusiva Cool Max Air.","og_url":"https:\/\/www.miomiorun.com\/es\/producto\/craft-cool-intensity-rn-ss-mujer\/","og_site_name":"MioMioRun","article_publisher":"https:\/\/www.facebook.com\/miomiorun\/","article_modified_time":"2026-04-30T13:43:06+00:00","og_image":[{"width":600,"height":600,"url":"https:\/\/www.miomiorun.com\/app\/uploads\/2021\/09\/craft-cool-intensity-RN-SS-1904919-9999.jpg","type":"image\/jpeg"}],"twitter_card":"summary_large_image","twitter_misc":{"Est. reading time":"1 minute"},"schema":{"@context":"https:\/\/schema.org","@graph":[{"@type":"WebPage","@id":"https:\/\/www.miomiorun.com\/es\/producto\/craft-cool-intensity-rn-ss-mujer\/","url":"https:\/\/www.miomiorun.com\/es\/producto\/craft-cool-intensity-rn-ss-mujer\/","name":"Craft Cool Intensity RN SS mujer - Ropa interior - MioMioRun.com","isPartOf":{"@id":"https:\/\/www.miomiorun.com\/es\/#website"},"primaryImageOfPage":{"@id":"https:\/\/www.miomiorun.com\/es\/producto\/craft-cool-intensity-rn-ss-mujer\/#primaryimage"},"image":{"@id":"https:\/\/www.miomiorun.com\/es\/producto\/craft-cool-intensity-rn-ss-mujer\/#primaryimage"},"thumbnailUrl":"https:\/\/www.miomiorun.com\/app\/uploads\/2021\/09\/craft-cool-intensity-RN-SS-1904919-9999.jpg","datePublished":"2021-08-26T09:14:04+00:00","dateModified":"2026-04-30T13:43:06+00:00","description":"La camiseta interior Craft Cool Intensity para mujer est\u00e1 confeccionada en poli\u00e9ster fino y funcional, con su tecnolog\u00eda exclusiva Cool Max Air.","breadcrumb":{"@id":"https:\/\/www.miomiorun.com\/es\/producto\/craft-cool-intensity-rn-ss-mujer\/#breadcrumb"},"inLanguage":"es-ES","potentialAction":[{"@type":"ReadAction","target":["https:\/\/www.miomiorun.com\/es\/producto\/craft-cool-intensity-rn-ss-mujer\/"]}]},{"@type":"ImageObject","inLanguage":"es-ES","@id":"https:\/\/www.miomiorun.com\/es\/producto\/craft-cool-intensity-rn-ss-mujer\/#primaryimage","url":"https:\/\/www.miomiorun.com\/app\/uploads\/2021\/09\/craft-cool-intensity-RN-SS-1904919-9999.jpg","contentUrl":"https:\/\/www.miomiorun.com\/app\/uploads\/2021\/09\/craft-cool-intensity-RN-SS-1904919-9999.jpg","width":600,"height":600,"caption":"craft cool intensity rn ss"},{"@type":"BreadcrumbList","@id":"https:\/\/www.miomiorun.com\/es\/producto\/craft-cool-intensity-rn-ss-mujer\/#breadcrumb","itemListElement":[{"@type":"ListItem","position":1,"name":"Home","item":"https:\/\/www.miomiorun.com\/es\/"},{"@type":"ListItem","position":2,"name":"Shop","item":"https:\/\/www.miomiorun.com\/shop\/"},{"@type":"ListItem","position":3,"name":"Cool Intensity RN SS mujer"}]},{"@type":"WebSite","@id":"https:\/\/www.miomiorun.com\/es\/#website","url":"https:\/\/www.miomiorun.com\/es\/","name":"MioMioRun","description":"Tienda 100% running y trail","publisher":{"@id":"https:\/\/www.miomiorun.com\/es\/#organization"},"potentialAction":[{"@type":"SearchAction","target":{"@type":"EntryPoint","urlTemplate":"https:\/\/www.miomiorun.com\/es\/?s={search_term_string}"},"query-input":{"@type":"PropertyValueSpecification","valueRequired":true,"valueName":"search_term_string"}}],"inLanguage":"es-ES"},{"@type":"Organization","@id":"https:\/\/www.miomiorun.com\/es\/#organization","name":"MioMio Run","url":"https:\/\/www.miomiorun.com\/es\/","logo":{"@type":"ImageObject","inLanguage":"es-ES","@id":"https:\/\/www.miomiorun.com\/es\/#\/schema\/logo\/image\/","url":"https:\/\/www.miomiorun.com\/app\/uploads\/2019\/12\/logomio.png","contentUrl":"https:\/\/www.miomiorun.com\/app\/uploads\/2019\/12\/logomio.png","width":115,"height":82,"caption":"MioMio Run"},"image":{"@id":"https:\/\/www.miomiorun.com\/es\/#\/schema\/logo\/image\/"},"sameAs":["https:\/\/www.facebook.com\/miomiorun\/","https:\/\/www.instagram.com\/miomiorun\/"]}]}},"_links":{"self":[{"href":"https:\/\/www.miomiorun.com\/es\/wp-json\/wp\/v2\/product\/278490","targetHints":{"allow":["GET"]}}],"collection":[{"href":"https:\/\/www.miomiorun.com\/es\/wp-json\/wp\/v2\/product"}],"about":[{"href":"https:\/\/www.miomiorun.com\/es\/wp-json\/wp\/v2\/types\/product"}],"wp:featuredmedia":[{"embeddable":true,"href":"https:\/\/www.miomiorun.com\/es\/wp-json\/wp\/v2\/media\/233156"}],"wp:attachment":[{"href":"https:\/\/www.miomiorun.com\/es\/wp-json\/wp\/v2\/media?parent=278490"}],"wp:term":[{"taxonomy":"product_brand","embeddable":true,"href":"https:\/\/www.miomiorun.com\/es\/wp-json\/wp\/v2\/product_brand?post=278490"},{"taxonomy":"product_cat","embeddable":true,"href":"https:\/\/www.miomiorun.com\/es\/wp-json\/wp\/v2\/product_cat?post=278490"},{"taxonomy":"product_tag","embeddable":true,"href":"https:\/\/www.miomiorun.com\/es\/wp-json\/wp\/v2\/product_tag?post=278490"}],"curies":[{"name":"wp","href":"https:\/\/api.w.org\/{rel}","templated":true}]}}