{"id":278465,"date":"2021-08-26T11:19:26","date_gmt":"2021-08-26T09:19:26","guid":{"rendered":"https:\/\/miomiorun.com\/prodotto\/craft-cool-intensity-rn-sl-uomo\/"},"modified":"2026-04-30T15:43:50","modified_gmt":"2026-04-30T13:43:50","slug":"craft-cool-intensity-rn-sl-hombre","status":"publish","type":"product","link":"https:\/\/www.miomiorun.com\/es\/producto\/craft-cool-intensity-rn-sl-hombre\/","title":{"rendered":"Cool Intensity RN SL hombre"},"content":{"rendered":"<p id=\"tw-target-text\" class=\"tw-data-text tw-text-large XcVN5d tw-ta\" dir=\"ltr\" data-placeholder=\"Traduzione\"><span class=\"Y2IQFc\" lang=\"it\">El <strong>Cool Intensity RN SL<\/strong> de CRAFT para hombre es un top refrescante sin costuras, fino, ligero y el\u00e1stico, con paneles de malla y una excelente evacuaci\u00f3n de la humedad.<\/span><\/p>\n<p id=\"tw-target-text\" class=\"tw-data-text tw-text-large XcVN5d tw-ta\" dir=\"ltr\" data-placeholder=\"Traduzione\"><span class=\"Y2IQFc\" lang=\"it\">El dise\u00f1o sin costuras y los insertos de malla en las zonas de mayor sudoraci\u00f3n garantizan la m\u00e1xima comodidad. Gracias a <strong>Coolmax Air<\/strong>, la humedad se evacua eficazmente de la piel hacia el exterior de la camiseta.\u00a0<\/span><\/p>\n<p class=\"tw-data-text tw-text-large XcVN5d tw-ta\" dir=\"ltr\" data-placeholder=\"Traduzione\"><span class=\"Y2IQFc\" lang=\"it\"><strong>Coolmax\u00ae Air<\/strong> es un tejido funcional \u00fanico para el deporte: las fibras de poli\u00e9ster, con una estructura helicoidal exclusiva, evacuan r\u00e1pidamente el sudor del interior hacia el exterior, proporcionando una termorregulaci\u00f3n perfecta para el deportista. Las pruebas han demostrado que los tejidos <strong>Coolmax\u00ae Air<\/strong> ofrecen una gesti\u00f3n superior de la temperatura corporal y un gran confort. Esta tecnolog\u00eda tambi\u00e9n destaca por su secado extremadamente r\u00e1pido. <\/span><\/p>\n<p class=\"tw-data-text tw-text-large XcVN5d tw-ta\" dir=\"ltr\" data-placeholder=\"Traduzione\"><span class=\"Y2IQFc\" lang=\"it\"><strong>Stay Cool<\/strong>: es un tejido especialmente dise\u00f1ado para refrescar a los deportistas cuando hace calor. El tejido est\u00e1 compuesto por una fibra especial multicanal que elimina eficazmente la humedad de la piel, proporcionando as\u00ed una agradable sensaci\u00f3n de frescor. Su dise\u00f1o tridimensional garantiza una libertad de movimiento \u00f3ptima y un ajuste perfecto.<\/span><\/p>\n","protected":false},"excerpt":{"rendered":"<p>El Cool Intensity RN SL de CRAFT para hombre es un top refrescante sin costuras, fino, ligero y el\u00e1stico, con paneles de malla y una excelente evacuaci\u00f3n de la humedad. El dise\u00f1o sin costuras y los insertos de malla en las zonas de mayor sudoraci\u00f3n garantizan la m\u00e1xima comodidad. Gracias a Coolmax Air, la humedad &hellip; <a href=\"https:\/\/www.miomiorun.com\/es\/producto\/craft-cool-intensity-rn-sl-hombre\/\">Continued<\/a><\/p>\n","protected":false},"featured_media":233160,"template":"","meta":{"_acf_changed":false,"inline_featured_image":false},"product_brand":[],"product_cat":[24463,24459,24464],"product_tag":[23553,23663],"class_list":{"0":"post-278465","1":"product","2":"type-product","3":"status-publish","4":"has-post-thumbnail","6":"product_cat-ropa-de-hombre-es","7":"product_cat-ropa-interior-es-2","8":"product_cat-hombre","9":"product_tag-craft-es","10":"product_tag-craft-hombre","11":"pa_attivita-caminar","12":"pa_attivita-fitness-es","13":"pa_attivita-running-es","14":"pa_colore-cool-intensity-rn-sl-black-es","15":"pa_colore-cool-intensity-rn-sl-true-blue-es","16":"pa_marca-craft-es","17":"pa_sesso-hombre","18":"pa_size-large-es","20":"first","21":"instock","22":"sale","23":"taxable","24":"shipping-taxable","25":"purchasable","26":"product-type-variable","27":"wvs-archive-product-wrapper"},"acf":[],"yoast_head":"<!-- This site is optimized with the Yoast SEO plugin v26.8 - https:\/\/yoast.com\/product\/yoast-seo-wordpress\/ -->\n<title>Craft Cool Intensity RN SL hombre - Ropa interior - MioMioRun.com<\/title>\n<meta name=\"description\" content=\"La camiseta Cool Intensity RN SL de CRAFT para hombre es una camiseta refrescante sin costuras, con paneles de malla y una excelente evacuaci\u00f3n de la humedad.\" \/>\n<meta name=\"robots\" content=\"index, follow, max-snippet:-1, max-image-preview:large, max-video-preview:-1\" \/>\n<link rel=\"canonical\" href=\"https:\/\/www.miomiorun.com\/es\/producto\/craft-cool-intensity-rn-sl-hombre\/\" \/>\n<meta property=\"og:locale\" content=\"es_ES\" \/>\n<meta property=\"og:type\" content=\"article\" \/>\n<meta property=\"og:title\" content=\"Craft Cool Intensity RN SL hombre - Ropa interior - MioMioRun.com\" \/>\n<meta property=\"og:description\" content=\"La camiseta Cool Intensity RN SL de CRAFT para hombre es una camiseta refrescante sin costuras, con paneles de malla y una excelente evacuaci\u00f3n de la humedad.\" \/>\n<meta property=\"og:url\" content=\"https:\/\/www.miomiorun.com\/es\/producto\/craft-cool-intensity-rn-sl-hombre\/\" \/>\n<meta property=\"og:site_name\" content=\"MioMioRun\" \/>\n<meta property=\"article:publisher\" content=\"https:\/\/www.facebook.com\/miomiorun\/\" \/>\n<meta property=\"article:modified_time\" content=\"2026-04-30T13:43:50+00:00\" \/>\n<meta property=\"og:image\" content=\"https:\/\/www.miomiorun.com\/app\/uploads\/2021\/09\/craft-Cool-intensity-RN-SL-1904921-9999.jpg\" \/>\n\t<meta property=\"og:image:width\" content=\"600\" \/>\n\t<meta property=\"og:image:height\" content=\"600\" \/>\n\t<meta property=\"og:image:type\" content=\"image\/jpeg\" \/>\n<meta name=\"twitter:card\" content=\"summary_large_image\" \/>\n<meta name=\"twitter:label1\" content=\"Est. reading time\" \/>\n\t<meta name=\"twitter:data1\" content=\"1 minute\" \/>\n<script type=\"application\/ld+json\" class=\"yoast-schema-graph\">{\"@context\":\"https:\/\/schema.org\",\"@graph\":[{\"@type\":\"WebPage\",\"@id\":\"https:\/\/www.miomiorun.com\/es\/producto\/craft-cool-intensity-rn-sl-hombre\/\",\"url\":\"https:\/\/www.miomiorun.com\/es\/producto\/craft-cool-intensity-rn-sl-hombre\/\",\"name\":\"Craft Cool Intensity RN SL hombre - Ropa interior - MioMioRun.com\",\"isPartOf\":{\"@id\":\"https:\/\/www.miomiorun.com\/es\/#website\"},\"primaryImageOfPage\":{\"@id\":\"https:\/\/www.miomiorun.com\/es\/producto\/craft-cool-intensity-rn-sl-hombre\/#primaryimage\"},\"image\":{\"@id\":\"https:\/\/www.miomiorun.com\/es\/producto\/craft-cool-intensity-rn-sl-hombre\/#primaryimage\"},\"thumbnailUrl\":\"https:\/\/www.miomiorun.com\/app\/uploads\/2021\/09\/craft-Cool-intensity-RN-SL-1904921-9999.jpg\",\"datePublished\":\"2021-08-26T09:19:26+00:00\",\"dateModified\":\"2026-04-30T13:43:50+00:00\",\"description\":\"La camiseta Cool Intensity RN SL de CRAFT para hombre es una camiseta refrescante sin costuras, con paneles de malla y una excelente evacuaci\u00f3n de la humedad.\",\"breadcrumb\":{\"@id\":\"https:\/\/www.miomiorun.com\/es\/producto\/craft-cool-intensity-rn-sl-hombre\/#breadcrumb\"},\"inLanguage\":\"es-ES\",\"potentialAction\":[{\"@type\":\"ReadAction\",\"target\":[\"https:\/\/www.miomiorun.com\/es\/producto\/craft-cool-intensity-rn-sl-hombre\/\"]}]},{\"@type\":\"ImageObject\",\"inLanguage\":\"es-ES\",\"@id\":\"https:\/\/www.miomiorun.com\/es\/producto\/craft-cool-intensity-rn-sl-hombre\/#primaryimage\",\"url\":\"https:\/\/www.miomiorun.com\/app\/uploads\/2021\/09\/craft-Cool-intensity-RN-SL-1904921-9999.jpg\",\"contentUrl\":\"https:\/\/www.miomiorun.com\/app\/uploads\/2021\/09\/craft-Cool-intensity-RN-SL-1904921-9999.jpg\",\"width\":600,\"height\":600,\"caption\":\"craft cool intensity rn sl\"},{\"@type\":\"BreadcrumbList\",\"@id\":\"https:\/\/www.miomiorun.com\/es\/producto\/craft-cool-intensity-rn-sl-hombre\/#breadcrumb\",\"itemListElement\":[{\"@type\":\"ListItem\",\"position\":1,\"name\":\"Home\",\"item\":\"https:\/\/www.miomiorun.com\/es\/\"},{\"@type\":\"ListItem\",\"position\":2,\"name\":\"Shop\",\"item\":\"https:\/\/www.miomiorun.com\/shop\/\"},{\"@type\":\"ListItem\",\"position\":3,\"name\":\"Cool Intensity RN SL hombre\"}]},{\"@type\":\"WebSite\",\"@id\":\"https:\/\/www.miomiorun.com\/es\/#website\",\"url\":\"https:\/\/www.miomiorun.com\/es\/\",\"name\":\"MioMioRun\",\"description\":\"Tienda 100% running y trail\",\"publisher\":{\"@id\":\"https:\/\/www.miomiorun.com\/es\/#organization\"},\"potentialAction\":[{\"@type\":\"SearchAction\",\"target\":{\"@type\":\"EntryPoint\",\"urlTemplate\":\"https:\/\/www.miomiorun.com\/es\/?s={search_term_string}\"},\"query-input\":{\"@type\":\"PropertyValueSpecification\",\"valueRequired\":true,\"valueName\":\"search_term_string\"}}],\"inLanguage\":\"es-ES\"},{\"@type\":\"Organization\",\"@id\":\"https:\/\/www.miomiorun.com\/es\/#organization\",\"name\":\"MioMio Run\",\"url\":\"https:\/\/www.miomiorun.com\/es\/\",\"logo\":{\"@type\":\"ImageObject\",\"inLanguage\":\"es-ES\",\"@id\":\"https:\/\/www.miomiorun.com\/es\/#\/schema\/logo\/image\/\",\"url\":\"https:\/\/www.miomiorun.com\/app\/uploads\/2019\/12\/logomio.png\",\"contentUrl\":\"https:\/\/www.miomiorun.com\/app\/uploads\/2019\/12\/logomio.png\",\"width\":115,\"height\":82,\"caption\":\"MioMio Run\"},\"image\":{\"@id\":\"https:\/\/www.miomiorun.com\/es\/#\/schema\/logo\/image\/\"},\"sameAs\":[\"https:\/\/www.facebook.com\/miomiorun\/\",\"https:\/\/www.instagram.com\/miomiorun\/\"]}]}<\/script>\n<!-- \/ Yoast SEO plugin. -->","yoast_head_json":{"title":"Craft Cool Intensity RN SL hombre - Ropa interior - MioMioRun.com","description":"La camiseta Cool Intensity RN SL de CRAFT para hombre es una camiseta refrescante sin costuras, con paneles de malla y una excelente evacuaci\u00f3n de la humedad.","robots":{"index":"index","follow":"follow","max-snippet":"max-snippet:-1","max-image-preview":"max-image-preview:large","max-video-preview":"max-video-preview:-1"},"canonical":"https:\/\/www.miomiorun.com\/es\/producto\/craft-cool-intensity-rn-sl-hombre\/","og_locale":"es_ES","og_type":"article","og_title":"Craft Cool Intensity RN SL hombre - Ropa interior - MioMioRun.com","og_description":"La camiseta Cool Intensity RN SL de CRAFT para hombre es una camiseta refrescante sin costuras, con paneles de malla y una excelente evacuaci\u00f3n de la humedad.","og_url":"https:\/\/www.miomiorun.com\/es\/producto\/craft-cool-intensity-rn-sl-hombre\/","og_site_name":"MioMioRun","article_publisher":"https:\/\/www.facebook.com\/miomiorun\/","article_modified_time":"2026-04-30T13:43:50+00:00","og_image":[{"width":600,"height":600,"url":"https:\/\/www.miomiorun.com\/app\/uploads\/2021\/09\/craft-Cool-intensity-RN-SL-1904921-9999.jpg","type":"image\/jpeg"}],"twitter_card":"summary_large_image","twitter_misc":{"Est. reading time":"1 minute"},"schema":{"@context":"https:\/\/schema.org","@graph":[{"@type":"WebPage","@id":"https:\/\/www.miomiorun.com\/es\/producto\/craft-cool-intensity-rn-sl-hombre\/","url":"https:\/\/www.miomiorun.com\/es\/producto\/craft-cool-intensity-rn-sl-hombre\/","name":"Craft Cool Intensity RN SL hombre - Ropa interior - MioMioRun.com","isPartOf":{"@id":"https:\/\/www.miomiorun.com\/es\/#website"},"primaryImageOfPage":{"@id":"https:\/\/www.miomiorun.com\/es\/producto\/craft-cool-intensity-rn-sl-hombre\/#primaryimage"},"image":{"@id":"https:\/\/www.miomiorun.com\/es\/producto\/craft-cool-intensity-rn-sl-hombre\/#primaryimage"},"thumbnailUrl":"https:\/\/www.miomiorun.com\/app\/uploads\/2021\/09\/craft-Cool-intensity-RN-SL-1904921-9999.jpg","datePublished":"2021-08-26T09:19:26+00:00","dateModified":"2026-04-30T13:43:50+00:00","description":"La camiseta Cool Intensity RN SL de CRAFT para hombre es una camiseta refrescante sin costuras, con paneles de malla y una excelente evacuaci\u00f3n de la humedad.","breadcrumb":{"@id":"https:\/\/www.miomiorun.com\/es\/producto\/craft-cool-intensity-rn-sl-hombre\/#breadcrumb"},"inLanguage":"es-ES","potentialAction":[{"@type":"ReadAction","target":["https:\/\/www.miomiorun.com\/es\/producto\/craft-cool-intensity-rn-sl-hombre\/"]}]},{"@type":"ImageObject","inLanguage":"es-ES","@id":"https:\/\/www.miomiorun.com\/es\/producto\/craft-cool-intensity-rn-sl-hombre\/#primaryimage","url":"https:\/\/www.miomiorun.com\/app\/uploads\/2021\/09\/craft-Cool-intensity-RN-SL-1904921-9999.jpg","contentUrl":"https:\/\/www.miomiorun.com\/app\/uploads\/2021\/09\/craft-Cool-intensity-RN-SL-1904921-9999.jpg","width":600,"height":600,"caption":"craft cool intensity rn sl"},{"@type":"BreadcrumbList","@id":"https:\/\/www.miomiorun.com\/es\/producto\/craft-cool-intensity-rn-sl-hombre\/#breadcrumb","itemListElement":[{"@type":"ListItem","position":1,"name":"Home","item":"https:\/\/www.miomiorun.com\/es\/"},{"@type":"ListItem","position":2,"name":"Shop","item":"https:\/\/www.miomiorun.com\/shop\/"},{"@type":"ListItem","position":3,"name":"Cool Intensity RN SL hombre"}]},{"@type":"WebSite","@id":"https:\/\/www.miomiorun.com\/es\/#website","url":"https:\/\/www.miomiorun.com\/es\/","name":"MioMioRun","description":"Tienda 100% running y trail","publisher":{"@id":"https:\/\/www.miomiorun.com\/es\/#organization"},"potentialAction":[{"@type":"SearchAction","target":{"@type":"EntryPoint","urlTemplate":"https:\/\/www.miomiorun.com\/es\/?s={search_term_string}"},"query-input":{"@type":"PropertyValueSpecification","valueRequired":true,"valueName":"search_term_string"}}],"inLanguage":"es-ES"},{"@type":"Organization","@id":"https:\/\/www.miomiorun.com\/es\/#organization","name":"MioMio Run","url":"https:\/\/www.miomiorun.com\/es\/","logo":{"@type":"ImageObject","inLanguage":"es-ES","@id":"https:\/\/www.miomiorun.com\/es\/#\/schema\/logo\/image\/","url":"https:\/\/www.miomiorun.com\/app\/uploads\/2019\/12\/logomio.png","contentUrl":"https:\/\/www.miomiorun.com\/app\/uploads\/2019\/12\/logomio.png","width":115,"height":82,"caption":"MioMio Run"},"image":{"@id":"https:\/\/www.miomiorun.com\/es\/#\/schema\/logo\/image\/"},"sameAs":["https:\/\/www.facebook.com\/miomiorun\/","https:\/\/www.instagram.com\/miomiorun\/"]}]}},"_links":{"self":[{"href":"https:\/\/www.miomiorun.com\/es\/wp-json\/wp\/v2\/product\/278465","targetHints":{"allow":["GET"]}}],"collection":[{"href":"https:\/\/www.miomiorun.com\/es\/wp-json\/wp\/v2\/product"}],"about":[{"href":"https:\/\/www.miomiorun.com\/es\/wp-json\/wp\/v2\/types\/product"}],"wp:featuredmedia":[{"embeddable":true,"href":"https:\/\/www.miomiorun.com\/es\/wp-json\/wp\/v2\/media\/233160"}],"wp:attachment":[{"href":"https:\/\/www.miomiorun.com\/es\/wp-json\/wp\/v2\/media?parent=278465"}],"wp:term":[{"taxonomy":"product_brand","embeddable":true,"href":"https:\/\/www.miomiorun.com\/es\/wp-json\/wp\/v2\/product_brand?post=278465"},{"taxonomy":"product_cat","embeddable":true,"href":"https:\/\/www.miomiorun.com\/es\/wp-json\/wp\/v2\/product_cat?post=278465"},{"taxonomy":"product_tag","embeddable":true,"href":"https:\/\/www.miomiorun.com\/es\/wp-json\/wp\/v2\/product_tag?post=278465"}],"curies":[{"name":"wp","href":"https:\/\/api.w.org\/{rel}","templated":true}]}}