{"id":278368,"date":"2021-08-28T11:58:51","date_gmt":"2021-08-28T09:58:51","guid":{"rendered":"https:\/\/miomiorun.com\/prodotto\/craft-active-extreme-2-0-brillant-cn-ls-donna\/"},"modified":"2026-04-30T15:59:57","modified_gmt":"2026-04-30T13:59:57","slug":"craft-active-extreme-2-0-brillant-cn-ls-mujer","status":"publish","type":"product","link":"https:\/\/www.miomiorun.com\/es\/producto\/craft-active-extreme-2-0-brillant-cn-ls-mujer\/","title":{"rendered":"Active Extreme 2.0 Brillant CN LS mujer"},"content":{"rendered":"<p>La colecci\u00f3n<strong>\u00a0 Active Extreme 2.0<\/strong> en la versi\u00f3n<strong> Brilliant<\/strong> para mujer, de manga larga, ofrece un mejor ajuste al llevarla puesta.<\/p>\n<p>Prenda recomendada como primera capa.<\/p>\n<p>El Active Extreme 2.0 Brilliant SS est\u00e1 confeccionado con un tejido fino, ligero y el\u00e1stico que incorpora CoolMax Air, una fibra de alto rendimiento que garantiza una gesti\u00f3n \u00f3ptima de la temperatura corporal durante los entrenamientos intensos en condiciones de fr\u00edo.<\/p>\n<p>Los paneles de malla con forma anat\u00f3mica y grandes orificios garantizan una ventilaci\u00f3n excelente, mientras que el dise\u00f1o ergon\u00f3mico en 3D asegura un ajuste perfecto. Los colores fluorescentes y los detalles reflectantes ofrecen una mayor visibilidad.<\/p>\n<p><strong>Caracter\u00edsticas:<\/strong><\/p>\n<ul>\n<li>Be Active: Be Active ofrece una gesti\u00f3n \u00f3ptima de la temperatura durante los entrenamientos en condiciones de fr\u00edo moderado a intenso.<\/li>\n<li>Ligero: material ultraligero que da la sensaci\u00f3n de desafiar la gravedad.<\/li>\n<li>Evacuaci\u00f3n de la humedad: evacua la humedad de la piel hacia el exterior de la prenda, lo que te mantiene fresco y seco durante los entrenamientos intensos.<\/li>\n<\/ul>\n<p>&nbsp;<\/p>\n","protected":false},"excerpt":{"rendered":"<p>La colecci\u00f3n\u00a0 Active Extreme 2.0 en la versi\u00f3n Brilliant para mujer, de manga larga, ofrece un mejor ajuste al llevarla puesta. Prenda recomendada como primera capa. El Active Extreme 2.0 Brilliant SS est\u00e1 confeccionado con un tejido fino, ligero y el\u00e1stico que incorpora CoolMax Air, una fibra de alto rendimiento que garantiza una gesti\u00f3n \u00f3ptima &hellip; <a href=\"https:\/\/www.miomiorun.com\/es\/producto\/craft-active-extreme-2-0-brillant-cn-ls-mujer\/\">Continued<\/a><\/p>\n","protected":false},"featured_media":233186,"template":"","meta":{"_acf_changed":false,"inline_featured_image":false},"product_brand":[],"product_cat":[24401,24397,24402],"product_tag":[23553,23659],"class_list":{"0":"post-278368","1":"product","2":"type-product","3":"status-publish","4":"has-post-thumbnail","6":"product_cat-ropa-de-mujer","7":"product_cat-ropa-interior","8":"product_cat-mujer","9":"product_tag-craft-es","10":"product_tag-craft-mujer","11":"pa_attivita-caminar","12":"pa_attivita-outdoor-es","13":"pa_attivita-running-es","14":"pa_attivita-trail-es","15":"pa_marca-craft-es","16":"pa_sesso-mujer","17":"pa_size-medium-es","19":"first","20":"instock","21":"sale","22":"taxable","23":"shipping-taxable","24":"purchasable","25":"product-type-variable","26":"wvs-archive-product-wrapper"},"acf":[],"yoast_head":"<!-- This site is optimized with the Yoast SEO plugin v26.8 - https:\/\/yoast.com\/product\/yoast-seo-wordpress\/ -->\n<title>Craft Active Extreme 2.0 Brillant CN LS mujer - Intimo- MioMioRun.com<\/title>\n<meta name=\"description\" content=\"La colecci\u00f3n Active Extreme 2.0, en su versi\u00f3n Brilliant para mujer de manga larga, ofrece un mejor ajuste al llevarla puesta.\" \/>\n<meta name=\"robots\" content=\"index, follow, max-snippet:-1, max-image-preview:large, max-video-preview:-1\" \/>\n<link rel=\"canonical\" href=\"https:\/\/www.miomiorun.com\/es\/producto\/craft-active-extreme-2-0-brillant-cn-ls-mujer\/\" \/>\n<meta property=\"og:locale\" content=\"es_ES\" \/>\n<meta property=\"og:type\" content=\"article\" \/>\n<meta property=\"og:title\" content=\"Craft Active Extreme 2.0 Brillant CN LS mujer - Intimo- MioMioRun.com\" \/>\n<meta property=\"og:description\" content=\"La colecci\u00f3n Active Extreme 2.0, en su versi\u00f3n Brilliant para mujer de manga larga, ofrece un mejor ajuste al llevarla puesta.\" \/>\n<meta property=\"og:url\" content=\"https:\/\/www.miomiorun.com\/es\/producto\/craft-active-extreme-2-0-brillant-cn-ls-mujer\/\" \/>\n<meta property=\"og:site_name\" content=\"MioMioRun\" \/>\n<meta property=\"article:publisher\" content=\"https:\/\/www.facebook.com\/miomiorun\/\" \/>\n<meta property=\"article:modified_time\" content=\"2026-04-30T13:59:57+00:00\" \/>\n<meta property=\"og:image\" content=\"https:\/\/www.miomiorun.com\/app\/uploads\/2021\/08\/craft-Active-extreme-2.0-brillant-CN-LS-1905078-2825.jpg\" \/>\n\t<meta property=\"og:image:width\" content=\"600\" \/>\n\t<meta property=\"og:image:height\" content=\"600\" \/>\n\t<meta property=\"og:image:type\" content=\"image\/jpeg\" \/>\n<meta name=\"twitter:card\" content=\"summary_large_image\" \/>\n<meta name=\"twitter:label1\" content=\"Est. reading time\" \/>\n\t<meta name=\"twitter:data1\" content=\"1 minute\" \/>\n<script type=\"application\/ld+json\" class=\"yoast-schema-graph\">{\"@context\":\"https:\/\/schema.org\",\"@graph\":[{\"@type\":\"WebPage\",\"@id\":\"https:\/\/www.miomiorun.com\/es\/producto\/craft-active-extreme-2-0-brillant-cn-ls-mujer\/\",\"url\":\"https:\/\/www.miomiorun.com\/es\/producto\/craft-active-extreme-2-0-brillant-cn-ls-mujer\/\",\"name\":\"Craft Active Extreme 2.0 Brillant CN LS mujer - Intimo- MioMioRun.com\",\"isPartOf\":{\"@id\":\"https:\/\/www.miomiorun.com\/es\/#website\"},\"primaryImageOfPage\":{\"@id\":\"https:\/\/www.miomiorun.com\/es\/producto\/craft-active-extreme-2-0-brillant-cn-ls-mujer\/#primaryimage\"},\"image\":{\"@id\":\"https:\/\/www.miomiorun.com\/es\/producto\/craft-active-extreme-2-0-brillant-cn-ls-mujer\/#primaryimage\"},\"thumbnailUrl\":\"https:\/\/www.miomiorun.com\/app\/uploads\/2021\/08\/craft-Active-extreme-2.0-brillant-CN-LS-1905078-2825.jpg\",\"datePublished\":\"2021-08-28T09:58:51+00:00\",\"dateModified\":\"2026-04-30T13:59:57+00:00\",\"description\":\"La colecci\u00f3n Active Extreme 2.0, en su versi\u00f3n Brilliant para mujer de manga larga, ofrece un mejor ajuste al llevarla puesta.\",\"breadcrumb\":{\"@id\":\"https:\/\/www.miomiorun.com\/es\/producto\/craft-active-extreme-2-0-brillant-cn-ls-mujer\/#breadcrumb\"},\"inLanguage\":\"es-ES\",\"potentialAction\":[{\"@type\":\"ReadAction\",\"target\":[\"https:\/\/www.miomiorun.com\/es\/producto\/craft-active-extreme-2-0-brillant-cn-ls-mujer\/\"]}]},{\"@type\":\"ImageObject\",\"inLanguage\":\"es-ES\",\"@id\":\"https:\/\/www.miomiorun.com\/es\/producto\/craft-active-extreme-2-0-brillant-cn-ls-mujer\/#primaryimage\",\"url\":\"https:\/\/www.miomiorun.com\/app\/uploads\/2021\/08\/craft-Active-extreme-2.0-brillant-CN-LS-1905078-2825.jpg\",\"contentUrl\":\"https:\/\/www.miomiorun.com\/app\/uploads\/2021\/08\/craft-Active-extreme-2.0-brillant-CN-LS-1905078-2825.jpg\",\"width\":600,\"height\":600,\"caption\":\"craft active extreme 2.0 brillant cn ls\"},{\"@type\":\"BreadcrumbList\",\"@id\":\"https:\/\/www.miomiorun.com\/es\/producto\/craft-active-extreme-2-0-brillant-cn-ls-mujer\/#breadcrumb\",\"itemListElement\":[{\"@type\":\"ListItem\",\"position\":1,\"name\":\"Home\",\"item\":\"https:\/\/www.miomiorun.com\/es\/\"},{\"@type\":\"ListItem\",\"position\":2,\"name\":\"Shop\",\"item\":\"https:\/\/www.miomiorun.com\/shop\/\"},{\"@type\":\"ListItem\",\"position\":3,\"name\":\"Active Extreme 2.0 Brillant CN LS mujer\"}]},{\"@type\":\"WebSite\",\"@id\":\"https:\/\/www.miomiorun.com\/es\/#website\",\"url\":\"https:\/\/www.miomiorun.com\/es\/\",\"name\":\"MioMioRun\",\"description\":\"Tienda 100% running y trail\",\"publisher\":{\"@id\":\"https:\/\/www.miomiorun.com\/es\/#organization\"},\"potentialAction\":[{\"@type\":\"SearchAction\",\"target\":{\"@type\":\"EntryPoint\",\"urlTemplate\":\"https:\/\/www.miomiorun.com\/es\/?s={search_term_string}\"},\"query-input\":{\"@type\":\"PropertyValueSpecification\",\"valueRequired\":true,\"valueName\":\"search_term_string\"}}],\"inLanguage\":\"es-ES\"},{\"@type\":\"Organization\",\"@id\":\"https:\/\/www.miomiorun.com\/es\/#organization\",\"name\":\"MioMio Run\",\"url\":\"https:\/\/www.miomiorun.com\/es\/\",\"logo\":{\"@type\":\"ImageObject\",\"inLanguage\":\"es-ES\",\"@id\":\"https:\/\/www.miomiorun.com\/es\/#\/schema\/logo\/image\/\",\"url\":\"https:\/\/www.miomiorun.com\/app\/uploads\/2019\/12\/logomio.png\",\"contentUrl\":\"https:\/\/www.miomiorun.com\/app\/uploads\/2019\/12\/logomio.png\",\"width\":115,\"height\":82,\"caption\":\"MioMio Run\"},\"image\":{\"@id\":\"https:\/\/www.miomiorun.com\/es\/#\/schema\/logo\/image\/\"},\"sameAs\":[\"https:\/\/www.facebook.com\/miomiorun\/\",\"https:\/\/www.instagram.com\/miomiorun\/\"]}]}<\/script>\n<!-- \/ Yoast SEO plugin. -->","yoast_head_json":{"title":"Craft Active Extreme 2.0 Brillant CN LS mujer - Intimo- MioMioRun.com","description":"La colecci\u00f3n Active Extreme 2.0, en su versi\u00f3n Brilliant para mujer de manga larga, ofrece un mejor ajuste al llevarla puesta.","robots":{"index":"index","follow":"follow","max-snippet":"max-snippet:-1","max-image-preview":"max-image-preview:large","max-video-preview":"max-video-preview:-1"},"canonical":"https:\/\/www.miomiorun.com\/es\/producto\/craft-active-extreme-2-0-brillant-cn-ls-mujer\/","og_locale":"es_ES","og_type":"article","og_title":"Craft Active Extreme 2.0 Brillant CN LS mujer - Intimo- MioMioRun.com","og_description":"La colecci\u00f3n Active Extreme 2.0, en su versi\u00f3n Brilliant para mujer de manga larga, ofrece un mejor ajuste al llevarla puesta.","og_url":"https:\/\/www.miomiorun.com\/es\/producto\/craft-active-extreme-2-0-brillant-cn-ls-mujer\/","og_site_name":"MioMioRun","article_publisher":"https:\/\/www.facebook.com\/miomiorun\/","article_modified_time":"2026-04-30T13:59:57+00:00","og_image":[{"width":600,"height":600,"url":"https:\/\/www.miomiorun.com\/app\/uploads\/2021\/08\/craft-Active-extreme-2.0-brillant-CN-LS-1905078-2825.jpg","type":"image\/jpeg"}],"twitter_card":"summary_large_image","twitter_misc":{"Est. reading time":"1 minute"},"schema":{"@context":"https:\/\/schema.org","@graph":[{"@type":"WebPage","@id":"https:\/\/www.miomiorun.com\/es\/producto\/craft-active-extreme-2-0-brillant-cn-ls-mujer\/","url":"https:\/\/www.miomiorun.com\/es\/producto\/craft-active-extreme-2-0-brillant-cn-ls-mujer\/","name":"Craft Active Extreme 2.0 Brillant CN LS mujer - Intimo- MioMioRun.com","isPartOf":{"@id":"https:\/\/www.miomiorun.com\/es\/#website"},"primaryImageOfPage":{"@id":"https:\/\/www.miomiorun.com\/es\/producto\/craft-active-extreme-2-0-brillant-cn-ls-mujer\/#primaryimage"},"image":{"@id":"https:\/\/www.miomiorun.com\/es\/producto\/craft-active-extreme-2-0-brillant-cn-ls-mujer\/#primaryimage"},"thumbnailUrl":"https:\/\/www.miomiorun.com\/app\/uploads\/2021\/08\/craft-Active-extreme-2.0-brillant-CN-LS-1905078-2825.jpg","datePublished":"2021-08-28T09:58:51+00:00","dateModified":"2026-04-30T13:59:57+00:00","description":"La colecci\u00f3n Active Extreme 2.0, en su versi\u00f3n Brilliant para mujer de manga larga, ofrece un mejor ajuste al llevarla puesta.","breadcrumb":{"@id":"https:\/\/www.miomiorun.com\/es\/producto\/craft-active-extreme-2-0-brillant-cn-ls-mujer\/#breadcrumb"},"inLanguage":"es-ES","potentialAction":[{"@type":"ReadAction","target":["https:\/\/www.miomiorun.com\/es\/producto\/craft-active-extreme-2-0-brillant-cn-ls-mujer\/"]}]},{"@type":"ImageObject","inLanguage":"es-ES","@id":"https:\/\/www.miomiorun.com\/es\/producto\/craft-active-extreme-2-0-brillant-cn-ls-mujer\/#primaryimage","url":"https:\/\/www.miomiorun.com\/app\/uploads\/2021\/08\/craft-Active-extreme-2.0-brillant-CN-LS-1905078-2825.jpg","contentUrl":"https:\/\/www.miomiorun.com\/app\/uploads\/2021\/08\/craft-Active-extreme-2.0-brillant-CN-LS-1905078-2825.jpg","width":600,"height":600,"caption":"craft active extreme 2.0 brillant cn ls"},{"@type":"BreadcrumbList","@id":"https:\/\/www.miomiorun.com\/es\/producto\/craft-active-extreme-2-0-brillant-cn-ls-mujer\/#breadcrumb","itemListElement":[{"@type":"ListItem","position":1,"name":"Home","item":"https:\/\/www.miomiorun.com\/es\/"},{"@type":"ListItem","position":2,"name":"Shop","item":"https:\/\/www.miomiorun.com\/shop\/"},{"@type":"ListItem","position":3,"name":"Active Extreme 2.0 Brillant CN LS mujer"}]},{"@type":"WebSite","@id":"https:\/\/www.miomiorun.com\/es\/#website","url":"https:\/\/www.miomiorun.com\/es\/","name":"MioMioRun","description":"Tienda 100% running y trail","publisher":{"@id":"https:\/\/www.miomiorun.com\/es\/#organization"},"potentialAction":[{"@type":"SearchAction","target":{"@type":"EntryPoint","urlTemplate":"https:\/\/www.miomiorun.com\/es\/?s={search_term_string}"},"query-input":{"@type":"PropertyValueSpecification","valueRequired":true,"valueName":"search_term_string"}}],"inLanguage":"es-ES"},{"@type":"Organization","@id":"https:\/\/www.miomiorun.com\/es\/#organization","name":"MioMio Run","url":"https:\/\/www.miomiorun.com\/es\/","logo":{"@type":"ImageObject","inLanguage":"es-ES","@id":"https:\/\/www.miomiorun.com\/es\/#\/schema\/logo\/image\/","url":"https:\/\/www.miomiorun.com\/app\/uploads\/2019\/12\/logomio.png","contentUrl":"https:\/\/www.miomiorun.com\/app\/uploads\/2019\/12\/logomio.png","width":115,"height":82,"caption":"MioMio Run"},"image":{"@id":"https:\/\/www.miomiorun.com\/es\/#\/schema\/logo\/image\/"},"sameAs":["https:\/\/www.facebook.com\/miomiorun\/","https:\/\/www.instagram.com\/miomiorun\/"]}]}},"_links":{"self":[{"href":"https:\/\/www.miomiorun.com\/es\/wp-json\/wp\/v2\/product\/278368","targetHints":{"allow":["GET"]}}],"collection":[{"href":"https:\/\/www.miomiorun.com\/es\/wp-json\/wp\/v2\/product"}],"about":[{"href":"https:\/\/www.miomiorun.com\/es\/wp-json\/wp\/v2\/types\/product"}],"wp:featuredmedia":[{"embeddable":true,"href":"https:\/\/www.miomiorun.com\/es\/wp-json\/wp\/v2\/media\/233186"}],"wp:attachment":[{"href":"https:\/\/www.miomiorun.com\/es\/wp-json\/wp\/v2\/media?parent=278368"}],"wp:term":[{"taxonomy":"product_brand","embeddable":true,"href":"https:\/\/www.miomiorun.com\/es\/wp-json\/wp\/v2\/product_brand?post=278368"},{"taxonomy":"product_cat","embeddable":true,"href":"https:\/\/www.miomiorun.com\/es\/wp-json\/wp\/v2\/product_cat?post=278368"},{"taxonomy":"product_tag","embeddable":true,"href":"https:\/\/www.miomiorun.com\/es\/wp-json\/wp\/v2\/product_tag?post=278368"}],"curies":[{"name":"wp","href":"https:\/\/api.w.org\/{rel}","templated":true}]}}