{"id":278292,"date":"2021-06-04T19:11:35","date_gmt":"2021-06-04T17:11:35","guid":{"rendered":"https:\/\/miomiorun.com\/prodotto\/stance-infiknit-medium-tab\/"},"modified":"2026-04-23T12:24:28","modified_gmt":"2026-04-23T10:24:28","slug":"stance-infiknit-medium-tab","status":"publish","type":"product","link":"https:\/\/www.miomiorun.com\/es\/producto\/stance-infiknit-medium-tab\/","title":{"rendered":"Infiknit Medium Tab"},"content":{"rendered":"<p><span style=\"font-weight: 400\">\u00bfTe has marcado unos grandes objetivos para estar m\u00e1s activo? Las zapatillas Stance Performance est\u00e1n repletas de prestaciones como Feel 360\u2122 e Infiknit\u2122 para potenciar cada carrera o entrenamiento. Desde la comodidad durante todo el d\u00eda hasta la garant\u00eda de por vida, mant\u00e9n tus objetivos en el buen camino, empezando desde cero.<\/span><\/p>\n<p>Amortiguaci\u00f3n adicional en toda la zapatilla para un ajuste m\u00e1s seguro y c\u00f3modo, con mayor protecci\u00f3n contra los impactos.<\/p>\n<h2>Caracter\u00edsticas<\/h2>\n<ul>\n<li>Nuestra tecnolog\u00eda Infiknit\u2122 nunca se rompe. Dise\u00f1ada para durar.<\/li>\n<li>El soporte para el arco de dise\u00f1o t\u00e9cnico estabiliza tu swing con estilo.<\/li>\n<li>Logotipo reflectante para una mayor visibilidad.<\/li>\n<li>Puntera sin costuras para un acabado antideslizante que a tus pies les encantar\u00e1.<\/li>\n<li>El tejido Performance Mesh te mantiene fresco gracias a su m\u00e1xima ventilaci\u00f3n y transpirabilidad.<\/li>\n<\/ul>\n<h2>Amortiguaci\u00f3n media<\/h2>\n<p>Amortiguaci\u00f3n moderada en toda la zapatilla para un ajuste seguro y una mayor protecci\u00f3n contra los impactos.<\/p>\n<h2>pesta\u00f1a<\/h2>\n<p>Un ligero realce por encima del cuello del zapato, que termina justo por debajo del tobillo con una leng\u00fceta.<\/p>\n<h2>Cuidado del producto<\/h2>\n<ul>\n<li style=\"font-weight: 400\"><span style=\"font-weight: 400\">Lavar a m\u00e1quina a 40 \u00b0C<\/span><\/li>\n<li style=\"font-weight: 400\"><span style=\"font-weight: 400\">Evita el blanqueo o el alisado<\/span><\/li>\n<li style=\"font-weight: 400\"><span style=\"font-weight: 400\">Los calcetines durar\u00e1n m\u00e1s si no los metes en la secadora<\/span><\/li>\n<\/ul>\n","protected":false},"excerpt":{"rendered":"<p>Elige la talla y el color para descubrir las caracter\u00edsticas de los distintos modelos disponibles<\/p>\n","protected":false},"featured_media":232348,"template":"","meta":{"_acf_changed":false,"inline_featured_image":false},"product_brand":[],"product_cat":[24462,24400,24463,24401,24464,24402],"product_tag":[23537,23576,23616],"class_list":{"0":"post-278292","1":"product","2":"type-product","3":"status-publish","4":"has-post-thumbnail","6":"product_cat-calcetines-es-2","7":"product_cat-calcetines","8":"product_cat-ropa-de-hombre-es","9":"product_cat-ropa-de-mujer","10":"product_cat-hombre","11":"product_cat-mujer","12":"product_tag-stance-es","13":"product_tag-stance-hombre","14":"product_tag-stance-mujer","15":"pa_colore-expanse-tab-es","16":"pa_colore-fields-mesh-white-es","17":"pa_colore-indipendence-tab-es","18":"pa_colore-montalvo-tab-es","19":"pa_colore-paradis-tab-es","20":"pa_colore-tropix-tab-black-es","21":"pa_colore-versa-tab-es","22":"pa_colore-versa-tab-royal-es","23":"pa_colore-versa-tab-white-es","24":"pa_marca-stance-es","25":"pa_sesso-hombre","26":"pa_sesso-mujer","27":"pa_size-35-37-es","28":"pa_size-38-42-es","29":"pa_size-43-46-es","31":"first","32":"instock","33":"sale","34":"taxable","35":"shipping-taxable","36":"purchasable","37":"product-type-variable","38":"wvs-archive-product-wrapper"},"acf":[],"yoast_head":"<!-- This site is optimized with the Yoast SEO plugin v26.8 - https:\/\/yoast.com\/product\/yoast-seo-wordpress\/ -->\n<title>Stance Infiknit Medium Tab - Calcetines para correr - MioMioRun.com<\/title>\n<meta name=\"description\" content=\"Desde la comodidad durante todo el d\u00eda hasta la garant\u00eda de por vida, mant\u00e9n tus objetivos en el buen camino, empezando desde cero.\" \/>\n<meta name=\"robots\" content=\"index, follow, max-snippet:-1, max-image-preview:large, max-video-preview:-1\" \/>\n<link rel=\"canonical\" href=\"https:\/\/www.miomiorun.com\/es\/producto\/stance-infiknit-medium-tab\/\" \/>\n<meta property=\"og:locale\" content=\"es_ES\" \/>\n<meta property=\"og:type\" content=\"article\" \/>\n<meta property=\"og:title\" content=\"Stance Infiknit Medium Tab - Calcetines para correr - MioMioRun.com\" \/>\n<meta property=\"og:description\" content=\"Desde la comodidad durante todo el d\u00eda hasta la garant\u00eda de por vida, mant\u00e9n tus objetivos en el buen camino, empezando desde cero.\" \/>\n<meta property=\"og:url\" content=\"https:\/\/www.miomiorun.com\/es\/producto\/stance-infiknit-medium-tab\/\" \/>\n<meta property=\"og:site_name\" content=\"MioMioRun\" \/>\n<meta property=\"article:publisher\" content=\"https:\/\/www.facebook.com\/miomiorun\/\" \/>\n<meta property=\"article:modified_time\" content=\"2026-04-23T10:24:28+00:00\" \/>\n<meta property=\"og:image\" content=\"https:\/\/www.miomiorun.com\/app\/uploads\/2021\/06\/stance-Trop-it-low.jpg\" \/>\n\t<meta property=\"og:image:width\" content=\"600\" \/>\n\t<meta property=\"og:image:height\" content=\"600\" \/>\n\t<meta property=\"og:image:type\" content=\"image\/jpeg\" \/>\n<meta name=\"twitter:card\" content=\"summary_large_image\" \/>\n<meta name=\"twitter:label1\" content=\"Est. reading time\" \/>\n\t<meta name=\"twitter:data1\" content=\"1 minute\" \/>\n<script type=\"application\/ld+json\" class=\"yoast-schema-graph\">{\"@context\":\"https:\/\/schema.org\",\"@graph\":[{\"@type\":\"WebPage\",\"@id\":\"https:\/\/www.miomiorun.com\/es\/producto\/stance-infiknit-medium-tab\/\",\"url\":\"https:\/\/www.miomiorun.com\/es\/producto\/stance-infiknit-medium-tab\/\",\"name\":\"Stance Infiknit Medium Tab - Calcetines para correr - MioMioRun.com\",\"isPartOf\":{\"@id\":\"https:\/\/www.miomiorun.com\/es\/#website\"},\"primaryImageOfPage\":{\"@id\":\"https:\/\/www.miomiorun.com\/es\/producto\/stance-infiknit-medium-tab\/#primaryimage\"},\"image\":{\"@id\":\"https:\/\/www.miomiorun.com\/es\/producto\/stance-infiknit-medium-tab\/#primaryimage\"},\"thumbnailUrl\":\"https:\/\/www.miomiorun.com\/app\/uploads\/2021\/06\/stance-Trop-it-low.jpg\",\"datePublished\":\"2021-06-04T17:11:35+00:00\",\"dateModified\":\"2026-04-23T10:24:28+00:00\",\"description\":\"Desde la comodidad durante todo el d\u00eda hasta la garant\u00eda de por vida, mant\u00e9n tus objetivos en el buen camino, empezando desde cero.\",\"breadcrumb\":{\"@id\":\"https:\/\/www.miomiorun.com\/es\/producto\/stance-infiknit-medium-tab\/#breadcrumb\"},\"inLanguage\":\"es-ES\",\"potentialAction\":[{\"@type\":\"ReadAction\",\"target\":[\"https:\/\/www.miomiorun.com\/es\/producto\/stance-infiknit-medium-tab\/\"]}]},{\"@type\":\"ImageObject\",\"inLanguage\":\"es-ES\",\"@id\":\"https:\/\/www.miomiorun.com\/es\/producto\/stance-infiknit-medium-tab\/#primaryimage\",\"url\":\"https:\/\/www.miomiorun.com\/app\/uploads\/2021\/06\/stance-Trop-it-low.jpg\",\"contentUrl\":\"https:\/\/www.miomiorun.com\/app\/uploads\/2021\/06\/stance-Trop-it-low.jpg\",\"width\":600,\"height\":600,\"caption\":\"stance trop il low\"},{\"@type\":\"BreadcrumbList\",\"@id\":\"https:\/\/www.miomiorun.com\/es\/producto\/stance-infiknit-medium-tab\/#breadcrumb\",\"itemListElement\":[{\"@type\":\"ListItem\",\"position\":1,\"name\":\"Home\",\"item\":\"https:\/\/www.miomiorun.com\/es\/\"},{\"@type\":\"ListItem\",\"position\":2,\"name\":\"Shop\",\"item\":\"https:\/\/www.miomiorun.com\/shop\/\"},{\"@type\":\"ListItem\",\"position\":3,\"name\":\"Infiknit Medium Tab\"}]},{\"@type\":\"WebSite\",\"@id\":\"https:\/\/www.miomiorun.com\/es\/#website\",\"url\":\"https:\/\/www.miomiorun.com\/es\/\",\"name\":\"MioMioRun\",\"description\":\"Tienda 100% running y trail\",\"publisher\":{\"@id\":\"https:\/\/www.miomiorun.com\/es\/#organization\"},\"potentialAction\":[{\"@type\":\"SearchAction\",\"target\":{\"@type\":\"EntryPoint\",\"urlTemplate\":\"https:\/\/www.miomiorun.com\/es\/?s={search_term_string}\"},\"query-input\":{\"@type\":\"PropertyValueSpecification\",\"valueRequired\":true,\"valueName\":\"search_term_string\"}}],\"inLanguage\":\"es-ES\"},{\"@type\":\"Organization\",\"@id\":\"https:\/\/www.miomiorun.com\/es\/#organization\",\"name\":\"MioMio Run\",\"url\":\"https:\/\/www.miomiorun.com\/es\/\",\"logo\":{\"@type\":\"ImageObject\",\"inLanguage\":\"es-ES\",\"@id\":\"https:\/\/www.miomiorun.com\/es\/#\/schema\/logo\/image\/\",\"url\":\"https:\/\/www.miomiorun.com\/app\/uploads\/2019\/12\/logomio.png\",\"contentUrl\":\"https:\/\/www.miomiorun.com\/app\/uploads\/2019\/12\/logomio.png\",\"width\":115,\"height\":82,\"caption\":\"MioMio Run\"},\"image\":{\"@id\":\"https:\/\/www.miomiorun.com\/es\/#\/schema\/logo\/image\/\"},\"sameAs\":[\"https:\/\/www.facebook.com\/miomiorun\/\",\"https:\/\/www.instagram.com\/miomiorun\/\"]}]}<\/script>\n<!-- \/ Yoast SEO plugin. -->","yoast_head_json":{"title":"Stance Infiknit Medium Tab - Calcetines para correr - MioMioRun.com","description":"Desde la comodidad durante todo el d\u00eda hasta la garant\u00eda de por vida, mant\u00e9n tus objetivos en el buen camino, empezando desde cero.","robots":{"index":"index","follow":"follow","max-snippet":"max-snippet:-1","max-image-preview":"max-image-preview:large","max-video-preview":"max-video-preview:-1"},"canonical":"https:\/\/www.miomiorun.com\/es\/producto\/stance-infiknit-medium-tab\/","og_locale":"es_ES","og_type":"article","og_title":"Stance Infiknit Medium Tab - Calcetines para correr - MioMioRun.com","og_description":"Desde la comodidad durante todo el d\u00eda hasta la garant\u00eda de por vida, mant\u00e9n tus objetivos en el buen camino, empezando desde cero.","og_url":"https:\/\/www.miomiorun.com\/es\/producto\/stance-infiknit-medium-tab\/","og_site_name":"MioMioRun","article_publisher":"https:\/\/www.facebook.com\/miomiorun\/","article_modified_time":"2026-04-23T10:24:28+00:00","og_image":[{"width":600,"height":600,"url":"https:\/\/www.miomiorun.com\/app\/uploads\/2021\/06\/stance-Trop-it-low.jpg","type":"image\/jpeg"}],"twitter_card":"summary_large_image","twitter_misc":{"Est. reading time":"1 minute"},"schema":{"@context":"https:\/\/schema.org","@graph":[{"@type":"WebPage","@id":"https:\/\/www.miomiorun.com\/es\/producto\/stance-infiknit-medium-tab\/","url":"https:\/\/www.miomiorun.com\/es\/producto\/stance-infiknit-medium-tab\/","name":"Stance Infiknit Medium Tab - Calcetines para correr - MioMioRun.com","isPartOf":{"@id":"https:\/\/www.miomiorun.com\/es\/#website"},"primaryImageOfPage":{"@id":"https:\/\/www.miomiorun.com\/es\/producto\/stance-infiknit-medium-tab\/#primaryimage"},"image":{"@id":"https:\/\/www.miomiorun.com\/es\/producto\/stance-infiknit-medium-tab\/#primaryimage"},"thumbnailUrl":"https:\/\/www.miomiorun.com\/app\/uploads\/2021\/06\/stance-Trop-it-low.jpg","datePublished":"2021-06-04T17:11:35+00:00","dateModified":"2026-04-23T10:24:28+00:00","description":"Desde la comodidad durante todo el d\u00eda hasta la garant\u00eda de por vida, mant\u00e9n tus objetivos en el buen camino, empezando desde cero.","breadcrumb":{"@id":"https:\/\/www.miomiorun.com\/es\/producto\/stance-infiknit-medium-tab\/#breadcrumb"},"inLanguage":"es-ES","potentialAction":[{"@type":"ReadAction","target":["https:\/\/www.miomiorun.com\/es\/producto\/stance-infiknit-medium-tab\/"]}]},{"@type":"ImageObject","inLanguage":"es-ES","@id":"https:\/\/www.miomiorun.com\/es\/producto\/stance-infiknit-medium-tab\/#primaryimage","url":"https:\/\/www.miomiorun.com\/app\/uploads\/2021\/06\/stance-Trop-it-low.jpg","contentUrl":"https:\/\/www.miomiorun.com\/app\/uploads\/2021\/06\/stance-Trop-it-low.jpg","width":600,"height":600,"caption":"stance trop il low"},{"@type":"BreadcrumbList","@id":"https:\/\/www.miomiorun.com\/es\/producto\/stance-infiknit-medium-tab\/#breadcrumb","itemListElement":[{"@type":"ListItem","position":1,"name":"Home","item":"https:\/\/www.miomiorun.com\/es\/"},{"@type":"ListItem","position":2,"name":"Shop","item":"https:\/\/www.miomiorun.com\/shop\/"},{"@type":"ListItem","position":3,"name":"Infiknit Medium Tab"}]},{"@type":"WebSite","@id":"https:\/\/www.miomiorun.com\/es\/#website","url":"https:\/\/www.miomiorun.com\/es\/","name":"MioMioRun","description":"Tienda 100% running y trail","publisher":{"@id":"https:\/\/www.miomiorun.com\/es\/#organization"},"potentialAction":[{"@type":"SearchAction","target":{"@type":"EntryPoint","urlTemplate":"https:\/\/www.miomiorun.com\/es\/?s={search_term_string}"},"query-input":{"@type":"PropertyValueSpecification","valueRequired":true,"valueName":"search_term_string"}}],"inLanguage":"es-ES"},{"@type":"Organization","@id":"https:\/\/www.miomiorun.com\/es\/#organization","name":"MioMio Run","url":"https:\/\/www.miomiorun.com\/es\/","logo":{"@type":"ImageObject","inLanguage":"es-ES","@id":"https:\/\/www.miomiorun.com\/es\/#\/schema\/logo\/image\/","url":"https:\/\/www.miomiorun.com\/app\/uploads\/2019\/12\/logomio.png","contentUrl":"https:\/\/www.miomiorun.com\/app\/uploads\/2019\/12\/logomio.png","width":115,"height":82,"caption":"MioMio Run"},"image":{"@id":"https:\/\/www.miomiorun.com\/es\/#\/schema\/logo\/image\/"},"sameAs":["https:\/\/www.facebook.com\/miomiorun\/","https:\/\/www.instagram.com\/miomiorun\/"]}]}},"_links":{"self":[{"href":"https:\/\/www.miomiorun.com\/es\/wp-json\/wp\/v2\/product\/278292","targetHints":{"allow":["GET"]}}],"collection":[{"href":"https:\/\/www.miomiorun.com\/es\/wp-json\/wp\/v2\/product"}],"about":[{"href":"https:\/\/www.miomiorun.com\/es\/wp-json\/wp\/v2\/types\/product"}],"wp:featuredmedia":[{"embeddable":true,"href":"https:\/\/www.miomiorun.com\/es\/wp-json\/wp\/v2\/media\/232348"}],"wp:attachment":[{"href":"https:\/\/www.miomiorun.com\/es\/wp-json\/wp\/v2\/media?parent=278292"}],"wp:term":[{"taxonomy":"product_brand","embeddable":true,"href":"https:\/\/www.miomiorun.com\/es\/wp-json\/wp\/v2\/product_brand?post=278292"},{"taxonomy":"product_cat","embeddable":true,"href":"https:\/\/www.miomiorun.com\/es\/wp-json\/wp\/v2\/product_cat?post=278292"},{"taxonomy":"product_tag","embeddable":true,"href":"https:\/\/www.miomiorun.com\/es\/wp-json\/wp\/v2\/product_tag?post=278292"}],"curies":[{"name":"wp","href":"https:\/\/api.w.org\/{rel}","templated":true}]}}