{"id":278191,"date":"2021-06-08T16:18:06","date_gmt":"2021-06-08T14:18:06","guid":{"rendered":"https:\/\/miomiorun.com\/prodotto\/cep-sleeves-ultralight-pro-donna\/"},"modified":"2026-04-30T11:52:31","modified_gmt":"2026-04-30T09:52:31","slug":"cep-sleeves-ultralight-pro-mujer","status":"publish","type":"product","link":"https:\/\/www.miomiorun.com\/es\/producto\/cep-sleeves-ultralight-pro-mujer\/","title":{"rendered":"Sleeves Ultralight Pro mujer"},"content":{"rendered":"<p>Las perneras perfectas para el<strong> trail running<\/strong>: las <strong>Ultralight Pro Compression Sleeves<\/strong> para mujer cuentan con un <strong>estampado de carbono de alta calidad<\/strong> que protege tus tibias del contacto con los matorrales.\u00a0 Estas perneras est\u00e1n fabricadas con un material extremadamente fino y ligero que, combinado con las fibras de carbono, aumenta su durabilidad.<\/p>\n<h3>Mangas largas para mujer con estampado de carbono para trail running.<\/h3>\n<p>Correr por senderos estrechos y terrenos con vegetaci\u00f3n densa desgasta el material, pero la capa de carbono protege tus espinillas y las perneras del contacto con los matorrales. El material fino, ligero y transpirable ofrece una sujeci\u00f3n excelente durante tus carreras en verano.<\/p>\n<h3>Calzas de verano para mayor ligereza, comodidad y resistencia<\/h3>\n<p>Las mangas no se deslizan gracias a la<strong>\u00a0combinaci\u00f3n ultraligera de materiales<\/strong> y resultan agradables al tacto. Las mangas para mujer <strong>reducen las vibraciones musculares<\/strong>, activan la musculatura de las pantorrillas y mejoran tu rendimiento.<\/p>\n<h3>Un mayor aporte de nutrientes para ganar fuerza y sentirte bien.<\/h3>\n<p>Gracias al uso de una compresi\u00f3n a\u00fan <strong>mayor<\/strong>, tus piernas se benefician de un <strong>aporte optimizado de nutrientes<\/strong> durante el verano. El ox\u00edgeno llega m\u00e1s r\u00e1pido a las c\u00e9lulas, tus piernas disfrutan de mayor frescura y m\u00e1s energ\u00eda. La suave presi\u00f3n sobre la musculatura proporciona una estabilizaci\u00f3n profunda. Las <strong>Ultralight Pro Sleeves<\/strong> para mujer son ideales para las practicantes ambiciosas de trail running.<\/p>\n<h3>Caracter\u00edsticas:<\/h3>\n<ul class=\"selling-points\">\n<li>Las rodilleras de compresi\u00f3n Ultralight Pro para mujer reducen las vibraciones musculares que te restan energ\u00eda. \u00a1Tu carrera se beneficiar\u00e1 de unas piernas llenas de fuerza!<\/li>\n<li>La compresi\u00f3n media estimula en profundidad la musculatura de las pantorrillas con una presi\u00f3n espec\u00edfica, proporcionando la estabilidad necesaria.<\/li>\n<li>\u00a1El aporte optimizado de nutrientes te proporciona unas piernas agradablemente ligeras y una sensaci\u00f3n de bienestar!<\/li>\n<\/ul>\n<p><strong>Composici\u00f3n: 77<\/strong> % poliamida, 23 % elastano<\/p>\n","protected":false},"excerpt":{"rendered":"<p>Las perneras perfectas para el trail running: las Ultralight Pro Compression Sleeves para mujer cuentan con un estampado de carbono de alta calidad que protege tus tibias del contacto con los matorrales.\u00a0 Estas perneras est\u00e1n fabricadas con un material extremadamente fino y ligero que, combinado con las fibras de carbono, aumenta su durabilidad. Mangas largas &hellip; <a href=\"https:\/\/www.miomiorun.com\/es\/producto\/cep-sleeves-ultralight-pro-mujer\/\">Continued<\/a><\/p>\n","protected":false},"featured_media":232398,"template":"","meta":{"_acf_changed":false,"inline_featured_image":false},"product_brand":[],"product_cat":[24400,24401,24402],"product_tag":[23468,23666],"class_list":{"0":"post-278191","1":"product","2":"type-product","3":"status-publish","4":"has-post-thumbnail","6":"product_cat-calcetines","7":"product_cat-ropa-de-mujer","8":"product_cat-mujer","9":"product_tag-cep-es","10":"product_tag-cep-mujer","11":"pa_attivita-running-es","12":"pa_attivita-trail-es","13":"pa_circonferenza-polpaccio-24-31-es","14":"pa_circonferenza-polpaccio-32-38-es","15":"pa_marca-cep-es","16":"pa_sesso-mujer","18":"first","19":"instock","20":"sale","21":"taxable","22":"shipping-taxable","23":"purchasable","24":"product-type-variable","25":"wvs-archive-product-wrapper"},"acf":[],"yoast_head":"<!-- This site is optimized with the Yoast SEO plugin v26.8 - https:\/\/yoast.com\/product\/yoast-seo-wordpress\/ -->\n<title>Cep Sleeves Ultralight Pro mujer - Calcetines para correr - MioMioRun<\/title>\n<meta name=\"description\" content=\"Las perneras perfectas para el trail running: las Ultralight Pro Compression Sleeves para mujer cuentan con un estampado de carbono de alta calidad que protege\" \/>\n<meta name=\"robots\" content=\"index, follow, max-snippet:-1, max-image-preview:large, max-video-preview:-1\" \/>\n<link rel=\"canonical\" href=\"https:\/\/www.miomiorun.com\/es\/producto\/cep-sleeves-ultralight-pro-mujer\/\" \/>\n<meta property=\"og:locale\" content=\"es_ES\" \/>\n<meta property=\"og:type\" content=\"article\" \/>\n<meta property=\"og:title\" content=\"Cep Sleeves Ultralight Pro mujer - Calcetines para correr - MioMioRun\" \/>\n<meta property=\"og:description\" content=\"Las perneras perfectas para el trail running: las Ultralight Pro Compression Sleeves para mujer cuentan con un estampado de carbono de alta calidad que protege\" \/>\n<meta property=\"og:url\" content=\"https:\/\/www.miomiorun.com\/es\/producto\/cep-sleeves-ultralight-pro-mujer\/\" \/>\n<meta property=\"og:site_name\" content=\"MioMioRun\" \/>\n<meta property=\"article:publisher\" content=\"https:\/\/www.facebook.com\/miomiorun\/\" \/>\n<meta property=\"article:modified_time\" content=\"2026-04-30T09:52:31+00:00\" \/>\n<meta property=\"og:image\" content=\"https:\/\/www.miomiorun.com\/app\/uploads\/2021\/06\/cep-Sleeves-ultralight-Pro-WS40IQ.jpg\" \/>\n\t<meta property=\"og:image:width\" content=\"600\" \/>\n\t<meta property=\"og:image:height\" content=\"600\" \/>\n\t<meta property=\"og:image:type\" content=\"image\/jpeg\" \/>\n<meta name=\"twitter:card\" content=\"summary_large_image\" \/>\n<meta name=\"twitter:label1\" content=\"Est. reading time\" \/>\n\t<meta name=\"twitter:data1\" content=\"2 minutes\" \/>\n<script type=\"application\/ld+json\" class=\"yoast-schema-graph\">{\"@context\":\"https:\/\/schema.org\",\"@graph\":[{\"@type\":\"WebPage\",\"@id\":\"https:\/\/www.miomiorun.com\/es\/producto\/cep-sleeves-ultralight-pro-mujer\/\",\"url\":\"https:\/\/www.miomiorun.com\/es\/producto\/cep-sleeves-ultralight-pro-mujer\/\",\"name\":\"Cep Sleeves Ultralight Pro mujer - Calcetines para correr - MioMioRun\",\"isPartOf\":{\"@id\":\"https:\/\/www.miomiorun.com\/es\/#website\"},\"primaryImageOfPage\":{\"@id\":\"https:\/\/www.miomiorun.com\/es\/producto\/cep-sleeves-ultralight-pro-mujer\/#primaryimage\"},\"image\":{\"@id\":\"https:\/\/www.miomiorun.com\/es\/producto\/cep-sleeves-ultralight-pro-mujer\/#primaryimage\"},\"thumbnailUrl\":\"https:\/\/www.miomiorun.com\/app\/uploads\/2021\/06\/cep-Sleeves-ultralight-Pro-WS40IQ.jpg\",\"datePublished\":\"2021-06-08T14:18:06+00:00\",\"dateModified\":\"2026-04-30T09:52:31+00:00\",\"description\":\"Las perneras perfectas para el trail running: las Ultralight Pro Compression Sleeves para mujer cuentan con un estampado de carbono de alta calidad que protege\",\"breadcrumb\":{\"@id\":\"https:\/\/www.miomiorun.com\/es\/producto\/cep-sleeves-ultralight-pro-mujer\/#breadcrumb\"},\"inLanguage\":\"es-ES\",\"potentialAction\":[{\"@type\":\"ReadAction\",\"target\":[\"https:\/\/www.miomiorun.com\/es\/producto\/cep-sleeves-ultralight-pro-mujer\/\"]}]},{\"@type\":\"ImageObject\",\"inLanguage\":\"es-ES\",\"@id\":\"https:\/\/www.miomiorun.com\/es\/producto\/cep-sleeves-ultralight-pro-mujer\/#primaryimage\",\"url\":\"https:\/\/www.miomiorun.com\/app\/uploads\/2021\/06\/cep-Sleeves-ultralight-Pro-WS40IQ.jpg\",\"contentUrl\":\"https:\/\/www.miomiorun.com\/app\/uploads\/2021\/06\/cep-Sleeves-ultralight-Pro-WS40IQ.jpg\",\"width\":600,\"height\":600,\"caption\":\"cep sleeves ultralight pro donna\"},{\"@type\":\"BreadcrumbList\",\"@id\":\"https:\/\/www.miomiorun.com\/es\/producto\/cep-sleeves-ultralight-pro-mujer\/#breadcrumb\",\"itemListElement\":[{\"@type\":\"ListItem\",\"position\":1,\"name\":\"Home\",\"item\":\"https:\/\/www.miomiorun.com\/es\/\"},{\"@type\":\"ListItem\",\"position\":2,\"name\":\"Shop\",\"item\":\"https:\/\/www.miomiorun.com\/shop\/\"},{\"@type\":\"ListItem\",\"position\":3,\"name\":\"Sleeves Ultralight Pro mujer\"}]},{\"@type\":\"WebSite\",\"@id\":\"https:\/\/www.miomiorun.com\/es\/#website\",\"url\":\"https:\/\/www.miomiorun.com\/es\/\",\"name\":\"MioMioRun\",\"description\":\"Tienda 100% running y trail\",\"publisher\":{\"@id\":\"https:\/\/www.miomiorun.com\/es\/#organization\"},\"potentialAction\":[{\"@type\":\"SearchAction\",\"target\":{\"@type\":\"EntryPoint\",\"urlTemplate\":\"https:\/\/www.miomiorun.com\/es\/?s={search_term_string}\"},\"query-input\":{\"@type\":\"PropertyValueSpecification\",\"valueRequired\":true,\"valueName\":\"search_term_string\"}}],\"inLanguage\":\"es-ES\"},{\"@type\":\"Organization\",\"@id\":\"https:\/\/www.miomiorun.com\/es\/#organization\",\"name\":\"MioMio Run\",\"url\":\"https:\/\/www.miomiorun.com\/es\/\",\"logo\":{\"@type\":\"ImageObject\",\"inLanguage\":\"es-ES\",\"@id\":\"https:\/\/www.miomiorun.com\/es\/#\/schema\/logo\/image\/\",\"url\":\"https:\/\/www.miomiorun.com\/app\/uploads\/2019\/12\/logomio.png\",\"contentUrl\":\"https:\/\/www.miomiorun.com\/app\/uploads\/2019\/12\/logomio.png\",\"width\":115,\"height\":82,\"caption\":\"MioMio Run\"},\"image\":{\"@id\":\"https:\/\/www.miomiorun.com\/es\/#\/schema\/logo\/image\/\"},\"sameAs\":[\"https:\/\/www.facebook.com\/miomiorun\/\",\"https:\/\/www.instagram.com\/miomiorun\/\"]}]}<\/script>\n<!-- \/ Yoast SEO plugin. -->","yoast_head_json":{"title":"Cep Sleeves Ultralight Pro mujer - Calcetines para correr - MioMioRun","description":"Las perneras perfectas para el trail running: las Ultralight Pro Compression Sleeves para mujer cuentan con un estampado de carbono de alta calidad que protege","robots":{"index":"index","follow":"follow","max-snippet":"max-snippet:-1","max-image-preview":"max-image-preview:large","max-video-preview":"max-video-preview:-1"},"canonical":"https:\/\/www.miomiorun.com\/es\/producto\/cep-sleeves-ultralight-pro-mujer\/","og_locale":"es_ES","og_type":"article","og_title":"Cep Sleeves Ultralight Pro mujer - Calcetines para correr - MioMioRun","og_description":"Las perneras perfectas para el trail running: las Ultralight Pro Compression Sleeves para mujer cuentan con un estampado de carbono de alta calidad que protege","og_url":"https:\/\/www.miomiorun.com\/es\/producto\/cep-sleeves-ultralight-pro-mujer\/","og_site_name":"MioMioRun","article_publisher":"https:\/\/www.facebook.com\/miomiorun\/","article_modified_time":"2026-04-30T09:52:31+00:00","og_image":[{"width":600,"height":600,"url":"https:\/\/www.miomiorun.com\/app\/uploads\/2021\/06\/cep-Sleeves-ultralight-Pro-WS40IQ.jpg","type":"image\/jpeg"}],"twitter_card":"summary_large_image","twitter_misc":{"Est. reading time":"2 minutes"},"schema":{"@context":"https:\/\/schema.org","@graph":[{"@type":"WebPage","@id":"https:\/\/www.miomiorun.com\/es\/producto\/cep-sleeves-ultralight-pro-mujer\/","url":"https:\/\/www.miomiorun.com\/es\/producto\/cep-sleeves-ultralight-pro-mujer\/","name":"Cep Sleeves Ultralight Pro mujer - Calcetines para correr - MioMioRun","isPartOf":{"@id":"https:\/\/www.miomiorun.com\/es\/#website"},"primaryImageOfPage":{"@id":"https:\/\/www.miomiorun.com\/es\/producto\/cep-sleeves-ultralight-pro-mujer\/#primaryimage"},"image":{"@id":"https:\/\/www.miomiorun.com\/es\/producto\/cep-sleeves-ultralight-pro-mujer\/#primaryimage"},"thumbnailUrl":"https:\/\/www.miomiorun.com\/app\/uploads\/2021\/06\/cep-Sleeves-ultralight-Pro-WS40IQ.jpg","datePublished":"2021-06-08T14:18:06+00:00","dateModified":"2026-04-30T09:52:31+00:00","description":"Las perneras perfectas para el trail running: las Ultralight Pro Compression Sleeves para mujer cuentan con un estampado de carbono de alta calidad que protege","breadcrumb":{"@id":"https:\/\/www.miomiorun.com\/es\/producto\/cep-sleeves-ultralight-pro-mujer\/#breadcrumb"},"inLanguage":"es-ES","potentialAction":[{"@type":"ReadAction","target":["https:\/\/www.miomiorun.com\/es\/producto\/cep-sleeves-ultralight-pro-mujer\/"]}]},{"@type":"ImageObject","inLanguage":"es-ES","@id":"https:\/\/www.miomiorun.com\/es\/producto\/cep-sleeves-ultralight-pro-mujer\/#primaryimage","url":"https:\/\/www.miomiorun.com\/app\/uploads\/2021\/06\/cep-Sleeves-ultralight-Pro-WS40IQ.jpg","contentUrl":"https:\/\/www.miomiorun.com\/app\/uploads\/2021\/06\/cep-Sleeves-ultralight-Pro-WS40IQ.jpg","width":600,"height":600,"caption":"cep sleeves ultralight pro donna"},{"@type":"BreadcrumbList","@id":"https:\/\/www.miomiorun.com\/es\/producto\/cep-sleeves-ultralight-pro-mujer\/#breadcrumb","itemListElement":[{"@type":"ListItem","position":1,"name":"Home","item":"https:\/\/www.miomiorun.com\/es\/"},{"@type":"ListItem","position":2,"name":"Shop","item":"https:\/\/www.miomiorun.com\/shop\/"},{"@type":"ListItem","position":3,"name":"Sleeves Ultralight Pro mujer"}]},{"@type":"WebSite","@id":"https:\/\/www.miomiorun.com\/es\/#website","url":"https:\/\/www.miomiorun.com\/es\/","name":"MioMioRun","description":"Tienda 100% running y trail","publisher":{"@id":"https:\/\/www.miomiorun.com\/es\/#organization"},"potentialAction":[{"@type":"SearchAction","target":{"@type":"EntryPoint","urlTemplate":"https:\/\/www.miomiorun.com\/es\/?s={search_term_string}"},"query-input":{"@type":"PropertyValueSpecification","valueRequired":true,"valueName":"search_term_string"}}],"inLanguage":"es-ES"},{"@type":"Organization","@id":"https:\/\/www.miomiorun.com\/es\/#organization","name":"MioMio Run","url":"https:\/\/www.miomiorun.com\/es\/","logo":{"@type":"ImageObject","inLanguage":"es-ES","@id":"https:\/\/www.miomiorun.com\/es\/#\/schema\/logo\/image\/","url":"https:\/\/www.miomiorun.com\/app\/uploads\/2019\/12\/logomio.png","contentUrl":"https:\/\/www.miomiorun.com\/app\/uploads\/2019\/12\/logomio.png","width":115,"height":82,"caption":"MioMio Run"},"image":{"@id":"https:\/\/www.miomiorun.com\/es\/#\/schema\/logo\/image\/"},"sameAs":["https:\/\/www.facebook.com\/miomiorun\/","https:\/\/www.instagram.com\/miomiorun\/"]}]}},"_links":{"self":[{"href":"https:\/\/www.miomiorun.com\/es\/wp-json\/wp\/v2\/product\/278191","targetHints":{"allow":["GET"]}}],"collection":[{"href":"https:\/\/www.miomiorun.com\/es\/wp-json\/wp\/v2\/product"}],"about":[{"href":"https:\/\/www.miomiorun.com\/es\/wp-json\/wp\/v2\/types\/product"}],"wp:featuredmedia":[{"embeddable":true,"href":"https:\/\/www.miomiorun.com\/es\/wp-json\/wp\/v2\/media\/232398"}],"wp:attachment":[{"href":"https:\/\/www.miomiorun.com\/es\/wp-json\/wp\/v2\/media?parent=278191"}],"wp:term":[{"taxonomy":"product_brand","embeddable":true,"href":"https:\/\/www.miomiorun.com\/es\/wp-json\/wp\/v2\/product_brand?post=278191"},{"taxonomy":"product_cat","embeddable":true,"href":"https:\/\/www.miomiorun.com\/es\/wp-json\/wp\/v2\/product_cat?post=278191"},{"taxonomy":"product_tag","embeddable":true,"href":"https:\/\/www.miomiorun.com\/es\/wp-json\/wp\/v2\/product_tag?post=278191"}],"curies":[{"name":"wp","href":"https:\/\/api.w.org\/{rel}","templated":true}]}}