{"id":278172,"date":"2021-06-11T10:27:05","date_gmt":"2021-06-11T08:27:05","guid":{"rendered":"https:\/\/miomiorun.com\/prodotto\/cep-short-socks-ultralight-donna\/"},"modified":"2026-04-30T11:59:18","modified_gmt":"2026-04-30T09:59:18","slug":"cep-short-socks-ultralight-mujer","status":"publish","type":"product","link":"https:\/\/www.miomiorun.com\/es\/producto\/cep-short-socks-ultralight-mujer\/","title":{"rendered":"Short Socks Ultralight mujer"},"content":{"rendered":"<p>\u00bfPor qu\u00e9 renunciar a las ventajas de los calcetines de compresi\u00f3n en los d\u00edas calurosos? Los calcetines cortos Ultralight para hombre te ofrecen una tecnolog\u00eda innovadora y convencen por su comodidad perfecta. Cuando busques batir nuevos r\u00e9cords personales, aprovecha la compresi\u00f3n medi, que activa y estabiliza, y disfruta de una sensaci\u00f3n veraniega gracias al tejido extremadamente ligero y transpirable de este modelo corto.<\/p>\n<h3>Mayor rendimiento y menos riesgo de lesiones gracias a la compresi\u00f3n medi<\/h3>\n<p>Ya sea para correr, montar en bicicleta o practicar otros deportes: los calcetines cortos Ultralight para hombre te ayudan a sacar el m\u00e1ximo partido a tu potencial. Gracias a la innovadora compresi\u00f3n medi, desarrollas el potencial del pie de forma \u00f3ptima, <strong>aumentando el rendimiento y la resistencia.<\/strong>\u00a0El efecto compresivo reduce el riesgo de lesiones,\u00a0<strong>estabilizando la zona del pie y el tobillo.<\/strong><\/p>\n<h3>El ajuste preciso y ce\u00f1ido reduce la fricci\u00f3n y la aparici\u00f3n de ampollas<\/h3>\n<p>Los calcetines deportivos demasiado holgados provocan rozaduras y la aparici\u00f3n de ampollas, \u00a1pero no los Ultralight Short Socks! Su eficacia se debe a la <strong>mezcla espec\u00edfica y ultraligera de materiales, combinada con un ajuste ce\u00f1ido<\/strong>. Los calcetines se mantienen bien ajustados en cualquier situaci\u00f3n: adi\u00f3s a los descansos involuntarios causados por las ampollas.<\/p>\n<h3>Disfruta de una amortiguaci\u00f3n c\u00f3moda gracias al acolchado optimizado<\/h3>\n<p>La comodidad est\u00e1 garantizada con estos\u00a0<strong>calcetines cortos de compresi\u00f3n para hombre,<\/strong>\u00a0que cuentan con zonas acolchadas integradas. El acolchado amortigua los impactos adapt\u00e1ndose a la anatom\u00eda del pie y mejora el ajuste entre el pie y el calzado.<\/p>\n<h3>Caracter\u00edsticas del producto:<\/h3>\n<ul class=\"selling-points\">\n<li>La compresi\u00f3n de los calcetines cortos Ultralight estimula las articulaciones en profundidad, lo que aporta estabilidad. De este modo, se reduce el riesgo de lesiones.<\/li>\n<li>La combinaci\u00f3n de materiales, junto con el corte ajustado, proporciona un ajuste firme y seguro, lo que reduce la fricci\u00f3n y la aparici\u00f3n de ampollas.<\/li>\n<li>Los calcetines cuentan con zonas acolchadas que se adaptan a la anatom\u00eda del pie, para garantizar una amortiguaci\u00f3n c\u00f3moda.<\/li>\n<\/ul>\n<p><strong>Materiales: <\/strong>85 % poliamida, 15 % elastano<\/p>\n","protected":false},"excerpt":{"rendered":"<p>\u00bfPor qu\u00e9 renunciar a las ventajas de los calcetines de compresi\u00f3n en los d\u00edas calurosos? Los calcetines cortos Ultralight para hombre te ofrecen una tecnolog\u00eda innovadora y convencen por su comodidad perfecta. Cuando busques batir nuevos r\u00e9cords personales, aprovecha la compresi\u00f3n medi, que activa y estabiliza, y disfruta de una sensaci\u00f3n veraniega gracias al tejido &hellip; <a href=\"https:\/\/www.miomiorun.com\/es\/producto\/cep-short-socks-ultralight-mujer\/\">Continued<\/a><\/p>\n","protected":false},"featured_media":232408,"template":"","meta":{"_acf_changed":false,"inline_featured_image":false},"product_brand":[],"product_cat":[24400,24401,24402],"product_tag":[23468,23666],"class_list":{"0":"post-278172","1":"product","2":"type-product","3":"status-publish","4":"has-post-thumbnail","6":"product_cat-calcetines","7":"product_cat-ropa-de-mujer","8":"product_cat-mujer","9":"product_tag-cep-es","10":"product_tag-cep-mujer","11":"pa_attivita-caminar","12":"pa_attivita-running-es","13":"pa_colore-short-socks-ultralight-w-black-grey-es","14":"pa_colore-short-socks-ultralight-w-pink-grey-es","15":"pa_marca-cep-es","16":"pa_sesso-mujer","17":"pa_size-34-37-es","18":"pa_size-40-43-es","20":"first","21":"instock","22":"sale","23":"taxable","24":"shipping-taxable","25":"purchasable","26":"product-type-variable","27":"wvs-archive-product-wrapper"},"acf":[],"yoast_head":"<!-- This site is optimized with the Yoast SEO plugin v26.8 - https:\/\/yoast.com\/product\/yoast-seo-wordpress\/ -->\n<title>Cep Short Socks Ultralight mujer -Calcetines de running para mujer- MioMioRun<\/title>\n<meta name=\"description\" content=\"Para correr, montar en bicicleta u otras actividades deportivas: los calcetines cortos Ultralight para mujer te proporcionan sujeci\u00f3n gracias a su innovadora compresi\u00f3n media.\" \/>\n<meta name=\"robots\" content=\"index, follow, max-snippet:-1, max-image-preview:large, max-video-preview:-1\" \/>\n<link rel=\"canonical\" href=\"https:\/\/www.miomiorun.com\/es\/producto\/cep-short-socks-ultralight-mujer\/\" \/>\n<meta property=\"og:locale\" content=\"es_ES\" \/>\n<meta property=\"og:type\" content=\"article\" \/>\n<meta property=\"og:title\" content=\"Cep Short Socks Ultralight mujer -Calcetines de running para mujer- MioMioRun\" \/>\n<meta property=\"og:description\" content=\"Para correr, montar en bicicleta u otras actividades deportivas: los calcetines cortos Ultralight para mujer te proporcionan sujeci\u00f3n gracias a su innovadora compresi\u00f3n media.\" \/>\n<meta property=\"og:url\" content=\"https:\/\/www.miomiorun.com\/es\/producto\/cep-short-socks-ultralight-mujer\/\" \/>\n<meta property=\"og:site_name\" content=\"MioMioRun\" \/>\n<meta property=\"article:publisher\" content=\"https:\/\/www.facebook.com\/miomiorun\/\" \/>\n<meta property=\"article:modified_time\" content=\"2026-04-30T09:59:18+00:00\" \/>\n<meta property=\"og:image\" content=\"https:\/\/www.miomiorun.com\/app\/uploads\/2021\/06\/cep-Short-socks-ultralight-WP4BLY.jpg\" \/>\n\t<meta property=\"og:image:width\" content=\"600\" \/>\n\t<meta property=\"og:image:height\" content=\"600\" \/>\n\t<meta property=\"og:image:type\" content=\"image\/jpeg\" \/>\n<meta name=\"twitter:card\" content=\"summary_large_image\" \/>\n<meta name=\"twitter:label1\" content=\"Est. reading time\" \/>\n\t<meta name=\"twitter:data1\" content=\"2 minutes\" \/>\n<script type=\"application\/ld+json\" class=\"yoast-schema-graph\">{\"@context\":\"https:\/\/schema.org\",\"@graph\":[{\"@type\":\"WebPage\",\"@id\":\"https:\/\/www.miomiorun.com\/es\/producto\/cep-short-socks-ultralight-mujer\/\",\"url\":\"https:\/\/www.miomiorun.com\/es\/producto\/cep-short-socks-ultralight-mujer\/\",\"name\":\"Cep Short Socks Ultralight mujer -Calcetines de running para mujer- MioMioRun\",\"isPartOf\":{\"@id\":\"https:\/\/www.miomiorun.com\/es\/#website\"},\"primaryImageOfPage\":{\"@id\":\"https:\/\/www.miomiorun.com\/es\/producto\/cep-short-socks-ultralight-mujer\/#primaryimage\"},\"image\":{\"@id\":\"https:\/\/www.miomiorun.com\/es\/producto\/cep-short-socks-ultralight-mujer\/#primaryimage\"},\"thumbnailUrl\":\"https:\/\/www.miomiorun.com\/app\/uploads\/2021\/06\/cep-Short-socks-ultralight-WP4BLY.jpg\",\"datePublished\":\"2021-06-11T08:27:05+00:00\",\"dateModified\":\"2026-04-30T09:59:18+00:00\",\"description\":\"Para correr, montar en bicicleta u otras actividades deportivas: los calcetines cortos Ultralight para mujer te proporcionan sujeci\u00f3n gracias a su innovadora compresi\u00f3n media.\",\"breadcrumb\":{\"@id\":\"https:\/\/www.miomiorun.com\/es\/producto\/cep-short-socks-ultralight-mujer\/#breadcrumb\"},\"inLanguage\":\"es-ES\",\"potentialAction\":[{\"@type\":\"ReadAction\",\"target\":[\"https:\/\/www.miomiorun.com\/es\/producto\/cep-short-socks-ultralight-mujer\/\"]}]},{\"@type\":\"ImageObject\",\"inLanguage\":\"es-ES\",\"@id\":\"https:\/\/www.miomiorun.com\/es\/producto\/cep-short-socks-ultralight-mujer\/#primaryimage\",\"url\":\"https:\/\/www.miomiorun.com\/app\/uploads\/2021\/06\/cep-Short-socks-ultralight-WP4BLY.jpg\",\"contentUrl\":\"https:\/\/www.miomiorun.com\/app\/uploads\/2021\/06\/cep-Short-socks-ultralight-WP4BLY.jpg\",\"width\":600,\"height\":600,\"caption\":\"cep short socks ultralight\"},{\"@type\":\"BreadcrumbList\",\"@id\":\"https:\/\/www.miomiorun.com\/es\/producto\/cep-short-socks-ultralight-mujer\/#breadcrumb\",\"itemListElement\":[{\"@type\":\"ListItem\",\"position\":1,\"name\":\"Home\",\"item\":\"https:\/\/www.miomiorun.com\/es\/\"},{\"@type\":\"ListItem\",\"position\":2,\"name\":\"Shop\",\"item\":\"https:\/\/www.miomiorun.com\/shop\/\"},{\"@type\":\"ListItem\",\"position\":3,\"name\":\"Short Socks Ultralight mujer\"}]},{\"@type\":\"WebSite\",\"@id\":\"https:\/\/www.miomiorun.com\/es\/#website\",\"url\":\"https:\/\/www.miomiorun.com\/es\/\",\"name\":\"MioMioRun\",\"description\":\"Tienda 100% running y trail\",\"publisher\":{\"@id\":\"https:\/\/www.miomiorun.com\/es\/#organization\"},\"potentialAction\":[{\"@type\":\"SearchAction\",\"target\":{\"@type\":\"EntryPoint\",\"urlTemplate\":\"https:\/\/www.miomiorun.com\/es\/?s={search_term_string}\"},\"query-input\":{\"@type\":\"PropertyValueSpecification\",\"valueRequired\":true,\"valueName\":\"search_term_string\"}}],\"inLanguage\":\"es-ES\"},{\"@type\":\"Organization\",\"@id\":\"https:\/\/www.miomiorun.com\/es\/#organization\",\"name\":\"MioMio Run\",\"url\":\"https:\/\/www.miomiorun.com\/es\/\",\"logo\":{\"@type\":\"ImageObject\",\"inLanguage\":\"es-ES\",\"@id\":\"https:\/\/www.miomiorun.com\/es\/#\/schema\/logo\/image\/\",\"url\":\"https:\/\/www.miomiorun.com\/app\/uploads\/2019\/12\/logomio.png\",\"contentUrl\":\"https:\/\/www.miomiorun.com\/app\/uploads\/2019\/12\/logomio.png\",\"width\":115,\"height\":82,\"caption\":\"MioMio Run\"},\"image\":{\"@id\":\"https:\/\/www.miomiorun.com\/es\/#\/schema\/logo\/image\/\"},\"sameAs\":[\"https:\/\/www.facebook.com\/miomiorun\/\",\"https:\/\/www.instagram.com\/miomiorun\/\"]}]}<\/script>\n<!-- \/ Yoast SEO plugin. -->","yoast_head_json":{"title":"Cep Short Socks Ultralight mujer -Calcetines de running para mujer- MioMioRun","description":"Para correr, montar en bicicleta u otras actividades deportivas: los calcetines cortos Ultralight para mujer te proporcionan sujeci\u00f3n gracias a su innovadora compresi\u00f3n media.","robots":{"index":"index","follow":"follow","max-snippet":"max-snippet:-1","max-image-preview":"max-image-preview:large","max-video-preview":"max-video-preview:-1"},"canonical":"https:\/\/www.miomiorun.com\/es\/producto\/cep-short-socks-ultralight-mujer\/","og_locale":"es_ES","og_type":"article","og_title":"Cep Short Socks Ultralight mujer -Calcetines de running para mujer- MioMioRun","og_description":"Para correr, montar en bicicleta u otras actividades deportivas: los calcetines cortos Ultralight para mujer te proporcionan sujeci\u00f3n gracias a su innovadora compresi\u00f3n media.","og_url":"https:\/\/www.miomiorun.com\/es\/producto\/cep-short-socks-ultralight-mujer\/","og_site_name":"MioMioRun","article_publisher":"https:\/\/www.facebook.com\/miomiorun\/","article_modified_time":"2026-04-30T09:59:18+00:00","og_image":[{"width":600,"height":600,"url":"https:\/\/www.miomiorun.com\/app\/uploads\/2021\/06\/cep-Short-socks-ultralight-WP4BLY.jpg","type":"image\/jpeg"}],"twitter_card":"summary_large_image","twitter_misc":{"Est. reading time":"2 minutes"},"schema":{"@context":"https:\/\/schema.org","@graph":[{"@type":"WebPage","@id":"https:\/\/www.miomiorun.com\/es\/producto\/cep-short-socks-ultralight-mujer\/","url":"https:\/\/www.miomiorun.com\/es\/producto\/cep-short-socks-ultralight-mujer\/","name":"Cep Short Socks Ultralight mujer -Calcetines de running para mujer- MioMioRun","isPartOf":{"@id":"https:\/\/www.miomiorun.com\/es\/#website"},"primaryImageOfPage":{"@id":"https:\/\/www.miomiorun.com\/es\/producto\/cep-short-socks-ultralight-mujer\/#primaryimage"},"image":{"@id":"https:\/\/www.miomiorun.com\/es\/producto\/cep-short-socks-ultralight-mujer\/#primaryimage"},"thumbnailUrl":"https:\/\/www.miomiorun.com\/app\/uploads\/2021\/06\/cep-Short-socks-ultralight-WP4BLY.jpg","datePublished":"2021-06-11T08:27:05+00:00","dateModified":"2026-04-30T09:59:18+00:00","description":"Para correr, montar en bicicleta u otras actividades deportivas: los calcetines cortos Ultralight para mujer te proporcionan sujeci\u00f3n gracias a su innovadora compresi\u00f3n media.","breadcrumb":{"@id":"https:\/\/www.miomiorun.com\/es\/producto\/cep-short-socks-ultralight-mujer\/#breadcrumb"},"inLanguage":"es-ES","potentialAction":[{"@type":"ReadAction","target":["https:\/\/www.miomiorun.com\/es\/producto\/cep-short-socks-ultralight-mujer\/"]}]},{"@type":"ImageObject","inLanguage":"es-ES","@id":"https:\/\/www.miomiorun.com\/es\/producto\/cep-short-socks-ultralight-mujer\/#primaryimage","url":"https:\/\/www.miomiorun.com\/app\/uploads\/2021\/06\/cep-Short-socks-ultralight-WP4BLY.jpg","contentUrl":"https:\/\/www.miomiorun.com\/app\/uploads\/2021\/06\/cep-Short-socks-ultralight-WP4BLY.jpg","width":600,"height":600,"caption":"cep short socks ultralight"},{"@type":"BreadcrumbList","@id":"https:\/\/www.miomiorun.com\/es\/producto\/cep-short-socks-ultralight-mujer\/#breadcrumb","itemListElement":[{"@type":"ListItem","position":1,"name":"Home","item":"https:\/\/www.miomiorun.com\/es\/"},{"@type":"ListItem","position":2,"name":"Shop","item":"https:\/\/www.miomiorun.com\/shop\/"},{"@type":"ListItem","position":3,"name":"Short Socks Ultralight mujer"}]},{"@type":"WebSite","@id":"https:\/\/www.miomiorun.com\/es\/#website","url":"https:\/\/www.miomiorun.com\/es\/","name":"MioMioRun","description":"Tienda 100% running y trail","publisher":{"@id":"https:\/\/www.miomiorun.com\/es\/#organization"},"potentialAction":[{"@type":"SearchAction","target":{"@type":"EntryPoint","urlTemplate":"https:\/\/www.miomiorun.com\/es\/?s={search_term_string}"},"query-input":{"@type":"PropertyValueSpecification","valueRequired":true,"valueName":"search_term_string"}}],"inLanguage":"es-ES"},{"@type":"Organization","@id":"https:\/\/www.miomiorun.com\/es\/#organization","name":"MioMio Run","url":"https:\/\/www.miomiorun.com\/es\/","logo":{"@type":"ImageObject","inLanguage":"es-ES","@id":"https:\/\/www.miomiorun.com\/es\/#\/schema\/logo\/image\/","url":"https:\/\/www.miomiorun.com\/app\/uploads\/2019\/12\/logomio.png","contentUrl":"https:\/\/www.miomiorun.com\/app\/uploads\/2019\/12\/logomio.png","width":115,"height":82,"caption":"MioMio Run"},"image":{"@id":"https:\/\/www.miomiorun.com\/es\/#\/schema\/logo\/image\/"},"sameAs":["https:\/\/www.facebook.com\/miomiorun\/","https:\/\/www.instagram.com\/miomiorun\/"]}]}},"_links":{"self":[{"href":"https:\/\/www.miomiorun.com\/es\/wp-json\/wp\/v2\/product\/278172","targetHints":{"allow":["GET"]}}],"collection":[{"href":"https:\/\/www.miomiorun.com\/es\/wp-json\/wp\/v2\/product"}],"about":[{"href":"https:\/\/www.miomiorun.com\/es\/wp-json\/wp\/v2\/types\/product"}],"wp:featuredmedia":[{"embeddable":true,"href":"https:\/\/www.miomiorun.com\/es\/wp-json\/wp\/v2\/media\/232408"}],"wp:attachment":[{"href":"https:\/\/www.miomiorun.com\/es\/wp-json\/wp\/v2\/media?parent=278172"}],"wp:term":[{"taxonomy":"product_brand","embeddable":true,"href":"https:\/\/www.miomiorun.com\/es\/wp-json\/wp\/v2\/product_brand?post=278172"},{"taxonomy":"product_cat","embeddable":true,"href":"https:\/\/www.miomiorun.com\/es\/wp-json\/wp\/v2\/product_cat?post=278172"},{"taxonomy":"product_tag","embeddable":true,"href":"https:\/\/www.miomiorun.com\/es\/wp-json\/wp\/v2\/product_tag?post=278172"}],"curies":[{"name":"wp","href":"https:\/\/api.w.org\/{rel}","templated":true}]}}